

{"id":17088,"date":"2022-10-28T11:11:55","date_gmt":"2022-10-28T11:11:55","guid":{"rendered":"https:\/\/nutrident.fr\/?page_id=17088"},"modified":"2023-06-13T10:10:30","modified_gmt":"2023-06-13T10:10:30","slug":"cannabis-y-salud-bucoental","status":"publish","type":"page","link":"https:\/\/nutrident.fr\/es\/cannabis-y-salud-bucoental\/","title":{"rendered":"Cannabis: peor que el tabaco para los dientes"},"content":{"rendered":"<div class=\"meta\"><div class=\"meta__users\">    <div class=\"meta__users__reviewed\">\r\n      <p class=\"meta__users__caption\">Contributor:&nbsp;<\/p>\r\n      <div class=\"users\">\r\n        <span class=\"users__user\">\r\n          <a href=\"#\">Dr Abel Jes\u00fas Pederzoli<\/a>\r\n        <\/span>\r\n      <\/div>\r\n    <\/div>\r\n\t<\/div><div class=\"meta__date-modified\">Updated:&nbsp;<span>junio 13, 2023<\/span><\/div><\/div>\n<p>Fumar es malo para los dientes, esto no es una primicia. Sin embargo, los dentistas de la Sociedad Odontol\u00f3gica Belga han trabajado espec\u00edficamente en <strong>el tema del cannabis en combinaci\u00f3n con el tabaco<\/strong>, y han descubierto que fumar porros es a\u00fan m\u00e1s perjudicial para su salud bucodental en general, y para sus dientes en particular. Nutrident.co.uk echa un vistazo al trabajo de estos dentistas para darle m\u00e1s detalles.<\/p>\n\n\n\n<p>Hay que recordar de paso que el consumo de cannabis est\u00e1 prohibido en Francia (lo que no impide que se haya desarrollado en todo el pa\u00eds).<\/p>\n\n\n\n<h2>Se culpa al THC de la mala salud bucodental<\/h2>\n\n\n\n<p>El THC &#8211; tetrahidrocannabinol &#8211; es el ingrediente activo del cannabis y, por tanto, la <strong>sustancia m\u00e1s buscada por los fumadores que desean un subid\u00f3n<\/strong>. Por el contrario, el c\u00e1\u00f1amo, que est\u00e1 autorizado en Francia y que no tiene ning\u00fan efecto psicoactivo, sino s\u00f3lo una sensaci\u00f3n de calma, es muy bajo en THC.<\/p>\n\n\n\n<p>Seg\u00fan las investigaciones realizadas por los dentistas, el THC tiene <strong>una influencia nociva sobre la flora bacteriana bucal<\/strong>. Cuando fuma cannabis, <strong>el THC tiene el efecto de disminuir la producci\u00f3n de saliva<\/strong>. Esto es esencial para la limpieza de los dientes y para mantener un equilibrio perfecto entre las bacterias buenas y malas en la boca.<\/p>\n\n\n\n<p>Menos saliva significa tambi\u00e9n <strong>un aumento de la placa, ya que se vuelve m\u00e1s importante, as\u00ed como m\u00e1s pegajosa<\/strong>. Como resultado, la placa se elimina con menos eficacia.<\/p>\n\n\n\n<p>La falta de saliva se corresponde con el aumento de la caries y de todas las dem\u00e1s infecciones. La gingivitis est\u00e1 aumentando entre los fumadores de cannabis. Tambi\u00e9n hay que tener en cuenta la<strong> nicotina y los alquitranes del tabaco utilizado para liar el porro, ya que se depositar\u00e1n en los dientes<\/strong>. Con un flujo normal de saliva, estas sustancias no se eliminan lo suficiente y manchan los dientes, y sin suficiente saliva, este fen\u00f3meno se acent\u00faa a\u00fan m\u00e1s.<\/p>\n\n\n\n<h2>Efectos secundarios del consumo de cannabis<\/h2>\n\n\n\n<p>Fumar porros te vuelve bastante ap\u00e1tico y los usuarios tienden a dejarse llevar. Por el contrario, deber\u00edan cepillarse m\u00e1s los dientes para compensar la falta de saliva, <strong>a menudo se saltan el cepillo de dientes<\/strong>Este es el momento m\u00e1s importante de la noche, cuando la producci\u00f3n de saliva ya se ha reducido de forma natural.<\/p>\n<div class=\"article-data before-content\"><div class=\"article-data__date\"><div class=\"article-data__date-modified\"><time class=\"published\" datetime=\"2022-10-28T11:11:55+00:00\">This article was originally published on&nbsp;<span class=\"2\">octubre 28, 2022<\/span>&nbsp;and was most recently updated on&nbsp;<span>junio 13, 2023<\/span><\/time><br><\/div><\/div><\/div><div class=\"user-info\">    <div class=\"user-info__body\">\r\n      <div class=\"user-info__caption\"><span>Contributors:<\/span><\/div>\r\n\t\t\t        <div class=\"user-info__wrap \">\r\n          <div class=\"user-info__data\">\r\n            <div class=\"user-info__data__info\">\r\n              <div class=\"photo\">\r\n\t\t\t\t\t\t\t\t<img width=\"66\" height=\"61\" src=\"https:\/\/nutrident.fr\/wp-content\/uploads\/2023\/06\/unnamed-66x61.jpg\" class=\"attachment-profileImageAuthor size-profileImageAuthor wp-post-image\" alt=\"Dr Abel Jes\u00fas Pederzoli\" loading=\"lazy\" srcset=\"https:\/\/nutrident.fr\/wp-content\/uploads\/2023\/06\/unnamed-66x61.jpg 66w, https:\/\/nutrident.fr\/wp-content\/uploads\/2023\/06\/unnamed-300x279.jpg 300w, https:\/\/nutrident.fr\/wp-content\/uploads\/2023\/06\/unnamed-1024x952.jpg 1024w, https:\/\/nutrident.fr\/wp-content\/uploads\/2023\/06\/unnamed-768x714.jpg 768w, https:\/\/nutrident.fr\/wp-content\/uploads\/2023\/06\/unnamed-204x190.jpg 204w, https:\/\/nutrident.fr\/wp-content\/uploads\/2023\/06\/unnamed-120x112.jpg 120w, https:\/\/nutrident.fr\/wp-content\/uploads\/2023\/06\/unnamed.jpg 1125w\" sizes=\"(max-width: 66px) 100vw, 66px\" \/>              <\/div>\r\n              <a href=\"https:\/\/nutrident.fr\/es\/author\/dr-abel-jesus-pederzoli\/\" class=\"name\">Dr Abel Jes\u00fas Pederzoli<\/a>\r\n            <\/div>\r\n            <div class=\"user-info__data__social\">\r\n\t\t\t\t\t\t\t\t\t\t\t\t\t\t\t\t\t\t\t\t\t          <a href=\"https:\/\/clinicaleixample.es\/\"\r\n             class=\"soc-item website\">website<\/a>\r\n\t\t\t\t          <a href=\"http:\/\/linkedin.com\/in\/abel-jes%C3%BAs-pederzoli\"\r\n             class=\"soc-item linkedin\">linkedin<\/a>\r\n\t\t\t\t            <\/div>\r\n          <\/div>\r\n          <div class=\"user-info__description\">\r\n\t\t\t\t\t\t\t\t\t\t\t\t\t<p>Con t\u00edtulos obtenidos en la Facultad de Odontolog\u00eda de la Universidad Nacional de La Plata y una participaci\u00f3n activa en congresos y jornadas, el Dr. Pederzoli se mantiene actualizado en las \u00faltimas t\u00e9cnicas y avances en odontolog\u00eda. Actualmente se encuentra desarrollando un proyecto de consultor\u00eda tecnol\u00f3gica aplicada a cl\u00ednicas dentales.<\/p>\n\t\t\t\t\t\t          <\/div>\r\n        <\/div>\r\n\t\t\t\t    <\/div>\r\n\t<\/div>","protected":false},"excerpt":{"rendered":"<p>Contributor:&nbsp; Dr Abel Jes\u00fas Pederzoli Updated:&nbsp;junio 13, 2023 Fumar es malo para los dientes, esto no es una primicia. Sin embargo, los dentistas de la Sociedad Odontol\u00f3gica Belga han trabajado espec\u00edficamente en el tema del cannabis en combinaci\u00f3n con el tabaco, y han descubierto que fumar porros es a\u00fan m\u00e1s perjudicial para su salud bucodental [&hellip;]<\/p>\n","protected":false},"author":2,"featured_media":17089,"parent":0,"menu_order":0,"comment_status":"open","ping_status":"open","template":"","meta":{"inline_featured_image":false},"acf":[],"_links":{"self":[{"href":"https:\/\/nutrident.fr\/es\/wp-json\/wp\/v2\/pages\/17088"}],"collection":[{"href":"https:\/\/nutrident.fr\/es\/wp-json\/wp\/v2\/pages"}],"about":[{"href":"https:\/\/nutrident.fr\/es\/wp-json\/wp\/v2\/types\/page"}],"author":[{"embeddable":true,"href":"https:\/\/nutrident.fr\/es\/wp-json\/wp\/v2\/users\/2"}],"replies":[{"embeddable":true,"href":"https:\/\/nutrident.fr\/es\/wp-json\/wp\/v2\/comments?post=17088"}],"version-history":[{"count":5,"href":"https:\/\/nutrident.fr\/es\/wp-json\/wp\/v2\/pages\/17088\/revisions"}],"predecessor-version":[{"id":21784,"href":"https:\/\/nutrident.fr\/es\/wp-json\/wp\/v2\/pages\/17088\/revisions\/21784"}],"wp:featuredmedia":[{"embeddable":true,"href":"https:\/\/nutrident.fr\/es\/wp-json\/wp\/v2\/media\/17089"}],"wp:attachment":[{"href":"https:\/\/nutrident.fr\/es\/wp-json\/wp\/v2\/media?parent=17088"}],"curies":[{"name":"wp","href":"https:\/\/api.w.org\/{rel}","templated":true}]}}