

{"id":17092,"date":"2022-10-28T10:28:50","date_gmt":"2022-10-28T10:28:50","guid":{"rendered":"https:\/\/nutrident.fr\/?page_id=17092"},"modified":"2023-06-13T11:12:03","modified_gmt":"2023-06-13T11:12:03","slug":"extraccion-de-dientes","status":"publish","type":"page","link":"https:\/\/nutrident.fr\/es\/extraccion-de-dientes\/","title":{"rendered":"Extracci\u00f3n de dientes: por qu\u00e9, cu\u00e1nto y c\u00f3mo funciona"},"content":{"rendered":"<div class=\"meta\"><div class=\"meta__users\">    <div class=\"meta__users__reviewed\">\r\n      <p class=\"meta__users__caption\">Contributor:&nbsp;<\/p>\r\n      <div class=\"users\">\r\n        <span class=\"users__user\">\r\n          <a href=\"#\">Dr Abel Jes\u00fas Pederzoli<\/a>\r\n        <\/span>\r\n      <\/div>\r\n    <\/div>\r\n\t<\/div><div class=\"meta__date-modified\">Updated:&nbsp;<span>junio 13, 2023<\/span><\/div><\/div><p>Los dentistas siempre hacen lo posible por mantener los dientes vivos, pero cuando uno de ellos est\u00e1 realmente da\u00f1ado, no tienen m\u00e1s remedio que desvitalizarlo. Esto lo insensibilizar\u00e1 y eliminar\u00e1 cualquier dolor. A continuaci\u00f3n se puede cortar para formar la base de una pr\u00f3tesis, como una corona.<\/p>\n<p><a href=\"https:\/\/nutrident.fr\/es\/\">Nutrident.es<\/a> explica c\u00f3mo el cirujano dental procede a la desvitalizaci\u00f3n.<\/p>\n<div id=\"ez-toc-container\" class=\"ez-toc-v2_0_33_2 counter-hierarchy ez-toc-counter ez-toc-white ez-toc-container-direction\">\n<div class=\"ez-toc-title-container\">\n<p class=\"ez-toc-title\">Contenus<\/p>\n<span class=\"ez-toc-title-toggle\"><a href=\"#\" class=\"ez-toc-pull-right ez-toc-btn ez-toc-btn-xs ez-toc-btn-default ez-toc-toggle\" style=\"display: none;\"><label for=\"item\" aria-label=\"Tabla de contenidos\"><i class=\"ez-toc-glyphicon ez-toc-icon-toggle\"><\/i><\/label><input type=\"checkbox\" id=\"item\"><\/a><\/span><\/div>\n<nav><ul class='ez-toc-list ez-toc-list-level-1'><li class='ez-toc-page-1 ez-toc-heading-level-2'><a class=\"ez-toc-link ez-toc-heading-1\" href=\"https:\/\/nutrident.fr\/es\/extraccion-de-dientes\/#%C2%BFQue_es_una_endodoncia\" title=\"\u00bfQu\u00e9 es una endodoncia?\">\u00bfQu\u00e9 es una endodoncia?<\/a><\/li><li class='ez-toc-page-1 ez-toc-heading-level-2'><a class=\"ez-toc-link ez-toc-heading-2\" href=\"https:\/\/nutrident.fr\/es\/extraccion-de-dientes\/#Por_que_desvitalizar_un_diente\" title=\"Por qu\u00e9 desvitalizar un diente\">Por qu\u00e9 desvitalizar un diente<\/a><\/li><li class='ez-toc-page-1 ez-toc-heading-level-2'><a class=\"ez-toc-link ez-toc-heading-3\" href=\"https:\/\/nutrident.fr\/es\/extraccion-de-dientes\/#Como_se_realiza_la_endodoncia\" title=\"C\u00f3mo se realiza la endodoncia\">C\u00f3mo se realiza la endodoncia<\/a><\/li><li class='ez-toc-page-1 ez-toc-heading-level-2'><a class=\"ez-toc-link ez-toc-heading-4\" href=\"https:\/\/nutrident.fr\/es\/extraccion-de-dientes\/#%C2%BFCuanto_cuesta_una_endodoncia\" title=\"\u00bfCu\u00e1nto cuesta una endodoncia?\">\u00bfCu\u00e1nto cuesta una endodoncia?<\/a><\/li><\/ul><\/nav><\/div>\n<h2><span class=\"ez-toc-section\" id=\"%C2%BFQue_es_una_endodoncia\"><\/span>\u00bfQu\u00e9 es una endodoncia?<span class=\"ez-toc-section-end\"><\/span><\/h2>\n<p>Para desvitalizar un diente, el dentista interviene en el conducto radicular para eliminar las terminaciones nerviosas y vasculares del tejido pulpar que lo inervan. Estos son el origen de la sensibilidad del diente; una vez eliminados, el diente se vuelve insensible.<\/p>\n<p>Todos los dientes pueden ser desvitalizados, <strong>tras una anestesia<\/strong> local para evitar el dolor al paciente.<\/p>\n<h2><span class=\"ez-toc-section\" id=\"Por_que_desvitalizar_un_diente\"><\/span>Por qu\u00e9 desvitalizar un diente<span class=\"ez-toc-section-end\"><\/span><\/h2>\n<p>Hay que desvitalizar un diente cuando su nervio ha sido da\u00f1ado, ya sea como resultado de un impacto o porque el diente est\u00e1 demasiado estropeado y ya no puede ser tratado con una simple amalgama.<\/p>\n<p>En caso de accidente, un diente puede romperse y la pulpa en su coraz\u00f3n, que es su parte viva, puede quedar expuesta. Si una <a class=\"wpil_keyword_link\" href=\"https:\/\/nutrident.fr\/es\/caries-y-dieta\/\" title=\"caries\" data-wpil-keyword-link=\"linked\">caries<\/a> no se trata a tiempo, la infecci\u00f3n, despu\u00e9s de haber carcomido el esmalte y luego la dentina, llega a la pulpa.<\/p>\n<p>Tambi\u00e9n puede sufrir una <strong>insuficiencia <a class=\"wpil_keyword_link\" href=\"https:\/\/nutrident.fr\/es\/esmalte-dental-tratamiento\/\" title=\"Correo electr\u00f3nico\" data-wpil-keyword-link=\"linked\">del esmalte<\/a> dental<\/strong>, que suele ser hereditaria. Esto significa que su esmalte se desgasta prematuramente y su diente se vuelve ultrasensible. Reacciona a todo, al fr\u00edo, al calor, al aire, que es insoportable. Las carillas pueden colocarse para proteger el diente, pero como el diente tambi\u00e9n es m\u00e1s susceptible al ataque bacteriano, a menudo acaba desvitaliz\u00e1ndose porque est\u00e1 demasiado cariado.<\/p>\n<p>En todos los casos, el dolor es insoportable y la infecci\u00f3n es inevitable. La desvitalizaci\u00f3n es la \u00fanica salida. <strong>Detiene cualquier proliferaci\u00f3n de bacterias<\/strong> que puedan anidar en la ra\u00edz y formar un absceso.<\/p>\n<p>Una endodoncia es permanente. Debe hacerse correctamente, pues de lo contrario la parte viva que queda podr\u00eda generar peque\u00f1os abscesos en forma de granulomas, lo que supondr\u00eda repetir el tratamiento.<\/p>\n<h2><span class=\"ez-toc-section\" id=\"Como_se_realiza_la_endodoncia\"><\/span>C\u00f3mo se realiza la endodoncia<span class=\"ez-toc-section-end\"><\/span><\/h2>\n<p>Durante una operaci\u00f3n de endodoncia, el dentista siempre comienza con una anestesia local para asegurarse de que no sentir\u00e1 ning\u00fan dolor.<\/p>\n<p>El dentista elimina las amalgamas y las zonas cariadas, seg\u00fan el estado de su diente. A continuaci\u00f3n, la recortar\u00e1 para acceder a su n\u00facleo y al conducto radicular que lleva a la ra\u00edz. El profesional evacua el diente para eliminar todas las partes vivas: pulpa, ra\u00edz y nervio.<\/p>\n<p>A continuaci\u00f3n hay que desinfectar todo a fondo, antes de realizar un empaste herm\u00e9tico para proteger el diente de la invasi\u00f3n bacteriana. Se utiliza una radiograf\u00eda para comprobar que <strong>el trabajo est\u00e1 perfectamente limpio y que el conducto radicular est\u00e1 completo<\/strong>.<\/p>\n<p>La endodoncia se realiza normalmente en una sola sesi\u00f3n. Cuando la parte anestesiada de su mand\u00edbula se despierte en las horas siguientes, puede sentir algo de dolor.<\/p>\n<p>Ya no es su diente, pues ya no tiene terminaciones nerviosas, pero el tejido que lo rodea puede haber sido da\u00f1ado durante la operaci\u00f3n. Una pastilla de paracetamol detendr\u00e1 r\u00e1pidamente el dolor. Si el dolor persiste al d\u00eda siguiente, deber\u00e1 concertar otra cita con su dentista, ya que no es normal.<\/p>\n<p>Tambi\u00e9n puede sufrir algunos dolores de cabeza que deber\u00edan pasar r\u00e1pidamente.<\/p>\n<p><iframe title=\"D\u00e9vitalisation - 2 minutes pour comprendre - Jean Claude durousseaud\" width=\"500\" height=\"281\" src=\"https:\/\/www.youtube.com\/embed\/48MxUq9RJao?feature=oembed\" frameborder=\"0\" allow=\"accelerometer; autoplay; clipboard-write; encrypted-media; gyroscope; picture-in-picture\" allowfullscreen><\/iframe><\/p>\n<h3>La colocaci\u00f3n de una pr\u00f3tesis<\/h3>\n<p>La desvitalizaci\u00f3n de un diente suele ir seguida de la colocaci\u00f3n de una pr\u00f3tesis. Esto ayuda a restaurar los dientes normales. Normalmente se trata de una corona, con o sin poste, dependiendo de lo que quede de su diente natural.<\/p>\n<p>Necesitar\u00e1 una o dos sesiones m\u00e1s para tomar su impresi\u00f3n (si no se ha hecho antes) y para colocar la corona.<\/p>\n<h2><span class=\"ez-toc-section\" id=\"%C2%BFCuanto_cuesta_una_endodoncia\"><\/span>\u00bfCu\u00e1nto cuesta una endodoncia?<span class=\"ez-toc-section-end\"><\/span><\/h2>\n<p>El coste de una endodoncia est\u00e1 cubierto por el seguro m\u00e9dico en un 70% de la tarifa b\u00e1sica. Dependiendo del diente que necesite una endodoncia, el precio es diferente:<\/p>\n<ul>\n<li>incisivo o canino : 33,74 \u20ac, reembolsado 23,61 \u20ac;<\/li>\n<li>premolar: 48,20 euros, reembolsados 33,74 euros;<\/li>\n<li>molar: 81,94 \u20ac, reembolsado 57,35 \u20ac.<\/li>\n<\/ul>\n<p>Muchos dentistas cobran m\u00e1s de lo que deber\u00edan. Por lo tanto, deber\u00eda pedir un presupuesto y enviarlo a su mutua complementaria para saber lo que tendr\u00e1 que pagar.<\/p>\n<p>El precio del tratamiento de conductos <strong>suele ser razonable<\/strong>, pero es en el caso de las pr\u00f3tesis dentales donde los costes pueden dispararse. Por lo tanto, debe incluir en su presupuesto todos los cuidados: la endodoncia, la toma de impresiones, la confecci\u00f3n de la pr\u00f3tesis, la colocaci\u00f3n y todas las consultas necesarias.<\/p>\n<p><strong><span style=\"text-decoration: underline;\">Para m\u00e1s informaci\u00f3n<\/span><\/strong><\/p>\n<p><a href=\"https:\/\/nutrident.fr\/es\/coronas-dentales\/\">Coronas dentales: precios y tratamientos<\/a><\/p>\n<p><a href=\"https:\/\/nutrident.fr\/es\/dentista-de-urgencias\/\">\u00bfQu\u00e9 hacer en caso de emergencia dental?<\/a><\/p>\n<p><a href=\"https:\/\/nutrident.fr\/es\/kits-dentales-de-emergencia\/\">Los mejores kits dentales de emergencia<\/a><\/p>\n<p><a href=\"https:\/\/nutrident.fr\/es\/perno-dental\/\">El n\u00facleo de la incrustaci\u00f3n<\/a><\/p>\n<p><a href=\"https:\/\/nutrident.fr\/es\/ferulas-dentales-antibruxismo\/\">Comparaci\u00f3n de las bandejas contra el bruxismo<\/a><\/p>\n<p><a href=\"https:\/\/nutrident.fr\/es\/ferula-dental-precios-tratamientos-y-opiniones\/\">Gu\u00eda de bandejas dentales<\/a><\/p>\n<p><a href=\"https:\/\/nutrident.fr\/es\/diente-roto\/\">Diente roto: c\u00f3mo tratarlo<\/a><\/p>\n<p><a href=\"https:\/\/nutrident.fr\/es\/dentaduras-postizas-fijas-y-removibles\/\">Pr\u00f3tesis dentales removibles<\/a><\/p>\n<div class=\"article-data before-content\"><div class=\"article-data__date\"><div class=\"article-data__date-modified\"><time class=\"published\" datetime=\"2022-10-28T10:28:50+00:00\">This article was originally published on&nbsp;<span class=\"2\">octubre 28, 2022<\/span>&nbsp;and was most recently updated on&nbsp;<span>junio 13, 2023<\/span><\/time><br><\/div><\/div><\/div><div class=\"user-info\">    <div class=\"user-info__body\">\r\n      <div class=\"user-info__caption\"><span>Contributors:<\/span><\/div>\r\n\t\t\t        <div class=\"user-info__wrap \">\r\n          <div class=\"user-info__data\">\r\n            <div class=\"user-info__data__info\">\r\n              <div class=\"photo\">\r\n\t\t\t\t\t\t\t\t<img width=\"66\" height=\"61\" src=\"https:\/\/nutrident.fr\/wp-content\/uploads\/2023\/06\/unnamed-66x61.jpg\" class=\"attachment-profileImageAuthor size-profileImageAuthor wp-post-image\" alt=\"Dr Abel Jes\u00fas Pederzoli\" loading=\"lazy\" srcset=\"https:\/\/nutrident.fr\/wp-content\/uploads\/2023\/06\/unnamed-66x61.jpg 66w, https:\/\/nutrident.fr\/wp-content\/uploads\/2023\/06\/unnamed-300x279.jpg 300w, https:\/\/nutrident.fr\/wp-content\/uploads\/2023\/06\/unnamed-1024x952.jpg 1024w, https:\/\/nutrident.fr\/wp-content\/uploads\/2023\/06\/unnamed-768x714.jpg 768w, https:\/\/nutrident.fr\/wp-content\/uploads\/2023\/06\/unnamed-204x190.jpg 204w, https:\/\/nutrident.fr\/wp-content\/uploads\/2023\/06\/unnamed-120x112.jpg 120w, https:\/\/nutrident.fr\/wp-content\/uploads\/2023\/06\/unnamed.jpg 1125w\" sizes=\"(max-width: 66px) 100vw, 66px\" \/>              <\/div>\r\n              <a href=\"https:\/\/nutrident.fr\/es\/author\/dr-abel-jesus-pederzoli\/\" class=\"name\">Dr Abel Jes\u00fas Pederzoli<\/a>\r\n            <\/div>\r\n            <div class=\"user-info__data__social\">\r\n\t\t\t\t\t\t\t\t\t\t\t\t\t\t\t\t\t\t\t\t\t          <a href=\"https:\/\/clinicaleixample.es\/\"\r\n             class=\"soc-item website\">website<\/a>\r\n\t\t\t\t          <a href=\"http:\/\/linkedin.com\/in\/abel-jes%C3%BAs-pederzoli\"\r\n             class=\"soc-item linkedin\">linkedin<\/a>\r\n\t\t\t\t            <\/div>\r\n          <\/div>\r\n          <div class=\"user-info__description\">\r\n\t\t\t\t\t\t\t\t\t\t\t\t\t<p>Con t\u00edtulos obtenidos en la Facultad de Odontolog\u00eda de la Universidad Nacional de La Plata y una participaci\u00f3n activa en congresos y jornadas, el Dr. Pederzoli se mantiene actualizado en las \u00faltimas t\u00e9cnicas y avances en odontolog\u00eda. Actualmente se encuentra desarrollando un proyecto de consultor\u00eda tecnol\u00f3gica aplicada a cl\u00ednicas dentales.<\/p>\n\t\t\t\t\t\t          <\/div>\r\n        <\/div>\r\n\t\t\t\t    <\/div>\r\n\t<\/div>","protected":false},"excerpt":{"rendered":"<p>Contributor:&nbsp; Dr Abel Jes\u00fas Pederzoli Updated:&nbsp;junio 13, 2023Los dentistas siempre hacen lo posible por mantener los dientes vivos, pero cuando uno de ellos est\u00e1 realmente da\u00f1ado, no tienen m\u00e1s remedio que desvitalizarlo. Esto lo insensibilizar\u00e1 y eliminar\u00e1 cualquier dolor. A continuaci\u00f3n se puede cortar para formar la base de una pr\u00f3tesis, como una corona. Nutrident.es [&hellip;]<\/p>\n","protected":false},"author":2,"featured_media":17094,"parent":0,"menu_order":0,"comment_status":"open","ping_status":"open","template":"","meta":{"inline_featured_image":false},"acf":[],"_links":{"self":[{"href":"https:\/\/nutrident.fr\/es\/wp-json\/wp\/v2\/pages\/17092"}],"collection":[{"href":"https:\/\/nutrident.fr\/es\/wp-json\/wp\/v2\/pages"}],"about":[{"href":"https:\/\/nutrident.fr\/es\/wp-json\/wp\/v2\/types\/page"}],"author":[{"embeddable":true,"href":"https:\/\/nutrident.fr\/es\/wp-json\/wp\/v2\/users\/2"}],"replies":[{"embeddable":true,"href":"https:\/\/nutrident.fr\/es\/wp-json\/wp\/v2\/comments?post=17092"}],"version-history":[{"count":5,"href":"https:\/\/nutrident.fr\/es\/wp-json\/wp\/v2\/pages\/17092\/revisions"}],"predecessor-version":[{"id":22056,"href":"https:\/\/nutrident.fr\/es\/wp-json\/wp\/v2\/pages\/17092\/revisions\/22056"}],"wp:featuredmedia":[{"embeddable":true,"href":"https:\/\/nutrident.fr\/es\/wp-json\/wp\/v2\/media\/17094"}],"wp:attachment":[{"href":"https:\/\/nutrident.fr\/es\/wp-json\/wp\/v2\/media?parent=17092"}],"curies":[{"name":"wp","href":"https:\/\/api.w.org\/{rel}","templated":true}]}}