

{"id":17098,"date":"2022-10-28T10:10:01","date_gmt":"2022-10-28T10:10:01","guid":{"rendered":"https:\/\/nutrident.fr\/?page_id=17098"},"modified":"2023-06-13T10:28:02","modified_gmt":"2023-06-13T10:28:02","slug":"kit-de-blanqueamiento-whitecare","status":"publish","type":"page","link":"https:\/\/nutrident.fr\/es\/kit-de-blanqueamiento-whitecare\/","title":{"rendered":"Revisi\u00f3n del kit de blanqueamiento WhiteCare"},"content":{"rendered":"<div class=\"meta\"><div class=\"meta__users\">    <div class=\"meta__users__reviewed\">\r\n      <p class=\"meta__users__caption\">Contributor:&nbsp;<\/p>\r\n      <div class=\"users\">\r\n        <span class=\"users__user\">\r\n          <a href=\"#\">Dr Abel Jes\u00fas Pederzoli<\/a>\r\n        <\/span>\r\n      <\/div>\r\n    <\/div>\r\n\t<\/div><div class=\"meta__date-modified\">Updated:&nbsp;<span>junio 13, 2023<\/span><\/div><\/div>\n<p>Nutrident est\u00e1 financiado por sus lectores. Cuando compras en nuestro sitio, a veces ganamos comisiones de afiliaci\u00f3n que no suponen ning\u00fan coste para ti. <a href=\"https:\/\/nutrident.fr\/es\/?page_id=17059\" rel=\"noindex, nofollow\">Lea m\u00e1s.<\/a><\/p>\n\n\n\n<p>Con el tiempo, su sonrisa perder\u00e1 su brillo. Esto se debe al envejecimiento, que es natural, as\u00ed como a su estilo de vida y a su dieta. Sin embargo, gracias a los <a href=\"https:\/\/nutrident.fr\/es\/blanqueamiento-profesional\/kit-blanqueador-dental\/\" target=\"_blank\" rel=\"noreferrer noopener\">kits de blanqueamiento<\/a> disponibles actualmente en el mercado, no tiene que resignarse. Nutrident.es le ofrece hoy la prueba del kit de blanqueamiento dental m\u00e1s completo del mercado: <strong>Whitecare Box<\/strong>.<\/p>\n\n\n\n<div id=\"ez-toc-container\" class=\"ez-toc-v2_0_33_2 counter-hierarchy ez-toc-counter ez-toc-white ez-toc-container-direction\">\n<div class=\"ez-toc-title-container\">\n<p class=\"ez-toc-title\">Contenus<\/p>\n<span class=\"ez-toc-title-toggle\"><a href=\"#\" class=\"ez-toc-pull-right ez-toc-btn ez-toc-btn-xs ez-toc-btn-default ez-toc-toggle\" style=\"display: none;\"><label for=\"item\" aria-label=\"Tabla de contenidos\"><i class=\"ez-toc-glyphicon ez-toc-icon-toggle\"><\/i><\/label><input type=\"checkbox\" id=\"item\"><\/a><\/span><\/div>\n<nav><ul class='ez-toc-list ez-toc-list-level-1'><li class='ez-toc-page-1 ez-toc-heading-level-2'><a class=\"ez-toc-link ez-toc-heading-1\" href=\"https:\/\/nutrident.fr\/es\/kit-de-blanqueamiento-whitecare\/#%C2%BFPor_que_blanquear_los_dientes\" title=\"\u00bfPor qu\u00e9 blanquear los dientes?\">\u00bfPor qu\u00e9 blanquear los dientes?<\/a><\/li><li class='ez-toc-page-1 ez-toc-heading-level-2'><a class=\"ez-toc-link ez-toc-heading-2\" href=\"https:\/\/nutrident.fr\/es\/kit-de-blanqueamiento-whitecare\/#%C2%BFComo_funciona_Whitecare\" title=\"\u00bfC\u00f3mo funciona Whitecare?\">\u00bfC\u00f3mo funciona Whitecare?<\/a><\/li><li class='ez-toc-page-1 ez-toc-heading-level-2'><a class=\"ez-toc-link ez-toc-heading-3\" href=\"https:\/\/nutrident.fr\/es\/kit-de-blanqueamiento-whitecare\/#La_composicion_del_kit_de_blanqueamiento_dental_Whitecare_Box\" title=\"La composici\u00f3n del kit de blanqueamiento dental Whitecare Box\">La composici\u00f3n del kit de blanqueamiento dental Whitecare Box<\/a><\/li><li class='ez-toc-page-1 ez-toc-heading-level-2'><a class=\"ez-toc-link ez-toc-heading-4\" href=\"https:\/\/nutrident.fr\/es\/kit-de-blanqueamiento-whitecare\/#Kit_de_blanqueamiento_Whitecare_Instrucciones_de_uso\" title=\"Kit de blanqueamiento Whitecare: Instrucciones de uso\">Kit de blanqueamiento Whitecare: Instrucciones de uso<\/a><\/li><li class='ez-toc-page-1 ez-toc-heading-level-2'><a class=\"ez-toc-link ez-toc-heading-5\" href=\"https:\/\/nutrident.fr\/es\/kit-de-blanqueamiento-whitecare\/#Nuestra_opinion_sobre_Whitecare\" title=\"Nuestra opini\u00f3n sobre Whitecare  \">Nuestra opini\u00f3n sobre Whitecare  <\/a><\/li><\/ul><\/nav><\/div>\n<h2><span class=\"ez-toc-section\" id=\"%C2%BFPor_que_blanquear_los_dientes\"><\/span>\u00bfPor qu\u00e9 blanquear los dientes?<span class=\"ez-toc-section-end\"><\/span><\/h2>\n\n\n\n<p>Es perfectamente normal que sus dientes se vuelvan opacos o incluso <a href=\"https:\/\/nutrident.fr\/es\/?page_id=16902\">amarillos<\/a> con el tiempo. Este fen\u00f3meno se ve amplificado por ciertos comportamientos, como tomar caf\u00e9 o t\u00e9, comer alimentos con alto poder colorante o fumar.<\/p>\n\n\n\n<p>El kit de blanqueamiento dental<strong> Whitecare Box<\/strong> se basa en el concepto de los m\u00e9todos utilizados en las consultas dentales, pero a un precio menor. Se trata de te\u00f1ir los dientes en la masa y no aplicar un agente blanqueador en la superficie. Sin embargo, tenga en cuenta que sus dientes no pueden volverse m\u00e1s blancos de lo que eran originalmente.  <\/p>\n\n\n\n<h3>El blanqueamiento dental de moda<\/h3>\n\n\n\n<p>Adem\u00e1s de Whitecare, muchas marcas han desarrollado productos para blanquear los dientes. Con el kit Meawhite, se requieren dos cursos de tratamiento de 10 d\u00edas para lograr resultados. El <a href=\"https:\/\/nutrident.fr\/es\/kit-de-blanqueamiento-floradyle\/\">kit de blanqueamiento Floradyle <\/a>le permite recuperar un color blanco m\u00e1s acorde con sus deseos realizando una sesi\u00f3n de 25 minutos al d\u00eda. Por \u00faltimo, el <a href=\"https:\/\/nutrident.fr\/es\/blanqueamiento-profesional\/kit-blanqueador-dental\/smile-avenue\/\">kit de blanqueamiento dental de Smile<\/a> Avenue es sin duda el m\u00e1s apreciado por los consumidores, ya que este producto es el que m\u00e1s se asemeja a los tratamientos en el consultorio.<\/p>\n\n\n\n<p>El tono de los dientes de cada uno es personal y forma parte de su herencia <a href=\"https:\/\/nutrident.fr\/es\/salud-bucodental-y-genetica\/\">gen\u00e9tica<\/a>. El blanqueamiento le permite recuperar un tono cercano al que ten\u00eda de ni\u00f1o, cuando le crecieron los dientes permanentes.<\/p>\n\n\n\n<p>Por otro lado, el blanqueamiento, independientemente del m\u00e9todo que utilice, l\u00f3gicamente no tiene ning\u00fan efecto sobre <a href=\"https:\/\/nutrident.fr\/es\/dentaduras-postizas-fijas-y-removibles\/\">las pr\u00f3tesis<\/a>, como las carillas o las coronas de cer\u00e1mica o porcelana. S\u00f3lo funciona en dientes naturales.<\/p>\n\n\n\n<p>Por \u00faltimo, antes de cualquier tratamiento, es aconsejable que visite a su dentista para comprobar que no tiene <a href=\"https:\/\/nutrident.fr\/es\/caries-y-dieta\/\">caries<\/a> y que su boca est\u00e1 sana, para no arriesgarse a una reacci\u00f3n con el gel blanqueador.<\/p>\n\n\n\n<h2><span class=\"ez-toc-section\" id=\"%C2%BFComo_funciona_Whitecare\"><\/span>\u00bfC\u00f3mo funciona Whitecare?<span class=\"ez-toc-section-end\"><\/span><\/h2>\n\n\n\n<p>Despu\u00e9s de cepillarse los dientes y limpiarlos con el producto suministrado por Whitecare, aplicar\u00e1 el gel blanqueador dental en la cubeta. Lo lleva durante 20 minutos, encendiendo el sistema de iluminaci\u00f3n LED incluido en el canal\u00f3n.<\/p>\n\n\n\n<p>El gel Whitecare contiene menos del 0,1% de per\u00f3xido de hidr\u00f3geno, para cumplir con la norma internacional. El per\u00f3xido de hidr\u00f3geno es el producto utilizado por los dentistas. La dosis es crucial para el \u00e9xito del proceso de blanqueo y para la seguridad de sus dientes. El 0,1% es la proporci\u00f3n m\u00e1xima permitida. Por debajo de este nivel, el gel no tiene ninguna utilidad, por encima de este nivel, podr\u00eda socavar la integridad del esmalte que protege sus dientes.<\/p>\n\n\n\n<p>Esta sustancia provoca una reacci\u00f3n qu\u00edmica en la superficie de sus dientes. La luz azul de los LEDs amplifica su eficacia. Despu\u00e9s de 20 minutos, se retira la cubeta y se enjuaga los dientes.<\/p>\n\n\n\n<p>El tratamiento dura unos 30 d\u00edas y el aclaramiento de sus dientes es gradual. Whitecare afirma una ganancia de 2 a 9 tonos, lo que sigue siendo bastante impreciso, pero no todos reaccionamos de la misma manera a este gel.<\/p>\n\n\n\n<p>Bas\u00e1ndonos en nuestras propias pruebas, as\u00ed como en las diversas reacciones de los clientes de Whitecare, los resultados son claramente visibles, pero desiguales. Lo mismo ocurre con el <a href=\"https:\/\/nutrident.fr\/es\/?page_id=16855\">blanqueamiento en una consulta dental<\/a>. El proceso se basa en la qu\u00edmica y, al igual que los dientes de algunas personas son originalmente m\u00e1s blancos que otros, el blanqueamiento funciona con mayor o menor eficacia.<\/p>\n\n\n\n<p>Whitecare se diferencia de otros kits por la adici\u00f3n de una jeringa de gel remineralizante. Durante el blanqueo, el per\u00f3xido de hidr\u00f3geno debilita temporalmente los dientes. Sin embargo, es desagradable tener una sensibilidad exacerbada, aunque sea por poco tiempo, al fr\u00edo y al calor. Gracias al gel remineralizante de Whitecare, no experimentar\u00e1 este inconveniente temporal.<\/p>\n\n\n\n<h2><span class=\"ez-toc-section\" id=\"La_composicion_del_kit_de_blanqueamiento_dental_Whitecare_Box\"><\/span>La composici\u00f3n del kit de blanqueamiento dental Whitecare Box<span class=\"ez-toc-section-end\"><\/span><\/h2>\n\n\n\n<p>El kit de blanqueamiento Whitecare es el m\u00e1s completo del mercado. Contiene :<\/p>\n\n\n\n<ul><li>1 boquilla universal nueva y est\u00e9ril que se adapta a todas las mand\u00edbulas;<\/li><li>3 jeringas de 10 ml de gel blanqueador con sabor a menta, que corresponden a m\u00e1s de treinta usos;<\/li><li>10 toallitas purificadoras ;<\/li><li>1 spray de limpieza de 17 ml ;<\/li><li>1 l\u00e1mpara con 5 bombillas LED ;<\/li><li>1 jeringa de gel remineralizante de 3 ml ;<\/li><li>1 carta de colores de papel para controlar el progreso del blanqueo.<\/li><\/ul>\n\n\n\n<h3>La composici\u00f3n de los productos Whitecare<\/h3>\n\n\n\n<p>Whitecare es una marca seria. La composici\u00f3n de sus productos est\u00e1 detallada y le permite comprobar que no est\u00e1 poniendo en peligro sus dientes.<\/p>\n\n\n\n<p>Spray limpiador: aqua, agua de hamamelis virginiana, glicerina, lauril sulfoacetato de sodio, polox\u00e1mero 188, alcohol, aceite de mentha spicata, polox\u00e1mero 407, cloruro de sodio, sulfato de sodio, sucralosa, l-mentol, cafe\u00edna, citrato de sodio, benzoato de sodio, polisorbato 20, cl 42090, limoneno, linalool<\/p>\n\n\n\n<p>Gel blanqueador: glicerina, propilenglicol, carb\u00f3mero, aceite de mentha piperita, trietanolamina, mica, per\u00f3xido de carbonato de sodio, aqua, sucralosa, limoneno.<\/p>\n\n\n\n<p>Gel remineralizante: propilenglicol, glicerina, aqua, xilitol, goma xantana, aceite de mentha piperita, pirofosfato de calcio, trietanolamina, carb\u00f3mero, alcohol benc\u00edlico, \u00e1cido l\u00e1ctico, nitrato de potasio, sucralosa, fluoruro de sodio, goma de celulosa, cl 42090, limoneno<\/p>\n\n\n\n<h2><span class=\"ez-toc-section\" id=\"Kit_de_blanqueamiento_Whitecare_Instrucciones_de_uso\"><\/span>Kit de blanqueamiento Whitecare: Instrucciones de uso<span class=\"ez-toc-section-end\"><\/span><\/h2>\n\n\n\n<p>El primer d\u00eda de tratamiento, es conveniente evaluar el color de sus dientes con la ayuda de la gu\u00eda de colores, para poder juzgar el progreso al final del tratamiento.<\/p>\n\n\n\n<p>Cep\u00edllese los dientes y enju\u00e1guese bien la boca. A continuaci\u00f3n, l\u00edmpiese los dientes con el spray, sin enjuagarse.<\/p>\n\n\n\n<p>Extienda el gel blanqueador en ambos lados de la bandeja. No abuse del gel, lo importante es que cubra bien los dientes, sin que se derrame sobre las enc\u00edas.<\/p>\n\n\n\n<p>Coloque la boquilla en su boca y cierre las mand\u00edbulas sobre ella. Encienda la l\u00e1mpara LED que ha colocado en el canal\u00f3n y d\u00e9jela encendida durante 20 minutos.<\/p>\n\n\n\n<p>Enjuague su boca y limpie la boquilla al final de la sesi\u00f3n. No debe comer, beber ni fumar durante los 15 minutos posteriores a la prueba.<\/p>\n\n\n\n<p>Repita la operaci\u00f3n diariamente hasta que se agote el gel. Mida su progreso con la carta de colores.<\/p>\n\n\n\n<p>Si siente molestias o sensibilidad debido al per\u00f3xido de hidr\u00f3geno, utilice el gel remineralizante para reestructurar su<a href=\"https:\/\/nutrident.fr\/es\/?page_id=17011\">esmalte<\/a> dental. Coloque el gel en el canal\u00f3n y d\u00e9jelo durante 5 minutos sin utilizar la l\u00e1mpara. No se aclare y evite comer o beber inmediatamente, para prolongar su acci\u00f3n. Ser\u00e1 evacuado naturalmente por su saliva.<\/p>\n\n\n\n<h2><span class=\"ez-toc-section\" id=\"Nuestra_opinion_sobre_Whitecare\"><\/span>Nuestra opini\u00f3n sobre Whitecare  <span class=\"ez-toc-section-end\"><\/span><\/h2>\n\n\n\n<p><strong>Whitecare <\/strong>es uno de los mejores productos del mercado. Su kit es el m\u00e1s completo y, si tiene dientes fr\u00e1giles, se beneficiar\u00e1 de su gel remineralizante.<\/p>\n\n\n\n<p>Whitecare es un\u00e1nimemente elogiado por el confort de su canal\u00f3n, con la ventaja a\u00f1adida de un agradable sabor a menta fresca.<\/p>\n\n\n\n<p>El resultado difiere de una persona a otra, pero es innegable. La \u00fanica limitaci\u00f3n es llevar la boquilla durante 20 minutos al d\u00eda, y volver\u00e1 a tener una bonita sonrisa, \u00a1sin sufrir!<\/p>\n<div class=\"article-data before-content\"><div class=\"article-data__date\"><div class=\"article-data__date-modified\"><time class=\"published\" datetime=\"2022-10-28T10:10:01+00:00\">This article was originally published on&nbsp;<span class=\"2\">octubre 28, 2022<\/span>&nbsp;and was most recently updated on&nbsp;<span>junio 13, 2023<\/span><\/time><br><\/div><\/div><\/div><div class=\"user-info\">    <div class=\"user-info__body\">\r\n      <div class=\"user-info__caption\"><span>Contributors:<\/span><\/div>\r\n\t\t\t        <div class=\"user-info__wrap \">\r\n          <div class=\"user-info__data\">\r\n            <div class=\"user-info__data__info\">\r\n              <div class=\"photo\">\r\n\t\t\t\t\t\t\t\t<img width=\"66\" height=\"61\" src=\"https:\/\/nutrident.fr\/wp-content\/uploads\/2023\/06\/unnamed-66x61.jpg\" class=\"attachment-profileImageAuthor size-profileImageAuthor wp-post-image\" alt=\"Dr Abel Jes\u00fas Pederzoli\" loading=\"lazy\" srcset=\"https:\/\/nutrident.fr\/wp-content\/uploads\/2023\/06\/unnamed-66x61.jpg 66w, https:\/\/nutrident.fr\/wp-content\/uploads\/2023\/06\/unnamed-300x279.jpg 300w, https:\/\/nutrident.fr\/wp-content\/uploads\/2023\/06\/unnamed-1024x952.jpg 1024w, https:\/\/nutrident.fr\/wp-content\/uploads\/2023\/06\/unnamed-768x714.jpg 768w, https:\/\/nutrident.fr\/wp-content\/uploads\/2023\/06\/unnamed-204x190.jpg 204w, https:\/\/nutrident.fr\/wp-content\/uploads\/2023\/06\/unnamed-120x112.jpg 120w, https:\/\/nutrident.fr\/wp-content\/uploads\/2023\/06\/unnamed.jpg 1125w\" sizes=\"(max-width: 66px) 100vw, 66px\" \/>              <\/div>\r\n              <a href=\"https:\/\/nutrident.fr\/es\/author\/dr-abel-jesus-pederzoli\/\" class=\"name\">Dr Abel Jes\u00fas Pederzoli<\/a>\r\n            <\/div>\r\n            <div class=\"user-info__data__social\">\r\n\t\t\t\t\t\t\t\t\t\t\t\t\t\t\t\t\t\t\t\t\t          <a href=\"https:\/\/clinicaleixample.es\/\"\r\n             class=\"soc-item website\">website<\/a>\r\n\t\t\t\t          <a href=\"http:\/\/linkedin.com\/in\/abel-jes%C3%BAs-pederzoli\"\r\n             class=\"soc-item linkedin\">linkedin<\/a>\r\n\t\t\t\t            <\/div>\r\n          <\/div>\r\n          <div class=\"user-info__description\">\r\n\t\t\t\t\t\t\t\t\t\t\t\t\t<p>Con t\u00edtulos obtenidos en la Facultad de Odontolog\u00eda de la Universidad Nacional de La Plata y una participaci\u00f3n activa en congresos y jornadas, el Dr. Pederzoli se mantiene actualizado en las \u00faltimas t\u00e9cnicas y avances en odontolog\u00eda. Actualmente se encuentra desarrollando un proyecto de consultor\u00eda tecnol\u00f3gica aplicada a cl\u00ednicas dentales.<\/p>\n\t\t\t\t\t\t          <\/div>\r\n        <\/div>\r\n\t\t\t\t    <\/div>\r\n\t<\/div>","protected":false},"excerpt":{"rendered":"<p>Contributor:&nbsp; Dr Abel Jes\u00fas Pederzoli Updated:&nbsp;junio 13, 2023 Nutrident est\u00e1 financiado por sus lectores. Cuando compras en nuestro sitio, a veces ganamos comisiones de afiliaci\u00f3n que no suponen ning\u00fan coste para ti. Lea m\u00e1s. Con el tiempo, su sonrisa perder\u00e1 su brillo. Esto se debe al envejecimiento, que es natural, as\u00ed como a su estilo [&hellip;]<\/p>\n","protected":false},"author":2,"featured_media":17099,"parent":0,"menu_order":0,"comment_status":"open","ping_status":"open","template":"","meta":{"inline_featured_image":false},"acf":[],"_links":{"self":[{"href":"https:\/\/nutrident.fr\/es\/wp-json\/wp\/v2\/pages\/17098"}],"collection":[{"href":"https:\/\/nutrident.fr\/es\/wp-json\/wp\/v2\/pages"}],"about":[{"href":"https:\/\/nutrident.fr\/es\/wp-json\/wp\/v2\/types\/page"}],"author":[{"embeddable":true,"href":"https:\/\/nutrident.fr\/es\/wp-json\/wp\/v2\/users\/2"}],"replies":[{"embeddable":true,"href":"https:\/\/nutrident.fr\/es\/wp-json\/wp\/v2\/comments?post=17098"}],"version-history":[{"count":7,"href":"https:\/\/nutrident.fr\/es\/wp-json\/wp\/v2\/pages\/17098\/revisions"}],"predecessor-version":[{"id":21883,"href":"https:\/\/nutrident.fr\/es\/wp-json\/wp\/v2\/pages\/17098\/revisions\/21883"}],"wp:featuredmedia":[{"embeddable":true,"href":"https:\/\/nutrident.fr\/es\/wp-json\/wp\/v2\/media\/17099"}],"wp:attachment":[{"href":"https:\/\/nutrident.fr\/es\/wp-json\/wp\/v2\/media?parent=17098"}],"curies":[{"name":"wp","href":"https:\/\/api.w.org\/{rel}","templated":true}]}}