

{"id":17107,"date":"2022-10-28T09:53:24","date_gmt":"2022-10-28T09:53:24","guid":{"rendered":"https:\/\/nutrident.fr\/?page_id=17107"},"modified":"2022-10-28T09:53:26","modified_gmt":"2022-10-28T09:53:26","slug":"pasta-de-dientes-elgydium","status":"publish","type":"page","link":"https:\/\/nutrident.fr\/es\/pasta-de-dientes-elgydium\/","title":{"rendered":"Pasta de dientes elgydium: para luchar contra la placa dental"},"content":{"rendered":"<div class=\"meta\"><div class=\"meta__users\"><\/div><div class=\"meta__date-modified\">Updated:&nbsp;<span>octubre 28, 2022<\/span><\/div><\/div><div class=\"wp-block-image\">\n<figure class=\"alignright size-medium\"><img width=\"300\" height=\"200\" src=\"https:\/\/nutrident.fr\/wp-content\/uploads\/2022\/06\/logo-pierre-fabre-300x200.jpeg\" alt=\"Laboratorio Pierre Fabre\" class=\"wp-image-11150\" srcset=\"https:\/\/nutrident.fr\/wp-content\/uploads\/2022\/06\/logo-pierre-fabre-300x200.jpeg 300w, https:\/\/nutrident.fr\/wp-content\/uploads\/2022\/06\/logo-pierre-fabre-254x169.jpeg 254w, https:\/\/nutrident.fr\/wp-content\/uploads\/2022\/06\/logo-pierre-fabre.jpeg 450w\" sizes=\"(max-width: 300px) 100vw, 300px\" \/><figcaption>La pasta de dientes Elgydium es fabricada por los laboratorios Pierre Fabre.  <\/figcaption><\/figure><\/div>\n\n\n<p>El laboratorio Pierre Fabre desarrolla dent\u00edfricos desde 1972. Con Elgydium, ofrece una versi\u00f3n cuanto menos original, que se presenta <strong>como una \u00abpasta de dientes educativa\u00bb<\/strong>.  <\/p>\n\n\n\n<p><a href=\"https:\/\/nutrident.fr\/es\/\">Nutrident.co.uk<\/a> explica c\u00f3mo esta pasta dental ense\u00f1a a los ni\u00f1os (e incluso a los mayores) a cepillarse los dientes correctamente.<\/p>\n\n\n\n<div id=\"ez-toc-container\" class=\"ez-toc-v2_0_33_2 counter-hierarchy ez-toc-counter ez-toc-white ez-toc-container-direction\">\n<div class=\"ez-toc-title-container\">\n<p class=\"ez-toc-title\">Contenus<\/p>\n<span class=\"ez-toc-title-toggle\"><a href=\"#\" class=\"ez-toc-pull-right ez-toc-btn ez-toc-btn-xs ez-toc-btn-default ez-toc-toggle\" style=\"display: none;\"><label for=\"item\" aria-label=\"Tabla de contenidos\"><i class=\"ez-toc-glyphicon ez-toc-icon-toggle\"><\/i><\/label><input type=\"checkbox\" id=\"item\"><\/a><\/span><\/div>\n<nav><ul class='ez-toc-list ez-toc-list-level-1'><li class='ez-toc-page-1 ez-toc-heading-level-2'><a class=\"ez-toc-link ez-toc-heading-1\" href=\"https:\/\/nutrident.fr\/es\/pasta-de-dientes-elgydium\/#El_laboratorio_Pierre_Fabre_disenador_y_fabricante_del_dentifrico_Elgydium\" title=\"El laboratorio Pierre Fabre, dise\u00f1ador y fabricante del dent\u00edfrico Elgydium\">El laboratorio Pierre Fabre, dise\u00f1ador y fabricante del dent\u00edfrico Elgydium<\/a><\/li><li class='ez-toc-page-1 ez-toc-heading-level-2'><a class=\"ez-toc-link ez-toc-heading-2\" href=\"https:\/\/nutrident.fr\/es\/pasta-de-dientes-elgydium\/#El_principio_educativo_de_la_pasta_de_dientes_Elgydium\" title=\"El principio educativo de la pasta de dientes Elgydium\">El principio educativo de la pasta de dientes Elgydium<\/a><\/li><li class='ez-toc-page-1 ez-toc-heading-level-2'><a class=\"ez-toc-link ez-toc-heading-3\" href=\"https:\/\/nutrident.fr\/es\/pasta-de-dientes-elgydium\/#La_reaccion_de_la_pasta_de_dientes_y_la_placa\" title=\"La reacci\u00f3n de la pasta de dientes y la placa\">La reacci\u00f3n de la pasta de dientes y la placa<\/a><\/li><li class='ez-toc-page-1 ez-toc-heading-level-2'><a class=\"ez-toc-link ez-toc-heading-4\" href=\"https:\/\/nutrident.fr\/es\/pasta-de-dientes-elgydium\/#Elgydium_instrucciones_de_uso\" title=\"Elgydium, instrucciones de uso\">Elgydium, instrucciones de uso<\/a><\/li><\/ul><\/nav><\/div>\n<h2><span class=\"ez-toc-section\" id=\"El_laboratorio_Pierre_Fabre_disenador_y_fabricante_del_dentifrico_Elgydium\"><\/span>El laboratorio Pierre Fabre, dise\u00f1ador y fabricante del dent\u00edfrico Elgydium<span class=\"ez-toc-section-end\"><\/span><\/h2>\n\n\n\n<p>Pierre Fabre es un grupo farmac\u00e9utico franc\u00e9s, fundado en 1962 por el farmac\u00e9utico de Castres que le dio su nombre. El grupo se ha desarrollado en tres l\u00edneas: cosm\u00e9tica, salud y medicamentos.<\/p>\n\n\n\n<p>El grupo reivindica un modelo de negocio \u00fanico. Se ha convertido <strong>en una fundaci\u00f3n del mismo nombre, que se reconoce de utilidad p\u00fablica<\/strong> y que le permite conservar su independencia. Esto permite al grupo centrarse en los productos a largo plazo sin preocuparse por las presiones externas.<\/p>\n\n\n\n<p>La misi\u00f3n de la fundaci\u00f3n es mejorar el acceso a la asistencia sanitaria de las poblaciones m\u00e1s desfavorecidas de Francia y de otros pa\u00edses.<\/p>\n\n\n\n<h2><span class=\"ez-toc-section\" id=\"El_principio_educativo_de_la_pasta_de_dientes_Elgydium\"><\/span>El principio educativo de la pasta de dientes Elgydium<span class=\"ez-toc-section-end\"><\/span><\/h2>\n\n\n\n<p>La pasta de dientes Elgydium se considera educativa, ya que contiene ingredientes activos que resaltan la placa cuando no se cepilla correctamente. Por tanto, esta pasta de dientes se utiliza para los ni\u00f1os, <strong>pero tambi\u00e9n para los adultos<\/strong> que quieren comprobar que no les falta ninguna zona o que no se cepillan una zona menos bien que las dem\u00e1s. Es habitual que ciertas partes de los dientes se limpien peor, seg\u00fan el \u00e1ngulo que se forme cuando se es zurdo o diestro.<\/p>\n\n\n\n<p>Para los ni\u00f1os, este marcado aporta un lado l\u00fadico que les divierte y educa a la vez. El objetivo del juego es lavarse bien los dientes y demostrarlo cuando no queda ning\u00fan rastro de pasta de dientes.<\/p>\n\n\n\n<h2><span class=\"ez-toc-section\" id=\"La_reaccion_de_la_pasta_de_dientes_y_la_placa\"><\/span>La reacci\u00f3n de la pasta de dientes y la placa<span class=\"ez-toc-section-end\"><\/span><\/h2>\n\n\n<div class=\"wp-block-image\">\n<figure class=\"alignright size-medium\"><img width=\"113\" height=\"300\" src=\"https:\/\/nutrident.fr\/wp-content\/uploads\/2022\/06\/elgydium-junior-113x300.jpg\" alt=\"elgydium junior\" class=\"wp-image-11154\" srcset=\"https:\/\/nutrident.fr\/wp-content\/uploads\/2022\/06\/elgydium-junior-113x300.jpg 113w, https:\/\/nutrident.fr\/wp-content\/uploads\/2022\/06\/elgydium-junior-72x190.jpg 72w, https:\/\/nutrident.fr\/wp-content\/uploads\/2022\/06\/elgydium-junior.jpg 331w\" sizes=\"(max-width: 113px) 100vw, 113px\" \/><figcaption>La pasta de dientes Elgydium junior es educativa.  <\/figcaption><\/figure><\/div>\n\n\n<p>La placa se compone de saliva y residuos de alimentos. Se presenta en forma de un l\u00edquido transl\u00facido que se deposita en los dientes. Si no lo cepilla despu\u00e9s de cada comida, acabar\u00e1 por calcificarse y convertirse en sarro. Es la causa m\u00e1s com\u00fan de caries, gingivitis y otros crecimientos bacterianos que afectan a su salud bucal.<\/p>\n\n\n\n<p>La <strong>pasta de dientes Elgydium est\u00e1 compuesta por colorantes que s\u00f3lo reaccionan en presencia de esta placa<\/strong>. Las zonas mal cepilladas adquieren un revelador color verde, lo que le obliga a volver a cepillar la zona hasta que la coloraci\u00f3n desaparezca. Los colorantes son de calidad alimentaria y, por supuesto, no suponen ning\u00fan riesgo para la salud.<\/p>\n\n\n\n<p>Elgydium contiene fluorinol, o fluoruro de nicometanol, una amina fluorada, patentada por los Laboratorios Pierre Fabre y m\u00e1s eficaz que el fl\u00faor mineral tradicional. Est\u00e1 reforzado con siliglicol que prolonga la acci\u00f3n del fluorinol creando una barrera contra la formaci\u00f3n de la placa dental.<\/p>\n\n\n\n<h2><span class=\"ez-toc-section\" id=\"Elgydium_instrucciones_de_uso\"><\/span>Elgydium, instrucciones de uso<span class=\"ez-toc-section-end\"><\/span><\/h2>\n\n\n\n<p>Elgydium tiene un fresco sabor a manzana que a los ni\u00f1os les encanta. Complementa su pasta de dientes diaria y puede utilizarse dos o tres veces por semana.<\/p>\n\n\n\n<p>Si tras el cepillado quedan zonas verdes, no es necesario a\u00f1adir pasta de dientes, pero su hijo debe volver a cepillar estas zonas coloreadas hasta que la placa se elimine por completo.<\/p>\n\n\n\n<p>Elgydium est\u00e1 recomendado para ni\u00f1os a partir de 7 a\u00f1os. Es compatible con los aparatos de ortodoncia e incluso se recomienda en este caso, ya que los aparatos dificultan el cepillado y se puede comprobar mejor la eficacia del mismo.<\/p>\n\n\n\n<div class=\"wp-container-1 wp-block-buttons\">\n<div class=\"wp-block-button aligncenter has-custom-width wp-block-button__width-75 has-custom-font-size has-medium-font-size\"><a class=\"wp-block-button__link has-white-color has-vivid-cyan-blue-background-color has-text-color has-background\" href=\"https:\/\/amzn.to\/3O2DSl7\" style=\"border-radius:39px\" target=\"_blank\" rel=\"noopener\">\u00a1Reg\u00e1lese la pasta de dientes Elgydium al mejor precio!<\/a><\/div>\n<\/div>\n<div class=\"article-data before-content\"><div class=\"article-data__date\"><div class=\"article-data__date-modified\"><time class=\"published\" datetime=\"2022-10-28T09:53:24+00:00\">This article was originally published on&nbsp;<span class=\"2\">octubre 28, 2022<\/span>&nbsp;and was most recently updated on&nbsp;<span>octubre 28, 2022<\/span><\/time><br><\/div><\/div><\/div><div class=\"user-info\"><\/div>","protected":false},"excerpt":{"rendered":"<p>Updated:&nbsp;octubre 28, 2022 El laboratorio Pierre Fabre desarrolla dent\u00edfricos desde 1972. Con Elgydium, ofrece una versi\u00f3n cuanto menos original, que se presenta como una \u00abpasta de dientes educativa\u00bb. Nutrident.co.uk explica c\u00f3mo esta pasta dental ense\u00f1a a los ni\u00f1os (e incluso a los mayores) a cepillarse los dientes correctamente. El laboratorio Pierre Fabre, dise\u00f1ador y fabricante [&hellip;]<\/p>\n","protected":false},"author":2,"featured_media":17108,"parent":0,"menu_order":0,"comment_status":"open","ping_status":"open","template":"","meta":{"inline_featured_image":false},"acf":[],"_links":{"self":[{"href":"https:\/\/nutrident.fr\/es\/wp-json\/wp\/v2\/pages\/17107"}],"collection":[{"href":"https:\/\/nutrident.fr\/es\/wp-json\/wp\/v2\/pages"}],"about":[{"href":"https:\/\/nutrident.fr\/es\/wp-json\/wp\/v2\/types\/page"}],"author":[{"embeddable":true,"href":"https:\/\/nutrident.fr\/es\/wp-json\/wp\/v2\/users\/2"}],"replies":[{"embeddable":true,"href":"https:\/\/nutrident.fr\/es\/wp-json\/wp\/v2\/comments?post=17107"}],"version-history":[{"count":4,"href":"https:\/\/nutrident.fr\/es\/wp-json\/wp\/v2\/pages\/17107\/revisions"}],"predecessor-version":[{"id":17537,"href":"https:\/\/nutrident.fr\/es\/wp-json\/wp\/v2\/pages\/17107\/revisions\/17537"}],"wp:featuredmedia":[{"embeddable":true,"href":"https:\/\/nutrident.fr\/es\/wp-json\/wp\/v2\/media\/17108"}],"wp:attachment":[{"href":"https:\/\/nutrident.fr\/es\/wp-json\/wp\/v2\/media?parent=17107"}],"curies":[{"name":"wp","href":"https:\/\/api.w.org\/{rel}","templated":true}]}}