

{"id":17113,"date":"2022-10-28T09:52:36","date_gmt":"2022-10-28T09:52:36","guid":{"rendered":"https:\/\/nutrident.fr\/?page_id=17113"},"modified":"2022-10-28T09:52:39","modified_gmt":"2022-10-28T09:52:39","slug":"cepillo-de-dientes-electrico-peligros","status":"publish","type":"page","link":"https:\/\/nutrident.fr\/es\/cepillo-de-dientes-electrico-peligros\/","title":{"rendered":"Cepillo de dientes el\u00e9ctrico: \u00bfCu\u00e1les son los peligros?"},"content":{"rendered":"<div class=\"meta\"><div class=\"meta__users\"><\/div><div class=\"meta__date-modified\">Updated:&nbsp;<span>octubre 28, 2022<\/span><\/div><\/div><p><span>La gente suele pensar que el cepillo de dientes el\u00e9ctrico es un invento reciente y moderno, pero \u00a1se remonta a 1954! El primer modelo, el Broxodent, fue desarrollado por el Dr. Philippe-Guy Woog, con sede en Suiza.<\/span><\/p>\n<p><span>Desde entonces, el cepillo de dientes el\u00e9ctrico se ha perfeccionado y democratizado, haci\u00e9ndolo accesible a una amplia gama de personas. Aunque se ha demostrado que es mucho m\u00e1s eficaz que el cepillado manual, no est\u00e1 exento de peligros. <a href=\"https:\/\/nutrident.fr\/es\/\">Nutrident.co.uk<\/a> le explica cu\u00e1les son.  <\/span><\/p>\n<div id=\"ez-toc-container\" class=\"ez-toc-v2_0_33_2 counter-hierarchy ez-toc-counter ez-toc-white ez-toc-container-direction\">\n<div class=\"ez-toc-title-container\">\n<p class=\"ez-toc-title\">Contenus<\/p>\n<span class=\"ez-toc-title-toggle\"><a href=\"#\" class=\"ez-toc-pull-right ez-toc-btn ez-toc-btn-xs ez-toc-btn-default ez-toc-toggle\" style=\"display: none;\"><label for=\"item\" aria-label=\"Tabla de contenidos\"><i class=\"ez-toc-glyphicon ez-toc-icon-toggle\"><\/i><\/label><input type=\"checkbox\" id=\"item\"><\/a><\/span><\/div>\n<nav><ul class='ez-toc-list ez-toc-list-level-1'><li class='ez-toc-page-1 ez-toc-heading-level-2'><a class=\"ez-toc-link ez-toc-heading-1\" href=\"https:\/\/nutrident.fr\/es\/cepillo-de-dientes-electrico-peligros\/#Los_dos_tipos_de_cepillos_electricos\" title=\"Los dos tipos de cepillos el\u00e9ctricos\">Los dos tipos de cepillos el\u00e9ctricos<\/a><\/li><li class='ez-toc-page-1 ez-toc-heading-level-2'><a class=\"ez-toc-link ez-toc-heading-2\" href=\"https:\/\/nutrident.fr\/es\/cepillo-de-dientes-electrico-peligros\/#%C2%BFCuales_son_los_peligros_de_los_cepillos_de_dientes_electricos\" title=\"\u00bfCu\u00e1les son los peligros de los cepillos de dientes el\u00e9ctricos?\">\u00bfCu\u00e1les son los peligros de los cepillos de dientes el\u00e9ctricos?<\/a><\/li><li class='ez-toc-page-1 ez-toc-heading-level-2'><a class=\"ez-toc-link ez-toc-heading-3\" href=\"https:\/\/nutrident.fr\/es\/cepillo-de-dientes-electrico-peligros\/#Conclusion\" title=\"  Conclusi\u00f3n\">  Conclusi\u00f3n<\/a><\/li><\/ul><\/nav><\/div>\n<h2><span class=\"ez-toc-section\" id=\"Los_dos_tipos_de_cepillos_electricos\"><\/span><span>Los dos tipos de cepillos el\u00e9ctricos<\/span><span class=\"ez-toc-section-end\"><\/span><\/h2>\n<p><span>Existen dos familias de <a href=\"https:\/\/nutrident.fr\/es\/cepillos-de-dientes-electricos\/\">cepillos el\u00e9ctricos<\/a>, los s\u00f3nicos y los oscilantes.  <\/span><\/p>\n<h3><span>El cepillo de dientes el\u00e9ctrico s\u00f3nico<\/span><\/h3>\n<p>El cepillo el\u00e9ctrico s\u00f3nico es el que m\u00e1s se parece al cepillo manual, tanto en la forma como en el uso. Su cabezal ovalado o rectangular es el mismo que el de un cepillo manual y realiza los mismos movimientos que \u00e9ste, es decir, con trazos verticales sobre los dientes. Por supuesto, son mucho m\u00e1s r\u00e1pidos.<\/p>\n<h3><span>El cepillo el\u00e9ctrico oscilante<\/span><\/h3>\n<p>El cepillo  <span>El cepillo el\u00e9ctrico oscilante suele tener un cabezal m\u00e1s peque\u00f1o y redondo. Sin embargo, hay modelos de cepillos que se asemejan a la forma rectangular y que presumen de una doble acci\u00f3n del cepillo.<\/span><\/p>\n<p><span>Este cepillo redondo funciona por rotaci\u00f3n y cepilla los dientes uno a uno, siguiendo la forma de cada uno.  <\/span><\/p>\n<p><span>La elecci\u00f3n de uno u otro modelo es una cuesti\u00f3n de gusto personal, ya que ambos son muy eficaces. Los cepillos son m\u00e1s r\u00e1pidos y limpian bien todos los dientes, independientemente de su posici\u00f3n en la boca. Cuando se cepilla los dientes manualmente, siempre hay \u00e1ngulos inc\u00f3modos que le impiden hacer el movimiento correcto.  <\/span><\/p>\n<h2><span class=\"ez-toc-section\" id=\"%C2%BFCuales_son_los_peligros_de_los_cepillos_de_dientes_electricos\"><\/span><span>\u00bfCu\u00e1les son los peligros de los cepillos de dientes el\u00e9ctricos?<\/span><span class=\"ez-toc-section-end\"><\/span><\/h2>\n<h3><span>Desgaste del esmalte e irritaci\u00f3n de las enc\u00edas debido a una presi\u00f3n excesiva<\/span><\/h3>\n<p>Presionar demasiado el cepillo es un fallo com\u00fan. No mide la potencia de su cepillo y puede adquirir r\u00e1pidamente el h\u00e1bito de presionar demasiado fuerte sobre los dientes. No se da cuenta, porque no es doloroso en absoluto, pero cepillarse demasiado los dientes supone un esfuerzo excesivo para el <a class=\"wpil_keyword_link\" href=\"https:\/\/nutrident.fr\/es\/esmalte-dental-tratamiento\/\" title=\"Correo electr\u00f3nico\">esmalte<\/a> y las enc\u00edas se vuelven sensibles.<\/p>\n<p>Este defecto aparece en ambos tipos de cepillos, s\u00f3nicos y oscilantes-rotativos. La mejor manera de protegerse es elegir un cepillo el\u00e9ctrico con sensor de presi\u00f3n. Esta opci\u00f3n es, junto con el temporizador, la m\u00e1s b\u00e1sica, lo que significa que puede encontrarla en casi todos los cepillos, sin tener que pagar m\u00e1s.<\/p>\n<h3><span>Retracci\u00f3n de las enc\u00edas<\/span><\/h3>\n<p>Al cepillar un diente desde la punta hasta la enc\u00eda, las cerdas no deben tocar la base del diente. Esto es lo que ocurre si se presiona demasiado el cepillo o se dirige mal, ya sea manual o el\u00e9ctrico. Esto obligar\u00e1 a las enc\u00edas a retroceder, lo que a su vez provoca graves problemas de dientes sueltos.<\/p>\n<p>Tendr\u00e1 este problema mucho m\u00e1s con los cepillos s\u00f3nicos, debido a su movimiento de ida y vuelta. Por lo tanto, debe asegurarse de que las enc\u00edas se encuentren al final de la carrera del cepillo, para que s\u00f3lo sean cepilladas.<\/p>\n<h3><span>Cepillado demasiado superficial<\/span><\/h3>\n<p>Un cepillado demasiado superficial es m\u00e1s com\u00fan con un cepillo oscilante. Con este tipo de cepillo, hay que aprender a ser est\u00e1tico. Su mano debe limitarse a dirigir el cepillo de diente en diente, pero sin realizar ning\u00fan movimiento de cepillado.<\/p>\n<p>El cepillo debe rodear cada diente, antes de pasar al siguiente. Tambi\u00e9n debe ser justo entre la parte delantera y la trasera. Aprenda a quedarse quieto y el problema estar\u00e1 resuelto.<\/p>\n<h3><span>Rincones inaccesibles<\/span><\/h3>\n<p>Si est\u00e1 acostumbrado a cepillarse con un cepillo manual de cabezal rectangular, puede resultarle extra\u00f1o cambiar a un cepillo redondo que cubre menos superficie. Una vez que lo haya probado, entender\u00e1 por qu\u00e9, debido a su movimiento oscilante y giratorio, el cepillo debe ser m\u00e1s peque\u00f1o, especialmente para la parte interna de los dientes.<\/p>\n<p>Si equipa su cepillo oscilante con un cepillo rectangular, lo entender\u00e1 a\u00fan mejor. De hecho, esta forma no es f\u00e1cilmente compatible con el movimiento y el resultado es que le resultar\u00e1 m\u00e1s dif\u00edcil alcanzar el arco compuesto por la cara posterior de los incisivos. Si le venden estos cepillos con la excusa de la doble acci\u00f3n, tienden a perjudicar la maniobrabilidad del cepillo. Por lo tanto, se recomienda utilizar el cepillo redondo. Si realmente quiere seguir con el cepillo rectangular, elija un cepillo s\u00f3nico.<\/p>\n<h2><span class=\"ez-toc-section\" id=\"Conclusion\"><\/span><strong>  Conclusi\u00f3n<\/strong><span class=\"ez-toc-section-end\"><\/span><\/h2>\n<p>Aparte de estas desventajas, que pueden superarse f\u00e1cilmente, siempre se beneficiar\u00e1 de una mejor higiene bucal con un cepillo el\u00e9ctrico. Si cree que es una buena idea utilizar un cepillo el\u00e9ctrico, le invitamos a leer nuestro art\u00edculo sobre <a href=\"https:\/\/nutrident.fr\/es\/cepillos-de-dientes-electricos\/\">qu\u00e9 cepillo el\u00e9ctrico elegir<\/a>.<\/p>\n<p><strong>M\u00e1s informaci\u00f3n sobre los cepillos de dientes el\u00e9ctricos<\/strong><\/p>\n<p><a href=\"https:\/\/nutrident.fr\/es\/oral-b-genius-x\/\">Cepillo de dientes Oral B Genius X<\/a><\/p>\n<p><a href=\"https:\/\/nutrident.fr\/es\/oral-b-smart-series-7000\/\">Nuestra opini\u00f3n sobre Oral B Smart Series 7000<\/a><\/p>\n<p><a href=\"https:\/\/nutrident.fr\/es\/philips-sonicare-serie-2\/\">Philips Sonicare Serie 2<\/a><\/p>\n<p><a href=\"https:\/\/nutrident.fr\/es\/cepillos-electricos-oral-b\/\">Comparaci\u00f3n de cepillos de dientes Oral B<\/a><\/p>\n<p><a href=\"https:\/\/nutrident.fr\/es\/cepillo-de-dientes-inteligente\/\">Comparaci\u00f3n de los mejores cepillos de dientes conectados<\/a><\/p>\n<p><a href=\"https:\/\/nutrident.fr\/es\/repuestos-cepillo-de-dientes-electrico\/\">Todo sobre los cepillos dentales<\/a><\/p>\n<p><a href=\"https:\/\/nutrident.fr\/es\/cepillo-de-dientes-electrico-o-manual\/\">\u00bfCepillo de dientes el\u00e9ctrico o manual?<\/a><\/p>\n<p><a href=\"https:\/\/nutrident.fr\/es\/limpiar-cepillo-de-dientes-electrico\/\">\u00bfC\u00f3mo limpiar su cepillo de dientes el\u00e9ctrico?<\/a><\/p>\n<div class=\"article-data before-content\"><div class=\"article-data__date\"><div class=\"article-data__date-modified\"><time class=\"published\" datetime=\"2022-10-28T09:52:36+00:00\">This article was originally published on&nbsp;<span class=\"2\">octubre 28, 2022<\/span>&nbsp;and was most recently updated on&nbsp;<span>octubre 28, 2022<\/span><\/time><br><\/div><\/div><\/div><div class=\"user-info\"><\/div>","protected":false},"excerpt":{"rendered":"<p>Updated:&nbsp;octubre 28, 2022La gente suele pensar que el cepillo de dientes el\u00e9ctrico es un invento reciente y moderno, pero \u00a1se remonta a 1954! El primer modelo, el Broxodent, fue desarrollado por el Dr. Philippe-Guy Woog, con sede en Suiza. Desde entonces, el cepillo de dientes el\u00e9ctrico se ha perfeccionado y democratizado, haci\u00e9ndolo accesible a una [&hellip;]<\/p>\n","protected":false},"author":2,"featured_media":0,"parent":0,"menu_order":0,"comment_status":"closed","ping_status":"open","template":"","meta":{"inline_featured_image":false},"acf":[],"_links":{"self":[{"href":"https:\/\/nutrident.fr\/es\/wp-json\/wp\/v2\/pages\/17113"}],"collection":[{"href":"https:\/\/nutrident.fr\/es\/wp-json\/wp\/v2\/pages"}],"about":[{"href":"https:\/\/nutrident.fr\/es\/wp-json\/wp\/v2\/types\/page"}],"author":[{"embeddable":true,"href":"https:\/\/nutrident.fr\/es\/wp-json\/wp\/v2\/users\/2"}],"replies":[{"embeddable":true,"href":"https:\/\/nutrident.fr\/es\/wp-json\/wp\/v2\/comments?post=17113"}],"version-history":[{"count":1,"href":"https:\/\/nutrident.fr\/es\/wp-json\/wp\/v2\/pages\/17113\/revisions"}],"predecessor-version":[{"id":17530,"href":"https:\/\/nutrident.fr\/es\/wp-json\/wp\/v2\/pages\/17113\/revisions\/17530"}],"wp:attachment":[{"href":"https:\/\/nutrident.fr\/es\/wp-json\/wp\/v2\/media?parent=17113"}],"curies":[{"name":"wp","href":"https:\/\/api.w.org\/{rel}","templated":true}]}}