

{"id":17128,"date":"2022-10-28T09:52:42","date_gmt":"2022-10-28T09:52:42","guid":{"rendered":"https:\/\/nutrident.fr\/?page_id=17128"},"modified":"2023-06-13T11:13:23","modified_gmt":"2023-06-13T11:13:23","slug":"panasonic-waterpik-ultra-wp-100","status":"publish","type":"page","link":"https:\/\/nutrident.fr\/es\/panasonic-waterpik-ultra-wp-100\/","title":{"rendered":"Irrigador dental Waterpik Ultra WP 100: nuestra opini\u00f3n"},"content":{"rendered":"<div class=\"meta\"><div class=\"meta__users\">    <div class=\"meta__users__reviewed\">\r\n      <p class=\"meta__users__caption\">Contributor:&nbsp;<\/p>\r\n      <div class=\"users\">\r\n        <span class=\"users__user\">\r\n          <a href=\"#\">Dr Abel Jes\u00fas Pederzoli<\/a>\r\n        <\/span>\r\n      <\/div>\r\n    <\/div>\r\n\t<\/div><div class=\"meta__date-modified\">Updated:&nbsp;<span>junio 13, 2023<\/span><\/div><\/div><div class=\"wp-block-image\">\n<figure class=\"alignright size-full is-resized\"><img src=\"https:\/\/nutrident.fr\/wp-content\/uploads\/2023\/04\/waterpik-wp-100.jpg\" alt=\"\" class=\"wp-image-20909\" height=\"300\" srcset=\"https:\/\/nutrident.fr\/wp-content\/uploads\/2023\/04\/waterpik-wp-100.jpg 248w, https:\/\/nutrident.fr\/wp-content\/uploads\/2023\/04\/waterpik-wp-100-166x300.jpg 166w, https:\/\/nutrident.fr\/wp-content\/uploads\/2023\/04\/waterpik-wp-100-105x190.jpg 105w, https:\/\/nutrident.fr\/wp-content\/uploads\/2023\/04\/waterpik-wp-100-37x66.jpg 37w, https:\/\/nutrident.fr\/wp-content\/uploads\/2023\/04\/waterpik-wp-100-67x120.jpg 67w\" sizes=\"(max-width: 248px) 100vw, 248px\" \/><\/figure><\/div>\n\n\n<p>El irrigador dental es una valiosa herramienta para una buena higiene bucal, ya que permite limpiar los espacios interdentales y masajear las enc\u00edas, combinando lo \u00fatil con lo agradable. De hecho, algunos estudios sugieren que puede mejorar considerablemente la salud periodontal y es especialmente \u00fatil para las personas que tienen ortodoncia y presentan problemas a la hora de usar el hilo dental.<\/p>\n\n\n\n<p>En este art\u00edculo, te contamos nuestras opiniones y experiencia con el irrigador Waterpik Ultra WP 100, el cual consideramos como uno de los mejores en el mercado.<\/p>\n\n\n\n<div class=\"wp-container-1 wp-block-buttons\">\n<div class=\"wp-block-button aligncenter\"><a class=\"wp-block-button__link has-white-color has-vivid-cyan-blue-background-color has-text-color has-background\" href=\"https:\/\/amzn.to\/3bnLVeb\" target=\"_blank\" rel=\"noopener\">Compra este producto al mejor precio<\/a><\/div>\n<\/div>\n\n\n\n<div id=\"ez-toc-container\" class=\"ez-toc-v2_0_33_2 counter-hierarchy ez-toc-counter ez-toc-white ez-toc-container-direction\">\n<div class=\"ez-toc-title-container\">\n<p class=\"ez-toc-title\">Contenus<\/p>\n<span class=\"ez-toc-title-toggle\"><a href=\"#\" class=\"ez-toc-pull-right ez-toc-btn ez-toc-btn-xs ez-toc-btn-default ez-toc-toggle\" style=\"display: none;\"><label for=\"item\" aria-label=\"Tabla de contenidos\"><i class=\"ez-toc-glyphicon ez-toc-icon-toggle\"><\/i><\/label><input type=\"checkbox\" id=\"item\"><\/a><\/span><\/div>\n<nav><ul class='ez-toc-list ez-toc-list-level-1'><li class='ez-toc-page-1 ez-toc-heading-level-2'><a class=\"ez-toc-link ez-toc-heading-1\" href=\"https:\/\/nutrident.fr\/es\/panasonic-waterpik-ultra-wp-100\/#Presentacion\" title=\"Presentaci\u00f3n\">Presentaci\u00f3n<\/a><\/li><li class='ez-toc-page-1 ez-toc-heading-level-2'><a class=\"ez-toc-link ez-toc-heading-2\" href=\"https:\/\/nutrident.fr\/es\/panasonic-waterpik-ultra-wp-100\/#Diseno_del_Waterpik_Ultra_WP_100\" title=\"Dise\u00f1o del Waterpik Ultra WP 100\">Dise\u00f1o del Waterpik Ultra WP 100<\/a><\/li><li class='ez-toc-page-1 ez-toc-heading-level-2'><a class=\"ez-toc-link ez-toc-heading-3\" href=\"https:\/\/nutrident.fr\/es\/panasonic-waterpik-ultra-wp-100\/#Boquillas\" title=\"Boquillas\">Boquillas<\/a><\/li><li class='ez-toc-page-1 ez-toc-heading-level-2'><a class=\"ez-toc-link ez-toc-heading-4\" href=\"https:\/\/nutrident.fr\/es\/panasonic-waterpik-ultra-wp-100\/#Niveles_de_potencia\" title=\"Niveles de potencia\">Niveles de potencia<\/a><\/li><li class='ez-toc-page-1 ez-toc-heading-level-2'><a class=\"ez-toc-link ez-toc-heading-5\" href=\"https:\/\/nutrident.fr\/es\/panasonic-waterpik-ultra-wp-100\/#Precio_del_Waterpik_Ultra_WP_100\" title=\"Precio del Waterpik Ultra WP 100\">Precio del Waterpik Ultra WP 100<\/a><\/li><\/ul><\/nav><\/div>\n<h2><span class=\"ez-toc-section\" id=\"Presentacion\"><\/span>Presentaci\u00f3n<span class=\"ez-toc-section-end\"><\/span><\/h2>\n\n\n\n<p>El Waterpik Ultra WP100 es un <a href=\"https:\/\/nutrident.fr\/es\/irrigadores-dentales\/\" data-type=\"URL\" data-id=\"https:\/\/nutrident.fr\/es\/irrigadores-dentales\/\" target=\"_blank\" rel=\"noreferrer noopener\">irrigador dental<\/a> de alta gama con muchas caracter\u00edsticas y opciones. Adem\u00e1s de la acci\u00f3n de rociado, es compatible con seis puntas diferentes (incluyendo un cepillo de dientes) y cuenta con 10 niveles de potencia. Por lo tanto, este irrigador es <strong>perfecto para personas con aparatos<\/strong> de <a href=\"https:\/\/nutrident.fr\/es\/ortodoncia\/\" target=\"_blank\" data-type=\"URL\" rel=\"noreferrer noopener\">ortodoncia<\/a>.<\/p>\n\n\n\n<p>Est\u00e1 recomendada por la UFSBD (Union Fran\u00e7aise pour la Sant\u00e9 Bucco-Dentaire) y afirma ser la primera opci\u00f3n de los dentistas en Estados Unidos.<\/p>\n\n\n\n<div class=\"wp-container-2 is-content-justification-center wp-block-buttons\"><\/div>\n\n\n\n<h2><span class=\"ez-toc-section\" id=\"Diseno_del_Waterpik_Ultra_WP_100\"><\/span>Dise\u00f1o del Waterpik Ultra WP 100<span class=\"ez-toc-section-end\"><\/span><\/h2>\n\n\n\n<p>El dise\u00f1o del irrigador dental Waterpik Ultra WP 100 tiene unas curvas armoniosas y unos colores agradables. El irrigador de mesa es elegante y combina el blanco y el azul para integrarse mejor a cualquier ba\u00f1o. La base tiene dos grandes botones, uno para el encendido\/apagado y el otro para el <strong>ajuste del nivel de presi\u00f3n<\/strong>.<\/p>\n\n\n\n<p>El irrigador se apoya en el soporte previsto en la base y se conecta mediante una manguera blanca que se enrolla autom\u00e1ticamente y se guarda de forma natural en la base sin sobresalir. Las puntas individuales se guardan bajo la tapa del dep\u00f3sito.<\/p>\n\n\n\n<p>Este Waterpik <strong>es compacto<\/strong>, por lo que no ocupa demasiado espacio en la repisa del lavabo. Sin embargo, no est\u00e1 dise\u00f1ado para ser montado en la pared.<\/p>\n\n\n\n<h3>Dep\u00f3sito de 600 mililitros<\/h3>\n\n\n\n<p>La base est\u00e1 equipada con un dep\u00f3sito transl\u00facido que permite ver el nivel de agua en todo momento. Puede contener 600 mililitros, lo que es <strong>m\u00e1s que suficiente para una sesi\u00f3n<\/strong> e incluso puede cubrir dos.<\/p>\n\n\n\n<div style=\"height:50px\" aria-hidden=\"true\" class=\"wp-block-spacer\"><\/div>\n\n\n\n<div class=\"wp-container-3 wp-block-buttons\">\n<div class=\"wp-block-button aligncenter\"><a class=\"wp-block-button__link has-white-color has-vivid-cyan-blue-background-color has-text-color has-background\" href=\"https:\/\/amzn.to\/3bnLVeb\" target=\"_blank\" rel=\"noopener\">Compra este producto al mejor precio<\/a><\/div>\n<\/div>\n\n\n\n<div style=\"height:50px\" aria-hidden=\"true\" class=\"wp-block-spacer\"><\/div>\n\n\n\n<h2><span class=\"ez-toc-section\" id=\"Boquillas\"><\/span>Boquillas<span class=\"ez-toc-section-end\"><\/span><\/h2>\n\n\n\n<p>El Waterpik Ultra WP 100 se diferencia de sus competidores en que es compatible con una selecci\u00f3n de seis puntas o boquillas:<\/p>\n\n\n\n<ol><li>Punta est\u00e1ndar para uso general<\/li><li>Punta espec\u00edfica para implantes, coronas, puentes y cualquier otra <a href=\"https:\/\/nutrident.fr\/es\/dentaduras-postizas-fijas-y-removibles\/\" target=\"_blank\" data-type=\"URL\" data-id=\"https:\/\/nutrident.fr\/es\/dentaduras-postizas-fijas-y-removibles\/\" rel=\"noreferrer noopener\">pr\u00f3tesis dental<\/a><\/li><li>Boquilla de ortodoncia para aparatos<\/li><li>Punta Pik Pocket espec\u00edfica para las <a href=\"https:\/\/nutrident.fr\/es\/periodontitis\/\" target=\"_blank\" data-type=\"URL\" data-id=\"https:\/\/nutrident.fr\/es\/periodontitis\/\" rel=\"noreferrer noopener\">bolsas periodontales<\/a><\/li><li>Punta de raspador lingual para <a href=\"https:\/\/nutrident.fr\/es\/limpiador-de-lengua\/\" target=\"_blank\" data-type=\"URL\" data-id=\"https:\/\/nutrident.fr\/es\/limpiador-de-lengua\/\" rel=\"noreferrer noopener\">limpiar la lengua<\/a> y mantener el aliento fresco<\/li><li>Punta de cepillo de dientes que permite cepillarse como con un <a href=\"https:\/\/nutrident.fr\/es\/cepillos-de-dientes-electricos\/\" target=\"_blank\" data-type=\"URL\" data-id=\"https:\/\/nutrident.fr\/es\/cepillos-de-dientes-electricos\/\" rel=\"noreferrer noopener\">cepillo el\u00e9ctrico<\/a><\/li><\/ol>\n\n\n\n<p>La amplia gama de boquillas hace de Waterpik el aparato ideal para toda la familia, ya que <strong>se adapta a todas las bocas y necesidades<\/strong>. Es muy importante seguir los consejos espec\u00edficos para las personas con pr\u00f3tesis o aparatos de ortodoncia.<\/p>\n\n\n\n<p>No se debe abusar del raspador lingual, ya que hay que mantener el equilibrio natural de las bacterias en la boca, pero es muy \u00fatil despu\u00e9s de las comidas copiosas, despu\u00e9s del <a class=\"wpil_keyword_link\" title=\"caf\u00e9\" href=\"https:\/\/nutrident.fr\/es\/?page_id=16902\">caf\u00e9<\/a> o despu\u00e9s de un exceso de comida si se tiene la boca pastosa. La boquilla ser\u00e1 una gran ayuda para <strong>conseguir un aliento fresco<\/strong>.<\/p>\n\n\n\n<h2><span class=\"ez-toc-section\" id=\"Niveles_de_potencia\"><\/span>Niveles de potencia<span class=\"ez-toc-section-end\"><\/span><\/h2>\n\n\n\n<p>El chorro Waterpik Ultra WP tambi\u00e9n cuenta con <strong>diez niveles de potencia de chorro<\/strong>, mientras que la mayor\u00eda de sus competidores s\u00f3lo ofrecen dos o tres, a veces cinco.<\/p>\n\n\n<div class=\"wp-block-image\">\n<figure class=\"alignright size-medium\"><img width=\"300\" height=\"238\" src=\"https:\/\/nutrident.fr\/wp-content\/uploads\/2022\/06\/41VVtfzHQOL._AC_SY450_-300x238.jpg\" alt=\"\" class=\"wp-image-12902\" srcset=\"https:\/\/nutrident.fr\/wp-content\/uploads\/2022\/06\/41VVtfzHQOL._AC_SY450_-300x238.jpg 300w, https:\/\/nutrident.fr\/wp-content\/uploads\/2022\/06\/41VVtfzHQOL._AC_SY450_-240x190.jpg 240w, https:\/\/nutrident.fr\/wp-content\/uploads\/2022\/06\/41VVtfzHQOL._AC_SY450_.jpg 568w\" sizes=\"(max-width: 300px) 100vw, 300px\" \/><figcaption>La variedad de puntas y la gran capacidad del dep\u00f3sito son los puntos fuertes de este irrigador oral<\/figcaption><\/figure><\/div>\n\n\n<p>Si no est\u00e1s acostumbrado a utilizar un irrigador dental, siempre es una buena idea <strong>empezar con el nivel de potencia m\u00e1s bajo<\/strong> y aumentarlo gradualmente. Si comienzas con una presi\u00f3n excesiva y no est\u00e1s acostumbrado a ella, puede producirse un <a href=\"https:\/\/nutrident.fr\/es\/inflamacion-de-encias\/\" target=\"_blank\" data-type=\"URL\" data-id=\"https:\/\/nutrident.fr\/es\/inflamacion-de-encias\/\" rel=\"noreferrer noopener\">sangrado de las enc\u00edas<\/a>. No pasa nada si esto te ocurre una vez, pero no debe convertirse en un h\u00e1bito.<\/p>\n\n\n\n<p>Unas enc\u00edas sanas son esenciales para una buena dentadura. Las enc\u00edas est\u00e1n llenas de numerosos y finos <strong>vasos sangu\u00edneos que el chorro de agua estimular\u00e1<\/strong>. Una buena circulaci\u00f3n sangu\u00ednea es importante porque el tejido de las enc\u00edas mantiene los dientes en su cavidad y evita que se aflojen.<\/p>\n\n\n\n<p>Con este Waterpik, puedes elegir el nivel de potencia de forma muy precisa, por lo que podr\u00e1s encontrar el chorro ideal para cuidar tus enc\u00edas y darles un masaje al que se acostumbrar\u00e1n r\u00e1pidamente.<\/p>\n\n\n\n<h2><span class=\"ez-toc-section\" id=\"Precio_del_Waterpik_Ultra_WP_100\"><\/span>Precio del Waterpik Ultra WP 100<span class=\"ez-toc-section-end\"><\/span><\/h2>\n\n\n\n<p>El Waterpik Ultra WP 100 tiene un <strong>precio bastante est\u00e1ndar<\/strong> para un irrigador dental de mesa y se encuentra en el rango de los 100 euros. Si echas un vistazo en internet, podr\u00e1s encontrar f\u00e1cilmente otros modelos mucho m\u00e1s caros que tienen una calidad menor o igual, por lo que el Ultra WP 100 es una de las mejores opciones en el mercado.<\/p>\n\n\n\n<div class=\"wp-container-4 is-content-justification-center wp-block-buttons\"><\/div>\n<div class=\"article-data before-content\"><div class=\"article-data__date\"><div class=\"article-data__date-modified\"><time class=\"published\" datetime=\"2022-10-28T09:52:42+00:00\">This article was originally published on&nbsp;<span class=\"2\">octubre 28, 2022<\/span>&nbsp;and was most recently updated on&nbsp;<span>junio 13, 2023<\/span><\/time><br><\/div><\/div><\/div><div class=\"user-info\">    <div class=\"user-info__body\">\r\n      <div class=\"user-info__caption\"><span>Contributors:<\/span><\/div>\r\n\t\t\t        <div class=\"user-info__wrap \">\r\n          <div class=\"user-info__data\">\r\n            <div class=\"user-info__data__info\">\r\n              <div class=\"photo\">\r\n\t\t\t\t\t\t\t\t<img width=\"66\" height=\"61\" src=\"https:\/\/nutrident.fr\/wp-content\/uploads\/2023\/06\/unnamed-66x61.jpg\" class=\"attachment-profileImageAuthor size-profileImageAuthor wp-post-image\" alt=\"Dr Abel Jes\u00fas Pederzoli\" loading=\"lazy\" srcset=\"https:\/\/nutrident.fr\/wp-content\/uploads\/2023\/06\/unnamed-66x61.jpg 66w, https:\/\/nutrident.fr\/wp-content\/uploads\/2023\/06\/unnamed-300x279.jpg 300w, https:\/\/nutrident.fr\/wp-content\/uploads\/2023\/06\/unnamed-1024x952.jpg 1024w, https:\/\/nutrident.fr\/wp-content\/uploads\/2023\/06\/unnamed-768x714.jpg 768w, https:\/\/nutrident.fr\/wp-content\/uploads\/2023\/06\/unnamed-204x190.jpg 204w, https:\/\/nutrident.fr\/wp-content\/uploads\/2023\/06\/unnamed-120x112.jpg 120w, https:\/\/nutrident.fr\/wp-content\/uploads\/2023\/06\/unnamed.jpg 1125w\" sizes=\"(max-width: 66px) 100vw, 66px\" \/>              <\/div>\r\n              <a href=\"https:\/\/nutrident.fr\/es\/author\/dr-abel-jesus-pederzoli\/\" class=\"name\">Dr Abel Jes\u00fas Pederzoli<\/a>\r\n            <\/div>\r\n            <div class=\"user-info__data__social\">\r\n\t\t\t\t\t\t\t\t\t\t\t\t\t\t\t\t\t\t\t\t\t          <a href=\"https:\/\/clinicaleixample.es\/\"\r\n             class=\"soc-item website\">website<\/a>\r\n\t\t\t\t          <a href=\"http:\/\/linkedin.com\/in\/abel-jes%C3%BAs-pederzoli\"\r\n             class=\"soc-item linkedin\">linkedin<\/a>\r\n\t\t\t\t            <\/div>\r\n          <\/div>\r\n          <div class=\"user-info__description\">\r\n\t\t\t\t\t\t\t\t\t\t\t\t\t<p>Con t\u00edtulos obtenidos en la Facultad de Odontolog\u00eda de la Universidad Nacional de La Plata y una participaci\u00f3n activa en congresos y jornadas, el Dr. Pederzoli se mantiene actualizado en las \u00faltimas t\u00e9cnicas y avances en odontolog\u00eda. Actualmente se encuentra desarrollando un proyecto de consultor\u00eda tecnol\u00f3gica aplicada a cl\u00ednicas dentales.<\/p>\n\t\t\t\t\t\t          <\/div>\r\n        <\/div>\r\n\t\t\t\t    <\/div>\r\n\t<\/div><!--copyscapeskip--><div class=\"medical_references\"><div class=\"medical_references__heading\"><span>Fuentes M\u00e9dicas<\/span><\/div><div class=\"medical_references__list\"><p><strong>Mayo Clinic<\/strong>: <a href=\"https:\/\/www.mayoclinic.org\/es-es\/healthy-lifestyle\/adult-health\/expert-answers\/dental-floss\/faq-20058112\" target=\"_blank\" rel=\"noopener\">\u00bfEs m\u00e1s eficaz limpiar los dientes con irrigador bucal o con hilo dental est\u00e1ndar?<\/a> Consultado el 26 de abril de 2023.<\/p>\n<p><strong>Dentaid:<\/strong> <a href=\"https:\/\/www.dentaid.es\/pro\/dentaidExpertise\/1601\/cuando-recomiendas-el-uso-del-irrigador-bucal?_ga=2.156027067.1884312190.1682690119-1371686960.1679688243\" target=\"_blank\" rel=\"noopener\">\u00bfCu\u00e1ndo recomiendas el uso del irrigador bucal?<\/a> Consultado el 26 de abril de 2023.<\/p>\n<p>&nbsp;<\/p>\n<\/div><\/div><!--\/copyscapeskip-->","protected":false},"excerpt":{"rendered":"<p>Contributor:&nbsp; Dr Abel Jes\u00fas Pederzoli Updated:&nbsp;junio 13, 2023 El irrigador dental es una valiosa herramienta para una buena higiene bucal, ya que permite limpiar los espacios interdentales y masajear las enc\u00edas, combinando lo \u00fatil con lo agradable. De hecho, algunos estudios sugieren que puede mejorar considerablemente la salud periodontal y es especialmente \u00fatil para las [&hellip;]<\/p>\n","protected":false},"author":2,"featured_media":20909,"parent":0,"menu_order":0,"comment_status":"open","ping_status":"open","template":"","meta":{"inline_featured_image":false},"acf":[],"_links":{"self":[{"href":"https:\/\/nutrident.fr\/es\/wp-json\/wp\/v2\/pages\/17128"}],"collection":[{"href":"https:\/\/nutrident.fr\/es\/wp-json\/wp\/v2\/pages"}],"about":[{"href":"https:\/\/nutrident.fr\/es\/wp-json\/wp\/v2\/types\/page"}],"author":[{"embeddable":true,"href":"https:\/\/nutrident.fr\/es\/wp-json\/wp\/v2\/users\/2"}],"replies":[{"embeddable":true,"href":"https:\/\/nutrident.fr\/es\/wp-json\/wp\/v2\/comments?post=17128"}],"version-history":[{"count":23,"href":"https:\/\/nutrident.fr\/es\/wp-json\/wp\/v2\/pages\/17128\/revisions"}],"predecessor-version":[{"id":22086,"href":"https:\/\/nutrident.fr\/es\/wp-json\/wp\/v2\/pages\/17128\/revisions\/22086"}],"wp:featuredmedia":[{"embeddable":true,"href":"https:\/\/nutrident.fr\/es\/wp-json\/wp\/v2\/media\/20909"}],"wp:attachment":[{"href":"https:\/\/nutrident.fr\/es\/wp-json\/wp\/v2\/media?parent=17128"}],"curies":[{"name":"wp","href":"https:\/\/api.w.org\/{rel}","templated":true}]}}