

{"id":17135,"date":"2022-10-28T10:00:55","date_gmt":"2022-10-28T10:00:55","guid":{"rendered":"https:\/\/nutrident.fr\/?page_id=17135"},"modified":"2023-06-15T23:17:39","modified_gmt":"2023-06-15T23:17:39","slug":"polvo-blanqueador-de-wostoo","status":"publish","type":"page","link":"https:\/\/nutrident.fr\/es\/polvo-blanqueador-de-wostoo\/","title":{"rendered":"Polvo blanqueador de Wostoo: composici\u00f3n, ventajas y tratamiento"},"content":{"rendered":"<div class=\"meta\"><div class=\"meta__users\">    <div class=\"meta__users__reviewed\">\r\n      <p class=\"meta__users__caption\">Contributor:&nbsp;<\/p>\r\n      <div class=\"users\">\r\n        <span class=\"users__user\">\r\n          <a href=\"#\">Dr Abel Jes\u00fas Pederzoli<\/a>\r\n        <\/span>\r\n      <\/div>\r\n    <\/div>\r\n\t<\/div><div class=\"meta__date-modified\">Updated:&nbsp;<span>junio 15, 2023<\/span><\/div><\/div><div class=\"wp-block-image\">\n<figure class=\"alignright size-medium\"><img width=\"300\" height=\"276\" src=\"https:\/\/nutrident.fr\/wp-content\/uploads\/2022\/07\/71l1SO8X0mL._AC_SX425_PIbundle-2TopRight00_SH20_-300x276.jpg\" alt=\"\" class=\"wp-image-14030\" srcset=\"https:\/\/nutrident.fr\/wp-content\/uploads\/2022\/07\/71l1SO8X0mL._AC_SX425_PIbundle-2TopRight00_SH20_-300x276.jpg 300w, https:\/\/nutrident.fr\/wp-content\/uploads\/2022\/07\/71l1SO8X0mL._AC_SX425_PIbundle-2TopRight00_SH20_-207x190.jpg 207w, https:\/\/nutrident.fr\/wp-content\/uploads\/2022\/07\/71l1SO8X0mL._AC_SX425_PIbundle-2TopRight00_SH20_.jpg 425w\" sizes=\"(max-width: 300px) 100vw, 300px\" \/><figcaption>\u00bfQu\u00e9 le parece el polvo blanqueador dental de Wostoo?<\/figcaption><\/figure><\/div>\n\n\n<p>En la serie de <a href=\"https:\/\/nutrident.fr\/es\/blanqueamiento-profesional\/kit-blanqueador-dental\/\" target=\"_blank\" rel=\"noreferrer noopener\">productos de blanqueamiento<\/a> dental, el polvo blanqueador de Wostoo se sube a la ola de los productos ecol\u00f3gicos. A base de ingredientes naturales, la marca promete un blanqueamiento espectacular y seguro. <a href=\"https:\/\/nutrident.fr\/es\/\">Nutrident.es<\/a> le da su opini\u00f3n sobre este m\u00e9todo ecol\u00f3gico.<\/p>\n\n\n\n<div id=\"ez-toc-container\" class=\"ez-toc-v2_0_33_2 counter-hierarchy ez-toc-counter ez-toc-white ez-toc-container-direction\">\n<div class=\"ez-toc-title-container\">\n<p class=\"ez-toc-title\">Contenus<\/p>\n<span class=\"ez-toc-title-toggle\"><a href=\"#\" class=\"ez-toc-pull-right ez-toc-btn ez-toc-btn-xs ez-toc-btn-default ez-toc-toggle\" style=\"display: none;\"><label for=\"item\" aria-label=\"Tabla de contenidos\"><i class=\"ez-toc-glyphicon ez-toc-icon-toggle\"><\/i><\/label><input type=\"checkbox\" id=\"item\"><\/a><\/span><\/div>\n<nav><ul class='ez-toc-list ez-toc-list-level-1'><li class='ez-toc-page-1 ez-toc-heading-level-2'><a class=\"ez-toc-link ez-toc-heading-1\" href=\"https:\/\/nutrident.fr\/es\/polvo-blanqueador-de-wostoo\/#%C2%BFComo_puede_el_carbon_vegetal_blanquear_los_dientes\" title=\"\u00bfC\u00f3mo puede el carb\u00f3n vegetal blanquear los dientes?\">\u00bfC\u00f3mo puede el carb\u00f3n vegetal blanquear los dientes?<\/a><\/li><li class='ez-toc-page-1 ez-toc-heading-level-2'><a class=\"ez-toc-link ez-toc-heading-2\" href=\"https:\/\/nutrident.fr\/es\/polvo-blanqueador-de-wostoo\/#%C2%BFPor_que_confiar_en_el_polvo_blanqueador_de_Wostoo\" title=\"\u00bfPor qu\u00e9 confiar en el polvo blanqueador de Wostoo?\">\u00bfPor qu\u00e9 confiar en el polvo blanqueador de Wostoo?<\/a><\/li><li class='ez-toc-page-1 ez-toc-heading-level-2'><a class=\"ez-toc-link ez-toc-heading-3\" href=\"https:\/\/nutrident.fr\/es\/polvo-blanqueador-de-wostoo\/#%C2%BFCual_es_el_grado_de_blanqueamiento_dental\" title=\"\u00bfCu\u00e1l es el grado de blanqueamiento dental?\">\u00bfCu\u00e1l es el grado de blanqueamiento dental?<\/a><\/li><\/ul><\/nav><\/div>\n<h2><span class=\"ez-toc-section\" id=\"%C2%BFComo_puede_el_carbon_vegetal_blanquear_los_dientes\"><\/span>\u00bfC\u00f3mo puede el carb\u00f3n vegetal blanquear los dientes?<span class=\"ez-toc-section-end\"><\/span><\/h2>\n\n\n\n<p>El<strong> polvo blanqueador de dientes de Wostoo<\/strong> se basa en el carb\u00f3n de coco y puede preguntarse leg\u00edtimamente c\u00f3mo un polvo negro puede blanquear los dientes.<\/p>\n\n\n\n<p>El<strong> carb\u00f3n vegetal <\/strong>en polvo act\u00faa como un exfoliante para los dientes. Gracias a su capacidad abrasiva, elimina las sustancias que se adhieren a la superficie de los dientes, como el <a href=\"https:\/\/nutrident.fr\/es\/?page_id=16902\">caf\u00e9<\/a>, el t\u00e9, el vino, el tanino, etc. Como cada grano de polvo es poroso, tiene una gran capacidad de absorci\u00f3n. Una vez que las part\u00edculas se han desprendido del diente, son neutralizadas por el carb\u00f3n.<\/p>\n\n\n\n<p>No se puede cuestionar la utilidad del<strong> carb\u00f3n vegetal<\/strong>, ya que su eficacia est\u00e1 demostrada. El \u00fanico inconveniente es que debe ser prudente con su uso para no debilitar su <a href=\"https:\/\/nutrident.fr\/es\/?page_id=17011\">esmalte<\/a>.<\/p>\n\n\n\n<h2><span class=\"ez-toc-section\" id=\"%C2%BFPor_que_confiar_en_el_polvo_blanqueador_de_Wostoo\"><\/span>\u00bfPor qu\u00e9 confiar en el polvo blanqueador de Wostoo?<span class=\"ez-toc-section-end\"><\/span><\/h2>\n\n\n\n<h3>Un producto ecol\u00f3gico<\/h3>\n\n\n\n<p>Wostoo promete que su polvo est\u00e1 basado en<strong>ingredientes completamente naturales<\/strong>, sin ning\u00fan tipo de producto qu\u00edmico. La materia prima es la madera de coco. Por lo tanto, puede utilizarla sin miedo, pero sin abusar de ella para no crear demasiada sensibilidad. <strong>Wostoo <\/strong>debe considerarse como un complemento de su pasta de dientes diaria. Puede utilizarlo dos o tres veces por semana, dependiendo de sus h\u00e1bitos alimenticios.<\/p>\n\n\n\n<h3>Un m\u00e9todo pr\u00e1ctico<\/h3>\n\n\n\n<p>El <strong>polvo blanqueador de dientes Wostoo <\/strong>se utiliza de la misma manera que la pasta de dientes y, tras la sorpresa inicial, pronto se acostumbra al polvo. Enju\u00e1guese bien la boca al final para eliminar cualquier residuo de polvo.<\/p>\n\n\n<div class=\"wp-block-image\">\n<figure class=\"alignright size-medium\"><img width=\"300\" height=\"170\" src=\"https:\/\/nutrident.fr\/wp-content\/uploads\/2022\/07\/Depositphotos_460108294_S-1-300x170.jpg\" alt=\"\" class=\"wp-image-14027\" srcset=\"https:\/\/nutrident.fr\/wp-content\/uploads\/2022\/07\/Depositphotos_460108294_S-1-300x170.jpg 300w, https:\/\/nutrident.fr\/wp-content\/uploads\/2022\/07\/Depositphotos_460108294_S-1-768x434.jpg 768w, https:\/\/nutrident.fr\/wp-content\/uploads\/2022\/07\/Depositphotos_460108294_S-1-254x144.jpg 254w, https:\/\/nutrident.fr\/wp-content\/uploads\/2022\/07\/Depositphotos_460108294_S-1.jpg 1000w\" sizes=\"(max-width: 300px) 100vw, 300px\" \/><figcaption>Dos cepillos de dientes vienen con el polvo en el paquete de blanqueamiento dental  <\/figcaption><\/figure><\/div>\n\n\n<h3>Dos cepillos de dientes de madera de regalo<\/h3>\n\n\n\n<p>Para distinguirse de sus competidores, <strong>Wostoo <\/strong>le ofrece dos cepillos de dientes de madera de coco con cada caja que pida. Como todos los cepillos de dientes, son perecederos, pero cuando se agotan, se tiran al cubo de la composta, evitando la contaminaci\u00f3n de la recogida y luego la incineraci\u00f3n y el vertido que requieren los cepillos de dientes de pl\u00e1stico.<\/p>\n\n\n\n<h2><span class=\"ez-toc-section\" id=\"%C2%BFCual_es_el_grado_de_blanqueamiento_dental\"><\/span>\u00bfCu\u00e1l es el grado de blanqueamiento dental?<span class=\"ez-toc-section-end\"><\/span><\/h2>\n\n\n\n<p>El polvo blanqueador dental Wostoo es muy eficaz, ya que <strong>elimina las manchas<\/strong> que tiene en los dientes y evita que se formen otras nuevas. Las primeras veces que lo utilice, tardar\u00e1 unas cuantas sesiones en notar el blanqueamiento de los dientes, ya que las manchas antiguas no desaparecen tan f\u00e1cilmente. A continuaci\u00f3n, mantenga este estado.<\/p>\n\n\n\n<p>Sin embargo, Wostoo no sustituye la <strong>descalcificaci\u00f3n<\/strong>. Si ha permitido que <a href=\"https:\/\/nutrident.fr\/es\/?page_id=16341\">el sarro se acumule y se adhiera a sus dientes<\/a> con la calcificaci\u00f3n de la placa, Wostoo no podr\u00e1 eliminarlo. La \u00fanica soluci\u00f3n es concertar una <a href=\"https:\/\/nutrident.fr\/es\/?page_id=16855\">cita con el dentista<\/a> para un raspado (reembolsado por la seguridad social), con el fin de volver a empezar de forma saludable.<\/p>\n\n\n\n<p>Tenga tambi\u00e9n en cuenta que nunca tendr\u00e1 los <a href=\"https:\/\/nutrident.fr\/es\/?page_id=16616\">dientes m\u00e1s blancos<\/a> de lo que son naturalmente, tanto si utiliza alg\u00fan producto como si se somete a un <strong>tratamiento de blanqueamiento <\/strong>en una consulta dental. Wostoo hace que sus dientes sean m\u00e1s blancos, porque el polvo absorbe todas las manchas y devuelve los dientes a su estado original.<\/p>\n<div class=\"article-data before-content\"><div class=\"article-data__date\"><div class=\"article-data__date-modified\"><time class=\"published\" datetime=\"2022-10-28T10:00:55+00:00\">This article was originally published on&nbsp;<span class=\"2\">octubre 28, 2022<\/span>&nbsp;and was most recently updated on&nbsp;<span>junio 15, 2023<\/span><\/time><br><\/div><\/div><\/div><div class=\"user-info\">    <div class=\"user-info__body\">\r\n      <div class=\"user-info__caption\"><span>Contributors:<\/span><\/div>\r\n\t\t\t        <div class=\"user-info__wrap \">\r\n          <div class=\"user-info__data\">\r\n            <div class=\"user-info__data__info\">\r\n              <div class=\"photo\">\r\n\t\t\t\t\t\t\t\t<img width=\"66\" height=\"61\" src=\"https:\/\/nutrident.fr\/wp-content\/uploads\/2023\/06\/unnamed-66x61.jpg\" class=\"attachment-profileImageAuthor size-profileImageAuthor wp-post-image\" alt=\"Dr Abel Jes\u00fas Pederzoli\" loading=\"lazy\" srcset=\"https:\/\/nutrident.fr\/wp-content\/uploads\/2023\/06\/unnamed-66x61.jpg 66w, https:\/\/nutrident.fr\/wp-content\/uploads\/2023\/06\/unnamed-300x279.jpg 300w, https:\/\/nutrident.fr\/wp-content\/uploads\/2023\/06\/unnamed-1024x952.jpg 1024w, https:\/\/nutrident.fr\/wp-content\/uploads\/2023\/06\/unnamed-768x714.jpg 768w, https:\/\/nutrident.fr\/wp-content\/uploads\/2023\/06\/unnamed-204x190.jpg 204w, https:\/\/nutrident.fr\/wp-content\/uploads\/2023\/06\/unnamed-120x112.jpg 120w, https:\/\/nutrident.fr\/wp-content\/uploads\/2023\/06\/unnamed.jpg 1125w\" sizes=\"(max-width: 66px) 100vw, 66px\" \/>              <\/div>\r\n              <a href=\"https:\/\/nutrident.fr\/es\/author\/dr-abel-jesus-pederzoli\/\" class=\"name\">Dr Abel Jes\u00fas Pederzoli<\/a>\r\n            <\/div>\r\n            <div class=\"user-info__data__social\">\r\n\t\t\t\t\t\t\t\t\t\t\t\t\t\t\t\t\t\t\t\t\t          <a href=\"https:\/\/clinicaleixample.es\/\"\r\n             class=\"soc-item website\">website<\/a>\r\n\t\t\t\t          <a href=\"http:\/\/linkedin.com\/in\/abel-jes%C3%BAs-pederzoli\"\r\n             class=\"soc-item linkedin\">linkedin<\/a>\r\n\t\t\t\t            <\/div>\r\n          <\/div>\r\n          <div class=\"user-info__description\">\r\n\t\t\t\t\t\t\t\t\t\t\t\t\t<p>Con t\u00edtulos obtenidos en la Facultad de Odontolog\u00eda de la Universidad Nacional de La Plata y una participaci\u00f3n activa en congresos y jornadas, el Dr. Pederzoli se mantiene actualizado en las \u00faltimas t\u00e9cnicas y avances en odontolog\u00eda. Actualmente se encuentra desarrollando un proyecto de consultor\u00eda tecnol\u00f3gica aplicada a cl\u00ednicas dentales.<\/p>\n\t\t\t\t\t\t          <\/div>\r\n        <\/div>\r\n\t\t\t\t    <\/div>\r\n\t<\/div>","protected":false},"excerpt":{"rendered":"<p>Contributor:&nbsp; Dr Abel Jes\u00fas Pederzoli Updated:&nbsp;junio 15, 2023 En la serie de productos de blanqueamiento dental, el polvo blanqueador de Wostoo se sube a la ola de los productos ecol\u00f3gicos. A base de ingredientes naturales, la marca promete un blanqueamiento espectacular y seguro. Nutrident.es le da su opini\u00f3n sobre este m\u00e9todo ecol\u00f3gico. \u00bfC\u00f3mo puede el [&hellip;]<\/p>\n","protected":false},"author":2,"featured_media":17136,"parent":0,"menu_order":0,"comment_status":"open","ping_status":"open","template":"","meta":{"inline_featured_image":false},"acf":[],"_links":{"self":[{"href":"https:\/\/nutrident.fr\/es\/wp-json\/wp\/v2\/pages\/17135"}],"collection":[{"href":"https:\/\/nutrident.fr\/es\/wp-json\/wp\/v2\/pages"}],"about":[{"href":"https:\/\/nutrident.fr\/es\/wp-json\/wp\/v2\/types\/page"}],"author":[{"embeddable":true,"href":"https:\/\/nutrident.fr\/es\/wp-json\/wp\/v2\/users\/2"}],"replies":[{"embeddable":true,"href":"https:\/\/nutrident.fr\/es\/wp-json\/wp\/v2\/comments?post=17135"}],"version-history":[{"count":7,"href":"https:\/\/nutrident.fr\/es\/wp-json\/wp\/v2\/pages\/17135\/revisions"}],"predecessor-version":[{"id":21951,"href":"https:\/\/nutrident.fr\/es\/wp-json\/wp\/v2\/pages\/17135\/revisions\/21951"}],"wp:featuredmedia":[{"embeddable":true,"href":"https:\/\/nutrident.fr\/es\/wp-json\/wp\/v2\/media\/17136"}],"wp:attachment":[{"href":"https:\/\/nutrident.fr\/es\/wp-json\/wp\/v2\/media?parent=17135"}],"curies":[{"name":"wp","href":"https:\/\/api.w.org\/{rel}","templated":true}]}}