

{"id":17138,"date":"2022-10-28T09:50:57","date_gmt":"2022-10-28T09:50:57","guid":{"rendered":"https:\/\/nutrident.fr\/?page_id=17138"},"modified":"2023-06-13T10:31:47","modified_gmt":"2023-06-13T10:31:47","slug":"mordedor-sophie-la-jirafa","status":"publish","type":"page","link":"https:\/\/nutrident.fr\/es\/mordedor-sophie-la-jirafa\/","title":{"rendered":"Anillo de dentici\u00f3n Sophie la Jirafa: todo lo que necesita saber sobre este mordedor"},"content":{"rendered":"<div class=\"meta\"><div class=\"meta__users\">    <div class=\"meta__users__reviewed\">\r\n      <p class=\"meta__users__caption\">Contributor:&nbsp;<\/p>\r\n      <div class=\"users\">\r\n        <span class=\"users__user\">\r\n          <a href=\"#\">Dr Abel Jes\u00fas Pederzoli<\/a>\r\n        <\/span>\r\n      <\/div>\r\n    <\/div>\r\n\t<\/div><div class=\"meta__date-modified\">Updated:&nbsp;<span>junio 13, 2023<\/span><\/div><\/div><div class=\"wp-block-image\">\n<figure class=\"alignright size-full is-resized\"><img src=\"https:\/\/nutrident.fr\/wp-content\/uploads\/2023\/04\/anillo-de-denticion-sophie-la-jirafa.jpg\" alt=\"mordedor sophie la girafe\" class=\"wp-image-20848\" height=\"300\" srcset=\"https:\/\/nutrident.fr\/wp-content\/uploads\/2023\/04\/anillo-de-denticion-sophie-la-jirafa.jpg 466w, https:\/\/nutrident.fr\/wp-content\/uploads\/2023\/04\/anillo-de-denticion-sophie-la-jirafa-247x300.jpg 247w, https:\/\/nutrident.fr\/wp-content\/uploads\/2023\/04\/anillo-de-denticion-sophie-la-jirafa-156x190.jpg 156w, https:\/\/nutrident.fr\/wp-content\/uploads\/2023\/04\/anillo-de-denticion-sophie-la-jirafa-54x66.jpg 54w, https:\/\/nutrident.fr\/wp-content\/uploads\/2023\/04\/anillo-de-denticion-sophie-la-jirafa-99x120.jpg 99w\" sizes=\"(max-width: 466px) 100vw, 466px\" \/><figcaption>Mordedor de Sophie la Jirafa<\/figcaption><\/figure><\/div>\n\n\n<p>La aparici\u00f3n de nuevos dientes puede convertir la vida diaria de los ni\u00f1os y de los padres en un infierno. La buena noticia es que existen varias soluciones para aliviar estos brotes repentinos, entre los cuales los mordedores suelen ser los preferidos de los beb\u00e9s.<\/p>\n\n\n\n<p>En este art\u00edculo, hablaremos sobre el anillo de dentici\u00f3n Sophie la Jirafa, un producto dise\u00f1ado para aliviar el dolor de enc\u00edas durante esta etapa.<\/p>\n\n\n\n<div id=\"ez-toc-container\" class=\"ez-toc-v2_0_33_2 counter-hierarchy ez-toc-counter ez-toc-white ez-toc-container-direction\">\n<div class=\"ez-toc-title-container\">\n<p class=\"ez-toc-title\">Contenus<\/p>\n<span class=\"ez-toc-title-toggle\"><a href=\"#\" class=\"ez-toc-pull-right ez-toc-btn ez-toc-btn-xs ez-toc-btn-default ez-toc-toggle\" style=\"display: none;\"><label for=\"item\" aria-label=\"Tabla de contenidos\"><i class=\"ez-toc-glyphicon ez-toc-icon-toggle\"><\/i><\/label><input type=\"checkbox\" id=\"item\"><\/a><\/span><\/div>\n<nav><ul class='ez-toc-list ez-toc-list-level-1'><li class='ez-toc-page-1 ez-toc-heading-level-2'><a class=\"ez-toc-link ez-toc-heading-1\" href=\"https:\/\/nutrident.fr\/es\/mordedor-sophie-la-jirafa\/#%C2%BFPara_que_sirve_un_mordedor\" title=\"\u00bfPara qu\u00e9 sirve un mordedor?\">\u00bfPara qu\u00e9 sirve un mordedor?<\/a><\/li><li class='ez-toc-page-1 ez-toc-heading-level-2'><a class=\"ez-toc-link ez-toc-heading-2\" href=\"https:\/\/nutrident.fr\/es\/mordedor-sophie-la-jirafa\/#%C2%BFQue_es_el_anillo_de_denticion_Sophie_la_Jirafa\" title=\"\u00bfQu\u00e9 es el anillo de dentici\u00f3n Sophie la Jirafa?\">\u00bfQu\u00e9 es el anillo de dentici\u00f3n Sophie la Jirafa?<\/a><\/li><li class='ez-toc-page-1 ez-toc-heading-level-2'><a class=\"ez-toc-link ez-toc-heading-3\" href=\"https:\/\/nutrident.fr\/es\/mordedor-sophie-la-jirafa\/#El_diseno_del_mordedor_Sophie_la_jirafa_SoPure\" title=\"El dise\u00f1o del mordedor Sophie la jirafa So'Pure\">El dise\u00f1o del mordedor Sophie la jirafa So'Pure<\/a><\/li><li class='ez-toc-page-1 ez-toc-heading-level-2'><a class=\"ez-toc-link ez-toc-heading-4\" href=\"https:\/\/nutrident.fr\/es\/mordedor-sophie-la-jirafa\/#La_materia_prima\" title=\"La materia prima\">La materia prima<\/a><\/li><li class='ez-toc-page-1 ez-toc-heading-level-2'><a class=\"ez-toc-link ez-toc-heading-5\" href=\"https:\/\/nutrident.fr\/es\/mordedor-sophie-la-jirafa\/#Precio_del_mordedor_Sophie_la_Jirafa\" title=\"Precio del mordedor Sophie la Jirafa\">Precio del mordedor Sophie la Jirafa<\/a><\/li><\/ul><\/nav><\/div>\n<h2><span class=\"ez-toc-section\" id=\"%C2%BFPara_que_sirve_un_mordedor\"><\/span>\u00bfPara qu\u00e9 sirve un mordedor?<span class=\"ez-toc-section-end\"><\/span><\/h2>\n\n\n\n<p>Cuando los <a href=\"https:\/\/nutrident.fr\/es\/dientes-de-leche\/\" data-type=\"URL\" data-id=\"https:\/\/nutrident.fr\/es\/dientes-de-leche\/\" target=\"_blank\" rel=\"noreferrer noopener\">dientes de leche<\/a> comienzan a crecer, el beb\u00e9 siente dolor y busca alivio masticando sus dedos o cualquier objeto que est\u00e9 a su alcance.  El <a href=\"https:\/\/nutrident.fr\/es\/mordedor-para-bebe\/\" data-type=\"URL\" data-id=\"https:\/\/nutrident.fr\/es\/mordedor-para-bebe\/\" target=\"_blank\" rel=\"noreferrer noopener\">mordedor<\/a> est\u00e1 dise\u00f1ado para evitar que se meta otras cosas en la boca y para <strong>aliviar el dolor masajeando las enc\u00edas<\/strong>. El anillo tambi\u00e9n tiene el efecto de estimular el crecimiento de los dientes.<\/p>\n\n\n\n<p>Adem\u00e1s de aliviar su dolor, el mordedor permite al ni\u00f1o descubrir las formas y los colores, mientras <strong>aprende a coger los objetos<\/strong> con la mano.<\/p>\n\n\n\n<h2><span class=\"ez-toc-section\" id=\"%C2%BFQue_es_el_anillo_de_denticion_Sophie_la_Jirafa\"><\/span>\u00bfQu\u00e9 es el anillo de dentici\u00f3n Sophie la Jirafa?<span class=\"ez-toc-section-end\"><\/span><\/h2>\n\n\n\n<p>El anillo de dentici\u00f3n de Sophie la Jirafa es un mordedor para beb\u00e9s dise\u00f1ado para aliviar el dolor de la enc\u00edas que provoca la erupci\u00f3n de <a href=\"https:\/\/nutrident.fr\/es\/cuidar-dientes-del-bebe\/\" target=\"_blank\" data-type=\"URL\" data-id=\"https:\/\/nutrident.fr\/es\/cuidar-dientes-del-bebe\/\" rel=\"noreferrer noopener\">los primeros dientes<\/a>. Es un producto muy popular gracias a su ic\u00f3nica jirafa y es <strong>recomendado por muchos pediatras y dentistas<\/strong> para ayudar al beb\u00e9 durante esta etapa tan inc\u00f3moda. <\/p>\n\n\n\n<p>Este mordedor est\u00e1 fabricado con <strong>caucho natural<\/strong> y tiene una textura suave que ayuda a masajear las enc\u00edas del beb\u00e9. Adem\u00e1s, es libre de BPA (una sustancia industrial que se usa para fabricar varios tipos de pl\u00e1stico) y ftalatos, lo que lo hace muy seguro para los m\u00e1s peque\u00f1os de la casa.<\/p>\n\n\n\n<p>Tambi\u00e9n existen otros mordedores para beb\u00e9 y juguetes de la jirafa Sophie, pero el anillo de dentici\u00f3n con dos anillos es probablemente el mejor de toda la l\u00ednea pues cuenta con <strong>diferentes texturas<\/strong> para masajear las enc\u00edas y es ergon\u00f3mico y f\u00e1cil de agarrar para los beb\u00e9s.<\/p>\n\n\n\n<h2><span class=\"ez-toc-section\" id=\"El_diseno_del_mordedor_Sophie_la_jirafa_SoPure\"><\/span>El dise\u00f1o del mordedor Sophie la jirafa So'Pure<span class=\"ez-toc-section-end\"><\/span><\/h2>\n\n\n\n<p>El anillo de dentici\u00f3n Sophie la Jirafa consta de <strong>dos anillos que rodean a la jirafa<\/strong>. Por lo tanto, el objeto es muy f\u00e1cil de sostener y manejar para los beb\u00e9s.<\/p>\n\n\n\n<p>El simp\u00e1tico animal de color crema con manchas marrones y mejillas rosadas es un \u00edcono mundial y <strong>permite al ni\u00f1o masticar cualquier parte<\/strong>: los anillos, por supuesto, pero tambi\u00e9n las orejas, los peque\u00f1os cuernos o las largas extremidades.<\/p>\n\n\n<div class=\"wp-block-image\">\n<figure class=\"alignright size-medium\"><img width=\"300\" height=\"200\" src=\"https:\/\/nutrident.fr\/wp-content\/uploads\/2022\/07\/Depositphotos_310983328_S-300x200.jpg\" alt=\"anillo de dentici\u00f3n Sophie la Jirafa\" class=\"wp-image-14010\" srcset=\"https:\/\/nutrident.fr\/wp-content\/uploads\/2022\/07\/Depositphotos_310983328_S-300x200.jpg 300w, https:\/\/nutrident.fr\/wp-content\/uploads\/2022\/07\/Depositphotos_310983328_S-768x512.jpg 768w, https:\/\/nutrident.fr\/wp-content\/uploads\/2022\/07\/Depositphotos_310983328_S-254x169.jpg 254w, https:\/\/nutrident.fr\/wp-content\/uploads\/2022\/07\/Depositphotos_310983328_S.jpg 1000w\" sizes=\"(max-width: 300px) 100vw, 300px\" \/><figcaption>Sophie la Jirafa es famosa en el mundo de la primera infancia<\/figcaption><\/figure><\/div>\n\n\n<p>Cada anillo tiene<strong> una textura diferente<\/strong>, uno con p\u00faas, otro con crestas y el resto del animal es liso. As\u00ed, el ni\u00f1o puede elegir la parte que m\u00e1s le genera alivio.<\/p>\n\n\n\n<p>El mordedor Sophie la Girafe est\u00e1 disponible en dos versiones, suave y extra suave. Es <strong>adecuado para todas las edades<\/strong> desde el nacimiento. Es muy ligero y pueden utilizarlos los m\u00e1s peque\u00f1os para ejercitar su agarre, incluso antes de que les salgan los primeros dientes.<\/p>\n\n\n\n<h2><span class=\"ez-toc-section\" id=\"La_materia_prima\"><\/span>La materia prima<span class=\"ez-toc-section-end\"><\/span><\/h2>\n\n\n\n<p>Sophie la Girafe est\u00e1 hecha de<strong> l\u00e1tex 100% natural<\/strong> procedente de la savia del \u00e1rbol del caucho y los tintes utilizados tambi\u00e9n son naturales. Por lo tanto, es un producto perfectamente sano, sin ning\u00fan riesgo para la salud de tu hijo.<\/p>\n\n\n\n<p>Algunas personas pueden quejarse del <strong>ligero olor de la goma<\/strong> al principio, pero a los ni\u00f1os no suele molestarles. Si fuera de otro modo, Sophie la Girafe nunca habr\u00eda tenido tanto \u00e9xito mundial.<\/p>\n\n\n\n<h2><span class=\"ez-toc-section\" id=\"Precio_del_mordedor_Sophie_la_Jirafa\"><\/span>Precio del mordedor Sophie la Jirafa<span class=\"ez-toc-section-end\"><\/span><\/h2>\n\n\n\n<p>Dependiendo del vendedor, el anillo de dentici\u00f3n Sophie la Jirafa se suele encontrar por unos 15 euros. Como todos los productos de esta l\u00ednea, el mordedor es bonito, pero tambi\u00e9n se ha prestado especial atenci\u00f3n al embalaje con una caja muy atractiva. Por tanto, es perfecto como regalo para un reci\u00e9n nacido o para un ni\u00f1o en edad de dentici\u00f3n.<\/p>\n<div class=\"article-data before-content\"><div class=\"article-data__date\"><div class=\"article-data__date-modified\"><time class=\"published\" datetime=\"2022-10-28T09:50:57+00:00\">This article was originally published on&nbsp;<span class=\"2\">octubre 28, 2022<\/span>&nbsp;and was most recently updated on&nbsp;<span>junio 13, 2023<\/span><\/time><br><\/div><\/div><\/div><div class=\"user-info\">    <div class=\"user-info__body\">\r\n      <div class=\"user-info__caption\"><span>Contributors:<\/span><\/div>\r\n\t\t\t        <div class=\"user-info__wrap \">\r\n          <div class=\"user-info__data\">\r\n            <div class=\"user-info__data__info\">\r\n              <div class=\"photo\">\r\n\t\t\t\t\t\t\t\t<img width=\"66\" height=\"61\" src=\"https:\/\/nutrident.fr\/wp-content\/uploads\/2023\/06\/unnamed-66x61.jpg\" class=\"attachment-profileImageAuthor size-profileImageAuthor wp-post-image\" alt=\"Dr Abel Jes\u00fas Pederzoli\" loading=\"lazy\" srcset=\"https:\/\/nutrident.fr\/wp-content\/uploads\/2023\/06\/unnamed-66x61.jpg 66w, https:\/\/nutrident.fr\/wp-content\/uploads\/2023\/06\/unnamed-300x279.jpg 300w, https:\/\/nutrident.fr\/wp-content\/uploads\/2023\/06\/unnamed-1024x952.jpg 1024w, https:\/\/nutrident.fr\/wp-content\/uploads\/2023\/06\/unnamed-768x714.jpg 768w, https:\/\/nutrident.fr\/wp-content\/uploads\/2023\/06\/unnamed-204x190.jpg 204w, https:\/\/nutrident.fr\/wp-content\/uploads\/2023\/06\/unnamed-120x112.jpg 120w, https:\/\/nutrident.fr\/wp-content\/uploads\/2023\/06\/unnamed.jpg 1125w\" sizes=\"(max-width: 66px) 100vw, 66px\" \/>              <\/div>\r\n              <a href=\"https:\/\/nutrident.fr\/es\/author\/dr-abel-jesus-pederzoli\/\" class=\"name\">Dr Abel Jes\u00fas Pederzoli<\/a>\r\n            <\/div>\r\n            <div class=\"user-info__data__social\">\r\n\t\t\t\t\t\t\t\t\t\t\t\t\t\t\t\t\t\t\t\t\t          <a href=\"https:\/\/clinicaleixample.es\/\"\r\n             class=\"soc-item website\">website<\/a>\r\n\t\t\t\t          <a href=\"http:\/\/linkedin.com\/in\/abel-jes%C3%BAs-pederzoli\"\r\n             class=\"soc-item linkedin\">linkedin<\/a>\r\n\t\t\t\t            <\/div>\r\n          <\/div>\r\n          <div class=\"user-info__description\">\r\n\t\t\t\t\t\t\t\t\t\t\t\t\t<p>Con t\u00edtulos obtenidos en la Facultad de Odontolog\u00eda de la Universidad Nacional de La Plata y una participaci\u00f3n activa en congresos y jornadas, el Dr. Pederzoli se mantiene actualizado en las \u00faltimas t\u00e9cnicas y avances en odontolog\u00eda. Actualmente se encuentra desarrollando un proyecto de consultor\u00eda tecnol\u00f3gica aplicada a cl\u00ednicas dentales.<\/p>\n\t\t\t\t\t\t          <\/div>\r\n        <\/div>\r\n\t\t\t\t    <\/div>\r\n\t<\/div>","protected":false},"excerpt":{"rendered":"<p>Contributor:&nbsp; Dr Abel Jes\u00fas Pederzoli Updated:&nbsp;junio 13, 2023 La aparici\u00f3n de nuevos dientes puede convertir la vida diaria de los ni\u00f1os y de los padres en un infierno. La buena noticia es que existen varias soluciones para aliviar estos brotes repentinos, entre los cuales los mordedores suelen ser los preferidos de los beb\u00e9s. En este [&hellip;]<\/p>\n","protected":false},"author":2,"featured_media":20852,"parent":0,"menu_order":0,"comment_status":"open","ping_status":"open","template":"","meta":{"inline_featured_image":false},"acf":[],"_links":{"self":[{"href":"https:\/\/nutrident.fr\/es\/wp-json\/wp\/v2\/pages\/17138"}],"collection":[{"href":"https:\/\/nutrident.fr\/es\/wp-json\/wp\/v2\/pages"}],"about":[{"href":"https:\/\/nutrident.fr\/es\/wp-json\/wp\/v2\/types\/page"}],"author":[{"embeddable":true,"href":"https:\/\/nutrident.fr\/es\/wp-json\/wp\/v2\/users\/2"}],"replies":[{"embeddable":true,"href":"https:\/\/nutrident.fr\/es\/wp-json\/wp\/v2\/comments?post=17138"}],"version-history":[{"count":8,"href":"https:\/\/nutrident.fr\/es\/wp-json\/wp\/v2\/pages\/17138\/revisions"}],"predecessor-version":[{"id":21897,"href":"https:\/\/nutrident.fr\/es\/wp-json\/wp\/v2\/pages\/17138\/revisions\/21897"}],"wp:featuredmedia":[{"embeddable":true,"href":"https:\/\/nutrident.fr\/es\/wp-json\/wp\/v2\/media\/20852"}],"wp:attachment":[{"href":"https:\/\/nutrident.fr\/es\/wp-json\/wp\/v2\/media?parent=17138"}],"curies":[{"name":"wp","href":"https:\/\/api.w.org\/{rel}","templated":true}]}}