

{"id":17141,"date":"2022-10-28T09:49:15","date_gmt":"2022-10-28T09:49:15","guid":{"rendered":"https:\/\/nutrident.fr\/?page_id=17141"},"modified":"2023-06-13T10:31:25","modified_gmt":"2023-06-13T10:31:25","slug":"mordedor-mam","status":"publish","type":"page","link":"https:\/\/nutrident.fr\/es\/mordedor-mam\/","title":{"rendered":"Mordedor MAM: todo lo que debe saber sobre este anillo de dentici\u00f3n para beb\u00e9s"},"content":{"rendered":"<div class=\"meta\"><div class=\"meta__users\">    <div class=\"meta__users__reviewed\">\r\n      <p class=\"meta__users__caption\">Contributor:&nbsp;<\/p>\r\n      <div class=\"users\">\r\n        <span class=\"users__user\">\r\n          <a href=\"#\">Dr Abel Jes\u00fas Pederzoli<\/a>\r\n        <\/span>\r\n      <\/div>\r\n    <\/div>\r\n\t<\/div><div class=\"meta__date-modified\">Updated:&nbsp;<span>junio 13, 2023<\/span><\/div><\/div><div class=\"wp-block-image\">\n<figure class=\"alignright size-full is-resized\"><img src=\"https:\/\/nutrident.fr\/wp-content\/uploads\/2023\/04\/mordedor-mam.jpg\" alt=\"\" class=\"wp-image-20856\" width=\"200\" height=\"300\"\/><figcaption>Mordedor MAM<\/figcaption><\/figure><\/div>\n\n\n<p>El mordedor MAM es un producto dise\u00f1ado para calmar el dolor y las molestias del beb\u00e9 durante la etapa de dentici\u00f3n. El objeto masajea la enc\u00eda y estimula el diente para que salga, adem\u00e1s de aliviar las sensaciones inc\u00f3modas que causa la erupci\u00f3n de los primeros dientes.<\/p>\n\n\n\n<p>En este art\u00edculo, hablaremos sobre las cualidades del anillo de dentici\u00f3n MAM, su dise\u00f1o, sus materiales y d\u00f3nde puedes comprarlo.<\/p>\n\n\n\n<div id=\"ez-toc-container\" class=\"ez-toc-v2_0_33_2 counter-hierarchy ez-toc-counter ez-toc-white ez-toc-container-direction\">\n<div class=\"ez-toc-title-container\">\n<p class=\"ez-toc-title\">Contenus<\/p>\n<span class=\"ez-toc-title-toggle\"><a href=\"#\" class=\"ez-toc-pull-right ez-toc-btn ez-toc-btn-xs ez-toc-btn-default ez-toc-toggle\" style=\"display: none;\"><label for=\"item\" aria-label=\"Tabla de contenidos\"><i class=\"ez-toc-glyphicon ez-toc-icon-toggle\"><\/i><\/label><input type=\"checkbox\" id=\"item\"><\/a><\/span><\/div>\n<nav><ul class='ez-toc-list ez-toc-list-level-1'><li class='ez-toc-page-1 ez-toc-heading-level-2'><a class=\"ez-toc-link ez-toc-heading-1\" href=\"https:\/\/nutrident.fr\/es\/mordedor-mam\/#El_diseno_del_mordedor_refrigerante_MAM\" title=\"El dise\u00f1o del mordedor refrigerante MAM\">El dise\u00f1o del mordedor refrigerante MAM<\/a><\/li><li class='ez-toc-page-1 ez-toc-heading-level-2'><a class=\"ez-toc-link ez-toc-heading-2\" href=\"https:\/\/nutrident.fr\/es\/mordedor-mam\/#Ergonomia\" title=\"Ergonom\u00eda\">Ergonom\u00eda<\/a><\/li><li class='ez-toc-page-1 ez-toc-heading-level-2'><a class=\"ez-toc-link ez-toc-heading-3\" href=\"https:\/\/nutrident.fr\/es\/mordedor-mam\/#El_valor_de_refrigeracion_del_anillo_MAM\" title=\"El valor de refrigeraci\u00f3n del anillo MAM\">El valor de refrigeraci\u00f3n del anillo MAM<\/a><\/li><li class='ez-toc-page-1 ez-toc-heading-level-2'><a class=\"ez-toc-link ez-toc-heading-4\" href=\"https:\/\/nutrident.fr\/es\/mordedor-mam\/#El_material\" title=\"El material\">El material<\/a><\/li><li class='ez-toc-page-1 ez-toc-heading-level-2'><a class=\"ez-toc-link ez-toc-heading-5\" href=\"https:\/\/nutrident.fr\/es\/mordedor-mam\/#%C2%BFDonde_comprar_el_anillo_de_refrigeracion_MAM\" title=\"\u00bfD\u00f3nde comprar el anillo de refrigeraci\u00f3n MAM?\">\u00bfD\u00f3nde comprar el anillo de refrigeraci\u00f3n MAM?<\/a><\/li><\/ul><\/nav><\/div>\n<h2><span class=\"ez-toc-section\" id=\"El_diseno_del_mordedor_refrigerante_MAM\"><\/span>El dise\u00f1o del mordedor refrigerante MAM<span class=\"ez-toc-section-end\"><\/span><\/h2>\n\n\n\n<p>El mordedor refrigerante MAM es un <a href=\"https:\/\/nutrident.fr\/es\/mordedor-para-bebe\/\" target=\"_blank\" data-type=\"URL\" data-id=\"https:\/\/nutrident.fr\/es\/mordedor-para-bebe\/\" rel=\"noreferrer noopener\">anillo de dentici\u00f3n<\/a> con un saliente de tres puntas. Cada una de sus ramas tiene <strong>diferentes relieves<\/strong>: rayas, peque\u00f1as espigas redondeadas y espigas m\u00e1s grandes tambi\u00e9n redondeadas.<\/p>\n\n\n\n<p>Su dise\u00f1o es bastante bonito sin ser revolucionario, pero lo que cuenta es la longitud de sus ramas que permiten <strong>alcanzar la parte posterior de la boca<\/strong>. Por lo tanto, el mordedor MAM ser\u00e1 muy \u00fatil cuando salgan los <a href=\"https:\/\/nutrident.fr\/es\/dientes-de-leche\/\" target=\"_blank\" data-type=\"URL\" data-id=\"https:\/\/nutrident.fr\/es\/dientes-de-leche\/\" rel=\"noreferrer noopener\">premolares y los molares<\/a>. El anillo est\u00e1 disponible en varios modelos muy coloridos, pero ten cuidado al elegir ya que no todos cuentan con estas tres puntas.<\/p>\n\n\n<div class=\"wp-block-image\">\n<figure class=\"alignright size-medium\"><img width=\"300\" height=\"200\" src=\"https:\/\/nutrident.fr\/wp-content\/uploads\/2022\/07\/Depositphotos_49891983_S-1-300x200.jpg\" alt=\"mordedor MAM\" class=\"wp-image-13999\" srcset=\"https:\/\/nutrident.fr\/wp-content\/uploads\/2022\/07\/Depositphotos_49891983_S-1-300x200.jpg 300w, https:\/\/nutrident.fr\/wp-content\/uploads\/2022\/07\/Depositphotos_49891983_S-1-768x513.jpg 768w, https:\/\/nutrident.fr\/wp-content\/uploads\/2022\/07\/Depositphotos_49891983_S-1-254x170.jpg 254w, https:\/\/nutrident.fr\/wp-content\/uploads\/2022\/07\/Depositphotos_49891983_S-1.jpg 999w\" sizes=\"(max-width: 300px) 100vw, 300px\" \/><\/figure><\/div>\n\n\n<h2><span class=\"ez-toc-section\" id=\"Ergonomia\"><\/span>Ergonom\u00eda<span class=\"ez-toc-section-end\"><\/span><\/h2>\n\n\n\n<p>El mordedor MAM es <strong>f\u00e1cil de sujetar<\/strong> para los beb\u00e9s y las diferentes texturas de las puntas les permiten elegir la que les proporcione m\u00e1s alivio.<\/p>\n\n\n\n<p>Aunque las puntas permiten llegar a la parte posterior de la boca, <a href=\"https:\/\/nutrident.fr\/es\/mordedor-sophie-la-jirafa\/\">el anillo<\/a> en s\u00ed es bastante grande y a menudo demasiado grande para las bocas peque\u00f1as. En el paquete se indica que es para ni\u00f1os de m\u00e1s de cuatro meses, pero es m\u00e1s adecuado <strong>para beb\u00e9s de seis meses en adelante<\/strong>.<\/p>\n\n\n\n<h2><span class=\"ez-toc-section\" id=\"El_valor_de_refrigeracion_del_anillo_MAM\"><\/span>El valor de refrigeraci\u00f3n del anillo MAM<span class=\"ez-toc-section-end\"><\/span><\/h2>\n\n\n\n<p>El mordedor MAM est\u00e1 lleno de agua, as\u00ed que puedes <strong>guardarlo en la nevera<\/strong> y d\u00e1rselo a tu hijo cuando est\u00e9 bien fr\u00edo. El fr\u00edo tiene un efecto calmante, ya que puede dormir en cierta medida los tejidos y, por tanto, disminuir la sensaci\u00f3n de dolor.<\/p>\n\n\n\n<p>Dado que el l\u00edquido de este anillo de dentici\u00f3n es agua en lugar de gel, <strong>tiende a calentarse<\/strong> con bastante rapidez, pero a\u00fan as\u00ed el beb\u00e9 podr\u00e1 disfrutar de la frescura del mordedor por un buen tiempo.<\/p>\n\n\n\n<h2><span class=\"ez-toc-section\" id=\"El_material\"><\/span>El material<span class=\"ez-toc-section-end\"><\/span><\/h2>\n\n\n<div class=\"wp-block-image\">\n<figure class=\"alignright size-medium\"><img width=\"300\" height=\"200\" src=\"https:\/\/nutrident.fr\/wp-content\/uploads\/2022\/07\/Depositphotos_50123769_S-300x200.jpg\" alt=\"Anillo dental MAM\" class=\"wp-image-14002\" srcset=\"https:\/\/nutrident.fr\/wp-content\/uploads\/2022\/07\/Depositphotos_50123769_S-300x200.jpg 300w, https:\/\/nutrident.fr\/wp-content\/uploads\/2022\/07\/Depositphotos_50123769_S-768x512.jpg 768w, https:\/\/nutrident.fr\/wp-content\/uploads\/2022\/07\/Depositphotos_50123769_S-254x169.jpg 254w, https:\/\/nutrident.fr\/wp-content\/uploads\/2022\/07\/Depositphotos_50123769_S.jpg 1000w\" sizes=\"(max-width: 300px) 100vw, 300px\" \/><\/figure><\/div>\n\n\n<p>El fabricante no especifica la composici\u00f3n de la silicona o del caucho, pero asegura que no contiene bisfenol, A o S (BPA y BPS). Est\u00e1 garantizado que es <strong>seguro para la salud del ni\u00f1o<\/strong>.<\/p>\n\n\n\n<p>El mordedor MAM, como la mayor\u00eda de los anillos dentales, es muy <strong>f\u00e1cil de limpiar<\/strong>, simplemente pas\u00e1ndolo por agua jabonosa y aclar\u00e1ndolo bien. Es aconsejable lavarlo a menudo, especialmente cuando tu hijo lo deje caer al suelo.<\/p>\n\n\n\n<h2><span class=\"ez-toc-section\" id=\"%C2%BFDonde_comprar_el_anillo_de_refrigeracion_MAM\"><\/span>\u00bfD\u00f3nde comprar el anillo de refrigeraci\u00f3n MAM?<span class=\"ez-toc-section-end\"><\/span><\/h2>\n\n\n\n<p>Como la mayor\u00eda de los accesorios \u00abpara beb\u00e9s\u00bb, el mordedor MAM est\u00e1 disponible en l\u00ednea en todas las plataformas de compra y en las tiendas especializadas. Puedes echarle un vistazo al precio en Amazon aqu\u00ed. <\/p>\n\n\n\n<div class=\"wp-container-1 is-content-justification-center wp-block-buttons\"><\/div>\n<div class=\"article-data before-content\"><div class=\"article-data__date\"><div class=\"article-data__date-modified\"><time class=\"published\" datetime=\"2022-10-28T09:49:15+00:00\">This article was originally published on&nbsp;<span class=\"2\">octubre 28, 2022<\/span>&nbsp;and was most recently updated on&nbsp;<span>junio 13, 2023<\/span><\/time><br><\/div><\/div><\/div><div class=\"user-info\">    <div class=\"user-info__body\">\r\n      <div class=\"user-info__caption\"><span>Contributors:<\/span><\/div>\r\n\t\t\t        <div class=\"user-info__wrap \">\r\n          <div class=\"user-info__data\">\r\n            <div class=\"user-info__data__info\">\r\n              <div class=\"photo\">\r\n\t\t\t\t\t\t\t\t<img width=\"66\" height=\"61\" src=\"https:\/\/nutrident.fr\/wp-content\/uploads\/2023\/06\/unnamed-66x61.jpg\" class=\"attachment-profileImageAuthor size-profileImageAuthor wp-post-image\" alt=\"Dr Abel Jes\u00fas Pederzoli\" loading=\"lazy\" srcset=\"https:\/\/nutrident.fr\/wp-content\/uploads\/2023\/06\/unnamed-66x61.jpg 66w, https:\/\/nutrident.fr\/wp-content\/uploads\/2023\/06\/unnamed-300x279.jpg 300w, https:\/\/nutrident.fr\/wp-content\/uploads\/2023\/06\/unnamed-1024x952.jpg 1024w, https:\/\/nutrident.fr\/wp-content\/uploads\/2023\/06\/unnamed-768x714.jpg 768w, https:\/\/nutrident.fr\/wp-content\/uploads\/2023\/06\/unnamed-204x190.jpg 204w, https:\/\/nutrident.fr\/wp-content\/uploads\/2023\/06\/unnamed-120x112.jpg 120w, https:\/\/nutrident.fr\/wp-content\/uploads\/2023\/06\/unnamed.jpg 1125w\" sizes=\"(max-width: 66px) 100vw, 66px\" \/>              <\/div>\r\n              <a href=\"https:\/\/nutrident.fr\/es\/author\/dr-abel-jesus-pederzoli\/\" class=\"name\">Dr Abel Jes\u00fas Pederzoli<\/a>\r\n            <\/div>\r\n            <div class=\"user-info__data__social\">\r\n\t\t\t\t\t\t\t\t\t\t\t\t\t\t\t\t\t\t\t\t\t          <a href=\"https:\/\/clinicaleixample.es\/\"\r\n             class=\"soc-item website\">website<\/a>\r\n\t\t\t\t          <a href=\"http:\/\/linkedin.com\/in\/abel-jes%C3%BAs-pederzoli\"\r\n             class=\"soc-item linkedin\">linkedin<\/a>\r\n\t\t\t\t            <\/div>\r\n          <\/div>\r\n          <div class=\"user-info__description\">\r\n\t\t\t\t\t\t\t\t\t\t\t\t\t<p>Con t\u00edtulos obtenidos en la Facultad de Odontolog\u00eda de la Universidad Nacional de La Plata y una participaci\u00f3n activa en congresos y jornadas, el Dr. Pederzoli se mantiene actualizado en las \u00faltimas t\u00e9cnicas y avances en odontolog\u00eda. Actualmente se encuentra desarrollando un proyecto de consultor\u00eda tecnol\u00f3gica aplicada a cl\u00ednicas dentales.<\/p>\n\t\t\t\t\t\t          <\/div>\r\n        <\/div>\r\n\t\t\t\t    <\/div>\r\n\t<\/div>","protected":false},"excerpt":{"rendered":"<p>Contributor:&nbsp; Dr Abel Jes\u00fas Pederzoli Updated:&nbsp;junio 13, 2023 El mordedor MAM es un producto dise\u00f1ado para calmar el dolor y las molestias del beb\u00e9 durante la etapa de dentici\u00f3n. El objeto masajea la enc\u00eda y estimula el diente para que salga, adem\u00e1s de aliviar las sensaciones inc\u00f3modas que causa la erupci\u00f3n de los primeros dientes. [&hellip;]<\/p>\n","protected":false},"author":2,"featured_media":17142,"parent":0,"menu_order":0,"comment_status":"open","ping_status":"open","template":"","meta":{"inline_featured_image":false},"acf":[],"_links":{"self":[{"href":"https:\/\/nutrident.fr\/es\/wp-json\/wp\/v2\/pages\/17141"}],"collection":[{"href":"https:\/\/nutrident.fr\/es\/wp-json\/wp\/v2\/pages"}],"about":[{"href":"https:\/\/nutrident.fr\/es\/wp-json\/wp\/v2\/types\/page"}],"author":[{"embeddable":true,"href":"https:\/\/nutrident.fr\/es\/wp-json\/wp\/v2\/users\/2"}],"replies":[{"embeddable":true,"href":"https:\/\/nutrident.fr\/es\/wp-json\/wp\/v2\/comments?post=17141"}],"version-history":[{"count":9,"href":"https:\/\/nutrident.fr\/es\/wp-json\/wp\/v2\/pages\/17141\/revisions"}],"predecessor-version":[{"id":21890,"href":"https:\/\/nutrident.fr\/es\/wp-json\/wp\/v2\/pages\/17141\/revisions\/21890"}],"wp:featuredmedia":[{"embeddable":true,"href":"https:\/\/nutrident.fr\/es\/wp-json\/wp\/v2\/media\/17142"}],"wp:attachment":[{"href":"https:\/\/nutrident.fr\/es\/wp-json\/wp\/v2\/media?parent=17141"}],"curies":[{"name":"wp","href":"https:\/\/api.w.org\/{rel}","templated":true}]}}