

{"id":17145,"date":"2022-10-28T09:58:49","date_gmt":"2022-10-28T09:58:49","guid":{"rendered":"https:\/\/nutrident.fr\/?page_id=17145"},"modified":"2023-06-13T10:09:39","modified_gmt":"2023-06-13T10:09:39","slug":"smile-avenue","status":"publish","type":"page","link":"https:\/\/nutrident.fr\/es\/blanqueamiento-profesional\/kit-blanqueador-dental\/smile-avenue\/","title":{"rendered":"Kit de blanqueamiento dental Smile Avenue: opini\u00f3n, ventajas y desventajas"},"content":{"rendered":"<div class=\"meta\"><div class=\"meta__users\">    <div class=\"meta__users__reviewed\">\r\n      <p class=\"meta__users__caption\">Contributor:&nbsp;<\/p>\r\n      <div class=\"users\">\r\n        <span class=\"users__user\">\r\n          <a href=\"#\">Dr Abel Jes\u00fas Pederzoli<\/a>\r\n        <\/span>\r\n      <\/div>\r\n    <\/div>\r\n\t<\/div><div class=\"meta__date-modified\">Updated:&nbsp;<span>junio 13, 2023<\/span><\/div><\/div><div class=\"wp-block-image\">\n<figure class=\"alignright size-medium\"><img width=\"300\" height=\"300\" src=\"https:\/\/nutrident.fr\/wp-content\/uploads\/2019\/07\/smileavenue1b-1-1024x1024-1-300x300.jpeg\" alt=\"kit de blanqueamiento dental smile avenue\" class=\"wp-image-9029\" srcset=\"https:\/\/nutrident.fr\/wp-content\/uploads\/2019\/07\/smileavenue1b-1-1024x1024-1-300x300.jpeg 300w, https:\/\/nutrident.fr\/wp-content\/uploads\/2019\/07\/smileavenue1b-1-1024x1024-1-150x150.jpeg 150w, https:\/\/nutrident.fr\/wp-content\/uploads\/2019\/07\/smileavenue1b-1-1024x1024-1-768x768.jpeg 768w, https:\/\/nutrident.fr\/wp-content\/uploads\/2019\/07\/smileavenue1b-1-1024x1024-1-980x980.jpeg 980w, https:\/\/nutrident.fr\/wp-content\/uploads\/2019\/07\/smileavenue1b-1-1024x1024-1-480x480.jpeg 480w, https:\/\/nutrident.fr\/wp-content\/uploads\/2019\/07\/smileavenue1b-1-1024x1024-1.jpeg 1024w\" sizes=\"(max-width: 300px) 100vw, 300px\" \/><figcaption>\u00bfQu\u00e9 opinan los usuarios de este kit de blanqueamiento dental?<\/figcaption><\/figure><\/div>\n\n\n<p>Los kits de blanqueamiento dental han evolucionado mucho en los \u00faltimos a\u00f1os y ahora ofrecen una <strong>alternativa efectiva y barata<\/strong> al blanqueamiento en el dentista.  <\/p>\n\n\n\n<p>Hoy, en <a href=\"https:\/\/nutrident.fr\/es\/\">Nutrident.es<\/a> te traemos un <em>review<\/em> del kit de blanqueamiento dental Smile Avenue, un producto americano que garantiza excelentes resultados y sin que tu esmalte y enc\u00edas corran ning\u00fan riesgo.<\/p>\n\n\n\n<div class=\"wp-container-1 is-content-justification-center wp-block-buttons\">\n<div class=\"wp-block-button\"><a class=\"wp-block-button__link has-white-color has-text-color has-background\" href=\"https:\/\/smile-avenue.com\/es\/product\/kit-de-blanchiment-dentaire-smile-avenue\/ref\/nutrisp\/\" style=\"background-color:#41a3e5\" target=\"_blank\" rel=\"noopener\">Haz clic aqu\u00ed para comprar el kit de blanqueamiento al mejor precio  <\/a><\/div>\n<\/div>\n\n\n\n<div id=\"ez-toc-container\" class=\"ez-toc-v2_0_33_2 counter-hierarchy ez-toc-counter ez-toc-white ez-toc-container-direction\">\n<div class=\"ez-toc-title-container\">\n<p class=\"ez-toc-title\">Contenus<\/p>\n<span class=\"ez-toc-title-toggle\"><a href=\"#\" class=\"ez-toc-pull-right ez-toc-btn ez-toc-btn-xs ez-toc-btn-default ez-toc-toggle\" style=\"display: none;\"><label for=\"item\" aria-label=\"Tabla de contenidos\"><i class=\"ez-toc-glyphicon ez-toc-icon-toggle\"><\/i><\/label><input type=\"checkbox\" id=\"item\"><\/a><\/span><\/div>\n<nav><ul class='ez-toc-list ez-toc-list-level-1'><li class='ez-toc-page-1 ez-toc-heading-level-2'><a class=\"ez-toc-link ez-toc-heading-1\" href=\"https:\/\/nutrident.fr\/es\/blanqueamiento-profesional\/kit-blanqueador-dental\/smile-avenue\/#%C2%BFQue_es_el_kit_de_blanqueamiento_dental_Smile_Avenue\" title=\"\u00bfQu\u00e9 es el kit de blanqueamiento dental Smile Avenue?\">\u00bfQu\u00e9 es el kit de blanqueamiento dental Smile Avenue?<\/a><\/li><li class='ez-toc-page-1 ez-toc-heading-level-2'><a class=\"ez-toc-link ez-toc-heading-2\" href=\"https:\/\/nutrident.fr\/es\/blanqueamiento-profesional\/kit-blanqueador-dental\/smile-avenue\/#Contenido_del_kit_Smile_Avenue\" title=\"Contenido del kit Smile Avenue\">Contenido del kit Smile Avenue<\/a><\/li><li class='ez-toc-page-1 ez-toc-heading-level-2'><a class=\"ez-toc-link ez-toc-heading-3\" href=\"https:\/\/nutrident.fr\/es\/blanqueamiento-profesional\/kit-blanqueador-dental\/smile-avenue\/#Ventajas_de_usar_el_kit_Smile_Avenue\" title=\"Ventajas de usar el kit Smile Avenue\">Ventajas de usar el kit Smile Avenue<\/a><\/li><li class='ez-toc-page-1 ez-toc-heading-level-2'><a class=\"ez-toc-link ez-toc-heading-4\" href=\"https:\/\/nutrident.fr\/es\/blanqueamiento-profesional\/kit-blanqueador-dental\/smile-avenue\/#%C2%BFDonde_comprar_el_kit_de_blanqueamiento_de_Smile_Avenue\" title=\"\u00bfD\u00f3nde comprar el kit de blanqueamiento de Smile Avenue?\">\u00bfD\u00f3nde comprar el kit de blanqueamiento de Smile Avenue?<\/a><\/li><li class='ez-toc-page-1 ez-toc-heading-level-2'><a class=\"ez-toc-link ez-toc-heading-5\" href=\"https:\/\/nutrident.fr\/es\/blanqueamiento-profesional\/kit-blanqueador-dental\/smile-avenue\/#Conclusion\" title=\"Conclusi\u00f3n\">Conclusi\u00f3n<\/a><\/li><li class='ez-toc-page-1 ez-toc-heading-level-2'><a class=\"ez-toc-link ez-toc-heading-6\" href=\"https:\/\/nutrident.fr\/es\/blanqueamiento-profesional\/kit-blanqueador-dental\/smile-avenue\/#Preguntas_frecuentes\" title=\"Preguntas frecuentes\">Preguntas frecuentes<\/a><\/li><\/ul><\/nav><\/div>\n<h2><span class=\"ez-toc-section\" id=\"%C2%BFQue_es_el_kit_de_blanqueamiento_dental_Smile_Avenue\"><\/span>\u00bfQu\u00e9 es el kit de blanqueamiento dental Smile Avenue?<span class=\"ez-toc-section-end\"><\/span><\/h2>\n\n\n\n<p>El n\u00famero de <a href=\"https:\/\/nutrident.fr\/es\/blanqueamiento-profesional\/kit-blanqueador-dental\/\" target=\"_blank\" rel=\"noreferrer noopener\">kits de blanqueamiento dental<\/a> se ha multiplicado en los \u00faltimos a\u00f1os y no todos funcionan igual o son igual de efectivos. El kit de blanqueamiento dental Smile Avenue<strong> es como el de la consulta del dentista<\/strong>, pero es m\u00e1s barato y se usa en la comodidad de tu propia casa. El procedimiento es muy simple:<\/p>\n\n\n\n<ol><li>Cep\u00edllate los dientes<\/li><li>Pasa el l\u00e1piz blanqueador por la superficie de cada diente<\/li><li>Utiliza la f\u00e9rula con luz LED durante media hora<\/li><li>Retira la f\u00e9rula y vuelve a cepillarte los dientes<\/li><\/ol>\n\n\n\n<h3>Ingredientes blanqueadores<\/h3>\n\n\n\n<p>El gel que se aplica en la f\u00e9rula contiene PAP (\u00e1cido ftalimidoperoxicaproico), un producto m\u00e1s suave que el per\u00f3xido que utilizan los dentistas cuando <a href=\"https:\/\/nutrident.fr\/es\/blanqueamiento-profesional\/\" target=\"_blank\" rel=\"noreferrer noopener\">blanquean los dientes en la consulta<\/a>. Es un producto que se ha vuelto popular en los kits de blanqueamiento ya que es menos corrosivo y m\u00e1s amable con el esmalte que el per\u00f3xido de hidr\u00f3geno que antes se utilizaba en la mayor\u00eda de las f\u00f3rmulas.<\/p>\n\n\n\n<p>El PAP es completamente seguro de usar y funciona oxidando las manchas en la superficie dental. Seg\u00fan Smile Avenue, este compuesto es tan efectivo para blanquear los dientes como los ingredientes tradicionales (per\u00f3xido), pero tiene la ventaja a\u00f1adida de ser m\u00e1s seguro y suave para los dientes.<\/p>\n\n\n\n<p>La f\u00f3rmula de Smile Avenue tambi\u00e9n contiene hidroxiapatita, un ingrediente que ayuda a remineralizar los dientes y a protegerlos de la sensibilidad dental.<\/p>\n\n\n\n<h3>Garant\u00eda de fiabilidad y seguridad<\/h3>\n\n\n\n<p>El kit de blanqueamiento dental de Smile Avenue<strong> <\/strong>se fabrica en Estados Unidos, un pa\u00eds pionero en el cuidado dental. Dada la feroz competencia en el mercado de la higiene dental, Smile Avenue ha apostado por un producto de alta gama a un <strong>precio muy asequible<\/strong>, con resultados equivalentes a un tratamiento profesional.<\/p>\n\n\n\n<p>Adem\u00e1s, los estadounidenses no bromean con la seguridad. Los fabricantes saben que si su producto es m\u00ednimamente peligroso, un consumidor puede llevarlos a los tribunales y las sumas de dinero en juego son colosales. Por ello, Smile Avenue <strong>ha sido sometido a todos los controles<\/strong> de las agencias sanitarias para cumplir con las normas americanas y europeas. <\/p>\n\n\n\n<p>Puedes tener la seguridad de que est\u00e1s utilizando un producto aprobado en los pa\u00edses europeos y Estados Unidos. El kit cumple con la Directiva 2011\/84\/UE, que regula el blanqueamiento dental en Europa, y est\u00e1 registrado en el CPNP (Portal de Notificaci\u00f3n de Productos Cosm\u00e9ticos). La l\u00e1mpara LED lleva la marca CE y cumple con la legislaci\u00f3n europea.<\/p>\n\n\n\n<h2><span class=\"ez-toc-section\" id=\"Contenido_del_kit_Smile_Avenue\"><\/span>Contenido del kit Smile Avenue<span class=\"ez-toc-section-end\"><\/span><\/h2>\n\n\n\n<p>El kit de Smile Avenue es muy completo y en cuanto lo recibas podr\u00e1s comenzar a blanquear tus dientes de inmediato.<\/p>\n\n\n\n<p>El paquete se compone de :<\/p>\n\n\n\n<ul><li>1 f\u00e9rula universal que se utiliza para ambas arcadas<\/li><li>4 l\u00e1pices de gel blanqueador que alcanzan para 24 sesiones<\/li><li>1 l\u00e1mpara LED que acelera el efecto del gel<\/li><li>1 gu\u00eda de colores<\/li><li>1 manual de usuario<\/li><\/ul>\n\n\n\n<div class=\"wp-container-2 is-content-justification-center wp-block-buttons\">\n<div class=\"wp-block-button\"><a class=\"wp-block-button__link has-white-color has-text-color has-background\" href=\"https:\/\/smile-avenue.com\/es\/product\/kit-de-blanchiment-dentaire-smile-avenue\/ref\/nutrisp\/\" style=\"background-color:#41a3e5\" target=\"_blank\" rel=\"noopener\">Haz clic aqu\u00ed para conseguir este kit de blanqueamiento al mejor precio  <\/a><\/div>\n<\/div>\n\n\n\n<h2><span class=\"ez-toc-section\" id=\"Ventajas_de_usar_el_kit_Smile_Avenue\"><\/span>Ventajas de usar el kit Smile Avenue<span class=\"ez-toc-section-end\"><\/span><\/h2>\n\n\n\n<p>El beneficio principal de este kit de blanqueamiento es que <strong>es totalmente seguro para tus dientes<\/strong> y enc\u00edas. Ten en cuenta que el gel no tiene ning\u00fan efecto sobre las pr\u00f3tesis y trabajos dentales. Si tienes coronas, puentes, <a href=\"https:\/\/nutrident.fr\/es\/empastes-dentales-o-amalgama\/\">empastes de composite<\/a>, etc., el blanqueamiento no cambiar\u00e1 su color.<\/p>\n\n\n\n<p>El tratamiento 24 d\u00edas y toma solo media hora al d\u00eda. Puedes quedarte en casa, leer un libro, ver la televisi\u00f3n o trabajar en tu ordenador, pues el tratamiento no restringe el movimiento ni las actividades.<\/p>\n\n\n\n<p>La luz LED funciona<strong> conect\u00e1ndola al smartphone<\/strong>, lo que te permite moverte por toda la casa durante el blanqueamiento. Al igual que un blanqueamiento dental profesional, los resultados del kit son duraderos.<\/p>\n\n\n<div class=\"wp-block-image\">\n<figure class=\"alignright size-medium\"><img width=\"300\" height=\"225\" src=\"https:\/\/nutrident.fr\/wp-content\/uploads\/2020\/05\/54548-1-300x225.jpg\" alt=\"luz led kit de blanqueamiento\" class=\"wp-image-5318\" srcset=\"https:\/\/nutrident.fr\/wp-content\/uploads\/2020\/05\/54548-1-300x225.jpg 300w, https:\/\/nutrident.fr\/wp-content\/uploads\/2020\/05\/54548-1-510x382.jpg 510w, https:\/\/nutrident.fr\/wp-content\/uploads\/2020\/05\/54548-1-480x360.jpg 480w, https:\/\/nutrident.fr\/wp-content\/uploads\/2020\/05\/54548-1.jpg 750w\" sizes=\"(max-width: 300px) 100vw, 300px\" \/><\/figure><\/div>\n\n\n<h2><span class=\"ez-toc-section\" id=\"%C2%BFDonde_comprar_el_kit_de_blanqueamiento_de_Smile_Avenue\"><\/span>\u00bfD\u00f3nde comprar el kit de blanqueamiento de Smile Avenue?<span class=\"ez-toc-section-end\"><\/span><\/h2>\n\n\n\n<p>Puedes encontrar el kit de blanqueamiento de Smile Avenue en Amazon, pero es mejor comprarlo directamente en la tienda oficial. Ahora mismo puedes obtener un 15% de descuento con el c\u00f3digo SUMMER.  <\/p>\n\n\n\n<p class=\"has-text-align-center\"><a href=\"https:\/\/smile-avenue.com\/product\/kit-de-blanchiment-dentaire-smile-avenue\/ref\/smiledenta\/\" target=\"_blank\" rel=\"noopener\"><strong>Haz clic aqu\u00ed para obtener tu kit Smile Avenue<\/strong><\/a><\/p>\n\n\n\n<p>Entre los comentarios y opiniones positivas que tiene en la web, se menciona a menudo la <strong>excelente relaci\u00f3n calidad-precio<\/strong> del producto, su durabilidad y el n\u00famero de componentes de este kit de blanqueamiento dental. Tambi\u00e9n se destaca su facilidad de uso, la claridad de las instrucciones, la comodidad del dispositivo LED (que se conecta a trav\u00e9s del smartphone), su eficacia en los dientes amarillos, entre otras muchas cosas.<\/p>\n\n\n\n<div class=\"wp-container-3 is-content-justification-center wp-block-buttons\">\n<div class=\"wp-block-button\"><a class=\"wp-block-button__link has-white-color has-text-color has-background\" href=\"https:\/\/smile-avenue.com\/es\/product\/kit-de-blanchiment-dentaire-smile-avenue\/ref\/nutrisp\/\" style=\"background-color:#41a3e5\" target=\"_blank\" rel=\"noopener\">Haz clic aqu\u00ed para conseguir este kit de blanqueamiento al mejor precio  <\/a><\/div>\n<\/div>\n\n\n\n<h2><span class=\"ez-toc-section\" id=\"Conclusion\"><\/span>Conclusi\u00f3n<span class=\"ez-toc-section-end\"><\/span><\/h2>\n\n\n\n<p>Despu\u00e9s de haber analizado y probado el kit de blanqueamiento dental Smile Avenue, el equipo de <a href=\"https:\/\/nutrident.fr\/es\/\">Nutrident.es<\/a> no puede sino recomendar este producto. Este m\u00e9todo no solo es seguro para los dientes y enc\u00edas, sino que tambi\u00e9n es extremadamente eficaz. <strong>Los resultados son muy r\u00e1pidos<\/strong> y notar\u00e1s desde la primera semana que tu sonrisa se vuelve m\u00e1s brillante.<\/p>\n\n\n\n<p>Otra ventaja importante es que no es en absoluto restrictivo. De hecho, veinte minutos al d\u00eda durante 2 semanas es un peque\u00f1o precio a pagar para mejorar la apariencia de tu sonrisa, aumentar tu confianza y que te sientas mejor contigo mismo. En cuanto el precio, este kit es <strong>muy<\/strong> <strong>asequible<\/strong> y adem\u00e1s puedes obtener un descuento utilizando nuestro c\u00f3digo de cup\u00f3n.<\/p>\n\n\n\n<p>No cometas el error de descuidar el cepillado dental durante el tratamiento. Ning\u00fan m\u00e9todo de blanqueamiento puede sustituir una higiene bucal impecable con un cepillado regular y eficaz.<\/p>\n\n\n\n<h2><span class=\"ez-toc-section\" id=\"Preguntas_frecuentes\"><\/span>Preguntas frecuentes<span class=\"ez-toc-section-end\"><\/span><\/h2>\n\n\n<div id=\"rank-math-faq\" class=\"rank-math-block\">\n<div class=\"rank-math-list \">\n<div id=\"faq-question-1670085315064\" class=\"rank-math-list-item\">\n<h3 class=\"rank-math-question \">\u00bfCon qu\u00e9 frecuencia debe utilizarse el kit de blanqueamiento?<\/h3>\n<div class=\"rank-math-answer \">\n\n<p>Util\u00edzalo diariamente hasta que se acabe el gel o hasta que consigas el tono deseado.<\/p>\n\n<\/div>\n<\/div>\n<div id=\"faq-question-1670085364697\" class=\"rank-math-list-item\">\n<h3 class=\"rank-math-question \">\u00bfC\u00f3mo utilizar el kit de blanqueamiento de Smile Avenue?<\/h3>\n<div class=\"rank-math-answer \">\n\n<p>Es muy sencillo, solo tienes que untar el gel blanqueador sobre los dientes, colocar la f\u00e9rula en tu boca y encender la luz LED durante 20-30 minutos. Al finalizar, enju\u00e1gate la boca con agua.<\/p>\n\n<\/div>\n<\/div>\n<div id=\"faq-question-1670085549971\" class=\"rank-math-list-item\">\n<h3 class=\"rank-math-question \">\u00bfQu\u00e9 precauciones hay que tomar con Smile Avenue?<\/h3>\n<div class=\"rank-math-answer \">\n\n<p>Para usar el kit de blanqueamiento dental <strong>Smile<\/strong> <strong>Avenue<\/strong> debes seguir ciertas <strong>medidas de seguridad<\/strong>:<br \/>&#8211; El gel nunca debe entrar en contacto con los ojos. Si esto ocurre, lava bien tus ojos con agua limpia.<br \/>&#8211; Evita tomar ciertas bebidas mientras dura el tratamiento (2 semanas), como por ejemplo <a href=\"https:\/\/nutrident.fr\/es\/blanqueamiento-profesional\/manchas-cafe\/\" target=\"_blank\" rel=\"noreferrer noopener\">caf\u00e9<\/a>, t\u00e9, refrescos, etc.<br \/>&#8211; No fumes durante el periodo de tratamiento.<br \/>&#8211; Para las personas que tienen dientes o enc\u00edas sensibles, es aconsejable hablar con su dentista antes de usar el producto.<br \/>&#8211; Habla con un dentista antes de utilizar este m\u00e9todo en ni\u00f1os menores de 12 a\u00f1os.<br \/>&#8211; Mantener fuera del alcance de los ni\u00f1os.<br \/>&#8211; No utilices el producto si es al\u00e9rgico a alguno de los ingredientes del gel.<\/p>\n\n<\/div>\n<\/div>\n<div id=\"faq-question-1670085729192\" class=\"rank-math-list-item\">\n<h3 class=\"rank-math-question \">\u00bfLas mujeres embarazadas o en per\u00edodo de lactancia pueden usar el kit de Smile Avenue?<\/h3>\n<div class=\"rank-math-answer \">\n\n<p> <strong>Smile<\/strong> <strong>Avenue<\/strong> no debe utilizarse durante <strong>el embarazo<\/strong> o <strong>la lactancia<\/strong>, ya que no hay datos suficientes para garantizar tu seguridad. En estas circunstancias, es mejor no correr riesgos y abstenerse de utilizar este m\u00e9todo de blanqueamiento dental hasta el final del embarazo y del periodo de lactancia.<\/p>\n\n<\/div>\n<\/div>\n<div id=\"faq-question-1670085789786\" class=\"rank-math-list-item\">\n<h3 class=\"rank-math-question \">\u00bfPuedo utilizar el kit de blanqueamiento Smile Avenue si tengo una caries?<\/h3>\n<div class=\"rank-math-answer \">\n\n<p>No se recomienda utilizar este m\u00e9todo de blanqueamiento dental en caso de <strong>   <a class=\"wpil_keyword_link\" title=\"caries\" data-wpil-keyword-link=\"linked\" href=\"https:\/\/nutrident.fr\/es\/caries-y-dieta\/\">caries<\/a> <\/strong>u otras <strong>infecciones<\/strong> <strong>orales<\/strong> (gingivitis, periodontitis, abscesos dentales, etc.), ya que puede empeorar la situaci\u00f3n. Por lo tanto, cualquier patolog\u00eda oral debe ser tratada adecuadamente antes de considerar el blanqueamiento dental.<\/p>\n\n<\/div>\n<\/div>\n<div id=\"faq-question-1670085860099\" class=\"rank-math-list-item\">\n<h3 class=\"rank-math-question \">\u00bfSe puede utilizar el kit de blanqueamiento en los trabajos dentales?<\/h3>\n<div class=\"rank-math-answer \">\n\n<p>Smile Avenue <strong>trabaja exclusivamente sobre dientes naturales. <\/strong>Por lo tanto, es totalmente in\u00fatil utilizar este producto en carillas, coronas o implantes dentales, ya que no tiene ning\u00fan efecto, positivo o negativo, sobre estos componentes artificiales.<\/p>\n\n<\/div>\n<\/div>\n<div id=\"faq-question-1670085956143\" class=\"rank-math-list-item\">\n<h3 class=\"rank-math-question \">\u00bfDebo seguir cepillando mis dientes durante el tratamiento con Smile Avenue?<\/h3>\n<div class=\"rank-math-answer \">\n\n<p>El uso de un kit de blanqueamiento no te exime en absoluto del cepillado regular y diario recomendado por los profesionales de la salud dental.<\/p>\n\n<\/div>\n<\/div>\n<div id=\"faq-question-1670086051754\" class=\"rank-math-list-item\">\n<h3 class=\"rank-math-question \">\u00bfCu\u00e1les son los efectos secundarios del kit de blanqueamiento Smile Avenue?<\/h3>\n<div class=\"rank-math-answer \">\n\n<p><strong>Smile<\/strong> <strong>Avenue<\/strong> es un producto que cumple las normas de <strong>seguridad<\/strong> y <strong>calidad<\/strong> m\u00e1s estrictas del mundo, concretamente las del mercado europeo y estadounidense. Es un m\u00e9todo <strong>totalmente<\/strong> <strong>seguro<\/strong>, sin efectos indeseables que mencionar siempre que se sigan las instrucciones de uso y se respeten las contraindicaciones (alergias, embarazo, lactancia, etc.).<\/p>\n\n<\/div>\n<\/div>\n<\/div>\n<\/div>\n\n\n<div class=\"wp-container-4 is-content-justification-center wp-block-buttons\">\n<div class=\"wp-block-button\"><a class=\"wp-block-button__link has-white-color has-text-color has-background\" href=\"https:\/\/smile-avenue.com\/es\/product\/kit-de-blanchiment-dentaire-smile-avenue\/ref\/nutrisp\/\" style=\"background-color:#41a3e5\" target=\"_blank\" rel=\"noopener\">Haz clic aqu\u00ed para conseguir el kit de blanqueamiento al mejor precio  <\/a><\/div>\n<\/div>\n<div class=\"article-data before-content\"><div class=\"article-data__date\"><div class=\"article-data__date-modified\"><time class=\"published\" datetime=\"2022-10-28T09:58:49+00:00\">This article was originally published on&nbsp;<span class=\"2\">octubre 28, 2022<\/span>&nbsp;and was most recently updated on&nbsp;<span>junio 13, 2023<\/span><\/time><br><\/div><\/div><\/div><div class=\"user-info\">    <div class=\"user-info__body\">\r\n      <div class=\"user-info__caption\"><span>Contributors:<\/span><\/div>\r\n\t\t\t        <div class=\"user-info__wrap \">\r\n          <div class=\"user-info__data\">\r\n            <div class=\"user-info__data__info\">\r\n              <div class=\"photo\">\r\n\t\t\t\t\t\t\t\t<img width=\"66\" height=\"61\" src=\"https:\/\/nutrident.fr\/wp-content\/uploads\/2023\/06\/unnamed-66x61.jpg\" class=\"attachment-profileImageAuthor size-profileImageAuthor wp-post-image\" alt=\"Dr Abel Jes\u00fas Pederzoli\" loading=\"lazy\" srcset=\"https:\/\/nutrident.fr\/wp-content\/uploads\/2023\/06\/unnamed-66x61.jpg 66w, https:\/\/nutrident.fr\/wp-content\/uploads\/2023\/06\/unnamed-300x279.jpg 300w, https:\/\/nutrident.fr\/wp-content\/uploads\/2023\/06\/unnamed-1024x952.jpg 1024w, https:\/\/nutrident.fr\/wp-content\/uploads\/2023\/06\/unnamed-768x714.jpg 768w, https:\/\/nutrident.fr\/wp-content\/uploads\/2023\/06\/unnamed-204x190.jpg 204w, https:\/\/nutrident.fr\/wp-content\/uploads\/2023\/06\/unnamed-120x112.jpg 120w, https:\/\/nutrident.fr\/wp-content\/uploads\/2023\/06\/unnamed.jpg 1125w\" sizes=\"(max-width: 66px) 100vw, 66px\" \/>              <\/div>\r\n              <a href=\"https:\/\/nutrident.fr\/es\/author\/dr-abel-jesus-pederzoli\/\" class=\"name\">Dr Abel Jes\u00fas Pederzoli<\/a>\r\n            <\/div>\r\n            <div class=\"user-info__data__social\">\r\n\t\t\t\t\t\t\t\t\t\t\t\t\t\t\t\t\t\t\t\t\t          <a href=\"https:\/\/clinicaleixample.es\/\"\r\n             class=\"soc-item website\">website<\/a>\r\n\t\t\t\t          <a href=\"http:\/\/linkedin.com\/in\/abel-jes%C3%BAs-pederzoli\"\r\n             class=\"soc-item linkedin\">linkedin<\/a>\r\n\t\t\t\t            <\/div>\r\n          <\/div>\r\n          <div class=\"user-info__description\">\r\n\t\t\t\t\t\t\t\t\t\t\t\t\t<p>Con t\u00edtulos obtenidos en la Facultad de Odontolog\u00eda de la Universidad Nacional de La Plata y una participaci\u00f3n activa en congresos y jornadas, el Dr. Pederzoli se mantiene actualizado en las \u00faltimas t\u00e9cnicas y avances en odontolog\u00eda. Actualmente se encuentra desarrollando un proyecto de consultor\u00eda tecnol\u00f3gica aplicada a cl\u00ednicas dentales.<\/p>\n\t\t\t\t\t\t          <\/div>\r\n        <\/div>\r\n\t\t\t\t    <\/div>\r\n\t<\/div><!--copyscapeskip--><div class=\"medical_references\"><div class=\"medical_references__heading\"><span>Fuentes M\u00e9dicas<\/span><\/div><div class=\"medical_references__list\"><p><strong>Riesgos y beneficios del blanqueamiento dental<\/strong>: <a href=\"http:\/\/ve.scielo.org\/scielo.php?script=sci_arttext&pid=S0001-63652000000100004\" target=\"_blank\" rel=\"noopener\">http:\/\/ve.scielo.org\/scielo.php?script=sci_arttext&pid=S0001-63652000000100004<\/a><\/p>\n<\/div><\/div><!--\/copyscapeskip-->","protected":false},"excerpt":{"rendered":"<p>Contributor:&nbsp; Dr Abel Jes\u00fas Pederzoli Updated:&nbsp;junio 13, 2023 Los kits de blanqueamiento dental han evolucionado mucho en los \u00faltimos a\u00f1os y ahora ofrecen una alternativa efectiva y barata al blanqueamiento en el dentista. Hoy, en Nutrident.es te traemos un review del kit de blanqueamiento dental Smile Avenue, un producto americano que garantiza excelentes resultados y [&hellip;]<\/p>\n","protected":false},"author":2,"featured_media":0,"parent":19117,"menu_order":0,"comment_status":"open","ping_status":"open","template":"","meta":{"inline_featured_image":false},"acf":[],"_links":{"self":[{"href":"https:\/\/nutrident.fr\/es\/wp-json\/wp\/v2\/pages\/17145"}],"collection":[{"href":"https:\/\/nutrident.fr\/es\/wp-json\/wp\/v2\/pages"}],"about":[{"href":"https:\/\/nutrident.fr\/es\/wp-json\/wp\/v2\/types\/page"}],"author":[{"embeddable":true,"href":"https:\/\/nutrident.fr\/es\/wp-json\/wp\/v2\/users\/2"}],"replies":[{"embeddable":true,"href":"https:\/\/nutrident.fr\/es\/wp-json\/wp\/v2\/comments?post=17145"}],"version-history":[{"count":24,"href":"https:\/\/nutrident.fr\/es\/wp-json\/wp\/v2\/pages\/17145\/revisions"}],"predecessor-version":[{"id":21770,"href":"https:\/\/nutrident.fr\/es\/wp-json\/wp\/v2\/pages\/17145\/revisions\/21770"}],"up":[{"embeddable":true,"href":"https:\/\/nutrident.fr\/es\/wp-json\/wp\/v2\/pages\/19117"}],"wp:attachment":[{"href":"https:\/\/nutrident.fr\/es\/wp-json\/wp\/v2\/media?parent=17145"}],"curies":[{"name":"wp","href":"https:\/\/api.w.org\/{rel}","templated":true}]}}