

{"id":17156,"date":"2022-10-28T09:58:14","date_gmt":"2022-10-28T09:58:14","guid":{"rendered":"https:\/\/nutrident.fr\/?page_id=17156"},"modified":"2023-06-13T10:37:50","modified_gmt":"2023-06-13T10:37:50","slug":"vaping","status":"publish","type":"page","link":"https:\/\/nutrident.fr\/es\/vaping\/","title":{"rendered":"Cigarrillo electr\u00f3nico: \u00bfun peligro para los dientes?"},"content":{"rendered":"<div class=\"meta\"><div class=\"meta__users\">    <div class=\"meta__users__reviewed\">\r\n      <p class=\"meta__users__caption\">Contributor:&nbsp;<\/p>\r\n      <div class=\"users\">\r\n        <span class=\"users__user\">\r\n          <a href=\"#\">Dr Abel Jes\u00fas Pederzoli<\/a>\r\n        <\/span>\r\n      <\/div>\r\n    <\/div>\r\n\t<\/div><div class=\"meta__date-modified\">Updated:&nbsp;<span>junio 13, 2023<\/span><\/div><\/div><div class=\"wp-block-image\">\n<figure class=\"alignright size-large is-resized\"><img src=\"https:\/\/nutrident.fr\/wp-content\/uploads\/2023\/02\/Depositphotos_26267559_L-1024x655.jpg\" alt=\"vaping\" class=\"wp-image-20069\" width=\"300\" height=\"200\"\/><figcaption>\u00bfEs nocivo para los dientes el cigarrillo electr\u00f3nico?<\/figcaption><\/figure><\/div>\n\n\n<p>El cigarrillo electr\u00f3nico est\u00e1 atrayendo cada vez m\u00e1s adeptos en todo el mundo. Esto no es sorprendente dadas todas las virtudes que se le atribuyen, entre ellas su eficacia para ayudar a <a href=\"https:\/\/nutrident.fr\/es\/tabaco\/\"><strong>dejar de fumar<\/strong> <\/a>cigarrillos. Sin embargo, a\u00fan no tenemos suficiente experiencia para confirmar su inocuidad y todav\u00eda se est\u00e1n realizando muchos estudios al respecto. De hecho, la Organizaci\u00f3n Mundial de la Salud ya ha advertido sobre su uso, llegando a calificarlo de <strong>\u00abincuestionablemente perjudicial<\/strong>\u00ab.<\/p>\n\n\n\n<p>En este art\u00edculo, <a href=\"https:\/\/nutrident.fr\/es\/\">Nutrident.es<\/a> te ofrece m\u00e1s detalles sobre los efectos del <em>vaping<\/em> (el uso de los cigarrillos electr\u00f3nicos) en la salud bucodental.<\/p>\n\n\n\n<div id=\"ez-toc-container\" class=\"ez-toc-v2_0_33_2 counter-hierarchy ez-toc-counter ez-toc-white ez-toc-container-direction\">\n<div class=\"ez-toc-title-container\">\n<p class=\"ez-toc-title\">Contenus<\/p>\n<span class=\"ez-toc-title-toggle\"><a href=\"#\" class=\"ez-toc-pull-right ez-toc-btn ez-toc-btn-xs ez-toc-btn-default ez-toc-toggle\" style=\"display: none;\"><label for=\"item\" aria-label=\"Tabla de contenidos\"><i class=\"ez-toc-glyphicon ez-toc-icon-toggle\"><\/i><\/label><input type=\"checkbox\" id=\"item\"><\/a><\/span><\/div>\n<nav><ul class='ez-toc-list ez-toc-list-level-1'><li class='ez-toc-page-1 ez-toc-heading-level-2'><a class=\"ez-toc-link ez-toc-heading-1\" href=\"https:\/\/nutrident.fr\/es\/vaping\/#%C2%BFEl_vapeo_amarillea_los_dientes\" title=\"\u00bfEl vapeo amarillea los dientes?\">\u00bfEl vapeo amarillea los dientes?<\/a><\/li><li class='ez-toc-page-1 ez-toc-heading-level-2'><a class=\"ez-toc-link ez-toc-heading-2\" href=\"https:\/\/nutrident.fr\/es\/vaping\/#Cigarrillo_electronico_%C2%BFaumenta_el_riesgo_de_caries\" title=\"Cigarrillo electr\u00f3nico: \u00bfaumenta el riesgo de caries?\">Cigarrillo electr\u00f3nico: \u00bfaumenta el riesgo de caries?<\/a><\/li><li class='ez-toc-page-1 ez-toc-heading-level-2'><a class=\"ez-toc-link ez-toc-heading-3\" href=\"https:\/\/nutrident.fr\/es\/vaping\/#Los_cigarrillos_electronicos_retrasan_el_diagnostico_de_la_enfermedad_periodontal\" title=\"Los cigarrillos electr\u00f3nicos retrasan el diagn\u00f3stico de la enfermedad periodontal\">Los cigarrillos electr\u00f3nicos retrasan el diagn\u00f3stico de la enfermedad periodontal<\/a><\/li><\/ul><\/nav><\/div>\n<h2><span class=\"ez-toc-section\" id=\"%C2%BFEl_vapeo_amarillea_los_dientes\"><\/span>\u00bfEl vapeo amarillea los dientes?<span class=\"ez-toc-section-end\"><\/span><\/h2>\n\n\n\n<p>Todos conocemos los efectos del tabaquismo en los dientes, que obviamente hace que se <a href=\"https:\/\/nutrident.fr\/es\/blanqueamiento-profesional\/dientes-amarillos\/\" data-type=\"URL\" data-id=\"https:\/\/nutrident.fr\/es\/blanqueamiento-profesional\/dientes-amarillos\/\" target=\"_blank\" rel=\"noreferrer noopener\">vuelvan amarillos<\/a>. \u00bfPero qu\u00e9 pasa con los cigarrillos electr\u00f3nicos? En 2018 se llevaron a cabo dos estudios principales para responder a esta pregunta, y en ambos se encontraron pruebas de que<strong> el humo de los cigarrillos electr\u00f3nicos mancha el esmalte <\/strong>dental.<\/p>\n\n\n\n<p>Aunque no tienen alquitr\u00e1n, los cigarrillos electr\u00f3nicos contienen sustancias como la <strong>nicotina<\/strong>, que es la principal causa del amarillamiento. Sin embargo, hay que se\u00f1alar que la intensidad y la velocidad de este fen\u00f3meno es mucho menor que con los cigarrillos convencionales.<\/p>\n\n\n\n<p>Adem\u00e1s, los dentistas han observado, a trav\u00e9s de numerosos pacientes que practican el vaping, que los e-l\u00edquidos m\u00e1s coloreados y aromatizados son los que m\u00e1s manchan los dientes, incluso cuando se usan moderadamente. Este es el caso, por ejemplo, de la <strong>glicerina vegetal<\/strong> y el <strong>propilenglicol<\/strong>. Por lo tanto, se recomienda elegir los l\u00edquidos que contengan la menor cantidad de nicotina, de sabor y de color para reducir el amarillamiento de los dientes.<\/p>\n\n\n\n<p>Para minimizar la aparici\u00f3n de manchas en los dientes y su amarilleamiento, los dentistas recomiendan cepillarse los dientes tres veces al d\u00eda y no fumar nunca por la noche despu\u00e9s del cepillado.<\/p>\n\n\n\n<h2><span class=\"ez-toc-section\" id=\"Cigarrillo_electronico_%C2%BFaumenta_el_riesgo_de_caries\"><\/span>Cigarrillo electr\u00f3nico: \u00bfaumenta el riesgo de caries?<span class=\"ez-toc-section-end\"><\/span><\/h2>\n\n\n\n<p>Los l\u00edquidos de los cigarrillos electr\u00f3nicos contienen sabores dulces, y si a esto le a\u00f1adimos la viscosidad de los aerosoles emitidos, nos encontramos con un<strong> efecto cariog\u00e9nico muy probable<\/strong>. Esto es lo que ha concluido un equipo de cient\u00edficos estadounidenses en un estudio publicado en la revista <em>PLOS One<\/em>.  <\/p>\n\n\n<div class=\"wp-block-image\">\n<figure class=\"alignright size-large is-resized\"><img src=\"https:\/\/nutrident.fr\/wp-content\/uploads\/2023\/02\/Depositphotos_177276760_L-1024x684.jpg\" alt=\"vaping dientes\" class=\"wp-image-20073\" width=\"300\" height=\"200\" srcset=\"https:\/\/nutrident.fr\/wp-content\/uploads\/2023\/02\/Depositphotos_177276760_L-1024x684.jpg 1024w, https:\/\/nutrident.fr\/wp-content\/uploads\/2023\/02\/Depositphotos_177276760_L-300x200.jpg 300w, https:\/\/nutrident.fr\/wp-content\/uploads\/2023\/02\/Depositphotos_177276760_L-768x513.jpg 768w, https:\/\/nutrident.fr\/wp-content\/uploads\/2023\/02\/Depositphotos_177276760_L-1536x1025.jpg 1536w, https:\/\/nutrident.fr\/wp-content\/uploads\/2023\/02\/Depositphotos_177276760_L-254x170.jpg 254w, https:\/\/nutrident.fr\/wp-content\/uploads\/2023\/02\/Depositphotos_177276760_L.jpg 2000w\" sizes=\"(max-width: 300px) 100vw, 300px\" \/><figcaption>Los cigarrillos electr\u00f3nicos pueden provocar caries<\/figcaption><\/figure><\/div>\n\n\n<p>Seg\u00fan el mismo estudio, los vapores de los cigarrillos electr\u00f3nicos tienen propiedades fisicoqu\u00edmicas similares a las de las sustancias ricas en sacarosa y, por lo tanto, tienen un efecto cariog\u00e9nico comparable, en particular <strong>al aumentar la adhesi\u00f3n de las bacterias al esmalte dental<\/strong>, exponiendo as\u00ed el diente a sus excreciones \u00e1cidas destructivas.<\/p>\n\n\n\n<p>En cuanto a los dentistas, a\u00fan no han observado un aumento claro de la prevalencia de <a href=\"https:\/\/nutrident.fr\/es\/tabaco-y-salud-bucodental\/\" target=\"_blank\" data-type=\"URL\" data-id=\"https:\/\/nutrident.fr\/es\/tabaco-y-salud-bucodental\/\" rel=\"noreferrer noopener\">caries<\/a> entre los vapers habituales en comparaci\u00f3n con la poblaci\u00f3n general, lo que puede explicarse por la naturaleza multifactorial de esta afecci\u00f3n (higiene bucal, dieta, etc.). No obstante, recomiendan aumentar las precauciones y las medidas de higiene para evitar riesgos innecesarios.<\/p>\n\n\n\n<h2><span class=\"ez-toc-section\" id=\"Los_cigarrillos_electronicos_retrasan_el_diagnostico_de_la_enfermedad_periodontal\"><\/span>Los cigarrillos electr\u00f3nicos retrasan el diagn\u00f3stico de la enfermedad periodontal<span class=\"ez-toc-section-end\"><\/span><\/h2>\n\n\n\n<p>La <a href=\"https:\/\/nutrident.fr\/es\/periodontitis\/\" data-type=\"URL\" data-id=\"https:\/\/nutrident.fr\/es\/periodontitis\/\" target=\"_blank\" rel=\"noreferrer noopener\">enfermedad periodontal<\/a> es el da\u00f1o a uno o m\u00e1s elementos del periodonto, es decir, los tejidos que soportan el diente, como las enc\u00edas. Adem\u00e1s del dolor que producen, estas afecciones suelen manifestarse en forma de <strong>sangrado gingival<\/strong>.<\/p>\n\n\n\n<p>Este importante s\u00edntoma queda enmascarado por el uso de los cigarrillos electr\u00f3nicos, lo que retrasa el diagn\u00f3stico y, por tanto, el tratamiento de la enfermedad periodontal. En efecto, la nicotina contenida en ciertos l\u00edquidos, provoca una <strong>vasoconstricci\u00f3n de los vasos gingivales<\/strong> (reducci\u00f3n de su calibre), lo que disminuye la vascularizaci\u00f3n de las enc\u00edas y por tanto el sangrado, eliminando as\u00ed la principal se\u00f1al de alarma de estas enfermedades.<\/p>\n<div class=\"article-data before-content\"><div class=\"article-data__date\"><div class=\"article-data__date-modified\"><time class=\"published\" datetime=\"2022-10-28T09:58:14+00:00\">This article was originally published on&nbsp;<span class=\"2\">octubre 28, 2022<\/span>&nbsp;and was most recently updated on&nbsp;<span>junio 13, 2023<\/span><\/time><br><\/div><\/div><\/div><div class=\"user-info\">    <div class=\"user-info__body\">\r\n      <div class=\"user-info__caption\"><span>Contributors:<\/span><\/div>\r\n\t\t\t        <div class=\"user-info__wrap \">\r\n          <div class=\"user-info__data\">\r\n            <div class=\"user-info__data__info\">\r\n              <div class=\"photo\">\r\n\t\t\t\t\t\t\t\t<img width=\"66\" height=\"61\" src=\"https:\/\/nutrident.fr\/wp-content\/uploads\/2023\/06\/unnamed-66x61.jpg\" class=\"attachment-profileImageAuthor size-profileImageAuthor wp-post-image\" alt=\"Dr Abel Jes\u00fas Pederzoli\" loading=\"lazy\" srcset=\"https:\/\/nutrident.fr\/wp-content\/uploads\/2023\/06\/unnamed-66x61.jpg 66w, https:\/\/nutrident.fr\/wp-content\/uploads\/2023\/06\/unnamed-300x279.jpg 300w, https:\/\/nutrident.fr\/wp-content\/uploads\/2023\/06\/unnamed-1024x952.jpg 1024w, https:\/\/nutrident.fr\/wp-content\/uploads\/2023\/06\/unnamed-768x714.jpg 768w, https:\/\/nutrident.fr\/wp-content\/uploads\/2023\/06\/unnamed-204x190.jpg 204w, https:\/\/nutrident.fr\/wp-content\/uploads\/2023\/06\/unnamed-120x112.jpg 120w, https:\/\/nutrident.fr\/wp-content\/uploads\/2023\/06\/unnamed.jpg 1125w\" sizes=\"(max-width: 66px) 100vw, 66px\" \/>              <\/div>\r\n              <a href=\"https:\/\/nutrident.fr\/es\/author\/dr-abel-jesus-pederzoli\/\" class=\"name\">Dr Abel Jes\u00fas Pederzoli<\/a>\r\n            <\/div>\r\n            <div class=\"user-info__data__social\">\r\n\t\t\t\t\t\t\t\t\t\t\t\t\t\t\t\t\t\t\t\t\t          <a href=\"https:\/\/clinicaleixample.es\/\"\r\n             class=\"soc-item website\">website<\/a>\r\n\t\t\t\t          <a href=\"http:\/\/linkedin.com\/in\/abel-jes%C3%BAs-pederzoli\"\r\n             class=\"soc-item linkedin\">linkedin<\/a>\r\n\t\t\t\t            <\/div>\r\n          <\/div>\r\n          <div class=\"user-info__description\">\r\n\t\t\t\t\t\t\t\t\t\t\t\t\t<p>Con t\u00edtulos obtenidos en la Facultad de Odontolog\u00eda de la Universidad Nacional de La Plata y una participaci\u00f3n activa en congresos y jornadas, el Dr. Pederzoli se mantiene actualizado en las \u00faltimas t\u00e9cnicas y avances en odontolog\u00eda. Actualmente se encuentra desarrollando un proyecto de consultor\u00eda tecnol\u00f3gica aplicada a cl\u00ednicas dentales.<\/p>\n\t\t\t\t\t\t          <\/div>\r\n        <\/div>\r\n\t\t\t\t    <\/div>\r\n\t<\/div><!--copyscapeskip--><div class=\"medical_references\"><div class=\"medical_references__heading\"><span>Fuentes M\u00e9dicas<\/span><\/div><div class=\"medical_references__list\"><p><strong>Scielo:<\/strong> <a href=\"http:\/\/www.scielo.org.co\/scielo.php?script=sci_arttext&pid=S0124-00642019000100115\" target=\"_blank\" rel=\"noopener\">Efectos sobre la salud de los cigarrillos electr\u00f3nicos. Una revisi\u00f3n de la literatura<\/a>. Consultado el 25 de enero de 2023<\/p>\n<\/div><\/div><!--\/copyscapeskip-->","protected":false},"excerpt":{"rendered":"<p>Contributor:&nbsp; Dr Abel Jes\u00fas Pederzoli Updated:&nbsp;junio 13, 2023 El cigarrillo electr\u00f3nico est\u00e1 atrayendo cada vez m\u00e1s adeptos en todo el mundo. Esto no es sorprendente dadas todas las virtudes que se le atribuyen, entre ellas su eficacia para ayudar a dejar de fumar cigarrillos. Sin embargo, a\u00fan no tenemos suficiente experiencia para confirmar su inocuidad [&hellip;]<\/p>\n","protected":false},"author":2,"featured_media":20066,"parent":0,"menu_order":0,"comment_status":"open","ping_status":"open","template":"","meta":{"inline_featured_image":false},"acf":[],"_links":{"self":[{"href":"https:\/\/nutrident.fr\/es\/wp-json\/wp\/v2\/pages\/17156"}],"collection":[{"href":"https:\/\/nutrident.fr\/es\/wp-json\/wp\/v2\/pages"}],"about":[{"href":"https:\/\/nutrident.fr\/es\/wp-json\/wp\/v2\/types\/page"}],"author":[{"embeddable":true,"href":"https:\/\/nutrident.fr\/es\/wp-json\/wp\/v2\/users\/2"}],"replies":[{"embeddable":true,"href":"https:\/\/nutrident.fr\/es\/wp-json\/wp\/v2\/comments?post=17156"}],"version-history":[{"count":14,"href":"https:\/\/nutrident.fr\/es\/wp-json\/wp\/v2\/pages\/17156\/revisions"}],"predecessor-version":[{"id":21936,"href":"https:\/\/nutrident.fr\/es\/wp-json\/wp\/v2\/pages\/17156\/revisions\/21936"}],"wp:featuredmedia":[{"embeddable":true,"href":"https:\/\/nutrident.fr\/es\/wp-json\/wp\/v2\/media\/20066"}],"wp:attachment":[{"href":"https:\/\/nutrident.fr\/es\/wp-json\/wp\/v2\/media?parent=17156"}],"curies":[{"name":"wp","href":"https:\/\/api.w.org\/{rel}","templated":true}]}}