

{"id":17162,"date":"2022-10-28T09:57:46","date_gmt":"2022-10-28T09:57:46","guid":{"rendered":"https:\/\/nutrident.fr\/?page_id=17162"},"modified":"2023-06-13T10:27:45","modified_gmt":"2023-06-13T10:27:45","slug":"kit-de-blanqueamiento-floradyle","status":"publish","type":"page","link":"https:\/\/nutrident.fr\/es\/kit-de-blanqueamiento-floradyle\/","title":{"rendered":"Kit de blanqueamiento Floradyle : Prueba y revisi\u00f3n"},"content":{"rendered":"<div class=\"meta\"><div class=\"meta__users\">    <div class=\"meta__users__reviewed\">\r\n      <p class=\"meta__users__caption\">Contributor:&nbsp;<\/p>\r\n      <div class=\"users\">\r\n        <span class=\"users__user\">\r\n          <a href=\"#\">Dr Abel Jes\u00fas Pederzoli<\/a>\r\n        <\/span>\r\n      <\/div>\r\n    <\/div>\r\n\t<\/div><div class=\"meta__date-modified\">Updated:&nbsp;<span>junio 13, 2023<\/span><\/div><\/div>\n<p>Aunque se cepille los dientes a fondo, se volver\u00e1n opacos con el tiempo y los alimentos m\u00e1s o menos coloridos que acostumbra a comer. Entre las muchas soluciones que tiene a su disposici\u00f3n para blanquear sus dientes sin acudir a la consulta del dentista, el kit de blanqueamiento Floradyle es un m\u00e9todo satisfactorio, totalmente natural y sin ning\u00fan riesgo para sus dientes.<\/p>\n\n\n\n<p>Nutrident.es le explica el principio de Floradyle y le da sus instrucciones de uso.<\/p>\n\n\n\n<div id=\"ez-toc-container\" class=\"ez-toc-v2_0_33_2 counter-hierarchy ez-toc-counter ez-toc-white ez-toc-container-direction\">\n<div class=\"ez-toc-title-container\">\n<p class=\"ez-toc-title\">Contenus<\/p>\n<span class=\"ez-toc-title-toggle\"><a href=\"#\" class=\"ez-toc-pull-right ez-toc-btn ez-toc-btn-xs ez-toc-btn-default ez-toc-toggle\" style=\"display: none;\"><label for=\"item\" aria-label=\"Tabla de contenidos\"><i class=\"ez-toc-glyphicon ez-toc-icon-toggle\"><\/i><\/label><input type=\"checkbox\" id=\"item\"><\/a><\/span><\/div>\n<nav><ul class='ez-toc-list ez-toc-list-level-1'><li class='ez-toc-page-1 ez-toc-heading-level-2'><a class=\"ez-toc-link ez-toc-heading-1\" href=\"https:\/\/nutrident.fr\/es\/kit-de-blanqueamiento-floradyle\/#La_composicion_de_Floradyle\" title=\"La composici\u00f3n de Floradyle\">La composici\u00f3n de Floradyle<\/a><\/li><li class='ez-toc-page-1 ez-toc-heading-level-2'><a class=\"ez-toc-link ez-toc-heading-2\" href=\"https:\/\/nutrident.fr\/es\/kit-de-blanqueamiento-floradyle\/#Kit_de_blanqueamiento_Floradyle_instrucciones_de_uso\" title=\"Kit de blanqueamiento Floradyle: instrucciones de uso\">Kit de blanqueamiento Floradyle: instrucciones de uso<\/a><\/li><li class='ez-toc-page-1 ez-toc-heading-level-2'><a class=\"ez-toc-link ez-toc-heading-3\" href=\"https:\/\/nutrident.fr\/es\/kit-de-blanqueamiento-floradyle\/#Los_argumentos_de_Floradyle\" title=\"Los argumentos de Floradyle\">Los argumentos de Floradyle<\/a><\/li><li class='ez-toc-page-1 ez-toc-heading-level-2'><a class=\"ez-toc-link ez-toc-heading-4\" href=\"https:\/\/nutrident.fr\/es\/kit-de-blanqueamiento-floradyle\/#Productos_similares_a_Floradyle\" title=\"Productos similares a Floradyle\">Productos similares a Floradyle<\/a><\/li><\/ul><\/nav><\/div>\n<h2><span class=\"ez-toc-section\" id=\"La_composicion_de_Floradyle\"><\/span>La composici\u00f3n de Floradyle<span class=\"ez-toc-section-end\"><\/span><\/h2>\n\n\n\n<p>Floradyle es un producto belga que tiene la particularidad de no utilizar per\u00f3xido de hidr\u00f3geno, a diferencia del tratamiento realizado en el dentista, pero tambi\u00e9n presente en muchos kits que se venden en el mercado.<\/p>\n\n\n\n<p>El inconveniente del per\u00f3xido de hidr\u00f3geno es que su dosificaci\u00f3n debe ser extremadamente precisa. Una dosis demasiado alta no cumplir\u00e1 las normas sanitarias y puede sensibilizar los dientes y da\u00f1ar el <a class=\"wpil_keyword_link \" title=\"Correo electr\u00f3nico\" href=\"https:\/\/nutrident.fr\/es\/?page_id=17011\" data-wpil-keyword-link=\"linked\">esmalte<\/a>; una dosis demasiado baja ser\u00e1 in\u00fatil.<\/p>\n\n\n\n<p>Floradyle contiene extracto de chicon -el nombre belga de la escarola- que act\u00faa como prebi\u00f3tico y s\u00f3lo destruye las bacterias malas de la boca, dejando a salvo las bacterias buenas que son esenciales para el equilibrio de nuestra boca. El producto se complementa con hidroxiapatita, un miembro de la familia de los fosfatos, el principal componente mineral del esmalte dental, la dentina y el hueso.<\/p>\n\n\n\n<p>El concepto es fortalecer las bacterias buenas para que sean m\u00e1s eficaces contra las malas.<\/p>\n\n\n\n<h3>Composici\u00f3n del gel blanqueador<\/h3>\n\n\n\n<p>Agua, \u00e1cido c\u00edtrico, sorbitol, \u00e1cido m\u00e1lico, inulina, goma de celulosa, glicerina, parfum, algin, hidroxiapatita, aspartamo, sacarina s\u00f3dica, goma xantana, fructosa, canela, extracto de fruta malus domestica, extracto de fruta rubus idaeus<\/p>\n\n\n\n<h3>Composici\u00f3n de la pasta de dientes blanqueadora<\/h3>\n\n\n\n<p>Agua, sorbitol, carbonato de calcio, hidroxiapatita, s\u00edlice hidratada, almid\u00f3n de oryza sativa, inulina, s\u00edlice, lauroil sarcosinato de sodio, goma de celulosa, parfum, hidr\u00f3xido de magnesio, fructosa, EDTA de disodio, cinamal, sacarina de sodio, aspartamo, PCA de mentol, glicerina<\/p>\n\n\n\n<h2><span class=\"ez-toc-section\" id=\"Kit_de_blanqueamiento_Floradyle_instrucciones_de_uso\"><\/span>Kit de blanqueamiento Floradyle: instrucciones de uso<span class=\"ez-toc-section-end\"><\/span><\/h2>\n\n\n\n<p>El tratamiento con el kit de blanqueamiento Floradyle dura 14 d\u00edas, con una sesi\u00f3n de 25 minutos al d\u00eda.<\/p>\n\n\n\n<p>El uso es muy sencillo. Comience por cepillarse y enjuagarse bien los dientes. A continuaci\u00f3n, aplique el gel sobre los dientes con la punta que parece un rotulador.<\/p>\n\n\n\n<p>Coloque la bandeja sobre los dientes, cierre la boca y conecte la bandeja a su smartphone. El cable suministrado con el kit funciona con dispositivos Android y iPhone. Los LED de la bandeja se iluminan con una hermosa luz azul que estimula los ingredientes activos del producto.<\/p>\n\n\n\n<p>Despu\u00e9s de 25 minutos, la sesi\u00f3n ha terminado y la luz se apaga autom\u00e1ticamente. Todo lo que tiene que hacer es cepillarse los dientes con la pasta de dientes Florayle que viene con su kit.<\/p>\n\n\n\n<h2><span class=\"ez-toc-section\" id=\"Los_argumentos_de_Floradyle\"><\/span>Los argumentos de Floradyle<span class=\"ez-toc-section-end\"><\/span><\/h2>\n\n\n\n<p>Floradyle afirma ser un producto dise\u00f1ado y fabricado en B\u00e9lgica, que contiene \u00fanicamente ingredientes naturales, sin ning\u00fan riesgo para su esmalte dental. El producto ha sido probado en los dientes de los asi\u00e1ticos, que son los m\u00e1s fr\u00e1giles del mundo, y no se han encontrado efectos secundarios.<\/p>\n\n\n\n<p>El kit de blanqueamiento es muy f\u00e1cil de usar y los resultados son r\u00e1pidos. Los comentarios de los usuarios son muy satisfactorios.<\/p>\n\n\n\n<p>Floradyle cuesta una media de 130 euros, lo que es mucho m\u00e1s barato que un tratamiento de blanqueamiento dental, que cuesta una media de 400 euros. Sin embargo, es m\u00e1s caro que otros kits comerciales.<\/p>\n\n\n\n<p>El hecho de que no contenga per\u00f3xido de hidr\u00f3geno garantiza un 100% de seguridad. Otros productos, si contienen demasiado per\u00f3xido, pueden da\u00f1ar el esmalte dental e irritar las enc\u00edas. Con Floradyle, no hay riesgo de sensibilidad y su blanqueamiento durar\u00e1 unos seis meses, dependiendo de su estilo de vida.<\/p>\n\n\n\n<h2><span class=\"ez-toc-section\" id=\"Productos_similares_a_Floradyle\"><\/span>Productos similares a Floradyle<span class=\"ez-toc-section-end\"><\/span><\/h2>\n\n\n\n<h3>Blanco Primero<\/h3>\n\n\n\n<p>White First ofrece un kit de blanqueamiento que tampoco contiene per\u00f3xido de hidr\u00f3geno, sino que utiliza per\u00f3xido de carbamida. Esta es otra v\u00eda a explorar, ya que funciona de la misma manera que Floradyle.<\/p>\n\n\n\n<p>Est\u00e1 mejor envasado y ofrece dos versiones, sabor a fresa o sabor a menta fresca.<\/p>\n\n\n\n<p>Tenga en cuenta que es mucho m\u00e1s barato, con un precio que ronda los 20 euros.<\/p>\n\n\n\n<h3>Avenida de la sonrisa<\/h3>\n\n\n\n<p>El <a href=\"https:\/\/nutrident.fr\/es\/?page_id=17145\">kit de Smile Avenue<\/a> es m\u00e1s tradicional y utiliza per\u00f3xido de hidr\u00f3geno. La marca garantiza una dosificaci\u00f3n inferior al 0,1% que cumple con las normas europeas de salud y seguridad.<\/p>\n\n\n\n<p>El kit viene con todos los accesorios, incluida una tabla de colores para ayudarle a ver su progreso. Su valor es de unos 30 euros. Vea nuestro art\u00edculo detallado que compara Smile Avenue con otros productos.<\/p>\n\n\n\n<p>Floradyle es mucho m\u00e1s caro que estas dos soluciones, pero tiene m\u00e1s garant\u00edas, especialmente por su composici\u00f3n que es 100% natural.<\/p>\n<div class=\"article-data before-content\"><div class=\"article-data__date\"><div class=\"article-data__date-modified\"><time class=\"published\" datetime=\"2022-10-28T09:57:46+00:00\">This article was originally published on&nbsp;<span class=\"2\">octubre 28, 2022<\/span>&nbsp;and was most recently updated on&nbsp;<span>junio 13, 2023<\/span><\/time><br><\/div><\/div><\/div><div class=\"user-info\">    <div class=\"user-info__body\">\r\n      <div class=\"user-info__caption\"><span>Contributors:<\/span><\/div>\r\n\t\t\t        <div class=\"user-info__wrap \">\r\n          <div class=\"user-info__data\">\r\n            <div class=\"user-info__data__info\">\r\n              <div class=\"photo\">\r\n\t\t\t\t\t\t\t\t<img width=\"66\" height=\"61\" src=\"https:\/\/nutrident.fr\/wp-content\/uploads\/2023\/06\/unnamed-66x61.jpg\" class=\"attachment-profileImageAuthor size-profileImageAuthor wp-post-image\" alt=\"Dr Abel Jes\u00fas Pederzoli\" loading=\"lazy\" srcset=\"https:\/\/nutrident.fr\/wp-content\/uploads\/2023\/06\/unnamed-66x61.jpg 66w, https:\/\/nutrident.fr\/wp-content\/uploads\/2023\/06\/unnamed-300x279.jpg 300w, https:\/\/nutrident.fr\/wp-content\/uploads\/2023\/06\/unnamed-1024x952.jpg 1024w, https:\/\/nutrident.fr\/wp-content\/uploads\/2023\/06\/unnamed-768x714.jpg 768w, https:\/\/nutrident.fr\/wp-content\/uploads\/2023\/06\/unnamed-204x190.jpg 204w, https:\/\/nutrident.fr\/wp-content\/uploads\/2023\/06\/unnamed-120x112.jpg 120w, https:\/\/nutrident.fr\/wp-content\/uploads\/2023\/06\/unnamed.jpg 1125w\" sizes=\"(max-width: 66px) 100vw, 66px\" \/>              <\/div>\r\n              <a href=\"https:\/\/nutrident.fr\/es\/author\/dr-abel-jesus-pederzoli\/\" class=\"name\">Dr Abel Jes\u00fas Pederzoli<\/a>\r\n            <\/div>\r\n            <div class=\"user-info__data__social\">\r\n\t\t\t\t\t\t\t\t\t\t\t\t\t\t\t\t\t\t\t\t\t          <a href=\"https:\/\/clinicaleixample.es\/\"\r\n             class=\"soc-item website\">website<\/a>\r\n\t\t\t\t          <a href=\"http:\/\/linkedin.com\/in\/abel-jes%C3%BAs-pederzoli\"\r\n             class=\"soc-item linkedin\">linkedin<\/a>\r\n\t\t\t\t            <\/div>\r\n          <\/div>\r\n          <div class=\"user-info__description\">\r\n\t\t\t\t\t\t\t\t\t\t\t\t\t<p>Con t\u00edtulos obtenidos en la Facultad de Odontolog\u00eda de la Universidad Nacional de La Plata y una participaci\u00f3n activa en congresos y jornadas, el Dr. Pederzoli se mantiene actualizado en las \u00faltimas t\u00e9cnicas y avances en odontolog\u00eda. Actualmente se encuentra desarrollando un proyecto de consultor\u00eda tecnol\u00f3gica aplicada a cl\u00ednicas dentales.<\/p>\n\t\t\t\t\t\t          <\/div>\r\n        <\/div>\r\n\t\t\t\t    <\/div>\r\n\t<\/div>","protected":false},"excerpt":{"rendered":"<p>Contributor:&nbsp; Dr Abel Jes\u00fas Pederzoli Updated:&nbsp;junio 13, 2023 Aunque se cepille los dientes a fondo, se volver\u00e1n opacos con el tiempo y los alimentos m\u00e1s o menos coloridos que acostumbra a comer. Entre las muchas soluciones que tiene a su disposici\u00f3n para blanquear sus dientes sin acudir a la consulta del dentista, el kit de [&hellip;]<\/p>\n","protected":false},"author":2,"featured_media":0,"parent":0,"menu_order":0,"comment_status":"open","ping_status":"open","template":"","meta":{"inline_featured_image":false},"acf":[],"_links":{"self":[{"href":"https:\/\/nutrident.fr\/es\/wp-json\/wp\/v2\/pages\/17162"}],"collection":[{"href":"https:\/\/nutrident.fr\/es\/wp-json\/wp\/v2\/pages"}],"about":[{"href":"https:\/\/nutrident.fr\/es\/wp-json\/wp\/v2\/types\/page"}],"author":[{"embeddable":true,"href":"https:\/\/nutrident.fr\/es\/wp-json\/wp\/v2\/users\/2"}],"replies":[{"embeddable":true,"href":"https:\/\/nutrident.fr\/es\/wp-json\/wp\/v2\/comments?post=17162"}],"version-history":[{"count":5,"href":"https:\/\/nutrident.fr\/es\/wp-json\/wp\/v2\/pages\/17162\/revisions"}],"predecessor-version":[{"id":21879,"href":"https:\/\/nutrident.fr\/es\/wp-json\/wp\/v2\/pages\/17162\/revisions\/21879"}],"wp:attachment":[{"href":"https:\/\/nutrident.fr\/es\/wp-json\/wp\/v2\/media?parent=17162"}],"curies":[{"name":"wp","href":"https:\/\/api.w.org\/{rel}","templated":true}]}}