

{"id":17167,"date":"2022-10-28T10:14:06","date_gmt":"2022-10-28T10:14:06","guid":{"rendered":"https:\/\/nutrident.fr\/?page_id=17167"},"modified":"2023-06-29T09:22:27","modified_gmt":"2023-06-29T09:22:27","slug":"salud-bucodental-y-genetica","status":"publish","type":"page","link":"https:\/\/nutrident.fr\/es\/salud-bucodental-y-genetica\/","title":{"rendered":"La gen\u00e9tica y la salud bucodental: \u00bfpor qu\u00e9 algunas personas son m\u00e1s propensas a desarrollar caries?"},"content":{"rendered":"<div class=\"meta\"><div class=\"meta__users\">    <div class=\"meta__users__reviewed\">\r\n      <p class=\"meta__users__caption\">Contributor:&nbsp;<\/p>\r\n      <div class=\"users\">\r\n        <span class=\"users__user\">\r\n          <a href=\"#\">Dr Abel Jes\u00fas Pederzoli<\/a>\r\n        <\/span>\r\n      <\/div>\r\n    <\/div>\r\n\t<\/div><div class=\"meta__date-modified\">Updated:&nbsp;<span>junio 29, 2023<\/span><\/div><\/div><div class=\"wp-block-image\">\n<figure class=\"alignright size-large is-resized\"><img src=\"https:\/\/nutrident.fr\/wp-content\/uploads\/2021\/02\/istock-carie-1024x679.jpg\" alt=\"genetica y salud dental\" class=\"wp-image-8752\" width=\"300\" height=\"200\" srcset=\"https:\/\/nutrident.fr\/wp-content\/uploads\/2021\/02\/istock-carie-1024x679.jpg 1024w, https:\/\/nutrident.fr\/wp-content\/uploads\/2021\/02\/istock-carie-300x199.jpg 300w, https:\/\/nutrident.fr\/wp-content\/uploads\/2021\/02\/istock-carie-768x510.jpg 768w, https:\/\/nutrident.fr\/wp-content\/uploads\/2021\/02\/istock-carie-1080x717.jpg 1080w, https:\/\/nutrident.fr\/wp-content\/uploads\/2021\/02\/istock-carie-980x650.jpg 980w, https:\/\/nutrident.fr\/wp-content\/uploads\/2021\/02\/istock-carie-480x318.jpg 480w, https:\/\/nutrident.fr\/wp-content\/uploads\/2021\/02\/istock-carie.jpg 1257w\" sizes=\"(max-width: 300px) 100vw, 300px\" \/><figcaption>\u00bfCu\u00e1l es la relaci\u00f3n entre gen\u00e9tica y salud dental?<\/figcaption><\/figure><\/div>\n\n\n<p>Los dentistas enfatizan constantemente la importancia de la higiene bucal en la prevenci\u00f3n de la caries y otros problemas dentales. No obstante, se ha observado que algunas personas tienen una <strong>mayor predisposici\u00f3n a desarrollar caries<\/strong>, a pesar de sus esfuerzos en el cuidado de su higiene oral. Esto plantea la pregunta de si la gen\u00e9tica tiene alguna influencia en la salud dental, lo que podr\u00eda hacer que ciertas personas sean m\u00e1s vulnerables a las caries.<\/p>\n\n\n\n<p>En este art\u00edculo, respondemos a esta y otras preguntas sobre la relaci\u00f3n entre la gen\u00e9tica y la salud bucodental. <\/p>\n\n\n\n<h2>La relaci\u00f3n entre la gen\u00e9tica y la salud dental: \u00bfqu\u00e9 dice la ciencia?<\/h2>\n\n\n\n<p>Es importante se\u00f1alar que no todos los cient\u00edficos est\u00e1n de acuerdo en esta cuesti\u00f3n, ya que algunos estudios afirman que no existe ninguna relaci\u00f3n entre los factores gen\u00e9ticos y la formaci\u00f3n de caries y que s\u00f3lo intervienen los h\u00e1bitos de higiene dental. Otros, por el contrario, afirman que la gen\u00e9tica desempe\u00f1a un papel importante en la salud de los dientes.<\/p>\n\n\n\n<p>A continuaci\u00f3n, exploramos ambos argumentos con mayor profundidad:<\/p>\n\n\n\n<h3>La gen\u00e9tica no influye en la formaci\u00f3n de caries<\/h3>\n\n\n\n<p>Un estudio realizado por un equipo de investigaci\u00f3n australiano sobre 173 pares de gemelos homocig\u00f3ticos y heterocig\u00f3ticos (gemelos id\u00e9nticos y fraternos) seguidos desde el embarazo hasta los 6 a\u00f1os de edad mostr\u00f3 los siguientes resultados:<\/p>\n\n\n\n<ul><li>El 32,2% de los ni\u00f1os ten\u00eda caries a la edad de 6 a\u00f1os, de los cuales el 24,1% estaba en una fase avanzada<\/li><li>Los gemelos homocigotos (gemelos id\u00e9nticos: que tienen exactamente los mismos genes) ten\u00edan un estado bucal variable con caries de diferentes grados de gravedad. Esto demuestra que los <strong>factores ambientales<\/strong> (higiene bucal) fueron decisivos en su desarrollo.<\/li><li>Hay una relaci\u00f3n entre el estilo de vida de la madre durante el embarazo y la salud dental de sus hijos. De hecho, se cree que la obesidad durante el embarazo favorece la aparici\u00f3n de caries en los futuros ni\u00f1os al influir en su desarrollo fetal.<\/li><\/ul>\n\n\n\n<p>Este estudio, publicado en la revista cient\u00edfica <em>Pediatrics<\/em>, concluye que <strong>la gen\u00e9tica no influye en el riesgo de desarrollar caries<\/strong> y que los factores ambientales (<a href=\"https:\/\/nutrident.fr\/es\/como-lavarse-los-dientes\/\" target=\"_blank\" data-type=\"URL\" data-id=\"https:\/\/nutrident.fr\/es\/como-lavarse-los-dientes\/\" rel=\"noreferrer noopener\">higiene<\/a>) son la clave para su prevenci\u00f3n.<\/p>\n\n\n\n<h3>La gen\u00e9tica s\u00ed influye en la salud dental y en el desarrollo de caries<\/h3>\n\n\n<div class=\"wp-block-image\">\n<figure class=\"alignright size-large is-resized\"><img src=\"https:\/\/nutrident.fr\/wp-content\/uploads\/2023\/06\/genetica-y-salud-bucodental-1024x768.jpg\" alt=\"caries y genetica\" class=\"wp-image-22319\" width=\"300\" height=\"200\"\/><figcaption>Puede que la gen\u00e9tica si tenga una peque\u00f1a influencia en el desarrollo de caries<\/figcaption><\/figure><\/div>\n\n\n<p>Un nuevo estudio publicado en la famosa revista cient\u00edfica <em>PLOS ONE<\/em> contradice las conclusiones del equipo australiano al destacar la responsabilidad de un gen en la susceptibilidad a desarrollar caries. Este gen, llamado \u00abgen AMELX\u00bb, es responsable de la s\u00edntesis de la amelogenina, que es una prote\u00edna esencial para la formaci\u00f3n del esmalte dental.<\/p>\n\n\n\n<p>Este estudio concluy\u00f3 que cuanto mayor sea la tasa de s\u00edntesis de la amelogenina (que depende de la gen\u00e9tica) durante el desarrollo de los dientes, m\u00e1s fuerte ser\u00e1 el esmalte, lo que har\u00e1 que los dientes sean menos propensos a la caries. Por el contrario, los niveles bajos de esta prote\u00edna ser\u00e1n responsables de la formaci\u00f3n de un <a href=\"https:\/\/nutrident.fr\/es\/esmalte-dental-tratamiento\/\">esmalte<\/a> fr\u00e1gil y vulnerable al ataque \u00e1cido de las bacterias orales que causan las caries.<\/p>\n\n\n\n<p>Por tanto, y seg\u00fan este estudio, es seguro concluir que <strong>s\u00ed existe una predisposici\u00f3n gen\u00e9tica al desarrollo de la caries<\/strong>.<\/p>\n\n\n\n<h2>Para concluir<\/h2>\n\n\n\n<p>Aunque existe cierta influencia de los factores gen\u00e9ticos en la formaci\u00f3n de la caries, los factores ambientales, es decir, la higiene bucal y <a href=\"https:\/\/nutrident.fr\/es\/caries-y-dieta\/\" target=\"_blank\" data-type=\"URL\" data-id=\"https:\/\/nutrident.fr\/es\/caries-y-dieta\/\" rel=\"noreferrer noopener\">la dieta<\/a>, siguen siendo los principales responsables. Por lo tanto, es importante no descuidar la higiene dental y seguir una dieta adecuada para prevenir el desarrollo de este y otros problemas orales.<\/p>\n<div class=\"article-data before-content\"><div class=\"article-data__date\"><div class=\"article-data__date-modified\"><time class=\"published\" datetime=\"2022-10-28T10:14:06+00:00\">This article was originally published on&nbsp;<span class=\"2\">octubre 28, 2022<\/span>&nbsp;and was most recently updated on&nbsp;<span>junio 29, 2023<\/span><\/time><br><\/div><\/div><\/div><div class=\"user-info\">    <div class=\"user-info__body\">\r\n      <div class=\"user-info__caption\"><span>Contributors:<\/span><\/div>\r\n\t\t\t        <div class=\"user-info__wrap \">\r\n          <div class=\"user-info__data\">\r\n            <div class=\"user-info__data__info\">\r\n              <div class=\"photo\">\r\n\t\t\t\t\t\t\t\t<img width=\"66\" height=\"61\" src=\"https:\/\/nutrident.fr\/wp-content\/uploads\/2023\/06\/unnamed-66x61.jpg\" class=\"attachment-profileImageAuthor size-profileImageAuthor wp-post-image\" alt=\"Dr Abel Jes\u00fas Pederzoli\" loading=\"lazy\" srcset=\"https:\/\/nutrident.fr\/wp-content\/uploads\/2023\/06\/unnamed-66x61.jpg 66w, https:\/\/nutrident.fr\/wp-content\/uploads\/2023\/06\/unnamed-300x279.jpg 300w, https:\/\/nutrident.fr\/wp-content\/uploads\/2023\/06\/unnamed-1024x952.jpg 1024w, https:\/\/nutrident.fr\/wp-content\/uploads\/2023\/06\/unnamed-768x714.jpg 768w, https:\/\/nutrident.fr\/wp-content\/uploads\/2023\/06\/unnamed-204x190.jpg 204w, https:\/\/nutrident.fr\/wp-content\/uploads\/2023\/06\/unnamed-120x112.jpg 120w, https:\/\/nutrident.fr\/wp-content\/uploads\/2023\/06\/unnamed.jpg 1125w\" sizes=\"(max-width: 66px) 100vw, 66px\" \/>              <\/div>\r\n              <a href=\"https:\/\/nutrident.fr\/es\/author\/dr-abel-jesus-pederzoli\/\" class=\"name\">Dr Abel Jes\u00fas Pederzoli<\/a>\r\n            <\/div>\r\n            <div class=\"user-info__data__social\">\r\n\t\t\t\t\t\t\t\t\t\t\t\t\t\t\t\t\t\t\t\t\t          <a href=\"https:\/\/clinicaleixample.es\/\"\r\n             class=\"soc-item website\">website<\/a>\r\n\t\t\t\t          <a href=\"http:\/\/linkedin.com\/in\/abel-jes%C3%BAs-pederzoli\"\r\n             class=\"soc-item linkedin\">linkedin<\/a>\r\n\t\t\t\t            <\/div>\r\n          <\/div>\r\n          <div class=\"user-info__description\">\r\n\t\t\t\t\t\t\t\t\t\t\t\t\t<p>Con t\u00edtulos obtenidos en la Facultad de Odontolog\u00eda de la Universidad Nacional de La Plata y una participaci\u00f3n activa en congresos y jornadas, el Dr. Pederzoli se mantiene actualizado en las \u00faltimas t\u00e9cnicas y avances en odontolog\u00eda. Actualmente se encuentra desarrollando un proyecto de consultor\u00eda tecnol\u00f3gica aplicada a cl\u00ednicas dentales.<\/p>\n\t\t\t\t\t\t          <\/div>\r\n        <\/div>\r\n\t\t\t\t    <\/div>\r\n\t<\/div><!--copyscapeskip--><div class=\"medical_references\"><div class=\"medical_references__heading\"><span>Fuentes M\u00e9dicas<\/span><\/div><div class=\"medical_references__list\"><p><strong>Reuters:<\/strong> <a href=\"https:\/\/www.reuters.com\/article\/us-health-kids-cavities\/kids-cavities-probably-not-caused-by-bad-genes-idUSKCN1S229Z\" target=\"_blank\" rel=\"noopener\">Kids' cavities probably not caused by bad genes<\/a>. Consultado el 28 de junio de 2023.<\/p>\n<p><strong>PLOS ONE<\/strong>: <a href=\"https:\/\/journals.plos.org\/plosone\/article?id=10.1371\/journal.pone.0124236\" target=\"_blank\" rel=\"noopener\">Weaker Dental Enamel Explains Dental Decay<\/a>. Consultado el 28 de junio de 2023.<\/p>\n<\/div><\/div><!--\/copyscapeskip-->","protected":false},"excerpt":{"rendered":"<p>Contributor:&nbsp; Dr Abel Jes\u00fas Pederzoli Updated:&nbsp;junio 29, 2023 Los dentistas enfatizan constantemente la importancia de la higiene bucal en la prevenci\u00f3n de la caries y otros problemas dentales. No obstante, se ha observado que algunas personas tienen una mayor predisposici\u00f3n a desarrollar caries, a pesar de sus esfuerzos en el cuidado de su higiene oral. [&hellip;]<\/p>\n","protected":false},"author":2,"featured_media":22319,"parent":0,"menu_order":0,"comment_status":"open","ping_status":"open","template":"","meta":{"inline_featured_image":false},"acf":[],"_links":{"self":[{"href":"https:\/\/nutrident.fr\/es\/wp-json\/wp\/v2\/pages\/17167"}],"collection":[{"href":"https:\/\/nutrident.fr\/es\/wp-json\/wp\/v2\/pages"}],"about":[{"href":"https:\/\/nutrident.fr\/es\/wp-json\/wp\/v2\/types\/page"}],"author":[{"embeddable":true,"href":"https:\/\/nutrident.fr\/es\/wp-json\/wp\/v2\/users\/2"}],"replies":[{"embeddable":true,"href":"https:\/\/nutrident.fr\/es\/wp-json\/wp\/v2\/comments?post=17167"}],"version-history":[{"count":12,"href":"https:\/\/nutrident.fr\/es\/wp-json\/wp\/v2\/pages\/17167\/revisions"}],"predecessor-version":[{"id":22330,"href":"https:\/\/nutrident.fr\/es\/wp-json\/wp\/v2\/pages\/17167\/revisions\/22330"}],"wp:featuredmedia":[{"embeddable":true,"href":"https:\/\/nutrident.fr\/es\/wp-json\/wp\/v2\/media\/22319"}],"wp:attachment":[{"href":"https:\/\/nutrident.fr\/es\/wp-json\/wp\/v2\/media?parent=17167"}],"curies":[{"name":"wp","href":"https:\/\/api.w.org\/{rel}","templated":true}]}}