

{"id":17172,"date":"2022-10-28T10:36:12","date_gmt":"2022-10-28T10:36:12","guid":{"rendered":"https:\/\/nutrident.fr\/?page_id=17172"},"modified":"2023-04-04T16:10:06","modified_gmt":"2023-04-04T16:10:06","slug":"perleche-tratamiento","status":"publish","type":"page","link":"https:\/\/nutrident.fr\/es\/perleche-tratamiento\/","title":{"rendered":"Boqueras: \u00bfC\u00f3mo tratar la queilitis angular o perleche?"},"content":{"rendered":"<div class=\"meta\"><div class=\"meta__users\"><\/div><div class=\"meta__date-modified\">Updated:&nbsp;<span>abril 4, 2023<\/span><\/div><\/div><div class=\"wp-block-image\">\n<figure class=\"alignright size-large is-resized\"><img src=\"https:\/\/nutrident.fr\/wp-content\/uploads\/2023\/04\/perleche-1024x684.jpg\" alt=\"\" class=\"wp-image-20820\" width=\"300\" height=\"200\" srcset=\"https:\/\/nutrident.fr\/wp-content\/uploads\/2023\/04\/perleche-1024x684.jpg 1024w, https:\/\/nutrident.fr\/wp-content\/uploads\/2023\/04\/perleche-300x200.jpg 300w, https:\/\/nutrident.fr\/wp-content\/uploads\/2023\/04\/perleche-768x513.jpg 768w, https:\/\/nutrident.fr\/wp-content\/uploads\/2023\/04\/perleche-1536x1025.jpg 1536w, https:\/\/nutrident.fr\/wp-content\/uploads\/2023\/04\/perleche-254x170.jpg 254w, https:\/\/nutrident.fr\/wp-content\/uploads\/2023\/04\/perleche-66x44.jpg 66w, https:\/\/nutrident.fr\/wp-content\/uploads\/2023\/04\/perleche-120x80.jpg 120w, https:\/\/nutrident.fr\/wp-content\/uploads\/2023\/04\/perleche.jpg 2000w\" sizes=\"(max-width: 300px) 100vw, 300px\" \/><\/figure><\/div>\n\n\n<p>La queilitis angular o perleche es un problema com\u00fan que puede llegar a ser muy molesto e incluso doloroso. Si las comisuras de tu boca est\u00e1n permanentemente enrojecidas e irritadas, probablemente no se trate de agrietamiento estacional debido al clima invernal, sino de perleche angular o boqueras. La buena noticia es que se trata de una afecci\u00f3n benigna con tratamientos conocidos, f\u00e1ciles de aplicar y eficaces.<\/p>\n\n\n\n<p>En este art\u00edculo, <a href=\"https:\/\/nutrident.fr\/es\/\">Nutrident.es<\/a> explora las causas y los s\u00edntomas del perleche, as\u00ed como los tratamientos efectivos para combatir esta afecci\u00f3n.<\/p>\n\n\n\n<div id=\"ez-toc-container\" class=\"ez-toc-v2_0_33_2 counter-hierarchy ez-toc-counter ez-toc-white ez-toc-container-direction\">\n<div class=\"ez-toc-title-container\">\n<p class=\"ez-toc-title\">Contenus<\/p>\n<span class=\"ez-toc-title-toggle\"><a href=\"#\" class=\"ez-toc-pull-right ez-toc-btn ez-toc-btn-xs ez-toc-btn-default ez-toc-toggle\" style=\"display: none;\"><label for=\"item\" aria-label=\"Tabla de contenidos\"><i class=\"ez-toc-glyphicon ez-toc-icon-toggle\"><\/i><\/label><input type=\"checkbox\" id=\"item\"><\/a><\/span><\/div>\n<nav><ul class='ez-toc-list ez-toc-list-level-1'><li class='ez-toc-page-1 ez-toc-heading-level-2'><a class=\"ez-toc-link ez-toc-heading-1\" href=\"https:\/\/nutrident.fr\/es\/perleche-tratamiento\/#%C2%BFQue_son_las_boqueras\" title=\"\u00bfQu\u00e9 son las boqueras?\">\u00bfQu\u00e9 son las boqueras?<\/a><\/li><li class='ez-toc-page-1 ez-toc-heading-level-2'><a class=\"ez-toc-link ez-toc-heading-2\" href=\"https:\/\/nutrident.fr\/es\/perleche-tratamiento\/#Sintomas_de_perleche\" title=\"S\u00edntomas de perleche\">S\u00edntomas de perleche<\/a><\/li><li class='ez-toc-page-1 ez-toc-heading-level-2'><a class=\"ez-toc-link ez-toc-heading-3\" href=\"https:\/\/nutrident.fr\/es\/perleche-tratamiento\/#Causas_de_la_boquera\" title=\"Causas de la boquera\">Causas de la boquera<\/a><\/li><li class='ez-toc-page-1 ez-toc-heading-level-2'><a class=\"ez-toc-link ez-toc-heading-4\" href=\"https:\/\/nutrident.fr\/es\/perleche-tratamiento\/#Tratamientos_para_el_perleche\" title=\"Tratamientos para el perleche\">Tratamientos para el perleche<\/a><\/li><li class='ez-toc-page-1 ez-toc-heading-level-2'><a class=\"ez-toc-link ez-toc-heading-5\" href=\"https:\/\/nutrident.fr\/es\/perleche-tratamiento\/#Preguntas_frecuentes\" title=\"Preguntas frecuentes\">Preguntas frecuentes<\/a><\/li><\/ul><\/nav><\/div>\n<h2><span class=\"ez-toc-section\" id=\"%C2%BFQue_son_las_boqueras\"><\/span>\u00bfQu\u00e9 son las boqueras?<span class=\"ez-toc-section-end\"><\/span><\/h2>\n\n\n\n<p>La queilitis angular, tambi\u00e9n conocida como boquera, perleche o estomatitis comisural, es una lesi\u00f3n o inflamaci\u00f3n dolorosa que causa <strong>grietas en las comisuras de los labios<\/strong>. Su nombre proviene del griego <em>khe\u00eelos<\/em>, que significa labios, <em>ite<\/em>, que se utiliza para la inflamaci\u00f3n, y angular, ya que se localiza en el \u00e1ngulo de los labios.<\/p>\n\n\n\n<p>La proximidad de las comisuras de los labios con las <strong>numerosas bacterias de la boca<\/strong> puede provocar una inflamaci\u00f3n. Si a esto le a\u00f1adimos el contacto frecuente de las manos con la boca, tenemos un c\u00f3ctel perfecto para el desarrollo de hongos e infecciones.<\/p>\n\n\n\n<h2><span class=\"ez-toc-section\" id=\"Sintomas_de_perleche\"><\/span>S\u00edntomas de perleche<span class=\"ez-toc-section-end\"><\/span><\/h2>\n\n\n\n<p>Las boqueras son f\u00e1ciles de detectar, ya que se manifiestan como <strong>cortes o fisuras<\/strong> que se forman en las comisuras de la boca y pueden producir <strong>llagas o costras<\/strong> de color blanquecino, marr\u00f3n o rojo. El perleche tambi\u00e9n puede provocar dolor porque los movimientos de la boca para hablar o comer reabren las heridas y est\u00e1s pueden llegar a sangrar.<\/p>\n\n\n\n<h2><span class=\"ez-toc-section\" id=\"Causas_de_la_boquera\"><\/span>Causas de la boquera<span class=\"ez-toc-section-end\"><\/span><\/h2>\n\n\n<div class=\"wp-block-image\">\n<figure class=\"alignright is-resized\"><img src=\"https:\/\/nutrident.fr\/wp-content\/uploads\/2020\/05\/marek-studzinski-PEuq54RKNRI-unsplash.jpg\" alt=\"lamer los labios\" class=\"wp-image-4319\" width=\"300\" height=\"200\" srcset=\"https:\/\/nutrident.fr\/wp-content\/uploads\/2020\/05\/marek-studzinski-PEuq54RKNRI-unsplash.jpg 750w, https:\/\/nutrident.fr\/wp-content\/uploads\/2020\/05\/marek-studzinski-PEuq54RKNRI-unsplash-300x200.jpg 300w, https:\/\/nutrident.fr\/wp-content\/uploads\/2020\/05\/marek-studzinski-PEuq54RKNRI-unsplash-480x320.jpg 480w\" sizes=\"(max-width: 300px) 100vw, 300px\" \/><\/figure><\/div>\n\n\n<p><strong>Lamerse constantemente los labios<\/strong> es uno de los factores principales en el desarrollo de la queilitis angular. Este h\u00e1bito es m\u00e1s com\u00fan en los ni\u00f1os, pero tambi\u00e9n puede convertirse en un <a href=\"https:\/\/www.passeportsante.net\/fr\/Maux\/Problemes\/Fiche.aspx?doc=toc_pm\" target=\"_blank\" rel=\"noopener noreferrer\">TOC<\/a> (Trastorno Obsesivo Compulsivo) en los adultos. Las boqueras tambi\u00e9n pueden ser el resultado de una <a href=\"https:\/\/nutrident.fr\/es\/candidiasis\/\">candidiasis oral<\/a>. Ciertas enfermedades cr\u00f3nicas, como el sida o <a href=\"https:\/\/nutrident.fr\/es\/diabetes-y-dientes\/\">la diabetes<\/a>, el uso de corticosteroides o una dieta demasiado <a href=\"https:\/\/nutrident.fr\/es\/son-los-dulces-realmente-malos-para-los-dientes\/\" target=\"_blank\" data-type=\"URL\" data-id=\"https:\/\/nutrident.fr\/es\/son-los-dulces-realmente-malos-para-los-dientes\/\" rel=\"noreferrer noopener\">rica en az\u00facar<\/a> pueden desencadenar la candidiasis oral, la cual provoca una inflamaci\u00f3n por hongos.<\/p>\n\n\n\n<p>El perleche tambi\u00e9n puede ser el resultado de una <strong>alergia<\/strong> debido al uso de ciertos cosm\u00e9ticos o producto de una alergia alimentaria. A veces se produce por el contacto de la boca con un agente contaminante en los dedos.<\/p>\n\n\n\n<p>Los <a href=\"https:\/\/nutrident.fr\/es\/ortodoncia-para-adultos\/\" target=\"_blank\" data-type=\"URL\" data-id=\"https:\/\/nutrident.fr\/es\/ortodoncia-para-adultos\/\" rel=\"noreferrer noopener\">aparatos de ortodoncia<\/a>, las pr\u00f3tesis que sustituyen a uno o varios dientes o <a href=\"https:\/\/nutrident.fr\/es\/piercings-en-la-lengua\/\" target=\"_blank\" data-type=\"URL\" data-id=\"https:\/\/nutrident.fr\/es\/piercings-en-la-lengua\/\" rel=\"noreferrer noopener\">los piercings<\/a> son otros factores que pueden desencadenar esta afecci\u00f3n. Si estos elementos est\u00e1n mal dimensionados o ajustados, pueden causar molestias e incluso lesiones y provocar un <a href=\"https:\/\/nutrident.fr\/es\/hipersalivacion\/\" target=\"_blank\" data-type=\"URL\" data-id=\"https:\/\/nutrident.fr\/es\/hipersalivacion\/\" rel=\"noreferrer noopener\">exceso de producci\u00f3n de saliva<\/a>.<\/p>\n\n\n\n<p>A medida que envejecemos, la boca tiende a caerse y los labios a arrugarse. Cuando se forma un pliegue labial, se crea una peque\u00f1a <strong>cavidad en la que se retiene saliva <\/strong>y que permanece h\u00fameda constantemente, lo que propicia el resquebrajamiento de la piel y el desarrollo de hongos y bacterias.<\/p>\n\n\n\n<p>Por \u00faltimo, el perleche puede desarrollarse por <strong>deficiencias alimentarias de las vitaminas B y E<\/strong>, as\u00ed como de zinc y hierro, o por una fatiga generalizada del organismo.<\/p>\n\n\n\n<h2><span class=\"ez-toc-section\" id=\"Tratamientos_para_el_perleche\"><\/span>Tratamientos para el perleche<span class=\"ez-toc-section-end\"><\/span><\/h2>\n\n\n\n<h3>Desarrollar buenos h\u00e1bitos<\/h3>\n\n\n\n<p>Si el perleche se debe al <a href=\"https:\/\/nutrident.fr\/es\/7-malos-habitos-que-danan-los-dientes\/\" target=\"_blank\" data-type=\"URL\" data-id=\"https:\/\/nutrident.fr\/es\/7-malos-habitos-que-danan-los-dientes\/\" rel=\"noreferrer noopener\">h\u00e1bito<\/a> de lamerse los labios, solo se puede curar si abandonas este comportamiento repetitivo. Tambi\u00e9n debes <strong>dejar de masticar el bol\u00edgrafo<\/strong>, de morderte las u\u00f1as, de llevarte las manos a la boca o cualquier otro h\u00e1bito que transporte g\u00e9rmenes a la boca que puedan desencadenar la queilitis angular.<\/p>\n\n\n\n<p>Si se debe a deficiencias o excesos alimentarios (por ejemplo, de <a href=\"https:\/\/nutrident.fr\/es\/bebidas-azucaradas\/\" target=\"_blank\" data-type=\"URL\" data-id=\"https:\/\/nutrident.fr\/es\/bebidas-azucaradas\/\" rel=\"noreferrer noopener\">az\u00facar<\/a>), debes <strong>cambiar tu dieta<\/strong> y tomar complementos alimenticios de ser necesario.<\/p>\n\n\n\n<p>Si se trata de un problema con una <a href=\"https:\/\/nutrident.fr\/es\/dentaduras-postizas-fijas-y-removibles\/\" target=\"_blank\" data-type=\"URL\" data-id=\"https:\/\/nutrident.fr\/es\/dentaduras-postizas-fijas-y-removibles\/\" rel=\"noreferrer noopener\">pr\u00f3tesis<\/a> o un aparato, debes informar al dentista, que deber\u00e1 <strong>reajustar o cambiar el aparato<\/strong>.<\/p>\n\n\n\n<h3>Medicaci\u00f3n<\/h3>\n\n\n<div class=\"wp-block-image\">\n<figure class=\"alignright size-large is-resized\"><img src=\"https:\/\/nutrident.fr\/wp-content\/uploads\/2023\/04\/boqueras-1024x681.jpg\" alt=\"perleche\" class=\"wp-image-20823\" width=\"300\" height=\"200\" srcset=\"https:\/\/nutrident.fr\/wp-content\/uploads\/2023\/04\/boqueras-1024x681.jpg 1024w, https:\/\/nutrident.fr\/wp-content\/uploads\/2023\/04\/boqueras-300x200.jpg 300w, https:\/\/nutrident.fr\/wp-content\/uploads\/2023\/04\/boqueras-768x511.jpg 768w, https:\/\/nutrident.fr\/wp-content\/uploads\/2023\/04\/boqueras-1536x1021.jpg 1536w, https:\/\/nutrident.fr\/wp-content\/uploads\/2023\/04\/boqueras-254x169.jpg 254w, https:\/\/nutrident.fr\/wp-content\/uploads\/2023\/04\/boqueras-66x44.jpg 66w, https:\/\/nutrident.fr\/wp-content\/uploads\/2023\/04\/boqueras-120x80.jpg 120w, https:\/\/nutrident.fr\/wp-content\/uploads\/2023\/04\/boqueras.jpg 2000w\" sizes=\"(max-width: 300px) 100vw, 300px\" \/><\/figure><\/div>\n\n\n<p>Existen tratamientos con <strong>medicamentos t\u00f3picos<\/strong> que te puede recomendar el dentista o el farmac\u00e9utico,  como b\u00e1lsamos y sprays antibacterianos y antif\u00fangicos que act\u00faan muy r\u00e1pidamente. Adem\u00e1s puedes usar una pomada que contenga zinc, que te proteger\u00e1 mejor y acelerar\u00e1 el proceso de curaci\u00f3n.<\/p>\n\n\n\n<p>Utiliza un <strong>b\u00e1lsamo labial <\/strong>que contenga manteca de cacao o aceite de \u00e1rbol de t\u00e9 para hidratar los labios y ayudarlos a cicatrizar. Al mantener los labios bien hidratados, se reduce la sensaci\u00f3n de resequedad que puede llevar a lamerlos constantemente.<\/p>\n\n\n\n<p>Si notas una deformaci\u00f3n de tus labios, un logopeda puede recomendarte <strong>ejercicios para fortalecer los labios<\/strong> y evitar que se formen pliegues en los que se acumule la saliva.<\/p>\n\n\n\n<p>Afortunadamente, las complicaciones derivadas del perleche son raras, pero si se producen debes consultar a tu dentista, ya que este te puede remitir a un dermat\u00f3logo para que te suministre inyecciones antiinflamatorias.<\/p>\n\n\n\n<figure class=\"wp-block-embed aligncenter is-type-video is-provider-youtube wp-block-embed-youtube wp-embed-aspect-16-9 wp-has-aspect-ratio\"><div class=\"wp-block-embed__wrapper\">\n<iframe title=\"Curar las boqueras, \u00bfpor qu\u00e9 aparecen? \u00bfSon contagiosas?\" width=\"500\" height=\"281\" src=\"https:\/\/www.youtube.com\/embed\/d5h4uBFwsWA?feature=oembed\" frameborder=\"0\" allow=\"accelerometer; autoplay; clipboard-write; encrypted-media; gyroscope; picture-in-picture; web-share\" allowfullscreen><\/iframe>\n<\/div><\/figure>\n\n\n\n<h3>Tratamientos naturales<\/h3>\n\n\n\n<p>Puedes utilizar productos naturales para acelerar la curaci\u00f3n de las boqueras. Pon unas <a href=\"https:\/\/nutrident.fr\/es\/aceite-de-comino-negro\/\">gotas de aceite de comino negro<\/a>, de cal\u00e9ndula, o de <strong>aceite de \u00e1rbol de t\u00e9<\/strong> en cada una de las comisuras y masajea la zona con el dedo (despu\u00e9s de limpiarte bien las manos, por supuesto).<\/p>\n\n\n\n<p>Estos productos son tanto antiinflamatorios como bactericidas, act\u00faan r\u00e1pidamente y proporcionan una protecci\u00f3n duradera.<\/p>\n\n\n\n<h2><span class=\"ez-toc-section\" id=\"Preguntas_frecuentes\"><\/span>Preguntas frecuentes<span class=\"ez-toc-section-end\"><\/span><\/h2>\n\n\n<div id=\"rank-math-faq\" class=\"rank-math-block\">\n<div class=\"rank-math-list \">\n<div id=\"faq-question-1680623393993\" class=\"rank-math-list-item\">\n<h3 class=\"rank-math-question \">\u00bfQu\u00e9 usar para la queilitis angular?<\/h3>\n<div class=\"rank-math-answer \">\n\n<p>Para tratar las boqueras generalmente se utiliza una crema antif\u00fangica con ketoconazol, fluconazol u otro medicamento del grupo de los azoles, junto con alg\u00fan agente antibacteriano. Si sientes mucho dolor, es probable que te receten tambi\u00e9n una crema con lidoca\u00edna o alg\u00fan otro tipo de anest\u00e9sico. No utilices aceite de coco para tratar el problema en casa pues esto puede agravar la afecci\u00f3n en lugar de mejorarla.<\/p>\n\n<\/div>\n<\/div>\n<div id=\"faq-question-1680623655769\" class=\"rank-math-list-item\">\n<h3 class=\"rank-math-question \">\u00bfC\u00f3mo prevenir la queilitis angular?<\/h3>\n<div class=\"rank-math-answer \">\n\n<p>La prevenci\u00f3n del perleche empieza por mantener una correcta higiene dental y una dieta saludable. Tambi\u00e9n es importante mantener los labios y zonas cercanas hidratadas para evitar el resquebrajamiento y para reducir el impulso de lamerse los labios.<\/p>\n\n<\/div>\n<\/div>\n<\/div>\n<\/div><div class=\"article-data before-content\"><div class=\"article-data__date\"><div class=\"article-data__date-modified\"><time class=\"published\" datetime=\"2022-10-28T10:36:12+00:00\">This article was originally published on&nbsp;<span class=\"2\">octubre 28, 2022<\/span>&nbsp;and was most recently updated on&nbsp;<span>abril 4, 2023<\/span><\/time><br><\/div><\/div><\/div><div class=\"user-info\"><\/div><!--copyscapeskip--><div class=\"medical_references\"><div class=\"medical_references__heading\"><span>Fuentes M\u00e9dicas<\/span><\/div><div class=\"medical_references__list\"><p><strong>Scielo:<\/strong> <a href=\"http:\/\/scielo.sld.cu\/scielo.php?script=sci_arttext&pid=S0034-75072004000200009\" target=\"_blank\" rel=\"noopener\">Queilitis: Revisi\u00f3n bibliogr\u00e1fica<\/a>. Consultado el 4 de abril de 2023.<\/p>\n<p><strong>NIH:<\/strong> <a href=\"https:\/\/www.ncbi.nlm.nih.gov\/books\/NBK470592\/\" target=\"_blank\" rel=\"noopener\">Cheilitis<\/a>. Consultado el 4 de abril de 2023.<\/p>\n<p><strong>WebMD:<\/strong> <a href=\"https:\/\/www.webmd.com\/oral-health\/angular-cheilitis\" target=\"_blank\" rel=\"noopener\">Angular Cheilitis<\/a>. Consultado el 4 de abril de 2023.<\/p>\n<\/div><\/div><!--\/copyscapeskip-->","protected":false},"excerpt":{"rendered":"<p>Updated:&nbsp;abril 4, 2023 La queilitis angular o perleche es un problema com\u00fan que puede llegar a ser muy molesto e incluso doloroso. Si las comisuras de tu boca est\u00e1n permanentemente enrojecidas e irritadas, probablemente no se trate de agrietamiento estacional debido al clima invernal, sino de perleche angular o boqueras. La buena noticia es que [&hellip;]<\/p>\n","protected":false},"author":2,"featured_media":20817,"parent":0,"menu_order":0,"comment_status":"open","ping_status":"open","template":"","meta":{"inline_featured_image":false},"acf":[],"_links":{"self":[{"href":"https:\/\/nutrident.fr\/es\/wp-json\/wp\/v2\/pages\/17172"}],"collection":[{"href":"https:\/\/nutrident.fr\/es\/wp-json\/wp\/v2\/pages"}],"about":[{"href":"https:\/\/nutrident.fr\/es\/wp-json\/wp\/v2\/types\/page"}],"author":[{"embeddable":true,"href":"https:\/\/nutrident.fr\/es\/wp-json\/wp\/v2\/users\/2"}],"replies":[{"embeddable":true,"href":"https:\/\/nutrident.fr\/es\/wp-json\/wp\/v2\/comments?post=17172"}],"version-history":[{"count":6,"href":"https:\/\/nutrident.fr\/es\/wp-json\/wp\/v2\/pages\/17172\/revisions"}],"predecessor-version":[{"id":20834,"href":"https:\/\/nutrident.fr\/es\/wp-json\/wp\/v2\/pages\/17172\/revisions\/20834"}],"wp:featuredmedia":[{"embeddable":true,"href":"https:\/\/nutrident.fr\/es\/wp-json\/wp\/v2\/media\/20817"}],"wp:attachment":[{"href":"https:\/\/nutrident.fr\/es\/wp-json\/wp\/v2\/media?parent=17172"}],"curies":[{"name":"wp","href":"https:\/\/api.w.org\/{rel}","templated":true}]}}