

{"id":17189,"date":"2022-10-28T11:51:21","date_gmt":"2022-10-28T11:51:21","guid":{"rendered":"https:\/\/nutrident.fr\/?page_id=17189"},"modified":"2022-11-10T09:32:51","modified_gmt":"2022-11-10T09:32:51","slug":"diestema","status":"publish","type":"page","link":"https:\/\/nutrident.fr\/es\/diestema\/","title":{"rendered":"Diestema: causas, consecuencias y tratamientos para dientes separados"},"content":{"rendered":"<div class=\"meta\"><div class=\"meta__users\"><\/div><div class=\"meta__date-modified\">Updated:&nbsp;<span>noviembre 10, 2022<\/span><\/div><\/div><div class=\"wp-block-image\">\n<figure class=\"alignright size-full\"><img width=\"300\" height=\"120\" src=\"https:\/\/nutrident.fr\/wp-content\/uploads\/2022\/09\/diasteme_diastema-300x120-1.jpg\" alt=\"diastema\" class=\"wp-image-15316\" srcset=\"https:\/\/nutrident.fr\/wp-content\/uploads\/2022\/09\/diasteme_diastema-300x120-1.jpg 300w, https:\/\/nutrident.fr\/wp-content\/uploads\/2022\/09\/diasteme_diastema-300x120-1-254x102.jpg 254w\" sizes=\"(max-width: 300px) 100vw, 300px\" \/><\/figure><\/div>\n\n\n<p><strong>\u00bfSabe lo que es un diastema interincisal<\/strong>  Este rasgo est\u00e9tico se caracteriza por una separaci\u00f3n mayor de lo normal entre los dos incisivos del maxilar superior.  <\/p>\n\n\n\n<p>Algunas personas los ven como una ventaja encantadora, otras se averg\u00fcenzan de ellos; en todos los casos, no son un riesgo para la salud. <a href=\"https:\/\/nutrident.fr\/es\/\">Nutriden<\/a>t le explica el origen de este fen\u00f3meno y le muestra las soluciones para endurecerlas.<\/p>\n\n\n\n<p><strong>\n  <em>Si desea corregir esta malposici\u00f3n dental mediante un tratamiento de ortodoncia, inf\u00f3rmese sobre el revolucionario m\u00e9todo Dr. Smile<\/em>\n<\/strong>.<\/p>\n\n\n\n<div class=\"wp-container-1 wp-block-buttons\">\n<div class=\"wp-block-button aligncenter is-style-fill\"><a class=\"wp-block-button__link has-white-color has-vivid-cyan-blue-background-color has-text-color has-background\" href=\"https:\/\/tidd.ly\/3NXzapN\" target=\"_blank\" rel=\"noopener\">Contacte con su dentista Dr. Smile m\u00e1s cercano<\/a><\/div>\n<\/div>\n\n\n\n<div id=\"ez-toc-container\" class=\"ez-toc-v2_0_33_2 counter-hierarchy ez-toc-counter ez-toc-white ez-toc-container-direction\">\n<div class=\"ez-toc-title-container\">\n<p class=\"ez-toc-title\">Contenus<\/p>\n<span class=\"ez-toc-title-toggle\"><a href=\"#\" class=\"ez-toc-pull-right ez-toc-btn ez-toc-btn-xs ez-toc-btn-default ez-toc-toggle\" style=\"display: none;\"><label for=\"item\" aria-label=\"Tabla de contenidos\"><i class=\"ez-toc-glyphicon ez-toc-icon-toggle\"><\/i><\/label><input type=\"checkbox\" id=\"item\"><\/a><\/span><\/div>\n<nav><ul class='ez-toc-list ez-toc-list-level-1'><li class='ez-toc-page-1 ez-toc-heading-level-2'><a class=\"ez-toc-link ez-toc-heading-1\" href=\"https:\/\/nutrident.fr\/es\/diestema\/#Diastema_interincisal_o_dientes_de_la_felicidad_%C2%BFque_es\" title=\"Diastema interincisal o dientes de la felicidad: \u00bfqu\u00e9 es?\">Diastema interincisal o dientes de la felicidad: \u00bfqu\u00e9 es?<\/a><\/li><li class='ez-toc-page-1 ez-toc-heading-level-2'><a class=\"ez-toc-link ez-toc-heading-2\" href=\"https:\/\/nutrident.fr\/es\/diestema\/#%C2%BFCuales_son_los_riesgos_para_la_salud_bucodental\" title=\"\u00bfCu\u00e1les son los riesgos para la salud bucodental?\">\u00bfCu\u00e1les son los riesgos para la salud bucodental?<\/a><\/li><li class='ez-toc-page-1 ez-toc-heading-level-2'><a class=\"ez-toc-link ez-toc-heading-3\" href=\"https:\/\/nutrident.fr\/es\/diestema\/#%C2%BFComo_arreglar_los_dientes_separados\" title=\"\u00bfC\u00f3mo arreglar los dientes separados?\">\u00bfC\u00f3mo arreglar los dientes separados?<\/a><\/li><li class='ez-toc-page-1 ez-toc-heading-level-2'><a class=\"ez-toc-link ez-toc-heading-4\" href=\"https:\/\/nutrident.fr\/es\/diestema\/#%C2%BFQue_causa_este_hueco_en_los_dientes\" title=\"\u00bfQu\u00e9 causa este hueco en los dientes?\">\u00bfQu\u00e9 causa este hueco en los dientes?<\/a><\/li><li class='ez-toc-page-1 ez-toc-heading-level-2'><a class=\"ez-toc-link ez-toc-heading-5\" href=\"https:\/\/nutrident.fr\/es\/diestema\/#Conclusion\" title=\"Conclusi\u00f3n\">Conclusi\u00f3n<\/a><\/li><li class='ez-toc-page-1 ez-toc-heading-level-2'><a class=\"ez-toc-link ez-toc-heading-6\" href=\"https:\/\/nutrident.fr\/es\/diestema\/#PREGUNTAS_FRECUENTES\" title=\"PREGUNTAS FRECUENTES\">PREGUNTAS FRECUENTES<\/a><\/li><\/ul><\/nav><\/div>\n<h2><span class=\"ez-toc-section\" id=\"Diastema_interincisal_o_dientes_de_la_felicidad_%C2%BFque_es\"><\/span>Diastema interincisal o dientes de la felicidad: \u00bfqu\u00e9 es?<span class=\"ez-toc-section-end\"><\/span><\/h2>\n\n\n\n<p><strong>Empecemos diciendo que un diastema puede afectar a cualquier parte de la mand\u00edbula.  <\/strong>En este caso, se trata de un hueco m\u00e1s amplio que la media entre dos dientes adyacentes.  <\/p>\n\n\n\n<p>Este tipo diastema se localiza en los<strong> dos incisivos centrales<\/strong> superiores, pero bien puede afectar a otros dientes, o incluso a todos los dientes si es generalizado.<\/p>\n\n\n\n<h2><span class=\"ez-toc-section\" id=\"%C2%BFCuales_son_los_riesgos_para_la_salud_bucodental\"><\/span>\u00bfCu\u00e1les son los riesgos para la salud bucodental?<span class=\"ez-toc-section-end\"><\/span><\/h2>\n\n\n\n<p><strong>Unos dientes separados no son un problema para su salud bucodental.<\/strong>  El \u00fanico riesgo es que se atasque la comida entre los dos incisivos, lo que podr\u00eda lesionar la enc\u00eda. Esto es bastante raro, ya que las personas afectadas aprenden instintivamente a masticar sin correr este riesgo.<\/p>\n\n\n\n<p>No hay peligro para su salud, pero este diastema tiene algunas desventajas.<\/p>\n\n\n\n<h3>Errores de pronunciaci\u00f3n<\/h3>\n\n\n<div class=\"wp-block-image\">\n<figure class=\"alignright size-full\"><img width=\"298\" height=\"189\" src=\"https:\/\/nutrident.fr\/wp-content\/uploads\/2022\/09\/Diastema-echt.jpg\" alt=\"dientes de la felicidad\" class=\"wp-image-15326\" srcset=\"https:\/\/nutrident.fr\/wp-content\/uploads\/2022\/09\/Diastema-echt.jpg 298w, https:\/\/nutrident.fr\/wp-content\/uploads\/2022\/09\/Diastema-echt-254x161.jpg 254w\" sizes=\"(max-width: 298px) 100vw, 298px\" \/><figcaption>El espaciado de los dientes no es peligroso para la salud bucodental<\/figcaption><\/figure><\/div>\n\n\n<p>La mayor desventaja de los dientes separados es que desarrollan un <strong>defecto de pronunciaci\u00f3n<\/strong>. El espacio anormal entre los dos dientes afecta al flujo de aire seg\u00fan la posici\u00f3n de la lengua y puede provocar un ceceo m\u00e1s o menos pronunciado.<\/p>\n\n\n\n<h3>Aspecto est\u00e9tico<\/h3>\n\n\n\n<p>El otro inconveniente de los dientes separados es un <strong>aspecto est\u00e9tico particular<\/strong>. Puede ser encantadoramente \u00fanico, pero cuando es demasiado pronunciado, tiende a ser un complejo.<\/p>\n\n\n\n<h2><span class=\"ez-toc-section\" id=\"%C2%BFComo_arreglar_los_dientes_separados\"><\/span>\u00bfC\u00f3mo arreglar los dientes separados?<span class=\"ez-toc-section-end\"><\/span><\/h2>\n\n\n\n<p>El tratamiento recomendado por el profesional depende <strong>del origen del problema<\/strong>. Seg\u00fan el diagn\u00f3stico, son posibles varios tipos de correcci\u00f3n<\/p>\n\n\n\n<h3>Ortodoncia<\/h3>\n\n\n\n<p>En la mayor\u00eda de los casos, <strong>la ortodoncia permite apretar los dientes de la felicidad<\/strong>. Adem\u00e1s, todos los <a href=\"https:\/\/nutrident.fr\/es\/?page_id=16771\" data-type=\"URL\" data-id=\"https:\/\/nutrident.fr\/orthodontie-appareil-dentaire-adulte\/\">tratamientos de ortodoncia<\/a> acaban resolviendo el diastema interincisal. Desde los aparatos met\u00e1licos hasta los linguales, la elecci\u00f3n es amplia.  <\/p>\n\n\n\n<p>Para los adultos, existen ahora pr\u00f3tesis ortod\u00f3nticas m\u00e1s discretas<a href=\"https:\/\/nutrident.fr\/es\/?page_id=16771\" data-type=\"URL\" data-id=\"https:\/\/nutrident.fr\/orthodontie-appareil-dentaire-adulte\/\"> <\/a>como los brackets colocados en la parte posterior de los dientes o los <strong>alineadores transparentes<\/strong>.<\/p>\n\n\n\n<p>El equipo de Nutrident.es aprecia especialmente la marca <a href=\"https:\/\/nutrident.fr\/es\/?page_id=17032\" data-type=\"URL\" data-id=\"https:\/\/nutrident.fr\/drsmile-avis\/\">Dr. Smile<\/a>. La empresa alemana ha desarrollado un <strong>m\u00e9todo<\/strong> muy popular <strong>de ortodoncia invisible<\/strong> que es eficaz y m\u00e1s barato que muchos competidores. La herramienta, a continuaci\u00f3n, le permite saber en 1 minuto si el m\u00e9todo es adecuado para usted.<\/p>\n\n\n\n<h3>Tratamiento de la enfermedad periodontal<\/h3>\n\n\n\n<p>Dependiendo de la patolog\u00eda de que se trate, el dentista o el <strong>periodoncista<\/strong>, especialista en enfermedades periodontales, puede recurrir a varios tipos de tratamiento. El <a href=\"https:\/\/nutrident.fr\/es\/tartrectomia\/\" data-type=\"URL\" data-id=\"https:\/\/nutrident.fr\/pourquoi-detartrage-est-important\/\">raspado<\/a>, el curetaje periodontal o la cirug\u00eda son opciones disponibles.  <\/p>\n\n\n\n<p>No dude en ponerse en contacto con un dentista para obtener un diagn\u00f3stico preciso. El n\u00famero de consulta del directorio le pone r\u00e1pidamente en contacto con un profesional<\/p>\n\n\n<div class=\"wp-block-image\">\n<figure class=\"alignright size-medium\"><img width=\"243\" height=\"300\" src=\"https:\/\/nutrident.fr\/wp-content\/uploads\/2022\/09\/Depositphotos_21043225_s-2015-243x300.jpg\" alt=\"diastema interincisal\" class=\"wp-image-15333\" srcset=\"https:\/\/nutrident.fr\/wp-content\/uploads\/2022\/09\/Depositphotos_21043225_s-2015-243x300.jpg 243w, https:\/\/nutrident.fr\/wp-content\/uploads\/2022\/09\/Depositphotos_21043225_s-2015-154x190.jpg 154w, https:\/\/nutrident.fr\/wp-content\/uploads\/2022\/09\/Depositphotos_21043225_s-2015.jpg 405w\" sizes=\"(max-width: 243px) 100vw, 243px\" \/><figcaption>Existen diferentes opciones para eliminar el diastema<\/figcaption><\/figure><\/div>\n\n\n<h3>Tratamiento del frenillo labial<\/h3>\n\n\n\n<p>Si los dientes alegres est\u00e1n causados por un defecto en el freno labial, es posible cortarlo mediante cirug\u00eda l\u00e1ser. La operaci\u00f3n se realiza sin anestesia porque es completamente indolora.<\/p>\n\n\n\n<h3>Carillas dentales<\/h3>\n\n\n\n<p>Si le molestan mucho sus <strong>dientes separados<\/strong>, puede considerar la posibilidad de colocar <a href=\"https:\/\/nutrident.fr\/es\/?page_id=16809\">carillas de cer\u00e1mica<\/a>. Son perfectamente est\u00e9ticos, ya que su color se elige para que coincida con sus dientes naturales. Al estar adheridos, se evita cualquier tipo de tallado, desvitalizaci\u00f3n u otra intervenci\u00f3n que pueda da\u00f1ar la integridad de su diente natural.<\/p>\n\n\n\n<h2><span class=\"ez-toc-section\" id=\"%C2%BFQue_causa_este_hueco_en_los_dientes\"><\/span>\u00bfQu\u00e9 causa este hueco en los dientes?<span class=\"ez-toc-section-end\"><\/span><\/h2>\n\n\n\n<p>Muchos factores pueden explicar esta patolog\u00eda<\/p>\n\n\n\n<ul><li><strong>Herencia gen\u00e9tica<\/strong>: si se heredan dientes demasiado peque\u00f1os o una mand\u00edbula demasiado grande, los dientes no se posicionar\u00e1n correctamente, lo que provocar\u00e1 un diastema.<\/li><li><strong>Problemas orales<\/strong>: agenesia dental, enfermedad periodontal<\/li><li><strong>Defecto en el freno de labio<\/strong><\/li><\/ul>\n\n\n\n<h2><span class=\"ez-toc-section\" id=\"Conclusion\"><\/span>Conclusi\u00f3n<span class=\"ez-toc-section-end\"><\/span><\/h2>\n\n\n\n<p>Desde la<strong> primera infancia<\/strong>, los huecos entre los dientes son comunes. A esta edad, incluso se consideran naturales, hasta que los dientes permanentes est\u00e9n correctamente colocados en la mand\u00edbula.<\/p>\n\n\n\n<p>  En la edad adulta, algunos diastemas permanecen; es el caso, en particular, del <strong>diastema interincisal <\/strong>correspondiente al hueco entre los dos incisivos. Este fen\u00f3meno, se est\u00e1 convirtiendo en un problema est\u00e9tico.<\/p>\n\n\n\n<p>Aunque puede causar <strong>problemas orales <\/strong>a largo plazo, esta afecci\u00f3n no es peligrosa para la salud y se trata f\u00e1cilmente. Los frenos son el m\u00e9todo m\u00e1s com\u00fan.<\/p>\n\n\n\n<h2><span class=\"ez-toc-section\" id=\"PREGUNTAS_FRECUENTES\"><\/span>PREGUNTAS FRECUENTES<span class=\"ez-toc-section-end\"><\/span><\/h2>\n\n\n\n<h3>\u00bfSe consideran los dientes separados un signo de belleza?<\/h3>\n\n\n\n<p>Algunas personas est\u00e1n muy apegadas a sus dientes de la felicidad. Este hueco en los dientes se ve como una ventaja encantadora. Va incluso m\u00e1s all\u00e1. En Nigeria, por ejemplo, este fen\u00f3meno se considera un verdadero criterio de belleza.<\/p>\n\n\n\n<h3>\u00bfC\u00f3mo tratar los dientes separados?<\/h3>\n\n\n\n<p>Dependiendo del origen del problema, hay varias soluciones: tratamiento de ortodoncia, carillas dentales, tratamiento del freno labial.<\/p>\n\n\n\n<h3>\u00bfPor qu\u00e9 se separan los dientes con la edad?<\/h3>\n\n\n\n<p>Los dientes se aflojan con la edad, son menos estables y se someten m\u00e1s f\u00e1cilmente a la presi\u00f3n de la lengua. La acumulaci\u00f3n de estos fen\u00f3menos hace que los dientes se separen.<\/p>\n<div class=\"article-data before-content\"><div class=\"article-data__date\"><div class=\"article-data__date-modified\"><time class=\"published\" datetime=\"2022-10-28T11:51:21+00:00\">This article was originally published on&nbsp;<span class=\"2\">octubre 28, 2022<\/span>&nbsp;and was most recently updated on&nbsp;<span>noviembre 10, 2022<\/span><\/time><br><\/div><\/div><\/div><div class=\"user-info\"><\/div>","protected":false},"excerpt":{"rendered":"<p>Updated:&nbsp;noviembre 10, 2022 \u00bfSabe lo que es un diastema interincisal Este rasgo est\u00e9tico se caracteriza por una separaci\u00f3n mayor de lo normal entre los dos incisivos del maxilar superior. Algunas personas los ven como una ventaja encantadora, otras se averg\u00fcenzan de ellos; en todos los casos, no son un riesgo para la salud. Nutrident le [&hellip;]<\/p>\n","protected":false},"author":2,"featured_media":17730,"parent":0,"menu_order":0,"comment_status":"open","ping_status":"open","template":"","meta":{"inline_featured_image":false},"acf":[],"_links":{"self":[{"href":"https:\/\/nutrident.fr\/es\/wp-json\/wp\/v2\/pages\/17189"}],"collection":[{"href":"https:\/\/nutrident.fr\/es\/wp-json\/wp\/v2\/pages"}],"about":[{"href":"https:\/\/nutrident.fr\/es\/wp-json\/wp\/v2\/types\/page"}],"author":[{"embeddable":true,"href":"https:\/\/nutrident.fr\/es\/wp-json\/wp\/v2\/users\/2"}],"replies":[{"embeddable":true,"href":"https:\/\/nutrident.fr\/es\/wp-json\/wp\/v2\/comments?post=17189"}],"version-history":[{"count":3,"href":"https:\/\/nutrident.fr\/es\/wp-json\/wp\/v2\/pages\/17189\/revisions"}],"predecessor-version":[{"id":19127,"href":"https:\/\/nutrident.fr\/es\/wp-json\/wp\/v2\/pages\/17189\/revisions\/19127"}],"wp:featuredmedia":[{"embeddable":true,"href":"https:\/\/nutrident.fr\/es\/wp-json\/wp\/v2\/media\/17730"}],"wp:attachment":[{"href":"https:\/\/nutrident.fr\/es\/wp-json\/wp\/v2\/media?parent=17189"}],"curies":[{"name":"wp","href":"https:\/\/api.w.org\/{rel}","templated":true}]}}