

{"id":17192,"date":"2022-10-28T09:38:58","date_gmt":"2022-10-28T09:38:58","guid":{"rendered":"https:\/\/nutrident.fr\/?page_id=17192"},"modified":"2022-10-28T09:39:00","modified_gmt":"2022-10-28T09:39:00","slug":"oral-b-kids","status":"publish","type":"page","link":"https:\/\/nutrident.fr\/es\/oral-b-kids\/","title":{"rendered":"Oral-B Kids: el cepillo el\u00e9ctrico para ni\u00f1os mayores de 3 a\u00f1os"},"content":{"rendered":"<div class=\"meta\"><div class=\"meta__users\"><\/div><div class=\"meta__date-modified\">Updated:&nbsp;<span>octubre 28, 2022<\/span><\/div><\/div><div class=\"wp-block-image\">\n<figure class=\"alignright size-medium\"><img width=\"216\" height=\"300\" src=\"https:\/\/nutrident.fr\/wp-content\/uploads\/2022\/07\/Oral-B-Kids-216x300.jpg\" alt=\"Oral-B Ni\u00f1os  \" class=\"wp-image-13580\" srcset=\"https:\/\/nutrident.fr\/wp-content\/uploads\/2022\/07\/Oral-B-Kids-216x300.jpg 216w, https:\/\/nutrident.fr\/wp-content\/uploads\/2022\/07\/Oral-B-Kids-137x190.jpg 137w, https:\/\/nutrident.fr\/wp-content\/uploads\/2022\/07\/Oral-B-Kids.jpg 679w\" sizes=\"(max-width: 216px) 100vw, 216px\" \/><figcaption>El cepillo el\u00e9ctrico Oral-B Kids es ideal para ni\u00f1os a partir de 3 a\u00f1os.  <\/figcaption><\/figure><\/div>\n\n\n<p>El cepillo el\u00e9ctrico es mucho m\u00e1s eficaz que el manual <a href=\"https:\/\/nutrident.fr\/es\/?page_id=16747\">para eliminar la placa<\/a> y llegar a los rincones m\u00e1s inaccesibles de la boca.<\/p>\n\n\n\n<p><a href=\"https:\/\/nutrident.fr\/es\/?page_id=14754\">Para los ni\u00f1os, el cepillo el\u00e9ctrico<\/a> es tambi\u00e9n una forma de motivarles para que se cepillen bien los dientes y establecer buenos h\u00e1bitos que duren toda la vida.<\/p>\n\n\n\n<p><a href=\"https:\/\/nutrident.fr\/es\/\">Nutrident.co.uk<\/a> est\u00e1 probando el cepillo de dientes el\u00e9ctrico Oral-B Kids, especialmente dise\u00f1ado para ni\u00f1os a partir de 3 a\u00f1os.<\/p>\n\n\n\n<div class=\"wp-container-3 wp-block-buttons\">\n<div class=\"wp-block-button aligncenter\"><a class=\"wp-block-button__link has-white-color has-vivid-cyan-blue-background-color has-text-color has-background\" href=\"https:\/\/amzn.to\/3bGOSXc\" target=\"_blank\" rel=\"noopener\">Compre este cepillo de dientes al mejor precio<\/a><\/div>\n<\/div>\n\n\n\n<h2>Caracter\u00edsticas del cepillo de dientes Oral-B Kids<\/h2>\n\n\n\n<p>El cepillo el\u00e9ctrico Oral-B Kids es un cepillo oscilante. Esto significa que su cepillo es redondo y produce movimientos circulares que abarcan el diente para limpiarlo bien. Oral-B es el l\u00edder mundial en este tipo de cepillos.<\/p>\n\n\n\n<h3>El dise\u00f1o<\/h3>\n\n\n\n<p>El mango ergon\u00f3mico est\u00e1 dise\u00f1ado para ser sostenido por manos peque\u00f1as y tiene una superficie antideslizante. El mango es azul y el bot\u00f3n de encendido\/apagado est\u00e1 situado bajo el pulgar, lo que facilita su activaci\u00f3n por parte de un ni\u00f1o peque\u00f1o.<\/p>\n\n\n\n<p>El cepillo viene con 4 pegatinas de la Reina de las Nieves de Disney. El ni\u00f1o puede elegir cu\u00e1l pegar alrededor del mango. Si tiene varios ni\u00f1os, esta es la manera de diferenciar los cepillos para que puedan reconocer f\u00e1cilmente los suyos.<\/p>\n\n\n\n<h3>El cepillo especial para ni\u00f1os<\/h3>\n\n\n\n<p>El cepillo redondo est\u00e1 adaptado al tama\u00f1o de la boca de los ni\u00f1os a partir de los 3 a\u00f1os, lo que le permite llegar al fondo de la boca y tratar toda la dentici\u00f3n.<\/p>\n\n\n\n<p>Las cerdas del cepillo son especialmente suaves y flexibles. No hay riesgo de da\u00f1ar el esmalte ni de irritar las enc\u00edas.<\/p>\n\n\n\n<h3>Autonom\u00eda<\/h3>\n\n\n\n<p>El cepillo Oral-B Kids funciona con una bater\u00eda recargable. La base de carga permite colocarla simplemente en el borde de un lavabo para cargarla.<\/p>\n\n\n\n<p>La bater\u00eda dura ocho d\u00edas. El \u00fanico inconveniente es que el cepillo no tiene un indicador de carga, simplemente se detiene cuando la bater\u00eda est\u00e1 vac\u00eda.<\/p>\n\n\n<div class=\"wp-block-image\">\n<figure class=\"alignright size-medium\"><img width=\"58\" height=\"300\" src=\"https:\/\/nutrident.fr\/wp-content\/uploads\/2022\/07\/Oral-B-Kids-cars-58x300.jpg\" alt=\"Oral-B Kids Cars\" class=\"wp-image-13583\"\/><figcaption>\u00a1Hay muchos modelos para elegir que deber\u00edan atraer a los m\u00e1s j\u00f3venes!<\/figcaption><\/figure><\/div>\n\n\n<h3>Modos de cepillado<\/h3>\n\n\n\n<p>Oral-B Kids ofrece dos modos de cepillado: normal y suave. Si las enc\u00edas de su hijo son especialmente sensibles, se recomienda el modo suave. Tambi\u00e9n es muy \u00fatil cuando un diente se est\u00e1 moviendo y est\u00e1 a punto de caerse, para no molestarlo, as\u00ed como justo despu\u00e9s de que el diente se haya ca\u00eddo, cuando la zona a\u00fan est\u00e1 sensible.<\/p>\n\n\n\n<h3>El temporizador m\u00e1gico de Disney y la aplicaci\u00f3n<\/h3>\n\n\n\n<p>El cepillo tiene un temporizador incorporado para ayudar a los ni\u00f1os a respetar el tiempo de cepillado recomendado de 2 minutos y para ayudarles a desarrollar buenos h\u00e1bitos.<\/p>\n\n\n\n<p>Puede utilizar la aplicaci\u00f3n Disney Magic Timer que es divertida y acompa\u00f1a el tiempo de cepillado. El fabricante afirma que siguiendo esta aplicaci\u00f3n, el 90% de los ni\u00f1os se cepillan los dientes durante m\u00e1s tiempo.<\/p>\n\n\n\n<p>Cuando lo utilizan, pueden ganar pegatinas virtuales de sus personajes Disney favoritos. La aplicaci\u00f3n es gratuita y est\u00e1 disponible en Google Play y en la App Store.<\/p>\n\n\n\n<div class=\"wp-container-4 wp-block-buttons\">\n<div class=\"wp-block-button aligncenter\"><a class=\"wp-block-button__link has-white-color has-vivid-cyan-blue-background-color has-text-color has-background\" href=\"https:\/\/amzn.to\/3AnX0qd\" target=\"_blank\" rel=\"noopener\">Compre este cepillo de dientes al mejor precio<\/a><\/div>\n<\/div>\n<div class=\"article-data before-content\"><div class=\"article-data__date\"><div class=\"article-data__date-modified\"><time class=\"published\" datetime=\"2022-10-28T09:38:58+00:00\">This article was originally published on&nbsp;<span class=\"2\">octubre 28, 2022<\/span>&nbsp;and was most recently updated on&nbsp;<span>octubre 28, 2022<\/span><\/time><br><\/div><\/div><\/div><div class=\"user-info\"><\/div>","protected":false},"excerpt":{"rendered":"<p>Updated:&nbsp;octubre 28, 2022 El cepillo el\u00e9ctrico es mucho m\u00e1s eficaz que el manual para eliminar la placa y llegar a los rincones m\u00e1s inaccesibles de la boca. Para los ni\u00f1os, el cepillo el\u00e9ctrico es tambi\u00e9n una forma de motivarles para que se cepillen bien los dientes y establecer buenos h\u00e1bitos que duren toda la vida. [&hellip;]<\/p>\n","protected":false},"author":2,"featured_media":17193,"parent":0,"menu_order":0,"comment_status":"open","ping_status":"open","template":"","meta":{"inline_featured_image":false},"acf":[],"_links":{"self":[{"href":"https:\/\/nutrident.fr\/es\/wp-json\/wp\/v2\/pages\/17192"}],"collection":[{"href":"https:\/\/nutrident.fr\/es\/wp-json\/wp\/v2\/pages"}],"about":[{"href":"https:\/\/nutrident.fr\/es\/wp-json\/wp\/v2\/types\/page"}],"author":[{"embeddable":true,"href":"https:\/\/nutrident.fr\/es\/wp-json\/wp\/v2\/users\/2"}],"replies":[{"embeddable":true,"href":"https:\/\/nutrident.fr\/es\/wp-json\/wp\/v2\/comments?post=17192"}],"version-history":[{"count":2,"href":"https:\/\/nutrident.fr\/es\/wp-json\/wp\/v2\/pages\/17192\/revisions"}],"predecessor-version":[{"id":17511,"href":"https:\/\/nutrident.fr\/es\/wp-json\/wp\/v2\/pages\/17192\/revisions\/17511"}],"wp:featuredmedia":[{"embeddable":true,"href":"https:\/\/nutrident.fr\/es\/wp-json\/wp\/v2\/media\/17193"}],"wp:attachment":[{"href":"https:\/\/nutrident.fr\/es\/wp-json\/wp\/v2\/media?parent=17192"}],"curies":[{"name":"wp","href":"https:\/\/api.w.org\/{rel}","templated":true}]}}