

{"id":17195,"date":"2022-10-28T11:54:26","date_gmt":"2022-10-28T11:54:26","guid":{"rendered":"https:\/\/nutrident.fr\/?page_id=17195"},"modified":"2023-06-13T11:13:08","modified_gmt":"2023-06-13T11:13:08","slug":"submordida","status":"publish","type":"page","link":"https:\/\/nutrident.fr\/es\/ortodoncia\/submordida\/","title":{"rendered":"Mordida invertida o prognatismo: definici\u00f3n, causas y tratamientos"},"content":{"rendered":"<div class=\"meta\"><div class=\"meta__users\">    <div class=\"meta__users__reviewed\">\r\n      <p class=\"meta__users__caption\">Contributor:&nbsp;<\/p>\r\n      <div class=\"users\">\r\n        <span class=\"users__user\">\r\n          <a href=\"#\">Dr Abel Jes\u00fas Pederzoli<\/a>\r\n        <\/span>\r\n      <\/div>\r\n    <\/div>\r\n\t<\/div><div class=\"meta__date-modified\">Updated:&nbsp;<span>junio 13, 2023<\/span><\/div><\/div><div class=\"wp-block-image\">\n<figure class=\"alignright size-full\"><img width=\"295\" height=\"183\" src=\"https:\/\/nutrident.fr\/wp-content\/uploads\/2022\/09\/prognathe.jpg\" alt=\"prognatismo en un ni\u00f1o\" class=\"wp-image-15604\" srcset=\"https:\/\/nutrident.fr\/wp-content\/uploads\/2022\/09\/prognathe.jpg 295w, https:\/\/nutrident.fr\/wp-content\/uploads\/2022\/09\/prognathe-254x158.jpg 254w\" sizes=\"(max-width: 295px) 100vw, 295px\" \/><figcaption>El prognatismo corresponde a un avance excesivo del maxilar inferior en relaci\u00f3n con el superior  <\/figcaption><\/figure><\/div>\n\n\n<p>La submordida, mordida invertida o prognatismo es un caso com\u00fan de maloclusi\u00f3n que ocurre cuando la mand\u00edbula est\u00e1 m\u00e1s adelantada de lo normal.<\/p>\n\n\n\n<p>A primera vista, este problema puede parecer principalmente est\u00e9tico, pero el prognatismo<strong> <\/strong>tambi\u00e9n provoca disfunciones que <strong>afectan a la respiraci\u00f3n, la alimentaci\u00f3n<\/strong> (y por tanto la digesti\u00f3n) y <strong>la pronunciaci\u00f3n<\/strong>. Afortunadamente, existen tratamientos para corregir esta maloclusi\u00f3n.<\/p>\n\n\n\n<p>En este art\u00edculo, <a href=\"https:\/\/nutrident.fr\/es\/\">Nutrident.es<\/a> examina las <strong>causas del prognatismo<\/strong>, as\u00ed como las soluciones ortod\u00f3nticas y quir\u00fargicas que pueden utilizarse para corregir esta malformaci\u00f3n.<\/p>\n\n\n\n<p><em>El uso de alineadores dentales invisibles es uno de los posibles tratamientos que se utilizan para corregir la mordida invertida. Si est\u00e1s interesado en este procedimiento, puedes ponerte en contacto con un dentista de DrSmile especializado en ortodoncia invisible<\/em>.<\/p>\n\n\n\n<div class=\"wp-container-1 wp-block-buttons\">\n<div class=\"wp-block-button aligncenter\"><a class=\"wp-block-button__link has-white-color has-vivid-cyan-blue-background-color has-text-color has-background\" href=\"https:\/\/tidd.ly\/3NXzapN\" target=\"_blank\" rel=\"noopener\">Encuentra el dentista de DrSmile m\u00e1s cercano aqu\u00ed<\/a><\/div>\n<\/div>\n\n\n\n<div id=\"ez-toc-container\" class=\"ez-toc-v2_0_33_2 counter-hierarchy ez-toc-counter ez-toc-white ez-toc-container-direction\">\n<div class=\"ez-toc-title-container\">\n<p class=\"ez-toc-title\">Contenus<\/p>\n<span class=\"ez-toc-title-toggle\"><a href=\"#\" class=\"ez-toc-pull-right ez-toc-btn ez-toc-btn-xs ez-toc-btn-default ez-toc-toggle\" style=\"display: none;\"><label for=\"item\" aria-label=\"Tabla de contenidos\"><i class=\"ez-toc-glyphicon ez-toc-icon-toggle\"><\/i><\/label><input type=\"checkbox\" id=\"item\"><\/a><\/span><\/div>\n<nav><ul class='ez-toc-list ez-toc-list-level-1'><li class='ez-toc-page-1 ez-toc-heading-level-2'><a class=\"ez-toc-link ez-toc-heading-1\" href=\"https:\/\/nutrident.fr\/es\/ortodoncia\/submordida\/#%C2%BFQue_es_el_prognatismo\" title=\"\u00bfQu\u00e9 es el prognatismo?  \">\u00bfQu\u00e9 es el prognatismo?  <\/a><\/li><li class='ez-toc-page-1 ez-toc-heading-level-2'><a class=\"ez-toc-link ez-toc-heading-2\" href=\"https:\/\/nutrident.fr\/es\/ortodoncia\/submordida\/#%C2%BFQue_tipos_de_prognatismo_existen\" title=\"\u00bfQu\u00e9 tipos de prognatismo existen?\">\u00bfQu\u00e9 tipos de prognatismo existen?<\/a><\/li><li class='ez-toc-page-1 ez-toc-heading-level-2'><a class=\"ez-toc-link ez-toc-heading-3\" href=\"https:\/\/nutrident.fr\/es\/ortodoncia\/submordida\/#%C2%BFCuales_son_las_causas_del_prognatismo\" title=\"\u00bfCu\u00e1les son las causas del prognatismo?\">\u00bfCu\u00e1les son las causas del prognatismo?<\/a><\/li><li class='ez-toc-page-1 ez-toc-heading-level-2'><a class=\"ez-toc-link ez-toc-heading-4\" href=\"https:\/\/nutrident.fr\/es\/ortodoncia\/submordida\/#Consecuencias_de_la_mordida_invertida_o_submordida\" title=\"Consecuencias de la mordida invertida o submordida\">Consecuencias de la mordida invertida o submordida<\/a><\/li><li class='ez-toc-page-1 ez-toc-heading-level-2'><a class=\"ez-toc-link ez-toc-heading-5\" href=\"https:\/\/nutrident.fr\/es\/ortodoncia\/submordida\/#%C2%BFComo_se_corrige_el_prognatismo_Soluciones_y_tratamiento\" title=\"\u00bfC\u00f3mo se corrige el prognatismo? Soluciones y tratamiento\">\u00bfC\u00f3mo se corrige el prognatismo? Soluciones y tratamiento<\/a><\/li><li class='ez-toc-page-1 ez-toc-heading-level-2'><a class=\"ez-toc-link ez-toc-heading-6\" href=\"https:\/\/nutrident.fr\/es\/ortodoncia\/submordida\/#Preguntas_frecuentes\" title=\"Preguntas frecuentes\">Preguntas frecuentes<\/a><\/li><\/ul><\/nav><\/div>\n<h2><span class=\"ez-toc-section\" id=\"%C2%BFQue_es_el_prognatismo\"><\/span>\u00bfQu\u00e9 es el prognatismo?  <span class=\"ez-toc-section-end\"><\/span><\/h2>\n\n\n\n<p>El prognatismo (no debe confundirse con el <a href=\"https:\/\/nutrident.fr\/es\/?page_id=16887\" data-type=\"URL\" data-id=\"https:\/\/nutrident.fr\/dents-en-avant\/\">retrognatismo<\/a>), es un caso com\u00fan de <strong>maloclusi\u00f3n dental<\/strong> (desalineaci\u00f3n de las arcadas dentales). Tambi\u00e9n se le conoce como mordida invertida, mordida cruzada anterior o submordida, y se caracteriza por una posici\u00f3n demasiado avanzada de la mand\u00edbula en relaci\u00f3n con el maxilar. Como resultado, los dientes inferiores est\u00e1n m\u00e1s adelantados que los superiores.<\/p>\n\n\n\n<h2><span class=\"ez-toc-section\" id=\"%C2%BFQue_tipos_de_prognatismo_existen\"><\/span>\u00bfQu\u00e9 tipos de prognatismo existen?<span class=\"ez-toc-section-end\"><\/span><\/h2>\n\n\n\n<p>Existen tres tipos de prognatismo:<\/p>\n\n\n\n<ul><li><strong>Hiperplasia mandibular<\/strong>: cuando la mand\u00edbula crece excesivamente, provocando una mordida invertida<\/li><li><strong>Hipoplaxia maxilar<\/strong>: cuando el maxilar no crece lo suficiente, provocando que la mand\u00edbula se adelante m\u00e1s de lo normal<\/li><li><strong>Prognatismo bimaxilar<\/strong>: cuando el prognatismo se debe a una combinaci\u00f3n de los dos tipos anteriores<\/li><\/ul>\n\n\n\n<h2><span class=\"ez-toc-section\" id=\"%C2%BFCuales_son_las_causas_del_prognatismo\"><\/span>\u00bfCu\u00e1les son las causas del prognatismo?<span class=\"ez-toc-section-end\"><\/span><\/h2>\n\n\n\n<p>La mordida invertida puede tener dos or\u00edgenes. La causa principal suele ser la <a class=\"wpil_keyword_link\" title=\"gen\u00e9tica\" href=\"https:\/\/nutrident.fr\/es\/?page_id=17167\">gen\u00e9tica<\/a> heredada de los padres. Pero tambi\u00e9n puede estar relacionada con determinados comportamientos y h\u00e1bitos en la etapa del desarrollo bucal y dental, como por ejemplo chuparse el dedo.<\/p>\n\n\n\n<h2><span class=\"ez-toc-section\" id=\"Consecuencias_de_la_mordida_invertida_o_submordida\"><\/span>Consecuencias de la mordida invertida o submordida<span class=\"ez-toc-section-end\"><\/span><\/h2>\n\n\n<div class=\"wp-block-image\">\n<figure class=\"alignright size-large is-resized\"><img src=\"https:\/\/nutrident.fr\/wp-content\/uploads\/2022\/12\/maloclusion-dental-submordida-1024x768.jpg\" alt=\"\" class=\"wp-image-19610\" width=\"300\" height=\"200\"\/><figcaption>El prognatismo o submordida puede deberse a la gen\u00e9tica o a malos h\u00e1bitos dentales<\/figcaption><\/figure><\/div>\n\n\n<p>Como cualquier maloclusi\u00f3n dental, la <strong>mand\u00edbula progn\u00e1tica<\/strong> tiene repercusiones f\u00edsicas y psicol\u00f3gicas, entre las cuales se encuentran:<\/p>\n\n\n\n<ul><li>Molestias est\u00e9ticas <\/li><li>Problemas de masticaci\u00f3n <\/li><li>Errores de pronunciaci\u00f3n <\/li><li>Api\u00f1amiento dental que propicia el <a href=\"https:\/\/nutrident.fr\/es\/caries\/\" target=\"_blank\" rel=\"noreferrer noopener\">desarrollo de caries<\/a> <\/li><li>Dolor en las articulaciones temporomandibulares<\/li><\/ul>\n\n\n\n<h2><span class=\"ez-toc-section\" id=\"%C2%BFComo_se_corrige_el_prognatismo_Soluciones_y_tratamiento\"><\/span>\u00bfC\u00f3mo se corrige el prognatismo? Soluciones y tratamiento<span class=\"ez-toc-section-end\"><\/span><\/h2>\n\n\n\n<p>Dependiendo de la edad y del nivel de desarrollo del prognatismo, son posibles dos tipos de tratamiento: <strong>ortodoncia <\/strong>y\/o<strong> cirug\u00eda<\/strong>.<\/p>\n\n\n\n<p>Es importante tener en cuenta que <strong>un tratamiento de ortodoncia puede no ser suficiente<\/strong> si el problema ha estado presente durante mucho tiempo. Por lo tanto, tambi\u00e9n se recomienda una intervenci\u00f3n quir\u00fargica. Adem\u00e1s, si el origen de la patolog\u00eda<strong> <\/strong>es esquel\u00e9tico, en la mayor\u00eda de los casos se debe recurrir a la cirug\u00eda.<\/p>\n\n\n\n<h3>Tratamiento ortod\u00f3ntico<\/h3>\n\n\n\n<p>Si la mordida cruzada anterior se detecta a una edad en la que la boca a\u00fan se est\u00e1 formando (durante la infancia), el <strong>tratamiento de ortodoncia es muy eficaz<\/strong>. En el contexto del desarrollo dental, el uso de aparatos de ortodoncia puede impedir el avance del maxilar inferior, al mismo tiempo que estimula el desarrollo del maxilar superior.<\/p>\n\n\n\n<p>Si otros miembros de tu familia sufren de esta condici\u00f3n, cu\u00e9ntaselo a tu dentista para que lo tenga presente cuando examine a tu hijo. <strong>Cuanto antes se detecte la afecci\u00f3n, m\u00e1s f\u00e1cil ser\u00e1 corregirla<\/strong>.<\/p>\n\n\n\n<h4>Soluciones de ortodoncia para adultos  <\/h4>\n\n\n\n<p>En la edad adulta, <a href=\"https:\/\/nutrident.fr\/es\/?page_id=16771\" data-type=\"URL\" data-id=\"https:\/\/nutrident.fr\/orthodontie-appareil-dentaire-adulte\/\">la ortodoncia<\/a> tambi\u00e9n puede ayudar a corregir este tipo de maloclusi\u00f3n dental. Sin embargo, <strong>los cambios son mucho menos notables<\/strong> y generalmente no solucionan el problema de ra\u00edz, por lo que usualmente es necesaria una cirug\u00eda de mand\u00edbula.<\/p>\n\n\n\n<p>El uso de ortodoncia, sin embargo, puede reposicionar los incisivos superiores hasta que se encuentren m\u00e1s adelantados que los inferiores. Para ello, te aconsejamos que recurras a un m\u00e9todo de ortodoncia invisible, pues es muy discreta y generalmente bastante efectiva. <a href=\"https:\/\/nutrident.fr\/es\/?page_id=17032\" data-type=\"URL\" data-id=\"https:\/\/nutrident.fr\/drsmile-avis\/\">Los alineadores transparentes de DrSmile<\/a> se desarrollan en Alemania y han tenido un gran \u00e9xito en Francia, Espa\u00f1a y otros pa\u00edses de Europa.<\/p>\n\n\n\n<p>Antes de ponerte en contacto con un <strong>dentista certificado<\/strong>, comprueba primero si este m\u00e9todo es adecuado para ti. Solo tienes que hacer clic en el siguiente bot\u00f3n para evaluar tu elegibilidad:<\/p>\n\n\n\n<div class=\"wp-container-2 is-content-justification-center wp-block-buttons\">\n<div class=\"wp-block-button\"><a class=\"wp-block-button__link has-white-color has-text-color has-background\" href=\"https:\/\/tidd.ly\/3NXzapN\" style=\"background-color:#41a3e5\" target=\"_blank\" rel=\"noopener\">\u00a1Haz el test del DrSmile aqu\u00ed!<\/a><\/div>\n<\/div>\n\n\n\n<h3>Cirug\u00eda mandibular<\/h3>\n\n\n<div class=\"wp-block-image\">\n<figure class=\"alignright\"><img width=\"300\" height=\"200\" src=\"https:\/\/nutrident.fr\/wp-content\/uploads\/2020\/11\/artur-tumasjan-qLzWvcQq-V8-unsplash-300x200.jpg\" alt=\"causas de\u00f1 prognatismo\" class=\"wp-image-7014\" srcset=\"https:\/\/nutrident.fr\/wp-content\/uploads\/2020\/11\/artur-tumasjan-qLzWvcQq-V8-unsplash-300x200.jpg 300w, https:\/\/nutrident.fr\/wp-content\/uploads\/2020\/11\/artur-tumasjan-qLzWvcQq-V8-unsplash-480x320.jpg 480w, https:\/\/nutrident.fr\/wp-content\/uploads\/2020\/11\/artur-tumasjan-qLzWvcQq-V8-unsplash.jpg 750w\" sizes=\"(max-width: 300px) 100vw, 300px\" \/><figcaption>La cirug\u00eda mandibular es la soluci\u00f3n definitiva para realinear los maxilares<\/figcaption><\/figure><\/div>\n\n\n<p>Si la ortodoncia no funciona para tu caso particular, o si has comenzado el tratamiento demasiado tarde, es muy probable que la cirug\u00eda mandibular sea tu \u00fanica opci\u00f3n. Se trata de<strong> <\/strong>una operaci\u00f3n mayor que<strong> puede durar hasta dos horas y que se realiza con anestesia<\/strong> <strong>general<\/strong>. Sin embargo, su gran ventaja es que los resultados son rotundos y se corrige el problema de ra\u00edz.<\/p>\n\n\n\n<h4>\u00bfC\u00f3mo se realiza la operaci\u00f3n?<\/h4>\n\n\n\n<p>El cirujano<strong> corta el hueso de la mand\u00edbula<\/strong> por ambos lados para separarlo, reposiciona la mand\u00edbula y la fija con placas de titanio. Los cortes se cierran con suturas absorbibles.<\/p>\n\n\n\n<h4>Contexto postoperatorio<\/h4>\n\n\n\n<p>El paciente suele permanecer <strong>en el hospital hasta tres d\u00edas <\/strong>y es posible que solo pueda ingerir l\u00edquidos durante varios d\u00edas. Por supuesto, el <strong>cirujano<\/strong> dental lo vigilar\u00e1 de cerca y se asegurar\u00e1 de que no se produzca ninguna infecci\u00f3n. En caso de dolor o inflamaci\u00f3n, prescribir\u00e1 un tratamiento para aliviarlo.<\/p>\n\n\n\n<p>En los meses siguientes a la operaci\u00f3n, el paciente debe someterse a <strong>un tratamiento de ortodoncia<\/strong> para fijar permanentemente ambos maxilares, lo cual puede tomar entre uno y dos a\u00f1os.<\/p>\n\n\n\n<h2><span class=\"ez-toc-section\" id=\"Preguntas_frecuentes\"><\/span>Preguntas frecuentes<span class=\"ez-toc-section-end\"><\/span><\/h2>\n\n\n<div id=\"rank-math-faq\" class=\"rank-math-block\">\n<div class=\"rank-math-list \">\n<div id=\"faq-question-1672164686795\" class=\"rank-math-list-item\">\n<h3 class=\"rank-math-question \">\u00bfC\u00f3mo se llama la mand\u00edbula inferior?  <\/h3>\n<div class=\"rank-math-answer \">\n\n<p>El t\u00e9rmino mand\u00edbula se refiere al hueso impar (es decir, un solo hueso en todo el esqueleto humano) que forma el maxilar inferior.<\/p>\n\n<\/div>\n<\/div>\n<div id=\"faq-question-1672164707372\" class=\"rank-math-list-item\">\n<h3 class=\"rank-math-question \">\u00bfC\u00f3mo saber si debo operarme de prognatismo?<\/h3>\n<div class=\"rank-math-answer \">\n\n<p>Si el prognatismo te causa dificultades para masticar alimentos u otros problemas m\u00e1s graves (como trastornos de la articulaci\u00f3n temporomandibular) una operaci\u00f3n podr\u00eda ser la soluci\u00f3n.<\/p>\n\n<\/div>\n<\/div>\n<div id=\"faq-question-1672164995528\" class=\"rank-math-list-item\">\n<h3 class=\"rank-math-question \">\u00bfCu\u00e1nto dura una operaci\u00f3n de prognatismo?<\/h3>\n<div class=\"rank-math-answer \">\n\n<p>La cirug\u00eda de mand\u00edbula para corregir el prognatismo suele durar unas dos horas, pero el paciente tendr\u00e1 que permanecer en el hospital durante varios d\u00edas.<\/p>\n\n<\/div>\n<\/div>\n<div id=\"faq-question-1672164822500\" class=\"rank-math-list-item\">\n<h3 class=\"rank-math-question \">\u00bfCu\u00e1l es la diferencia entre prognatismo y retrognatismo?<\/h3>\n<div class=\"rank-math-answer \">\n\n<p>Cuando el ment\u00f3n y la mand\u00edbula est\u00e1n atrasadas y los dientes superiores est\u00e1n demasiado adelantados, hablamos de retrognatismo, retrognatia o mand\u00edbula retra\u00edda. Por el contrario, cuando la mand\u00edbula sobresale en relaci\u00f3n con el maxilar superior, se denomina prognatismo.<\/p>\n\n<\/div>\n<\/div>\n<\/div>\n<\/div><div class=\"article-data before-content\"><div class=\"article-data__date\"><div class=\"article-data__date-modified\"><time class=\"published\" datetime=\"2022-10-28T11:54:26+00:00\">This article was originally published on&nbsp;<span class=\"2\">octubre 28, 2022<\/span>&nbsp;and was most recently updated on&nbsp;<span>junio 13, 2023<\/span><\/time><br><\/div><\/div><\/div><div class=\"user-info\">    <div class=\"user-info__body\">\r\n      <div class=\"user-info__caption\"><span>Contributors:<\/span><\/div>\r\n\t\t\t        <div class=\"user-info__wrap \">\r\n          <div class=\"user-info__data\">\r\n            <div class=\"user-info__data__info\">\r\n              <div class=\"photo\">\r\n\t\t\t\t\t\t\t\t<img width=\"66\" height=\"61\" src=\"https:\/\/nutrident.fr\/wp-content\/uploads\/2023\/06\/unnamed-66x61.jpg\" class=\"attachment-profileImageAuthor size-profileImageAuthor wp-post-image\" alt=\"Dr Abel Jes\u00fas Pederzoli\" loading=\"lazy\" srcset=\"https:\/\/nutrident.fr\/wp-content\/uploads\/2023\/06\/unnamed-66x61.jpg 66w, https:\/\/nutrident.fr\/wp-content\/uploads\/2023\/06\/unnamed-300x279.jpg 300w, https:\/\/nutrident.fr\/wp-content\/uploads\/2023\/06\/unnamed-1024x952.jpg 1024w, https:\/\/nutrident.fr\/wp-content\/uploads\/2023\/06\/unnamed-768x714.jpg 768w, https:\/\/nutrident.fr\/wp-content\/uploads\/2023\/06\/unnamed-204x190.jpg 204w, https:\/\/nutrident.fr\/wp-content\/uploads\/2023\/06\/unnamed-120x112.jpg 120w, https:\/\/nutrident.fr\/wp-content\/uploads\/2023\/06\/unnamed.jpg 1125w\" sizes=\"(max-width: 66px) 100vw, 66px\" \/>              <\/div>\r\n              <a href=\"https:\/\/nutrident.fr\/es\/author\/dr-abel-jesus-pederzoli\/\" class=\"name\">Dr Abel Jes\u00fas Pederzoli<\/a>\r\n            <\/div>\r\n            <div class=\"user-info__data__social\">\r\n\t\t\t\t\t\t\t\t\t\t\t\t\t\t\t\t\t\t\t\t\t          <a href=\"https:\/\/clinicaleixample.es\/\"\r\n             class=\"soc-item website\">website<\/a>\r\n\t\t\t\t          <a href=\"http:\/\/linkedin.com\/in\/abel-jes%C3%BAs-pederzoli\"\r\n             class=\"soc-item linkedin\">linkedin<\/a>\r\n\t\t\t\t            <\/div>\r\n          <\/div>\r\n          <div class=\"user-info__description\">\r\n\t\t\t\t\t\t\t\t\t\t\t\t\t<p>Con t\u00edtulos obtenidos en la Facultad de Odontolog\u00eda de la Universidad Nacional de La Plata y una participaci\u00f3n activa en congresos y jornadas, el Dr. Pederzoli se mantiene actualizado en las \u00faltimas t\u00e9cnicas y avances en odontolog\u00eda. Actualmente se encuentra desarrollando un proyecto de consultor\u00eda tecnol\u00f3gica aplicada a cl\u00ednicas dentales.<\/p>\n\t\t\t\t\t\t          <\/div>\r\n        <\/div>\r\n\t\t\t\t    <\/div>\r\n\t<\/div><!--copyscapeskip--><div class=\"medical_references\"><div class=\"medical_references__heading\"><span>Fuentes M\u00e9dicas<\/span><\/div><div class=\"medical_references__list\"><p><strong>Sociedad Odontol\u00f3gica de Par\u00eds.<\/strong> <a href=\"https:\/\/www.sop.asso.fr\/les-journees\/comptes-rendus\/43-13e-journees-de-chirurgie-dentaire-a-l-ile-maurice\/5\">Cirug\u00eda ortogn\u00e1tica: de lo indispensable a lo superfluo<\/a>.<\/p>\n<p><strong>Universidad de Toulouse III.<\/strong> Souhair El Salti. <a href=\"http:\/\/thesesante.ups-tlse.fr\/415\/1\/2014TOU33016.pdf\">La contribuci\u00f3n de la gen\u00e9tica en la ortodoncia<\/a>. Tesis: cirug\u00eda dental. 2014.<\/p>\n<\/div><\/div><!--\/copyscapeskip-->","protected":false},"excerpt":{"rendered":"<p>Contributor:&nbsp; Dr Abel Jes\u00fas Pederzoli Updated:&nbsp;junio 13, 2023 La submordida, mordida invertida o prognatismo es un caso com\u00fan de maloclusi\u00f3n que ocurre cuando la mand\u00edbula est\u00e1 m\u00e1s adelantada de lo normal. A primera vista, este problema puede parecer principalmente est\u00e9tico, pero el prognatismo tambi\u00e9n provoca disfunciones que afectan a la respiraci\u00f3n, la alimentaci\u00f3n (y por [&hellip;]<\/p>\n","protected":false},"author":2,"featured_media":17736,"parent":16771,"menu_order":0,"comment_status":"open","ping_status":"open","template":"","meta":{"inline_featured_image":false},"acf":[],"_links":{"self":[{"href":"https:\/\/nutrident.fr\/es\/wp-json\/wp\/v2\/pages\/17195"}],"collection":[{"href":"https:\/\/nutrident.fr\/es\/wp-json\/wp\/v2\/pages"}],"about":[{"href":"https:\/\/nutrident.fr\/es\/wp-json\/wp\/v2\/types\/page"}],"author":[{"embeddable":true,"href":"https:\/\/nutrident.fr\/es\/wp-json\/wp\/v2\/users\/2"}],"replies":[{"embeddable":true,"href":"https:\/\/nutrident.fr\/es\/wp-json\/wp\/v2\/comments?post=17195"}],"version-history":[{"count":19,"href":"https:\/\/nutrident.fr\/es\/wp-json\/wp\/v2\/pages\/17195\/revisions"}],"predecessor-version":[{"id":22080,"href":"https:\/\/nutrident.fr\/es\/wp-json\/wp\/v2\/pages\/17195\/revisions\/22080"}],"up":[{"embeddable":true,"href":"https:\/\/nutrident.fr\/es\/wp-json\/wp\/v2\/pages\/16771"}],"wp:featuredmedia":[{"embeddable":true,"href":"https:\/\/nutrident.fr\/es\/wp-json\/wp\/v2\/media\/17736"}],"wp:attachment":[{"href":"https:\/\/nutrident.fr\/es\/wp-json\/wp\/v2\/media?parent=17195"}],"curies":[{"name":"wp","href":"https:\/\/api.w.org\/{rel}","templated":true}]}}