

{"id":17198,"date":"2022-10-28T09:42:23","date_gmt":"2022-10-28T09:42:23","guid":{"rendered":"https:\/\/nutrident.fr\/?page_id=17198"},"modified":"2023-06-13T10:32:28","modified_gmt":"2023-06-13T10:32:28","slug":"oral-b-teen-black","status":"publish","type":"page","link":"https:\/\/nutrident.fr\/es\/oral-b-teen-black\/","title":{"rendered":"Cepillo el\u00e9ctrico recargable Oral-B TEEN Black: presentaci\u00f3n"},"content":{"rendered":"<div class=\"meta\"><div class=\"meta__users\">    <div class=\"meta__users__reviewed\">\r\n      <p class=\"meta__users__caption\">Contributor:&nbsp;<\/p>\r\n      <div class=\"users\">\r\n        <span class=\"users__user\">\r\n          <a href=\"#\">Dr Abel Jes\u00fas Pederzoli<\/a>\r\n        <\/span>\r\n      <\/div>\r\n    <\/div>\r\n\t<\/div><div class=\"meta__date-modified\">Updated:&nbsp;<span>junio 13, 2023<\/span><\/div><\/div><p>Nutrident est\u00e1 financiado por sus lectores. Cuando usted compra a trav\u00e9s de los enlaces de nuestro sitio, a veces ganamos comisiones de afiliaci\u00f3n que son gratuitas para usted. <a href=\"https:\/\/nutrident.fr\/es\/divulgacion-y-exencion-de-responsabilidad-de-amazon\/\" rel=\"noindex, nofollow\">Lea en&nbsp;la continuaci\u00f3n de&nbsp;.<\/a><\/p>\n<p>Un buen cepillado es crucial a cualquier edad. Oral-B, que se ha consolidado como l\u00edder en cepillos de dientes el\u00e9ctricos con tecnolog\u00eda oscilante, est\u00e1 adaptando sus productos a los distintos grupos de edad. <a href=\"https:\/\/nutrident.fr\/es\/\">Nutrident.es<\/a> presenta hoy su modelo reservado a los adolescentes&nbsp;: el cepillo el\u00e9ctrico Oral-B Teen.<\/p>\n<h2>Un cepillo de dientes para adolescentes&nbsp;?<\/h2>\n\n<div class=\"aawp\">\n\n    <div id=\"aawp-tb-4079\">\n\n        <!-- Desktop -->\n        <div class=\"aawp-tb aawp-tb--desktop aawp-tb--cols-2 aawp-tb--hide-labels\">\n\n            \n                \n                <div class=\"aawp-tb__row\">\n\n                    <div class=\"aawp-tb__head\">\n                                            <\/div>\n\n                    \n                        \n                        \n                            <div class=\"aawp-tb-product-0 aawp-tb__data aawp-tb__data--type-title aawp-tb__data--highlight\">\n                                                                <div class=\"aawp-tb-product-data-title\"><a data-aawp-product-id=\"B07DGKVHQS\" data-aawp-product-title=\"Oral-B Teen Brosse \u00c0 Dents \u00c9lectrique Rechargeable Avec 1 Manche Et 1 Brossette Technologie 3D Noir \u00c9limine Jusqu\u2019\u00c0 100 % De Plaque Dentaire\" data-aawp-click-tracking=\"title\" class=\"aawp-field-link\" href=\"https:\/\/www.amazon.fr\/dp\/B07DGKVHQS?tag=nutrident-21&linkCode=ogi&th=1&psc=1\" title=\"Oral-B Teen Brosse \u00c0 Dents \u00c9lectrique Rechargeable Avec 1 Manche Et 1 Brossette, Technologie 3D, Noir, \u00c9limine Jusqu\u2019\u00c0 100 % De Plaque Dentaire\" target=\"_blank\" rel=\"nofollow noopener sponsored\">Oral-B Teen Brosse \u00c0 Dents \u00c9lectrique Rechargeable Avec 1 Manche Et 1 Brossette, Technologie 3D, Noir, \u00c9limine Jusqu\u2019\u00c0 100 % De Plaque Dentaire<\/a><\/div>                            <\/div>\n\n                        \n                    \n                <\/div>\n\n            \n                \n                <div class=\"aawp-tb__row\">\n\n                    <div class=\"aawp-tb__head\">\n                                            <\/div>\n\n                    \n                        \n                        \n                            <div class=\"aawp-tb-product-0 aawp-tb__data aawp-tb__data--type-thumb aawp-tb__data--highlight\">\n                                                                <div class=\"aawp-tb-product-data-thumb\"><a href=\"https:\/\/www.amazon.fr\/dp\/B07DGKVHQS?tag=nutrident-21&#038;linkCode=ogi&#038;th=1&#038;psc=1\" title=\"Oral-B Teen Brosse \u00c0 Dents \u00c9lectrique Rechargeable Avec 1 Manche Et 1 Brossette, Technologie 3D, Noir, \u00c9limine Jusqu\u2019\u00c0 100 % De Plaque Dentaire\" target=\"_blank\" rel=\"nofollow noopener sponsored\" data-aawp-product-id=\"B07DGKVHQS\" data-aawp-product-title=\"Oral-B Teen Brosse \u00c0 Dents \u00c9lectrique Rechargeable Avec 1 Manche Et 1 Brossette, Technologie 3D, Noir, \u00c9limine Jusqu\u2019\u00c0 100 % De Plaque Dentaire\" data-aawp-click-tracking=\"title\" data-aawp-product-><span class=\"aawp-tb-thumb\"><img src=\"https:\/\/m.media-amazon.com\/images\/I\/51CZuASLBpL._SL160_.jpg\" alt=\"Oral-B Teen Brosse \u00c0 Dents \u00c9lectrique Rechargeable Avec 1 Manche Et 1 Brossette, Technologie 3D, Noir, \u00c9limine Jusqu\u2019\u00c0 100 % De Plaque Dentaire\" \/><\/span><\/a><\/div>                            <\/div>\n\n                        \n                    \n                <\/div>\n\n            \n                \n                <div class=\"aawp-tb__row\">\n\n                    <div class=\"aawp-tb__head\">\n                                            <\/div>\n\n                    \n                        \n                        \n                            <div class=\"aawp-tb-product-0 aawp-tb__data aawp-tb__data--type-button aawp-tb__data--highlight\">\n                                                                <div class=\"aawp-tb-product-data-button\"><a data-aawp-product-id=\"B07DGKVHQS\" data-aawp-product-title=\"Oral-B Teen Brosse \u00c0 Dents \u00c9lectrique Rechargeable Avec 1 Manche Et 1 Brossette Technologie 3D Noir \u00c9limine Jusqu\u2019\u00c0 100 % De Plaque Dentaire\" data-aawp-click-tracking=\"title\" class=\"aawp-button aawp-button--buy aawp-button aawp-button--amazon aawp-button--icon aawp-button--icon-black\" href=\"https:\/\/www.amazon.fr\/dp\/B07DGKVHQS?tag=nutrident-21&#038;linkCode=ogi&#038;th=1&#038;psc=1\" title=\"Voir Les Meilleurs Prix Du Moment\" target=\"_blank\" rel=\"nofollow noopener sponsored\">Voir Les Meilleurs Prix Du Moment<\/a><\/div>                            <\/div>\n\n                        \n                    \n                <\/div>\n\n                    <\/div>\n\n        <!-- Mobile -->\n        <div class=\"aawp-tb aawp-tb--mobile aawp-tb--hide-labels\">\n\n            \n                <div class=\"aawp-tb__product aawp-tb-product-0 aawp-tb__product--highlight\">\n\n                    \n                    \n                        \n                        <div class=\"aawp-tb__row\">\n\n                            <div class=\"aawp-tb__head\">\n                                                            <\/div>\n\n                            \n                                <div class=\"aawp-tb__data aawp-tb__data--type-title\">\n                                    <div class=\"aawp-tb-product-data-title\"><a data-aawp-product-id=\"B07DGKVHQS\" data-aawp-product-title=\"Oral-B Teen Brosse \u00c0 Dents \u00c9lectrique Rechargeable Avec 1 Manche Et 1 Brossette Technologie 3D Noir \u00c9limine Jusqu\u2019\u00c0 100 % De Plaque Dentaire\" data-aawp-click-tracking=\"title\" class=\"aawp-field-link\" href=\"https:\/\/www.amazon.fr\/dp\/B07DGKVHQS?tag=nutrident-21&linkCode=ogi&th=1&psc=1\" title=\"Oral-B Teen Brosse \u00c0 Dents \u00c9lectrique Rechargeable Avec 1 Manche Et 1 Brossette, Technologie 3D, Noir, \u00c9limine Jusqu\u2019\u00c0 100 % De Plaque Dentaire\" target=\"_blank\" rel=\"nofollow noopener sponsored\">Oral-B Teen Brosse \u00c0 Dents \u00c9lectrique Rechargeable Avec 1 Manche Et 1 Brossette, Technologie 3D, Noir, \u00c9limine Jusqu\u2019\u00c0 100 % De Plaque Dentaire<\/a><\/div>                                <\/div>\n\n                            \n                        <\/div>\n\n                    \n                        \n                        <div class=\"aawp-tb__row\">\n\n                            <div class=\"aawp-tb__head\">\n                                                            <\/div>\n\n                            \n                                <div class=\"aawp-tb__data aawp-tb__data--type-thumb\">\n                                    <div class=\"aawp-tb-product-data-thumb\"><a href=\"https:\/\/www.amazon.fr\/dp\/B07DGKVHQS?tag=nutrident-21&#038;linkCode=ogi&#038;th=1&#038;psc=1\" title=\"Oral-B Teen Brosse \u00c0 Dents \u00c9lectrique Rechargeable Avec 1 Manche Et 1 Brossette, Technologie 3D, Noir, \u00c9limine Jusqu\u2019\u00c0 100 % De Plaque Dentaire\" target=\"_blank\" rel=\"nofollow noopener sponsored\" data-aawp-product-id=\"B07DGKVHQS\" data-aawp-product-title=\"Oral-B Teen Brosse \u00c0 Dents \u00c9lectrique Rechargeable Avec 1 Manche Et 1 Brossette, Technologie 3D, Noir, \u00c9limine Jusqu\u2019\u00c0 100 % De Plaque Dentaire\" data-aawp-click-tracking=\"title\" data-aawp-product-><span class=\"aawp-tb-thumb\"><img src=\"https:\/\/m.media-amazon.com\/images\/I\/51CZuASLBpL._SL160_.jpg\" alt=\"Oral-B Teen Brosse \u00c0 Dents \u00c9lectrique Rechargeable Avec 1 Manche Et 1 Brossette, Technologie 3D, Noir, \u00c9limine Jusqu\u2019\u00c0 100 % De Plaque Dentaire\" \/><\/span><\/a><\/div>                                <\/div>\n\n                            \n                        <\/div>\n\n                    \n                        \n                        <div class=\"aawp-tb__row\">\n\n                            <div class=\"aawp-tb__head\">\n                                                            <\/div>\n\n                            \n                                <div class=\"aawp-tb__data aawp-tb__data--type-button\">\n                                    <div class=\"aawp-tb-product-data-button\"><a data-aawp-product-id=\"B07DGKVHQS\" data-aawp-product-title=\"Oral-B Teen Brosse \u00c0 Dents \u00c9lectrique Rechargeable Avec 1 Manche Et 1 Brossette Technologie 3D Noir \u00c9limine Jusqu\u2019\u00c0 100 % De Plaque Dentaire\" data-aawp-click-tracking=\"title\" class=\"aawp-button aawp-button--buy aawp-button aawp-button--amazon aawp-button--icon aawp-button--icon-black\" href=\"https:\/\/www.amazon.fr\/dp\/B07DGKVHQS?tag=nutrident-21&#038;linkCode=ogi&#038;th=1&#038;psc=1\" title=\"Voir Les Meilleurs Prix Du Moment\" target=\"_blank\" rel=\"nofollow noopener sponsored\">Voir Les Meilleurs Prix Du Moment<\/a><\/div>                                <\/div>\n\n                            \n                        <\/div>\n\n                    \n                <\/div>\n\n            \n        <\/div>\n\n    <\/div>\n\n<\/div>\n\n\n<p>El cepillo el\u00e9ctrico Oral-B Teen est\u00e1 etiquetado como \u00bb&nbsp;para adolescentes&nbsp;\u00ab, pero es t\u00e9cnicamente similar en todos los sentidos a la misma categor\u00eda de cepillos para adultos. Lo \u00fanico que cambia es su decoraci\u00f3n. De hecho, su mango tiene un patr\u00f3n bastante peculiar, entre rayas de cebra y signos tribales, negro y gris. Este modelo de cepillo tambi\u00e9n est\u00e1 disponible en blanco con motivos grises.<\/p>\n<p>La boca de los adolescentes es comparable a la de los adultos y no requiere caracter\u00edsticas especiales, a diferencia de los cepillos para ni\u00f1os, que deben ser m\u00e1s ligeros, con un cabezal m\u00e1s fino.<\/p>\n<p>La ventaja de este cepillo es su inmejorable precio para un cepillo el\u00e9ctrico conectado. As\u00ed que puede comprarlo para los adolescentes y los adultos de la familia, tendr\u00e1 un cepillo sofisticado a un coste muy atractivo.<\/p>\n<h2>Caracter\u00edsticas del cepillo el\u00e9ctrico Oral-B Teen<\/h2>\n<p>El cepillo el\u00e9ctrico Oral-B Teen tiene todas las caracter\u00edsticas esenciales. Ofrece tres modos de cepillado&nbsp;: est\u00e1ndar, suave o blanco.<\/p>\n<h3>Compatibilidad de los cepillos<\/h3>\n<p>Oral-B Teen viene con dos cepillos. A continuaci\u00f3n, puede comprar los modelos de su elecci\u00f3n para sustituirlos, ya que todos son compatibles.<\/p>\n<p>Al igual que con un cepillo manual, elija siempre cepillos con cerdas suaves que no da\u00f1en sus dientes ni sus enc\u00edas. Puede encontrar cepillos especiales para personas con brackets y otros aparatos de ortodoncia.<\/p>\n<h3>El temporizador<\/h3>\n<p>El temporizador integrado le permite cepillarse los dientes durante dos minutos exactos. Cada treinta segundos, un cambio de ritmo le indica que debe pasar al siguiente cuarto de los dientes.<\/p>\n<p>Despu\u00e9s de dos minutos, otro cambio de ritmo le indica que el cepillado ha terminado. Depende de usted detener el cepillo, que no lo hace autom\u00e1ticamente, en caso de que quiera volver a una zona concreta.<\/p>\n<h3>El sensor de presi\u00f3n<\/h3>\n<p>Otra herramienta muy interesante es el sensor de presi\u00f3n. Una presi\u00f3n excesiva sobre el cepillo puede da\u00f1ar los dientes y\/o las enc\u00edas. Si es necesario, se encender\u00e1 una luz roja en la empu\u00f1adura para avisarle de que debe liberar la presi\u00f3n.<\/p>\n<p>Si le gusta caminar mientras se cepilla los dientes, en lugar de estar de pie frente al espejo, seguir\u00e1 viendo la luz roja que entra en su campo de visi\u00f3n.<\/p>\n\n<div class=\"aawp\">\n\n    <div id=\"aawp-tb-4079\">\n\n        <!-- Desktop -->\n        <div class=\"aawp-tb aawp-tb--desktop aawp-tb--cols-2 aawp-tb--hide-labels\">\n\n            \n                \n                <div class=\"aawp-tb__row\">\n\n                    <div class=\"aawp-tb__head\">\n                                            <\/div>\n\n                    \n                        \n                        \n                            <div class=\"aawp-tb-product-0 aawp-tb__data aawp-tb__data--type-title aawp-tb__data--highlight\">\n                                                                <div class=\"aawp-tb-product-data-title\"><a data-aawp-product-id=\"B07DGKVHQS\" data-aawp-product-title=\"Oral-B Teen Brosse \u00c0 Dents \u00c9lectrique Rechargeable Avec 1 Manche Et 1 Brossette Technologie 3D Noir \u00c9limine Jusqu\u2019\u00c0 100 % De Plaque Dentaire\" data-aawp-click-tracking=\"title\" class=\"aawp-field-link\" href=\"https:\/\/www.amazon.fr\/dp\/B07DGKVHQS?tag=nutrident-21&linkCode=ogi&th=1&psc=1\" title=\"Oral-B Teen Brosse \u00c0 Dents \u00c9lectrique Rechargeable Avec 1 Manche Et 1 Brossette, Technologie 3D, Noir, \u00c9limine Jusqu\u2019\u00c0 100 % De Plaque Dentaire\" target=\"_blank\" rel=\"nofollow noopener sponsored\">Oral-B Teen Brosse \u00c0 Dents \u00c9lectrique Rechargeable Avec 1 Manche Et 1 Brossette, Technologie 3D, Noir, \u00c9limine Jusqu\u2019\u00c0 100 % De Plaque Dentaire<\/a><\/div>                            <\/div>\n\n                        \n                    \n                <\/div>\n\n            \n                \n                <div class=\"aawp-tb__row\">\n\n                    <div class=\"aawp-tb__head\">\n                                            <\/div>\n\n                    \n                        \n                        \n                            <div class=\"aawp-tb-product-0 aawp-tb__data aawp-tb__data--type-thumb aawp-tb__data--highlight\">\n                                                                <div class=\"aawp-tb-product-data-thumb\"><a href=\"https:\/\/www.amazon.fr\/dp\/B07DGKVHQS?tag=nutrident-21&#038;linkCode=ogi&#038;th=1&#038;psc=1\" title=\"Oral-B Teen Brosse \u00c0 Dents \u00c9lectrique Rechargeable Avec 1 Manche Et 1 Brossette, Technologie 3D, Noir, \u00c9limine Jusqu\u2019\u00c0 100 % De Plaque Dentaire\" target=\"_blank\" rel=\"nofollow noopener sponsored\" data-aawp-product-id=\"B07DGKVHQS\" data-aawp-product-title=\"Oral-B Teen Brosse \u00c0 Dents \u00c9lectrique Rechargeable Avec 1 Manche Et 1 Brossette, Technologie 3D, Noir, \u00c9limine Jusqu\u2019\u00c0 100 % De Plaque Dentaire\" data-aawp-click-tracking=\"title\" data-aawp-product-><span class=\"aawp-tb-thumb\"><img src=\"https:\/\/m.media-amazon.com\/images\/I\/51CZuASLBpL._SL160_.jpg\" alt=\"Oral-B Teen Brosse \u00c0 Dents \u00c9lectrique Rechargeable Avec 1 Manche Et 1 Brossette, Technologie 3D, Noir, \u00c9limine Jusqu\u2019\u00c0 100 % De Plaque Dentaire\" \/><\/span><\/a><\/div>                            <\/div>\n\n                        \n                    \n                <\/div>\n\n            \n                \n                <div class=\"aawp-tb__row\">\n\n                    <div class=\"aawp-tb__head\">\n                                            <\/div>\n\n                    \n                        \n                        \n                            <div class=\"aawp-tb-product-0 aawp-tb__data aawp-tb__data--type-button aawp-tb__data--highlight\">\n                                                                <div class=\"aawp-tb-product-data-button\"><a data-aawp-product-id=\"B07DGKVHQS\" data-aawp-product-title=\"Oral-B Teen Brosse \u00c0 Dents \u00c9lectrique Rechargeable Avec 1 Manche Et 1 Brossette Technologie 3D Noir \u00c9limine Jusqu\u2019\u00c0 100 % De Plaque Dentaire\" data-aawp-click-tracking=\"title\" class=\"aawp-button aawp-button--buy aawp-button aawp-button--amazon aawp-button--icon aawp-button--icon-black\" href=\"https:\/\/www.amazon.fr\/dp\/B07DGKVHQS?tag=nutrident-21&#038;linkCode=ogi&#038;th=1&#038;psc=1\" title=\"Voir Les Meilleurs Prix Du Moment\" target=\"_blank\" rel=\"nofollow noopener sponsored\">Voir Les Meilleurs Prix Du Moment<\/a><\/div>                            <\/div>\n\n                        \n                    \n                <\/div>\n\n                    <\/div>\n\n        <!-- Mobile -->\n        <div class=\"aawp-tb aawp-tb--mobile aawp-tb--hide-labels\">\n\n            \n                <div class=\"aawp-tb__product aawp-tb-product-0 aawp-tb__product--highlight\">\n\n                    \n                    \n                        \n                        <div class=\"aawp-tb__row\">\n\n                            <div class=\"aawp-tb__head\">\n                                                            <\/div>\n\n                            \n                                <div class=\"aawp-tb__data aawp-tb__data--type-title\">\n                                    <div class=\"aawp-tb-product-data-title\"><a data-aawp-product-id=\"B07DGKVHQS\" data-aawp-product-title=\"Oral-B Teen Brosse \u00c0 Dents \u00c9lectrique Rechargeable Avec 1 Manche Et 1 Brossette Technologie 3D Noir \u00c9limine Jusqu\u2019\u00c0 100 % De Plaque Dentaire\" data-aawp-click-tracking=\"title\" class=\"aawp-field-link\" href=\"https:\/\/www.amazon.fr\/dp\/B07DGKVHQS?tag=nutrident-21&linkCode=ogi&th=1&psc=1\" title=\"Oral-B Teen Brosse \u00c0 Dents \u00c9lectrique Rechargeable Avec 1 Manche Et 1 Brossette, Technologie 3D, Noir, \u00c9limine Jusqu\u2019\u00c0 100 % De Plaque Dentaire\" target=\"_blank\" rel=\"nofollow noopener sponsored\">Oral-B Teen Brosse \u00c0 Dents \u00c9lectrique Rechargeable Avec 1 Manche Et 1 Brossette, Technologie 3D, Noir, \u00c9limine Jusqu\u2019\u00c0 100 % De Plaque Dentaire<\/a><\/div>                                <\/div>\n\n                            \n                        <\/div>\n\n                    \n                        \n                        <div class=\"aawp-tb__row\">\n\n                            <div class=\"aawp-tb__head\">\n                                                            <\/div>\n\n                            \n                                <div class=\"aawp-tb__data aawp-tb__data--type-thumb\">\n                                    <div class=\"aawp-tb-product-data-thumb\"><a href=\"https:\/\/www.amazon.fr\/dp\/B07DGKVHQS?tag=nutrident-21&#038;linkCode=ogi&#038;th=1&#038;psc=1\" title=\"Oral-B Teen Brosse \u00c0 Dents \u00c9lectrique Rechargeable Avec 1 Manche Et 1 Brossette, Technologie 3D, Noir, \u00c9limine Jusqu\u2019\u00c0 100 % De Plaque Dentaire\" target=\"_blank\" rel=\"nofollow noopener sponsored\" data-aawp-product-id=\"B07DGKVHQS\" data-aawp-product-title=\"Oral-B Teen Brosse \u00c0 Dents \u00c9lectrique Rechargeable Avec 1 Manche Et 1 Brossette, Technologie 3D, Noir, \u00c9limine Jusqu\u2019\u00c0 100 % De Plaque Dentaire\" data-aawp-click-tracking=\"title\" data-aawp-product-><span class=\"aawp-tb-thumb\"><img src=\"https:\/\/m.media-amazon.com\/images\/I\/51CZuASLBpL._SL160_.jpg\" alt=\"Oral-B Teen Brosse \u00c0 Dents \u00c9lectrique Rechargeable Avec 1 Manche Et 1 Brossette, Technologie 3D, Noir, \u00c9limine Jusqu\u2019\u00c0 100 % De Plaque Dentaire\" \/><\/span><\/a><\/div>                                <\/div>\n\n                            \n                        <\/div>\n\n                    \n                        \n                        <div class=\"aawp-tb__row\">\n\n                            <div class=\"aawp-tb__head\">\n                                                            <\/div>\n\n                            \n                                <div class=\"aawp-tb__data aawp-tb__data--type-button\">\n                                    <div class=\"aawp-tb-product-data-button\"><a data-aawp-product-id=\"B07DGKVHQS\" data-aawp-product-title=\"Oral-B Teen Brosse \u00c0 Dents \u00c9lectrique Rechargeable Avec 1 Manche Et 1 Brossette Technologie 3D Noir \u00c9limine Jusqu\u2019\u00c0 100 % De Plaque Dentaire\" data-aawp-click-tracking=\"title\" class=\"aawp-button aawp-button--buy aawp-button aawp-button--amazon aawp-button--icon aawp-button--icon-black\" href=\"https:\/\/www.amazon.fr\/dp\/B07DGKVHQS?tag=nutrident-21&#038;linkCode=ogi&#038;th=1&#038;psc=1\" title=\"Voir Les Meilleurs Prix Du Moment\" target=\"_blank\" rel=\"nofollow noopener sponsored\">Voir Les Meilleurs Prix Du Moment<\/a><\/div>                                <\/div>\n\n                            \n                        <\/div>\n\n                    \n                <\/div>\n\n            \n        <\/div>\n\n    <\/div>\n\n<\/div>\n\n\n<h3>La bater\u00eda<\/h3>\n<p>La bater\u00eda de iones de litio, extremadamente potente, le permite durar m\u00e1s de dos semanas.<\/p>\n<h3>La conexi\u00f3n<\/h3>\n<p>El cepillo puede vincularse mediante Bluetooth a una aplicaci\u00f3n gratuita, disponible para Windows y Apple. Una vez que el cepillo est\u00e1 conectado a su tel\u00e9fono inteligente, puede controlar su cepillado en directo y hacer un seguimiento de su historial para asegurarse de que se cepilla cada zona de los dientes por igual.<\/p>\n<div class=\"article-data before-content\"><div class=\"article-data__date\"><div class=\"article-data__date-modified\"><time class=\"published\" datetime=\"2022-10-28T09:42:23+00:00\">This article was originally published on&nbsp;<span class=\"2\">octubre 28, 2022<\/span>&nbsp;and was most recently updated on&nbsp;<span>junio 13, 2023<\/span><\/time><br><\/div><\/div><\/div><div class=\"user-info\">    <div class=\"user-info__body\">\r\n      <div class=\"user-info__caption\"><span>Contributors:<\/span><\/div>\r\n\t\t\t        <div class=\"user-info__wrap \">\r\n          <div class=\"user-info__data\">\r\n            <div class=\"user-info__data__info\">\r\n              <div class=\"photo\">\r\n\t\t\t\t\t\t\t\t<img width=\"66\" height=\"61\" src=\"https:\/\/nutrident.fr\/wp-content\/uploads\/2023\/06\/unnamed-66x61.jpg\" class=\"attachment-profileImageAuthor size-profileImageAuthor wp-post-image\" alt=\"Dr Abel Jes\u00fas Pederzoli\" loading=\"lazy\" srcset=\"https:\/\/nutrident.fr\/wp-content\/uploads\/2023\/06\/unnamed-66x61.jpg 66w, https:\/\/nutrident.fr\/wp-content\/uploads\/2023\/06\/unnamed-300x279.jpg 300w, https:\/\/nutrident.fr\/wp-content\/uploads\/2023\/06\/unnamed-1024x952.jpg 1024w, https:\/\/nutrident.fr\/wp-content\/uploads\/2023\/06\/unnamed-768x714.jpg 768w, https:\/\/nutrident.fr\/wp-content\/uploads\/2023\/06\/unnamed-204x190.jpg 204w, https:\/\/nutrident.fr\/wp-content\/uploads\/2023\/06\/unnamed-120x112.jpg 120w, https:\/\/nutrident.fr\/wp-content\/uploads\/2023\/06\/unnamed.jpg 1125w\" sizes=\"(max-width: 66px) 100vw, 66px\" \/>              <\/div>\r\n              <a href=\"https:\/\/nutrident.fr\/es\/author\/dr-abel-jesus-pederzoli\/\" class=\"name\">Dr Abel Jes\u00fas Pederzoli<\/a>\r\n            <\/div>\r\n            <div class=\"user-info__data__social\">\r\n\t\t\t\t\t\t\t\t\t\t\t\t\t\t\t\t\t\t\t\t\t          <a href=\"https:\/\/clinicaleixample.es\/\"\r\n             class=\"soc-item website\">website<\/a>\r\n\t\t\t\t          <a href=\"http:\/\/linkedin.com\/in\/abel-jes%C3%BAs-pederzoli\"\r\n             class=\"soc-item linkedin\">linkedin<\/a>\r\n\t\t\t\t            <\/div>\r\n          <\/div>\r\n          <div class=\"user-info__description\">\r\n\t\t\t\t\t\t\t\t\t\t\t\t\t<p>Con t\u00edtulos obtenidos en la Facultad de Odontolog\u00eda de la Universidad Nacional de La Plata y una participaci\u00f3n activa en congresos y jornadas, el Dr. Pederzoli se mantiene actualizado en las \u00faltimas t\u00e9cnicas y avances en odontolog\u00eda. Actualmente se encuentra desarrollando un proyecto de consultor\u00eda tecnol\u00f3gica aplicada a cl\u00ednicas dentales.<\/p>\n\t\t\t\t\t\t          <\/div>\r\n        <\/div>\r\n\t\t\t\t    <\/div>\r\n\t<\/div>","protected":false},"excerpt":{"rendered":"<p>Contributor:&nbsp; Dr Abel Jes\u00fas Pederzoli Updated:&nbsp;junio 13, 2023Nutrident est\u00e1 financiado por sus lectores. Cuando usted compra a trav\u00e9s de los enlaces de nuestro sitio, a veces ganamos comisiones de afiliaci\u00f3n que son gratuitas para usted. Lea en&nbsp;la continuaci\u00f3n de&nbsp;. Un buen cepillado es crucial a cualquier edad. Oral-B, que se ha consolidado como l\u00edder en [&hellip;]<\/p>\n","protected":false},"author":2,"featured_media":17199,"parent":0,"menu_order":0,"comment_status":"open","ping_status":"open","template":"","meta":{"inline_featured_image":false},"acf":[],"_links":{"self":[{"href":"https:\/\/nutrident.fr\/es\/wp-json\/wp\/v2\/pages\/17198"}],"collection":[{"href":"https:\/\/nutrident.fr\/es\/wp-json\/wp\/v2\/pages"}],"about":[{"href":"https:\/\/nutrident.fr\/es\/wp-json\/wp\/v2\/types\/page"}],"author":[{"embeddable":true,"href":"https:\/\/nutrident.fr\/es\/wp-json\/wp\/v2\/users\/2"}],"replies":[{"embeddable":true,"href":"https:\/\/nutrident.fr\/es\/wp-json\/wp\/v2\/comments?post=17198"}],"version-history":[{"count":4,"href":"https:\/\/nutrident.fr\/es\/wp-json\/wp\/v2\/pages\/17198\/revisions"}],"predecessor-version":[{"id":21912,"href":"https:\/\/nutrident.fr\/es\/wp-json\/wp\/v2\/pages\/17198\/revisions\/21912"}],"wp:featuredmedia":[{"embeddable":true,"href":"https:\/\/nutrident.fr\/es\/wp-json\/wp\/v2\/media\/17199"}],"wp:attachment":[{"href":"https:\/\/nutrident.fr\/es\/wp-json\/wp\/v2\/media?parent=17198"}],"curies":[{"name":"wp","href":"https:\/\/api.w.org\/{rel}","templated":true}]}}