

{"id":17201,"date":"2022-10-28T09:48:46","date_gmt":"2022-10-28T09:48:46","guid":{"rendered":"https:\/\/nutrident.fr\/?page_id=17201"},"modified":"2023-06-13T10:10:48","modified_gmt":"2023-06-13T10:10:48","slug":"very-good-smile","status":"publish","type":"page","link":"https:\/\/nutrident.fr\/es\/blanqueamiento-profesional\/lapiz-blanqueador\/very-good-smile\/","title":{"rendered":"L\u00e1piz blanqueador Very Good Smile: todo lo que necesitas saber sobre este m\u00e9todo de blanqueamiento dental"},"content":{"rendered":"<div class=\"meta\"><div class=\"meta__users\">    <div class=\"meta__users__reviewed\">\r\n      <p class=\"meta__users__caption\">Contributor:&nbsp;<\/p>\r\n      <div class=\"users\">\r\n        <span class=\"users__user\">\r\n          <a href=\"#\">Dr Abel Jes\u00fas Pederzoli<\/a>\r\n        <\/span>\r\n      <\/div>\r\n    <\/div>\r\n\t<\/div><div class=\"meta__date-modified\">Updated:&nbsp;<span>junio 13, 2023<\/span><\/div><\/div><div class=\"wp-block-image\">\n<figure class=\"alignright size-medium\"><img width=\"300\" height=\"68\" src=\"https:\/\/nutrident.fr\/wp-content\/uploads\/2022\/08\/415nyglTceL._AC_SX355_-300x68.jpg\" alt=\"lapiz blanqueador dental very good smile\" class=\"wp-image-14345\" srcset=\"https:\/\/nutrident.fr\/wp-content\/uploads\/2022\/08\/415nyglTceL._AC_SX355_-300x68.jpg 300w, https:\/\/nutrident.fr\/wp-content\/uploads\/2022\/08\/415nyglTceL._AC_SX355_-254x57.jpg 254w, https:\/\/nutrident.fr\/wp-content\/uploads\/2022\/08\/415nyglTceL._AC_SX355_.jpg 355w\" sizes=\"(max-width: 300px) 100vw, 300px\" \/><figcaption>\u00bfQu\u00e9 piensas sobre el l\u00e1piz blanqueador de dientes Very Good Smile?<\/figcaption><\/figure><\/div>\n\n\n<p>\u00bfTe gustar\u00eda tener dientes m\u00e1s blancos? Hay muchas maneras de conseguirlo y el l\u00e1piz blanqueador Very Good Smile es uno de los m\u00e9todos m\u00e1s utilizados para devolverle el brillo a la sonrisa.<\/p>\n\n\n\n<p>Si est\u00e1s considerando usar un l\u00e1piz de blanqueamiento dental, debes elegir la marca con cuidado. <a href=\"https:\/\/nutrident.fr\/es\/\">Nutrident<\/a> puede ayudarte, y en este art\u00edculo hablamos sobre un producto seguro y eficaz: el l\u00e1piz blanqueador de Very Good Smile.<\/p>\n\n\n\n<div id=\"ez-toc-container\" class=\"ez-toc-v2_0_33_2 counter-hierarchy ez-toc-counter ez-toc-white ez-toc-container-direction\">\n<div class=\"ez-toc-title-container\">\n<p class=\"ez-toc-title\">Contenus<\/p>\n<span class=\"ez-toc-title-toggle\"><a href=\"#\" class=\"ez-toc-pull-right ez-toc-btn ez-toc-btn-xs ez-toc-btn-default ez-toc-toggle\" style=\"display: none;\"><label for=\"item\" aria-label=\"Tabla de contenidos\"><i class=\"ez-toc-glyphicon ez-toc-icon-toggle\"><\/i><\/label><input type=\"checkbox\" id=\"item\"><\/a><\/span><\/div>\n<nav><ul class='ez-toc-list ez-toc-list-level-1'><li class='ez-toc-page-1 ez-toc-heading-level-2'><a class=\"ez-toc-link ez-toc-heading-1\" href=\"https:\/\/nutrident.fr\/es\/blanqueamiento-profesional\/lapiz-blanqueador\/very-good-smile\/#%C2%BFComo_funciona_el_lapiz_blanqueador_Very_Good_Smile\" title=\"\u00bfC\u00f3mo funciona el l\u00e1piz blanqueador Very Good Smile?\">\u00bfC\u00f3mo funciona el l\u00e1piz blanqueador Very Good Smile?<\/a><\/li><li class='ez-toc-page-1 ez-toc-heading-level-2'><a class=\"ez-toc-link ez-toc-heading-2\" href=\"https:\/\/nutrident.fr\/es\/blanqueamiento-profesional\/lapiz-blanqueador\/very-good-smile\/#%C2%BFComo_usar_el_lapiz_blanqueador\" title=\"\u00bfC\u00f3mo usar el l\u00e1piz blanqueador?\">\u00bfC\u00f3mo usar el l\u00e1piz blanqueador?<\/a><\/li><li class='ez-toc-page-1 ez-toc-heading-level-2'><a class=\"ez-toc-link ez-toc-heading-3\" href=\"https:\/\/nutrident.fr\/es\/blanqueamiento-profesional\/lapiz-blanqueador\/very-good-smile\/#Ventajas_de_Very_Good_Smile\" title=\"Ventajas de Very Good Smile\">Ventajas de Very Good Smile<\/a><\/li><li class='ez-toc-page-1 ez-toc-heading-level-2'><a class=\"ez-toc-link ez-toc-heading-4\" href=\"https:\/\/nutrident.fr\/es\/blanqueamiento-profesional\/lapiz-blanqueador\/very-good-smile\/#Desventajas_del_lapiz_de_blanqueamiento_dental\" title=\"Desventajas del l\u00e1piz de blanqueamiento dental\">Desventajas del l\u00e1piz de blanqueamiento dental<\/a><\/li><li class='ez-toc-page-1 ez-toc-heading-level-2'><a class=\"ez-toc-link ez-toc-heading-5\" href=\"https:\/\/nutrident.fr\/es\/blanqueamiento-profesional\/lapiz-blanqueador\/very-good-smile\/#%C2%BFQue_es_el_peroxido_de_hidrogeno\" title=\"\u00bfQu\u00e9 es el per\u00f3xido de hidr\u00f3geno?\">\u00bfQu\u00e9 es el per\u00f3xido de hidr\u00f3geno?<\/a><\/li><\/ul><\/nav><\/div>\n<h2><span class=\"ez-toc-section\" id=\"%C2%BFComo_funciona_el_lapiz_blanqueador_Very_Good_Smile\"><\/span>\u00bfC\u00f3mo funciona<strong> <\/strong>el l\u00e1piz blanqueador Very Good Smile?<span class=\"ez-toc-section-end\"><\/span><\/h2>\n\n\n\n<p>Hay tres tipos de l\u00e1pices blanqueadores:<\/p>\n\n\n\n<ol><li>Los l\u00e1pices de \u00ab<strong>maquillaje<\/strong>\u00ab, que extienden una especie de barniz blanco sobre los dientes<\/li><li>Los l\u00e1pices que logran crear un<strong> efecto \u00f3ptico<\/strong> al utilizar una sustancia azul que hace que los dientes se vean m\u00e1s blancos.<\/li><li>Los que utilizan <strong>per\u00f3xido de hidr\u00f3geno<\/strong> para blanquear el esmalte dental.<\/li><\/ol>\n\n\n\n<p>El l\u00e1piz Very Good Smile<strong> <\/strong>pertenece a esta \u00faltima categor\u00eda. Los dos primeros tienen un efecto inmediato pero temporal, ya que el producto se desvanece durante el d\u00eda al frotar los labios, comer o simplemente con la saliva.<\/p>\n\n\n\n<p>Very Good Smile tarda m\u00e1s en hacer efecto: notar\u00e1s los <strong>primeros resultados despu\u00e9s de una semana<\/strong>. Pero es m\u00e1s duradero, ya que blanquea los dientes en lugar de cubrirlos con una capa de color blanco.<\/p>\n\n\n\n<h3>\u00bfQu\u00e9 contiene Very Good Smile?<\/h3>\n\n\n<div class=\"wp-block-image\">\n<figure class=\"alignright size-medium\"><img width=\"300\" height=\"200\" src=\"https:\/\/nutrident.fr\/wp-content\/uploads\/2020\/01\/iStock-1037081016-300x200.jpg\" alt=\"lapiz de blanqueamiento dental\" class=\"wp-image-7770\" srcset=\"https:\/\/nutrident.fr\/wp-content\/uploads\/2020\/01\/iStock-1037081016-300x200.jpg 300w, https:\/\/nutrident.fr\/wp-content\/uploads\/2020\/01\/iStock-1037081016-1024x683.jpg 1024w, https:\/\/nutrident.fr\/wp-content\/uploads\/2020\/01\/iStock-1037081016-768x512.jpg 768w, https:\/\/nutrident.fr\/wp-content\/uploads\/2020\/01\/iStock-1037081016-1080x720.jpg 1080w, https:\/\/nutrident.fr\/wp-content\/uploads\/2020\/01\/iStock-1037081016-980x653.jpg 980w, https:\/\/nutrident.fr\/wp-content\/uploads\/2020\/01\/iStock-1037081016-480x320.jpg 480w, https:\/\/nutrident.fr\/wp-content\/uploads\/2020\/01\/iStock-1037081016.jpg 1254w\" sizes=\"(max-width: 300px) 100vw, 300px\" \/><figcaption>El efecto blanqueador del l\u00e1piz es inmediato, \u00a1pero no eterno!<\/figcaption><\/figure><\/div>\n\n\n<p>Very Good Smile usa <strong>per\u00f3xido de hidr\u00f3geno al 0,01%<\/strong>, lo que cumple con las normas y regulaciones europeas. Esto est\u00e1 por debajo de la cantidad de per\u00f3xido que usan los dentistas, as\u00ed que tus dientes no corren ning\u00fan riesgo.<\/p>\n\n\n\n<p>Los dem\u00e1s ingredientes tienen las mismas garant\u00edas de seguridad: propilenglicol, glicerina, carb\u00f3mero, \u00e1cido azelaico, per\u00f3xido de urea, agua, aceite de menta piperita.<\/p>\n\n\n\n<h2><span class=\"ez-toc-section\" id=\"%C2%BFComo_usar_el_lapiz_blanqueador\"><\/span>\u00bfC\u00f3mo usar el l\u00e1piz blanqueador?<span class=\"ez-toc-section-end\"><\/span><\/h2>\n\n\n\n<ol><li>Empieza <a href=\"https:\/\/nutrident.fr\/es\/cepillo-de-dientes-electrico-o-manual\/\" data-type=\"URL\" data-id=\"https:\/\/nutrident.fr\/brosse-electrique-ou-manuelle\/\">cepill\u00e1ndote bien los dientes <\/a>y enju\u00e1gate bien la boca al terminar.<\/li><li>Gira la base del l\u00e1piz en el sentido de las agujas del reloj hasta que aparezca una gota de gel en la punta.<\/li><li>Aplica una fina capa de gel sobre los dientes, deteni\u00e9ndote en la l\u00ednea de las enc\u00edas.<\/li><li>Deja que el gel act\u00fae durante 10 minutos. No comas ni bebas nada durante este tiempo e intenta no frotar demasiado los labios contra los dientes. Evita hablar, ya que al hacerlo tus labios rozan autom\u00e1ticamente los dientes.<\/li><li>Enju\u00e1gate la boca y evita comer y beber durante media hora m\u00e1s.<\/li><\/ol>\n\n\n\n<p>Debes repetir este procedimiento todos los d\u00edas y empezar\u00e1s a ver los resultados despu\u00e9s de una semana.<\/p>\n\n\n\n<h2><span class=\"ez-toc-section\" id=\"Ventajas_de_Very_Good_Smile\"><\/span>Ventajas de Very Good Smile<span class=\"ez-toc-section-end\"><\/span><\/h2>\n\n\n\n<p>Very Good Smile se produce en Francia. Tiene el tama\u00f1o de un bol\u00edgrafo, por lo que puedes guardarlo f\u00e1cilmente en tu neceser si viajas o te vas de vacaciones. Es <strong>muy sencillo de utilizar <\/strong>y la \u00fanica limitaci\u00f3n es que no debes comer ni beber durante menos de una hora.<\/p>\n\n\n\n<p>El aplicador funciona muy bien, es preciso y f\u00e1cil de manejar. El <strong>sabor a menta<\/strong> es agradable y proporciona un buen aliento.<\/p>\n\n\n\n<p>Very Good Smile respeta las dosis de per\u00f3xido de hidr\u00f3geno permitidas por la ley, por lo que no representa ning\u00fan riesgo para la salud dental.<\/p>\n\n\n\n<p>El m\u00e9todo funciona y deber\u00eda notar un aclaramiento en el color de tus dientes. Sin embargo, no obtendr\u00e1s el mismo resultado que un <a href=\"https:\/\/nutrident.fr\/es\/?page_id=16855\">blanqueamiento profesional en el dentista<\/a> porque no utiliza dosis de per\u00f3xido tan altas como un producto profesional. Pero es un <strong>m\u00e9todo mucho m\u00e1s asequible<\/strong> que puedes utilizar en casa sin necesidad de ir al dentista.<\/p>\n\n\n\n<p>Si buscas otros m\u00e9todos caseros de blanqueamiento dental, quiz\u00e1 te interese saber m\u00e1s sobre los<strong><a href=\"https:\/\/nutrident.fr\/es\/blanqueamiento-profesional\/kit-blanqueador-dental\/\" target=\"_blank\" rel=\"noreferrer noopener\"> kits de blanqueamiento dental<\/a><\/strong>.<\/p>\n\n\n\n<h2><span class=\"ez-toc-section\" id=\"Desventajas_del_lapiz_de_blanqueamiento_dental\"><\/span>Desventajas del l\u00e1piz de blanqueamiento dental<span class=\"ez-toc-section-end\"><\/span><\/h2>\n\n\n<div class=\"wp-block-image\">\n<figure class=\"alignright size-large is-resized\"><img src=\"https:\/\/nutrident.fr\/wp-content\/uploads\/2022\/11\/blanqueamiento-dental-en-el-dentista-1024x684.jpg\" alt=\"lapiz blanqueador de dientes\" class=\"wp-image-19284\" width=\"300\" height=\"200\" srcset=\"https:\/\/nutrident.fr\/wp-content\/uploads\/2022\/11\/blanqueamiento-dental-en-el-dentista-1024x684.jpg 1024w, https:\/\/nutrident.fr\/wp-content\/uploads\/2022\/11\/blanqueamiento-dental-en-el-dentista-300x200.jpg 300w, https:\/\/nutrident.fr\/wp-content\/uploads\/2022\/11\/blanqueamiento-dental-en-el-dentista-768x513.jpg 768w, https:\/\/nutrident.fr\/wp-content\/uploads\/2022\/11\/blanqueamiento-dental-en-el-dentista-1536x1025.jpg 1536w, https:\/\/nutrident.fr\/wp-content\/uploads\/2022\/11\/blanqueamiento-dental-en-el-dentista-254x170.jpg 254w, https:\/\/nutrident.fr\/wp-content\/uploads\/2022\/11\/blanqueamiento-dental-en-el-dentista.jpg 2000w\" sizes=\"(max-width: 300px) 100vw, 300px\" \/><figcaption>El blanqueamiento profesional es m\u00e1s efectivo, pero tambi\u00e9n m\u00e1s caro<\/figcaption><\/figure><\/div>\n\n\n<p>Very Good Smile no tiene ning\u00fan efecto sobre <strong>las pr\u00f3tesis dentales<\/strong>. Si tienes coronas o carillas, estas permanecer\u00e1n del mismo color que antes. No obstante, esto tambi\u00e9n sucede con el blanqueamiento en el dentista.<\/p>\n\n\n\n<p>Por \u00faltimo, este producto no es adecuado si buscas un resultado inmediato para una fiesta o un evento r\u00e1pido. En este caso, debes recurrir a un <a href=\"https:\/\/nutrident.fr\/es\/blanqueamiento-profesional\/lapiz-blanqueador\/white-now\/\" target=\"_blank\" rel=\"noreferrer noopener\">l\u00e1piz blanqueador como el de White Now<\/a>.<\/p>\n\n\n\n<h2><span class=\"ez-toc-section\" id=\"%C2%BFQue_es_el_peroxido_de_hidrogeno\"><\/span>\u00bfQu\u00e9 es el per\u00f3xido de hidr\u00f3geno?<span class=\"ez-toc-section-end\"><\/span><\/h2>\n\n\n\n<p>El per\u00f3xido de hidr\u00f3geno es la sustancia que utilizan los dentistas para blanquear los dientes en la consulta o en casa con f\u00e9rulas personalizadas.<\/p>\n\n\n\n<h3>L\u00edmites del per\u00f3xido de hidr\u00f3geno<\/h3>\n\n\n\n<p>Incluso cuando se utiliza la dosis recomendada por un <a href=\"https:\/\/nutrident.fr\/es\/dentista-de-urgencias\/\" data-type=\"URL\" data-id=\"https:\/\/nutrident.fr\/urgence-dentaire-que-faire\/\">dentista<\/a>, el per\u00f3xido de hidr\u00f3geno tiene sus l\u00edmites. Todos nacemos con un determinado color de dientes que heredamos de nuestros padres y nunca tendremos unos dientes m\u00e1s blancos que ese tono. La \u00fanica soluci\u00f3n ser\u00eda utilizar carillas artificiales, pero el propio diente no puede superar su umbral natural.<\/p>\n\n\n\n<p>El per\u00f3xido de hidr\u00f3geno<strong> <\/strong>penetra en la estructura de los dientes (el esmalte y la dentina, pero no la pulpa) y los \u00abrenueva\u00bb, <strong>restaurando su color original<\/strong>. Es decir, si tus dientes son naturalmente amarillos, un blanqueamiento dental no te brindar\u00e1 dientes perfectamente blancos.<\/p>\n\n\n\n<p>Adem\u00e1s, el per\u00f3xido act\u00faa sobre las c\u00e9lulas del diente vivo, as\u00ed que no tiene ning\u00fan efecto sobre <a href=\"https:\/\/nutrident.fr\/es\/implantes-dentales\/\" data-type=\"URL\" data-id=\"https:\/\/nutrident.fr\/es\/implantes-dentales\/\" target=\"_blank\" rel=\"noreferrer noopener\">implantes<\/a>, coronas, carillas o cualquier tipo de trabajo dental.<\/p>\n\n\n\n<h3>Los peligros del per\u00f3xido de hidr\u00f3geno<\/h3>\n\n\n\n<p>Usar la <strong>dosis adecuada de per\u00f3xido<\/strong> de hidr\u00f3geno es crucial. Muy poco per\u00f3xido tendr\u00e1 poco o ning\u00fan efecto blanqueador, pero si usas demasiado podr\u00edas da\u00f1ar irreversiblemente el <a href=\"https:\/\/nutrident.fr\/es\/?page_id=17011\">esmalte<\/a> dental.<\/p>\n\n\n\n<p>Si te interesa conocer m\u00e9todos de blanqueamiento dental naturales, \u00e9chale un vistazo a <a href=\"https:\/\/nutrident.fr\/es\/blanqueamiento-profesional\/natural\/\" target=\"_blank\" rel=\"noreferrer noopener\">este art\u00edculo sobre los beneficios del aceite de clavo<\/a>.<\/p>\n<div class=\"article-data before-content\"><div class=\"article-data__date\"><div class=\"article-data__date-modified\"><time class=\"published\" datetime=\"2022-10-28T09:48:46+00:00\">This article was originally published on&nbsp;<span class=\"2\">octubre 28, 2022<\/span>&nbsp;and was most recently updated on&nbsp;<span>junio 13, 2023<\/span><\/time><br><\/div><\/div><\/div><div class=\"user-info\">    <div class=\"user-info__body\">\r\n      <div class=\"user-info__caption\"><span>Contributors:<\/span><\/div>\r\n\t\t\t        <div class=\"user-info__wrap \">\r\n          <div class=\"user-info__data\">\r\n            <div class=\"user-info__data__info\">\r\n              <div class=\"photo\">\r\n\t\t\t\t\t\t\t\t<img width=\"66\" height=\"61\" src=\"https:\/\/nutrident.fr\/wp-content\/uploads\/2023\/06\/unnamed-66x61.jpg\" class=\"attachment-profileImageAuthor size-profileImageAuthor wp-post-image\" alt=\"Dr Abel Jes\u00fas Pederzoli\" loading=\"lazy\" srcset=\"https:\/\/nutrident.fr\/wp-content\/uploads\/2023\/06\/unnamed-66x61.jpg 66w, https:\/\/nutrident.fr\/wp-content\/uploads\/2023\/06\/unnamed-300x279.jpg 300w, https:\/\/nutrident.fr\/wp-content\/uploads\/2023\/06\/unnamed-1024x952.jpg 1024w, https:\/\/nutrident.fr\/wp-content\/uploads\/2023\/06\/unnamed-768x714.jpg 768w, https:\/\/nutrident.fr\/wp-content\/uploads\/2023\/06\/unnamed-204x190.jpg 204w, https:\/\/nutrident.fr\/wp-content\/uploads\/2023\/06\/unnamed-120x112.jpg 120w, https:\/\/nutrident.fr\/wp-content\/uploads\/2023\/06\/unnamed.jpg 1125w\" sizes=\"(max-width: 66px) 100vw, 66px\" \/>              <\/div>\r\n              <a href=\"https:\/\/nutrident.fr\/es\/author\/dr-abel-jesus-pederzoli\/\" class=\"name\">Dr Abel Jes\u00fas Pederzoli<\/a>\r\n            <\/div>\r\n            <div class=\"user-info__data__social\">\r\n\t\t\t\t\t\t\t\t\t\t\t\t\t\t\t\t\t\t\t\t\t          <a href=\"https:\/\/clinicaleixample.es\/\"\r\n             class=\"soc-item website\">website<\/a>\r\n\t\t\t\t          <a href=\"http:\/\/linkedin.com\/in\/abel-jes%C3%BAs-pederzoli\"\r\n             class=\"soc-item linkedin\">linkedin<\/a>\r\n\t\t\t\t            <\/div>\r\n          <\/div>\r\n          <div class=\"user-info__description\">\r\n\t\t\t\t\t\t\t\t\t\t\t\t\t<p>Con t\u00edtulos obtenidos en la Facultad de Odontolog\u00eda de la Universidad Nacional de La Plata y una participaci\u00f3n activa en congresos y jornadas, el Dr. Pederzoli se mantiene actualizado en las \u00faltimas t\u00e9cnicas y avances en odontolog\u00eda. Actualmente se encuentra desarrollando un proyecto de consultor\u00eda tecnol\u00f3gica aplicada a cl\u00ednicas dentales.<\/p>\n\t\t\t\t\t\t          <\/div>\r\n        <\/div>\r\n\t\t\t\t    <\/div>\r\n\t<\/div><!--copyscapeskip--><div class=\"medical_references\"><div class=\"medical_references__heading\"><span>Fuentes M\u00e9dicas<\/span><\/div><div class=\"medical_references__list\"><p><strong>\u00bfQu\u00e9 material y t\u00e9cnica seleccionamos a la hora de realizar un blanqueamiento dental y por qu\u00e9? Protocolo para evitar hipersensibilidad dental posterior<\/strong>: <a href=\"https:\/\/scielo.isciii.es\/scielo.php?script=sci_arttext&pid=S0213-12852017000300002#:~\" target=\"_blank\" rel=\"noopener\">https:\/\/scielo.isciii.es\/scielo.php?script=sci_arttext&pid=S0213-12852017000300002#:~<\/a><\/p>\n<p><strong>Blanqueamiento vital domiciliario: comparaci\u00f3n de tratamientos con per\u00f3xido de hidr\u00f3geno y per\u00f3xido de carbamida<\/strong>: <a href=\"https:\/\/scielo.isciii.es\/scielo.php?script=sci_arttext&pid=S1698-69462006000100021\" target=\"_blank\" rel=\"noopener\">https:\/\/scielo.isciii.es\/scielo.php?script=sci_arttext&pid=S1698-69462006000100021<\/a><\/p>\n<\/div><\/div><!--\/copyscapeskip-->","protected":false},"excerpt":{"rendered":"<p>Contributor:&nbsp; Dr Abel Jes\u00fas Pederzoli Updated:&nbsp;junio 13, 2023 \u00bfTe gustar\u00eda tener dientes m\u00e1s blancos? Hay muchas maneras de conseguirlo y el l\u00e1piz blanqueador Very Good Smile es uno de los m\u00e9todos m\u00e1s utilizados para devolverle el brillo a la sonrisa. Si est\u00e1s considerando usar un l\u00e1piz de blanqueamiento dental, debes elegir la marca con cuidado. [&hellip;]<\/p>\n","protected":false},"author":2,"featured_media":19225,"parent":16865,"menu_order":0,"comment_status":"open","ping_status":"open","template":"","meta":{"inline_featured_image":false},"acf":[],"_links":{"self":[{"href":"https:\/\/nutrident.fr\/es\/wp-json\/wp\/v2\/pages\/17201"}],"collection":[{"href":"https:\/\/nutrident.fr\/es\/wp-json\/wp\/v2\/pages"}],"about":[{"href":"https:\/\/nutrident.fr\/es\/wp-json\/wp\/v2\/types\/page"}],"author":[{"embeddable":true,"href":"https:\/\/nutrident.fr\/es\/wp-json\/wp\/v2\/users\/2"}],"replies":[{"embeddable":true,"href":"https:\/\/nutrident.fr\/es\/wp-json\/wp\/v2\/comments?post=17201"}],"version-history":[{"count":15,"href":"https:\/\/nutrident.fr\/es\/wp-json\/wp\/v2\/pages\/17201\/revisions"}],"predecessor-version":[{"id":21792,"href":"https:\/\/nutrident.fr\/es\/wp-json\/wp\/v2\/pages\/17201\/revisions\/21792"}],"up":[{"embeddable":true,"href":"https:\/\/nutrident.fr\/es\/wp-json\/wp\/v2\/pages\/16865"}],"wp:featuredmedia":[{"embeddable":true,"href":"https:\/\/nutrident.fr\/es\/wp-json\/wp\/v2\/media\/19225"}],"wp:attachment":[{"href":"https:\/\/nutrident.fr\/es\/wp-json\/wp\/v2\/media?parent=17201"}],"curies":[{"name":"wp","href":"https:\/\/api.w.org\/{rel}","templated":true}]}}