

{"id":17204,"date":"2022-10-28T10:35:33","date_gmt":"2022-10-28T10:35:33","guid":{"rendered":"https:\/\/nutrident.fr\/?page_id=17204"},"modified":"2022-10-28T10:35:35","modified_gmt":"2022-10-28T10:35:35","slug":"estelita-dental","status":"publish","type":"page","link":"https:\/\/nutrident.fr\/es\/estelita-dental\/","title":{"rendered":"Estelita dental: la soluci\u00f3n asequible y removible"},"content":{"rendered":"<div class=\"meta\"><div class=\"meta__users\"><\/div><div class=\"meta__date-modified\">Updated:&nbsp;<span>octubre 28, 2022<\/span><\/div><\/div><p><img class=\"wp-image-7200 alignright \" src=\"https:\/\/nutrident.fr\/wp-content\/uploads\/2020\/12\/nhia-moua-jQYofLnS0TI-unsplash-150x150.jpg\" alt=\"pr\u00f3tesis dental removible\" width=\"145\" height=\"145\"><strong>Si le faltan varios dientes, existen varias soluciones de sustituci\u00f3n.  <\/strong><\/p>\n<p>En este art\u00edculo, <a href=\"https:\/\/nutrident.fr\/es\/\">Nutrident.es<\/a> analiza el caso de la estelita dental. Es una pr\u00f3tesis removible de \u00faltima generaci\u00f3n que es segura y c\u00f3moda.<\/p>\n<div id=\"ez-toc-container\" class=\"ez-toc-v2_0_33_2 counter-hierarchy ez-toc-counter ez-toc-white ez-toc-container-direction\">\n<div class=\"ez-toc-title-container\">\n<p class=\"ez-toc-title\">Contenus<\/p>\n<span class=\"ez-toc-title-toggle\"><a href=\"#\" class=\"ez-toc-pull-right ez-toc-btn ez-toc-btn-xs ez-toc-btn-default ez-toc-toggle\" style=\"display: none;\"><label for=\"item\" aria-label=\"Tabla de contenidos\"><i class=\"ez-toc-glyphicon ez-toc-icon-toggle\"><\/i><\/label><input type=\"checkbox\" id=\"item\"><\/a><\/span><\/div>\n<nav><ul class='ez-toc-list ez-toc-list-level-1'><li class='ez-toc-page-1 ez-toc-heading-level-2'><a class=\"ez-toc-link ez-toc-heading-1\" href=\"https:\/\/nutrident.fr\/es\/estelita-dental\/#Cuando_utilizar_la_estelita_dental\" title=\"Cu\u00e1ndo utilizar la estelita dental\">Cu\u00e1ndo utilizar la estelita dental<\/a><\/li><li class='ez-toc-page-1 ez-toc-heading-level-2'><a class=\"ez-toc-link ez-toc-heading-2\" href=\"https:\/\/nutrident.fr\/es\/estelita-dental\/#Que_es_la_estelita_dental\" title=\"Qu\u00e9 es la estelita dental\">Qu\u00e9 es la estelita dental<\/a><\/li><li class='ez-toc-page-1 ez-toc-heading-level-2'><a class=\"ez-toc-link ez-toc-heading-3\" href=\"https:\/\/nutrident.fr\/es\/estelita-dental\/#%C2%BFCuales_son_las_etapas_de_la_fabricacion_de_una_estelita_dental\" title=\"\u00bfCu\u00e1les son las etapas de la fabricaci\u00f3n de una estelita dental?\">\u00bfCu\u00e1les son las etapas de la fabricaci\u00f3n de una estelita dental?<\/a><\/li><\/ul><\/nav><\/div>\n<h2><span class=\"ez-toc-section\" id=\"Cuando_utilizar_la_estelita_dental\"><\/span>Cu\u00e1ndo utilizar la estelita dental<span class=\"ez-toc-section-end\"><\/span><\/h2>\n<p>La estelita dental se utiliza para sustituir varios dientes con una sola pr\u00f3tesis. De hecho, se trata de una dentadura 2.0.<\/p>\n<p>Aparte del aspecto est\u00e9tico, la falta de dientes tiene m\u00faltiples consecuencias:<\/p>\n<ul>\n<li>provocan <strong>errores de pronunciaci\u00f3n<\/strong>, porque el aire ya no pasa de la misma manera y la lengua ya no est\u00e1 afinada;<\/li>\n<li>se mastica peor y se corre el riesgo de tener <strong>problemas digestivos<\/strong>;<\/li>\n<li>el diente <strong>opuesto al que falta<\/strong> ya no est\u00e1 en su sitio y corre el riesgo de <strong>aflojarse<\/strong>;<\/li>\n<li>los otros dientes se desplazan para<strong> rellenar los huecos<\/strong>;<\/li>\n<li>sus mejillas se deforman.<\/li>\n<\/ul>\n<p>El \u00faltimo punto se menciona raramente, pero ha sido probado por las estrellas de cine que durante mucho tiempo llegaron a sacarse las muelas para adelgazar la cara y ahuecar las mejillas. Al parecer, esta pr\u00e1ctica ya no se lleva a cabo.<\/p>\n<p>Y lo que es m\u00e1s grave, si le faltan varios dientes, necesita encontrar una soluci\u00f3n r\u00e1pidamente.  La <a href=\"https:\/\/nutrident.fr\/es\/implantes-dentales\/\">colocaci\u00f3n de implantes es la mejor<\/a>, pero es muy cara, ya que cuesta una media de 1.500 euros sustituir un solo diente, con un reembolso de 84 euros por parte de la seguridad social.<\/p>\n<p>Aqu\u00ed es donde entra en juego la estelita dental, menos costosa. Dependiendo del n\u00famero de dientes a sustituir, puede esperar pagar entre 1.200 y 2.000 euros por todo el conjunto. Se reembolsa entre 135 y 210 euros, seg\u00fan el n\u00famero de dientes que sustituya.<\/p>\n<p>La estelita no s\u00f3lo puede sustituir varios dientes, sino que es escalable. Si pierde uno o varios de sus otros dientes, se a\u00f1ade una nueva dentadura a su estructura.<\/p>\n<p><iframe title=\"Proth\u00e8se dentaire partielle \u00a9\" width=\"500\" height=\"281\" src=\"https:\/\/www.youtube.com\/embed\/i4BBR6cSQlc?feature=oembed\" frameborder=\"0\" allow=\"accelerometer; autoplay; clipboard-write; encrypted-media; gyroscope; picture-in-picture\" allowfullscreen><\/iframe><\/p>\n<h2><span class=\"ez-toc-section\" id=\"Que_es_la_estelita_dental\"><\/span>Qu\u00e9 es la estelita dental<span class=\"ez-toc-section-end\"><\/span><\/h2>\n<p><strong>La aleaci\u00f3n met\u00e1lica utilizada para fabricar la pr\u00f3tesis<\/strong> se llama estelita. Se compone de cobalto y cromo, que son biocompatibles y, por tanto, no son perjudiciales para la salud. Esta parte met\u00e1lica no es visible y sirve de estructura para la parte de resina que constituye la dentadura postiza.<\/p>\n<p>Como la aleaci\u00f3n es tan fuerte, puede permitirse ser fina, lo que la hace m\u00e1s c\u00f3moda y le permite mantener su sensibilidad sensorial en la boca.<\/p>\n<p><strong>La estelita tiene ganchos que se unen a los dientes adyacentes<\/strong>. Su forma permite una f\u00e1cil inserci\u00f3n y extracci\u00f3n del dispositivo. Debido a estos ganchos, la estelita no puede ser una pr\u00f3tesis completa que sustituya toda la dentici\u00f3n de una mand\u00edbula, ya que necesita puntos de apoyo para fijarse. Una sola estelita no puede cubrir las dos mand\u00edbulas. Si le faltan dientes en ambos maxilares, necesita dos dientes estrellados.<\/p>\n<p>La retirada del estelite le permite <strong>limpiarlo y cepillarse<\/strong> los dientes. Durante la noche, si no le molesta, no hay raz\u00f3n para no mantenerla.<\/p>\n<h2><span class=\"ez-toc-section\" id=\"%C2%BFCuales_son_las_etapas_de_la_fabricacion_de_una_estelita_dental\"><\/span>\u00bfCu\u00e1les son las etapas de la fabricaci\u00f3n de una estelita dental?<span class=\"ez-toc-section-end\"><\/span><\/h2>\n<p><img class=\"wp-image-7007 alignleft size-medium\" src=\"https:\/\/nutrident.fr\/wp-content\/uploads\/2020\/11\/rudi-fargo-MjO2ZWzPLtc-unsplash-300x200.jpg\" alt=\"stellite  \" width=\"300\" height=\"200\" srcset=\"https:\/\/nutrident.fr\/wp-content\/uploads\/2020\/11\/rudi-fargo-MjO2ZWzPLtc-unsplash-300x200.jpg 300w, https:\/\/nutrident.fr\/wp-content\/uploads\/2020\/11\/rudi-fargo-MjO2ZWzPLtc-unsplash-480x320.jpg 480w, https:\/\/nutrident.fr\/wp-content\/uploads\/2020\/11\/rudi-fargo-MjO2ZWzPLtc-unsplash.jpg 750w\" sizes=\"(max-width: 300px) 100vw, 300px\" \/>En primer lugar, su dentista llevar\u00e1 a cabo todos los cuidados que necesite. Si tiene dientes en mal estado, los trata o los extrae si est\u00e1n demasiado da\u00f1ados. Realiza una limpieza a fondo y una descalcificaci\u00f3n para trabajar de forma saludable.<\/p>\n<p>A continuaci\u00f3n, toma sus <a href=\"https:\/\/nutrident.fr\/es\/ortodoncia-para-adultos\/\">impresiones dentales y las env\u00eda al t\u00e9cnico dental que trabajar\u00e1 en su aparato<\/a>. Este \u00faltimo hace la pieza de metal que funde en el molde y le da forma para que sea lo m\u00e1s fina y suave posible. A continuaci\u00f3n, a\u00f1ade los dientes postizos bas\u00e1ndose en la forma de las impresiones y el color de sus dientes naturales para que su estelite sea lo m\u00e1s discreto posible.<\/p>\n<p><strong>A continuaci\u00f3n,<\/strong> el dentista <strong>probar\u00e1<\/strong> el aparato <strong>en su mand\u00edbula<\/strong> y lo enviar\u00e1 de nuevo al prot\u00e9sico dental si es necesario realizar alguna modificaci\u00f3n. El objetivo es que la estelita ocupe el lugar de sus antiguos dientes y ya no sienta la diferencia.<\/p>\n<p>Naturalmente, es necesario un periodo de aclimataci\u00f3n. Se ha acostumbrado a la falta de dientes, tendr\u00e1 que  <strong>\u00a1Acost\u00fambrese al hecho de que tiene dientes de nuevo!<\/strong>  La fase de adaptaci\u00f3n dura unos d\u00edas y pronto se encontrar\u00e1 con el placer de tener una dentadura completa que le proporcionar\u00e1 una bonita sonrisa y equilibrio, tanto en el habla como en la alimentaci\u00f3n.<\/p>\n<p>Si le faltan dientes desde hace mucho tiempo y su estelite le provoca un impedimento persistente para hablar, su dentista le aconsejar\u00e1 que haga ejercicios de habla para ayudarle a recuperar el habla normal.<\/p>\n<p>A continuaci\u00f3n, deber\u00e1 <strong>seguir las instrucciones del dentista para el mantenimiento de su estelite<\/strong> y consultarle si siente alguna molestia.<\/p>\n<p><strong><span style=\"text-decoration: underline;\">Para m\u00e1s informaci\u00f3n sobre el tema del bruxismo<\/span><\/strong><\/p>\n<p><a href=\"https:\/\/nutrident.fr\/es\/ferula-dental-precios-tratamientos-y-opiniones\/\">Gu\u00eda de bandejas dentales<\/a><\/p>\n<p><a href=\"https:\/\/nutrident.fr\/es\/diente-roto\/\">Dientes rotos: c\u00f3mo cuidarlos y tratarlos<\/a><\/p>\n<p><a href=\"https:\/\/nutrident.fr\/es\/dentaduras-postizas-fijas-y-removibles\/\">Pr\u00f3tesis dentales removibles<\/a><\/p>\n<p><a href=\"https:\/\/nutrident.fr\/es\/ortodoncia-para-adultos\/\">Gu\u00eda completa de los aparatos ortop\u00e9dicos para adultos<\/a><\/p>\n<p><a href=\"https:\/\/nutrident.fr\/es\/ortodoncia-lingual\/\">Ortodoncia lingual<\/a><\/p>\n<p><a href=\"https:\/\/nutrident.fr\/es\/retenedores-nocturnos\/\">Frenos nocturnos<\/a><\/p>\n<p><a href=\"https:\/\/nutrident.fr\/es\/ortodoncia-de-color-para-una-sonrisa-original\/\">Tirantes de color<\/a><\/p>\n<p><a href=\"https:\/\/nutrident.fr\/es\/perno-dental\/\">El n\u00facleo de la incrustaci\u00f3n<\/a><\/p>\n<p><a href=\"https:\/\/nutrident.fr\/es\/ferulas-dentales-antibruxismo\/\">Comparaci\u00f3n de las bandejas contra el bruxismo<\/a><\/p>\n<div class=\"article-data before-content\"><div class=\"article-data__date\"><div class=\"article-data__date-modified\"><time class=\"published\" datetime=\"2022-10-28T10:35:33+00:00\">This article was originally published on&nbsp;<span class=\"2\">octubre 28, 2022<\/span>&nbsp;and was most recently updated on&nbsp;<span>octubre 28, 2022<\/span><\/time><br><\/div><\/div><\/div><div class=\"user-info\"><\/div>","protected":false},"excerpt":{"rendered":"<p>Updated:&nbsp;octubre 28, 2022Si le faltan varios dientes, existen varias soluciones de sustituci\u00f3n. En este art\u00edculo, Nutrident.es analiza el caso de la estelita dental. Es una pr\u00f3tesis removible de \u00faltima generaci\u00f3n que es segura y c\u00f3moda. Cu\u00e1ndo utilizar la estelita dental La estelita dental se utiliza para sustituir varios dientes con una sola pr\u00f3tesis. De hecho, [&hellip;]<\/p>\n","protected":false},"author":2,"featured_media":0,"parent":0,"menu_order":0,"comment_status":"closed","ping_status":"open","template":"","meta":{"inline_featured_image":false},"acf":[],"_links":{"self":[{"href":"https:\/\/nutrident.fr\/es\/wp-json\/wp\/v2\/pages\/17204"}],"collection":[{"href":"https:\/\/nutrident.fr\/es\/wp-json\/wp\/v2\/pages"}],"about":[{"href":"https:\/\/nutrident.fr\/es\/wp-json\/wp\/v2\/types\/page"}],"author":[{"embeddable":true,"href":"https:\/\/nutrident.fr\/es\/wp-json\/wp\/v2\/users\/2"}],"replies":[{"embeddable":true,"href":"https:\/\/nutrident.fr\/es\/wp-json\/wp\/v2\/comments?post=17204"}],"version-history":[{"count":1,"href":"https:\/\/nutrident.fr\/es\/wp-json\/wp\/v2\/pages\/17204\/revisions"}],"predecessor-version":[{"id":17645,"href":"https:\/\/nutrident.fr\/es\/wp-json\/wp\/v2\/pages\/17204\/revisions\/17645"}],"wp:attachment":[{"href":"https:\/\/nutrident.fr\/es\/wp-json\/wp\/v2\/media?parent=17204"}],"curies":[{"name":"wp","href":"https:\/\/api.w.org\/{rel}","templated":true}]}}