

{"id":17206,"date":"2022-10-28T09:37:25","date_gmt":"2022-10-28T09:37:25","guid":{"rendered":"https:\/\/nutrident.fr\/?page_id=17206"},"modified":"2022-10-28T09:37:27","modified_gmt":"2022-10-28T09:37:27","slug":"oral-b-genius-9000","status":"publish","type":"page","link":"https:\/\/nutrident.fr\/es\/oral-b-genius-9000\/","title":{"rendered":"Cepillo de dientes conectado Oral-B Genius 9000 Rose Gold: revisi\u00f3n completa"},"content":{"rendered":"<div class=\"meta\"><div class=\"meta__users\"><\/div><div class=\"meta__date-modified\">Updated:&nbsp;<span>octubre 28, 2022<\/span><\/div><\/div><div class=\"wp-block-image\">\n<figure class=\"alignright size-medium\"><img width=\"300\" height=\"300\" src=\"https:\/\/nutrident.fr\/wp-content\/uploads\/2022\/07\/61BW2xEwg3L._AC_SX425_-300x300.jpg\" alt=\"Cepillo de dientes Oral-B Genius 9000 Connected Oro Rosa\" class=\"wp-image-13843\" srcset=\"https:\/\/nutrident.fr\/wp-content\/uploads\/2022\/07\/61BW2xEwg3L._AC_SX425_-300x300.jpg 300w, https:\/\/nutrident.fr\/wp-content\/uploads\/2022\/07\/61BW2xEwg3L._AC_SX425_-150x150.jpg 150w, https:\/\/nutrident.fr\/wp-content\/uploads\/2022\/07\/61BW2xEwg3L._AC_SX425_-190x190.jpg 190w, https:\/\/nutrident.fr\/wp-content\/uploads\/2022\/07\/61BW2xEwg3L._AC_SX425_.jpg 425w\" sizes=\"(max-width: 300px) 100vw, 300px\" \/><figcaption>\u00bfCu\u00e1nto vale este cepillo de dientes el\u00e9ctrico?<\/figcaption><\/figure><\/div>\n\n\n<p><a href=\"https:\/\/nutrident.fr\/es\/\">Nutrident.es<\/a> presenta hoy el cepillo el\u00e9ctrico de gama alta <strong>Oral-B Genius 9000 Rose Gold<\/strong>. Este cepillo oscilante y giratorio es una joya de la tecnolog\u00eda que har\u00e1 las delicias de los aficionados a los objetos conectados y de los entusiastas de la higiene bucal.  <\/p>\n\n\n\n<p>Estos son los resultados de nuestra revisi\u00f3n del cepillo el\u00e9ctrico con conexi\u00f3n Oral-B Genius 9000 Rose Gold.<\/p>\n\n\n\n<div id=\"ez-toc-container\" class=\"ez-toc-v2_0_33_2 counter-hierarchy ez-toc-counter ez-toc-white ez-toc-container-direction\">\n<div class=\"ez-toc-title-container\">\n<p class=\"ez-toc-title\">Contenus<\/p>\n<span class=\"ez-toc-title-toggle\"><a href=\"#\" class=\"ez-toc-pull-right ez-toc-btn ez-toc-btn-xs ez-toc-btn-default ez-toc-toggle\" style=\"display: none;\"><label for=\"item\" aria-label=\"Tabla de contenidos\"><i class=\"ez-toc-glyphicon ez-toc-icon-toggle\"><\/i><\/label><input type=\"checkbox\" id=\"item\"><\/a><\/span><\/div>\n<nav><ul class='ez-toc-list ez-toc-list-level-1'><li class='ez-toc-page-1 ez-toc-heading-level-2'><a class=\"ez-toc-link ez-toc-heading-1\" href=\"https:\/\/nutrident.fr\/es\/oral-b-genius-9000\/#General\" title=\"General\">General<\/a><\/li><li class='ez-toc-page-1 ez-toc-heading-level-2'><a class=\"ez-toc-link ez-toc-heading-2\" href=\"https:\/\/nutrident.fr\/es\/oral-b-genius-9000\/#Ergonomia_y_estetica\" title=\"Ergonom\u00eda y est\u00e9tica\">Ergonom\u00eda y est\u00e9tica<\/a><\/li><li class='ez-toc-page-1 ez-toc-heading-level-2'><a class=\"ez-toc-link ez-toc-heading-3\" href=\"https:\/\/nutrident.fr\/es\/oral-b-genius-9000\/#Caracteristicas\" title=\"Caracter\u00edsticas\">Caracter\u00edsticas<\/a><\/li><li class='ez-toc-page-1 ez-toc-heading-level-2'><a class=\"ez-toc-link ez-toc-heading-4\" href=\"https:\/\/nutrident.fr\/es\/oral-b-genius-9000\/#La_conexion\" title=\"La conexi\u00f3n\">La conexi\u00f3n<\/a><\/li><li class='ez-toc-page-1 ez-toc-heading-level-2'><a class=\"ez-toc-link ez-toc-heading-5\" href=\"https:\/\/nutrident.fr\/es\/oral-b-genius-9000\/#Accesorios\" title=\"Accesorios\">Accesorios<\/a><\/li><\/ul><\/nav><\/div>\n<h2><span class=\"ez-toc-section\" id=\"General\"><\/span>General<span class=\"ez-toc-section-end\"><\/span><\/h2>\n\n\n\n<p>El cepillo el\u00e9ctrico conectado <strong>Oral-B Genius 9000 Rose Gold<\/strong> utiliza una tecnolog\u00eda oscilante que es adecuada para toda la familia y no tiene contraindicaciones.  <\/p>\n\n\n\n<p>Es muy <strong>f\u00e1cil de usar<\/strong> y no requiere ninguna precauci\u00f3n previa. No provoca vibraciones, como los cepillos el\u00e9ctricos s\u00f3nicos.<\/p>\n\n\n\n<p>La aplicaci\u00f3n que la acompa\u00f1a es utilizable por todos, con una interfaz intuitiva. Todo lo que necesita es un smartphone con el <strong>\n  <a href=\"https:\/\/nutrident.fr\/es\/?page_id=14710\" data-type=\"URL\" data-id=\"https:\/\/nutrident.fr\/brosse-a-dents-connectee\/\">Bluetooth<\/a>\n<\/strong>. Los an\u00e1lisis son f\u00e1ciles de entender, con esquemas y gr\u00e1ficos de apoyo.<\/p>\n\n\n\n<div class=\"wp-container-1 is-content-justification-center wp-block-buttons\">\n<div class=\"wp-block-button\"><a class=\"wp-block-button__link has-white-color has-vivid-cyan-blue-background-color has-text-color has-background\" href=\"https:\/\/amzn.to\/3IrTJIn\" target=\"_blank\" rel=\"noopener\">Compre este producto al mejor precio<\/a><\/div>\n<\/div>\n\n\n\n<div style=\"height:100px\" aria-hidden=\"true\" class=\"wp-block-spacer\"><\/div>\n\n\n\n<h2><span class=\"ez-toc-section\" id=\"Ergonomia_y_estetica\"><\/span>Ergonom\u00eda y est\u00e9tica<span class=\"ez-toc-section-end\"><\/span><\/h2>\n\n\n\n<p>El cepillo el\u00e9ctrico con conexi\u00f3n <strong>Oral-B Genius 9000 Rose Gold<\/strong> ha sido cuidadosamente dise\u00f1ado pensando en la originalidad y la elegancia. La estructura del mango es blanca, pero la parte frontal es de oro rosa.<\/p>\n\n\n\n<p>Las luces del mango que le indican el<strong> modo de cepillado preseleccionado<\/strong>, el encendido y el indicador de bater\u00eda se iluminan en blanco.<\/p>\n\n\n\n<p>El mango tiene <strong>un dise\u00f1o ergon\u00f3mico<\/strong>. Es recto y delgado, pero la base es lo suficientemente ancha como para garantizar una perfecta estabilidad en el borde de su lavabo. El revestimiento de goma garantiza un buen agarre, incluso si tiene las manos mojadas o le gusta cepillarse los dientes en la ducha.<\/p>\n\n\n<div class=\"wp-block-image\">\n<figure class=\"alignright size-medium\"><img width=\"300\" height=\"200\" src=\"https:\/\/nutrident.fr\/wp-content\/uploads\/2022\/07\/Depositphotos_499640988_S-300x200.jpg\" alt=\"Cepillos de dientes Oral B\" class=\"wp-image-13863\" srcset=\"https:\/\/nutrident.fr\/wp-content\/uploads\/2022\/07\/Depositphotos_499640988_S-300x200.jpg 300w, https:\/\/nutrident.fr\/wp-content\/uploads\/2022\/07\/Depositphotos_499640988_S-768x512.jpg 768w, https:\/\/nutrident.fr\/wp-content\/uploads\/2022\/07\/Depositphotos_499640988_S-254x169.jpg 254w, https:\/\/nutrident.fr\/wp-content\/uploads\/2022\/07\/Depositphotos_499640988_S.jpg 1000w\" sizes=\"(max-width: 300px) 100vw, 300px\" \/><figcaption>La Genius 9000 Rose Gold conserva la elegancia de otros modelos de Oral-B<\/figcaption><\/figure><\/div>\n\n\n<p>El <strong>smartring<\/strong> es un anillo luminoso en la parte superior del mango que se ilumina cuando se ejerce demasiada presi\u00f3n sobre el cepillo. Puede fijar su color eligiendo entre doce colores.<\/p>\n\n\n\n<p>Este cepillo es compatible con todos los <strong>cepillos<\/strong> <strong>que<\/strong> <strong>ofrece<\/strong><a href=\"https:\/\/nutrident.fr\/es\/?page_id=14729\" data-type=\"URL\" data-id=\"https:\/\/nutrident.fr\/brosse-a-dents-electriques-oral-b\/\"> <strong>Oral-B<\/strong>,<\/a> por lo que no tendr\u00e1 problemas para encontrarlos en supermercados, farmacias o droguer\u00edas.<\/p>\n\n\n\n<h2><span class=\"ez-toc-section\" id=\"Caracteristicas\"><\/span>Caracter\u00edsticas<span class=\"ez-toc-section-end\"><\/span><\/h2>\n\n\n\n<p>El cepillo el\u00e9ctrico conectado Oral-B Genius 9000 Rose Gold ofrece 6 modos de cepillado:<\/p>\n\n\n\n<ol><li>est\u00e1ndar que es adecuado para el uso diario;<\/li><li>Cuidado de las enc\u00edas que las masajea suavemente, estimulando el flujo sangu\u00edneo para fortalecerlas;<\/li><li>suavidad que es adecuada para las personas con dientes y enc\u00edas sensibles;<\/li><li>pulido para eliminar las manchas de los dientes;<\/li><li>limpieza profunda para un cepillado m\u00e1s completo y prolongado ;<\/li><li>limpieza de idiomas para las lenguas cargadas.<\/li><\/ol>\n\n\n\n<p>Los <strong>botones<\/strong> son f\u00e1cilmente accesibles en la empu\u00f1adura para permitirle cambiar de modo. Sin embargo, lamentablemente, es imposible cambiar el modo de cepillado cuando el cepillo est\u00e1 apagado.<\/p>\n\n\n\n<p>La <strong>bater\u00eda<\/strong> dura m\u00e1s de doce d\u00edas, es decir, m\u00e1s que la mayor\u00eda de los <a href=\"https:\/\/nutrident.fr\/es\/?page_id=16661\" data-type=\"URL\" data-id=\"https:\/\/nutrident.fr\/brosse-a-dents-electrique-avis\/\">cepillos el\u00e9ctricos<\/a>.<\/p>\n\n\n\n<p><strong><em>Vea el v\u00eddeo de presentaci\u00f3n del modelo de Oral-B a continuaci\u00f3n<\/em><\/strong><\/p>\n\n\n\n<figure class=\"wp-block-embed is-type-video is-provider-youtube wp-block-embed-youtube wp-embed-aspect-16-9 wp-has-aspect-ratio\"><div class=\"wp-block-embed__wrapper\">\n<iframe title=\"Test d&#039;une brosse \u00e0 dents Oral-B Genius 9000 Rosegold Edition\" width=\"500\" height=\"281\" src=\"https:\/\/www.youtube.com\/embed\/YzlEPfxmpKg?feature=oembed\" frameborder=\"0\" allow=\"accelerometer; autoplay; clipboard-write; encrypted-media; gyroscope; picture-in-picture\" allowfullscreen><\/iframe>\n<\/div><\/figure>\n\n\n\n<h2><span class=\"ez-toc-section\" id=\"La_conexion\"><\/span>La conexi\u00f3n<span class=\"ez-toc-section-end\"><\/span><\/h2>\n\n\n\n<p>La<strong> Oral-B Genius 9000 Rose<\/strong> Gold est\u00e1 conectada a una aplicaci\u00f3n para smartphone disponible para los sistemas operativos Android e iOS. Se comunica a trav\u00e9s de Bluetooth. La primera vez que utilice el cepillo, deber\u00e1 emparejar su tel\u00e9fono con el cepillo. Entonces su tel\u00e9fono reconocer\u00e1 autom\u00e1ticamente su cepillo, una vez que haya activado su funci\u00f3n Bluetooth.<\/p>\n\n\n\n<p>El cepillo est\u00e1 equipado con <strong>sensores <\/strong>que son capaces de comprobar que se est\u00e1 cepillando cada parte de cada diente. A continuaci\u00f3n, podr\u00e1 comprobar en su aplicaci\u00f3n que cada zona ha sido tratada.<\/p>\n\n\n\n<p>Puede seguir su <strong>tiempo de<\/strong> <strong>cepillado<\/strong> en tiempo real. El cepillo est\u00e1 programado para funcionar durante dos minutos. Entre cada intervalo de treinta segundos, una pausa en la vibraci\u00f3n le indica que es el momento de cambiar de zona: interior y exterior, mand\u00edbula inferior y superior.<\/p>\n\n\n\n<p>Un <strong>sensor de presi\u00f3n<\/strong> le indica en tiempo real cu\u00e1ndo est\u00e1 presionando demasiado el cepillo, encendiendo el smartring y reduciendo la velocidad de cepillado. Puede comprobar en su aplicaci\u00f3n si consigue corregirse, a medida que la utiliza.<\/p>\n\n\n\n<div class=\"wp-container-2 is-content-justification-center wp-block-buttons\">\n<div class=\"wp-block-button\"><a class=\"wp-block-button__link has-white-color has-vivid-cyan-blue-background-color has-text-color has-background\" href=\"https:\/\/amzn.to\/3IrTJIn\" target=\"_blank\" rel=\"noopener\">Compre este producto al mejor precio<\/a><\/div>\n<\/div>\n\n\n\n<div style=\"height:100px\" aria-hidden=\"true\" class=\"wp-block-spacer\"><\/div>\n\n\n\n<h2><span class=\"ez-toc-section\" id=\"Accesorios\"><\/span>Accesorios<span class=\"ez-toc-section-end\"><\/span><\/h2>\n\n\n\n<p>El <strong>cepillo Oral-B Genius 9000 Rose Gold<\/strong> viene con 4 cepillos de repuesto, un soporte para el ba\u00f1o, un soporte para smartphone con ventosa y un estuche de viaje.<\/p>\n\n\n\n<p>Merece la pena echar un vistazo a este caso porque es muy pr\u00e1ctico. Es peque\u00f1o y est\u00e1 bien dise\u00f1ado para ocupar el menor espacio posible en su neceser. Su gran ventaja es que sirve como doble recambio tanto para su cepillo de dientes como para su smartphone.<\/p>\n<div class=\"article-data before-content\"><div class=\"article-data__date\"><div class=\"article-data__date-modified\"><time class=\"published\" datetime=\"2022-10-28T09:37:25+00:00\">This article was originally published on&nbsp;<span class=\"2\">octubre 28, 2022<\/span>&nbsp;and was most recently updated on&nbsp;<span>octubre 28, 2022<\/span><\/time><br><\/div><\/div><\/div><div class=\"user-info\"><\/div>","protected":false},"excerpt":{"rendered":"<p>Updated:&nbsp;octubre 28, 2022 Nutrident.es presenta hoy el cepillo el\u00e9ctrico de gama alta Oral-B Genius 9000 Rose Gold. Este cepillo oscilante y giratorio es una joya de la tecnolog\u00eda que har\u00e1 las delicias de los aficionados a los objetos conectados y de los entusiastas de la higiene bucal. Estos son los resultados de nuestra revisi\u00f3n del [&hellip;]<\/p>\n","protected":false},"author":2,"featured_media":13845,"parent":0,"menu_order":0,"comment_status":"open","ping_status":"open","template":"","meta":{"inline_featured_image":false},"acf":[],"_links":{"self":[{"href":"https:\/\/nutrident.fr\/es\/wp-json\/wp\/v2\/pages\/17206"}],"collection":[{"href":"https:\/\/nutrident.fr\/es\/wp-json\/wp\/v2\/pages"}],"about":[{"href":"https:\/\/nutrident.fr\/es\/wp-json\/wp\/v2\/types\/page"}],"author":[{"embeddable":true,"href":"https:\/\/nutrident.fr\/es\/wp-json\/wp\/v2\/users\/2"}],"replies":[{"embeddable":true,"href":"https:\/\/nutrident.fr\/es\/wp-json\/wp\/v2\/comments?post=17206"}],"version-history":[{"count":2,"href":"https:\/\/nutrident.fr\/es\/wp-json\/wp\/v2\/pages\/17206\/revisions"}],"predecessor-version":[{"id":17500,"href":"https:\/\/nutrident.fr\/es\/wp-json\/wp\/v2\/pages\/17206\/revisions\/17500"}],"wp:featuredmedia":[{"embeddable":true,"href":"https:\/\/nutrident.fr\/es\/wp-json\/wp\/v2\/media\/13845"}],"wp:attachment":[{"href":"https:\/\/nutrident.fr\/es\/wp-json\/wp\/v2\/media?parent=17206"}],"curies":[{"name":"wp","href":"https:\/\/api.w.org\/{rel}","templated":true}]}}