

{"id":17213,"date":"2022-10-28T09:38:32","date_gmt":"2022-10-28T09:38:32","guid":{"rendered":"https:\/\/nutrident.fr\/?page_id=17213"},"modified":"2022-10-28T09:38:34","modified_gmt":"2022-10-28T09:38:34","slug":"oral-b-smart-series-7000","status":"publish","type":"page","link":"https:\/\/nutrident.fr\/es\/oral-b-smart-series-7000\/","title":{"rendered":"Oral-B Smart Series 7000 Black : Prueba y rese\u00f1a"},"content":{"rendered":"<div class=\"meta\"><div class=\"meta__users\"><\/div><div class=\"meta__date-modified\">Updated:&nbsp;<span>octubre 28, 2022<\/span><\/div><\/div><div class=\"wp-block-image\">\n<figure class=\"alignright size-medium\"><img width=\"193\" height=\"300\" src=\"https:\/\/nutrident.fr\/wp-content\/uploads\/2022\/06\/51pTG-d87wL._AC_SX425_-193x300.jpg\" alt=\"Cepillo de dientes Oral-B Smart Series 7000 Negro\" class=\"wp-image-12888\" srcset=\"https:\/\/nutrident.fr\/wp-content\/uploads\/2022\/06\/51pTG-d87wL._AC_SX425_-193x300.jpg 193w, https:\/\/nutrident.fr\/wp-content\/uploads\/2022\/06\/51pTG-d87wL._AC_SX425_-122x190.jpg 122w, https:\/\/nutrident.fr\/wp-content\/uploads\/2022\/06\/51pTG-d87wL._AC_SX425_.jpg 420w\" sizes=\"(max-width: 193px) 100vw, 193px\" \/><figcaption>\u00bfQu\u00e9 opina del cepillo de dientes Oral-B Smart Series 7000 Black?<\/figcaption><\/figure><\/div>\n\n\n<p>El cepillo el\u00e9ctrico es <strong>un\u00e1nimemente<\/strong> recomendado por <strong>los dentistas<\/strong>. Hoy en d\u00eda, tambi\u00e9n puede recurrir a un <strong>cepillo de dientes conectado<\/strong> que aporta un aspecto divertido y educativo al cepillado de dientes, ya que le permite mejorar su t\u00e9cnica.<\/p>\n\n\n\n<p><a href=\"https:\/\/nutrident.fr\/es\/\">Nutrident.co.uk<\/a> ofrece una revisi\u00f3n completa del cepillo el\u00e9ctrico conectado Oral-B Smart Serie 7000 Black.<\/p>\n\n\n\n<p><\/p>\n\n\n\n<div class=\"wp-container-1 wp-block-buttons\">\n<div class=\"wp-block-button aligncenter\"><a class=\"wp-block-button__link has-white-color has-vivid-cyan-blue-background-color has-text-color has-background\" href=\"https:\/\/amzn.to\/3QFEL56\" target=\"_blank\" rel=\"noopener\">Compre este producto al mejor precio<\/a><\/div>\n<\/div>\n\n\n\n<div style=\"height:100px\" aria-hidden=\"true\" class=\"wp-block-spacer\"><\/div>\n\n\n\n<div id=\"ez-toc-container\" class=\"ez-toc-v2_0_33_2 counter-hierarchy ez-toc-counter ez-toc-white ez-toc-container-direction\">\n<div class=\"ez-toc-title-container\">\n<p class=\"ez-toc-title\">Contenus<\/p>\n<span class=\"ez-toc-title-toggle\"><a href=\"#\" class=\"ez-toc-pull-right ez-toc-btn ez-toc-btn-xs ez-toc-btn-default ez-toc-toggle\" style=\"display: none;\"><label for=\"item\" aria-label=\"Tabla de contenidos\"><i class=\"ez-toc-glyphicon ez-toc-icon-toggle\"><\/i><\/label><input type=\"checkbox\" id=\"item\"><\/a><\/span><\/div>\n<nav><ul class='ez-toc-list ez-toc-list-level-1'><li class='ez-toc-page-1 ez-toc-heading-level-2'><a class=\"ez-toc-link ez-toc-heading-1\" href=\"https:\/\/nutrident.fr\/es\/oral-b-smart-series-7000\/#Caracteristicas_del_cepillo_de_dientes_Oral-B_Smart_Series_7000_Black\" title=\"Caracter\u00edsticas del cepillo de dientes Oral-B Smart Series 7000 Black\">Caracter\u00edsticas del cepillo de dientes Oral-B Smart Series 7000 Black<\/a><\/li><li class='ez-toc-page-1 ez-toc-heading-level-2'><a class=\"ez-toc-link ez-toc-heading-2\" href=\"https:\/\/nutrident.fr\/es\/oral-b-smart-series-7000\/#Como_utilizar_el_cepillo_de_dientes_Oral-B_Smart_Series_7000_Black\" title=\"C\u00f3mo utilizar el cepillo de dientes Oral-B Smart Series 7000 Black\">C\u00f3mo utilizar el cepillo de dientes Oral-B Smart Series 7000 Black<\/a><\/li><li class='ez-toc-page-1 ez-toc-heading-level-2'><a class=\"ez-toc-link ez-toc-heading-3\" href=\"https:\/\/nutrident.fr\/es\/oral-b-smart-series-7000\/#Modos_de_cepillado_del_cepillo_Oral-B_Smart_Series_7000_Black\" title=\"Modos de cepillado del cepillo Oral-B Smart Series 7000 Black\">Modos de cepillado del cepillo Oral-B Smart Series 7000 Black<\/a><\/li><li class='ez-toc-page-1 ez-toc-heading-level-2'><a class=\"ez-toc-link ez-toc-heading-4\" href=\"https:\/\/nutrident.fr\/es\/oral-b-smart-series-7000\/#La_aplicacion_del_cepillo_de_dientes_Oral-B_Smart_Series_7000_Black\" title=\"La aplicaci\u00f3n del cepillo de dientes Oral-B Smart Series 7000 Black\">La aplicaci\u00f3n del cepillo de dientes Oral-B Smart Series 7000 Black<\/a><\/li><li class='ez-toc-page-1 ez-toc-heading-level-2'><a class=\"ez-toc-link ez-toc-heading-5\" href=\"https:\/\/nutrident.fr\/es\/oral-b-smart-series-7000\/#Puntos_debiles_del_cepillo_de_dientes_Oral-B_Smart_Series_7000_Black\" title=\"Puntos d\u00e9biles del cepillo de dientes Oral-B Smart Series 7000 Black\">Puntos d\u00e9biles del cepillo de dientes Oral-B Smart Series 7000 Black<\/a><\/li><li class='ez-toc-page-1 ez-toc-heading-level-2'><a class=\"ez-toc-link ez-toc-heading-6\" href=\"https:\/\/nutrident.fr\/es\/oral-b-smart-series-7000\/#Conclusion\" title=\"Conclusi\u00f3n\">Conclusi\u00f3n<\/a><\/li><\/ul><\/nav><\/div>\n<h2><span class=\"ez-toc-section\" id=\"Caracteristicas_del_cepillo_de_dientes_Oral-B_Smart_Series_7000_Black\"><\/span>Caracter\u00edsticas del cepillo de dientes Oral-B Smart Series 7000 Black<span class=\"ez-toc-section-end\"><\/span><\/h2>\n\n\n\n<p>El cepillo de dientes <strong>Oral-B Smart Series 7000 Black<\/strong> se parece a cualquier otro cepillo el\u00e9ctrico, pero tiene sensores que recogen una serie de informaci\u00f3n mientras se cepilla los dientes, que es analizada por su app.  <\/p>\n\n\n\n<p>Determina la <strong>duraci\u00f3n del cepillado <\/strong>y la presi\u00f3n que se ejerce sobre los dientes y las enc\u00edas. Para llevar un control del tiempo de cepillado, el cepillo viene con una peque\u00f1a pantalla inal\u00e1mbrica, la Gu\u00eda Inteligente.<\/p>\n\n\n\n<p>El <strong>Oral-B Smart Series 7000 Black<\/strong> es un cepillo de dientes que funciona por oscilaci\u00f3n y pulsaci\u00f3n. Esto significa que su cabezal es redondo, a diferencia del otro tipo de cepillo el\u00e9ctrico, el s\u00f3nico, que tiene un cabezal rectangular, id\u00e9ntico al de los cepillos manuales.<\/p>\n\n\n\n<p>El dise\u00f1o es <strong>cl\u00e1sico<\/strong>, con un toque de elegancia a\u00f1adido por el color negro del mango ergon\u00f3mico, que es muy ligeramente c\u00f3nico en el centro para garantizar un buen agarre y que no resbale. La pantalla del mango aparece en azul, lo que da a su brocha un aspecto futurista.<\/p>\n\n\n\n<p>El<strong> mango del cepillo <\/strong>tiene dos botones, uno para el control de encendido y apagado y otro para cambiar el modo de cepillado.<\/p>\n\n\n\n<p>Las luces de la empu\u00f1adura indican :<\/p>\n\n\n\n<ul><li>si el cepillo est\u00e1 encendido;<\/li><li>si est\u00e1 correctamente conectada a su pantalla de la Gu\u00eda Inteligente;<\/li><li>su nivel de bater\u00eda ;<\/li><li>si aplica demasiada presi\u00f3n sobre el cepillo.<\/li><\/ul>\n\n\n\n<p>El cepillo de dientes <strong>Oral-B Smart Series 7000 Black<\/strong> viene con 5 cepillos de recambio. Si usted es el \u00fanico que utiliza el cepillo, tendr\u00e1 cepillos para m\u00e1s de un a\u00f1o. Si su cepillo de dientes es familiar, servir\u00e1 hasta para cinco personas sin tener que comprar cepillos durante los primeros meses. Este cepillo es compatible con la mayor\u00eda de los cepillos de la marca Oral-B; no tendr\u00e1 problemas para encontrar cepillos de repuesto en farmacias, droguer\u00edas y supermercados.<\/p>\n\n\n<div class=\"wp-block-image\">\n<figure class=\"alignright size-medium\"><img width=\"41\" height=\"300\" src=\"https:\/\/nutrident.fr\/wp-content\/uploads\/2022\/06\/51GC-n0I1mL._AC_SY679_-41x300.jpg\" alt=\"cepillo de dientes Oral-B Smart Series 7000 Blac review\" class=\"wp-image-12891\" srcset=\"https:\/\/nutrident.fr\/wp-content\/uploads\/2022\/06\/51GC-n0I1mL._AC_SY679_-41x300.jpg 41w, https:\/\/nutrident.fr\/wp-content\/uploads\/2022\/06\/51GC-n0I1mL._AC_SY679_-26x190.jpg 26w\" sizes=\"(max-width: 41px) 100vw, 41px\" \/><figcaption>Siguiendo la tradici\u00f3n de los cepillos Oral B, el 7000 negro es muy elegante<\/figcaption><\/figure><\/div>\n\n\n<p>El cepillo de dientes Oral-B Smart Series 7000 Black tiene una <strong>duraci\u00f3n de la bater\u00eda <\/strong>de unos diez d\u00edas. Si s\u00f3lo va a estar fuera unos d\u00edas, no es necesario empacar un cargador.<\/p>\n\n\n\n<p>El cepillo viene completo con cargador, estuche de viaje y pantalla inal\u00e1mbrica Smart Guide.<\/p>\n\n\n\n<h2><span class=\"ez-toc-section\" id=\"Como_utilizar_el_cepillo_de_dientes_Oral-B_Smart_Series_7000_Black\"><\/span>C\u00f3mo utilizar el cepillo de dientes Oral-B Smart Series 7000 Black<span class=\"ez-toc-section-end\"><\/span><\/h2>\n\n\n\n<p>Como la mayor\u00eda de los cepillos el\u00e9ctricos, cada cepillado con el Oral-B Smart Series 7000 Black debe durar <strong>dos minutos<\/strong>. Esto significa un minuto por mand\u00edbula y, por tanto, treinta segundos para la parte delantera y treinta segundos para la trasera.<\/p>\n\n\n\n<p>El cepillo tiene un <strong>temporizador <\/strong>que cada treinta segundos le indica que emita una vibraci\u00f3n diferente que le indica que debe cambiar la cara de cepillado.<\/p>\n\n\n\n<p>El <strong>sensor de presi\u00f3n <\/strong>garantiza que no presione demasiado los dientes o las enc\u00edas y emite una se\u00f1al roja para animarle a liberar la presi\u00f3n si es necesario.<\/p>\n\n\n\n<h2><span class=\"ez-toc-section\" id=\"Modos_de_cepillado_del_cepillo_Oral-B_Smart_Series_7000_Black\"><\/span>Modos de cepillado del cepillo Oral-B Smart Series 7000 Black<span class=\"ez-toc-section-end\"><\/span><\/h2>\n\n\n\n<p>La Oral-B Smart Series 7000 Black ofrece <strong>seis modos de cepillado<\/strong>.<\/p>\n\n\n\n<ol><li>Est\u00e1ndar, perfecto para el uso diario.<\/li><li>Cuidado de las enc\u00edas para masajearlas para estimular la circulaci\u00f3n sangu\u00ednea y fortalecerlas.<\/li><li>Suave para personas con dientes y enc\u00edas sensibles.<\/li><li>El pulido se centra m\u00e1s en eliminar las manchas de los dientes.<\/li><li>La limpieza profunda ofrece un tiempo m\u00e1s prolongado para un cepillado m\u00e1s exhaustivo.<\/li><li>Limpieza lingual para eliminar las lenguas cargadas.<\/li><\/ol>\n\n\n\n<div class=\"wp-container-2 wp-block-buttons\">\n<div class=\"wp-block-button aligncenter\"><a class=\"wp-block-button__link has-white-color has-vivid-cyan-blue-background-color has-text-color has-background\" href=\"https:\/\/amzn.to\/3QFEL56\" target=\"_blank\" rel=\"noopener\">Compre este producto al mejor precio<\/a><\/div>\n<\/div>\n\n\n\n<div style=\"height:100px\" aria-hidden=\"true\" class=\"wp-block-spacer\"><\/div>\n\n\n\n<h2><span class=\"ez-toc-section\" id=\"La_aplicacion_del_cepillo_de_dientes_Oral-B_Smart_Series_7000_Black\"><\/span>La aplicaci\u00f3n del cepillo de dientes Oral-B Smart Series 7000 Black<span class=\"ez-toc-section-end\"><\/span><\/h2>\n\n\n\n<p>Lo que diferencia al Oral-B Smart Series 7000 Black es su <strong>aplicaci\u00f3n conectada<\/strong> que le permite hacer un seguimiento de su cepillado en tiempo real y analizar c\u00f3mo se cepilla. Si comete errores, recibir\u00e1 consejos, gracias a la aplicaci\u00f3n. La conexi\u00f3n se realiza a trav\u00e9s de Bluetooth 4.0.<\/p>\n\n\n\n<p>La aplicaci\u00f3n es compatible con los tel\u00e9fonos inteligentes Android e iOS. Es intuitivo y puede consultar f\u00e1cilmente sus an\u00e1lisis. Tendr\u00e1 acceso a su <strong>registro <\/strong>preciso <strong>de cepillado <\/strong>en tiempo real, pero tambi\u00e9n a su historial, ya que la aplicaci\u00f3n almacena sus datos durante seis meses.<\/p>\n\n\n\n<p>La aplicaci\u00f3n le permite elegir objetivos, como el <strong>\n  <a href=\"https:\/\/nutrident.fr\/es\/?page_id=16745\" data-type=\"URL\" data-id=\"https:\/\/nutrident.fr\/avis-kit-blanchiment-meawhite\/\">blanqueamiento dental<\/a>\n<\/strong>y siga sus consejos. Si tiene problemas espec\u00edficos, puede analizar su cepillado con su dentista.<\/p>\n\n\n\n<h2><span class=\"ez-toc-section\" id=\"Puntos_debiles_del_cepillo_de_dientes_Oral-B_Smart_Series_7000_Black\"><\/span>Puntos d\u00e9biles del cepillo de dientes Oral-B Smart Series 7000 Black<span class=\"ez-toc-section-end\"><\/span><\/h2>\n\n\n\n<p>Los cr\u00edticos del cepillo de dientes Oral-B Smart Series 7000 Black lo encuentran un poco pesado con sus 150 gramos.  <strong>Tambi\u00e9n se critica<\/strong> su <strong>nivel de ruido<\/strong> por ser un poco elevado.<\/p>\n\n\n\n<p>Por \u00faltimo, est\u00e1 obligado a utilizar siempre su <strong>gu\u00eda inteligente<\/strong>, ya que los modos de cepillado no se muestran en el mango, sino s\u00f3lo en la peque\u00f1a pantalla.<\/p>\n\n\n\n<h2><span class=\"ez-toc-section\" id=\"Conclusion\"><\/span>Conclusi\u00f3n<span class=\"ez-toc-section-end\"><\/span><\/h2>\n\n\n\n<p>El cepillo de dientes Oral-B Smart Series 7000 Black le aporta <strong>comodidad <\/strong>y le ayuda a<strong> mantener su higiene bucal<\/strong> en casa, de viaje o de vacaciones.<\/p>\n<div class=\"article-data before-content\"><div class=\"article-data__date\"><div class=\"article-data__date-modified\"><time class=\"published\" datetime=\"2022-10-28T09:38:32+00:00\">This article was originally published on&nbsp;<span class=\"2\">octubre 28, 2022<\/span>&nbsp;and was most recently updated on&nbsp;<span>octubre 28, 2022<\/span><\/time><br><\/div><\/div><\/div><div class=\"user-info\"><\/div>","protected":false},"excerpt":{"rendered":"<p>Updated:&nbsp;octubre 28, 2022 El cepillo el\u00e9ctrico es un\u00e1nimemente recomendado por los dentistas. Hoy en d\u00eda, tambi\u00e9n puede recurrir a un cepillo de dientes conectado que aporta un aspecto divertido y educativo al cepillado de dientes, ya que le permite mejorar su t\u00e9cnica. Nutrident.co.uk ofrece una revisi\u00f3n completa del cepillo el\u00e9ctrico conectado Oral-B Smart Serie 7000 [&hellip;]<\/p>\n","protected":false},"author":2,"featured_media":0,"parent":0,"menu_order":0,"comment_status":"open","ping_status":"open","template":"","meta":{"inline_featured_image":false},"acf":[],"_links":{"self":[{"href":"https:\/\/nutrident.fr\/es\/wp-json\/wp\/v2\/pages\/17213"}],"collection":[{"href":"https:\/\/nutrident.fr\/es\/wp-json\/wp\/v2\/pages"}],"about":[{"href":"https:\/\/nutrident.fr\/es\/wp-json\/wp\/v2\/types\/page"}],"author":[{"embeddable":true,"href":"https:\/\/nutrident.fr\/es\/wp-json\/wp\/v2\/users\/2"}],"replies":[{"embeddable":true,"href":"https:\/\/nutrident.fr\/es\/wp-json\/wp\/v2\/comments?post=17213"}],"version-history":[{"count":2,"href":"https:\/\/nutrident.fr\/es\/wp-json\/wp\/v2\/pages\/17213\/revisions"}],"predecessor-version":[{"id":17510,"href":"https:\/\/nutrident.fr\/es\/wp-json\/wp\/v2\/pages\/17213\/revisions\/17510"}],"wp:attachment":[{"href":"https:\/\/nutrident.fr\/es\/wp-json\/wp\/v2\/media?parent=17213"}],"curies":[{"name":"wp","href":"https:\/\/api.w.org\/{rel}","templated":true}]}}