

{"id":17217,"date":"2022-10-28T09:56:59","date_gmt":"2022-10-28T09:56:59","guid":{"rendered":"https:\/\/nutrident.fr\/?page_id=17217"},"modified":"2022-10-28T09:57:01","modified_gmt":"2022-10-28T09:57:01","slug":"philips-sonicare-serie-2","status":"publish","type":"page","link":"https:\/\/nutrident.fr\/es\/philips-sonicare-serie-2\/","title":{"rendered":"Philips Sonicare Serie 2 Plaque Defense HX6231\/01: \u00bfel cepillo dental ideal?"},"content":{"rendered":"<div class=\"meta\"><div class=\"meta__users\"><\/div><div class=\"meta__date-modified\">Updated:&nbsp;<span>octubre 28, 2022<\/span><\/div><\/div><div class=\"wp-block-image\">\n<figure class=\"alignright size-medium is-resized\"><img src=\"https:\/\/nutrident.fr\/wp-content\/uploads\/2022\/07\/Philips-sonicare-272x300.jpg\" alt=\"Philips Sonicare serie 2 Plaque Defense HX6231\/01.\" class=\"wp-image-13853\" width=\"272\" height=\"300\" srcset=\"https:\/\/nutrident.fr\/wp-content\/uploads\/2022\/07\/Philips-sonicare-272x300.jpg 272w, https:\/\/nutrident.fr\/wp-content\/uploads\/2022\/07\/Philips-sonicare-172x190.jpg 172w, https:\/\/nutrident.fr\/wp-content\/uploads\/2022\/07\/Philips-sonicare.jpg 425w\" sizes=\"(max-width: 272px) 100vw, 272px\" \/><figcaption>\u00bfQu\u00e9 opina del Philips Sonicare serie 2 Plaque Defense HX6231\/01?<\/figcaption><\/figure><\/div>\n\n\n<p><a href=\"https:\/\/nutrident.fr\/es\/\">Nutrident.es<\/a> le ayuda a encontrar el cepillo el\u00e9ctrico ideal y hoy se centra en <strong>el Philips Sonicare serie 2 Plaque Defense HX6231\/01<\/strong>. La particularidad de la marca Philips es que ofrece m\u00e1s cepillos s\u00f3nicos como \u00e9ste, que cepillos oscilantes y giratorios, como es el caso de la marca Oral-B.<\/p>\n\n\n\n<p>Philips afirma que este cepillo proporciona una mejor eliminaci\u00f3n de <strong>la placa <\/strong>y una acci\u00f3n m\u00e1s eficaz, especialmente en los dientes posteriores.<\/p>\n\n\n\n<p>Veamos la diferencia entre estas dos tecnolog\u00edas, antes de darle nuestra opini\u00f3n sobre la <strong>Philips Sonicare serie 2 Plaque Defense HX6231\/01<\/strong>.<\/p>\n\n\n\n<h2>\u00bfPor qu\u00e9 elegir un cepillo dental s\u00f3nico?<\/h2>\n\n\n\n<p>Puede distinguir f\u00e1cilmente un <a href=\"https:\/\/nutrident.fr\/es\/?page_id=16661\" data-type=\"URL\" data-id=\"https:\/\/nutrident.fr\/brosse-a-dents-electrique-avis\/\">cepillo el\u00e9ctrico<\/a> con rotaci\u00f3n oscilante de un cepillo s\u00f3nico: el primero tiene un cabezal redondo, el segundo un cabezal rectangular, como el de los <a href=\"https:\/\/nutrident.fr\/es\/cepillo-de-dientes-electrico-o-manual\/\" data-type=\"URL\" data-id=\"https:\/\/nutrident.fr\/brosse-electrique-ou-manuelle\/\">cepillos manuales<\/a> cl\u00e1sicos.<\/p>\n\n\n\n<p>El cepillo dental s\u00f3nico reproduce los movimientos verticales, como en el cepillado manual, pero mucho m\u00e1s r\u00e1pido, ya que el cepillo produce <strong>m\u00e1s de treinta mil movimientos<\/strong> por minuto. Con este tipo de cepillado, la placa se elimina mucho mejor que con el cepillado manual.<\/p>\n\n\n\n<p>El cepillo <strong>oscilante<\/strong> es m\u00e1s suave y no se sienten las vibraciones porque gira sobre s\u00ed mismo, mientras que con el cepillo s\u00f3nico se sienten las vibraciones, lo que a algunas personas no les gusta. Por otro lado, su acci\u00f3n es m\u00e1s abrasiva y, por tanto, m\u00e1s eficaz para eliminar la placa.<\/p>\n\n\n\n<h3>Un movimiento sonoro que hay que dominar<\/h3>\n\n\n\n<p>Cuando utilice un<strong> cepillo s\u00f3nico<\/strong>, necesitar\u00e1 tiempo para adaptarse. Debe controlar su posici\u00f3n para que sus movimientos no hagan que el cepillo golpee sus enc\u00edas.<\/p>\n\n\n\n<p>Puede da\u00f1ar sus enc\u00edas. <strong>\n  <a href=\"https:\/\/nutrident.fr\/es\/inflamacion-de-encias\/\" data-type=\"URL\" data-id=\"https:\/\/nutrident.fr\/douleur-gencive\/\">da\u00f1ar sus enc\u00edas<\/a>\n<\/strong> y, en el peor de los casos, hacerlos retroceder, lo que a la larga puede provocar el aflojamiento de los dientes. Afortunadamente, el cepillo que ofrecemos tiene una funci\u00f3n para los usuarios novatos del cepillo s\u00f3nico que evita este tipo de inconvenientes.<\/p>\n\n\n\n<h2>Caracter\u00edsticas del cepillo dental Philips Sonicare serie 2 Plaque Defense HX6231\/01<\/h2>\n\n\n\n<p>El cepillo <strong>Philips Sonicare serie 2 Plaque Defense HX6231\/01<\/strong> es una herramienta excelente para un cepillado dental eficaz.<\/p>\n\n\n\n<p>Erradica <strong>la placa<\/strong> antes de que tenga tiempo de convertirse en sarro. Limpia perfectamente los <strong>espacios interdentales<\/strong> y cubre los puntos m\u00e1s inaccesibles de la parte posterior de la boca.<\/p>\n\n\n\n<p>El cepillo realiza <strong>31.000 movimientos por minuto<\/strong>, lo que se estima que es seis veces m\u00e1s eficaz que el cepillado manual.<\/p>\n\n\n\n<div class=\"wp-container-3 is-content-justification-center wp-block-buttons\">\n<div class=\"wp-block-button\"><a class=\"wp-block-button__link has-white-color has-vivid-cyan-blue-background-color has-text-color has-background\" href=\"https:\/\/amzn.to\/3yYiDfG\" target=\"_blank\" rel=\"noopener\">Compre este producto al mejor precio<\/a><\/div>\n<\/div>\n\n\n\n<div style=\"height:100px\" aria-hidden=\"true\" class=\"wp-block-spacer\"><\/div>\n\n\n\n<h3>Dise\u00f1o y ergonom\u00eda<\/h3>\n\n\n\n<p>Con 140 gramos, el<strong> Philips Sonicare Serie 2 Plaque Defense HX6231\/01 <\/strong>no es el m\u00e1s ligero de los cepillos, pero su peso es bastante soportable para dos minutos de cepillado. El mango tiene un dise\u00f1o ergon\u00f3mico y es antideslizante, lo que le proporciona un excelente agarre.<\/p>\n\n\n<div class=\"wp-block-image\">\n<figure class=\"alignright size-medium\"><img width=\"300\" height=\"300\" src=\"https:\/\/nutrident.fr\/wp-content\/uploads\/2022\/07\/71ureX48xOL._AC_SX425_-300x300.jpg\" alt=\"Philips Sonicare Serie 2 Plaque Defense HX6231\/01  \" class=\"wp-image-13857\" srcset=\"https:\/\/nutrident.fr\/wp-content\/uploads\/2022\/07\/71ureX48xOL._AC_SX425_-300x300.jpg 300w, https:\/\/nutrident.fr\/wp-content\/uploads\/2022\/07\/71ureX48xOL._AC_SX425_-150x150.jpg 150w, https:\/\/nutrident.fr\/wp-content\/uploads\/2022\/07\/71ureX48xOL._AC_SX425_-190x190.jpg 190w, https:\/\/nutrident.fr\/wp-content\/uploads\/2022\/07\/71ureX48xOL._AC_SX425_.jpg 425w\" sizes=\"(max-width: 300px) 100vw, 300px\" \/><figcaption>M\u00e1s de 30.000 golpes por minuto para un cepillado \u00f3ptimo<\/figcaption><\/figure><\/div>\n\n\n<p>El dise\u00f1o no es impresionante. Es bastante <strong>cl\u00e1sico<\/strong>. El mango es recto, con una base ancha que garantiza la estabilidad en el borde de su lavabo. El cepillo es blanco, con un bot\u00f3n azul para iniciarlo y detenerlo.<\/p>\n\n\n\n<p>Un indicador le muestra el estado de carga de la bater\u00eda. El cepillo de Philips garantiza una <strong>duraci\u00f3n de las pilas de 14 d\u00edas<\/strong>.<\/p>\n\n\n\n<h3>Tecnolog\u00eda Philips<\/h3>\n\n\n\n<p>La tecnolog\u00eda de Philips crea una acci\u00f3n <strong>fluida din\u00e1mica<\/strong> mediante una combinaci\u00f3n de vibraci\u00f3n y pulsaci\u00f3n. El agregado de pasta dent\u00edfrica y saliva se introduce entre los dientes y permite limpiar todas las zonas de dif\u00edcil acceso de la boca.<\/p>\n\n\n\n<h3>La funci\u00f3n de \u00abarranque f\u00e1cil\u00bb<\/h3>\n\n\n\n<p>\u00bb <strong>Inicio f\u00e1cil<\/strong> \u00bb es la funci\u00f3n que mencionamos antes, dirigida a los novatos del cepillo s\u00f3nico. Le da tiempo a adaptarse a la tecnolog\u00eda s\u00f3nica y facilita la transici\u00f3n de un tipo de cepillo a otro.<\/p>\n\n\n\n<p>Durante los <strong>primeros 14 cepillados,<\/strong> el cepillo aumenta gradualmente su intensidad hasta alcanzar los 31.000 golpes por minuto.<\/p>\n\n\n\n<h3>Las funciones \u00absmartimer\u00bb y \u00abquadpacer\u00bb<\/h3>\n\n\n\n<p>La funci\u00f3n <strong>\u00absmartimer <\/strong>\u00bb le permite respetar el tiempo de cepillado ideal de dos minutos en total. El cepillo se detendr\u00e1 autom\u00e1ticamente una vez transcurrido este tiempo.<\/p>\n\n\n\n<p>La funci\u00f3n <strong>\u00abquadpacer<\/strong> \u00bb le ayuda a distribuir el tiempo de cepillado de manera uniforme en los dos minutos. Cada 30 segundos, el cepillo emite un pitido para indicarle que se desplace a una zona diferente: mand\u00edbula superior e inferior, lado interno y externo.<\/p>\n\n\n\n<div class=\"wp-container-4 is-content-justification-center wp-block-buttons\">\n<div class=\"wp-block-button\"><a class=\"wp-block-button__link has-white-color has-vivid-cyan-blue-background-color has-text-color has-background\" href=\"https:\/\/amzn.to\/3yYiDfG\" target=\"_blank\" rel=\"noopener\">Compre este producto al mejor precio<\/a><\/div>\n<\/div>\n\n\n\n<div style=\"height:100px\" aria-hidden=\"true\" class=\"wp-block-spacer\"><\/div>\n\n\n\n<h3>Puntos d\u00e9biles del cepillo<\/h3>\n\n\n\n<p>La <strong>Philips Sonicare Serie 2 Plaque Defense HX6231\/01<\/strong> no tiene<strong>un sensor de presi\u00f3n<\/strong> que le avise si est\u00e1 presionando demasiado los dientes y las enc\u00edas.<\/p>\n\n\n\n<p>Tambi\u00e9n lamentamos que no venga con un <strong>estuche de viaje<\/strong>, que es esencial para la higiene si se lo lleva de viaje.<\/p>\n<div class=\"article-data before-content\"><div class=\"article-data__date\"><div class=\"article-data__date-modified\"><time class=\"published\" datetime=\"2022-10-28T09:56:59+00:00\">This article was originally published on&nbsp;<span class=\"2\">octubre 28, 2022<\/span>&nbsp;and was most recently updated on&nbsp;<span>octubre 28, 2022<\/span><\/time><br><\/div><\/div><\/div><div class=\"user-info\"><\/div>","protected":false},"excerpt":{"rendered":"<p>Updated:&nbsp;octubre 28, 2022 Nutrident.es le ayuda a encontrar el cepillo el\u00e9ctrico ideal y hoy se centra en el Philips Sonicare serie 2 Plaque Defense HX6231\/01. La particularidad de la marca Philips es que ofrece m\u00e1s cepillos s\u00f3nicos como \u00e9ste, que cepillos oscilantes y giratorios, como es el caso de la marca Oral-B. Philips afirma que [&hellip;]<\/p>\n","protected":false},"author":2,"featured_media":0,"parent":0,"menu_order":0,"comment_status":"open","ping_status":"open","template":"","meta":{"inline_featured_image":false},"acf":[],"_links":{"self":[{"href":"https:\/\/nutrident.fr\/es\/wp-json\/wp\/v2\/pages\/17217"}],"collection":[{"href":"https:\/\/nutrident.fr\/es\/wp-json\/wp\/v2\/pages"}],"about":[{"href":"https:\/\/nutrident.fr\/es\/wp-json\/wp\/v2\/types\/page"}],"author":[{"embeddable":true,"href":"https:\/\/nutrident.fr\/es\/wp-json\/wp\/v2\/users\/2"}],"replies":[{"embeddable":true,"href":"https:\/\/nutrident.fr\/es\/wp-json\/wp\/v2\/comments?post=17217"}],"version-history":[{"count":2,"href":"https:\/\/nutrident.fr\/es\/wp-json\/wp\/v2\/pages\/17217\/revisions"}],"predecessor-version":[{"id":17544,"href":"https:\/\/nutrident.fr\/es\/wp-json\/wp\/v2\/pages\/17217\/revisions\/17544"}],"wp:attachment":[{"href":"https:\/\/nutrident.fr\/es\/wp-json\/wp\/v2\/media?parent=17217"}],"curies":[{"name":"wp","href":"https:\/\/api.w.org\/{rel}","templated":true}]}}