

{"id":17225,"date":"2022-10-28T11:56:27","date_gmt":"2022-10-28T11:56:27","guid":{"rendered":"https:\/\/nutrident.fr\/?page_id=17225"},"modified":"2023-06-06T15:56:59","modified_gmt":"2023-06-06T15:56:59","slug":"aviso-legal","status":"publish","type":"page","link":"https:\/\/nutrident.fr\/es\/aviso-legal\/","title":{"rendered":"Aviso legal"},"content":{"rendered":"<div class=\"meta\"><div class=\"meta__users\"><\/div><div class=\"meta__date-modified\">Updated:&nbsp;<span>junio 6, 2023<\/span><\/div><\/div>\n<p>Art\u00edculo 1: objeto y definiciones previas.<\/p>\n\n\n\n<p>Las presentes condiciones generales de uso (de aqu\u00ed en adelante las \u00abCondiciones Generales\u00bb) establecen los derechos y obligaciones de la sociedad Mango Shake Limited, de aqu\u00ed en adelante la \u00abSociedad\u00bb (con domicio fiscal en la direcci\u00f3n 2003, 20\/F, Tower 5, China Hong Kong City, 33 Canton Road,  Tsim Sha Tsui, Kowloon, Hong Kong)  y los usuarios del sitio web www.nutrident.fr (de aqu\u00ed en adelante el \u00abUsuario\u00bb y el \u00abSitio Web\u00bb).<\/p>\n\n\n\n<p>El Sitio Web permite al Usuario: <\/p>\n\n\n\n<ul><li>Acceder a sus p\u00e1ginas sobre salud bucodental.<\/li><li>La intermediaci\u00f3n entre el Usuario y cl\u00ednicas dentales nacionales y extranjeras, en funci\u00f3n de las necesidades y cuidados dentales que el Usuario haya puesto de manifiesto en un cuestionario que previamente habr\u00e1 rellenado.<\/li><li>La intermediaci\u00f3n entre el Usuario y fabricantes y proveedores de servicios del sector dental.<\/li><li>Realizar tests concernientes a su sonrisa y otros temas relacionados con la salud bucodental.<\/li><li>Obtener informaciones que comparan diversos productos dentales.<\/li><li>Acceder a la compra de productos relacionados con la salud e higiene dental en Amazon.<\/li><li>Utilizar un comparador de seguros dentales en l\u00ednea.<\/li><li>Utilizar una herramienta de reservas de citas con odont\u00f3logos en l\u00ednea a trav\u00e9s de enlaces.<\/li><\/ul>\n\n\n\n<p>Como resultado,  la Sociedad es editora del Sitio Web, que tiene por objeto proporcionar informaci\u00f3n general sobre salud bucodental a los Usuarios. Por las informaciones ofrecidas desde terceras partes, la Sociedad desempe\u00f1a un papel meramente de anfitri\u00f3n y se exime de cualquier tipo de responsabilidad . <\/p>\n\n\n\n<p>Art\u00edculo 2: aceptaci\u00f3n de las condiciones generales.<\/p>\n\n\n\n<p>El acceso al Sitio Web por parte del Usuario conlleva la plena aceptaci\u00f3n de las presentes Condiciones Generales. El Usuario puede imprimir o guardar estas Condiciones Generales en todo momento. La Sociedad se reserva el derecho a modificar en todo momento las presentes Condiciones Generales. En tal caso, las nuevas Condiciones Generales aplicables ser\u00e1n publicadas en el Sitio Web y todo uso posterior del Sitio Web por parte del Usuario conlleva la aceptaci\u00f3n de las Condiciones Generales modificadas. Si el Usuario desea no aceptar las Condiciones Generales, se compromete a no seguir navegando por el Sitio Web. <\/p>\n\n\n\n<p>Durante el uso de todo servicio accesible a trav\u00e9s del Sitio Web, el Usuario debe proporcionar el conjunto de informaciones identificadas como obligatorias si \u00e9ste desea navegar por el Sitio Web de manera \u00f3ptima. <\/p>\n\n\n\n<p>Cualquier falta grave por parte del Usuario a cualquiera de sus compromisos aqu\u00ed adquiridos, y que no hayan sido corregidos en un per\u00edodo de tiempo de 15 d\u00edas a partir de la recepci\u00f3n de un e-mail con acuse de recibo de la Sociedad, abre el derecho para que este \u00faltimo no est\u00e9 obligado a proveer todos los servicios o parte de ellos al Usuario, seg\u00fan la gravedad de los hechos, sin perjuicio de otros da\u00f1os e intereses a los que la Sociedad pueda pretender o causar. En caso de problema grave o de intento manifiesto de cometer un il\u00edcito, este per\u00edodo de tiempo podr\u00e1s ser m\u00e1s corto. <\/p>\n\n\n\n<p>Art\u00edculo 3&nbsp;: Modos de financiaci\u00f3n y confidencialidad <\/p>\n\n\n\n<p>La financiaci\u00f3n de la Sociedad se produce a trav\u00e9s de la colaboraci\u00f3n y partenariado de otras empresas, cl\u00ednicas dentales, plataformas web o e-commerce. <\/p>\n\n\n\n<p>Cuando el Usuario desee acceder a determinados servicios, deber\u00e1 cumplimentar un formulario mediante el cual le transmite a la Sociedad algunas informaciones b\u00e1sicas como por ejemplo: nombre, apellido, fecha de nacimiento, e-mail, tel\u00e9fono, ciudad de residencia, pa\u00eds, c\u00f3digo postal&#8230; as\u00ed como detalles sobre su problema de salud dental, tratamiento a realizar o cuestiones relacionadas. <\/p>\n\n\n\n<p>El Usuario se compromete a proporcionar informaciones precisas sobre los \u00e1mbitos arriba mencionados y a actualizarlas de forma regular. <\/p>\n\n\n\n<p><strong><em>Servicio de intermediaci\u00f3n y de puesta en contacto con una cl\u00ednica dental<\/em><\/strong><\/p>\n\n\n\n<p>El Usuario puede ser contactado y requerido por la Sociedad a trav\u00e9s de correo electr\u00f3nico con el objetivo de proporcionar informaciones complementarias, como por ejemplo, presupuestos de su dentista, as\u00ed como, en la medida de lo posible, pruebas de diagnosis como Rayos X, o radio panor\u00e1micas o similares.<\/p>\n\n\n\n<p>Esta informaci\u00f3n ser\u00e1 confidencial para cualquier tercero. Sin embargo, la Sociedad est\u00e1 expresamente autorizada por el Usuario para transmitir esta informaci\u00f3n y documentos a cualquier cl\u00ednica que pueda atender al paciente. Se especifica que las cl\u00ednicas seleccionadas por la Sociedad est\u00e1n ubicadas tanto en Espa\u00f1a como fuera de ella, pero que en todo caso, cuentan con profesionales competentes que poseen los diplomas necesarios para proporcionar atenci\u00f3n dental y cumplir con los est\u00e1ndares de calidad europeos aplicables a sus actividades.<\/p>\n\n\n\n<p>Una vez recibida, la cl\u00ednica seleccionada por la Sociedad se comunicar\u00e1 directamente con el Usuario para hacerle un presupuesto por su tratamiento.<\/p>\n\n\n\n<p>Como parte de su relaci\u00f3n con la cl\u00ednica, el Usuario permanece libre en todo momento para:<\/p>\n\n\n\n<ul><li>Rechazar el presupuesto de la cl\u00ednica.<\/li><li>Aceptar el presupuesto de la cl\u00ednica.<\/li><li>Informar a la Sociedad si la cl\u00ednica seleccionada no le conviene o no le satisface.<\/li><li>Elegir otra cl\u00ednica de las que la Sociedad le proporciona.<\/li><li>Abandonar el tratamiento.<\/li><\/ul>\n\n\n\n<p>La relaci\u00f3n contractual entre la cl\u00ednica antes mencionada y el Usuario se rige directamente por los documentos contractuales que la cl\u00ednica proporciona al Usuario y que \u00e9ste acepta al firmarlos, ya que la Sociedad solo intervino para poner en contacto a Usuario y Cl\u00ednica. En consecuencia, el Usuario no es responsable de ninguna regal\u00eda o comisi\u00f3n a la Sociedad derivada de esta labor de intermediaci\u00f3n. Solo se compromete a pagar frente a la cl\u00ednica, en caso de que se le brinden los servicios requeridos. La Sociedad tambi\u00e9n declina cualquier tipo de responsabilidad derivado de los tratamientos ofrecidos al Usuario por la Cl\u00ednica. <\/p>\n\n\n\n<p><strong><em>Servicios proporcionados por terceros&nbsp;:<\/em><\/strong><\/p>\n\n\n\n<p>Los servicios que se derivan del comparador de seguros m\u00e9dicos con cobertura dental, los que sirven para reservar una cita dental por Internet (Top Doctors y Doctoralia), del test de sonrisa (Invisalign), son accesibles a trav\u00e9s del Sitio Web, pero son proporcionados por terceros a trav\u00e9s de sus propios t\u00e9rminos y condiciones. <\/p>\n\n\n\n<p>En consecuencia, la Sociedad no es responsable de estos servicios. En el caso de que el Usuario deba proporcionar informaci\u00f3n complementaria sobre su persona para utilizar estos servicios, incluidos los datos personales, reconoce que la Sociedad no tiene acceso a ellos y que, por lo tanto, debe ejercer su derecho a oposici\u00f3n, rectificaci\u00f3n y actualizaci\u00f3n con los terceros interesados, de acuerdo con los t\u00e9rminos establecidos en sus condiciones generales. <\/p>\n\n\n\n<p><strong><em>Compras realizadas por el Usuario en un sitio web asociado (partner)<\/em><\/strong><\/p>\n\n\n\n<p>Cuando se env\u00ede al Usuario a trav\u00e9s de un enlace de hipertexto a un sitio web asociado para realizar una compra, dicha compra se realiza directamente a este socio y de acuerdo con las condiciones generales de venta de dicho socio, a las que se puede acceder para consultarlas en dicho sitio web asociado. En consecuencia, la Sociedad, debido a que no act\u00faa como vendedor de ning\u00fan producto o servicio para el Usuario, declina cualquier responsabilidad relacionada con esta venta o este suministro. La Sociedad solo garantiza la durabilidad del enlace de hipertexto proporcionado en su sitio web. <\/p>\n\n\n\n<p><strong><em>Generalidades:<\/em><\/strong><\/p>\n\n\n\n<p>Tambi\u00e9n se especifica que el uso del Sitio Web y los servicios a los que se puede acceder desde all\u00ed (como el comparador y herramientas de enlace) es gratuito para el Usuario, excluyendo el acceso a Internet, que sigue siendo responsabilidad del usuario<\/p>\n\n\n\n<p>Art\u00edculo 4: Obligaciones generales del Usuario y responsabilidad <\/p>\n\n\n\n<p>Cada Usuario acepta que los datos personales que proporcione en el formulario del Sitio Web ser\u00e1n enviados a las cl\u00ednicas por la Sociedad, con el fin de presentar un presupuesto al Usuario para el tratamiento dental que desee realizar.<\/p>\n\n\n\n<p>La aceptaci\u00f3n por parte del usuario para la transmisi\u00f3n de sus datos personales se produce al completar el formulario mencionado marcando las casillas correspondientes.  En cualquier momento, el Usuario en cuesti\u00f3n tiene la libertad de oponerse, modificar, rectificar los datos personales as\u00ed transmitidos. <\/p>\n\n\n\n<p>En el caso de dejar alg\u00fan comentario en alguno de los art\u00edculos redactados en el Sitio Web, el usuario cumplir\u00e1 en todo momento con las leyes y regulaciones aplicables y no podr\u00e1 publicar regulaciones abusivas, comentarios difamatorios, racistas, despectivos, de odio y \/ o vejatorias.<\/p>\n\n\n\n<p>Al utilizar el comparador de seguros m\u00e9dicos con cobertura dental, el Usuario reconoce que est\u00e1 utilizando el comparador voluntariamente para obtener informaci\u00f3n sobre ellos. Reconoce que los resultados del comparador solo son v\u00e1lidos en la medida en la que ha transmitido informaci\u00f3n veraz y real sobre su situaci\u00f3n personal. <\/p>\n\n\n\n<p>El Usuario deber\u00e1 compensar a la Sociedad por todas las consecuencias materiales o inmateriales que pudieran surgir de su violaci\u00f3n de estas Condiciones Generales.<\/p>\n\n\n\n<p>En el caso de una acci\u00f3n o reclamaci\u00f3n de un tercero contra la Sociedad, este \u00faltimo puede solicitar la garant\u00eda y responsabilidad a cualquier Usuario que, al violar sus compromisos bajo estas Condiciones Generales, sea responsable de los hechos acusado por dicho tercero de la Sociedad<\/p>\n\n\n\n<p>Art\u00edculo 5&nbsp;: Obligaciones de la Sociedad y responsabilidad.<\/p>\n\n\n\n<p>La Sociedad puede realizar cambios en cualquier momento en la presentaci\u00f3n, operaci\u00f3n o funcionalidad del Sitio y \/ o los servicios accesibles desde all\u00ed, sin notificaci\u00f3n previa. La Sociedad no se hace responsable de la falta de disponibilidad del Sitio Web y \/ o los servicios inherentes a los caprichos t\u00e9cnicos vinculados a Internet, a un caso de fuerza mayor, en relaci\u00f3n con la conexi\u00f3n a Internet del Usuario o su equipo, u operaciones de mantenimiento necesarias para el buen funcionamiento del Sitio Web y \/ o servicios. La Sociedad se reserva el derecho de interrumpir el acceso al Sitio Web y \/ o a todos o parte de los servicios en cualquier momento, en particular para preservar la confidencialidad o integridad de los datos del Usuario en caso de un ataque de virus. La Sociedad implementa los medios t\u00e9cnicos a su disposici\u00f3n para mantener en la mayor medida posible la integridad y seguridad del Sitio Web, los servicios que aparecen all\u00ed y la confidencialidad de los datos personales de los Usuarios.<\/p>\n\n\n\n<p>Respecto a los servicios prestados por terceros a trav\u00e9s del Sitio Web: la Sociedad no asume ninguna responsabilidad por la informaci\u00f3n disponible para los Usuarios a trav\u00e9s del Sitio Web siempre que sea proporcionada por terceros, ya sea a trav\u00e9s de widgets, enlaces de hipertexto o por cualquier otro medio. La Sociedad solo se asegura de que estos medios t\u00e9cnicos operen, sin verificar el contenido editorial proporcionado por terceros por los cuales declina toda responsabilidad.<\/p>\n\n\n\n<p>Con respecto al servicio de contacto con una cl\u00ednica dental en el extranjero: la funci\u00f3n de la Sociedad es solo permitir que cualquier Usuario identifique una cl\u00ednica dental en el extranjero con la que puedada contratar para recibir atenci\u00f3n dental, para verificar la informaci\u00f3n que tiene sobre el tratamiento o cuidado dental, para identificar un seguro dental capaz de satisfacer sus necesidades. En este contexto, la Sociedad act\u00faa como intermediario comercial y garantiza el control comercial de la relaci\u00f3n entre el Usuario y la cl\u00ednica dental. No obstante, la Sociedad sigue siendo extranjera: (i) a las relaciones que la cl\u00ednica dental y el Usuario podr\u00edan tener con respecto a la cantidad de la cotizaci\u00f3n enviada por la cl\u00ednica dental, los detalles de los tratamientos requeridos, la calidad de los tratamientos planificados, el cronograma o planificaci\u00f3n para llevar a cabo los tratamientos y, en general, cualquier elemento t\u00e9cnico de discusi\u00f3n entre el Usuario y la cl\u00ednica dental elegida. La Sociedad declina en particular cualquier responsabilidad con respecto a la realizaci\u00f3n del tratamiento dental en los Usuarios por parte de las cl\u00ednicas dentales que podr\u00edan haber sido relacionadas a trav\u00e9s de su intermediario, as\u00ed como cualquier consecuencia que surja de ello; (ii) las relaciones que el usuario podr\u00eda establecer con cualquier aseguradora dental, despu\u00e9s del uso del comparador disponible en el Sitio Web.<\/p>\n\n\n\n<p>En general, la Sociedad no recibir\u00e1 ninguna remuneraci\u00f3n del Usuario. Es probable que la Sociedad reciba una comisi\u00f3n de un tercero (como una cl\u00ednica dental o una aseguradora m\u00e9dica), sin que esta comisi\u00f3n pueda cuestionar la exterioridad de la Sociedad en la relaci\u00f3n contractual creada entre dicho tercero y el Usuario.<\/p>\n\n\n\n<p>La Sociedad solo est\u00e1 obligada por una obligaci\u00f3n de medios con respecto a la disponibilidad y operaci\u00f3n del Sitio y los servicios accesibles all\u00ed. En consecuencia, en caso de mal funcionamiento o interrupci\u00f3n del Sitio o de un servicio, mantenimiento o actualizaci\u00f3n del Sitio, el Usuario no podr\u00e1 en ning\u00fan caso recurrir contra la Sociedad.<\/p>\n\n\n\n<p>La Sociedad no se hace responsable de ning\u00fan da\u00f1o resultante de la intrusi\u00f3n o mantenimiento fraudulento de un tercero en el Sitio, o de la extracci\u00f3n il\u00edcita de datos, a pesar de la implementaci\u00f3n por la Sociedad de medios de seguridad conformes a los datos t\u00e9cnicos actuales.<\/p>\n\n\n\n<p>Art\u00edculo 6&nbsp;: Cookies<\/p>\n\n\n\n<p>La Sociedad informa al Usuario de la instalaci\u00f3n de cookies en su ordenador. El Sitio Web utiliza cookies para permitir y facilitar la comunicaci\u00f3n por medios electr\u00f3nicos, para proporcionar funcionalidades adaptadas a las necesidades de los Usuarios. La cookie se utiliza para identificar al Usuario en cada una de sus conexiones y, por lo tanto, facilita su acceso al Sitio Web. El usuario puede rechazar las cookies modificando la configuraci\u00f3n de su navegador. Sin embargo, esto puede alterar la funcionalidad ofrecida por el Sitio sin que la Sociedad sea responsable de ello.<\/p>\n\n\n\n<p>Art\u00edculo 7 :&nbsp;Propiedad Intelectual<\/p>\n\n\n\n<p>El Usuario reconoce la propiedad de la Sociedad en el Sitio y todas sus funcionalidades. El Usuario se compromete a no reproducirlos o imitarlos sin su previo consentimiento por escrito. La Sociedad tan solo otorga el derecho de usar todos los elementos contenidos en el Sitio Web a los Usuarios, sin que puedan autorizar ninguna reproducci\u00f3n o distribuci\u00f3n de la totalidad o parte de ella sin su autorizaci\u00f3n.<\/p>\n\n\n\n<p>Art\u00edculo 8 : Google Analytics<\/p>\n\n\n\n<p>El Sitio Web utiliza Google Analytics para analizar el tr\u00e1fico y la audiencia del Sitio Web y mejorar su contenido.<\/p>\n\n\n\n<p>Para m\u00e1s informaci\u00f3n sobre las normas y confidencialidad relativas a l uso de Google Analytics, pinche en el siguiente enlace:<br> <a href=\"https:\/\/support.google.com\/analytics\/answer\/6004245?hl=es\" target=\"_blank\" rel=\"noopener\">https:\/\/support.google.com\/analytics\/answer\/6004245?hl=es<\/a> <\/p>\n\n\n\n<p>Art\u00edculo 9&nbsp;: Publicidad<\/p>\n\n\n\n<p>Nuestro Sitio Web muestra publicidad exclusivamente en forma de banners. Todos ellos, est\u00e1n identificados con la palabra \u00abAnuncio\u00bb. <\/p>\n\n\n\n<p>Art\u00edculo 10&nbsp;: Otros<\/p>\n\n\n\n<p>En general, si una o m\u00e1s estipulaciones de las Condiciones Generales se consideran inv\u00e1lidas o declaradas como tales en aplicaci\u00f3n de una ley, un reglamento, o despu\u00e9s de una decisi\u00f3n final de un tribunal competente, las dem\u00e1s estipulaciones mantendr\u00e1n toda su fuerza y alcance. En este sentido, las Partes acuerdan reemplazar la cl\u00e1usula declarada nula y sin efecto por una cl\u00e1usula que se acerque m\u00e1s en cuanto a su contenido a la cl\u00e1usula originalmente acordada. Los mismos principios se aplicar\u00e1n en caso de arreglos incompletos.<\/p>\n\n\n\n<p>Las disposiciones de estas Condiciones Generales expresan el acuerdo completo entre las Partes. Prevalecen sobre todas las propuestas o acuerdos anteriores, as\u00ed como sobre cualquier otra comunicaci\u00f3n entre las Partes relacionada con el tema del presente.<\/p>\n\n\n\n<p>Art\u00edculo 11 : Derecho aplicable \u2013 Jurisdicci\u00f3n aplicable<\/p>\n\n\n\n<p>Las Condiciones Generales ser\u00e1n regidas, interpretadas y ejecutadas por el derecho espa\u00f1ol. <\/p>\n\n\n\n<p>En caso de dificultades relacionadas con la validez, la interpretaci\u00f3n, la ejecuci\u00f3n o la no ejecuci\u00f3n de estos, y el fracaso de una soluci\u00f3n amistosa dentro de los treinta (30) d\u00edas posteriores al nacimiento de la disputa.  Cualquier disputa o reclamaci\u00f3n derivada del uso de este sitio web y\/o aplicaci\u00f3n o relacionada con dicho uso se resolver\u00e1 de conformidad con el derecho espa\u00f1ol y se someter\u00e1 a la competencia territorial y la jurisdicci\u00f3n exclusiva de los Juzgados y Tribunales de Barcelona. <\/p>\n\n\n\n<h2>Pol\u00edticas de confidencialidad<\/h2>\n\n\n\n<h3>Introducci\u00f3n<\/h3>\n\n\n\n<p>El objetivo de esta pol\u00edtica de privacidad es informar a los usuarios del sitio web nutrident.fr sobre la recopilaci\u00f3n, el procesamiento y la protecci\u00f3n de sus datos personales. Esta pol\u00edtica de privacidad se aplica a todos los sitios web administrados por nutrident.fr. <\/p>\n\n\n\n<h3>Recogida de informaci\u00f3n personal y l\u00edmites <\/h3>\n\n\n\n<p>nutrident.fr recopila la informaci\u00f3n personal de sus usuarios solo cuando se proporciona voluntariamente para un servicio en particular. En este caso, el usuario debe completar un formulario mediante el cual transmite a nutrident.fr la informaci\u00f3n necesaria para la prestaci\u00f3n del servicio, como: nombre, nombre, fecha de nacimiento, correo electr\u00f3nico, tel\u00e9fono, ciudad, pa\u00eds, c\u00f3digo postal. que los detalles de la atenci\u00f3n que desea haber realizado y \/ o preguntas similares.<\/p>\n\n\n\n<p>Las informaciones que los Usuarios proporcionan voluntariamente son utilizadas \u00fanicamente para el objetivo previsto y m\u00e1s concretamente para:  <\/p>\n\n\n\n<ul><li>Proporcionar un buen servicio de puesta en contacto con una cl\u00ednica dental para iniciar un posible tratamiento.<\/li><\/ul>\n\n\n\n<p>Este servicio es ofrecido por Nutrident a trav\u00e9s de un formulario que rellena el Usuario. Los datos de dicho formulario son ofrecidos a cl\u00ednicas especializadas y colaboradoras de la Sociedad para que se pongan en contacto con el Usuario y ofrecer la posibilidad de iniciar un tratamiento con alineadores invisibles. El Usuario acepta que las cl\u00ednicas colaboradoras de Nutrident se pongan en contacto con \u00e9l al rellenar y enviar dicho formulario. Nutrident declina cualquier tipo de responsabilidad resultante de dicho tratamiento, al realizar funciones meramente de intermediaci\u00f3n entre Usuario y la Cl\u00ednica Dental. <\/p>\n\n\n\n<h3>Derechos de verificaci\u00f3n y de borrado de datos personales.<\/h3>\n\n\n\n<p>De acuerdo con la ley de protecci\u00f3n de datos personales, el Usuario tiene derecho a preguntar si Nutrident tiene informaci\u00f3n personal sobre \u00e9l, para asegurarse de que sea correcta y tener acceso a ella.<\/p>\n\n\n\n<p>Si el Usuario desea que se borren los datos sobre su persona de la base de datos de la Sociedad, <a href=\"https:\/\/nutrident.fr\/es\/contacto\/\">puede contactarnos aqu\u00ed<\/a><\/p>\n\n\n\n<h3>Cookies<\/h3>\n\n\n\n<p>Nutrident utiliza \u00abcookies\u00bb para permitir y facilitar la comunicaci\u00f3n por medios electr\u00f3nicos, pero tambi\u00e9n para proporcionar funcionalidades adaptadas a las necesidades de los usuarios. La cookie se utiliza para identificar al usuario en cada una de sus conexiones y, por lo tanto, facilita su acceso al sitio web.<\/p>\n\n\n\n<p>El usuario puede rechazar las cookies modificando la configuraci\u00f3n de su navegador. Sin embargo, esto puede alterar la funcionalidad que ofrece el sitio web sin responsabilidad alguna de la empresa que se busca o de la Compa\u00f1\u00eda. Tambi\u00e9n se pueden eliminar las cookies ya guardadas en su ordenador desde la configuraci\u00f3n de su navegador.<\/p>\n\n\n\n<p>Estos son los m\u00e9todos para deshabilitar las cookies de los principales navegadores:<\/p>\n\n\n\n<ul><li><a href=\"https:\/\/support.microsoft.com\/fr-fr\/help\/17442\/windows-internet-explorer-delete-manage-cookies\" target=\"_blank\" rel=\"noopener\">Internet Explorer<\/a><\/li><li><a href=\"https:\/\/support.google.com\/chrome\/answer\/95647?hl=fr\" target=\"_blank\" rel=\"noopener\">Chrome<\/a><\/li><li><a href=\"https:\/\/support.mozilla.org\/es\/kb\/Deshabilitar%20cookies%20de%20terceros\" target=\"_blank\" rel=\"noopener\">Mozilla Firefox<\/a><\/li><li><a href=\"https:\/\/support.apple.com\/fr-fr\/HT201265\" target=\"_blank\" rel=\"noopener\">Safari<\/a><\/li><\/ul>\n\n\n\n<h3>Google Analytics<\/h3>\n\n\n\n<p>Este sitio utiliza Google Analytics para analizar la audiencia del sitio y mejorar su contenido. La herramienta utiliza cookies y la informaci\u00f3n obtenida a trav\u00e9s de estas cookies se transmite a Google. <\/p>\n\n\n\n<p>Si deseas m\u00e1s informaci\u00f3n sobre la confidencialidad de los datos que procesa google Analytics,&nbsp;<a rel=\"noreferrer noopener\" href=\"https:\/\/www.google.com\/intl\/en\/analytics\/privacyoverview.html\" target=\"_blank\">pincha aqu\u00ed<\/a>.<\/p>\n\n\n\n<h3>EZOIC<\/h3>\n\n\n\n<p>nutrident.fr es usuario de la tecnolog\u00eda ofrecida por <a href=\"https:\/\/www.ezoic.com\/es\/\" target=\"_blank\" rel=\"noopener\">Ezoic<\/a>, una empresa externa que ayuda a monetizar p\u00e1ginas web y blogs a trav\u00e9s de anuncios. Ezoic es un socio editorial certificado de Google. Para m\u00e1s informaci\u00f3n sobre las pol\u00edticas de Ezoic, condiciones generales de uso y privacidad, <a href=\"https:\/\/g.ezoic.net\/privacy\/nutrident.fr\">pincha en este enlace<\/a><\/p>\n\n\n\n<h3>Modificaciones en la pol\u00edtica de privacidad <\/h3>\n\n\n\n<p>Esta pol\u00edtica de privacidad puede modificarse ocasionalmente. La fecha de la \u00faltima modificaci\u00f3n se indica en la parte superior de la p\u00e1gina. Recomendamos que verifique esta informaci\u00f3n regularmente.<\/p>\n<div class=\"article-data before-content\"><div class=\"article-data__date\"><div class=\"article-data__date-modified\"><time class=\"published\" datetime=\"2022-10-28T11:56:27+00:00\">This article was originally published on&nbsp;<span class=\"2\">octubre 28, 2022<\/span>&nbsp;and was most recently updated on&nbsp;<span>junio 6, 2023<\/span><\/time><br><\/div><\/div><\/div><div class=\"user-info\"><\/div>","protected":false},"excerpt":{"rendered":"<p>Updated:&nbsp;junio 6, 2023 Art\u00edculo 1: objeto y definiciones previas. Las presentes condiciones generales de uso (de aqu\u00ed en adelante las \u00abCondiciones Generales\u00bb) establecen los derechos y obligaciones de la sociedad Mango Shake Limited, de aqu\u00ed en adelante la \u00abSociedad\u00bb (con domicio fiscal en la direcci\u00f3n 2003, 20\/F, Tower 5, China Hong Kong City, 33 Canton [&hellip;]<\/p>\n","protected":false},"author":2,"featured_media":0,"parent":0,"menu_order":0,"comment_status":"closed","ping_status":"closed","template":"","meta":{"inline_featured_image":false},"acf":[],"_links":{"self":[{"href":"https:\/\/nutrident.fr\/es\/wp-json\/wp\/v2\/pages\/17225"}],"collection":[{"href":"https:\/\/nutrident.fr\/es\/wp-json\/wp\/v2\/pages"}],"about":[{"href":"https:\/\/nutrident.fr\/es\/wp-json\/wp\/v2\/types\/page"}],"author":[{"embeddable":true,"href":"https:\/\/nutrident.fr\/es\/wp-json\/wp\/v2\/users\/2"}],"replies":[{"embeddable":true,"href":"https:\/\/nutrident.fr\/es\/wp-json\/wp\/v2\/comments?post=17225"}],"version-history":[{"count":4,"href":"https:\/\/nutrident.fr\/es\/wp-json\/wp\/v2\/pages\/17225\/revisions"}],"predecessor-version":[{"id":21492,"href":"https:\/\/nutrident.fr\/es\/wp-json\/wp\/v2\/pages\/17225\/revisions\/21492"}],"wp:attachment":[{"href":"https:\/\/nutrident.fr\/es\/wp-json\/wp\/v2\/media?parent=17225"}],"curies":[{"name":"wp","href":"https:\/\/api.w.org\/{rel}","templated":true}]}}