

{"id":17250,"date":"2022-10-28T09:33:23","date_gmt":"2022-10-28T09:33:23","guid":{"rendered":"https:\/\/nutrident.fr\/?page_id=17250"},"modified":"2023-06-13T11:12:45","modified_gmt":"2023-06-13T11:12:45","slug":"oral-b-genius-x","status":"publish","type":"page","link":"https:\/\/nutrident.fr\/es\/oral-b-genius-x\/","title":{"rendered":"Cepillo el\u00e9ctrico Oral B Genius X: el lujo de un cepillo de dientes inteligente"},"content":{"rendered":"<div class=\"meta\"><div class=\"meta__users\">    <div class=\"meta__users__reviewed\">\r\n      <p class=\"meta__users__caption\">Contributor:&nbsp;<\/p>\r\n      <div class=\"users\">\r\n        <span class=\"users__user\">\r\n          <a href=\"#\">Dr Abel Jes\u00fas Pederzoli<\/a>\r\n        <\/span>\r\n      <\/div>\r\n    <\/div>\r\n\t<\/div><div class=\"meta__date-modified\">Updated:&nbsp;<span>junio 13, 2023<\/span><\/div><\/div><div class=\"wp-block-image\">\n<figure class=\"alignright size-medium\"><img width=\"300\" height=\"169\" src=\"https:\/\/nutrident.fr\/wp-content\/uploads\/2022\/06\/Oral-B-genius-x-with-ai-toothbrush-1-1-1280x720-1-300x169.jpg\" alt=\"oralb genio x\" class=\"wp-image-11238\" srcset=\"https:\/\/nutrident.fr\/wp-content\/uploads\/2022\/06\/Oral-B-genius-x-with-ai-toothbrush-1-1-1280x720-1-300x169.jpg 300w, https:\/\/nutrident.fr\/wp-content\/uploads\/2022\/06\/Oral-B-genius-x-with-ai-toothbrush-1-1-1280x720-1-1024x576.jpg 1024w, https:\/\/nutrident.fr\/wp-content\/uploads\/2022\/06\/Oral-B-genius-x-with-ai-toothbrush-1-1-1280x720-1-768x432.jpg 768w, https:\/\/nutrident.fr\/wp-content\/uploads\/2022\/06\/Oral-B-genius-x-with-ai-toothbrush-1-1-1280x720-1-254x143.jpg 254w, https:\/\/nutrident.fr\/wp-content\/uploads\/2022\/06\/Oral-B-genius-x-with-ai-toothbrush-1-1-1280x720-1.jpg 1280w\" sizes=\"(max-width: 300px) 100vw, 300px\" \/><figcaption>El cepillo de dientes Oral-B Genius X es una verdadera joya tecnol\u00f3gica<\/figcaption><\/figure><\/div>\n\n\n<p>El cepillo de dientes el\u00e9ctrico ya ha pasado a formar parte de nuestras vidas y, gracias al \u00e9xito que ha conseguido, las estanter\u00edas se han llenado de modelos entre los que es dif\u00edcil distinguir. No obstante, y a pesar de esta gran variedad de caracter\u00edsticas, el Oral B Genius X <strong>destaca sobre el resto<\/strong>.  <\/p>\n\n\n\n<p>En este art\u00edculo, <a href=\"https:\/\/nutrident.fr\/es\/\">Nutrident<\/a> te ofrece todos los detalles sobre este cepillo de dientes para ayudarte en tu elecci\u00f3n. <\/p>\n\n\n\n<div id=\"ez-toc-container\" class=\"ez-toc-v2_0_33_2 counter-hierarchy ez-toc-counter ez-toc-white ez-toc-container-direction\">\n<div class=\"ez-toc-title-container\">\n<p class=\"ez-toc-title\">Contenus<\/p>\n<span class=\"ez-toc-title-toggle\"><a href=\"#\" class=\"ez-toc-pull-right ez-toc-btn ez-toc-btn-xs ez-toc-btn-default ez-toc-toggle\" style=\"display: none;\"><label for=\"item\" aria-label=\"Tabla de contenidos\"><i class=\"ez-toc-glyphicon ez-toc-icon-toggle\"><\/i><\/label><input type=\"checkbox\" id=\"item\"><\/a><\/span><\/div>\n<nav><ul class='ez-toc-list ez-toc-list-level-1'><li class='ez-toc-page-1 ez-toc-heading-level-2'><a class=\"ez-toc-link ez-toc-heading-1\" href=\"https:\/\/nutrident.fr\/es\/oral-b-genius-x\/#Por_que_utilizar_un_cepillo_de_dientes_electrico\" title=\"Por qu\u00e9 utilizar un cepillo de dientes el\u00e9ctrico\">Por qu\u00e9 utilizar un cepillo de dientes el\u00e9ctrico<\/a><\/li><li class='ez-toc-page-1 ez-toc-heading-level-2'><a class=\"ez-toc-link ez-toc-heading-2\" href=\"https:\/\/nutrident.fr\/es\/oral-b-genius-x\/#%C2%BFQue_diferencia_al_Oral_B_Genius_X_de_los_cepillos_electricos_convencionales\" title=\"\u00bfQu\u00e9 diferencia al Oral B Genius X de los cepillos el\u00e9ctricos convencionales?  \">\u00bfQu\u00e9 diferencia al Oral B Genius X de los cepillos el\u00e9ctricos convencionales?  <\/a><\/li><li class='ez-toc-page-1 ez-toc-heading-level-2'><a class=\"ez-toc-link ez-toc-heading-3\" href=\"https:\/\/nutrident.fr\/es\/oral-b-genius-x\/#Caracteristicas_del_Oral_B_Genius_X\" title=\"Caracter\u00edsticas del Oral B Genius X\">Caracter\u00edsticas del Oral B Genius X<\/a><\/li><li class='ez-toc-page-1 ez-toc-heading-level-2'><a class=\"ez-toc-link ez-toc-heading-4\" href=\"https:\/\/nutrident.fr\/es\/oral-b-genius-x\/#Seis_modos_de_cepillado\" title=\"Seis modos de cepillado\">Seis modos de cepillado<\/a><\/li><li class='ez-toc-page-1 ez-toc-heading-level-2'><a class=\"ez-toc-link ez-toc-heading-5\" href=\"https:\/\/nutrident.fr\/es\/oral-b-genius-x\/#Diseno\" title=\"Dise\u00f1o\">Dise\u00f1o<\/a><\/li><li class='ez-toc-page-1 ez-toc-heading-level-2'><a class=\"ez-toc-link ez-toc-heading-6\" href=\"https:\/\/nutrident.fr\/es\/oral-b-genius-x\/#La_opinion_de_Nutrident\" title=\"La opini\u00f3n de Nutrident\">La opini\u00f3n de Nutrident<\/a><\/li><\/ul><\/nav><\/div>\n<h2><span class=\"ez-toc-section\" id=\"Por_que_utilizar_un_cepillo_de_dientes_electrico\"><\/span>Por qu\u00e9 utilizar un cepillo de dientes el\u00e9ctrico<span class=\"ez-toc-section-end\"><\/span><\/h2>\n\n\n\n<p>El uso del <a href=\"https:\/\/nutrident.fr\/es\/cepillo-de-dientes-electrico-o-manual\/\" target=\"_blank\" data-type=\"URL\" data-id=\"https:\/\/nutrident.fr\/es\/cepillo-de-dientes-electrico-o-manual\/\" rel=\"noreferrer noopener\">cepillo el\u00e9ctrico versus el manual<\/a> no es una cuesti\u00f3n de pereza, sino que es un producto que permite cepillarse mucho m\u00e1s eficazmente. De hecho, todas las pruebas han demostrado que el <a href=\"https:\/\/nutrident.fr\/es\/?page_id=16661\">cepillado el\u00e9ctrico<\/a> <strong>es mucho m\u00e1s eficaz<\/strong> que el manual.<\/p>\n\n\n\n<p>El sistema de cepillado del Oral B Genius X es oscilante y giratorio, con un <a href=\"https:\/\/nutrident.fr\/es\/repuestos-cepillo-de-dientes-electrico\/\" target=\"_blank\" data-type=\"URL\" data-id=\"https:\/\/nutrident.fr\/es\/repuestos-cepillo-de-dientes-electrico\/\" rel=\"noreferrer noopener\">peque\u00f1o cabezal<\/a> redondo que se adapta a todos los recovecos de la boca. La ventaja de este tipo de cabezal es que <strong>puede llegar a todos los rincones de la boca<\/strong> y cepillarlos con la misma eficacia. Con un cepillo manual, algunos \u00e1ngulos son imposibles de limpiar, especialmente la cara interna de los incisivos.<\/p>\n\n\n\n<h2><span class=\"ez-toc-section\" id=\"%C2%BFQue_diferencia_al_Oral_B_Genius_X_de_los_cepillos_electricos_convencionales\"><\/span>\u00bfQu\u00e9 diferencia al Oral B Genius X de los cepillos el\u00e9ctricos convencionales?  <span class=\"ez-toc-section-end\"><\/span><\/h2>\n\n\n\n<p>Lo primero que diferencia al cepillo el\u00e9ctrico Oral B Genius X es su precio. De hecho, los modelos de la gama baja de Oral-B rondan los 30 euros, mientras que el Genius X oscila entre los 120 y los 250 euros, seg\u00fan la versi\u00f3n y el distribuidor. Pero, a cambio de este precio elevado, este modelo te ofrece <strong>la mejor calidad y excelencia<\/strong>.<\/p>\n\n\n\n<p>El Oral B Genius X es, en efecto, un excelente cepillo de dientes, pero para que el gasto merezca la pena, es necesario <strong>utilizar todas sus caracter\u00edsticas<\/strong>, incluida la aplicaci\u00f3n espec\u00edfica para tel\u00e9fonos m\u00f3viles que cuenta con una funci\u00f3n de entrenamiento.<\/p>\n\n\n\n<h2><span class=\"ez-toc-section\" id=\"Caracteristicas_del_Oral_B_Genius_X\"><\/span>Caracter\u00edsticas del Oral B Genius X<span class=\"ez-toc-section-end\"><\/span><\/h2>\n\n\n<div class=\"wp-block-image\">\n<figure class=\"alignright size-medium\"><img width=\"260\" height=\"300\" src=\"https:\/\/nutrident.fr\/wp-content\/uploads\/2022\/06\/oralb-genius-x-260x300.jpg\" alt=\"Oral-B Genius X Negro\" class=\"wp-image-11241\" srcset=\"https:\/\/nutrident.fr\/wp-content\/uploads\/2022\/06\/oralb-genius-x-260x300.jpg 260w, https:\/\/nutrident.fr\/wp-content\/uploads\/2022\/06\/oralb-genius-x-165x190.jpg 165w, https:\/\/nutrident.fr\/wp-content\/uploads\/2022\/06\/oralb-genius-x.jpg 679w\" sizes=\"(max-width: 260px) 100vw, 260px\" \/><figcaption>\u00a1Un gran cepillo de dientes inteligente!<\/figcaption><\/figure><\/div>\n\n\n<p>El cepillo de dientes Oral-B Genius X est\u00e1 equipado con sensores Bluetooth que registran a manera en la que te cepillas los dientes y la pantalla de tu tel\u00e9fono m\u00f3vil muestra la representaci\u00f3n visible de este cepillado. De esta manera, podr\u00e1s <strong>comprobar que no te ha faltado por cepillar ninguna parte<\/strong> de la dentadura.<\/p>\n\n\n\n<p>Los cabezales son intercambiables y cada miembro de la familia puede tener el suyo, gracias a un anillo luminoso alrededor del mango que est\u00e1 disponible en 12 colores.<\/p>\n\n\n\n<p>El<strong> sensor de presi\u00f3n<\/strong> es muy \u00fatil para la salud de las enc\u00edas. Si presionas demasiado, se enciende una luz roja para advertirte y el cepillo se ralentiza autom\u00e1ticamente.<\/p>\n\n\n\n<p>Otra caracter\u00edstica valiosa es el <strong>temporizador integrado<\/strong>. El tiempo de cepillado recomendado con un cepillo el\u00e9ctrico es de dos minutos, es decir, un minuto por arco dental, o 30 segundos por cada cuadrante. El temporizador se pone en marcha al mismo tiempo que el cepillo y cada 30 segundos emite una vibraci\u00f3n diferente que indica el momento de cambiar al siguiente cuadrante. Esto garantiza un cepillado regular para cada parte de la dentadura.<\/p>\n\n\n\n<div class=\"wp-container-1 is-content-justification-center wp-block-buttons\">\n<div class=\"wp-block-button\"><a class=\"wp-block-button__link has-white-color has-vivid-cyan-blue-background-color has-text-color has-background\" href=\"https:\/\/amzn.to\/3moPKSz\" target=\"_blank\" rel=\"noopener\">Compra este producto al mejor precio<\/a><\/div>\n<\/div>\n\n\n\n<h2><span class=\"ez-toc-section\" id=\"Seis_modos_de_cepillado\"><\/span>Seis modos de cepillado<span class=\"ez-toc-section-end\"><\/span><\/h2>\n\n\n\n<p>Oral B Genius X ofrece seis modos de cepillado y puedes <strong>cambiar de uno a otro sin necesidad de apagar el cepillo <\/strong>o detenerlo. Esto permite alternar entre el modo suave, cuando cepillas cerca de las enc\u00edas, y el modo pro-limpieza para la cara interna de los incisivos inferiores, que est\u00e1 m\u00e1s expuesta a la placa y al sarro.<\/p>\n\n\n\n<p>Los seis modos de cepillado del Genius X son:<\/p>\n\n\n\n<ol><li>Est\u00e1ndar de uso diario, que limpia los dientes y masajea las enc\u00edas.<\/li><li>Blanqueamiento, para una aplicaci\u00f3n m\u00e1s intensiva que elimina la placa calcificada<\/li><li>Suavidad, para una dentadura m\u00e1s sensible con velocidad reducida<\/li><li>Pro-clean es m\u00e1s r\u00e1pido para conseguir un efecto de pulido<\/li><li>Lengua, para cepillar la lengua, un paso que se omite con demasiada frecuencia<\/li><li>Cuidado de las enc\u00edas, para un suave masaje de las mismas y una mejor circulaci\u00f3n sangu\u00ednea<\/li><\/ol>\n\n\n\n<h2><span class=\"ez-toc-section\" id=\"Diseno\"><\/span>Dise\u00f1o<span class=\"ez-toc-section-end\"><\/span><\/h2>\n\n\n\n<p>El cepillo de dientes el\u00e9ctrico Oral B Genius X tiene un <strong>mango ergon\u00f3mico<\/strong> que proporciona un muy buen agarre. Est\u00e1 recubierto de pl\u00e1stico y goma para evitar que el cepillo se resbale de las manos, lo cual es muy pr\u00e1ctico, especialmente si te gusta lavarte los dientes en la ducha.<\/p>\n\n\n\n<p>En cuanto a la est\u00e9tica, puedes elegir entre varios colores y patrones. Viene con un <strong>estuche de viaje<\/strong> que, en las versiones de gama alta, puedes utilizar para cargar tu smartphone junto con el cepillo de dientes. La bater\u00eda del cepillo tiene una duraci\u00f3n de 15 d\u00edas.<\/p>\n\n\n\n<h2><span class=\"ez-toc-section\" id=\"La_opinion_de_Nutrident\"><\/span>La opini\u00f3n de Nutrident<span class=\"ez-toc-section-end\"><\/span><\/h2>\n\n\n\n<p>El cepillo el\u00e9ctrico Oral B Genius X es un excelente cepillo de dientes, pero <strong>para justificar su precio es necesario sacarle provecho a todas sus funciones<\/strong>. La aplicaci\u00f3n m\u00f3vil es especialmente  \u00fatil y los seis modos de cepillado aseguran una limpieza personalizada seg\u00fan tus necesidades individuales. No obstante, si no eres fan\u00e1tico de todas estas funciones, existen otras opciones b\u00e1sicas en el mercado mucho m\u00e1s baratas.<\/p>\n<div class=\"article-data before-content\"><div class=\"article-data__date\"><div class=\"article-data__date-modified\"><time class=\"published\" datetime=\"2022-10-28T09:33:23+00:00\">This article was originally published on&nbsp;<span class=\"2\">octubre 28, 2022<\/span>&nbsp;and was most recently updated on&nbsp;<span>junio 13, 2023<\/span><\/time><br><\/div><\/div><\/div><div class=\"user-info\">    <div class=\"user-info__body\">\r\n      <div class=\"user-info__caption\"><span>Contributors:<\/span><\/div>\r\n\t\t\t        <div class=\"user-info__wrap \">\r\n          <div class=\"user-info__data\">\r\n            <div class=\"user-info__data__info\">\r\n              <div class=\"photo\">\r\n\t\t\t\t\t\t\t\t<img width=\"66\" height=\"61\" src=\"https:\/\/nutrident.fr\/wp-content\/uploads\/2023\/06\/unnamed-66x61.jpg\" class=\"attachment-profileImageAuthor size-profileImageAuthor wp-post-image\" alt=\"Dr Abel Jes\u00fas Pederzoli\" loading=\"lazy\" srcset=\"https:\/\/nutrident.fr\/wp-content\/uploads\/2023\/06\/unnamed-66x61.jpg 66w, https:\/\/nutrident.fr\/wp-content\/uploads\/2023\/06\/unnamed-300x279.jpg 300w, https:\/\/nutrident.fr\/wp-content\/uploads\/2023\/06\/unnamed-1024x952.jpg 1024w, https:\/\/nutrident.fr\/wp-content\/uploads\/2023\/06\/unnamed-768x714.jpg 768w, https:\/\/nutrident.fr\/wp-content\/uploads\/2023\/06\/unnamed-204x190.jpg 204w, https:\/\/nutrident.fr\/wp-content\/uploads\/2023\/06\/unnamed-120x112.jpg 120w, https:\/\/nutrident.fr\/wp-content\/uploads\/2023\/06\/unnamed.jpg 1125w\" sizes=\"(max-width: 66px) 100vw, 66px\" \/>              <\/div>\r\n              <a href=\"https:\/\/nutrident.fr\/es\/author\/dr-abel-jesus-pederzoli\/\" class=\"name\">Dr Abel Jes\u00fas Pederzoli<\/a>\r\n            <\/div>\r\n            <div class=\"user-info__data__social\">\r\n\t\t\t\t\t\t\t\t\t\t\t\t\t\t\t\t\t\t\t\t\t          <a href=\"https:\/\/clinicaleixample.es\/\"\r\n             class=\"soc-item website\">website<\/a>\r\n\t\t\t\t          <a href=\"http:\/\/linkedin.com\/in\/abel-jes%C3%BAs-pederzoli\"\r\n             class=\"soc-item linkedin\">linkedin<\/a>\r\n\t\t\t\t            <\/div>\r\n          <\/div>\r\n          <div class=\"user-info__description\">\r\n\t\t\t\t\t\t\t\t\t\t\t\t\t<p>Con t\u00edtulos obtenidos en la Facultad de Odontolog\u00eda de la Universidad Nacional de La Plata y una participaci\u00f3n activa en congresos y jornadas, el Dr. Pederzoli se mantiene actualizado en las \u00faltimas t\u00e9cnicas y avances en odontolog\u00eda. Actualmente se encuentra desarrollando un proyecto de consultor\u00eda tecnol\u00f3gica aplicada a cl\u00ednicas dentales.<\/p>\n\t\t\t\t\t\t          <\/div>\r\n        <\/div>\r\n\t\t\t\t    <\/div>\r\n\t<\/div>","protected":false},"excerpt":{"rendered":"<p>Contributor:&nbsp; Dr Abel Jes\u00fas Pederzoli Updated:&nbsp;junio 13, 2023 El cepillo de dientes el\u00e9ctrico ya ha pasado a formar parte de nuestras vidas y, gracias al \u00e9xito que ha conseguido, las estanter\u00edas se han llenado de modelos entre los que es dif\u00edcil distinguir. No obstante, y a pesar de esta gran variedad de caracter\u00edsticas, el Oral [&hellip;]<\/p>\n","protected":false},"author":2,"featured_media":17251,"parent":0,"menu_order":0,"comment_status":"open","ping_status":"open","template":"","meta":{"inline_featured_image":false},"acf":[],"_links":{"self":[{"href":"https:\/\/nutrident.fr\/es\/wp-json\/wp\/v2\/pages\/17250"}],"collection":[{"href":"https:\/\/nutrident.fr\/es\/wp-json\/wp\/v2\/pages"}],"about":[{"href":"https:\/\/nutrident.fr\/es\/wp-json\/wp\/v2\/types\/page"}],"author":[{"embeddable":true,"href":"https:\/\/nutrident.fr\/es\/wp-json\/wp\/v2\/users\/2"}],"replies":[{"embeddable":true,"href":"https:\/\/nutrident.fr\/es\/wp-json\/wp\/v2\/comments?post=17250"}],"version-history":[{"count":8,"href":"https:\/\/nutrident.fr\/es\/wp-json\/wp\/v2\/pages\/17250\/revisions"}],"predecessor-version":[{"id":22074,"href":"https:\/\/nutrident.fr\/es\/wp-json\/wp\/v2\/pages\/17250\/revisions\/22074"}],"wp:featuredmedia":[{"embeddable":true,"href":"https:\/\/nutrident.fr\/es\/wp-json\/wp\/v2\/media\/17251"}],"wp:attachment":[{"href":"https:\/\/nutrident.fr\/es\/wp-json\/wp\/v2\/media?parent=17250"}],"curies":[{"name":"wp","href":"https:\/\/api.w.org\/{rel}","templated":true}]}}