

{"id":17259,"date":"2022-10-28T10:35:21","date_gmt":"2022-10-28T10:35:21","guid":{"rendered":"https:\/\/nutrident.fr\/?page_id=17259"},"modified":"2023-06-13T11:08:20","modified_gmt":"2023-06-13T11:08:20","slug":"white-now","status":"publish","type":"page","link":"https:\/\/nutrident.fr\/es\/blanqueamiento-profesional\/lapiz-blanqueador\/white-now\/","title":{"rendered":"L\u00e1piz blanqueador dental White Now Touch: \u00bfblanqueamiento dental eficaz?"},"content":{"rendered":"<div class=\"meta\"><div class=\"meta__users\">    <div class=\"meta__users__reviewed\">\r\n      <p class=\"meta__users__caption\">Contributor:&nbsp;<\/p>\r\n      <div class=\"users\">\r\n        <span class=\"users__user\">\r\n          <a href=\"#\">Dr Abel Jes\u00fas Pederzoli<\/a>\r\n        <\/span>\r\n      <\/div>\r\n    <\/div>\r\n\t<\/div><div class=\"meta__date-modified\">Updated:&nbsp;<span>junio 13, 2023<\/span><\/div><\/div><div class=\"wp-block-image\">\n<figure class=\"alignright size-medium\"><img width=\"300\" height=\"200\" src=\"https:\/\/nutrident.fr\/wp-content\/uploads\/2020\/01\/iStock-1037081016-300x200.jpg\" alt=\"blanqueamiento dental\" class=\"wp-image-7770\" srcset=\"https:\/\/nutrident.fr\/wp-content\/uploads\/2020\/01\/iStock-1037081016-300x200.jpg 300w, https:\/\/nutrident.fr\/wp-content\/uploads\/2020\/01\/iStock-1037081016-1024x683.jpg 1024w, https:\/\/nutrident.fr\/wp-content\/uploads\/2020\/01\/iStock-1037081016-768x512.jpg 768w, https:\/\/nutrident.fr\/wp-content\/uploads\/2020\/01\/iStock-1037081016-1080x720.jpg 1080w, https:\/\/nutrident.fr\/wp-content\/uploads\/2020\/01\/iStock-1037081016-980x653.jpg 980w, https:\/\/nutrident.fr\/wp-content\/uploads\/2020\/01\/iStock-1037081016-480x320.jpg 480w, https:\/\/nutrident.fr\/wp-content\/uploads\/2020\/01\/iStock-1037081016.jpg 1254w\" sizes=\"(max-width: 300px) 100vw, 300px\" \/><figcaption>\u00bfEs efectivo el lapiz blanqueador White Now Touch?<\/figcaption><\/figure><\/div>\n\n\n<p>Los m\u00e9todos de blanqueamiento dental en casa se han hecho muy populares en los \u00faltimos a\u00f1os gracias a que ofrecen mayor comodidad a un precio bajo. Entre los m\u00e1s conocidos se encuentra el<strong> <\/strong>l\u00e1piz blanqueador Signal White Now Touch, que resulta atractivo por su facilidad de uso y resultados instant\u00e1neos.<\/p>\n\n\n\n<p>En este art\u00edculo, te contamos si realmente funciona este m\u00e9todo, sus ventajas\/desventajas y qu\u00e9 resultados puedes esperar de este l\u00e1piz blanqueador de dientes.<\/p>\n\n\n\n<div id=\"ez-toc-container\" class=\"ez-toc-v2_0_33_2 counter-hierarchy ez-toc-counter ez-toc-white ez-toc-container-direction\">\n<div class=\"ez-toc-title-container\">\n<p class=\"ez-toc-title\">Contenus<\/p>\n<span class=\"ez-toc-title-toggle\"><a href=\"#\" class=\"ez-toc-pull-right ez-toc-btn ez-toc-btn-xs ez-toc-btn-default ez-toc-toggle\" style=\"display: none;\"><label for=\"item\" aria-label=\"Tabla de contenidos\"><i class=\"ez-toc-glyphicon ez-toc-icon-toggle\"><\/i><\/label><input type=\"checkbox\" id=\"item\"><\/a><\/span><\/div>\n<nav><ul class='ez-toc-list ez-toc-list-level-1'><li class='ez-toc-page-1 ez-toc-heading-level-2'><a class=\"ez-toc-link ez-toc-heading-1\" href=\"https:\/\/nutrident.fr\/es\/blanqueamiento-profesional\/lapiz-blanqueador\/white-now\/#%C2%BFQue_se_necesita_para_tener_los_dientes_blancos\" title=\"\u00bfQu\u00e9 se necesita para tener los dientes blancos?\">\u00bfQu\u00e9 se necesita para tener los dientes blancos?<\/a><\/li><li class='ez-toc-page-1 ez-toc-heading-level-2'><a class=\"ez-toc-link ez-toc-heading-2\" href=\"https:\/\/nutrident.fr\/es\/blanqueamiento-profesional\/lapiz-blanqueador\/white-now\/#%C2%BFEn_que_consiste_el_lapiz_blanqueador_Signal_White_Now_Touch\" title=\"\u00bfEn qu\u00e9 consiste el l\u00e1piz blanqueador Signal White Now Touch?\">\u00bfEn qu\u00e9 consiste el l\u00e1piz blanqueador Signal White Now Touch?<\/a><\/li><li class='ez-toc-page-1 ez-toc-heading-level-2'><a class=\"ez-toc-link ez-toc-heading-3\" href=\"https:\/\/nutrident.fr\/es\/blanqueamiento-profesional\/lapiz-blanqueador\/white-now\/#%C2%BFComo_funciona_el_boligrafo_blanqueador_Signal_White_Now_Touch\" title=\"\u00bfC\u00f3mo funciona el bol\u00edgrafo blanqueador Signal White Now Touch?\">\u00bfC\u00f3mo funciona el bol\u00edgrafo blanqueador Signal White Now Touch?<\/a><\/li><li class='ez-toc-page-1 ez-toc-heading-level-2'><a class=\"ez-toc-link ez-toc-heading-4\" href=\"https:\/\/nutrident.fr\/es\/blanqueamiento-profesional\/lapiz-blanqueador\/white-now\/#%C2%BFQue_tan_eficaz_es_el_lapiz_blanqueador_Signal_White_Now_Touch\" title=\"\u00bfQu\u00e9 tan eficaz es el l\u00e1piz blanqueador Signal White Now Touch?\">\u00bfQu\u00e9 tan eficaz es el l\u00e1piz blanqueador Signal White Now Touch?<\/a><\/li><li class='ez-toc-page-1 ez-toc-heading-level-2'><a class=\"ez-toc-link ez-toc-heading-5\" href=\"https:\/\/nutrident.fr\/es\/blanqueamiento-profesional\/lapiz-blanqueador\/white-now\/#%C2%BFComo_se_utiliza\" title=\"\u00bfC\u00f3mo se utiliza?\">\u00bfC\u00f3mo se utiliza?<\/a><\/li><\/ul><\/nav><\/div>\n<h2><span class=\"ez-toc-section\" id=\"%C2%BFQue_se_necesita_para_tener_los_dientes_blancos\"><\/span>\u00bfQu\u00e9 se necesita para tener los dientes blancos?<span class=\"ez-toc-section-end\"><\/span><\/h2>\n\n\n\n<p>Para tener los dientes blancos, es necesario reunir varias condiciones. La primera es la <a href=\"https:\/\/nutrident.fr\/es\/?page_id=17167\">gen\u00e9tica<\/a>: la blancura de tus dientes proviene de tus padres.<\/p>\n\n\n\n<p>Si has heredado unos bonitos dientes blancos, debes cuidarlos bien, no solo con la limpieza diaria, sino tambi\u00e9n visitando al dentista con regularidad (una o dos veces al a\u00f1o) para una revisi\u00f3n rutinaria y un <a href=\"https:\/\/nutrident.fr\/es\/?p=16412\">raspado<\/a>.<\/p>\n\n\n\n<h3>\u00bfQue m\u00e9todos existen para blanquear los dientes?<\/h3>\n\n\n\n<p>Si tus dientes han perdido su tono blanco, puedes hacerte un<strong> <a href=\"https:\/\/nutrident.fr\/es\/?page_id=16855\" data-type=\"URL\" data-id=\"https:\/\/nutrident.fr\/blanchiment-dentiste\/\">blanqueamiento en el dentista<\/a><\/strong> para restablecer el brillo y la luminosidad general de tu dentadura.<\/p>\n\n\n\n<p>Tambi\u00e9n puedes utilizar<strong> m\u00e9todos caseros <\/strong>como dent\u00edfricos especiales, kits de blanqueamiento, tiras o l\u00e1pices blanqueadores. Pero debes ser cuidadoso para no da\u00f1ar el esmalte dental. <\/p>\n\n\n<div class=\"wp-block-image\">\n<figure class=\"alignright size-medium\"><img width=\"300\" height=\"200\" src=\"https:\/\/nutrident.fr\/wp-content\/uploads\/2019\/08\/woman-touching-her-cheeks-3762398-300x200.jpg\" alt=\"nuestra opini\u00f3n sobre el bol\u00edgrafo white now touch\" class=\"wp-image-4211\" srcset=\"https:\/\/nutrident.fr\/wp-content\/uploads\/2019\/08\/woman-touching-her-cheeks-3762398-300x200.jpg 300w, https:\/\/nutrident.fr\/wp-content\/uploads\/2019\/08\/woman-touching-her-cheeks-3762398-480x321.jpg 480w, https:\/\/nutrident.fr\/wp-content\/uploads\/2019\/08\/woman-touching-her-cheeks-3762398.jpg 750w\" sizes=\"(max-width: 300px) 100vw, 300px\" \/><figcaption>Recuperar el placer de sonre\u00edr es una de las ventajas de blanquear los dientes<\/figcaption><\/figure><\/div>\n\n\n<p>Antes de intentar cualquier tipo de blanqueamiento, consulta con tu dentista. Ten en cuenta que estas soluciones de blanqueamiento no te brindar\u00e1n una \u00absonrisa Colgate\u00bb, sino que traer\u00e1n de vuelta el <strong>tono natural de tus dientes<\/strong>.<\/p>\n\n\n\n<h2><span class=\"ez-toc-section\" id=\"%C2%BFEn_que_consiste_el_lapiz_blanqueador_Signal_White_Now_Touch\"><\/span>\u00bfEn qu\u00e9 consiste el l\u00e1piz blanqueador Signal White Now Touch?<span class=\"ez-toc-section-end\"><\/span><\/h2>\n\n\n\n<p>El l\u00e1piz blanqueador Signal White Now Touch promete unos dientes blancos al instante. Pero debes tener en cuenta que este no es un tratamiento, sino un camuflaje. El l\u00e1piz garantiza un <strong>blanqueamiento temporal <\/strong>de tus dientes, b\u00e1sicamente pint\u00e1ndolos para que se vean m\u00e1s blancos.<\/p>\n\n\n\n<p>Este producto es como una especie de maquillaje para tus dientes. Es decir, no los blanquea, solo los \u00abviste\u00bb de blanco.<\/p>\n\n\n\n<p>En la caja del producto se puede leer que <strong>no es abrasivo<\/strong>, lo que confirma que no da\u00f1a la integridad de los dientes, simplemente crea un efecto \u00f3ptico temporal y les da un bonito tono durante unas horas.<\/p>\n\n\n\n<h2><span class=\"ez-toc-section\" id=\"%C2%BFComo_funciona_el_boligrafo_blanqueador_Signal_White_Now_Touch\"><\/span>\u00bfC\u00f3mo funciona el bol\u00edgrafo blanqueador Signal White Now Touch?<span class=\"ez-toc-section-end\"><\/span><\/h2>\n\n\n\n<p>El l\u00e1piz blanqueador funciona como el maquillaje. Tiene un cepillo en<strong> <\/strong>un extremo y, en el otro, un sistema que se pulsa para que el material salga a trav\u00e9s del cepillo.<\/p>\n\n\n\n<p>Para usarlo solo debes pasar el cepillo sobre la superficie de los dientes. En cuesti\u00f3n de segundos, el producto se seca y te brinda dientes m\u00e1s blancos. Es tan sencillo como eso.<\/p>\n\n\n<div class=\"wp-block-image\">\n<figure class=\"alignright size-medium\"><img width=\"300\" height=\"200\" src=\"https:\/\/nutrident.fr\/wp-content\/uploads\/2022\/07\/Depositphotos_120488794_S-300x200.jpg\" alt=\"Bol\u00edgrafo Now Touch blanco\" class=\"wp-image-13875\" srcset=\"https:\/\/nutrident.fr\/wp-content\/uploads\/2022\/07\/Depositphotos_120488794_S-300x200.jpg 300w, https:\/\/nutrident.fr\/wp-content\/uploads\/2022\/07\/Depositphotos_120488794_S-768x512.jpg 768w, https:\/\/nutrident.fr\/wp-content\/uploads\/2022\/07\/Depositphotos_120488794_S-254x169.jpg 254w, https:\/\/nutrident.fr\/wp-content\/uploads\/2022\/07\/Depositphotos_120488794_S.jpg 1000w\" sizes=\"(max-width: 300px) 100vw, 300px\" \/><figcaption>Los l\u00e1pices blanqueadores son cada vez m\u00e1s populares<\/figcaption><\/figure><\/div>\n\n\n<p>El producto <strong>desaparecer\u00e1 gradualmente<\/strong> durante las siguientes horas, arrastrado por la saliva y el roce del interior de los labios contra los dientes. Si quieres eliminarlo m\u00e1s r\u00e1pido, cep\u00edllate los dientes. Por supuesto, si comes, tambi\u00e9n desaparecer\u00e1 m\u00e1s r\u00e1pido.<\/p>\n\n\n\n<h2><span class=\"ez-toc-section\" id=\"%C2%BFQue_tan_eficaz_es_el_lapiz_blanqueador_Signal_White_Now_Touch\"><\/span>\u00bfQu\u00e9 tan eficaz es el l\u00e1piz blanqueador Signal White Now Touch?<span class=\"ez-toc-section-end\"><\/span><\/h2>\n\n\n\n<p>El l\u00e1piz blanqueador dental hace exactamente lo que dice en la caja. Esto es realmente bueno, ya que puedes estar seguro de que no da\u00f1ar\u00e1 tus dientes o <a href=\"https:\/\/nutrident.fr\/es\/?page_id=17038\">enc\u00edas<\/a> y el efecto lucir\u00e1 bastante natural.<\/p>\n\n\n\n<p>Una desventaja evidente de este producto es que tiene un <strong>efecto blanqueador demasiado ligero<\/strong>. Pero algunas personas considerar\u00e1n que esto es m\u00e1s bien una ventaja. Al igual que el exceso de maquillaje, los dientes demasiado blancos se notan m\u00e1s y se ven notoriamente artificiales. Con el l\u00e1piz de Signal, tus dientes quedan blancos, pero no escandalosos.<\/p>\n\n\n\n<h2><span class=\"ez-toc-section\" id=\"%C2%BFComo_se_utiliza\"><\/span>\u00bfC\u00f3mo se utiliza?<span class=\"ez-toc-section-end\"><\/span><\/h2>\n\n\n\n<p>El l\u00e1piz<strong> <\/strong>blanqueador Signal White Now Touch<strong> <\/strong>deber\u00eda ser un producto de <strong>uso ocasional<\/strong>. Aunque su composici\u00f3n es segura, no te aconsejamos que ingieras tintes y otros productos sint\u00e9ticos de manera cotidiana. Por lo tanto, deber\u00edas utilizarlo para una velada, una cita o una ocasi\u00f3n especial. <\/p>\n\n\n\n<p>Si buscas productos m\u00e1s eficaces y duraderos, te recomendamos que leas <a href=\"https:\/\/nutrident.fr\/es\/blanqueamiento-profesional\/kit-blanqueador-dental\/\" target=\"_blank\" rel=\"noreferrer noopener\">nuestra rese\u00f1a sobre el blanqueamiento dental<\/a> para ayudarte a elegir.<\/p>\n<div class=\"article-data before-content\"><div class=\"article-data__date\"><div class=\"article-data__date-modified\"><time class=\"published\" datetime=\"2022-10-28T10:35:21+00:00\">This article was originally published on&nbsp;<span class=\"2\">octubre 28, 2022<\/span>&nbsp;and was most recently updated on&nbsp;<span>junio 13, 2023<\/span><\/time><br><\/div><\/div><\/div><div class=\"user-info\">    <div class=\"user-info__body\">\r\n      <div class=\"user-info__caption\"><span>Contributors:<\/span><\/div>\r\n\t\t\t        <div class=\"user-info__wrap \">\r\n          <div class=\"user-info__data\">\r\n            <div class=\"user-info__data__info\">\r\n              <div class=\"photo\">\r\n\t\t\t\t\t\t\t\t<img width=\"66\" height=\"61\" src=\"https:\/\/nutrident.fr\/wp-content\/uploads\/2023\/06\/unnamed-66x61.jpg\" class=\"attachment-profileImageAuthor size-profileImageAuthor wp-post-image\" alt=\"Dr Abel Jes\u00fas Pederzoli\" loading=\"lazy\" srcset=\"https:\/\/nutrident.fr\/wp-content\/uploads\/2023\/06\/unnamed-66x61.jpg 66w, https:\/\/nutrident.fr\/wp-content\/uploads\/2023\/06\/unnamed-300x279.jpg 300w, https:\/\/nutrident.fr\/wp-content\/uploads\/2023\/06\/unnamed-1024x952.jpg 1024w, https:\/\/nutrident.fr\/wp-content\/uploads\/2023\/06\/unnamed-768x714.jpg 768w, https:\/\/nutrident.fr\/wp-content\/uploads\/2023\/06\/unnamed-204x190.jpg 204w, https:\/\/nutrident.fr\/wp-content\/uploads\/2023\/06\/unnamed-120x112.jpg 120w, https:\/\/nutrident.fr\/wp-content\/uploads\/2023\/06\/unnamed.jpg 1125w\" sizes=\"(max-width: 66px) 100vw, 66px\" \/>              <\/div>\r\n              <a href=\"https:\/\/nutrident.fr\/es\/author\/dr-abel-jesus-pederzoli\/\" class=\"name\">Dr Abel Jes\u00fas Pederzoli<\/a>\r\n            <\/div>\r\n            <div class=\"user-info__data__social\">\r\n\t\t\t\t\t\t\t\t\t\t\t\t\t\t\t\t\t\t\t\t\t          <a href=\"https:\/\/clinicaleixample.es\/\"\r\n             class=\"soc-item website\">website<\/a>\r\n\t\t\t\t          <a href=\"http:\/\/linkedin.com\/in\/abel-jes%C3%BAs-pederzoli\"\r\n             class=\"soc-item linkedin\">linkedin<\/a>\r\n\t\t\t\t            <\/div>\r\n          <\/div>\r\n          <div class=\"user-info__description\">\r\n\t\t\t\t\t\t\t\t\t\t\t\t\t<p>Con t\u00edtulos obtenidos en la Facultad de Odontolog\u00eda de la Universidad Nacional de La Plata y una participaci\u00f3n activa en congresos y jornadas, el Dr. Pederzoli se mantiene actualizado en las \u00faltimas t\u00e9cnicas y avances en odontolog\u00eda. Actualmente se encuentra desarrollando un proyecto de consultor\u00eda tecnol\u00f3gica aplicada a cl\u00ednicas dentales.<\/p>\n\t\t\t\t\t\t          <\/div>\r\n        <\/div>\r\n\t\t\t\t    <\/div>\r\n\t<\/div><!--copyscapeskip--><div class=\"medical_references\"><div class=\"medical_references__heading\"><span>Fuentes M\u00e9dicas<\/span><\/div><div class=\"medical_references__list\"><p>L\u00ednea de salud : <strong><em>7 maneras diarias de proteger sus dientes<\/em> <\/strong> &lt;<a href=\"https:\/\/www.healthline.com\/health\/dental-and-oral-health\/daily-ways-to-protect-your-teeth#1\">https:\/\/www.healthline.com\/health\/dental-and-oral-health\/daily-ways-to-protect-your-teeth#1<\/a>&gt;<\/p>\n<div>\n<article class=\"article-body css-d2znx6 undefined\">\n<div class=\"css-0\">\n<h2 class=\"css-13i30ag\"><\/h2>\n<\/div>\n<\/article>\n<\/div>\n<\/div><\/div><!--\/copyscapeskip-->","protected":false},"excerpt":{"rendered":"<p>Contributor:&nbsp; Dr Abel Jes\u00fas Pederzoli Updated:&nbsp;junio 13, 2023 Los m\u00e9todos de blanqueamiento dental en casa se han hecho muy populares en los \u00faltimos a\u00f1os gracias a que ofrecen mayor comodidad a un precio bajo. Entre los m\u00e1s conocidos se encuentra el l\u00e1piz blanqueador Signal White Now Touch, que resulta atractivo por su facilidad de uso [&hellip;]<\/p>\n","protected":false},"author":2,"featured_media":17260,"parent":16865,"menu_order":0,"comment_status":"open","ping_status":"open","template":"","meta":{"inline_featured_image":false},"acf":[],"_links":{"self":[{"href":"https:\/\/nutrident.fr\/es\/wp-json\/wp\/v2\/pages\/17259"}],"collection":[{"href":"https:\/\/nutrident.fr\/es\/wp-json\/wp\/v2\/pages"}],"about":[{"href":"https:\/\/nutrident.fr\/es\/wp-json\/wp\/v2\/types\/page"}],"author":[{"embeddable":true,"href":"https:\/\/nutrident.fr\/es\/wp-json\/wp\/v2\/users\/2"}],"replies":[{"embeddable":true,"href":"https:\/\/nutrident.fr\/es\/wp-json\/wp\/v2\/comments?post=17259"}],"version-history":[{"count":12,"href":"https:\/\/nutrident.fr\/es\/wp-json\/wp\/v2\/pages\/17259\/revisions"}],"predecessor-version":[{"id":22009,"href":"https:\/\/nutrident.fr\/es\/wp-json\/wp\/v2\/pages\/17259\/revisions\/22009"}],"up":[{"embeddable":true,"href":"https:\/\/nutrident.fr\/es\/wp-json\/wp\/v2\/pages\/16865"}],"wp:featuredmedia":[{"embeddable":true,"href":"https:\/\/nutrident.fr\/es\/wp-json\/wp\/v2\/media\/17260"}],"wp:attachment":[{"href":"https:\/\/nutrident.fr\/es\/wp-json\/wp\/v2\/media?parent=17259"}],"curies":[{"name":"wp","href":"https:\/\/api.w.org\/{rel}","templated":true}]}}