

{"id":17263,"date":"2022-10-28T11:56:40","date_gmt":"2022-10-28T11:56:40","guid":{"rendered":"https:\/\/nutrident.fr\/?page_id=17263"},"modified":"2022-12-22T13:05:36","modified_gmt":"2022-12-22T13:05:36","slug":"bienvenido-a-nutrident-com","status":"publish","type":"page","link":"https:\/\/nutrident.fr\/es\/bienvenido-a-nutrident-com\/","title":{"rendered":"Bienvenido a Nutrident.com"},"content":{"rendered":"<div class=\"meta\"><div class=\"meta__users\"><\/div><div class=\"meta__date-modified\">Updated:&nbsp;<span>diciembre 22, 2022<\/span><\/div><\/div>\n<p>Quer\u00edamos crear una fuente de informaci\u00f3n fiable y comprensible sobre temas bucodentales, ya que nos dimos cuenta de que hab\u00eda poca informaci\u00f3n sobre temas odontol\u00f3gicos, o que era dif\u00edcil de leer debido al car\u00e1cter cient\u00edfico de algunos sitios web.<\/p>\n\n\n\n<p>El sitio web <a href=\"https:\/\/Nutrident.fr\" target=\"_blank\" rel=\"noopener\">Nutrident.fr<\/a> tambi\u00e9n desarrolla la idea de que es posible fortalecer y remineralizar los dientes. Insistimos constantemente en que una microbiota oral sana empieza por el principio.<\/p>\n\n\n\n<p>Nuestro inter\u00e9s por este tema va m\u00e1s all\u00e1 de la mera curiosidad y se basa en nuestras experiencias personales. Nuestro equipo est\u00e1 formado por dentistas, escritores especializados y especialistas en web. Algunos de nosotros tenemos en com\u00fan haber sufrido una mala higiene dental cuando \u00e9ramos m\u00e1s j\u00f3venes.<\/p>\n\n\n\n<p>Iniciamos este sitio para compartir lo que hemos aprendido sobre las buenas pr\u00e1cticas alimentarias para prevenir las caries, la gingivitis y otras afecciones que debilitan los dientes.<\/p>\n\n\n\n<p>Nuestros consejos no sustituyen a los de un dentista, pero nuestros art\u00edculos permiten comprender mejor los componentes de una buena higiene dental.<\/p>\n\n\n\n<div id=\"ez-toc-container\" class=\"ez-toc-v2_0_33_2 counter-hierarchy ez-toc-counter ez-toc-white ez-toc-container-direction\">\n<div class=\"ez-toc-title-container\">\n<p class=\"ez-toc-title\">Contenus<\/p>\n<span class=\"ez-toc-title-toggle\"><a href=\"#\" class=\"ez-toc-pull-right ez-toc-btn ez-toc-btn-xs ez-toc-btn-default ez-toc-toggle\" style=\"display: none;\"><label for=\"item\" aria-label=\"Tabla de contenidos\"><i class=\"ez-toc-glyphicon ez-toc-icon-toggle\"><\/i><\/label><input type=\"checkbox\" id=\"item\"><\/a><\/span><\/div>\n<nav><ul class='ez-toc-list ez-toc-list-level-1'><li class='ez-toc-page-1 ez-toc-heading-level-2'><a class=\"ez-toc-link ez-toc-heading-1\" href=\"https:\/\/nutrident.fr\/es\/bienvenido-a-nutrident-com\/#El_equipo_de_Nutridentes_Dentistas_consultores_medicos_y_escritores_especializados\" title=\"El equipo de Nutrident.es: Dentistas, consultores m\u00e9dicos y escritores especializados\">El equipo de Nutrident.es: Dentistas, consultores m\u00e9dicos y escritores especializados<\/a><\/li><li class='ez-toc-page-1 ez-toc-heading-level-2'><a class=\"ez-toc-link ez-toc-heading-2\" href=\"https:\/\/nutrident.fr\/es\/bienvenido-a-nutrident-com\/#Nuestra_mision_proporcionar_informacion_util_para_fortalecer_sus_dientes_y_evitar_la_caries_dental\" title=\"Nuestra misi\u00f3n: proporcionar informaci\u00f3n \u00fatil para fortalecer sus dientes y evitar la caries dental\">Nuestra misi\u00f3n: proporcionar informaci\u00f3n \u00fatil para fortalecer sus dientes y evitar la caries dental<\/a><\/li><li class='ez-toc-page-1 ez-toc-heading-level-2'><a class=\"ez-toc-link ez-toc-heading-3\" href=\"https:\/\/nutrident.fr\/es\/bienvenido-a-nutrident-com\/#%C2%BFComo_creamos_contenidos\" title=\"\u00bfC\u00f3mo creamos contenidos?\">\u00bfC\u00f3mo creamos contenidos?<\/a><\/li><\/ul><\/nav><\/div>\n<h2><span class=\"ez-toc-section\" id=\"El_equipo_de_Nutridentes_Dentistas_consultores_medicos_y_escritores_especializados\"><\/span>El equipo de Nutrident.es: Dentistas, consultores m\u00e9dicos y escritores especializados<span class=\"ez-toc-section-end\"><\/span><\/h2>\n\n\n<div class=\"wp-block-image\">\n<figure class=\"aligncenter\"><img width=\"225\" height=\"300\" src=\"https:\/\/nutrident.fr\/wp-content\/uploads\/2021\/02\/Photo-Violaine-225x300.jpg\" alt=\"Violaine Nutrident org\u00e1nico\" class=\"wp-image-8645\" srcset=\"https:\/\/nutrident.fr\/wp-content\/uploads\/2021\/02\/Photo-Violaine-225x300.jpg 225w, https:\/\/nutrident.fr\/wp-content\/uploads\/2021\/02\/Photo-Violaine-768x1024.jpg 768w, https:\/\/nutrident.fr\/wp-content\/uploads\/2021\/02\/Photo-Violaine-1152x1536.jpg 1152w, https:\/\/nutrident.fr\/wp-content\/uploads\/2021\/02\/Photo-Violaine-1536x2048.jpg 1536w, https:\/\/nutrident.fr\/wp-content\/uploads\/2021\/02\/Photo-Violaine-1080x1440.jpg 1080w, https:\/\/nutrident.fr\/wp-content\/uploads\/2021\/02\/Photo-Violaine-1280x1707.jpg 1280w, https:\/\/nutrident.fr\/wp-content\/uploads\/2021\/02\/Photo-Violaine-980x1307.jpg 980w, https:\/\/nutrident.fr\/wp-content\/uploads\/2021\/02\/Photo-Violaine-480x640.jpg 480w, https:\/\/nutrident.fr\/wp-content\/uploads\/2021\/02\/Photo-Violaine-scaled.jpg 1920w\" sizes=\"(max-width: 225px) 100vw, 225px\" \/><\/figure><\/div>\n\n\n<h4>Violaine Cantenot, editora especializada<\/h4>\n\n\n\n<p>Violaine es una escritora web interesada en varios temas, entre ellos la salud. Su funci\u00f3n dentro del equipo de Nutrident.fr es recopilar art\u00edculos dedicados a la odontolog\u00eda, con el fin de popularizarlos y hacerlos accesibles a todos. Su deseo es ayudar al lector a comprender mejor el campo de la higiene bucodental, con el fin de dominar m\u00e1s temas antes de la visita al dentista o de tomar mejores decisiones.<\/p>\n\n\n\n<p>facebooklinkedin<\/p>\n\n\n<div class=\"wp-block-image\">\n<figure class=\"aligncenter\"><img width=\"300\" height=\"273\" src=\"https:\/\/nutrident.fr\/wp-content\/uploads\/2020\/04\/kat-redac-300x273.png\" alt=\"Katia\" class=\"wp-image-4020\" srcset=\"https:\/\/nutrident.fr\/wp-content\/uploads\/2020\/04\/kat-redac-300x273.png 300w, https:\/\/nutrident.fr\/wp-content\/uploads\/2020\/04\/kat-redac.png 448w\" sizes=\"(max-width: 300px) 100vw, 300px\" \/><\/figure><\/div>\n\n\n<h4>Katia Idir, redactora de salud<\/h4>\n\n\n\n<p>Katia es una escritora especializada y estudiante de medicina en Marruecos. Dedica el poco tiempo que tiene a escribir art\u00edculos de divulgaci\u00f3n m\u00e9dica para hacerlos m\u00e1s accesibles al p\u00fablico en general. Katia es muy activa en sus estudios y aporta su visi\u00f3n experta sobre los temas que tratan en nutrident.fr.<\/p>\n\n\n\n<p>facebook<\/p>\n\n\n<div class=\"wp-block-image\">\n<figure class=\"aligncenter\"><img width=\"244\" height=\"300\" src=\"https:\/\/nutrident.fr\/wp-content\/uploads\/2020\/12\/celine-soussan-on-244x300.jpg\" alt=\"cecile soussan\" class=\"wp-image-7374\" srcset=\"https:\/\/nutrident.fr\/wp-content\/uploads\/2020\/12\/celine-soussan-on-244x300.jpg 244w, https:\/\/nutrident.fr\/wp-content\/uploads\/2020\/12\/celine-soussan-on.jpg 385w\" sizes=\"(max-width: 244px) 100vw, 244px\" \/><\/figure><\/div>\n\n\n<h4>Dra. Celine Soussan, Ortodoncista<\/h4>\n\n\n\n<p>El Dr. Soussan es doctor en cirug\u00eda dental, especialista cualificado en ortodoncia y ortopedia dentofacial, y trabaja como consultor de ortodoncia invisible en la p\u00e1gina web nutrident.fr.<\/p>\n\n\n\n<p>El Dr. Soussan tambi\u00e9n es un proveedor certificado de Invisalign Diamond desde 2004. Lleva ejerciendo la ortodoncia desde 2003 y es miembro del <a href=\"https:\/\/www.bloomsquare.com\/\" target=\"_blank\" rel=\"noopener\">equipo m\u00e9dico de ortodoncia invisible<\/a> de Bloomsquare Studios&nbsp;.<\/p>\n\n\n\n<p>linkedin<\/p>\n\n\n<div class=\"wp-block-image\">\n<figure class=\"aligncenter\"><img width=\"300\" height=\"284\" src=\"https:\/\/nutrident.fr\/wp-content\/uploads\/2021\/01\/Dr-Anne-Gael-COHEN-300x284.jpg\" alt=\"\" class=\"wp-image-8436\" srcset=\"https:\/\/nutrident.fr\/wp-content\/uploads\/2021\/01\/Dr-Anne-Gael-COHEN-300x284.jpg 300w, https:\/\/nutrident.fr\/wp-content\/uploads\/2021\/01\/Dr-Anne-Gael-COHEN.jpg 426w\" sizes=\"(max-width: 300px) 100vw, 300px\" \/><\/figure><\/div>\n\n\n<h4>Dra. Anne-Ga\u00ebl Cohen, Ortodoncista<\/h4>\n\n\n\n<p>La Dra. Anne-Ga\u00ebl Cohen es doctora en cirug\u00eda dental (Par\u00eds V), especialista cualificada en ortopedia dentofacial y ortodoncista especializada. La Dra. Anne-Ga\u00ebl Cohen es consultora de ortodoncia en la p\u00e1gina web nutrident.fr. La Dra. Anne-Ga\u00ebl Cohen trabaja en su <a href=\"https:\/\/orthodontiste-puteaux.fr\/\" target=\"_blank\" rel=\"noopener\">consulta de ortodoncia de Puteaux<\/a> con la Dra. Ilena Toledano y trata todos los problemas de ortodoncia a cualquier edad.<\/p>\n\n\n\n<p>linkedin<\/p>\n\n\n<div class=\"wp-block-image\">\n<figure class=\"aligncenter\"><img width=\"300\" height=\"284\" src=\"https:\/\/nutrident.fr\/wp-content\/uploads\/2021\/01\/Dr-Ilana-TOLEDANO-300x284.jpg\" alt=\"\" class=\"wp-image-8441\" srcset=\"https:\/\/nutrident.fr\/wp-content\/uploads\/2021\/01\/Dr-Ilana-TOLEDANO-300x284.jpg 300w, https:\/\/nutrident.fr\/wp-content\/uploads\/2021\/01\/Dr-Ilana-TOLEDANO.jpg 426w\" sizes=\"(max-width: 300px) 100vw, 300px\" \/><\/figure><\/div>\n\n\n<h4>Dra. Ilena Toledano, Ortodoncista<\/h4>\n\n\n\n<p>La Dra. Ilena Toledano es doctora en cirug\u00eda dental (Par\u00eds VII), especialista cualificada en ortopedia dentofacial y ortodoncista especializada. La Dra. Ilena Toledano es consultora de ortodoncia en el sitio web nutrident.co.uk.<\/p>\n\n\n\n<p>La Dra. Ilena Toledano trabaja en su <a href=\"https:\/\/orthodontiste-puteaux.fr\/\" target=\"_blank\" rel=\"noopener\">consulta de ortodoncia de Puteaux<\/a> con la Dra. Anne-Ga\u00ebl Cohen y trata en&nbsp; todos los problemas de ortodoncia a cualquier edad.<\/p>\n\n\n<div class=\"wp-block-image\">\n<figure class=\"aligncenter\"><img width=\"255\" height=\"255\" src=\"https:\/\/nutrident.fr\/wp-content\/uploads\/2021\/01\/Ilan-Darmon-Oncologue-radiotherapeute.jpg\" alt=\"Ilan Darmon\" class=\"wp-image-8587\" srcset=\"https:\/\/nutrident.fr\/wp-content\/uploads\/2021\/01\/Ilan-Darmon-Oncologue-radiotherapeute.jpg 255w, https:\/\/nutrident.fr\/wp-content\/uploads\/2021\/01\/Ilan-Darmon-Oncologue-radiotherapeute-150x150.jpg 150w\" sizes=\"(max-width: 255px) 100vw, 255px\" \/><\/figure><\/div>\n\n\n<h4>Dr. Ilan Darmon, radioterapeuta onc\u00f3logo<\/h4>\n\n\n\n<p>El Dr. Ilan Darmon es consultor en nutrident.fr para art\u00edculos de salud, por ejemplo sobre el c\u00e1ncer y la salud dental. Trabaja en el centro de radioterapia Henri Hartmann.<\/p>\n\n\n\n<p>El&nbsp;El <a href=\"https:\/\/radiotherapie-hartmann.fr\/\" target=\"_blank\" rel=\"noopener\" data-saferedirecturl=\"https:\/\/www.google.com\/url?q=https:\/\/radiotherapie-hartmann.fr\/&source=gmail&ust=1611865507506000&usg=AFQjCNG83-tH4UjBYJbnAmQ5sBYAopid-Q\">Centro de Radioterapia Henri Hartmann<\/a> es un centro especializado en el tratamiento de pacientes con c\u00e1ncer, que ofrece servicios integrales de radioterapia en un entorno centrado en el paciente. El Instituto H. Hartmann de Radioterapia combina un equipo m\u00e9dico din\u00e1mico y competente con equipos de \u00faltima generaci\u00f3n. El Instituto Hartmann de Radioterapia combina un equipo m\u00e9dico din\u00e1mico y competente con equipos de \u00faltima generaci\u00f3n que incluyen un cibercuchillo, un TrueBeam y un Halcyon.<\/p>\n\n\n<div class=\"wp-block-image\">\n<figure class=\"aligncenter\"><img width=\"279\" height=\"300\" src=\"https:\/\/nutrident.fr\/wp-content\/uploads\/2021\/01\/Dr-Jacques-Lambrozo-1-279x300.jpg\" alt=\"\" class=\"wp-image-8610\" srcset=\"https:\/\/nutrident.fr\/wp-content\/uploads\/2021\/01\/Dr-Jacques-Lambrozo-1-279x300.jpg 279w, https:\/\/nutrident.fr\/wp-content\/uploads\/2021\/01\/Dr-Jacques-Lambrozo-1.jpg 300w\" sizes=\"(max-width: 279px) 100vw, 279px\" \/><\/figure><\/div>\n\n\n<h4>Dr. Jacques Lambrozo, Medicina Interna &#8211; Geriatr\u00eda<\/h4>\n\n\n\n<p>El Dr. Lambrozo es especialista en medicina interna y endocrinolog\u00eda, es presidente de la <a href=\"https:\/\/www.adiam.net\/\" target=\"_blank\" rel=\"noopener\">asociaci\u00f3n de ayuda a domicilio de Par\u00eds<\/a> (ADIAM) y es miembro de la Sociedad Francesa de Geriatr\u00eda y Gerontolog\u00eda.<\/p>\n\n\n\n<p>El Dr. Lambrozo es consultor en nutrident.co.uk para art\u00edculos dedicados a la salud dental de las personas mayores.<\/p>\n\n\n<div class=\"wp-block-image\">\n<figure class=\"aligncenter\"><img width=\"300\" height=\"330\" src=\"https:\/\/nutrident.fr\/wp-content\/uploads\/2021\/01\/dr-hauptschein.jpg\" alt=\"\" class=\"wp-image-8613\" srcset=\"https:\/\/nutrident.fr\/wp-content\/uploads\/2021\/01\/dr-hauptschein.jpg 300w, https:\/\/nutrident.fr\/wp-content\/uploads\/2021\/01\/dr-hauptschein-273x300.jpg 273w\" sizes=\"(max-width: 300px) 100vw, 300px\" \/><\/figure><\/div>\n\n\n<h4>Dr. Hauptschein, dentista general<\/h4>\n\n\n\n<p>El Dr. Hauptschein lleva m\u00e1s de 45 a\u00f1os ejerciendo como<a href=\"https:\/\/www.mondentistechampigny.fr\/\" target=\"_blank\" rel=\"noopener\" data-saferedirecturl=\"https:\/\/www.google.com\/url?q=https:\/\/www.mondentistechampigny.fr\/&source=gmail&ust=1611954703767000&usg=AFQjCNE7WO1tBqHwRjGGPDCgP4UT3oKrYA\">dentista general<\/a>&nbsp;<a href=\"https:\/\/www.mondentistechampigny.fr\/\" target=\"_blank\" rel=\"noopener\" data-saferedirecturl=\"https:\/\/www.google.com\/url?q=https:\/\/www.mondentistechampigny.fr\/&source=gmail&ust=1611954703767000&usg=AFQjCNE7WO1tBqHwRjGGPDCgP4UT3oKrYA\">&nbsp;<\/a><\/p>\n\n\n\n<ul><li>&nbsp;Doctor en Cirug\u00eda Dental<\/li><li>&nbsp;Licenciado en la Facultad de Cirug\u00eda Dental de Par\u00eds<\/li><li>&nbsp;Diplomado en Estudios Odontol\u00f3gicos en la Facultad de Par\u00eds Descartes<\/li><\/ul>\n\n\n\n<p>La Dra. Hauptschein es escritora consultora de nutrident.co.uk.<\/p>\n\n\n<div class=\"wp-block-image\">\n<figure class=\"aligncenter\"><img width=\"280\" height=\"284\" src=\"https:\/\/nutrident.fr\/wp-content\/uploads\/2020\/05\/Screenshot-2020-05-23-at-21.30.57.png\" alt=\"Dr. Suba\" class=\"wp-image-4478\"\/><\/figure><\/div>\n\n\n<h4><strong>Dr. Suba, cirujano dental<\/strong><\/h4>\n\n\n\n<p>Un cirujano dental, graduado en la Facultad de Odontolog\u00eda de Budapest, el Dr. G. K. K. Suba es especialista en implantolog\u00eda y pr\u00f3tesis dental. Es asesor editorial y autor de nutrident.co.uk, y dirige una cl\u00ednica de implantes y odontolog\u00eda est\u00e9tica en el centro de Budapest.<\/p>\n\n\n\n<p>linkedin<\/p>\n\n\n<div class=\"wp-block-image\">\n<figure class=\"aligncenter\"><img width=\"150\" height=\"150\" src=\"https:\/\/nutrident.fr\/wp-content\/uploads\/2020\/06\/Screenshot-2020-06-27-at-13.46.29-150x150.png\" alt=\"\" class=\"wp-image-5441\"\/><\/figure><\/div>\n\n\n<h4><strong>Guillaume Feelgood, natur\u00f3pata y entrenador deportivo<\/strong><\/h4>\n\n\n\n<p>Natur\u00f3pata, y entrenador deportivo, Guillaume comparte sus consejos para ayudarle a reducir el perenne estr\u00e9s que contamina nuestras vidas, \u00a1y a disfrutar de la vida al m\u00e1ximo!<\/p>\n\n\n\n<p>Trabaja como consultor editorial para nutrident.fr en la parte de alimentaci\u00f3n, y su sitio es <a href=\"https:\/\/mrbienetre.fr\/qui-suis-je\/\" target=\"_blank\" rel=\"noopener\">mrbienetre.<\/a>fr<\/p>\n\n\n<div class=\"wp-block-image\">\n<figure class=\"aligncenter\"><img width=\"150\" height=\"150\" src=\"https:\/\/nutrident.fr\/wp-content\/uploads\/2020\/05\/Screenshot-2020-05-28-at-20.30.40-150x150.png\" alt=\"mujer joven\" class=\"wp-image-4585\"\/><\/figure><\/div>\n\n\n<h4><strong>Aurore Noblecourt, dietista nutricionista<\/strong><\/h4>\n\n\n\n<p>Aurore es una dietista-nutricionista que trabaja escuchando y dando consejos personalizados para elaborar planes diet\u00e9ticos adaptados a su estilo de vida.<\/p>\n\n\n\n<p>Trabaja como consultora editorial para nutrident y dirige su propia consulta desde hace m\u00e1s de diez a\u00f1os.<\/p>\n\n\n\n<p>linkedin<\/p>\n\n\n\n<h2><span class=\"ez-toc-section\" id=\"Nuestra_mision_proporcionar_informacion_util_para_fortalecer_sus_dientes_y_evitar_la_caries_dental\"><\/span><strong>Nuestra misi\u00f3n: proporcionar informaci\u00f3n \u00fatil para fortalecer sus dientes y evitar la caries dental<\/strong><span class=\"ez-toc-section-end\"><\/span><\/h2>\n\n\n\n<p>Cada vez hay m\u00e1s investigaciones que demuestran<strong> la importancia de la dieta<\/strong> para tener unos dientes sanos. Para cuidar los dientes, cada vez es m\u00e1s importante la dieta, la microbiota oral e intestinal, las <a href=\"https:\/\/nutrident.fr\/es\/los-beneficios-de-las-vitaminas-liposolubles-en-los-dientes\/\">vitaminas liposolubles<\/a>, como la vitamina K2, o elaceite de h\u00edgado de bacalao.<\/p>\n\n\n\n<p>Existen reglas diet\u00e9ticas y de higiene bucal que ayudan a fortalecer los dientes para prevenir las caries, <a href=\"https:\/\/nutrident.fr\/es\/gingivitis-y-carencia-de-zinc\/\">la gingivitis<\/a> y&nbsp;<a href=\"https:\/\/nutrident.fr\/es\/dolor-de-muelas\/\">dolor de muelas<\/a>.<\/p>\n\n\n\n<p>Nutrident.fr pretende ofrecer <strong>informaci\u00f3n fiable y accesible<\/strong> sobre los problemas bucodentales, pero tambi\u00e9n sobre los tipos de atenci\u00f3n que se prestan en las consultas dentales.<\/p>\n\n\n\n<div class=\"et_pb_module et_pb_text et_pb_text_3 et_pb_bg_layout_light et_pb_text_align_left\">\n<div class=\"et_pb_text_inner\">\n<h2 style=\"text-align: left;\"><span class=\"ez-toc-section\" id=\"%C2%BFComo_creamos_contenidos\"><\/span><strong>\u00bfC\u00f3mo creamos contenidos?<\/strong><span class=\"ez-toc-section-end\"><\/span><\/h2>\n<p style=\"text-align: justify;\">Todo el contenido de este sitio ha sido<strong> planificado y editado por nosotros<\/strong> para asegurar que cumple con los m\u00e1s altos est\u00e1ndares. A veces recurrimos a escritores independientes para que preparen los art\u00edculos, pero nada se pone en l\u00ednea sin nuestra aprobaci\u00f3n. Esto es para asegurar que toda la informaci\u00f3n en este sitio es exacta.<\/p>\n<p style=\"text-align: justify;\">Intentamos, en la medida de lo posible, tener en nuestras manos los productos de los que hablamos en este sitio, pero no siempre es posible. En este caso, nos basamos en las opiniones de personas reales que han probado el producto.<\/p>\n<p style=\"text-align: justify;\">Tambi\u00e9n pasamos mucho tiempo con <strong>los dentistas<\/strong> para discutir las ideas de este sitio y para reunir informaci\u00f3n sobre ciertos productos.<\/p>\n<p style=\"text-align: justify;\">Queremos que pueda confiar en nuestro sitio para mejorar su salud dental y tomar las decisiones correctas para evitar las caries.<\/p>\n<\/div>\n<\/div>\n<div class=\"article-data before-content\"><div class=\"article-data__date\"><div class=\"article-data__date-modified\"><time class=\"published\" datetime=\"2022-10-28T11:56:40+00:00\">This article was originally published on&nbsp;<span class=\"2\">octubre 28, 2022<\/span>&nbsp;and was most recently updated on&nbsp;<span>diciembre 22, 2022<\/span><\/time><br><\/div><\/div><\/div><div class=\"user-info\"><\/div>","protected":false},"excerpt":{"rendered":"<p>Updated:&nbsp;diciembre 22, 2022 Quer\u00edamos crear una fuente de informaci\u00f3n fiable y comprensible sobre temas bucodentales, ya que nos dimos cuenta de que hab\u00eda poca informaci\u00f3n sobre temas odontol\u00f3gicos, o que era dif\u00edcil de leer debido al car\u00e1cter cient\u00edfico de algunos sitios web. El sitio web Nutrident.fr tambi\u00e9n desarrolla la idea de que es posible fortalecer [&hellip;]<\/p>\n","protected":false},"author":2,"featured_media":0,"parent":0,"menu_order":0,"comment_status":"closed","ping_status":"closed","template":"","meta":{"inline_featured_image":false},"acf":[],"_links":{"self":[{"href":"https:\/\/nutrident.fr\/es\/wp-json\/wp\/v2\/pages\/17263"}],"collection":[{"href":"https:\/\/nutrident.fr\/es\/wp-json\/wp\/v2\/pages"}],"about":[{"href":"https:\/\/nutrident.fr\/es\/wp-json\/wp\/v2\/types\/page"}],"author":[{"embeddable":true,"href":"https:\/\/nutrident.fr\/es\/wp-json\/wp\/v2\/users\/2"}],"replies":[{"embeddable":true,"href":"https:\/\/nutrident.fr\/es\/wp-json\/wp\/v2\/comments?post=17263"}],"version-history":[{"count":5,"href":"https:\/\/nutrident.fr\/es\/wp-json\/wp\/v2\/pages\/17263\/revisions"}],"predecessor-version":[{"id":19539,"href":"https:\/\/nutrident.fr\/es\/wp-json\/wp\/v2\/pages\/17263\/revisions\/19539"}],"wp:attachment":[{"href":"https:\/\/nutrident.fr\/es\/wp-json\/wp\/v2\/media?parent=17263"}],"curies":[{"name":"wp","href":"https:\/\/api.w.org\/{rel}","templated":true}]}}