

{"id":19117,"date":"2022-11-10T09:13:18","date_gmt":"2022-11-10T09:13:18","guid":{"rendered":"https:\/\/nutrident.fr\/?page_id=19117"},"modified":"2023-06-13T10:09:35","modified_gmt":"2023-06-13T10:09:35","slug":"kit-blanqueador-dental","status":"publish","type":"page","link":"https:\/\/nutrident.fr\/es\/blanqueamiento-profesional\/kit-blanqueador-dental\/","title":{"rendered":"Kit blanqueador dental: cu\u00e1l es el mejor kit casero y sus precios"},"content":{"rendered":"<div class=\"meta\"><div class=\"meta__users\">    <div class=\"meta__users__reviewed\">\r\n      <p class=\"meta__users__caption\">Contributor:&nbsp;<\/p>\r\n      <div class=\"users\">\r\n        <span class=\"users__user\">\r\n          <a href=\"#\">Dr Abel Jes\u00fas Pederzoli<\/a>\r\n        <\/span>\r\n      <\/div>\r\n    <\/div>\r\n\t<\/div><div class=\"meta__date-modified\">Updated:&nbsp;<span>junio 13, 2023<\/span><\/div><\/div><div class=\"wp-block-image\">\n<figure class=\"alignright size-large is-resized\"><img src=\"https:\/\/nutrident.fr\/wp-content\/uploads\/2022\/12\/kit-de-blanqueamiento-1024x676.jpg\" alt=\"\" class=\"wp-image-19413\" width=\"300\" height=\"200\"\/><figcaption>Un kit blanqueador te ayudar\u00e1 a conseguir dientes m\u00e1s blancos<\/figcaption><\/figure><\/div>\n\n\n<p>\u00bfQuieres blanquear tus dientes en casa? Un kit blanqueador dental es la mejor opci\u00f3n. Para muchas personas, tener dientes m\u00e1s blancos es una forma de reinventarse, sentirse mejor consigo mismos y hasta tener una mejor actitud en la vida.<\/p>\n\n\n\n<p>Pero, si quieres blanquear tus dientes en casa sin tener que recurrir a remedios caseros o cualquier otro m\u00e9todo complicado, comprar un kit de blanqueamiento dental te garantizar\u00e1 dos cosas: buenos resultados y la posibilidad de repetirlo cada vez que tus dientes lo ameriten.<\/p>\n\n\n\n<p>Los kits caseros usan un gel blanqueador y, en general, una fuente de luz LED para ayudarte a conseguir dientes m\u00e1s blancos <strong>desde la comodidad de tu casa<\/strong> y <strong>a un precio m\u00e1s asequible<\/strong>. Con este m\u00e9todo no tendr\u00e1s que esperar la pr\u00f3xima cita con tu dentista. Basta con abrir la caja, seguir las indicaciones del producto y disfrutar de los resultados: una sonrisa blanca y saludable que irradiar\u00e1 alegr\u00eda y confianza. <\/p>\n\n\n\n<p>Por todas estas razones, hemos hablado con nuestros expertos para determinar cu\u00e1les son los mejores kits de blanqueamiento dental del mercado europeo y ayudarte a conseguir la mejor opci\u00f3n para tus necesidades y presupuesto. Sigue leyendo y descubre cu\u00e1les son.<\/p>\n\n\n\n<div id=\"ez-toc-container\" class=\"ez-toc-v2_0_33_2 counter-hierarchy ez-toc-counter ez-toc-white ez-toc-container-direction\">\n<div class=\"ez-toc-title-container\">\n<p class=\"ez-toc-title\">Contenus<\/p>\n<span class=\"ez-toc-title-toggle\"><a href=\"#\" class=\"ez-toc-pull-right ez-toc-btn ez-toc-btn-xs ez-toc-btn-default ez-toc-toggle\" style=\"display: none;\"><label for=\"item\" aria-label=\"Tabla de contenidos\"><i class=\"ez-toc-glyphicon ez-toc-icon-toggle\"><\/i><\/label><input type=\"checkbox\" id=\"item\"><\/a><\/span><\/div>\n<nav><ul class='ez-toc-list ez-toc-list-level-1'><li class='ez-toc-page-1 ez-toc-heading-level-2'><a class=\"ez-toc-link ez-toc-heading-1\" href=\"https:\/\/nutrident.fr\/es\/blanqueamiento-profesional\/kit-blanqueador-dental\/#%C2%BFQue_es_un_kit_blanqueador_dental\" title=\"\u00bfQu\u00e9 es un kit blanqueador dental?\">\u00bfQu\u00e9 es un kit blanqueador dental?<\/a><\/li><li class='ez-toc-page-1 ez-toc-heading-level-2'><a class=\"ez-toc-link ez-toc-heading-2\" href=\"https:\/\/nutrident.fr\/es\/blanqueamiento-profesional\/kit-blanqueador-dental\/#Tipos_de_productos_blanqueadores\" title=\"Tipos de productos blanqueadores\">Tipos de productos blanqueadores<\/a><\/li><li class='ez-toc-page-1 ez-toc-heading-level-2'><a class=\"ez-toc-link ez-toc-heading-3\" href=\"https:\/\/nutrident.fr\/es\/blanqueamiento-profesional\/kit-blanqueador-dental\/#Los_5_mejores_kits_de_blanqueamiento_dental_en_casa\" title=\"Los 5 mejores kits de blanqueamiento dental en casa\">Los 5 mejores kits de blanqueamiento dental en casa<\/a><\/li><li class='ez-toc-page-1 ez-toc-heading-level-2'><a class=\"ez-toc-link ez-toc-heading-4\" href=\"https:\/\/nutrident.fr\/es\/blanqueamiento-profesional\/kit-blanqueador-dental\/#Recomendaciones_finales\" title=\"Recomendaciones finales\">Recomendaciones finales<\/a><\/li><li class='ez-toc-page-1 ez-toc-heading-level-2'><a class=\"ez-toc-link ez-toc-heading-5\" href=\"https:\/\/nutrident.fr\/es\/blanqueamiento-profesional\/kit-blanqueador-dental\/#Conclusion\" title=\"Conclusi\u00f3n\">Conclusi\u00f3n<\/a><\/li><\/ul><\/nav><\/div>\n<h2><span class=\"ez-toc-section\" id=\"%C2%BFQue_es_un_kit_blanqueador_dental\"><\/span><strong>\u00bfQu\u00e9 es un kit blanqueador dental?<\/strong><span class=\"ez-toc-section-end\"><\/span><\/h2>\n\n\n\n<p>Un kit blanqueador dental es un producto que incluye una f\u00f3rmula en gel que sirve para blanquear los dientes y otros accesorios que sirven de apoyo para el procedimiento. Por lo general, los kits de blanqueamiento dental <strong>se pueden comprar en farmacias<\/strong>, <strong>centros odontol\u00f3gicos<\/strong> o <strong>en l\u00ednea<\/strong>, pero no todos ofrecen los mismos resultados.<\/p>\n\n\n\n<p>Actualmente se pueden encontrar blanqueadores dentales con luz LED, la cual activa los agentes blanqueadores de los dientes y suele producir resultados m\u00e1s r\u00e1pido. Algunos kits tambi\u00e9n incluyen otros componentes, como por ejemplo f\u00e9rulas dentales moldeables.<\/p>\n\n\n\n<h2><span class=\"ez-toc-section\" id=\"Tipos_de_productos_blanqueadores\"><\/span><strong>Tipos de productos blanqueadores<\/strong><span class=\"ez-toc-section-end\"><\/span><\/h2>\n\n\n<div class=\"wp-block-image\">\n<figure class=\"alignright size-large is-resized\"><img src=\"https:\/\/nutrident.fr\/wp-content\/uploads\/2022\/12\/blanqueamiento-dental-en-casa-1024x540.jpg\" alt=\"\" class=\"wp-image-19416\" width=\"300\" height=\"200\"\/><figcaption>Existen dos tipos de productos blanqueadores seg\u00fan su concentraci\u00f3n<\/figcaption><\/figure><\/div>\n\n\n<p>Los tipos de productos blanqueadores dentales se dividen de acuerdo a los componentes que utilizan, ya sea <strong>per\u00f3xido de carbamida<\/strong>, <strong>per\u00f3xido de hidr\u00f3geno<\/strong> u otros. Por tanto, se clasifican de acuerdo a la concentraci\u00f3n del agente blanqueador, tales como:<\/p>\n\n\n\n<h3>Blanqueadores ambulatorios<\/h3>\n\n\n\n<p>Estos tipos de blanqueadores son <strong>los m\u00e1s suaves<\/strong> que puedes encontrar en el mercado. Son de uso ambulatorio, por lo que su concentraci\u00f3n de per\u00f3xido de hidr\u00f3geno debe rondar los 0,1% a 1% y, en el caso del per\u00f3xido de carbamida, de 0,3% a 3%. Este suele ser el porcentaje de concentraci\u00f3n que usan los kits blanqueadores caseros.<\/p>\n\n\n\n<h3>Blanqueadores de uso odontol\u00f3gico<\/h3>\n\n\n\n<p>Los productos que tienen un porcentaje de per\u00f3xido de hidr\u00f3geno entre 1 a 6%, o de per\u00f3xido de carbamida entre 3 a 18%, solo pueden ser utilizados y distribuidos<strong> para uso m\u00e9dico profesional<\/strong>. Este tipo de concentraci\u00f3n se utilizan en procedimientos de blanqueamiento dental profesional.<\/p>\n\n\n\n<h2><span class=\"ez-toc-section\" id=\"Los_5_mejores_kits_de_blanqueamiento_dental_en_casa\"><\/span><strong>Los 5 mejores kits de blanqueamiento dental en casa<\/strong><span class=\"ez-toc-section-end\"><\/span><\/h2>\n\n\n\n<p>Elegir los 5 kits blanqueadores caseros m\u00e1s populares fue sencillo: el mercado se encuentra abarrotado de marcas que ofrecen kits de alta calidad a precios asequibles. Pero t\u00fa no tendr\u00e1s que escoger entre cientos de opciones disponibles, solo tienes que leer las siguientes rese\u00f1as y elegir tu favorito.<\/p>\n\n\n\n<h3>Smile Avenue<\/h3>\n\n\n\n<p>\u00bfQuieres un kit blanqueador dental r\u00e1pido y e indoloro? Smile Avenue es la mejor opci\u00f3n. Fabricado con los mejores ingredientes y materiales, Smile Avenue cuenta con la <strong>patente de calidad de la Uni\u00f3n Europea<\/strong>, por lo que es una de las opciones favoritas de los espa\u00f1oles.<\/p>\n\n\n\n<p>Es un blanqueador amigable que te ayudar\u00e1 a <strong>blanquear los dientes de forma segura<\/strong>. Y si tienes sensibilidad dental, no te preocupes: Smile Avenue es un producto pensado para aquellas personas que tienen condiciones dentales y a quienes se les dificultan los m\u00e9todos de blanqueamiento convencionales.<\/p>\n\n\n\n<p>El kit incluye una l\u00e1mpara bucal de luz LED 2.0, una bandeja o f\u00e9rula para los dientes y cuatro l\u00e1pices con la f\u00f3rmula blanqueadora. Es uno de los blanqueadores m\u00e1s costosos de esta lista, pero la calidad de sus componentes y la <strong>f\u00f3rmula libre de per\u00f3xido<\/strong> lo convierte en una de las opciones m\u00e1s recomendadas del mercado.<\/p>\n\n\n\n<p>\u00bfLo mejor de Smile Avenue? Notar\u00e1s los <strong>resultados desde el primer d\u00eda<\/strong>, no tendr\u00e1s que preocuparte porque el gel manche tu piel (no contiene per\u00f3xido) y trae suficiente gel para realizar el procedimiento varias veces.<\/p>\n\n\n\n<h3>Very Good Smile <\/h3>\n\n\n<div class=\"wp-block-image\">\n<figure class=\"alignright size-large is-resized\"><img src=\"https:\/\/nutrident.fr\/wp-content\/uploads\/2022\/12\/kit-blanqueador-dental-1024x682.jpg\" alt=\"kit blanqueador dental\" class=\"wp-image-19419\" width=\"300\" height=\"200\" srcset=\"https:\/\/nutrident.fr\/wp-content\/uploads\/2022\/12\/kit-blanqueador-dental-1024x682.jpg 1024w, https:\/\/nutrident.fr\/wp-content\/uploads\/2022\/12\/kit-blanqueador-dental-300x200.jpg 300w, https:\/\/nutrident.fr\/wp-content\/uploads\/2022\/12\/kit-blanqueador-dental-768x512.jpg 768w, https:\/\/nutrident.fr\/wp-content\/uploads\/2022\/12\/kit-blanqueador-dental-1536x1024.jpg 1536w, https:\/\/nutrident.fr\/wp-content\/uploads\/2022\/12\/kit-blanqueador-dental-254x169.jpg 254w, https:\/\/nutrident.fr\/wp-content\/uploads\/2022\/12\/kit-blanqueador-dental.jpg 2000w\" sizes=\"(max-width: 300px) 100vw, 300px\" \/><figcaption>Elementos que normalmente incluyen los kits blanqueadores<\/figcaption><\/figure><\/div>\n\n\n<p>Nuestra segunda elecci\u00f3n es el kit Very Good Smile, una opci\u00f3n que te encantar\u00e1 tanto por su precio econ\u00f3mico como por la calidad de sus componentes. Si el kit de Smile Avenue se sale de tu presupuesto, este sin duda te encantar\u00e1. Este kit de blanqueamiento trae menos cantidad de producto blanqueador, pero a\u00fan as\u00ed es suficiente para completar el tratamiento y gracias a ello <strong>es m\u00e1s barato<\/strong>.<\/p>\n\n\n\n<p>Incluye una l\u00e1mpara de luz LED 2.0 (de pilas), una jeringa con el gel, un manual de uso y una f\u00e9rula de tama\u00f1o est\u00e1ndar. Very Good Smile <strong>promete resultados con una sola sesi\u00f3n<\/strong>: luego de 20 minutos, tus dientes se ver\u00e1n m\u00e1s blancos que al inicio. Y lo mejor de todo es que puedes adquirir la f\u00f3rmula para recargar la jeringa por separado y repetir el proceso cada vez que lo necesites.<\/p>\n\n\n\n<p>Por otra parte, ten en cuenta que es un blanqueador ambulatorio: apenas tiene un 1% de per\u00f3xido. Si tus dientes est\u00e1n bastante amarillos, es poco probable que queden blancos luego de aplicar el producto. Sin embargo, s\u00ed que notar\u00e1s la diferencia.<\/p>\n\n\n\n<p>Cabe destacar que el kit <strong>se fabrica en Francia<\/strong>, por lo que cuenta con la aprobaci\u00f3n de la Uni\u00f3n Europea.<\/p>\n\n\n\n<h3>Crystal Whites <\/h3>\n\n\n\n<p>Crystal Whites es un kit de blanqueamiento dental que promete <strong>aclarar hasta siete tonos en menos de una semana<\/strong>. Incluye todo lo necesario para que puedas blanquear tus dientes hasta conseguir el tono deseado, por lo que ser\u00e1 mucho m\u00e1s sencillo si es tu primer kit. Su gel blanqueador est\u00e1 formulado con per\u00f3xido de carbamida, por lo que solo necesitas aplicar el tratamiento 20 minutos al d\u00eda durante el tiempo en que desees.<\/p>\n\n\n\n<p>El kit incluye una f\u00e9rula de tama\u00f1o gen\u00e9rico (no moldeable) que viene conectada a la l\u00e1mpara de luz LED. Debemos aclarar que este kit ha sido muy criticado por no incluir una f\u00e9rula moldeable, sin embargo, al usarlo es dif\u00edcil notar la diferencia porque el tama\u00f1o del molde se adapta a la mayor\u00eda de las bocas.<\/p>\n\n\n\n<p>Su mayor ventaja es, sin duda, la duraci\u00f3n del tratamiento. <strong>Solo 20 minutos<\/strong> <strong>bastan<\/strong> para que notes resultados significativos y, si quieres seguir blanqueando tus dientes, solo tienes que esperar al d\u00eda siguiente para volver a repetir el procedimiento. Al cabo de 5 o 6 d\u00edas los cambios son notables y lo mejor de todo es que su precio es muy asequible.<\/p>\n\n\n\n<p>Si no quieres pagar mucho dinero por un kit blanqueador de calidad, Crystal Whites es una buena opci\u00f3n.<\/p>\n\n\n\n<h3>iWhite <\/h3>\n\n\n<div class=\"wp-block-image\">\n<figure class=\"alignright size-large is-resized\"><img src=\"https:\/\/nutrident.fr\/wp-content\/uploads\/2022\/11\/blanqueamiento-dental-en-el-dentista-1024x684.jpg\" alt=\"kit de blanqueamiento\" class=\"wp-image-19284\" width=\"300\" height=\"200\" srcset=\"https:\/\/nutrident.fr\/wp-content\/uploads\/2022\/11\/blanqueamiento-dental-en-el-dentista-1024x684.jpg 1024w, https:\/\/nutrident.fr\/wp-content\/uploads\/2022\/11\/blanqueamiento-dental-en-el-dentista-300x200.jpg 300w, https:\/\/nutrident.fr\/wp-content\/uploads\/2022\/11\/blanqueamiento-dental-en-el-dentista-768x513.jpg 768w, https:\/\/nutrident.fr\/wp-content\/uploads\/2022\/11\/blanqueamiento-dental-en-el-dentista-1536x1025.jpg 1536w, https:\/\/nutrident.fr\/wp-content\/uploads\/2022\/11\/blanqueamiento-dental-en-el-dentista-254x170.jpg 254w, https:\/\/nutrident.fr\/wp-content\/uploads\/2022\/11\/blanqueamiento-dental-en-el-dentista.jpg 2000w\" sizes=\"(max-width: 300px) 100vw, 300px\" \/><figcaption>Un kit de blanqueamiento es mucho m\u00e1s barato que un blanqueamiento en el dentista<\/figcaption><\/figure><\/div>\n\n\n<p>\u00bfQuieres blanquear tus dientes en menos de 5 d\u00edas? iWhite lo hace por ti. Los mejores kits del mercado espa\u00f1ol se caracterizan no solo por su buen precio, sino por la <strong>rapidez y efectividad del tratamiento<\/strong>. iWhite es otra joya del mercado que viene con calcio cristalizado y mol\u00e9cula PAP, que te ayudar\u00e1n a aclarar hasta 8 tonos en 5-6 d\u00edas.<\/p>\n\n\n\n<p>\u00bfLo mejor? <strong>No tiene per\u00f3xido de hidr\u00f3geno<\/strong>, por lo que no tendr\u00e1s que preocuparte por sufrir de sensibilidad en los dientes, inflamaci\u00f3n de las enc\u00edas o cualquier otro efecto secundario. Adem\u00e1s, el producto blanqueador no viene en jeringas, sino en f\u00e9rulas rellenas que solo tienes que aplicar sobre tus dientes antes de encender la l\u00e1mpara LED. Lo genial es que puedes lavarlas despu\u00e9s de usarlas, as\u00ed que solo necesitas llenarlas con el gel blanqueador para reutilizarlas.<\/p>\n\n\n\n<p>Otra maravilla del kit es que <strong>incluye una pasta y enjuague bucal <\/strong>para usar antes y despu\u00e9s del tratamiento. Ambos productos est\u00e1n dise\u00f1ados para mantener una buena higiene dental y ayudarte a disminuir la sensibilidad dental que suele ocasionar este tipo de tratamientos.<\/p>\n\n\n\n<h3>Crystal Smiles <\/h3>\n\n\n\n<p>Si quieres probar un kit profesional pero casero, Crystal Whites cuenta con todo lo necesario para hacer que la experiencia sea r\u00e1pida y segura. Formulado con <strong>perborato de sodio<\/strong> (uno de los mejores compuestos usados en los blanqueadores libres de per\u00f3xido), el tratamiento de este kit se puede aplicar todas las veces que tus dientes lo necesiten. Incluye una l\u00e1mpara LED, una f\u00e9rula moldeable y una jeringa con el gel blanqueador.<\/p>\n\n\n\n<p>Tambien puedes encontrar una versi\u00f3n premium del kit blanqueador Crystal Smiles, la cual viene con un pre-tratamiento que ayuda a eliminar manchas en lo dientes. Tambi\u00e9n incluye un gel remineralizante y, por supuesto, m\u00e1s gel blanqueador. Sin embargo, es mucho m\u00e1s costosa que la versi\u00f3n normal.<\/p>\n\n\n\n<p>\u00bfLo malo? Cada sesi\u00f3n del tratamiento tiene <strong>una duraci\u00f3n de 45 minutos<\/strong>, lo que puede ser mucho tiempo para algunas personas. Si el tiempo no es un problema para ti, Crystal Smiles es una buena opci\u00f3n, pero si quieres blanquear tus dientes en 20 minutos, las opciones anteriores te servir\u00e1n.<\/p>\n\n\n\n<h2><span class=\"ez-toc-section\" id=\"Recomendaciones_finales\"><\/span>Recomendaciones finales<span class=\"ez-toc-section-end\"><\/span><\/h2>\n\n\n\n<p>Sea cual sea el kit que elijas comprar, debes tener en cuenta lo siguiente:<\/p>\n\n\n\n<ul><li>Si consumes bebidas o alimentos pigmentados o que tienen colorante (como la salsa de tomate, el vino tinto, c\u00edtricos, <a class=\"wpil_keyword_link\" title=\"caf\u00e9\" data-wpil-keyword-link=\"linked\" href=\"https:\/\/nutrident.fr\/es\/?page_id=16902\">caf\u00e9<\/a> y muchos otros), debes <strong>enjuagar tu boca<\/strong> luego de terminar. De esta forma evitas que tus dientes se manchen y que la duraci\u00f3n del tratamiento se prolongue.<\/li><li>Limpia tus dientes <strong>tres veces al d\u00eda<\/strong> como m\u00ednimo y cep\u00edllate luego de comer alimentos con un alto contenido de az\u00facar o alg\u00fan ingrediente que pueda te\u00f1ir los dientes.<\/li><li>Procura aplicar el gel blanqueador del kit <strong>de acuerdo a las indicaciones<\/strong> que dicta el producto y en el tiempo establecido. Es decir, si el tratamiento indica que debes aplicarlo por 20 minutos, debes hacerlo por ese tiempo.<\/li><li><strong>Reduce el consumo de alcohol y tabaco<\/strong> los d\u00edas posteriores al tratamiento, de lo contrario los resultados no ser\u00e1n duraderos.<\/li><li><strong>Usa hilo dental<\/strong> una vez al d\u00eda para mantener la salud de tus dientes y tu boca en general.<\/li><li>Programa una <strong>limpieza dental<\/strong> cada seis meses para que tu dentista retire el sarro que se acumula en los dientes.<\/li><li><strong>No consumas snacks o golosinas<\/strong> con un alto \u00edndice de az\u00facar y colorantes. Y en caso de hacerlo, sigue los consejos anteriores: enjuaga tu boca despu\u00e9s de hacerlo para que los dientes no se manchen.<\/li><\/ul>\n\n\n\n<h2><span class=\"ez-toc-section\" id=\"Conclusion\"><\/span>Conclusi\u00f3n<span class=\"ez-toc-section-end\"><\/span><\/h2>\n\n\n\n<p>Si hablamos del <strong>mejor kit blanqueador dental<\/strong>, sin duda podemos decir que los cinco que hemos mencionado son una excelente opci\u00f3n en base a calidad y precio. Sin embargo, el kit que recomendamos usar es <strong>Smile Avenue<\/strong>.<\/p>\n\n\n\n<p>Esta marca es sumamente popular en el mercado franc\u00e9s por varios motivos: es asequible, f\u00e1cil de usar y los resultados son incre\u00edbles. Con este kit de blanqueamiento dental no solo mejorar\u00e1s la apariencia de tus dientes, sino que aprender\u00e1s una o dos cosas sobre el cuidado dental.<\/p>\n\n\n\n<p>\u00bfLo mejor? Poder blanquear los dientes desde cualquier parte del mundo, ya sea en tu casa o cuando vayas de vacaciones. <strong>Los kits blanqueadores son muy pr\u00e1cticos<\/strong>, no requieren que tengas experiencia previa y no tendr\u00e1s que pasar por la tediosa situaci\u00f3n de programar citas con tu especialista cuando notes que tus dientes est\u00e1n amarillos.<\/p>\n<div class=\"article-data before-content\"><div class=\"article-data__date\"><div class=\"article-data__date-modified\"><time class=\"published\" datetime=\"2022-11-10T09:13:18+00:00\">This article was originally published on&nbsp;<span class=\"2\">noviembre 10, 2022<\/span>&nbsp;and was most recently updated on&nbsp;<span>junio 13, 2023<\/span><\/time><br><\/div><\/div><\/div><div class=\"user-info\">    <div class=\"user-info__body\">\r\n      <div class=\"user-info__caption\"><span>Contributors:<\/span><\/div>\r\n\t\t\t        <div class=\"user-info__wrap \">\r\n          <div class=\"user-info__data\">\r\n            <div class=\"user-info__data__info\">\r\n              <div class=\"photo\">\r\n\t\t\t\t\t\t\t\t<img width=\"66\" height=\"61\" src=\"https:\/\/nutrident.fr\/wp-content\/uploads\/2023\/06\/unnamed-66x61.jpg\" class=\"attachment-profileImageAuthor size-profileImageAuthor wp-post-image\" alt=\"Dr Abel Jes\u00fas Pederzoli\" loading=\"lazy\" srcset=\"https:\/\/nutrident.fr\/wp-content\/uploads\/2023\/06\/unnamed-66x61.jpg 66w, https:\/\/nutrident.fr\/wp-content\/uploads\/2023\/06\/unnamed-300x279.jpg 300w, https:\/\/nutrident.fr\/wp-content\/uploads\/2023\/06\/unnamed-1024x952.jpg 1024w, https:\/\/nutrident.fr\/wp-content\/uploads\/2023\/06\/unnamed-768x714.jpg 768w, https:\/\/nutrident.fr\/wp-content\/uploads\/2023\/06\/unnamed-204x190.jpg 204w, https:\/\/nutrident.fr\/wp-content\/uploads\/2023\/06\/unnamed-120x112.jpg 120w, https:\/\/nutrident.fr\/wp-content\/uploads\/2023\/06\/unnamed.jpg 1125w\" sizes=\"(max-width: 66px) 100vw, 66px\" \/>              <\/div>\r\n              <a href=\"https:\/\/nutrident.fr\/es\/author\/dr-abel-jesus-pederzoli\/\" class=\"name\">Dr Abel Jes\u00fas Pederzoli<\/a>\r\n            <\/div>\r\n            <div class=\"user-info__data__social\">\r\n\t\t\t\t\t\t\t\t\t\t\t\t\t\t\t\t\t\t\t\t\t          <a href=\"https:\/\/clinicaleixample.es\/\"\r\n             class=\"soc-item website\">website<\/a>\r\n\t\t\t\t          <a href=\"http:\/\/linkedin.com\/in\/abel-jes%C3%BAs-pederzoli\"\r\n             class=\"soc-item linkedin\">linkedin<\/a>\r\n\t\t\t\t            <\/div>\r\n          <\/div>\r\n          <div class=\"user-info__description\">\r\n\t\t\t\t\t\t\t\t\t\t\t\t\t<p>Con t\u00edtulos obtenidos en la Facultad de Odontolog\u00eda de la Universidad Nacional de La Plata y una participaci\u00f3n activa en congresos y jornadas, el Dr. Pederzoli se mantiene actualizado en las \u00faltimas t\u00e9cnicas y avances en odontolog\u00eda. Actualmente se encuentra desarrollando un proyecto de consultor\u00eda tecnol\u00f3gica aplicada a cl\u00ednicas dentales.<\/p>\n\t\t\t\t\t\t          <\/div>\r\n        <\/div>\r\n\t\t\t\t    <\/div>\r\n\t<\/div><!--copyscapeskip--><div class=\"medical_references\"><div class=\"medical_references__heading\"><span>Fuentes M\u00e9dicas<\/span><\/div><div class=\"medical_references__list\"><p><strong>Riesgos y beneficios del blanqueamiento dental<\/strong>: <a href=\"http:\/\/ve.scielo.org\/scielo.php?script=sci_arttext&pid=S0001-63652000000100004\" target=\"_blank\" rel=\"noopener\">http:\/\/ve.scielo.org\/scielo.php?script=sci_arttext&pid=S0001-63652000000100004<\/a><\/p>\n<\/div><\/div><!--\/copyscapeskip-->","protected":false},"excerpt":{"rendered":"<p>Contributor:&nbsp; Dr Abel Jes\u00fas Pederzoli Updated:&nbsp;junio 13, 2023 \u00bfQuieres blanquear tus dientes en casa? Un kit blanqueador dental es la mejor opci\u00f3n. Para muchas personas, tener dientes m\u00e1s blancos es una forma de reinventarse, sentirse mejor consigo mismos y hasta tener una mejor actitud en la vida. Pero, si quieres blanquear tus dientes en casa [&hellip;]<\/p>\n","protected":false},"author":23,"featured_media":19409,"parent":16855,"menu_order":0,"comment_status":"closed","ping_status":"closed","template":"","meta":{"inline_featured_image":false},"acf":[],"_links":{"self":[{"href":"https:\/\/nutrident.fr\/es\/wp-json\/wp\/v2\/pages\/19117"}],"collection":[{"href":"https:\/\/nutrident.fr\/es\/wp-json\/wp\/v2\/pages"}],"about":[{"href":"https:\/\/nutrident.fr\/es\/wp-json\/wp\/v2\/types\/page"}],"author":[{"embeddable":true,"href":"https:\/\/nutrident.fr\/es\/wp-json\/wp\/v2\/users\/23"}],"replies":[{"embeddable":true,"href":"https:\/\/nutrident.fr\/es\/wp-json\/wp\/v2\/comments?post=19117"}],"version-history":[{"count":22,"href":"https:\/\/nutrident.fr\/es\/wp-json\/wp\/v2\/pages\/19117\/revisions"}],"predecessor-version":[{"id":21768,"href":"https:\/\/nutrident.fr\/es\/wp-json\/wp\/v2\/pages\/19117\/revisions\/21768"}],"up":[{"embeddable":true,"href":"https:\/\/nutrident.fr\/es\/wp-json\/wp\/v2\/pages\/16855"}],"wp:featuredmedia":[{"embeddable":true,"href":"https:\/\/nutrident.fr\/es\/wp-json\/wp\/v2\/media\/19409"}],"wp:attachment":[{"href":"https:\/\/nutrident.fr\/es\/wp-json\/wp\/v2\/media?parent=19117"}],"curies":[{"name":"wp","href":"https:\/\/api.w.org\/{rel}","templated":true}]}}