

{"id":19130,"date":"2022-11-10T10:13:27","date_gmt":"2022-11-10T10:13:27","guid":{"rendered":"https:\/\/nutrident.fr\/?page_id=19130"},"modified":"2023-06-13T10:32:05","modified_gmt":"2023-06-13T10:32:05","slug":"brackets","status":"publish","type":"page","link":"https:\/\/nutrident.fr\/es\/ortodoncia\/brackets\/","title":{"rendered":"Brackets: todo lo que necesitas saber de estos apartos dentales"},"content":{"rendered":"<div class=\"meta\"><div class=\"meta__users\">    <div class=\"meta__users__reviewed\">\r\n      <p class=\"meta__users__caption\">Contributor:&nbsp;<\/p>\r\n      <div class=\"users\">\r\n        <span class=\"users__user\">\r\n          <a href=\"#\">Dr Abel Jes\u00fas Pederzoli<\/a>\r\n        <\/span>\r\n      <\/div>\r\n    <\/div>\r\n\t<\/div><div class=\"meta__date-modified\">Updated:&nbsp;<span>junio 13, 2023<\/span><\/div><\/div>\n<p>El tratamiento de ortodoncia consiste en la colocaci\u00f3n de brackets (aparatos) y alambres o Invisalign y fijaciones en los dientes, pero \u00bfc\u00f3mo mueven los dientes? Aqu\u00ed explico los componentes de los brackets y los alineadores transparentes (por ejemplo, Invisalign y Sure Smile) y los principios biol\u00f3gicos que intervienen en el movimiento de los dientes.<\/p>\n\n\n\n<figure class=\"wp-block-image size-full\"><img width=\"1024\" height=\"626\" src=\"https:\/\/nutrident.fr\/wp-content\/uploads\/2022\/11\/orthodontie-adulte.jpg\" alt=\"brackets\" class=\"wp-image-19016\" srcset=\"https:\/\/nutrident.fr\/wp-content\/uploads\/2022\/11\/orthodontie-adulte.jpg 1024w, https:\/\/nutrident.fr\/wp-content\/uploads\/2022\/11\/orthodontie-adulte-300x183.jpg 300w, https:\/\/nutrident.fr\/wp-content\/uploads\/2022\/11\/orthodontie-adulte-768x470.jpg 768w, https:\/\/nutrident.fr\/wp-content\/uploads\/2022\/11\/orthodontie-adulte-254x155.jpg 254w\" sizes=\"(max-width: 1024px) 100vw, 1024px\" \/><\/figure>\n\n\n\n<div id=\"ez-toc-container\" class=\"ez-toc-v2_0_33_2 counter-hierarchy ez-toc-counter ez-toc-white ez-toc-container-direction\">\n<div class=\"ez-toc-title-container\">\n<p class=\"ez-toc-title\">Contenus<\/p>\n<span class=\"ez-toc-title-toggle\"><a href=\"#\" class=\"ez-toc-pull-right ez-toc-btn ez-toc-btn-xs ez-toc-btn-default ez-toc-toggle\" style=\"display: none;\"><label for=\"item\" aria-label=\"Tabla de contenidos\"><i class=\"ez-toc-glyphicon ez-toc-icon-toggle\"><\/i><\/label><input type=\"checkbox\" id=\"item\"><\/a><\/span><\/div>\n<nav><ul class='ez-toc-list ez-toc-list-level-1'><li class='ez-toc-page-1 ez-toc-heading-level-2'><a class=\"ez-toc-link ez-toc-heading-1\" href=\"https:\/\/nutrident.fr\/es\/ortodoncia\/brackets\/#%C2%BFQue_son_los_brackets_de_ortodoncia_y_como_funcionan\" title=\"\u00bfQu\u00e9 son los brackets de ortodoncia y c\u00f3mo funcionan?\">\u00bfQu\u00e9 son los brackets de ortodoncia y c\u00f3mo funcionan?<\/a><\/li><li class='ez-toc-page-1 ez-toc-heading-level-2'><a class=\"ez-toc-link ez-toc-heading-2\" href=\"https:\/\/nutrident.fr\/es\/ortodoncia\/brackets\/#%C2%BFCuales_son_los_diferentes_tipos_de_brackets\" title=\"\u00bfCu\u00e1les son los diferentes tipos de brackets?\">\u00bfCu\u00e1les son los diferentes tipos de brackets?<\/a><\/li><li class='ez-toc-page-1 ez-toc-heading-level-2'><a class=\"ez-toc-link ez-toc-heading-3\" href=\"https:\/\/nutrident.fr\/es\/ortodoncia\/brackets\/#%C2%BFQue_son_los_brackets_autoligables\" title=\"\u00bfQu\u00e9 son los brackets autoligables?\">\u00bfQu\u00e9 son los brackets autoligables?<\/a><\/li><li class='ez-toc-page-1 ez-toc-heading-level-2'><a class=\"ez-toc-link ez-toc-heading-4\" href=\"https:\/\/nutrident.fr\/es\/ortodoncia\/brackets\/#%C2%BFComo_se_fijan_los_brackets_a_los_dientes\" title=\"\u00bfC\u00f3mo se fijan los brackets a los dientes?\">\u00bfC\u00f3mo se fijan los brackets a los dientes?<\/a><\/li><li class='ez-toc-page-1 ez-toc-heading-level-2'><a class=\"ez-toc-link ez-toc-heading-5\" href=\"https:\/\/nutrident.fr\/es\/ortodoncia\/brackets\/#%C2%BFQue_alimentos_se_deben_evitar_mientras_se_llevan_los_brackets\" title=\"\u00bfQu\u00e9 alimentos se deben evitar mientras se llevan los brackets?\">\u00bfQu\u00e9 alimentos se deben evitar mientras se llevan los brackets?<\/a><\/li><li class='ez-toc-page-1 ez-toc-heading-level-2'><a class=\"ez-toc-link ez-toc-heading-6\" href=\"https:\/\/nutrident.fr\/es\/ortodoncia\/brackets\/#Brackets_%C2%BFcomo_se_mueven_los_dientes\" title=\"Brackets: \u00bfc\u00f3mo se mueven los dientes?\">Brackets: \u00bfc\u00f3mo se mueven los dientes?<\/a><\/li><li class='ez-toc-page-1 ez-toc-heading-level-2'><a class=\"ez-toc-link ez-toc-heading-7\" href=\"https:\/\/nutrident.fr\/es\/ortodoncia\/brackets\/#Como_se_mueven_los_dientes_con_los_brackets\" title=\"C\u00f3mo se mueven los dientes con los brackets\">C\u00f3mo se mueven los dientes con los brackets<\/a><\/li><\/ul><\/nav><\/div>\n<h2><span class=\"ez-toc-section\" id=\"%C2%BFQue_son_los_brackets_de_ortodoncia_y_como_funcionan\"><\/span>\u00bfQu\u00e9 son los brackets de ortodoncia y c\u00f3mo funcionan?<span class=\"ez-toc-section-end\"><\/span><\/h2>\n\n\n\n<p>Existen tres tipos generales de brackets. Un bracket tubular &#8211; a la izquierda. Un bracket gemelar, en el centro. Un bracket de autoligado, a la derecha <\/p>\n\n\n\n<p>Los brackets de ortodoncia tienen diferentes componentes, como una \u00abranura\u00bb para sujetar los alambres y \u00abalas\u00bb y \u00abganchos\u00bb para sujetar las ligaduras u otros accesorios, como los el\u00e1sticos. Los extremos de los arcos de alambre pasan a trav\u00e9s de los \u00abtubos\u00bb de ortodoncia y se mantienen en su lugar.<\/p>\n\n\n\n<p>El bracket de tubo sujeta el alambre una vez que \u00e9ste se ha insertado. Los brackets tubulares se utilizan generalmente para los dientes posteriores, ya que los molares son de dif\u00edcil acceso y existen grandes fuerzas de mordida. Con un bracket de tubo no es necesario atar el alambre y el alambre se mantiene firmemente en su lugar despu\u00e9s de ser insertado.<\/p>\n\n\n\n<p>Por el contrario, los brackets gemelares sujetan el alambre en sus ranuras con peque\u00f1os el\u00e1sticos que se enrollan alrededor de las alas para mantener el alambre en su sitio. \u00a1Esos son los lazos de colores que eliges cada vez que vienes a las visitas de ajuste!<\/p>\n\n\n\n<p>Los brackets de autoligado llevan incorporados unos \u00ablazos\u00bb en forma de compuerta. Cuando la compuerta est\u00e1 cerrada, el alambre se mantiene en su sitio.<\/p>\n\n\n\n<p>Durante la visita de ajuste (tensado), tu ortodoncista decide si hay que insertar una forma, tama\u00f1o o material diferente de arcos de alambre en los brackets o se vuelven a atar los el\u00e1sticos como los cordones de tus zapatos para permitir que se produzcan ciertos movimientos en tus dientes. A veces, el ortodoncista hace algunos dobleces en los arcos de alambre para mover ciertos dientes en diferentes direcciones. Los huecos pueden cerrarse con el uso de \u00abcadenas de energ\u00eda\u00bb, que son lazos el\u00e1sticos que se unen entre s\u00ed. Los huecos pueden abrirse con el uso de muelles helicoidales para crear espacios alrededor de los dientes estrechos para que su dentista restaurador les d\u00e9 nueva forma. Se le puede aconsejar el uso de el\u00e1sticos que se enganchan en los dientes en diferentes zonas y direcciones para ayudar a alinear la mordida.<\/p>\n\n\n\n<h2><span class=\"ez-toc-section\" id=\"%C2%BFCuales_son_los_diferentes_tipos_de_brackets\"><\/span>\u00bfCu\u00e1les son los diferentes tipos de brackets?<span class=\"ez-toc-section-end\"><\/span><\/h2>\n\n\n\n<p>Esta imagen muestra los colores que se pueden a\u00f1adir a los brackets y la diferencia con los brackets de autoligado.<\/p>\n\n\n\n<p>Los brackets de autoligado tienen \u00abpuertas\u00bb que cubren la parte delantera de la ranura. Esto minimiza la fricci\u00f3n del alambre con los brackets cuando los dientes se deslizan a lo largo de los alambres y, por lo tanto, hace que el movimiento de los dientes sea m\u00e1s eficiente. Dado que no es necesario cambiar las ligaduras el\u00e1sticas, los intervalos de ajuste pueden ampliarse a 6-8 semanas. Esto reduce el n\u00famero de visitas a la consulta del ortodoncista, ya que no es necesario cambiar las viejas ligaduras de goma desgastadas y descoloridas<\/p>\n\n\n\n<h2><span class=\"ez-toc-section\" id=\"%C2%BFQue_son_los_brackets_autoligables\"><\/span>\u00bfQu\u00e9 son los brackets autoligables?<span class=\"ez-toc-section-end\"><\/span><\/h2>\n\n\n\n<p>El bracket de autoligado y la compuerta que se cierra a la izquierda y se abre en el centro y la compuerta que bloquea el alambre en su lugar a la derecha.<\/p>\n\n\n\n<p>Los brackets de autoligado no necesitan ser apretados de la manera tradicional en que lo son los brackets gemelares. Los brackets de autoligado s\u00f3lo se aprietan cuando se utiliza un nuevo alambre m\u00e1s grande o cuando se requiere un doblez en el arco de alambre para mover ciertos dientes en direcciones espec\u00edficas.<\/p>\n\n\n\n<p>Por lo general, con los brackets de autoligado, los pacientes no tienen que acudir con tanta frecuencia para que les aprieten los brackets. Adem\u00e1s, sin los lazos de color alrededor de cada bracket, los brackets son m\u00e1s f\u00e1ciles de mantener limpios. Otra caracter\u00edstica interesante de la autoligadura es que las fuerzas que se ejercen sobre los dientes son m\u00e1s suaves y la molestia de tener que apretar los brackets cada mes es menor.<\/p>\n\n\n\n<h2><span class=\"ez-toc-section\" id=\"%C2%BFComo_se_fijan_los_brackets_a_los_dientes\"><\/span>\u00bfC\u00f3mo se fijan los brackets a los dientes?<span class=\"ez-toc-section-end\"><\/span><\/h2>\n\n\n\n<p>Los brackets se pegan o adhieren a los dientes. Esto puede ser hecho directamente por el ortodoncista un bracket a la vez o puede ser hecho todo de una vez con una plantilla o matriz que tiene los brackets pre-colocados (es decir, la uni\u00f3n indirecta). Yo utilizo ambos sistemas en mi consulta.<\/p>\n\n\n\n<p>Para adherir el bracket al diente, primero se limpia el diente y se acondiciona con un material de grabado. El grabado se realiza para crear microporosidades en el esmalte que s\u00f3lo pueden verse con un microscopio electr\u00f3nico. Estas microporosidades permiten peque\u00f1os bloqueos micromec\u00e1nicos para que los finos agentes adhesivos de resina se apliquen al diente. A continuaci\u00f3n se prepara qu\u00edmicamente el diente para que se adhiera al bracket con una pasta de resina compuesta que se aplica en la parte posterior del bracket y se coloca en el diente preparado. A continuaci\u00f3n, se utiliza una luz LED para fijar los pol\u00edmeros de la pasta adhesiva y endurecer la resina para fijar el bracket al diente. Esta pasta de resina es el mismo material del color del diente que se utiliza para los empastes.<\/p>\n\n\n\n<h2><span class=\"ez-toc-section\" id=\"%C2%BFQue_alimentos_se_deben_evitar_mientras_se_llevan_los_brackets\"><\/span>\u00bfQu\u00e9 alimentos se deben evitar mientras se llevan los brackets?<span class=\"ez-toc-section-end\"><\/span><\/h2>\n\n\n\n<p>El proceso de adhesi\u00f3n de los dientes es reversible. Los brackets deben quitarse al final del tratamiento. Y cuando se quitan los brackets, se quitan con un clic con un alicate de ortodoncia y se rompe la uni\u00f3n mec\u00e1nica entre el diente y el bracket. Ahora bien, si esa uni\u00f3n fuera demasiado fuerte, el esmalte del diente se da\u00f1ar\u00eda. Por lo tanto, la fuerza de la uni\u00f3n est\u00e1 dise\u00f1ada para ser lo suficientemente d\u00e9bil como para que los brackets puedan \u00abromperse\u00bb sin da\u00f1ar el diente.<\/p>\n\n\n\n<p>Como cualquier otro adhesivo, la aplicaci\u00f3n de una fuerza excesiva puede romper la uni\u00f3n y provocar el desprendimiento de los brackets de la superficie del diente. Por este motivo, el ortodoncista recomienda evitar ciertos alimentos durante el tratamiento de ortodoncia. Cualquier alimento que sea demasiado duro, demasiado masticable o demasiado pegajoso puede comprometer la adhesi\u00f3n de la resina y separar los brackets de los dientes. Los alimentos duros pueden ejercer la suficiente presi\u00f3n como para romper la uni\u00f3n entre el bracket y el diente. Por lo tanto, antes de morder cualquier cosa, piensa si podr\u00eda romper la uni\u00f3n de los brackets con tus dientes. Si la respuesta es afirmativa, corte los alimentos en trozos antes de comerlos o simplemente evite comerlos hasta que termine el tratamiento. Volver a unir el bracket roto es sencillo. Sin embargo, los brackets rotos alteran el equilibrio dise\u00f1ado en el sistema de brackets y arcos de alambre y pueden crear movimientos no deseados o retrasar el movimiento de los dientes.<\/p>\n\n\n\n<h2><span class=\"ez-toc-section\" id=\"Brackets_%C2%BFcomo_se_mueven_los_dientes\"><\/span>Brackets: \u00bfc\u00f3mo se mueven los dientes?<span class=\"ez-toc-section-end\"><\/span><\/h2>\n\n\n\n<p>Los brackets se suelen pegar a la parte labial (frontal) de los dientes mediante un adhesivo dental a base de resina <\/p>\n\n\n\n<p>Los brackets sirven de asideros para mantener el alambre en su sitio y para insertar la fuerza de los alambres en los dientes.<\/p>\n\n\n\n<p>Los brackets actuales son peque\u00f1os y elegantes, sobre todo en comparaci\u00f3n con los brackets de hace una generaci\u00f3n, o incluso con los de hace 10 o 15 a\u00f1os. Probablemente la mayor\u00eda de los brackets que ver\u00e1 ser\u00e1n de acero inoxidable.  Pero algunos pacientes optan por brackets de cer\u00e1mica.  Algunos incluso pueden tener brackets chapados en oro.<\/p>\n\n\n\n<h3>Bandas met\u00e1licas en los brackets<\/h3>\n\n\n\n<p>La \u00abbanda\u00bb es un anillo met\u00e1lico que envuelve un diente -generalmente un molar- para proporcionar un punto final para la inserci\u00f3n del alambre.  La banda se cementa para ayudar a que permanezca en su sitio mientras dure el tratamiento. Las bandas tambi\u00e9n pueden utilizarse como parte de los aparatos de ortodoncia, como los expansores.<\/p>\n\n\n\n<h3>Arco de alambre sobre brackets<\/h3>\n\n\n\n<p>El arco de alambre, o alambre, encaja en las ranuras horizontales de cada bracket. El alambre se fija a todos los brackets como se ha comentado anteriormente.<\/p>\n\n\n\n<h3>Partes de los brackets:<\/h3>\n\n\n\n<p>La ligadura es una peque\u00f1a banda de goma o un lazo met\u00e1lico que se estira alrededor del bracket.  Sujeta el alambre en la ranura del bracket para que pueda ejercer fuerza sobre los dientes y moverlos.<\/p>\n\n\n\n<p>Los pacientes suelen elegir colores divertidos para sus ligaduras de goma.  Las ligaduras se cambian en cada cita de ajuste <\/p>\n\n\n\n<p>A veces se utiliza un alambre trenzado en lugar de una ligadura de goma.  Hay algunos aparatos que no utilizan ligaduras en absoluto.  Son los llamados brackets \u00abautoligables\u00bb.  Tienen su propio m\u00e9todo de sujeci\u00f3n del alambre a los brackets.<\/p>\n\n\n\n<h3>Ganchos el\u00e1sticos y bandas el\u00e1sticas <\/h3>\n\n\n\n<p>Los ganchos el\u00e1sticos se utilizan para sujetar las bandas el\u00e1sticas.<\/p>\n\n\n\n<p>Son las gomas que los pacientes se ponen y se quitan ellos mismos.  A menudo se prescriben para ayudar a mover los dientes hacia sus posiciones finales y para alinear la mordida.  Los alambres por s\u00ed solos no siempre pueden mover los dientes hacia donde deben ir o llevar la mordida a su alineaci\u00f3n final. Las gomas no se recetan necesariamente a todos los pacientes. Sin embargo, cuando se prescriben, su cooperaci\u00f3n con la recomendaci\u00f3n de su ortodoncista es esencial para lograr el resultado ideal del tratamiento.<\/p>\n\n\n\n<p>As\u00ed que, juntando todo, aqu\u00ed est\u00e1n todos los componentes que pueden formar un juego de brackets.<\/p>\n\n\n\n<h2><span class=\"ez-toc-section\" id=\"Como_se_mueven_los_dientes_con_los_brackets\"><\/span>C\u00f3mo se mueven los dientes con los brackets<span class=\"ez-toc-section-end\"><\/span><\/h2>\n\n\n\n<p>La colocaci\u00f3n de los alambres en los brackets provoca una presi\u00f3n sobre los dientes y los tejidos circundantes. Esta presi\u00f3n provocar\u00e1 la reabsorci\u00f3n (disoluci\u00f3n) del hueso que rodea al diente. Una vez que el diente est\u00e1 en su nueva posici\u00f3n, se forma hueso nuevo alrededor del diente para mantenerlo. La direcci\u00f3n y la cantidad de las fuerzas aplicadas a los dientes son determinadas por su ortodoncista y deben ser controladas de cerca para evitar efectos adversos como la reabsorci\u00f3n de las ra\u00edces de los dientes o del hueso.<\/p>\n\n\n\n<p>La inserci\u00f3n de los alineadores ejerce presi\u00f3n sobre los dientes. Esta presi\u00f3n provocar\u00e1 la reabsorci\u00f3n (disoluci\u00f3n) del hueso que rodea al diente. Una vez que el diente est\u00e1 en su nueva posici\u00f3n, se forma hueso nuevo alrededor del diente para mantenerlo. El dise\u00f1o de los aditamentos de resina que se adhieren a los dientes y la direcci\u00f3n de las fuerzas que se les aplican son determinados por su ortodoncista y deben ser controlados de cerca para evitar efectos adversos como la reabsorci\u00f3n de las ra\u00edces de los dientes o del hueso.<\/p>\n<div class=\"article-data before-content\"><div class=\"article-data__date\"><div class=\"article-data__date-modified\"><time class=\"published\" datetime=\"2022-11-10T10:13:27+00:00\">This article was originally published on&nbsp;<span class=\"2\">noviembre 10, 2022<\/span>&nbsp;and was most recently updated on&nbsp;<span>junio 13, 2023<\/span><\/time><br><\/div><\/div><\/div><div class=\"user-info\">    <div class=\"user-info__body\">\r\n      <div class=\"user-info__caption\"><span>Contributors:<\/span><\/div>\r\n\t\t\t        <div class=\"user-info__wrap \">\r\n          <div class=\"user-info__data\">\r\n            <div class=\"user-info__data__info\">\r\n              <div class=\"photo\">\r\n\t\t\t\t\t\t\t\t<img width=\"66\" height=\"61\" src=\"https:\/\/nutrident.fr\/wp-content\/uploads\/2023\/06\/unnamed-66x61.jpg\" class=\"attachment-profileImageAuthor size-profileImageAuthor wp-post-image\" alt=\"Dr Abel Jes\u00fas Pederzoli\" loading=\"lazy\" srcset=\"https:\/\/nutrident.fr\/wp-content\/uploads\/2023\/06\/unnamed-66x61.jpg 66w, https:\/\/nutrident.fr\/wp-content\/uploads\/2023\/06\/unnamed-300x279.jpg 300w, https:\/\/nutrident.fr\/wp-content\/uploads\/2023\/06\/unnamed-1024x952.jpg 1024w, https:\/\/nutrident.fr\/wp-content\/uploads\/2023\/06\/unnamed-768x714.jpg 768w, https:\/\/nutrident.fr\/wp-content\/uploads\/2023\/06\/unnamed-204x190.jpg 204w, https:\/\/nutrident.fr\/wp-content\/uploads\/2023\/06\/unnamed-120x112.jpg 120w, https:\/\/nutrident.fr\/wp-content\/uploads\/2023\/06\/unnamed.jpg 1125w\" sizes=\"(max-width: 66px) 100vw, 66px\" \/>              <\/div>\r\n              <a href=\"https:\/\/nutrident.fr\/es\/author\/dr-abel-jesus-pederzoli\/\" class=\"name\">Dr Abel Jes\u00fas Pederzoli<\/a>\r\n            <\/div>\r\n            <div class=\"user-info__data__social\">\r\n\t\t\t\t\t\t\t\t\t\t\t\t\t\t\t\t\t\t\t\t\t          <a href=\"https:\/\/clinicaleixample.es\/\"\r\n             class=\"soc-item website\">website<\/a>\r\n\t\t\t\t          <a href=\"http:\/\/linkedin.com\/in\/abel-jes%C3%BAs-pederzoli\"\r\n             class=\"soc-item linkedin\">linkedin<\/a>\r\n\t\t\t\t            <\/div>\r\n          <\/div>\r\n          <div class=\"user-info__description\">\r\n\t\t\t\t\t\t\t\t\t\t\t\t\t<p>Con t\u00edtulos obtenidos en la Facultad de Odontolog\u00eda de la Universidad Nacional de La Plata y una participaci\u00f3n activa en congresos y jornadas, el Dr. Pederzoli se mantiene actualizado en las \u00faltimas t\u00e9cnicas y avances en odontolog\u00eda. Actualmente se encuentra desarrollando un proyecto de consultor\u00eda tecnol\u00f3gica aplicada a cl\u00ednicas dentales.<\/p>\n\t\t\t\t\t\t          <\/div>\r\n        <\/div>\r\n\t\t\t\t    <\/div>\r\n\t<\/div>","protected":false},"excerpt":{"rendered":"<p>Contributor:&nbsp; Dr Abel Jes\u00fas Pederzoli Updated:&nbsp;junio 13, 2023 El tratamiento de ortodoncia consiste en la colocaci\u00f3n de brackets (aparatos) y alambres o Invisalign y fijaciones en los dientes, pero \u00bfc\u00f3mo mueven los dientes? Aqu\u00ed explico los componentes de los brackets y los alineadores transparentes (por ejemplo, Invisalign y Sure Smile) y los principios biol\u00f3gicos que [&hellip;]<\/p>\n","protected":false},"author":12,"featured_media":0,"parent":16771,"menu_order":0,"comment_status":"closed","ping_status":"closed","template":"","meta":{"inline_featured_image":false},"acf":[],"_links":{"self":[{"href":"https:\/\/nutrident.fr\/es\/wp-json\/wp\/v2\/pages\/19130"}],"collection":[{"href":"https:\/\/nutrident.fr\/es\/wp-json\/wp\/v2\/pages"}],"about":[{"href":"https:\/\/nutrident.fr\/es\/wp-json\/wp\/v2\/types\/page"}],"author":[{"embeddable":true,"href":"https:\/\/nutrident.fr\/es\/wp-json\/wp\/v2\/users\/12"}],"replies":[{"embeddable":true,"href":"https:\/\/nutrident.fr\/es\/wp-json\/wp\/v2\/comments?post=19130"}],"version-history":[{"count":3,"href":"https:\/\/nutrident.fr\/es\/wp-json\/wp\/v2\/pages\/19130\/revisions"}],"predecessor-version":[{"id":21903,"href":"https:\/\/nutrident.fr\/es\/wp-json\/wp\/v2\/pages\/19130\/revisions\/21903"}],"up":[{"embeddable":true,"href":"https:\/\/nutrident.fr\/es\/wp-json\/wp\/v2\/pages\/16771"}],"wp:attachment":[{"href":"https:\/\/nutrident.fr\/es\/wp-json\/wp\/v2\/media?parent=19130"}],"curies":[{"name":"wp","href":"https:\/\/api.w.org\/{rel}","templated":true}]}}