

{"id":21622,"date":"2023-06-09T06:47:42","date_gmt":"2023-06-09T06:47:42","guid":{"rendered":"https:\/\/nutrident.fr\/?page_id=21622"},"modified":"2023-07-02T12:15:15","modified_gmt":"2023-07-02T12:15:15","slug":"muelas-del-juicio","status":"publish","type":"page","link":"https:\/\/nutrident.fr\/es\/muelas-del-juicio\/","title":{"rendered":"Las muelas del juicio y su extracci\u00f3n: una gu\u00eda completa"},"content":{"rendered":"<div class=\"meta\"><div class=\"meta__users\">    <div class=\"meta__users__reviewed\">\r\n      <p class=\"meta__users__caption\">Contributor:&nbsp;<\/p>\r\n      <div class=\"users\">\r\n        <span class=\"users__user\">\r\n          <a href=\"#\">Dr Abel Jes\u00fas Pederzoli<\/a>\r\n        <\/span>\r\n      <\/div>\r\n    <\/div>\r\n\t<\/div><div class=\"meta__date-modified\">Updated:&nbsp;<span>julio 2, 2023<\/span><\/div><\/div><div class=\"wp-block-image\">\n<figure class=\"alignright\"><img width=\"300\" height=\"200\" src=\"https:\/\/nutrident.fr\/wp-content\/uploads\/2020\/04\/jonathan-borba-v_2FRXEba94-unsplash-1-300x200.jpg\" alt=\"muela del juicio por radio\" class=\"wp-image-7282\" srcset=\"https:\/\/nutrident.fr\/wp-content\/uploads\/2020\/04\/jonathan-borba-v_2FRXEba94-unsplash-1-300x200.jpg 300w, https:\/\/nutrident.fr\/wp-content\/uploads\/2020\/04\/jonathan-borba-v_2FRXEba94-unsplash-1-480x320.jpg 480w, https:\/\/nutrident.fr\/wp-content\/uploads\/2020\/04\/jonathan-borba-v_2FRXEba94-unsplash-1.jpg 750w\" sizes=\"(max-width: 300px) 100vw, 300px\" \/><\/figure><\/div>\n\n\n<p>Las muelas del juicio suelen erupcionar entre los 17 y los 25 a\u00f1os de edad, pero en muchos casos no cuentan con el espacio suficiente en la mand\u00edbula, por lo que deben ser extra\u00eddas. Gracias a los enormes avances en cirug\u00eda dental, el procedimiento de extracci\u00f3n es muy com\u00fan y relativamente sencillo, as\u00ed que no tienes nada que temer si te encuentras en esta situaci\u00f3n<\/p>\n\n\n\n<p>En este art\u00edculo, hablaremos sobre las muelas del juicio, su extracci\u00f3n, posibles complicaciones despu\u00e9s de la cirug\u00eda y mucho m\u00e1s.<\/p>\n\n\n\n<div id=\"ez-toc-container\" class=\"ez-toc-v2_0_33_2 counter-hierarchy ez-toc-counter ez-toc-white ez-toc-container-direction\">\n<div class=\"ez-toc-title-container\">\n<p class=\"ez-toc-title\">Contenus<\/p>\n<span class=\"ez-toc-title-toggle\"><a href=\"#\" class=\"ez-toc-pull-right ez-toc-btn ez-toc-btn-xs ez-toc-btn-default ez-toc-toggle\" style=\"display: none;\"><label for=\"item\" aria-label=\"Tabla de contenidos\"><i class=\"ez-toc-glyphicon ez-toc-icon-toggle\"><\/i><\/label><input type=\"checkbox\" id=\"item\"><\/a><\/span><\/div>\n<nav><ul class='ez-toc-list ez-toc-list-level-1'><li class='ez-toc-page-1 ez-toc-heading-level-2'><a class=\"ez-toc-link ez-toc-heading-1\" href=\"https:\/\/nutrident.fr\/es\/muelas-del-juicio\/#El_misterio_de_las_muelas_del_juicio\" title=\"El misterio de las muelas del juicio\">El misterio de las muelas del juicio<\/a><\/li><li class='ez-toc-page-1 ez-toc-heading-level-2'><a class=\"ez-toc-link ez-toc-heading-2\" href=\"https:\/\/nutrident.fr\/es\/muelas-del-juicio\/#%C2%BFPor_que_a_menudo_hay_que_extraer_las_muelas_del_juicio\" title=\"\u00bfPor qu\u00e9 a menudo hay que extraer las muelas del juicio?\">\u00bfPor qu\u00e9 a menudo hay que extraer las muelas del juicio?<\/a><\/li><li class='ez-toc-page-1 ez-toc-heading-level-2'><a class=\"ez-toc-link ez-toc-heading-3\" href=\"https:\/\/nutrident.fr\/es\/muelas-del-juicio\/#%C2%BFCuales_son_los_sintomas_de_la_erupcion_de_las_muelas_del_juicio\" title=\"\u00bfCu\u00e1les son los s\u00edntomas de la erupci\u00f3n de las muelas del juicio?\">\u00bfCu\u00e1les son los s\u00edntomas de la erupci\u00f3n de las muelas del juicio?<\/a><\/li><li class='ez-toc-page-1 ez-toc-heading-level-2'><a class=\"ez-toc-link ez-toc-heading-4\" href=\"https:\/\/nutrident.fr\/es\/muelas-del-juicio\/#Extraccion_de_las_muelas_del_juicio\" title=\"Extracci\u00f3n de las muelas del juicio\">Extracci\u00f3n de las muelas del juicio<\/a><\/li><li class='ez-toc-page-1 ez-toc-heading-level-2'><a class=\"ez-toc-link ez-toc-heading-5\" href=\"https:\/\/nutrident.fr\/es\/muelas-del-juicio\/#El_postoperatorio_de_la_extraccion_de_las_muelas_del_juicio\" title=\"El postoperatorio de la extracci\u00f3n de las muelas del juicio\">El postoperatorio de la extracci\u00f3n de las muelas del juicio<\/a><\/li><li class='ez-toc-page-1 ez-toc-heading-level-2'><a class=\"ez-toc-link ez-toc-heading-6\" href=\"https:\/\/nutrident.fr\/es\/muelas-del-juicio\/#%C2%BFCuales_son_los_riesgos_tras_la_extraccion_de_las_muelas_del_juicio\" title=\"\u00bfCu\u00e1les son los riesgos tras la extracci\u00f3n de las muelas del juicio?\">\u00bfCu\u00e1les son los riesgos tras la extracci\u00f3n de las muelas del juicio?<\/a><\/li><li class='ez-toc-page-1 ez-toc-heading-level-2'><a class=\"ez-toc-link ez-toc-heading-7\" href=\"https:\/\/nutrident.fr\/es\/muelas-del-juicio\/#Preguntas_frecuentes\" title=\"Preguntas frecuentes\">Preguntas frecuentes<\/a><\/li><\/ul><\/nav><\/div>\n<h2><span class=\"ez-toc-section\" id=\"El_misterio_de_las_muelas_del_juicio\"><\/span>El misterio de las muelas del juicio<span class=\"ez-toc-section-end\"><\/span><\/h2>\n\n\n\n<p>Hay muchas preguntas <a href=\"https:\/\/www.verywellhealth.com\/why-do-we-have-wisdom-teeth-1059377\" target=\"_blank\" rel=\"noopener\">sin respuesta<\/a> sobre las muelas del juicio, tambi\u00e9n conocidas como terceros molares. En primer lugar, \u00bfpor qu\u00e9 tardan tanto en salir? Los dientes permanentes erupcionan entre los 6 y los 12 a\u00f1os, pero las muelas del juicio comienzan a salir en la adolescencia o en la adultez temprana. En algunos casos, estas muelas no crecen nunca y permanecen bajo las enc\u00edas en estado de germen dentario.<\/p>\n\n\n\n<p>Los terceros molares est\u00e1n ubicados en la parte posterior de las arcadas dentales y suelen ser cuatro, pero <strong>algunas personas pueden tener uno, dos, tres e incluso ninguno<\/strong>. Parece haber una disminuci\u00f3n en la presencia de estas muelas con el paso de las generaciones, lo que podr\u00eda explicarse por nuestra evoluci\u00f3n y adaptaci\u00f3n a la dieta moderna. En la actualidad, nuestra alimentaci\u00f3n se basa en alimentos m\u00e1s blandos y procesados, adem\u00e1s de que solemos cortarlos antes de ingerirlos, lo que reduce la fuerza que deben aplicar los dientes al comer.<\/p>\n\n\n\n<p>Hoy en d\u00eda, las muelas del juicio <strong>no tienen ninguna utilidad real<\/strong> y, por desgracia, en la mayor\u00eda de los casos no crecen adecuadamente o no tienen espacio para erupcionar, por lo que es necesario extraerlas.<\/p>\n\n\n\n<h2><span class=\"ez-toc-section\" id=\"%C2%BFPor_que_a_menudo_hay_que_extraer_las_muelas_del_juicio\"><\/span>\u00bfPor qu\u00e9 a menudo hay que extraer las muelas del juicio?<span class=\"ez-toc-section-end\"><\/span><\/h2>\n\n\n\n<p>Al momento de erupcionar, los terceros molares pueden estar impactados, semi-impactados o erupcionados de acuerdo a su grado de crecimiento:<\/p>\n\n\n\n<ul><li>Un <strong>diente impactado<\/strong> es un diente que permanece incrustado en la mand\u00edbula. Puede que ni siquiera lo notes, en cuyo caso no es necesario tocarlo<\/li><li>Un <strong>diente semi-impactado<\/strong> crece a la mitad. Puedes ver la parte que est\u00e1 por encima de la l\u00ednea de las enc\u00edas, pero la otra parte permanece oculta<\/li><li>Un <strong>diente erupcionado<\/strong> crece completamente<\/li><\/ul>\n\n\n\n<p>La necesidad de extraer una muela del juicio no est\u00e1 relacionada con su grado de crecimiento. En los tres casos mencionados, todo puede salir bien y vivir\u00e1s sin tener que someterte a una cirug\u00eda de extracci\u00f3n. Sin embargo, no siempre es as\u00ed. Un diente impactado puede ejercer una <strong>presi\u00f3n que genera dolor<\/strong> en la zona y desencadenar <a href=\"https:\/\/nutrident.fr\/es\/gingivitis\/\" target=\"_blank\" data-type=\"URL\" data-id=\"https:\/\/nutrident.fr\/es\/gingivitis\/\" rel=\"noreferrer noopener\">gingivitis<\/a> o dolores de cabeza, por lo que es necesaria una intervenci\u00f3n.<\/p>\n\n\n<div class=\"wp-block-image wp-image-7283 size-medium\">\n<figure class=\"alignright\"><img width=\"300\" height=\"225\" src=\"https:\/\/nutrident.fr\/wp-content\/uploads\/2020\/04\/umanoide-KeVKEs1_RDU-unsplash-1-300x225.jpg\" alt=\"muela del juicio\" class=\"wp-image-7283\" srcset=\"https:\/\/nutrident.fr\/wp-content\/uploads\/2020\/04\/umanoide-KeVKEs1_RDU-unsplash-1-300x225.jpg 300w, https:\/\/nutrident.fr\/wp-content\/uploads\/2020\/04\/umanoide-KeVKEs1_RDU-unsplash-1-510x382.jpg 510w, https:\/\/nutrident.fr\/wp-content\/uploads\/2020\/04\/umanoide-KeVKEs1_RDU-unsplash-1-480x360.jpg 480w, https:\/\/nutrident.fr\/wp-content\/uploads\/2020\/04\/umanoide-KeVKEs1_RDU-unsplash-1.jpg 750w\" sizes=\"(max-width: 300px) 100vw, 300px\" \/><figcaption>El crecimiento de las muelas del juicio puede causar problemas<\/figcaption><\/figure><\/div>\n\n\n<p>Cuando una muela del juicio emerge y no hay suficiente espacio en la boca, ejercer\u00e1 presi\u00f3n sobre el resto de los dientes, provocando su <strong>desalineaci\u00f3n y api\u00f1amiento<\/strong>. Adem\u00e1s de afectar la est\u00e9tica de una sonrisa alineada, los <a href=\"https:\/\/nutrident.fr\/es\/apinamiento-y-la-superposicion-dental\/\" target=\"_blank\" data-type=\"URL\" data-id=\"https:\/\/nutrident.fr\/es\/apinamiento-y-la-superposicion-dental\/\" rel=\"noreferrer noopener\">dientes superpuestos<\/a> pueden impedir la correcta alimentaci\u00f3n y son m\u00e1s susceptibles a las caries, ya que crean espacios de dificil acceso para el cepillo de dientes.<\/p>\n\n\n\n<p>Aunque tengan suficiente espacio para erupcionar, las muelas del juicio son m\u00e1s propensas a la caries que otros dientes por dos razones: son m\u00e1s dif\u00edciles de limpiar correctamente debido a su posici\u00f3n en la parte posterior de la boca y, si est\u00e1n semi-impactadas, estar\u00e1n m\u00e1s expuestas a las bacterias.<\/p>\n\n\n\n<p>Los dientes semi-impactados tambi\u00e9n pueden desencadenar una <strong>pericoronitis<\/strong>, que es una inflamaci\u00f3n e infecci\u00f3n de las enc\u00edas que cubren la corona del diente. Si esta afecci\u00f3n se vuelve recurrente, el diente debe ser extra\u00eddo.<\/p>\n\n\n\n<p>Tambi\u00e9n es posible que el diente no crezca verticalmente, sino oblicuamente o incluso casi horizontalmente, <strong>perforando el interior de la enc\u00eda<\/strong> y causando heridas en el interior de la mejilla, lo que en ambos casos puede llegar a ser bastante doloroso.<\/p>\n\n\n\n<p>Por \u00faltimo, hay que tener en cuenta la evoluci\u00f3n de estos dientes a lo largo de la vida. Pueden permanecer impactados o semi-impactados durante d\u00e9cadas y, de repente, sin motivo alguno, empezar a crecer.<\/p>\n\n\n\n<h2><span class=\"ez-toc-section\" id=\"%C2%BFCuales_son_los_sintomas_de_la_erupcion_de_las_muelas_del_juicio\"><\/span>\u00bfCu\u00e1les son los s\u00edntomas de la erupci\u00f3n de las muelas del juicio?<span class=\"ez-toc-section-end\"><\/span><\/h2>\n\n\n\n<p>El <strong>dolor <\/strong>es obviamente el primer s\u00edntoma de que las muelas del juicio est\u00e1n erupcionando. Se produce en la enc\u00eda en la parte posterior de la boca, pero puede expandirse a gran parte de la mand\u00edbula y alrededor de la oreja o provocar fuertes dolores de cabeza. Tambi\u00e9n puedes notar <strong>sangrado <\/strong>en la parte posterior de la boca.<\/p>\n\n\n\n<p>Debes concertar una cita con el dentista si manifiestas cualquiera de estos s\u00edntomas:<\/p>\n\n\n\n<ul><li>Dolor en toda la boca<\/li><li>Hinchaz\u00f3n, enrojecimiento o calor en las enc\u00edas<\/li><li>Ganglios en el cuello o un quiste<\/li><li>Dificultad para abrir la boca<\/li><li>Pulsaciones en los o\u00eddos<\/li><\/ul>\n\n\n\n<h2><span class=\"ez-toc-section\" id=\"Extraccion_de_las_muelas_del_juicio\"><\/span>Extracci\u00f3n de las muelas del juicio<span class=\"ez-toc-section-end\"><\/span><\/h2>\n\n\n<div class=\"wp-block-image wp-image-7284 size-medium\">\n<figure class=\"alignright\"><img width=\"300\" height=\"200\" src=\"https:\/\/nutrident.fr\/wp-content\/uploads\/2020\/04\/pexels-vidal-balielo-jr-1250655-300x200.jpg\" alt=\"cirug\u00eda de las muelas del juicio\" class=\"wp-image-7284\" srcset=\"https:\/\/nutrident.fr\/wp-content\/uploads\/2020\/04\/pexels-vidal-balielo-jr-1250655-300x200.jpg 300w, https:\/\/nutrident.fr\/wp-content\/uploads\/2020\/04\/pexels-vidal-balielo-jr-1250655-480x320.jpg 480w, https:\/\/nutrident.fr\/wp-content\/uploads\/2020\/04\/pexels-vidal-balielo-jr-1250655.jpg 750w\" sizes=\"(max-width: 300px) 100vw, 300px\" \/><figcaption>Cirug\u00eda de extracci\u00f3n de las muelas del juicio<\/figcaption><\/figure><\/div>\n\n\n<p>La extracci\u00f3n de las muelas del juicio se realiza en un consultorio dental bajo <strong>anestesia local<\/strong>. A veces el dentista recomendar\u00e1 una anestesia general cuando haya que extraer cuatro muelas del juicio al mismo tiempo. Tambi\u00e9n puede decidir proceder en dos etapas, bajo anestesia local. Puedes estar seguro de que las t\u00e9cnicas dentales han evolucionado considerablemente en las \u00faltimas d\u00e9cadas y los anest\u00e9sicos se han vuelto mucho m\u00e1s fiables.<\/p>\n\n\n\n<p>Si se decide proceder con anestesia general, la operaci\u00f3n se realiza en el hospital como paciente externo. El anestesista te atender\u00e1 previamente y el d\u00eda de la operaci\u00f3n entrar\u00e1s por la ma\u00f1ana y saldr\u00e1s por la tarde, sin pasar la noche en el hospital. Dependiendo de la dificultad, la extracci\u00f3n de una muela del juicio dura <strong>entre 15 minutos y media hora<\/strong>. <\/p>\n\n\n\n<p>Si el diente ya ha erupcionado, el procedimiento es el mismo que con cualquier otra extracci\u00f3n dental. Sin embargo, si est\u00e1 impactado (y a veces cuando est\u00e1 semi-impactado), el dentista debe cortar la enc\u00eda para acceder al diente. A continuaci\u00f3n, se extrae fresando el hueso que lo rodea, aunque en algunos casos es necesario partir el diente para poder extraerlo.<\/p>\n\n\n\n<p>Una vez que se ha extra\u00eddo todo el diente, se cierra la abertura de la enc\u00eda con suturas absorbibles para evitar la necesidad de una nueva intervenci\u00f3n. Este tipo de suturas desaparecen gradualmente en tres semanas.<\/p>\n\n\n\n<h2><span class=\"ez-toc-section\" id=\"El_postoperatorio_de_la_extraccion_de_las_muelas_del_juicio\"><\/span>El postoperatorio de la extracci\u00f3n de las muelas del juicio<span class=\"ez-toc-section-end\"><\/span><\/h2>\n\n\n\n<p>El dentista te dar\u00e1 instrucciones para los d\u00edas siguientes a la extracci\u00f3n dental y te recetar\u00e1 medicamentos para el dolor. Adem\u00e1s de la medicaci\u00f3n, puedes colocar una bolsa de hielo en la mejilla para adormecer la zona y reducir el dolor.<\/p>\n\n\n\n<p>Es importante que evitar cualquier riesgo de infecci\u00f3n. Pide a tu dentista que te recete un <strong>enjuague bucal antis\u00e9ptico<\/strong>. Si utilizas un enjuague bucal de venta libre, espera al menos un d\u00eda para usarlo ya que puede retrasar la cicatrizaci\u00f3n.<\/p>\n\n\n\n<p>Por lo dem\u00e1s, <strong>cep\u00edllate los dientes normalmente<\/strong> excepto la parte intervenida. Puedes aplicar una peque\u00f1a cantidad de pasta de dientes en la zona afectada usando la lengua.<\/p>\n\n\n\n<p>Coma <strong>alimentos blandos y tibios<\/strong> o a temperatura ambiente y no fumes. Los productos nocivos de <a href=\"https:\/\/nutrident.fr\/es\/tabaco\/\" target=\"_blank\" data-type=\"URL\" data-id=\"https:\/\/nutrident.fr\/es\/tabaco\/\" rel=\"noreferrer noopener\">los cigarrillos<\/a> se depositan en la herida y pueden causar una infecci\u00f3n, adem\u00e1s de que la temperatura del humo puede quemar los tejidos, provocar un dolor intenso y retrasar la cicatrizaci\u00f3n. <\/p>\n\n\n\n<figure class=\"wp-block-embed is-type-video is-provider-youtube wp-block-embed-youtube wp-embed-aspect-16-9 wp-has-aspect-ratio\"><div class=\"wp-block-embed__wrapper\">\n<iframe title=\"Dents de sagesses : faut-il les faire enlever ?\" width=\"500\" height=\"281\" src=\"https:\/\/www.youtube.com\/embed\/p0vTo5wYvss?start=2&#038;feature=oembed\" frameborder=\"0\" allow=\"accelerometer; autoplay; clipboard-write; encrypted-media; gyroscope; picture-in-picture; web-share\" allowfullscreen><\/iframe>\n<\/div><\/figure>\n\n\n\n<h2><span class=\"ez-toc-section\" id=\"%C2%BFCuales_son_los_riesgos_tras_la_extraccion_de_las_muelas_del_juicio\"><\/span>\u00bfCu\u00e1les son los riesgos tras la extracci\u00f3n de las muelas del juicio?<span class=\"ez-toc-section-end\"><\/span><\/h2>\n\n\n\n<p>El riesgo de infecci\u00f3n es bastante alto si no se toman las medidas adecuadas. Tambi\u00e9n es posible experimentar una <strong>insensibilidad temporal<\/strong> en la lengua o los labios que desaparecer\u00e1 en unos d\u00edas.<\/p>\n\n\n\n<p>Otro riesgo que hay que tomar en cuenta es la alveolitis. <a href=\"https:\/\/nutrident.fr\/es\/?page_id=16786\">Tras la extracci\u00f3n de un diente<\/a>, se forma un co\u00e1gulo de sangre que cierra la cavidad y permite que se cure. Si este co\u00e1gulo tarda en formarse o se desprende, corres el riesgo de desarrollar una <a href=\"https:\/\/nutrident.fr\/es\/alveolitis-dental-causas-sintomas-y-tratamientos\/\" target=\"_blank\" data-type=\"URL\" data-id=\"https:\/\/nutrident.fr\/es\/alveolitis-dental-causas-sintomas-y-tratamientos\/\" rel=\"noreferrer noopener\">alveolitis<\/a>, que se caracteriza por un fuerte dolor, un mal sabor y, a veces, dificultad para abrir la boca.<\/p>\n\n\n\n<h2><span class=\"ez-toc-section\" id=\"Preguntas_frecuentes\"><\/span>Preguntas frecuentes<span class=\"ez-toc-section-end\"><\/span><\/h2>\n\n\n<div id=\"rank-math-faq\" class=\"rank-math-block\">\n<div class=\"rank-math-list \">\n<div id=\"faq-question-1688298224838\" class=\"rank-math-list-item\">\n<h3 class=\"rank-math-question \">\u00bfLa seguridad social cubre la extracci\u00f3n de las muelas del juicio?<\/h3>\n<div class=\"rank-math-answer \">\n\n<p>S\u00ed, la seguridad social espa\u00f1ola cubre la extracci\u00f3n de las muelas del juicio en adolescentes y adultos.<\/p>\n\n<\/div>\n<\/div>\n<div id=\"faq-question-1688299899918\" class=\"rank-math-list-item\">\n<h3 class=\"rank-math-question \">\u00bfCu\u00e1nto tiempo tardan en salir las muelas del juicio?<\/h3>\n<div class=\"rank-math-answer \">\n\n<p>Los terceros molares pueden tardar a\u00f1os en erupcionar completamente y no todas salen al mismo tiempo.<\/p>\n\n<\/div>\n<\/div>\n<\/div>\n<\/div><div class=\"article-data before-content\"><div class=\"article-data__date\"><div class=\"article-data__date-modified\"><time class=\"published\" datetime=\"2023-06-09T06:47:42+00:00\">This article was originally published on&nbsp;<span class=\"2\">junio 9, 2023<\/span>&nbsp;and was most recently updated on&nbsp;<span>julio 2, 2023<\/span><\/time><br><\/div><\/div><\/div><div class=\"user-info\">    <div class=\"user-info__body\">\r\n      <div class=\"user-info__caption\"><span>Contributors:<\/span><\/div>\r\n\t\t\t        <div class=\"user-info__wrap \">\r\n          <div class=\"user-info__data\">\r\n            <div class=\"user-info__data__info\">\r\n              <div class=\"photo\">\r\n\t\t\t\t\t\t\t\t<img width=\"66\" height=\"61\" src=\"https:\/\/nutrident.fr\/wp-content\/uploads\/2023\/06\/unnamed-66x61.jpg\" class=\"attachment-profileImageAuthor size-profileImageAuthor wp-post-image\" alt=\"Dr Abel Jes\u00fas Pederzoli\" loading=\"lazy\" srcset=\"https:\/\/nutrident.fr\/wp-content\/uploads\/2023\/06\/unnamed-66x61.jpg 66w, https:\/\/nutrident.fr\/wp-content\/uploads\/2023\/06\/unnamed-300x279.jpg 300w, https:\/\/nutrident.fr\/wp-content\/uploads\/2023\/06\/unnamed-1024x952.jpg 1024w, https:\/\/nutrident.fr\/wp-content\/uploads\/2023\/06\/unnamed-768x714.jpg 768w, https:\/\/nutrident.fr\/wp-content\/uploads\/2023\/06\/unnamed-204x190.jpg 204w, https:\/\/nutrident.fr\/wp-content\/uploads\/2023\/06\/unnamed-120x112.jpg 120w, https:\/\/nutrident.fr\/wp-content\/uploads\/2023\/06\/unnamed.jpg 1125w\" sizes=\"(max-width: 66px) 100vw, 66px\" \/>              <\/div>\r\n              <a href=\"https:\/\/nutrident.fr\/es\/author\/dr-abel-jesus-pederzoli\/\" class=\"name\">Dr Abel Jes\u00fas Pederzoli<\/a>\r\n            <\/div>\r\n            <div class=\"user-info__data__social\">\r\n\t\t\t\t\t\t\t\t\t\t\t\t\t\t\t\t\t\t\t\t\t          <a href=\"https:\/\/clinicaleixample.es\/\"\r\n             class=\"soc-item website\">website<\/a>\r\n\t\t\t\t          <a href=\"http:\/\/linkedin.com\/in\/abel-jes%C3%BAs-pederzoli\"\r\n             class=\"soc-item linkedin\">linkedin<\/a>\r\n\t\t\t\t            <\/div>\r\n          <\/div>\r\n          <div class=\"user-info__description\">\r\n\t\t\t\t\t\t\t\t\t\t\t\t\t<p>Con t\u00edtulos obtenidos en la Facultad de Odontolog\u00eda de la Universidad Nacional de La Plata y una participaci\u00f3n activa en congresos y jornadas, el Dr. Pederzoli se mantiene actualizado en las \u00faltimas t\u00e9cnicas y avances en odontolog\u00eda. Actualmente se encuentra desarrollando un proyecto de consultor\u00eda tecnol\u00f3gica aplicada a cl\u00ednicas dentales.<\/p>\n\t\t\t\t\t\t          <\/div>\r\n        <\/div>\r\n\t\t\t\t    <\/div>\r\n\t<\/div><!--copyscapeskip--><div class=\"medical_references\"><div class=\"medical_references__heading\"><span>Fuentes M\u00e9dicas<\/span><\/div><div class=\"medical_references__list\"><p><strong>Ufsbd:<\/strong> <a href=\"http:\/\/www.ufsbd.fr\/wp-content\/uploads\/2013\/08\/fiche-sagesse.pdf\" target=\"_blank\" rel=\"noopener\">Les dents de sagesse<\/a>. Consultado el 30 de junio de 2023.<\/p>\n<p><strong>Mayoclinic:<\/strong> <a href=\"https:\/\/www.mayoclinic.org\/es\/diseases-conditions\/wisdom-teeth\/symptoms-causes\/syc-20373808\" target=\"_blank\" rel=\"noopener\">Muelas del juicio retenidas<\/a>. Consultado el 30 de junio de 2023.<\/p>\n<p><strong>Gaceta Dental<\/strong>: <a href=\"https:\/\/gacetadental.com\/2022\/04\/muelas-del-juicio-saliendo-sintomas-y-que-hacer-30253\/\" target=\"_blank\" rel=\"noopener\">Muelas del juicio saliendo: s\u00edntomas y qu\u00e9 hacer<\/a>. Consultado el 30 de junio de 2023.<\/p>\n<p><strong>NHS:<\/strong>\u00a0 <a href=\"https:\/\/www.nhs.uk\/conditions\/wisdom-tooth-removal\/\" target=\"_blank\" rel=\"noopener\">Wisdom Tooth Removal<\/a>. Consultado el 30 de junio de 2023.<\/p>\n<p><strong>Verywellhealth:<\/strong> <a href=\"https:\/\/www.verywellhealth.com\/why-do-we-have-wisdom-teeth-1059377\" target=\"_blank\" rel=\"noopener\">Why Do We Have Wisdom Teeth?<\/a> Consultado el 30 de junio de 2023.<\/p>\n<\/div><\/div><!--\/copyscapeskip-->","protected":false},"excerpt":{"rendered":"<p>Contributor:&nbsp; Dr Abel Jes\u00fas Pederzoli Updated:&nbsp;julio 2, 2023 Las muelas del juicio suelen erupcionar entre los 17 y los 25 a\u00f1os de edad, pero en muchos casos no cuentan con el espacio suficiente en la mand\u00edbula, por lo que deben ser extra\u00eddas. Gracias a los enormes avances en cirug\u00eda dental, el procedimiento de extracci\u00f3n es [&hellip;]<\/p>\n","protected":false},"author":10,"featured_media":7856,"parent":0,"menu_order":0,"comment_status":"closed","ping_status":"closed","template":"","meta":{"inline_featured_image":false},"acf":[],"_links":{"self":[{"href":"https:\/\/nutrident.fr\/es\/wp-json\/wp\/v2\/pages\/21622"}],"collection":[{"href":"https:\/\/nutrident.fr\/es\/wp-json\/wp\/v2\/pages"}],"about":[{"href":"https:\/\/nutrident.fr\/es\/wp-json\/wp\/v2\/types\/page"}],"author":[{"embeddable":true,"href":"https:\/\/nutrident.fr\/es\/wp-json\/wp\/v2\/users\/10"}],"replies":[{"embeddable":true,"href":"https:\/\/nutrident.fr\/es\/wp-json\/wp\/v2\/comments?post=21622"}],"version-history":[{"count":14,"href":"https:\/\/nutrident.fr\/es\/wp-json\/wp\/v2\/pages\/21622\/revisions"}],"predecessor-version":[{"id":22419,"href":"https:\/\/nutrident.fr\/es\/wp-json\/wp\/v2\/pages\/21622\/revisions\/22419"}],"wp:featuredmedia":[{"embeddable":true,"href":"https:\/\/nutrident.fr\/es\/wp-json\/wp\/v2\/media\/7856"}],"wp:attachment":[{"href":"https:\/\/nutrident.fr\/es\/wp-json\/wp\/v2\/media?parent=21622"}],"curies":[{"name":"wp","href":"https:\/\/api.w.org\/{rel}","templated":true}]}}