

{"id":21626,"date":"2023-06-09T06:49:54","date_gmt":"2023-06-09T06:49:54","guid":{"rendered":"https:\/\/nutrident.fr\/?page_id=21626"},"modified":"2023-06-13T10:27:36","modified_gmt":"2023-06-13T10:27:36","slug":"lengua-amarilla","status":"publish","type":"page","link":"https:\/\/nutrident.fr\/es\/lengua-amarilla\/","title":{"rendered":"\u00bfQu\u00e9 causa la lengua amarilla y c\u00f3mo se trata?"},"content":{"rendered":"<div class=\"meta\"><div class=\"meta__users\"><\/div><div class=\"meta__date-modified\">Updated:&nbsp;<span>junio 13, 2023<\/span><\/div><\/div><div class=\"wp-block-image\">\n<figure class=\"alignright size-large is-resized\"><img src=\"https:\/\/nutrident.fr\/wp-content\/uploads\/2023\/05\/lengua-amarilla-1024x691.jpg\" alt=\"\" class=\"wp-image-21316\" width=\"256\" height=\"173\" srcset=\"https:\/\/nutrident.fr\/wp-content\/uploads\/2023\/05\/lengua-amarilla-1024x691.jpg 1024w, https:\/\/nutrident.fr\/wp-content\/uploads\/2023\/05\/lengua-amarilla-300x202.jpg 300w, https:\/\/nutrident.fr\/wp-content\/uploads\/2023\/05\/lengua-amarilla-768x518.jpg 768w, https:\/\/nutrident.fr\/wp-content\/uploads\/2023\/05\/lengua-amarilla-1536x1036.jpg 1536w, https:\/\/nutrident.fr\/wp-content\/uploads\/2023\/05\/lengua-amarilla-254x171.jpg 254w, https:\/\/nutrident.fr\/wp-content\/uploads\/2023\/05\/lengua-amarilla-66x45.jpg 66w, https:\/\/nutrident.fr\/wp-content\/uploads\/2023\/05\/lengua-amarilla-120x81.jpg 120w, https:\/\/nutrident.fr\/wp-content\/uploads\/2023\/05\/lengua-amarilla.jpg 2000w\" sizes=\"(max-width: 256px) 100vw, 256px\" \/><\/figure><\/div>\n\n\n<p>Una lengua saludable suele ser de color rosa, pero si presenta otra tonalidad puede ser una alerta de que algo no est\u00e1 bien. Sin embargo, en la mayor\u00eda de los casos no es motivo de preocupaci\u00f3n. La lengua amarilla puede ser causada por una variedad de factores, como la mala higiene dental, el tabaquismo, el consumo de ciertos medicamentos, entre otros.<\/p>\n\n\n\n<p>En este art\u00edculo, profundizaremos en las distintas causas de este problema de salud oral y hablaremos sobre las diferentes formas de tratarlo.<\/p>\n\n\n\n<div id=\"ez-toc-container\" class=\"ez-toc-v2_0_33_2 counter-hierarchy ez-toc-counter ez-toc-white ez-toc-container-direction\">\n<div class=\"ez-toc-title-container\">\n<p class=\"ez-toc-title\">Contenus<\/p>\n<span class=\"ez-toc-title-toggle\"><a href=\"#\" class=\"ez-toc-pull-right ez-toc-btn ez-toc-btn-xs ez-toc-btn-default ez-toc-toggle\" style=\"display: none;\"><label for=\"item\" aria-label=\"Tabla de contenidos\"><i class=\"ez-toc-glyphicon ez-toc-icon-toggle\"><\/i><\/label><input type=\"checkbox\" id=\"item\"><\/a><\/span><\/div>\n<nav><ul class='ez-toc-list ez-toc-list-level-1'><li class='ez-toc-page-1 ez-toc-heading-level-2'><a class=\"ez-toc-link ez-toc-heading-1\" href=\"https:\/\/nutrident.fr\/es\/lengua-amarilla\/#%C2%BFQue_es_la_lengua_amarilla\" title=\"\u00bfQu\u00e9 es la lengua amarilla?\">\u00bfQu\u00e9 es la lengua amarilla?<\/a><\/li><li class='ez-toc-page-1 ez-toc-heading-level-2'><a class=\"ez-toc-link ez-toc-heading-2\" href=\"https:\/\/nutrident.fr\/es\/lengua-amarilla\/#%C2%BFPor_que_tengo_la_lengua_amarilla\" title=\"\u00bfPor qu\u00e9 tengo la lengua amarilla?\">\u00bfPor qu\u00e9 tengo la lengua amarilla?<\/a><\/li><li class='ez-toc-page-1 ez-toc-heading-level-2'><a class=\"ez-toc-link ez-toc-heading-3\" href=\"https:\/\/nutrident.fr\/es\/lengua-amarilla\/#%C2%BFComo_tratar_la_lengua_amarilla\" title=\"\u00bfC\u00f3mo tratar la lengua amarilla?\">\u00bfC\u00f3mo tratar la lengua amarilla?<\/a><\/li><\/ul><\/nav><\/div>\n<h2><span class=\"ez-toc-section\" id=\"%C2%BFQue_es_la_lengua_amarilla\"><\/span>\u00bfQu\u00e9 es la lengua amarilla?<span class=\"ez-toc-section-end\"><\/span><\/h2>\n\n\n\n<p>La lengua amarilla suele ser una afecci\u00f3n benigna que se produce debido a la <strong>acumulaci\u00f3n de c\u00e9lulas muertas, alimentos y bacterias<\/strong> sobre las papilas gustativas, produciendo una capa amarillenta sobre la lengua.<\/p>\n\n\n\n<h2><span class=\"ez-toc-section\" id=\"%C2%BFPor_que_tengo_la_lengua_amarilla\"><\/span>\u00bfPor qu\u00e9 tengo la lengua amarilla?<span class=\"ez-toc-section-end\"><\/span><\/h2>\n\n\n\n<p>Existen diversos factores que pueden causar la lengua amarilla, siendo los m\u00e1s comunes:<\/p>\n\n\n\n<h3>Mala higiene<\/h3>\n\n\n\n<p>La salud bucal es sumamente importante y mantener una <a href=\"https:\/\/nutrident.fr\/es\/como-lavarse-los-dientes\/\" target=\"_blank\" data-type=\"URL\" data-id=\"https:\/\/nutrident.fr\/es\/como-lavarse-los-dientes\/\" rel=\"noreferrer noopener\">higiene adecuada<\/a> es fundamental para evitar ciertas afecciones. Una mala higiene oral puede causar una acumulaci\u00f3n de restos de alimentos y bacterias en la lengua, lo que hace que se torne blanca o amarillenta.<\/p>\n\n\n\n<p>Es esencial <a href=\"https:\/\/www.dentaly.org\/es\/limpieza-dental\/limpiador-lingual\/\" target=\"_blank\" rel=\"noopener\">limpiar la lengua correctamente<\/a> con un <a href=\"https:\/\/nutrident.fr\/es\/limpiador-de-lengua\/\" target=\"_blank\" data-type=\"URL\" data-id=\"https:\/\/nutrident.fr\/es\/limpiador-de-lengua\/\" rel=\"noreferrer noopener\">raspador de lengua<\/a> o con el cepillo dental. Esto evitar\u00e1 no solo la lengua amarilla, sino la acumulaci\u00f3n de bacterias en la boca que pueden causar caries y otras patolog\u00edas dentales.<\/p>\n\n\n\n<h3>Fumar<\/h3>\n\n\n\n<p>El <a href=\"https:\/\/nutrident.fr\/es\/tabaco\/\" target=\"_blank\" data-type=\"URL\" data-id=\"https:\/\/nutrident.fr\/es\/tabaco\/\" rel=\"noreferrer noopener\">consumo de tabaco<\/a> produce una <strong>salivaci\u00f3n m\u00e1s espesa<\/strong>, es por ese motivo que <a href=\"https:\/\/nutrident.fr\/es\/boca-seca\/\" target=\"_blank\" data-type=\"URL\" data-id=\"https:\/\/nutrident.fr\/es\/boca-seca\/\" rel=\"noreferrer noopener\">la boca se reseca<\/a> con mayor frecuencia, lo que ocasiona una mayor acumulaci\u00f3n de bacterias. Adem\u00e1s, el color de esta sustancia nociva puede pigmentar los restos de comida y bacterias en la lengua y volverla amarilla.<\/p>\n\n\n\n<h3>Infecciones bucales<\/h3>\n\n\n\n<p>Existen infecciones bucales que tienden a causar esta coloraci\u00f3n en la lengua. Por ejemplo, las <strong>afecciones producidas por hongos<\/strong> como la <a href=\"https:\/\/nutrident.fr\/es\/candidiasis\/\" data-type=\"URL\" data-id=\"https:\/\/nutrident.fr\/es\/candidiasis\/\" target=\"_blank\" rel=\"noreferrer noopener\">candidiasis oral<\/a>, que pueden cambiar la coloraci\u00f3n de la lengua y producir una capa blanca o amarillenta.<\/p>\n\n\n\n<p>Asimismo, tener un sistema inmune d\u00e9bil puede hacernos m\u00e1s propensos a las infecciones que causan <strong>inflamaci\u00f3n en las papilas gustativas<\/strong>, y esto hace m\u00e1s f\u00e1cil la acumulaci\u00f3n de bacterias y de restos de alimentos en la lengua.<\/p>\n\n\n\n<h3>Dificultades respiratorias&nbsp;&nbsp;&nbsp;&nbsp;<\/h3>\n\n\n\n<p>Las afecciones respiratorias tambi\u00e9n pueden causar lengua amarilla. Por ejemplo, las personas que padecen de <strong>sinusitis<\/strong> tienen dificultad para respirar bien por la nariz, por ende, se ven en la necesidad de respirar por la boca, provocando resequedad. Esto hace que la saliva se espese, acelerando el crecimiento de bacterias que producen ese tono amarillento en la lengua.<\/p>\n\n\n\n<h3>Enfermedades<\/h3>\n\n\n\n<p>Ciertas patolog\u00edas tambi\u00e9n pueden provocar esta afecci\u00f3n oral. La lengua amarilla puede estar relacionada con la ictericia, es decir, una <strong>producci\u00f3n excesiva de bilirrubina<\/strong> en el cuerpo que causa una coloraci\u00f3n amarillenta de la piel y las mucosas corporales. Esta condici\u00f3n puede ser un indicador de alguna afecci\u00f3n grave, como una enfermedad del h\u00edgado, de la sangre o un problema en el conducto biliar.<\/p>\n\n\n\n<h3>Medicamentos<\/h3>\n\n\n\n<p>El consumo de ciertos medicamentos pueden provocar una tonalidad amarilla en la lengua, sobre todo los que contienen <strong>bismuto<\/strong>. El bismuto es un elemento qu\u00edmico que se utiliza en algunos medicamentos para tratar <strong>afecciones gastrointestinales<\/strong>, como la acidez, la diarrea, el dolor estomacal, las \u00falceras g\u00e1stricas, entre otras.<\/p>\n\n\n\n<h2><span class=\"ez-toc-section\" id=\"%C2%BFComo_tratar_la_lengua_amarilla\"><\/span>\u00bfC\u00f3mo tratar la lengua amarilla?<span class=\"ez-toc-section-end\"><\/span><\/h2>\n\n\n<div class=\"wp-block-image\">\n<figure class=\"alignright size-large is-resized\"><img src=\"https:\/\/nutrident.fr\/wp-content\/uploads\/2023\/03\/tono-amarillento-en-la-lengua-1024x682.jpg\" alt=\"lengua amarilla\" class=\"wp-image-20736\" width=\"300\" height=\"200\" srcset=\"https:\/\/nutrident.fr\/wp-content\/uploads\/2023\/03\/tono-amarillento-en-la-lengua-1024x682.jpg 1024w, https:\/\/nutrident.fr\/wp-content\/uploads\/2023\/03\/tono-amarillento-en-la-lengua-300x200.jpg 300w, https:\/\/nutrident.fr\/wp-content\/uploads\/2023\/03\/tono-amarillento-en-la-lengua-768x512.jpg 768w, https:\/\/nutrident.fr\/wp-content\/uploads\/2023\/03\/tono-amarillento-en-la-lengua-1536x1024.jpg 1536w, https:\/\/nutrident.fr\/wp-content\/uploads\/2023\/03\/tono-amarillento-en-la-lengua-254x169.jpg 254w, https:\/\/nutrident.fr\/wp-content\/uploads\/2023\/03\/tono-amarillento-en-la-lengua-66x44.jpg 66w, https:\/\/nutrident.fr\/wp-content\/uploads\/2023\/03\/tono-amarillento-en-la-lengua-120x80.jpg 120w, https:\/\/nutrident.fr\/wp-content\/uploads\/2023\/03\/tono-amarillento-en-la-lengua.jpg 2000w\" sizes=\"(max-width: 300px) 100vw, 300px\" \/><\/figure><\/div>\n\n\n<p>Una de las principales medidas a tomar es mantener una <strong>buena rutina de<\/strong> <strong>higiene bucal<\/strong> que incluya la limpieza de la lengua. Muchas personas no saben que es necesario limpiar la lengua al <a href=\"https:\/\/nutrident.fr\/es\/cepillarse-correctamente-los-dientes\/\" target=\"_blank\" data-type=\"URL\" data-id=\"https:\/\/nutrident.fr\/es\/cepillarse-correctamente-los-dientes\/\" rel=\"noreferrer noopener\">cepillarse los dientes<\/a>, pero este paso es esencial para evitar la coloraci\u00f3n amarillenta y la acumulaci\u00f3n de bacterias en la boca que causan otras patolog\u00edas dentales.<\/p>\n\n\n\n<p>Asimismo, <strong>consumir suficiente agua<\/strong> durante el d\u00eda es de suma importancia, pues de esa manera se evita la deshidrataci\u00f3n y, por ende, la resequedad de la boca. Un adulto deber\u00eda consumir al menos 1,5 litros de agua diariamente para mantenerse saludable. El consumo de <a href=\"https:\/\/www.colgate.com\/es-pe\/oral-health\/nutrition-and-oral-health\/healthy-foods-list-seven-best-foods-for-your-teeth-0214\" target=\"_blank\" rel=\"noopener\">alimentos ricos en fibra<\/a> tambi\u00e9n contribuye a evitar la acumulaci\u00f3n de bacterias en la lengua.<\/p>\n\n\n\n<p>En el caso de ser fumador, una de las recomendaciones es <strong>dejar de fumar<\/strong>, pues bien sabemos que el consumo de tabaco es uno de los principales causantes de la lengua amarilla y de muchas otras enfermedades mucho m\u00e1s graves.<\/p>\n\n\n\n<p>Es recomendable asistir frecuentemente a los <a href=\"https:\/\/nutrident.fr\/es\/acudir-al-dentista\/\" target=\"_blank\" data-type=\"URL\" data-id=\"https:\/\/nutrident.fr\/es\/acudir-al-dentista\/\" rel=\"noreferrer noopener\">controles con el dentista<\/a>, ya que esto permite diagnosticar cualquier problema a tiempo. La <a href=\"https:\/\/nutrident.fr\/es\/limpieza-dental\/\" target=\"_blank\" data-type=\"URL\" data-id=\"https:\/\/nutrident.fr\/es\/limpieza-dental\/\" rel=\"noreferrer noopener\">limpieza dental<\/a> profesional te ayudar\u00e1 a mantener las bacterias a raya y a conservar la lengua saludable.<\/p>\n<div class=\"article-data before-content\"><div class=\"article-data__date\"><div class=\"article-data__date-modified\"><time class=\"published\" datetime=\"2023-06-09T06:49:54+00:00\">This article was originally published on&nbsp;<span class=\"2\">junio 9, 2023<\/span>&nbsp;and was most recently updated on&nbsp;<span>junio 13, 2023<\/span><\/time><br><\/div><\/div><\/div><div class=\"user-info\"><\/div>","protected":false},"excerpt":{"rendered":"<p>Updated:&nbsp;junio 13, 2023 Una lengua saludable suele ser de color rosa, pero si presenta otra tonalidad puede ser una alerta de que algo no est\u00e1 bien. Sin embargo, en la mayor\u00eda de los casos no es motivo de preocupaci\u00f3n. La lengua amarilla puede ser causada por una variedad de factores, como la mala higiene dental, [&hellip;]<\/p>\n","protected":false},"author":10,"featured_media":21316,"parent":0,"menu_order":0,"comment_status":"closed","ping_status":"closed","template":"","meta":{"inline_featured_image":false},"acf":[],"_links":{"self":[{"href":"https:\/\/nutrident.fr\/es\/wp-json\/wp\/v2\/pages\/21626"}],"collection":[{"href":"https:\/\/nutrident.fr\/es\/wp-json\/wp\/v2\/pages"}],"about":[{"href":"https:\/\/nutrident.fr\/es\/wp-json\/wp\/v2\/types\/page"}],"author":[{"embeddable":true,"href":"https:\/\/nutrident.fr\/es\/wp-json\/wp\/v2\/users\/10"}],"replies":[{"embeddable":true,"href":"https:\/\/nutrident.fr\/es\/wp-json\/wp\/v2\/comments?post=21626"}],"version-history":[{"count":1,"href":"https:\/\/nutrident.fr\/es\/wp-json\/wp\/v2\/pages\/21626\/revisions"}],"predecessor-version":[{"id":21659,"href":"https:\/\/nutrident.fr\/es\/wp-json\/wp\/v2\/pages\/21626\/revisions\/21659"}],"wp:featuredmedia":[{"embeddable":true,"href":"https:\/\/nutrident.fr\/es\/wp-json\/wp\/v2\/media\/21316"}],"wp:attachment":[{"href":"https:\/\/nutrident.fr\/es\/wp-json\/wp\/v2\/media?parent=21626"}],"curies":[{"name":"wp","href":"https:\/\/api.w.org\/{rel}","templated":true}]}}