

{"id":21627,"date":"2023-06-09T06:50:10","date_gmt":"2023-06-09T06:50:10","guid":{"rendered":"https:\/\/nutrident.fr\/?page_id=21627"},"modified":"2023-06-13T10:41:11","modified_gmt":"2023-06-13T10:41:11","slug":"revelador-de-placa","status":"publish","type":"page","link":"https:\/\/nutrident.fr\/es\/revelador-de-placa\/","title":{"rendered":"Revelador de placa \u00bfQu\u00e9 es y c\u00f3mo se usa?"},"content":{"rendered":"<div class=\"meta\"><div class=\"meta__users\">    <div class=\"meta__users__reviewed\">\r\n      <p class=\"meta__users__caption\">Contributor:&nbsp;<\/p>\r\n      <div class=\"users\">\r\n        <span class=\"users__user\">\r\n          <a href=\"#\">Dr Abel Jes\u00fas Pederzoli<\/a>\r\n        <\/span>\r\n      <\/div>\r\n    <\/div>\r\n\t<\/div><div class=\"meta__date-modified\">Updated:&nbsp;<span>junio 13, 2023<\/span><\/div><\/div><div class=\"wp-block-image\">\n<figure class=\"alignright size-large is-resized\"><img src=\"https:\/\/nutrident.fr\/wp-content\/uploads\/2023\/05\/placa-dental-1024x682.jpg\" alt=\"\" class=\"wp-image-21319\" width=\"256\" height=\"171\" srcset=\"https:\/\/nutrident.fr\/wp-content\/uploads\/2023\/05\/placa-dental-1024x682.jpg 1024w, https:\/\/nutrident.fr\/wp-content\/uploads\/2023\/05\/placa-dental-300x200.jpg 300w, https:\/\/nutrident.fr\/wp-content\/uploads\/2023\/05\/placa-dental-768x511.jpg 768w, https:\/\/nutrident.fr\/wp-content\/uploads\/2023\/05\/placa-dental-1536x1023.jpg 1536w, https:\/\/nutrident.fr\/wp-content\/uploads\/2023\/05\/placa-dental-254x169.jpg 254w, https:\/\/nutrident.fr\/wp-content\/uploads\/2023\/05\/placa-dental-66x44.jpg 66w, https:\/\/nutrident.fr\/wp-content\/uploads\/2023\/05\/placa-dental-120x80.jpg 120w, https:\/\/nutrident.fr\/wp-content\/uploads\/2023\/05\/placa-dental.jpg 2000w\" sizes=\"(max-width: 256px) 100vw, 256px\" \/><\/figure><\/div>\n\n\n<p>El revelador de placa es de gran ayuda tanto para los dentistas como para todas las personas que se preocupan por su salud dental. Su funci\u00f3n es hacer visible la placa acumulada en los dientes, la cual se forma cada vez que ingerimos alimentos, es decir, todos los d\u00edas.<\/p>\n\n\n\n<p>Es por ello que se recomienda cepillarse los dientes despu\u00e9s de cada comida, pero hay lugares a los que el cepillo no puede llegar y en ellos se acumulan los residuos de placa. Es entonces donde entra en acci\u00f3n el revelador de placa, dejando al descubierto esas zonas que no hemos cepillado bien.<\/p>\n\n\n\n<p>En este art\u00edculo vas a conocer los beneficios que tiene para tu salud bucal es uso de un revelador de placa bacteriana. Adem\u00e1s, sabr\u00e1s los tipos de reveladores que hay y cu\u00e1l es mejor para tu caso particular.<\/p>\n\n\n\n<div id=\"ez-toc-container\" class=\"ez-toc-v2_0_33_2 counter-hierarchy ez-toc-counter ez-toc-white ez-toc-container-direction\">\n<div class=\"ez-toc-title-container\">\n<p class=\"ez-toc-title\">Contenus<\/p>\n<span class=\"ez-toc-title-toggle\"><a href=\"#\" class=\"ez-toc-pull-right ez-toc-btn ez-toc-btn-xs ez-toc-btn-default ez-toc-toggle\" style=\"display: none;\"><label for=\"item\" aria-label=\"Tabla de contenidos\"><i class=\"ez-toc-glyphicon ez-toc-icon-toggle\"><\/i><\/label><input type=\"checkbox\" id=\"item\"><\/a><\/span><\/div>\n<nav><ul class='ez-toc-list ez-toc-list-level-1'><li class='ez-toc-page-1 ez-toc-heading-level-2'><a class=\"ez-toc-link ez-toc-heading-1\" href=\"https:\/\/nutrident.fr\/es\/revelador-de-placa\/#%C2%BFQue_es_la_placa_dental\" title=\"\u00bfQu\u00e9 es la placa dental?\">\u00bfQu\u00e9 es la placa dental?<\/a><\/li><li class='ez-toc-page-1 ez-toc-heading-level-2'><a class=\"ez-toc-link ez-toc-heading-2\" href=\"https:\/\/nutrident.fr\/es\/revelador-de-placa\/#%C2%BFQue_es_un_revelador_de_placa\" title=\"\u00bfQu\u00e9 es un revelador de placa?\">\u00bfQu\u00e9 es un revelador de placa?<\/a><\/li><li class='ez-toc-page-1 ez-toc-heading-level-2'><a class=\"ez-toc-link ez-toc-heading-3\" href=\"https:\/\/nutrident.fr\/es\/revelador-de-placa\/#Tipos_de_reveladores_de_placa\" title=\"Tipos de reveladores de placa\">Tipos de reveladores de placa<\/a><\/li><li class='ez-toc-page-1 ez-toc-heading-level-2'><a class=\"ez-toc-link ez-toc-heading-4\" href=\"https:\/\/nutrident.fr\/es\/revelador-de-placa\/#Cuando_utilizar_un_revelador_de_placa\" title=\"Cuando utilizar un revelador de placa\">Cuando utilizar un revelador de placa<\/a><\/li><\/ul><\/nav><\/div>\n<h2><span class=\"ez-toc-section\" id=\"%C2%BFQue_es_la_placa_dental\"><\/span>\u00bfQu\u00e9 es la placa dental?<span class=\"ez-toc-section-end\"><\/span><\/h2>\n\n\n\n<p>Es una <strong>pel\u00edcula incolora y pegajosa<\/strong> que se forma cuando la comida se combina con la saliva y que generalmente se encuentra entre los dientes y en la l\u00ednea de las enc\u00edas. Si no se elimina correctamente, se calcifica para formar el <a href=\"https:\/\/nutrident.fr\/es\/limpieza-dental\/\" target=\"_blank\" data-type=\"URL\" data-id=\"https:\/\/nutrident.fr\/es\/limpieza-dental\/\" rel=\"noreferrer noopener\">sarro dental<\/a>, que solo un dentista podr\u00e1 eliminar.<\/p>\n\n\n<div class=\"wp-block-image wp-image-8284 size-medium\">\n<figure class=\"alignright\"><img width=\"300\" height=\"200\" src=\"https:\/\/nutrident.fr\/wp-content\/uploads\/2021\/01\/iStock-940926002-1-300x200.jpg\" alt=\"placa dental\" class=\"wp-image-8284\" srcset=\"https:\/\/nutrident.fr\/wp-content\/uploads\/2021\/01\/iStock-940926002-1-300x200.jpg 300w, https:\/\/nutrident.fr\/wp-content\/uploads\/2021\/01\/iStock-940926002-1-1024x683.jpg 1024w, https:\/\/nutrident.fr\/wp-content\/uploads\/2021\/01\/iStock-940926002-1-768x512.jpg 768w, https:\/\/nutrident.fr\/wp-content\/uploads\/2021\/01\/iStock-940926002-1-1080x720.jpg 1080w, https:\/\/nutrident.fr\/wp-content\/uploads\/2021\/01\/iStock-940926002-1-980x653.jpg 980w, https:\/\/nutrident.fr\/wp-content\/uploads\/2021\/01\/iStock-940926002-1-480x320.jpg 480w, https:\/\/nutrident.fr\/wp-content\/uploads\/2021\/01\/iStock-940926002-1.jpg 1254w\" sizes=\"(max-width: 300px) 100vw, 300px\" \/><figcaption>Sarro dental<\/figcaption><\/figure><\/div>\n\n\n<p>La placa se forma todos los d\u00edas entre 4 y 12 horas despu\u00e9s de cepillarse los dientes. Es por eso que se recomienda una <a href=\"https:\/\/nutrident.fr\/es\/cepillarse-correctamente-los-dientes\/\" data-type=\"URL\" data-id=\"https:\/\/nutrident.fr\/es\/cepillarse-correctamente-los-dientes\/\" target=\"_blank\" rel=\"noreferrer noopener\">buena higiene bucal<\/a>, lo cual incluye el cepillado despu\u00e9s de cada comida y el uso de <a href=\"https:\/\/nutrident.fr\/es\/hilo-dental\/\" target=\"_blank\" data-type=\"URL\" data-id=\"https:\/\/nutrident.fr\/es\/hilo-dental\/\" rel=\"noreferrer noopener\">hilo dental<\/a>.<\/p>\n\n\n\n<h2><span class=\"ez-toc-section\" id=\"%C2%BFQue_es_un_revelador_de_placa\"><\/span>\u00bfQu\u00e9 es un revelador de placa?<span class=\"ez-toc-section-end\"><\/span><\/h2>\n\n\n\n<p>La placa es pr\u00e1cticamente invisible, por eso se usa un revelador de placa para detectarla. Esta es una <strong>sustancia que ti\u00f1e de azul o de rojo la placa<\/strong> que se encuentra entre los dientes. Por ello es un gran aliado en la correcta higiene bucal, pues detecta esas zonas donde no est\u00e1s cepillando bien.<\/p>\n\n\n\n<p>Las sustancias m\u00e1s usadas en los reveladores de placa son: el verde malaquita, la fucsina, la floxina o la eritrosina.<\/p>\n\n\n\n<h2><span class=\"ez-toc-section\" id=\"Tipos_de_reveladores_de_placa\"><\/span>Tipos de reveladores de placa<span class=\"ez-toc-section-end\"><\/span><\/h2>\n\n\n\n<p>En la actualidad podemos encontrar una gran variedad reveladores de placa, as\u00ed que podr\u00e1s escoger el que mejor se adapte a tus necesidades.<\/p>\n\n\n\n<h3>Pastillas masticables<\/h3>\n\n\n<div class=\"wp-block-image\">\n<figure class=\"alignright size-large is-resized\"><img src=\"https:\/\/nutrident.fr\/wp-content\/uploads\/2023\/05\/pastilla-reveladora-de-placa-1024x683.jpg\" alt=\"\" class=\"wp-image-21205\" width=\"300\" height=\"200\" srcset=\"https:\/\/nutrident.fr\/wp-content\/uploads\/2023\/05\/pastilla-reveladora-de-placa-1024x683.jpg 1024w, https:\/\/nutrident.fr\/wp-content\/uploads\/2023\/05\/pastilla-reveladora-de-placa-300x200.jpg 300w, https:\/\/nutrident.fr\/wp-content\/uploads\/2023\/05\/pastilla-reveladora-de-placa-768x512.jpg 768w, https:\/\/nutrident.fr\/wp-content\/uploads\/2023\/05\/pastilla-reveladora-de-placa-1536x1024.jpg 1536w, https:\/\/nutrident.fr\/wp-content\/uploads\/2023\/05\/pastilla-reveladora-de-placa-254x169.jpg 254w, https:\/\/nutrident.fr\/wp-content\/uploads\/2023\/05\/pastilla-reveladora-de-placa-66x44.jpg 66w, https:\/\/nutrident.fr\/wp-content\/uploads\/2023\/05\/pastilla-reveladora-de-placa-120x80.jpg 120w, https:\/\/nutrident.fr\/wp-content\/uploads\/2023\/05\/pastilla-reveladora-de-placa.jpg 1999w\" sizes=\"(max-width: 300px) 100vw, 300px\" \/><figcaption>Pastilla reveladora de placa<\/figcaption><\/figure><\/div>\n\n\n<p>Este tipo de revelador <strong>ti\u00f1e de rojo la placa<\/strong> bacteriana presente en los dientes. Para utilizarlo, debes masticarlo hasta su completa disoluci\u00f3n y despu\u00e9s debes hacer circular por toda la boca la saliva generada durante un minuto. Al finalizar, enju\u00e1gate la boca tres o cuatro veces para eliminar los residuos.<\/p>\n\n\n\n<h3>Pastillas masticables dos tonos<\/h3>\n\n\n\n<p>La diferencia entre estas pastillas y las que hemos descrito anteriormente, es que este tipo de revelador <strong>identifica dos tipos de placa<\/strong>: la m\u00e1s antigua y la m\u00e1s reciente. La primera ser\u00e1 te\u00f1ida de color azul y la segunda de un color rojo.<\/p>\n\n\n\n<h3>Gel revelador<\/h3>\n\n\n\n<p>Este es un revelador de placa destinado especialmente al uso profesional. Permite <strong>identificar tres tipos de biopel\u00edculas<\/strong>: la reciente en color rojo-ros\u00e1ceo, una madura de color azul violeta y una \u00e1cida de color azul claro. Los dentistas la usan para determinar el <a href=\"https:\/\/nutrident.fr\/es\/caries\/\" target=\"_blank\" data-type=\"URL\" data-id=\"https:\/\/nutrident.fr\/es\/caries\/\" rel=\"noreferrer noopener\">riesgo de caries<\/a> existente.<\/p>\n\n\n\n<h3>Revelador de placa l\u00edquido<\/h3>\n\n\n\n<p>Este es el m\u00e1s usado a nivel dom\u00e9stico, ya que <strong>su uso es muy sencillo<\/strong>. Se aplican de dos a tres gotas sobre la lengua y se hace circular la saliva por todos los dientes durante un minuto aproximadamente. Este revelador se subdivide en dos tipos: uno identifica la madurez de la placa y el otro no la diferencia.<\/p>\n\n\n\n<h3>Enjuague<\/h3>\n\n\n\n<p>Otro formato de revelador de placa dom\u00e9stico. Antes de cada cepillado \u00fasalo para detectar los lugares donde debes poner m\u00e1s \u00e9nfasis en la limpieza. Solo en necesario enjuagar con 10 ml por un per\u00edodo de 30 segundos.<\/p>\n\n\n\n<h2><span class=\"ez-toc-section\" id=\"Cuando_utilizar_un_revelador_de_placa\"><\/span>Cuando utilizar un revelador de placa<span class=\"ez-toc-section-end\"><\/span><\/h2>\n\n\n<div class=\"wp-block-image\">\n<figure class=\"alignright size-large is-resized\"><img src=\"https:\/\/nutrident.fr\/wp-content\/uploads\/2023\/05\/revelador-de-placa-1024x684.jpg\" alt=\"revelador de placa bacteriana\" class=\"wp-image-21208\" width=\"300\" height=\"200\" srcset=\"https:\/\/nutrident.fr\/wp-content\/uploads\/2023\/05\/revelador-de-placa-1024x684.jpg 1024w, https:\/\/nutrident.fr\/wp-content\/uploads\/2023\/05\/revelador-de-placa-300x200.jpg 300w, https:\/\/nutrident.fr\/wp-content\/uploads\/2023\/05\/revelador-de-placa-768x513.jpg 768w, https:\/\/nutrident.fr\/wp-content\/uploads\/2023\/05\/revelador-de-placa-1536x1026.jpg 1536w, https:\/\/nutrident.fr\/wp-content\/uploads\/2023\/05\/revelador-de-placa-254x170.jpg 254w, https:\/\/nutrident.fr\/wp-content\/uploads\/2023\/05\/revelador-de-placa-66x44.jpg 66w, https:\/\/nutrident.fr\/wp-content\/uploads\/2023\/05\/revelador-de-placa-120x80.jpg 120w, https:\/\/nutrident.fr\/wp-content\/uploads\/2023\/05\/revelador-de-placa.jpg 2000w\" sizes=\"(max-width: 300px) 100vw, 300px\" \/><\/figure><\/div>\n\n\n<p>Puedes usar un revelador antes o despu\u00e9s del cepillado, dependiendo de lo que quieras lograr:<\/p>\n\n\n\n<ul><li><strong>Antes del cepillado<\/strong>: act\u00faa como una gu\u00eda para saber d\u00f3nde debes cepillar y eliminar la placa<\/li><li><strong>Despu\u00e9s del cepillado<\/strong>: sirve para mostrar los lugares donde no alcanzaste a quitar la placa en su totalidad<\/li><\/ul>\n\n\n\n<p>Usar un revelador de placa sirve para <strong>lograr un mejor cepillado<\/strong> y una mejor salud oral. De hecho, con los ni\u00f1os suele tener mejor resultado, pues se enfocan en mejorar su higiene bucal.<\/p>\n\n\n\n<p>Recuerda que mantener una higiene bucal \u00f3ptima es fundamental para prevenir cualquier enfermedad periodontal grave o molesta: periodontitis, gingivitis y la desagradable <a href=\"https:\/\/nutrident.fr\/es\/inflamacion-de-encias\/\" target=\"_blank\" data-type=\"URL\" data-id=\"https:\/\/nutrident.fr\/es\/inflamacion-de-encias\/\" rel=\"noreferrer noopener\">inflamaci\u00f3n de enc\u00edas<\/a>.<\/p>\n\n\n\n<figure class=\"wp-block-embed is-type-wp-embed is-provider-una-madre-en-el-dentista wp-block-embed-una-madre-en-el-dentista\"><div class=\"wp-block-embed__wrapper\">\n<blockquote class=\"wp-embedded-content\" data-secret=\"jCHAWE6ZPO\"><a href=\"https:\/\/unamadreeneldentista.com\/revelador-de-placa-bacteriana-chivato\/\" target=\"_blank\" rel=\"noopener\">Revelador de placa bacteriana: un buen chivato<\/a><\/blockquote><iframe class=\"wp-embedded-content\" sandbox=\"allow-scripts\" security=\"restricted\" style=\"position: absolute; clip: rect(1px, 1px, 1px, 1px);\" title=\"\u00abRevelador de placa bacteriana: un buen chivato\u00bb \u2014 Una madre en el dentista\" src=\"https:\/\/unamadreeneldentista.com\/revelador-de-placa-bacteriana-chivato\/embed\/#?secret=jCHAWE6ZPO\" data-secret=\"jCHAWE6ZPO\" width=\"500\" height=\"282\" frameborder=\"0\" marginwidth=\"0\" marginheight=\"0\" scrolling=\"no\"><\/iframe>\n<\/div><\/figure>\n<div class=\"article-data before-content\"><div class=\"article-data__date\"><div class=\"article-data__date-modified\"><time class=\"published\" datetime=\"2023-06-09T06:50:10+00:00\">This article was originally published on&nbsp;<span class=\"2\">junio 9, 2023<\/span>&nbsp;and was most recently updated on&nbsp;<span>junio 13, 2023<\/span><\/time><br><\/div><\/div><\/div><div class=\"user-info\">    <div class=\"user-info__body\">\r\n      <div class=\"user-info__caption\"><span>Contributors:<\/span><\/div>\r\n\t\t\t        <div class=\"user-info__wrap \">\r\n          <div class=\"user-info__data\">\r\n            <div class=\"user-info__data__info\">\r\n              <div class=\"photo\">\r\n\t\t\t\t\t\t\t\t<img width=\"66\" height=\"61\" src=\"https:\/\/nutrident.fr\/wp-content\/uploads\/2023\/06\/unnamed-66x61.jpg\" class=\"attachment-profileImageAuthor size-profileImageAuthor wp-post-image\" alt=\"Dr Abel Jes\u00fas Pederzoli\" loading=\"lazy\" srcset=\"https:\/\/nutrident.fr\/wp-content\/uploads\/2023\/06\/unnamed-66x61.jpg 66w, https:\/\/nutrident.fr\/wp-content\/uploads\/2023\/06\/unnamed-300x279.jpg 300w, https:\/\/nutrident.fr\/wp-content\/uploads\/2023\/06\/unnamed-1024x952.jpg 1024w, https:\/\/nutrident.fr\/wp-content\/uploads\/2023\/06\/unnamed-768x714.jpg 768w, https:\/\/nutrident.fr\/wp-content\/uploads\/2023\/06\/unnamed-204x190.jpg 204w, https:\/\/nutrident.fr\/wp-content\/uploads\/2023\/06\/unnamed-120x112.jpg 120w, https:\/\/nutrident.fr\/wp-content\/uploads\/2023\/06\/unnamed.jpg 1125w\" sizes=\"(max-width: 66px) 100vw, 66px\" \/>              <\/div>\r\n              <a href=\"https:\/\/nutrident.fr\/es\/author\/dr-abel-jesus-pederzoli\/\" class=\"name\">Dr Abel Jes\u00fas Pederzoli<\/a>\r\n            <\/div>\r\n            <div class=\"user-info__data__social\">\r\n\t\t\t\t\t\t\t\t\t\t\t\t\t\t\t\t\t\t\t\t\t          <a href=\"https:\/\/clinicaleixample.es\/\"\r\n             class=\"soc-item website\">website<\/a>\r\n\t\t\t\t          <a href=\"http:\/\/linkedin.com\/in\/abel-jes%C3%BAs-pederzoli\"\r\n             class=\"soc-item linkedin\">linkedin<\/a>\r\n\t\t\t\t            <\/div>\r\n          <\/div>\r\n          <div class=\"user-info__description\">\r\n\t\t\t\t\t\t\t\t\t\t\t\t\t<p>Con t\u00edtulos obtenidos en la Facultad de Odontolog\u00eda de la Universidad Nacional de La Plata y una participaci\u00f3n activa en congresos y jornadas, el Dr. Pederzoli se mantiene actualizado en las \u00faltimas t\u00e9cnicas y avances en odontolog\u00eda. Actualmente se encuentra desarrollando un proyecto de consultor\u00eda tecnol\u00f3gica aplicada a cl\u00ednicas dentales.<\/p>\n\t\t\t\t\t\t          <\/div>\r\n        <\/div>\r\n\t\t\t\t    <\/div>\r\n\t<\/div>","protected":false},"excerpt":{"rendered":"<p>Contributor:&nbsp; Dr Abel Jes\u00fas Pederzoli Updated:&nbsp;junio 13, 2023 El revelador de placa es de gran ayuda tanto para los dentistas como para todas las personas que se preocupan por su salud dental. Su funci\u00f3n es hacer visible la placa acumulada en los dientes, la cual se forma cada vez que ingerimos alimentos, es decir, todos [&hellip;]<\/p>\n","protected":false},"author":10,"featured_media":21319,"parent":0,"menu_order":0,"comment_status":"closed","ping_status":"closed","template":"","meta":{"inline_featured_image":false},"acf":[],"_links":{"self":[{"href":"https:\/\/nutrident.fr\/es\/wp-json\/wp\/v2\/pages\/21627"}],"collection":[{"href":"https:\/\/nutrident.fr\/es\/wp-json\/wp\/v2\/pages"}],"about":[{"href":"https:\/\/nutrident.fr\/es\/wp-json\/wp\/v2\/types\/page"}],"author":[{"embeddable":true,"href":"https:\/\/nutrident.fr\/es\/wp-json\/wp\/v2\/users\/10"}],"replies":[{"embeddable":true,"href":"https:\/\/nutrident.fr\/es\/wp-json\/wp\/v2\/comments?post=21627"}],"version-history":[{"count":3,"href":"https:\/\/nutrident.fr\/es\/wp-json\/wp\/v2\/pages\/21627\/revisions"}],"predecessor-version":[{"id":21972,"href":"https:\/\/nutrident.fr\/es\/wp-json\/wp\/v2\/pages\/21627\/revisions\/21972"}],"wp:featuredmedia":[{"embeddable":true,"href":"https:\/\/nutrident.fr\/es\/wp-json\/wp\/v2\/media\/21319"}],"wp:attachment":[{"href":"https:\/\/nutrident.fr\/es\/wp-json\/wp\/v2\/media?parent=21627"}],"curies":[{"name":"wp","href":"https:\/\/api.w.org\/{rel}","templated":true}]}}