

{"id":21628,"date":"2023-06-09T06:50:27","date_gmt":"2023-06-09T06:50:27","guid":{"rendered":"https:\/\/nutrident.fr\/?page_id=21628"},"modified":"2023-06-13T11:12:06","modified_gmt":"2023-06-13T11:12:06","slug":"hilo-dental","status":"publish","type":"page","link":"https:\/\/nutrident.fr\/es\/hilo-dental\/","title":{"rendered":"Hilo Dental: Todo sobre c\u00f3mo usar la seda dental, tipos y cual elegir"},"content":{"rendered":"<div class=\"meta\"><div class=\"meta__users\">    <div class=\"meta__users__reviewed\">\r\n      <p class=\"meta__users__caption\">Contributor:&nbsp;<\/p>\r\n      <div class=\"users\">\r\n        <span class=\"users__user\">\r\n          <a href=\"#\">Dr Abel Jes\u00fas Pederzoli<\/a>\r\n        <\/span>\r\n      <\/div>\r\n    <\/div>\r\n\t<\/div><div class=\"meta__date-modified\">Updated:&nbsp;<span>junio 13, 2023<\/span><\/div><\/div><div class=\"wp-block-image\">\n<figure class=\"alignright size-full is-resized\"><img src=\"https:\/\/nutrident.fr\/wp-content\/uploads\/2021\/01\/iStock-528476646-1.jpg\" alt=\"hilo dental\" class=\"wp-image-8398\" width=\"300\" height=\"200\" srcset=\"https:\/\/nutrident.fr\/wp-content\/uploads\/2021\/01\/iStock-528476646-1.jpg 750w, https:\/\/nutrident.fr\/wp-content\/uploads\/2021\/01\/iStock-528476646-1-300x200.jpg 300w, https:\/\/nutrident.fr\/wp-content\/uploads\/2021\/01\/iStock-528476646-1-480x320.jpg 480w\" sizes=\"(max-width: 300px) 100vw, 300px\" \/><\/figure><\/div>\n\n\n<p>El hilo dental es un producto de higiene dental que puede prevenir algunos problemas bucales como las caries o las enfermedades periodontales. Aunque a\u00fan existe la creencia de que cepillarse tres veces al d\u00eda es suficiente para evitar los problemas dentales, lo cierto es que las cerdas del cepillo de dientes no pueden llegar a algunas partes de la dentadura, como los espacios interdentales, donde se pueden acumular restos de comida y bacterias. El hilo dental sirve para limpiar estos espacios y prevenir la formaci\u00f3n de placa bacteriana y sarro.<\/p>\n\n\n\n<p>En este art\u00edculo, exploraremos la importancia del hilo dental, c\u00f3mo usarlo y qu\u00e9 tipo elegir para mantener una higiene bucal \u00f3ptima.<\/p>\n\n\n\n<div id=\"ez-toc-container\" class=\"ez-toc-v2_0_33_2 counter-hierarchy ez-toc-counter ez-toc-white ez-toc-container-direction\">\n<div class=\"ez-toc-title-container\">\n<p class=\"ez-toc-title\">Contenus<\/p>\n<span class=\"ez-toc-title-toggle\"><a href=\"#\" class=\"ez-toc-pull-right ez-toc-btn ez-toc-btn-xs ez-toc-btn-default ez-toc-toggle\" style=\"display: none;\"><label for=\"item\" aria-label=\"Tabla de contenidos\"><i class=\"ez-toc-glyphicon ez-toc-icon-toggle\"><\/i><\/label><input type=\"checkbox\" id=\"item\"><\/a><\/span><\/div>\n<nav><ul class='ez-toc-list ez-toc-list-level-1'><li class='ez-toc-page-1 ez-toc-heading-level-2'><a class=\"ez-toc-link ez-toc-heading-1\" href=\"https:\/\/nutrident.fr\/es\/hilo-dental\/#%C2%BFQue_es_el_hilo_dental\" title=\"\u00bfQu\u00e9 es el hilo dental?\">\u00bfQu\u00e9 es el hilo dental?<\/a><\/li><li class='ez-toc-page-1 ez-toc-heading-level-2'><a class=\"ez-toc-link ez-toc-heading-2\" href=\"https:\/\/nutrident.fr\/es\/hilo-dental\/#%C2%BFPara_que_sirve_el_hilo_dental\" title=\"\u00bfPara qu\u00e9 sirve el hilo dental?\">\u00bfPara qu\u00e9 sirve el hilo dental?<\/a><\/li><li class='ez-toc-page-1 ez-toc-heading-level-2'><a class=\"ez-toc-link ez-toc-heading-3\" href=\"https:\/\/nutrident.fr\/es\/hilo-dental\/#%C2%BFComo_usar_el_hilo_dental\" title=\"\u00bfC\u00f3mo usar el hilo dental?\">\u00bfC\u00f3mo usar el hilo dental?<\/a><\/li><li class='ez-toc-page-1 ez-toc-heading-level-2'><a class=\"ez-toc-link ez-toc-heading-4\" href=\"https:\/\/nutrident.fr\/es\/hilo-dental\/#Tipos_de_hilo_dental\" title=\"Tipos de hilo dental\">Tipos de hilo dental<\/a><\/li><li class='ez-toc-page-1 ez-toc-heading-level-2'><a class=\"ez-toc-link ez-toc-heading-5\" href=\"https:\/\/nutrident.fr\/es\/hilo-dental\/#%C2%BFQue_tipo_de_hilo_dental_elegir\" title=\"\u00bfQu\u00e9 tipo de hilo dental elegir?\">\u00bfQu\u00e9 tipo de hilo dental elegir?<\/a><\/li><li class='ez-toc-page-1 ez-toc-heading-level-2'><a class=\"ez-toc-link ez-toc-heading-6\" href=\"https:\/\/nutrident.fr\/es\/hilo-dental\/#Preguntas_frecuentes\" title=\"Preguntas frecuentes\">Preguntas frecuentes<\/a><\/li><\/ul><\/nav><\/div>\n<h2><span class=\"ez-toc-section\" id=\"%C2%BFQue_es_el_hilo_dental\"><\/span>\u00bfQu\u00e9 es el hilo dental?<span class=\"ez-toc-section-end\"><\/span><\/h2>\n\n\n\n<p>Se trata de un hilo suave, generalmente hecho de nylon, que a menudo se recubre con cera. Su funci\u00f3n es deslizarse entre los dientes para <strong>evitar la acumulaci\u00f3n de restos alimenticios<\/strong> que producen la placa bacteriana en las piezas dentales.<\/p>\n\n\n\n<p>El uso del hilo dental se ha convertido en un <strong>paso fundamental de la buena higiene bucal<\/strong>, es un complemento que garantiza una salud dental adecuada ya que llega a todas las partes donde el <a href=\"https:\/\/nutrident.fr\/es\/cepillos-de-dientes-electricos\/\" target=\"_blank\" data-type=\"URL\" data-id=\"https:\/\/nutrident.fr\/es\/cepillos-de-dientes-electricos\/\" rel=\"noreferrer noopener\">cepillo de dientes<\/a> no puede penetrar. Es un elemento esencial en la rutina de higiene dental diaria y ayuda a prevenir el desarrollo de afecciones bucales.<\/p>\n\n\n\n<h2><span class=\"ez-toc-section\" id=\"%C2%BFPara_que_sirve_el_hilo_dental\"><\/span>\u00bfPara qu\u00e9 sirve el hilo dental?<span class=\"ez-toc-section-end\"><\/span><\/h2>\n\n\n<div class=\"wp-block-image\">\n<figure class=\"alignright size-full is-resized\"><img src=\"https:\/\/nutrident.fr\/wp-content\/uploads\/2023\/05\/Depositphotos_37747129_S.jpg\" alt=\"\" class=\"wp-image-21286\" width=\"250\" height=\"167\" srcset=\"https:\/\/nutrident.fr\/wp-content\/uploads\/2023\/05\/Depositphotos_37747129_S.jpg 999w, https:\/\/nutrident.fr\/wp-content\/uploads\/2023\/05\/Depositphotos_37747129_S-300x200.jpg 300w, https:\/\/nutrident.fr\/wp-content\/uploads\/2023\/05\/Depositphotos_37747129_S-768x513.jpg 768w, https:\/\/nutrident.fr\/wp-content\/uploads\/2023\/05\/Depositphotos_37747129_S-254x170.jpg 254w, https:\/\/nutrident.fr\/wp-content\/uploads\/2023\/05\/Depositphotos_37747129_S-66x44.jpg 66w, https:\/\/nutrident.fr\/wp-content\/uploads\/2023\/05\/Depositphotos_37747129_S-120x80.jpg 120w\" sizes=\"(max-width: 250px) 100vw, 250px\" \/><\/figure><\/div>\n\n\n<p>El hilo dental, tambi\u00e9n conocido como seda dental, remueve los residuos alimenticios que se quedan atrapados entre los dientes y que contribuyen en el <strong>desarrollo de la placa bacteriana<\/strong>. Su uso genera muchos beneficios, tales como la posibilidad de mantener tus dientes toda la vida, disminuir el padecimiento de <a href=\"https:\/\/nutrident.fr\/es\/periodontitis\/\" target=\"_blank\" data-type=\"URL\" data-id=\"https:\/\/nutrident.fr\/es\/periodontitis\/\" rel=\"noreferrer noopener\">enfermedades de las enc\u00edas<\/a>, limpiar los espacios entre los dientes y evitar el <a href=\"https:\/\/nutrident.fr\/es\/halitosis\/\" target=\"_blank\" data-type=\"URL\" data-id=\"https:\/\/nutrident.fr\/es\/halitosis\/\" rel=\"noreferrer noopener\">mal aliento<\/a>.<\/p>\n\n\n\n<p>Muchas personas descuidan el uso del hilo dental por falta de tiempo, olvido o porque simplemente no saben que es necesario para mantener una buena salud oral. Sin embargo la <a href=\"https:\/\/www.mouthhealthy.org\/es-MX\/az-topics\/f\/flossing\" target=\"_blank\" rel=\"noopener\">Asociaci\u00f3n Dental Americana (ADM<\/a>) recomienda usar el hilo dental <strong>al menos una vez al d\u00eda<\/strong> para eliminar la pel\u00edcula de placa acumulada que genera microorganismos da\u00f1inos para la salud de los dientes.<\/p>\n\n\n\n<p>Como ya hab\u00edamos dicho anteriormente, se suele pensar que <a href=\"https:\/\/nutrident.fr\/es\/cepillarse-correctamente-los-dientes\/\" target=\"_blank\" data-type=\"URL\" data-id=\"https:\/\/nutrident.fr\/es\/cepillarse-correctamente-los-dientes\/\" rel=\"noreferrer noopener\">el cepillado de los dientes<\/a> es suficiente para la mantener la buena higiene bucal. Y ciertamente es fundamental en la limpieza diaria, pero hay diferentes <strong>rincones de la boca que cepillo dental no logra alcanzar<\/strong>, rincones en los que la placa se acumula y se va endureciendo hasta convertirse en <a href=\"https:\/\/nutrident.fr\/es\/limpieza-dental\/\" target=\"_blank\" data-type=\"URL\" data-id=\"https:\/\/nutrident.fr\/es\/limpieza-dental\/\" rel=\"noreferrer noopener\">sarro<\/a> que solo puede ser removido por un dentista.<\/p>\n\n\n\n<p>Es por ello que el uso del hilo dental es un <strong>complemento esencial del cepillado<\/strong>, ya que ayuda a mejorar la limpieza de las piezas dentales y evita enfermedades e <a href=\"https:\/\/nutrident.fr\/es\/absceso-dental\/\" target=\"_blank\" data-type=\"URL\" data-id=\"https:\/\/nutrident.fr\/es\/absceso-dental\/\" rel=\"noreferrer noopener\">infecciones orales<\/a>.<\/p>\n\n\n\n<p>Otro de los beneficios que trae el uso del hilo dental es que ayuda a mantener los dientes mucho m\u00e1s blancos y reduce la presi\u00f3n ocasionada por restos de comida que puede provocar <a href=\"https:\/\/nutrident.fr\/es\/inflamacion-de-encias\/\" target=\"_blank\" data-type=\"URL\" data-id=\"https:\/\/nutrident.fr\/es\/inflamacion-de-encias\/\" rel=\"noreferrer noopener\">inflamaci\u00f3n y sangrado de las enc\u00edas<\/a>. El hilo dental te ayudar\u00e1 a <strong>mantener unas enc\u00edas y dientes sanos<\/strong>.<\/p>\n\n\n\n<h2><span class=\"ez-toc-section\" id=\"%C2%BFComo_usar_el_hilo_dental\"><\/span>\u00bfC\u00f3mo usar el hilo dental?<span class=\"ez-toc-section-end\"><\/span><\/h2>\n\n\n<div class=\"wp-block-image\">\n<figure class=\"alignright size-large is-resized\"><img src=\"https:\/\/nutrident.fr\/wp-content\/uploads\/2022\/09\/Cepillo_interproximal_y_seda_dental-1024x684.jpg\" alt=\"Cepillo interproximal y seda dental\" class=\"wp-image-14549\" width=\"300\" height=\"200\" srcset=\"https:\/\/nutrident.fr\/wp-content\/uploads\/2022\/09\/Cepillo_interproximal_y_seda_dental-1024x684.jpg 1024w, https:\/\/nutrident.fr\/wp-content\/uploads\/2022\/09\/Cepillo_interproximal_y_seda_dental-300x200.jpg 300w, https:\/\/nutrident.fr\/wp-content\/uploads\/2022\/09\/Cepillo_interproximal_y_seda_dental-768x513.jpg 768w, https:\/\/nutrident.fr\/wp-content\/uploads\/2022\/09\/Cepillo_interproximal_y_seda_dental-1536x1025.jpg 1536w, https:\/\/nutrident.fr\/wp-content\/uploads\/2022\/09\/Cepillo_interproximal_y_seda_dental-254x170.jpg 254w, https:\/\/nutrident.fr\/wp-content\/uploads\/2022\/09\/Cepillo_interproximal_y_seda_dental.jpg 2000w\" sizes=\"(max-width: 300px) 100vw, 300px\" \/><\/figure><\/div>\n\n\n<p>Es de suma importancia utilizar correctamente la seda dental. Por m\u00e1s sencillo que parezca, una t\u00e9cnica correcta producir\u00e1 los mejores resultados y evitar\u00e1 lesiones en las enc\u00edas.<\/p>\n\n\n\n<p>Es probable que al inicio el uso del hilo dental te resulte inc\u00f3modo. Es normal que necesites un periodo de adaptaci\u00f3n desde la primera vez que empieces a utilizarlo, pero debes usar una <strong>t\u00e9cnica correcta<\/strong> para no da\u00f1ar tus enc\u00edas en el proceso. Estos son los pasos para usar el hilo dental de forma \u00f3ptima:<\/p>\n\n\n\n<ul><li>Corta un trozo de hilo de aproximadamente 50 cm<\/li><li>Enrolla cada extremo en el dedo \u00edndice de cada mano<\/li><li>Pasa la seda dental en los espacios interdentales, haciendo un movimiento de vaiv\u00e9n para limpiar cada pieza dental<\/li><li>Realiza el movimiento anterior alrededor de la base de los dientes para limpiar por debajo de la enc\u00eda cualquier residuo de comida que pueda estar atrapado<\/li><li>Enjuaga la boca con agua o con enjuague bucal para completar tu sesi\u00f3n de higiene dental<\/li><li>Descarta el trozo de hilo usado<\/li><\/ul>\n\n\n\n<p>En este v\u00eddeo podr\u00e1s ver esta t\u00e9cnica aplicada de una manera mucho m\u00e1s clara:<\/p>\n\n\n\n<figure class=\"wp-block-embed is-type-video is-provider-youtube wp-block-embed-youtube wp-embed-aspect-16-9 wp-has-aspect-ratio\"><div class=\"wp-block-embed__wrapper\">\n<iframe title=\"Uso correcto del hilo dental\" width=\"500\" height=\"281\" src=\"https:\/\/www.youtube.com\/embed\/BqbYkt-Qigg?feature=oembed\" frameborder=\"0\" allow=\"accelerometer; autoplay; clipboard-write; encrypted-media; gyroscope; picture-in-picture; web-share\" allowfullscreen><\/iframe>\n<\/div><\/figure>\n\n\n\n<h2><span class=\"ez-toc-section\" id=\"Tipos_de_hilo_dental\"><\/span>Tipos de hilo dental<span class=\"ez-toc-section-end\"><\/span><\/h2>\n\n\n\n<p>Uno de los puntos esenciales en la salud bucal es seleccionar el tipo de hilo dental adecuado. Hay una amplia lista de la cual podemos elegir el que m\u00e1s se adapte a nuestra dentadura. Para tener una noci\u00f3n m\u00e1s clara de cu\u00e1l elegir, describiremos algunas caracter\u00edsticas esenciales de las sedas dentales que podr\u00e1s encontrar en el mercado.<\/p>\n\n\n\n<h3>Hilo dental para ortodoncia<\/h3>\n\n\n\n<p>Est\u00e1 especialmente dise\u00f1ado para personas con <a href=\"https:\/\/nutrident.fr\/es\/ortodoncia\/\" target=\"_blank\" data-type=\"URL\" data-id=\"https:\/\/nutrident.fr\/es\/ortodoncia\/\" rel=\"noreferrer noopener\">ortodoncia<\/a> o <a href=\"https:\/\/nutrident.fr\/es\/puente-dental\/\" target=\"_blank\" data-type=\"URL\" data-id=\"https:\/\/nutrident.fr\/es\/puente-dental\/\" rel=\"noreferrer noopener\">puentes fijos<\/a>. Este tipo de hilo cuenta con tres caracter\u00edsticas muy funcionales: <\/p>\n\n\n\n<ul><li>Una <strong>parte r\u00edgida<\/strong> para introducir f\u00e1cilmente entre los brackets y puentes<\/li><li>Una parte esponjosa que permite eliminar la placa acumulada<\/li><li>La zona del hilo para limpiar el resto de los dientes y enc\u00edas sin lastimarlas<\/li><\/ul>\n\n\n\n<h3>Hilos multifilamentos o monofilamentos<\/h3>\n\n\n<div class=\"wp-block-image\">\n<figure class=\"alignright size-large is-resized\"><img src=\"https:\/\/nutrident.fr\/wp-content\/uploads\/2023\/04\/hilo-dental-1024x684.jpg\" alt=\"seda dental\" class=\"wp-image-21071\" width=\"300\" height=\"200\" srcset=\"https:\/\/nutrident.fr\/wp-content\/uploads\/2023\/04\/hilo-dental-1024x684.jpg 1024w, https:\/\/nutrident.fr\/wp-content\/uploads\/2023\/04\/hilo-dental-300x200.jpg 300w, https:\/\/nutrident.fr\/wp-content\/uploads\/2023\/04\/hilo-dental-768x513.jpg 768w, https:\/\/nutrident.fr\/wp-content\/uploads\/2023\/04\/hilo-dental-1536x1025.jpg 1536w, https:\/\/nutrident.fr\/wp-content\/uploads\/2023\/04\/hilo-dental-254x170.jpg 254w, https:\/\/nutrident.fr\/wp-content\/uploads\/2023\/04\/hilo-dental-66x44.jpg 66w, https:\/\/nutrident.fr\/wp-content\/uploads\/2023\/04\/hilo-dental-120x80.jpg 120w, https:\/\/nutrident.fr\/wp-content\/uploads\/2023\/04\/hilo-dental.jpg 2000w\" sizes=\"(max-width: 300px) 100vw, 300px\" \/><\/figure><\/div>\n\n\n<p>El hilo multifilamento est\u00e1 formado de m\u00faltiples hebras de nylon que pueden estar recubiertas o no de cera. Es un hilo dental m\u00e1s barato que debe usarse con movimientos delicados ya que <strong>puede deshilacharse<\/strong>, pero es igual de efectivo que los dem\u00e1s. Los monofilamentos son mucho m\u00e1s resistentes y est\u00e1n elaborados con una sola hebra que permite un <strong>mejor deslizamiento<\/strong> entre las piezas dentales, pero suelen ser m\u00e1s caros.<\/p>\n\n\n\n<h3>Hilos con cera o sin cera<\/h3>\n\n\n\n<p>El hilo dental con cera se recomienda para <a href=\"https:\/\/nutrident.fr\/es\/apinamiento-dental\/\" target=\"_blank\" data-type=\"URL\" data-id=\"https:\/\/nutrident.fr\/es\/apinamiento-dental\/\" rel=\"noreferrer noopener\">dientes muy juntos o api\u00f1ados<\/a>, pues <strong>se desliza con mayor facilidad<\/strong> y es m\u00e1s dificil que se deshilache. El hilo dental sin cera es m\u00e1s dif\u00edcil de deslizar y puede rechinar una vez que se elimina la placa. Es posible usarlo entre los dientes muy juntos o superpuestos pero es m\u00e1s probable que se deshilache o se rompa.<\/p>\n\n\n\n<h3>Hilo dental con fl\u00faor<\/h3>\n\n\n\n<p>El fl\u00faor <strong>previene la aparici\u00f3n de caries<\/strong> y ayuda a mantener el esmalte dental en buen estado. Pero, como todo exceso es perjudicial, el fl\u00faor en exceso puede generar falta de calcio en los dientes y hacerlos m\u00e1s d\u00e9biles. Por ello, se recomienda usar hilos con fl\u00faor solo una vez al d\u00eda.<\/p>\n\n\n\n<h2><span class=\"ez-toc-section\" id=\"%C2%BFQue_tipo_de_hilo_dental_elegir\"><\/span>\u00bfQu\u00e9 tipo de hilo dental elegir?<span class=\"ez-toc-section-end\"><\/span><\/h2>\n\n\n\n<p>El uso y manejo del hilo dental puede variar de persona a persona, ya que influye mucho el tipo de dentadura o el tiempo dedicado a su limpieza. La elecci\u00f3n del hilo dental adecuado depender\u00e1 de la comodidad personal y de la capacidad de adaptaci\u00f3n de cada uno a su uso sin que nos cause molestias y lesiones bucales.<\/p>\n\n\n\n<p>Si tienes dientes api\u00f1ados, superpuestos o muy juntos, probablemente te vaya mejor con un <strong>hilo dental con cera<\/strong> de un solo filamento. Si tienes ortodoncia, usar un hilo encerado es una buena idea, pero ahorrar\u00e1s mucho m\u00e1s tiempo y paciencia si usas una seda dental para ortodoncia, como la Superfloss de Oral-B. Tambi\u00e9n podr\u00edas considerar el uso de un <a href=\"https:\/\/nutrident.fr\/es\/cepillo-interdental\/\" target=\"_blank\" data-type=\"URL\" data-id=\"https:\/\/nutrident.fr\/es\/cepillo-interdental\/\" rel=\"noreferrer noopener\">cepillo interdental<\/a> y\/o de un <a href=\"https:\/\/nutrident.fr\/es\/irrigadores-dentales\/\" target=\"_blank\" data-type=\"URL\" data-id=\"https:\/\/nutrident.fr\/es\/irrigadores-dentales\/\" rel=\"noreferrer noopener\">irrigador bucal<\/a>.<\/p>\n\n\n\n<p>Recuerda que el uso hilo dental <strong>no deber\u00eda ser doloroso<\/strong> o causar da\u00f1o en las enc\u00edas, por lo que debes mantener una t\u00e9cnica que genere resultados positivos sin provocar molestia alguna.<\/p>\n\n\n\n<h2><span class=\"ez-toc-section\" id=\"Preguntas_frecuentes\"><\/span>Preguntas frecuentes<span class=\"ez-toc-section-end\"><\/span><\/h2>\n\n\n<div id=\"rank-math-faq\" class=\"rank-math-block\">\n<div class=\"rank-math-list \">\n<div id=\"faq-question-1682876423620\" class=\"rank-math-list-item\">\n<h3 class=\"rank-math-question \">\u00bfCu\u00e1ndo se debe usar el hilo dental?<\/h3>\n<div class=\"rank-math-answer \">\n\n<p>Puedes usar el hilo dental antes o despu\u00e9s del cepillado y en la ma\u00f1ana, en la tarde o en la noche, ya que esto no afectar\u00e1 el resultado final. Lo importante es que lo uses diariamente.<\/p>\n\n<\/div>\n<\/div>\n<div id=\"faq-question-1682876516047\" class=\"rank-math-list-item\">\n<h3 class=\"rank-math-question \">\u00bfCu\u00e1ntas veces hay que usar el hilo dental?<\/h3>\n<div class=\"rank-math-answer \">\n\n<p>La seda dental se debe usar al menos una vez al d\u00eda para eliminar los restos de comida acumulados entre los dientes y la placa bacteriana. Para una higiene dental m\u00e1s \u00f3ptima y un aliento m\u00e1s fresco, util\u00edzalo dos veces al d\u00eda junto con el cepillado.<\/p>\n\n<\/div>\n<\/div>\n<\/div>\n<\/div><div class=\"article-data before-content\"><div class=\"article-data__date\"><div class=\"article-data__date-modified\"><time class=\"published\" datetime=\"2023-06-09T06:50:27+00:00\">This article was originally published on&nbsp;<span class=\"2\">junio 9, 2023<\/span>&nbsp;and was most recently updated on&nbsp;<span>junio 13, 2023<\/span><\/time><br><\/div><\/div><\/div><div class=\"user-info\">    <div class=\"user-info__body\">\r\n      <div class=\"user-info__caption\"><span>Contributors:<\/span><\/div>\r\n\t\t\t        <div class=\"user-info__wrap \">\r\n          <div class=\"user-info__data\">\r\n            <div class=\"user-info__data__info\">\r\n              <div class=\"photo\">\r\n\t\t\t\t\t\t\t\t<img width=\"66\" height=\"61\" src=\"https:\/\/nutrident.fr\/wp-content\/uploads\/2023\/06\/unnamed-66x61.jpg\" class=\"attachment-profileImageAuthor size-profileImageAuthor wp-post-image\" alt=\"Dr Abel Jes\u00fas Pederzoli\" loading=\"lazy\" srcset=\"https:\/\/nutrident.fr\/wp-content\/uploads\/2023\/06\/unnamed-66x61.jpg 66w, https:\/\/nutrident.fr\/wp-content\/uploads\/2023\/06\/unnamed-300x279.jpg 300w, https:\/\/nutrident.fr\/wp-content\/uploads\/2023\/06\/unnamed-1024x952.jpg 1024w, https:\/\/nutrident.fr\/wp-content\/uploads\/2023\/06\/unnamed-768x714.jpg 768w, https:\/\/nutrident.fr\/wp-content\/uploads\/2023\/06\/unnamed-204x190.jpg 204w, https:\/\/nutrident.fr\/wp-content\/uploads\/2023\/06\/unnamed-120x112.jpg 120w, https:\/\/nutrident.fr\/wp-content\/uploads\/2023\/06\/unnamed.jpg 1125w\" sizes=\"(max-width: 66px) 100vw, 66px\" \/>              <\/div>\r\n              <a href=\"https:\/\/nutrident.fr\/es\/author\/dr-abel-jesus-pederzoli\/\" class=\"name\">Dr Abel Jes\u00fas Pederzoli<\/a>\r\n            <\/div>\r\n            <div class=\"user-info__data__social\">\r\n\t\t\t\t\t\t\t\t\t\t\t\t\t\t\t\t\t\t\t\t\t          <a href=\"https:\/\/clinicaleixample.es\/\"\r\n             class=\"soc-item website\">website<\/a>\r\n\t\t\t\t          <a href=\"http:\/\/linkedin.com\/in\/abel-jes%C3%BAs-pederzoli\"\r\n             class=\"soc-item linkedin\">linkedin<\/a>\r\n\t\t\t\t            <\/div>\r\n          <\/div>\r\n          <div class=\"user-info__description\">\r\n\t\t\t\t\t\t\t\t\t\t\t\t\t<p>Con t\u00edtulos obtenidos en la Facultad de Odontolog\u00eda de la Universidad Nacional de La Plata y una participaci\u00f3n activa en congresos y jornadas, el Dr. Pederzoli se mantiene actualizado en las \u00faltimas t\u00e9cnicas y avances en odontolog\u00eda. Actualmente se encuentra desarrollando un proyecto de consultor\u00eda tecnol\u00f3gica aplicada a cl\u00ednicas dentales.<\/p>\n\t\t\t\t\t\t          <\/div>\r\n        <\/div>\r\n\t\t\t\t    <\/div>\r\n\t<\/div><!--copyscapeskip--><div class=\"medical_references\"><div class=\"medical_references__heading\"><span>Fuentes M\u00e9dicas<\/span><\/div><div class=\"medical_references__list\"><p><strong>ADA:<\/strong> <a target=\"\" rel=\"\">Floss\/Interdental Cleaners<\/a>. Consultado el 30 de abril de 2023.<\/p>\n<p><strong>Mayo Clinic<\/strong>: <a target=\"\" rel=\"\">Limpieza con cepillo e hilo dental para la salud bucal<\/a>. Consultado el 30 de abril de 2023.<\/p>\n<p><strong>Scielo:<\/strong> <a target=\"\" rel=\"\">H\u00e1bitos de higiene oral. Resultados de un estudio poblacional<\/a>. Consultado el 30 de abril de 2023.<\/p>\n<\/div><\/div><!--\/copyscapeskip-->","protected":false},"excerpt":{"rendered":"<p>Contributor:&nbsp; Dr Abel Jes\u00fas Pederzoli Updated:&nbsp;junio 13, 2023 El hilo dental es un producto de higiene dental que puede prevenir algunos problemas bucales como las caries o las enfermedades periodontales. Aunque a\u00fan existe la creencia de que cepillarse tres veces al d\u00eda es suficiente para evitar los problemas dentales, lo cierto es que las cerdas [&hellip;]<\/p>\n","protected":false},"author":10,"featured_media":8226,"parent":0,"menu_order":0,"comment_status":"closed","ping_status":"closed","template":"","meta":{"inline_featured_image":false},"acf":[],"_links":{"self":[{"href":"https:\/\/nutrident.fr\/es\/wp-json\/wp\/v2\/pages\/21628"}],"collection":[{"href":"https:\/\/nutrident.fr\/es\/wp-json\/wp\/v2\/pages"}],"about":[{"href":"https:\/\/nutrident.fr\/es\/wp-json\/wp\/v2\/types\/page"}],"author":[{"embeddable":true,"href":"https:\/\/nutrident.fr\/es\/wp-json\/wp\/v2\/users\/10"}],"replies":[{"embeddable":true,"href":"https:\/\/nutrident.fr\/es\/wp-json\/wp\/v2\/comments?post=21628"}],"version-history":[{"count":5,"href":"https:\/\/nutrident.fr\/es\/wp-json\/wp\/v2\/pages\/21628\/revisions"}],"predecessor-version":[{"id":22060,"href":"https:\/\/nutrident.fr\/es\/wp-json\/wp\/v2\/pages\/21628\/revisions\/22060"}],"wp:featuredmedia":[{"embeddable":true,"href":"https:\/\/nutrident.fr\/es\/wp-json\/wp\/v2\/media\/8226"}],"wp:attachment":[{"href":"https:\/\/nutrident.fr\/es\/wp-json\/wp\/v2\/media?parent=21628"}],"curies":[{"name":"wp","href":"https:\/\/api.w.org\/{rel}","templated":true}]}}