

{"id":21631,"date":"2023-06-09T06:54:14","date_gmt":"2023-06-09T06:54:14","guid":{"rendered":"https:\/\/nutrident.fr\/?page_id=21631"},"modified":"2023-07-03T12:36:17","modified_gmt":"2023-07-03T12:36:17","slug":"dentista-de-urgencias","status":"publish","type":"page","link":"https:\/\/nutrident.fr\/es\/dentista-de-urgencias\/","title":{"rendered":"Emergencia dental: \u00bfqu\u00e9 hacer y c\u00f3mo contactar con el dentista de urgencias?"},"content":{"rendered":"<div class=\"meta\"><div class=\"meta__users\">    <div class=\"meta__users__reviewed\">\r\n      <p class=\"meta__users__caption\">Contributor:&nbsp;<\/p>\r\n      <div class=\"users\">\r\n        <span class=\"users__user\">\r\n          <a href=\"#\">Dr Abel Jes\u00fas Pederzoli<\/a>\r\n        <\/span>\r\n      <\/div>\r\n    <\/div>\r\n\t<\/div><div class=\"meta__date-modified\">Updated:&nbsp;<span>julio 3, 2023<\/span><\/div><\/div><div class=\"wp-block-image\">\n<figure class=\"alignright size-medium\"><img width=\"300\" height=\"203\" src=\"https:\/\/nutrident.fr\/wp-content\/uploads\/2019\/10\/canva-photo-editor-18-300x203.png\" alt=\"emergencia dental\" class=\"wp-image-2037\" srcset=\"https:\/\/nutrident.fr\/wp-content\/uploads\/2019\/10\/canva-photo-editor-18-300x203.png 300w, https:\/\/nutrident.fr\/wp-content\/uploads\/2019\/10\/canva-photo-editor-18-768x520.png 768w, https:\/\/nutrident.fr\/wp-content\/uploads\/2019\/10\/canva-photo-editor-18-1024x693.png 1024w, https:\/\/nutrident.fr\/wp-content\/uploads\/2019\/10\/canva-photo-editor-18-1080x731.png 1080w, https:\/\/nutrident.fr\/wp-content\/uploads\/2019\/10\/canva-photo-editor-18-980x663.png 980w, https:\/\/nutrident.fr\/wp-content\/uploads\/2019\/10\/canva-photo-editor-18-480x325.png 480w, https:\/\/nutrident.fr\/wp-content\/uploads\/2019\/10\/canva-photo-editor-18.png 1200w\" sizes=\"(max-width: 300px) 100vw, 300px\" \/><figcaption>\u00bfC\u00f3mo contactar con un dentista de urgencias?<\/figcaption><\/figure><\/div>\n\n\n<p>Las emergencias dentales tales como el dolor de muelas, las fracturas dentales o las pr\u00f3tesis dentales da\u00f1adas son problemas que pueden suceder en cualquier momento. En muchos casos, tu dentista habitual no estar\u00e1 disponible para atenderte en su consulta, por lo que deber\u00e1s recurrir a otras soluciones.<\/p>\n\n\n\n<p>En esta gu\u00eda, hablaremos sobre c\u00f3mo manejar una emergencia dental, qu\u00e9 pasos seguir y a qui\u00e9n acudir en estas situaciones.<\/p>\n\n\n\n<div id=\"ez-toc-container\" class=\"ez-toc-v2_0_33_2 counter-hierarchy ez-toc-counter ez-toc-white ez-toc-container-direction\">\n<div class=\"ez-toc-title-container\">\n<p class=\"ez-toc-title\">Contenus<\/p>\n<span class=\"ez-toc-title-toggle\"><a href=\"#\" class=\"ez-toc-pull-right ez-toc-btn ez-toc-btn-xs ez-toc-btn-default ez-toc-toggle\" style=\"display: none;\"><label for=\"item\" aria-label=\"Tabla de contenidos\"><i class=\"ez-toc-glyphicon ez-toc-icon-toggle\"><\/i><\/label><input type=\"checkbox\" id=\"item\"><\/a><\/span><\/div>\n<nav><ul class='ez-toc-list ez-toc-list-level-1'><li class='ez-toc-page-1 ez-toc-heading-level-2'><a class=\"ez-toc-link ez-toc-heading-1\" href=\"https:\/\/nutrident.fr\/es\/dentista-de-urgencias\/#%C2%BFA_quien_llamar_en_caso_de_emergencia_dental\" title=\"\u00bfA qui\u00e9n llamar en caso de emergencia dental?\">\u00bfA qui\u00e9n llamar en caso de emergencia dental?<\/a><\/li><li class='ez-toc-page-1 ez-toc-heading-level-2'><a class=\"ez-toc-link ez-toc-heading-2\" href=\"https:\/\/nutrident.fr\/es\/dentista-de-urgencias\/#%C2%BFQue_hacer_en_caso_de_una_emergencia_dental_el_domingo\" title=\"\u00bfQu\u00e9 hacer en caso de una emergencia dental el domingo?\">\u00bfQu\u00e9 hacer en caso de una emergencia dental el domingo?<\/a><\/li><li class='ez-toc-page-1 ez-toc-heading-level-2'><a class=\"ez-toc-link ez-toc-heading-3\" href=\"https:\/\/nutrident.fr\/es\/dentista-de-urgencias\/#%C2%BFQue_se_considera_una_emergencia_dental\" title=\"\u00bfQu\u00e9 se considera una emergencia dental? \">\u00bfQu\u00e9 se considera una emergencia dental? <\/a><\/li><li class='ez-toc-page-1 ez-toc-heading-level-2'><a class=\"ez-toc-link ez-toc-heading-4\" href=\"https:\/\/nutrident.fr\/es\/dentista-de-urgencias\/#%C2%BFQue_hacer_en_casa_frente_a_una_emergencia_dental\" title=\"\u00bfQu\u00e9 hacer en casa frente a una emergencia dental?\">\u00bfQu\u00e9 hacer en casa frente a una emergencia dental?<\/a><\/li><li class='ez-toc-page-1 ez-toc-heading-level-2'><a class=\"ez-toc-link ez-toc-heading-5\" href=\"https:\/\/nutrident.fr\/es\/dentista-de-urgencias\/#Preguntas_frecuentes\" title=\"Preguntas frecuentes\">Preguntas frecuentes<\/a><\/li><\/ul><\/nav><\/div>\n<h2><span class=\"ez-toc-section\" id=\"%C2%BFA_quien_llamar_en_caso_de_emergencia_dental\"><\/span>\u00bfA qui\u00e9n llamar en caso de emergencia dental?<span class=\"ez-toc-section-end\"><\/span><\/h2>\n\n\n\n<h3>Tu dentista habitual<\/h3>\n\n\n\n<p>Sea cual sea la naturaleza de tu problema, lo mejor que puedes hacer es llamar a tu dentista habitual si la emergencia ocurre durante las horas en que la consulta est\u00e1 abierta. Los dentistas siempre tienen un <strong>espacio reservado para las urgencias<\/strong>, de modo que puedan atender este tipo de problemas en menos de un d\u00eda.<\/p>\n\n\n\n<p>Si tu dentista no puede atenderte por cualquier raz\u00f3n, es posible que su secretaria te remita a otro dentista. Si te encuentras en Espa\u00f1a, por ejemplo, lo m\u00e1s f\u00e1cil ser\u00eda acudir a la cl\u00ednica o consulta dental m\u00e1s cercana.<\/p>\n\n\n\n<h3>Urgencias dentales 24 horas<\/h3>\n\n\n\n<p>Si la emergencia ocurre durante la noche, fin de semana o d\u00eda festivo y tu dentista realmente no puede atenderte, debes ponerte en contacto con el servicio de urgencias dentales para conseguir a un dentista de guardia.<\/p>\n\n\n\n<h4>Ponerse en contacto con el SAMU<\/h4>\n\n\n<div class=\"wp-block-image\">\n<figure class=\"alignright size-medium\"><img width=\"300\" height=\"200\" src=\"https:\/\/nutrident.fr\/wp-content\/uploads\/2019\/08\/h-shaw-RvIZBonAp64-unsplash-300x200.jpg\" alt=\"dentista en el hospital\" class=\"wp-image-7276\" srcset=\"https:\/\/nutrident.fr\/wp-content\/uploads\/2019\/08\/h-shaw-RvIZBonAp64-unsplash-300x200.jpg 300w, https:\/\/nutrident.fr\/wp-content\/uploads\/2019\/08\/h-shaw-RvIZBonAp64-unsplash-480x320.jpg 480w, https:\/\/nutrident.fr\/wp-content\/uploads\/2019\/08\/h-shaw-RvIZBonAp64-unsplash.jpg 750w\" sizes=\"(max-width: 300px) 100vw, 300px\" \/><figcaption>Algunos hospitales tienen un servicio de urgencias dentales<\/figcaption><\/figure><\/div>\n\n\n<p>Para saber lo antes posible qu\u00e9 dentista est\u00e1 de guardia en tu ciudad o en tu zona, ponte en contacto con los servicios de emergencias m\u00e9dicas <strong>marcando el 131<\/strong>.<\/p>\n\n\n\n<p>El servicio de atenci\u00f3n m\u00e9dica de urgencias tiene acceso a la informaci\u00f3n sobre el servicio de guardia establecido por el consejo departamental de dentistas. Por ello, te podr\u00e1n dar informaci\u00f3n sobre el dentista de guardia m\u00e1s cercano.<\/p>\n\n\n\n<h4>Acudir al servicio de emergencias del hospital<\/h4>\n\n\n\n<p>Algunos hospitales, aunque no todos, tienen un servicio dental de urgencias. Es probable que te atiendan y te receten alg\u00fan medicamento para el dolor antes de ser atendido por un dentista de la seguridad social.<\/p>\n\n\n\n<h2><span class=\"ez-toc-section\" id=\"%C2%BFQue_hacer_en_caso_de_una_emergencia_dental_el_domingo\"><\/span>\u00bfQu\u00e9 hacer en caso de una emergencia dental el domingo?<span class=\"ez-toc-section-end\"><\/span><\/h2>\n\n\n\n<p>Si tienes la mala suerte de tener una urgencia dental durante el fin de semana, especialmente un domingo, lo primero que debes hacer es <strong>llamar a una cl\u00ednica dental<\/strong>, ya que estas suelen dejar los datos de contacto del dentista de guardia en su contestador autom\u00e1tico.<\/p>\n\n\n\n<p>La otra opci\u00f3n es acudir al <strong>servicio de emergencias dentales de un hospital o cl\u00ednica<\/strong>. No todos los establecimientos ofrecen este tipo de atenci\u00f3n, as\u00ed que es mejor llamar por tel\u00e9fono primero. Si el hospital o cl\u00ednica en cuesti\u00f3n no est\u00e1 preparado para este tipo de situaciones, el servicio de guardia puede remitirte a un centro de salud que pueda atenderte.<\/p>\n\n\n\n<h2><span class=\"ez-toc-section\" id=\"%C2%BFQue_se_considera_una_emergencia_dental\"><\/span>\u00bfQu\u00e9 se considera una emergencia dental? <span class=\"ez-toc-section-end\"><\/span><\/h2>\n\n\n\n<h3>El dolor<\/h3>\n\n\n\n<p>El dolor es el primer indicador de que debes acudir a una unidad de emergencias dentales. El dolor en los dientes se vuelve r\u00e1pidamente insoportable y hay otros factores involucrados que pueden poner en peligro tu salud. Al tragar, la saliva transporta las bacterias de la boca hacia el cuerpo, de manera que una infecci\u00f3n oral puede convertirse r\u00e1pidamente en algo m\u00e1s peligroso.<\/p>\n\n\n\n<p>Si tienes un dolor punzante que ning\u00fan analg\u00e9sico de venta libre puede aliviar, no podr\u00e1s dormir ni concentrarte en ninguna tarea. Es por ello que debes buscar una soluci\u00f3n lo antes posible. <\/p>\n\n\n\n<p>Estas son algunas de las razones que pueden estar causando el dolor dental:<\/p>\n\n\n\n<h4>Pulpitis, o dolor de muelas<\/h4>\n\n\n\n<p>Lo que com\u00fanmente se conoce como <a href=\"https:\/\/nutrident.fr\/es\/dolor-de-muelas\/\" target=\"_blank\" data-type=\"URL\" data-id=\"https:\/\/nutrident.fr\/es\/dolor-de-muelas\/\" rel=\"noreferrer noopener\">dolor de muelas<\/a> es una <strong>pulpitis<\/strong>. Se trata de una inflamaci\u00f3n de la pulpa dentaria que puede tener diversas causas:<\/p>\n\n\n\n<ul><li>Una <a href=\"https:\/\/nutrident.fr\/es\/caries\/\" target=\"_blank\" data-type=\"URL\" data-id=\"https:\/\/nutrident.fr\/es\/caries\/\" rel=\"noreferrer noopener\">caries<\/a> mal tratada o que no se trata en absoluto y que progresa a una infecci\u00f3n<\/li><li>Un <a href=\"https:\/\/nutrident.fr\/es\/absceso-dental\/\" target=\"_blank\" data-type=\"URL\" data-id=\"https:\/\/nutrident.fr\/es\/absceso-dental\/\" rel=\"noreferrer noopener\">absceso<\/a><\/li><li>Falta de higiene bucal que puede provocar diversas infecciones<\/li><li>Traumatismos o lesiones<\/li><\/ul>\n\n\n\n<h4>Necrosis<\/h4>\n\n\n<div class=\"wp-block-image\">\n<figure class=\"alignright size-full is-resized\"><img src=\"https:\/\/nutrident.fr\/wp-content\/uploads\/2022\/07\/dent-necrose.jpg\" alt=\"necrosis emergencia dental\" class=\"wp-image-13888\" width=\"300\" height=\"200\"\/><figcaption>Si no se trata el dolor de dientes puede ocurrir una necrosis<\/figcaption><\/figure><\/div>\n\n\n<p>La pulpitis no tratada puede progresar a <a href=\"https:\/\/nutrident.fr\/es\/diente-necrotico\/\" target=\"_blank\" data-type=\"URL\" data-id=\"https:\/\/nutrident.fr\/es\/diente-necrotico\/\" rel=\"noreferrer noopener\">necrosis<\/a>, que es la <strong>destrucci\u00f3n prematura de la pulpa<\/strong>. La necrosis proporciona un entorno propicio para la proliferaci\u00f3n de bacterias que pueden propagarse al hueso y provocar un absceso apical.<\/p>\n\n\n\n<p>La \u00fanica forma de tratar una necrosis es extraer el diente y reemplazarlo con una corona, ya que en estos casos el diente est\u00e1 demasiado da\u00f1ado y es muy d\u00e9bil para seguir siendo funcional.<\/p>\n\n\n\n<h4>Gingivitis<\/h4>\n\n\n\n<p>Si por alguna raz\u00f3n desarrollas <a href=\"https:\/\/nutrident.fr\/es\/gingivitis\/\" data-type=\"URL\" data-id=\"https:\/\/nutrident.fr\/es\/gingivitis\/\" target=\"_blank\" rel=\"noreferrer noopener\">gingivitis<\/a>, notar\u00e1s que las enc\u00edas se hinchan y cambian de color. Adem\u00e1s, el dolor puede intensificarse r\u00e1pidamente, as\u00ed que probablemente lo mejor sea que acudas a un dentista de urgencias.<\/p>\n\n\n\n<h4>Periodontitis<\/h4>\n\n\n\n<p>Una <a href=\"https:\/\/nutrident.fr\/es\/periodontitis\/\" target=\"_blank\" data-type=\"URL\" data-id=\"https:\/\/nutrident.fr\/es\/periodontitis\/\" rel=\"noreferrer noopener\">infecci\u00f3n periodontal<\/a> conduce a la destrucci\u00f3n del hueso de la mand\u00edbula. Este tipo de enfermedad se trata a largo plazo, pero a menudo justifica una visita a la sala de emergencias dentales.<\/p>\n\n\n\n<h3>Lesiones<\/h3>\n\n\n\n<p>Si tienes un accidente que afecta <a href=\"https:\/\/nutrident.fr\/es\/dolor-de-mandibula\/\" target=\"_blank\" data-type=\"URL\" data-id=\"https:\/\/nutrident.fr\/es\/dolor-de-mandibula\/\" rel=\"noreferrer noopener\">la mand\u00edbula<\/a>, los dientes o cualquier otra parte de la boca (lengua, enc\u00edas, cara interna de las mejillas), sin duda debes buscar ayuda en la emergencia dental.<\/p>\n\n\n\n<p>Cualquier <a href=\"https:\/\/nutrident.fr\/es\/diente-roto\/\" target=\"_blank\" data-type=\"URL\" data-id=\"https:\/\/nutrident.fr\/es\/diente-roto\/\" rel=\"noreferrer noopener\">fractura o lesi\u00f3n dental<\/a> debe ser tratada lo antes posible por un dentista. Si tienes una herida abierta, esta debe ser suturada para <strong>evitar una hemorragia<\/strong> prolongada y el riesgo de infecci\u00f3n. Retrasar la intervenci\u00f3n puede causar da\u00f1os irreparables.<\/p>\n\n\n\n<p>Cuando un diente se cae debido a un impacto violento, existe cierta posibilidad de reimplantarlo, pero cada minuto es crucial.<\/p>\n\n\n\n<h2><span class=\"ez-toc-section\" id=\"%C2%BFQue_hacer_en_casa_frente_a_una_emergencia_dental\"><\/span>\u00bfQu\u00e9 hacer en casa frente a una emergencia dental?<span class=\"ez-toc-section-end\"><\/span><\/h2>\n\n\n<div class=\"wp-block-image\">\n<figure class=\"alignright size-medium\"><img width=\"300\" height=\"200\" src=\"https:\/\/nutrident.fr\/wp-content\/uploads\/2019\/10\/iStock-1061669326-300x200.jpg\" alt=\"dolor de mand\u00edbula\" class=\"wp-image-7481\" srcset=\"https:\/\/nutrident.fr\/wp-content\/uploads\/2019\/10\/iStock-1061669326-300x200.jpg 300w, https:\/\/nutrident.fr\/wp-content\/uploads\/2019\/10\/iStock-1061669326-1024x683.jpg 1024w, https:\/\/nutrident.fr\/wp-content\/uploads\/2019\/10\/iStock-1061669326-768x513.jpg 768w, https:\/\/nutrident.fr\/wp-content\/uploads\/2019\/10\/iStock-1061669326-1080x721.jpg 1080w, https:\/\/nutrident.fr\/wp-content\/uploads\/2019\/10\/iStock-1061669326-980x654.jpg 980w, https:\/\/nutrident.fr\/wp-content\/uploads\/2019\/10\/iStock-1061669326-480x320.jpg 480w, https:\/\/nutrident.fr\/wp-content\/uploads\/2019\/10\/iStock-1061669326.jpg 1254w\" sizes=\"(max-width: 300px) 100vw, 300px\" \/><figcaption>El dolor de muelas es una emergencia dental<\/figcaption><\/figure><\/div>\n\n\n<h3>En caso de dolor de muelas<\/h3>\n\n\n\n<p>Si vas a ir al dentista en cuesti\u00f3n de horas o minutos, evita a toda costa tomar medicamentos. Tu dentista te recetar\u00e1 algo para el dolor, pero mezclar diferentes medicamentos no es conveniente.<\/p>\n\n\n\n<h3>En caso de un traumatismo dental<\/h3>\n\n\n\n<p>Si has perdido un diente debido a un golpe o traumatismo, existe la posibilidad de salvarlo, pero es crucial que un dentista intervenga dentro de la hora siguiente al accidente. Comienza por<strong> limpiar el diente<\/strong> enjuag\u00e1ndolo con agua y evitando frotarlo para no da\u00f1ar los tejidos y los nervios. Si es posible, vuelve a colocarlo en la cavidad dental o col\u00f3calo bajo la lengua para que se mantenga en contacto con la saliva.<\/p>\n\n\n\n<h3>En caso de una fractura dental<\/h3>\n\n\n\n<p>Si te rompes un diente, es recomendable intentar encontrar la pieza partida, pues <strong>es posible que el dentista pueda unirla<\/strong> con cemento dental. Mientras esperas la cita, enju\u00e1gate la boca con agua tibia para mantenerla limpia.<\/p>\n\n\n\n<p>Evita tambi\u00e9n utilizar cualquier medicamento si vas a acudir al dentista pronto. Es especialmente importante <strong>evitar la aspirina<\/strong> o cualquiera de sus derivados ya que pueden aumentar el riesgo de hemorragias.<\/p>\n\n\n\n<figure class=\"wp-block-embed is-type-video is-provider-youtube wp-block-embed-youtube wp-embed-aspect-16-9 wp-has-aspect-ratio\"><div class=\"wp-block-embed__wrapper\">\n<iframe title=\"\ud83e\uddb7Urgencias dentales\ud83e\uddb7 Cu\u00e1les son y c\u00f3mo tratarlas\" width=\"500\" height=\"281\" src=\"https:\/\/www.youtube.com\/embed\/tr8MP_b92jI?feature=oembed\" frameborder=\"0\" allow=\"accelerometer; autoplay; clipboard-write; encrypted-media; gyroscope; picture-in-picture; web-share\" allowfullscreen><\/iframe>\n<\/div><\/figure>\n\n\n\n<h2><span class=\"ez-toc-section\" id=\"Preguntas_frecuentes\"><\/span>Preguntas frecuentes<span class=\"ez-toc-section-end\"><\/span><\/h2>\n\n\n<div id=\"rank-math-faq\" class=\"rank-math-block\">\n<div class=\"rank-math-list \">\n<div id=\"faq-question-1657864133690\" class=\"rank-math-list-item\">\n<h3 class=\"rank-math-question \">\u00bfQu\u00e9 hacer si tengo dolor de muelas en la noche?<\/h3>\n<div class=\"rank-math-answer \">\n\n<p>Debes evitar tomar medicamentos, ya que pueden interferir con el tratamiento que te recete el dentista. Lo mejor es colocar una bolsa de hielo en la mejilla, pues el fr\u00edo adormecer\u00e1 los m\u00fasculos y el tejido alrededor de la zona afectada y el dolor disminuir\u00e1.<\/p>\n\n<\/div>\n<\/div>\n<\/div>\n<\/div><div class=\"article-data before-content\"><div class=\"article-data__date\"><div class=\"article-data__date-modified\"><time class=\"published\" datetime=\"2023-06-09T06:54:14+00:00\">This article was originally published on&nbsp;<span class=\"2\">junio 9, 2023<\/span>&nbsp;and was most recently updated on&nbsp;<span>julio 3, 2023<\/span><\/time><br><\/div><\/div><\/div><div class=\"user-info\">    <div class=\"user-info__body\">\r\n      <div class=\"user-info__caption\"><span>Contributors:<\/span><\/div>\r\n\t\t\t        <div class=\"user-info__wrap \">\r\n          <div class=\"user-info__data\">\r\n            <div class=\"user-info__data__info\">\r\n              <div class=\"photo\">\r\n\t\t\t\t\t\t\t\t<img width=\"66\" height=\"61\" src=\"https:\/\/nutrident.fr\/wp-content\/uploads\/2023\/06\/unnamed-66x61.jpg\" class=\"attachment-profileImageAuthor size-profileImageAuthor wp-post-image\" alt=\"Dr Abel Jes\u00fas Pederzoli\" loading=\"lazy\" srcset=\"https:\/\/nutrident.fr\/wp-content\/uploads\/2023\/06\/unnamed-66x61.jpg 66w, https:\/\/nutrident.fr\/wp-content\/uploads\/2023\/06\/unnamed-300x279.jpg 300w, https:\/\/nutrident.fr\/wp-content\/uploads\/2023\/06\/unnamed-1024x952.jpg 1024w, https:\/\/nutrident.fr\/wp-content\/uploads\/2023\/06\/unnamed-768x714.jpg 768w, https:\/\/nutrident.fr\/wp-content\/uploads\/2023\/06\/unnamed-204x190.jpg 204w, https:\/\/nutrident.fr\/wp-content\/uploads\/2023\/06\/unnamed-120x112.jpg 120w, https:\/\/nutrident.fr\/wp-content\/uploads\/2023\/06\/unnamed.jpg 1125w\" sizes=\"(max-width: 66px) 100vw, 66px\" \/>              <\/div>\r\n              <a href=\"https:\/\/nutrident.fr\/es\/author\/dr-abel-jesus-pederzoli\/\" class=\"name\">Dr Abel Jes\u00fas Pederzoli<\/a>\r\n            <\/div>\r\n            <div class=\"user-info__data__social\">\r\n\t\t\t\t\t\t\t\t\t\t\t\t\t\t\t\t\t\t\t\t\t          <a href=\"https:\/\/clinicaleixample.es\/\"\r\n             class=\"soc-item website\">website<\/a>\r\n\t\t\t\t          <a href=\"http:\/\/linkedin.com\/in\/abel-jes%C3%BAs-pederzoli\"\r\n             class=\"soc-item linkedin\">linkedin<\/a>\r\n\t\t\t\t            <\/div>\r\n          <\/div>\r\n          <div class=\"user-info__description\">\r\n\t\t\t\t\t\t\t\t\t\t\t\t\t<p>Con t\u00edtulos obtenidos en la Facultad de Odontolog\u00eda de la Universidad Nacional de La Plata y una participaci\u00f3n activa en congresos y jornadas, el Dr. Pederzoli se mantiene actualizado en las \u00faltimas t\u00e9cnicas y avances en odontolog\u00eda. Actualmente se encuentra desarrollando un proyecto de consultor\u00eda tecnol\u00f3gica aplicada a cl\u00ednicas dentales.<\/p>\n\t\t\t\t\t\t          <\/div>\r\n        <\/div>\r\n\t\t\t\t    <\/div>\r\n\t<\/div><!--copyscapeskip--><div class=\"medical_references\"><div class=\"medical_references__heading\"><span>Fuentes M\u00e9dicas<\/span><\/div><div class=\"medical_references__list\"><p><strong>ABC:<\/strong> <a href=\"https:\/\/www.abc.es\/familia\/vida-sana\/abci-nueve-urgencias-dentales-comunes-y-como-actuar-hasta-dentista-201708211603_noticia.html\" target=\"_blank\" rel=\"noopener\">Nueve urgencias dentales muy comunes y c\u00f3mo actuar hasta que vas al dentista<\/a>. Consultado el 30 de junio de 2023.<\/p>\n<\/div><\/div><!--\/copyscapeskip-->","protected":false},"excerpt":{"rendered":"<p>Contributor:&nbsp; Dr Abel Jes\u00fas Pederzoli Updated:&nbsp;julio 3, 2023 Las emergencias dentales tales como el dolor de muelas, las fracturas dentales o las pr\u00f3tesis dentales da\u00f1adas son problemas que pueden suceder en cualquier momento. En muchos casos, tu dentista habitual no estar\u00e1 disponible para atenderte en su consulta, por lo que deber\u00e1s recurrir a otras soluciones. [&hellip;]<\/p>\n","protected":false},"author":10,"featured_media":8168,"parent":0,"menu_order":0,"comment_status":"closed","ping_status":"closed","template":"","meta":{"inline_featured_image":false},"acf":[],"_links":{"self":[{"href":"https:\/\/nutrident.fr\/es\/wp-json\/wp\/v2\/pages\/21631"}],"collection":[{"href":"https:\/\/nutrident.fr\/es\/wp-json\/wp\/v2\/pages"}],"about":[{"href":"https:\/\/nutrident.fr\/es\/wp-json\/wp\/v2\/types\/page"}],"author":[{"embeddable":true,"href":"https:\/\/nutrident.fr\/es\/wp-json\/wp\/v2\/users\/10"}],"replies":[{"embeddable":true,"href":"https:\/\/nutrident.fr\/es\/wp-json\/wp\/v2\/comments?post=21631"}],"version-history":[{"count":9,"href":"https:\/\/nutrident.fr\/es\/wp-json\/wp\/v2\/pages\/21631\/revisions"}],"predecessor-version":[{"id":22435,"href":"https:\/\/nutrident.fr\/es\/wp-json\/wp\/v2\/pages\/21631\/revisions\/22435"}],"wp:featuredmedia":[{"embeddable":true,"href":"https:\/\/nutrident.fr\/es\/wp-json\/wp\/v2\/media\/8168"}],"wp:attachment":[{"href":"https:\/\/nutrident.fr\/es\/wp-json\/wp\/v2\/media?parent=21631"}],"curies":[{"name":"wp","href":"https:\/\/api.w.org\/{rel}","templated":true}]}}