

{"id":21632,"date":"2023-06-09T06:50:40","date_gmt":"2023-06-09T06:50:40","guid":{"rendered":"https:\/\/nutrident.fr\/?page_id=21632"},"modified":"2023-06-15T23:22:41","modified_gmt":"2023-06-15T23:22:41","slug":"sensibilidad-dental","status":"publish","type":"page","link":"https:\/\/nutrident.fr\/es\/sensibilidad-dental\/","title":{"rendered":"Sensibilidad dental: causas, s\u00edntomas, tratamiento y prevenci\u00f3n"},"content":{"rendered":"<div class=\"meta\"><div class=\"meta__users\">    <div class=\"meta__users__reviewed\">\r\n      <p class=\"meta__users__caption\">Contributor:&nbsp;<\/p>\r\n      <div class=\"users\">\r\n        <span class=\"users__user\">\r\n          <a href=\"#\">Dr Abel Jes\u00fas Pederzoli<\/a>\r\n        <\/span>\r\n      <\/div>\r\n    <\/div>\r\n\t<\/div><div class=\"meta__date-modified\">Updated:&nbsp;<span>junio 15, 2023<\/span><\/div><\/div><div class=\"wp-block-image\">\n<figure class=\"alignright size-large is-resized\"><img src=\"https:\/\/nutrident.fr\/wp-content\/uploads\/2023\/03\/sensibilidad-dental-1024x683.jpg\" alt=\"sensibilidad dental\" class=\"wp-image-20804\" width=\"300\" height=\"200\" srcset=\"https:\/\/nutrident.fr\/wp-content\/uploads\/2023\/03\/sensibilidad-dental-1024x683.jpg 1024w, https:\/\/nutrident.fr\/wp-content\/uploads\/2023\/03\/sensibilidad-dental-300x200.jpg 300w, https:\/\/nutrident.fr\/wp-content\/uploads\/2023\/03\/sensibilidad-dental-768x512.jpg 768w, https:\/\/nutrident.fr\/wp-content\/uploads\/2023\/03\/sensibilidad-dental-1536x1024.jpg 1536w, https:\/\/nutrident.fr\/wp-content\/uploads\/2023\/03\/sensibilidad-dental-254x169.jpg 254w, https:\/\/nutrident.fr\/wp-content\/uploads\/2023\/03\/sensibilidad-dental-66x44.jpg 66w, https:\/\/nutrident.fr\/wp-content\/uploads\/2023\/03\/sensibilidad-dental-120x80.jpg 120w, https:\/\/nutrident.fr\/wp-content\/uploads\/2023\/03\/sensibilidad-dental.jpg 1999w\" sizes=\"(max-width: 300px) 100vw, 300px\" \/><\/figure><\/div>\n\n\n<p>Si alguna vez has sentido dolor en los dientes al ingerir alg\u00fan alimento o bebida muy fr\u00eda o muy caliente, probablemente sufres de sensibilidad dental. Son muchas las personas que con frecuencias presentan este tipo de molestias en sus dientes o enc\u00edas y las causas pueden ser muy variadas: desgaste del esmalte dental, problemas periodontales o gingivales, caries, entre otras.<\/p>\n\n\n\n<p>La buena noticia es que existen tratamientos para aliviar la sensibilidad dental que son bastante efectivos. En este art\u00edculo hablaremos de tales tratamientos y todo lo que debes saber sobre la sensibilidad dental: sus causas, s\u00edntomas relacionados y consejos para prevenirla.<\/p>\n\n\n\n<div id=\"ez-toc-container\" class=\"ez-toc-v2_0_33_2 counter-hierarchy ez-toc-counter ez-toc-white ez-toc-container-direction\">\n<div class=\"ez-toc-title-container\">\n<p class=\"ez-toc-title\">Contenus<\/p>\n<span class=\"ez-toc-title-toggle\"><a href=\"#\" class=\"ez-toc-pull-right ez-toc-btn ez-toc-btn-xs ez-toc-btn-default ez-toc-toggle\" style=\"display: none;\"><label for=\"item\" aria-label=\"Tabla de contenidos\"><i class=\"ez-toc-glyphicon ez-toc-icon-toggle\"><\/i><\/label><input type=\"checkbox\" id=\"item\"><\/a><\/span><\/div>\n<nav><ul class='ez-toc-list ez-toc-list-level-1'><li class='ez-toc-page-1 ez-toc-heading-level-2'><a class=\"ez-toc-link ez-toc-heading-1\" href=\"https:\/\/nutrident.fr\/es\/sensibilidad-dental\/#%C2%BFQue_es_la_sensibilidad_dental\" title=\"\u00bfQu\u00e9 es la sensibilidad dental?\">\u00bfQu\u00e9 es la sensibilidad dental?<\/a><\/li><li class='ez-toc-page-1 ez-toc-heading-level-2'><a class=\"ez-toc-link ez-toc-heading-2\" href=\"https:\/\/nutrident.fr\/es\/sensibilidad-dental\/#Causas_de_la_sensibilidad_dental\" title=\"Causas de la sensibilidad dental\">Causas de la sensibilidad dental<\/a><\/li><li class='ez-toc-page-1 ez-toc-heading-level-2'><a class=\"ez-toc-link ez-toc-heading-3\" href=\"https:\/\/nutrident.fr\/es\/sensibilidad-dental\/#Sintomas_de_la_sensibilidad_dental\" title=\"S\u00edntomas de la sensibilidad dental\">S\u00edntomas de la sensibilidad dental<\/a><\/li><li class='ez-toc-page-1 ez-toc-heading-level-2'><a class=\"ez-toc-link ez-toc-heading-4\" href=\"https:\/\/nutrident.fr\/es\/sensibilidad-dental\/#Tratamientos_contra_la_sensibilidad_dental\" title=\"Tratamientos contra la sensibilidad dental\">Tratamientos contra la sensibilidad dental<\/a><\/li><li class='ez-toc-page-1 ez-toc-heading-level-2'><a class=\"ez-toc-link ez-toc-heading-5\" href=\"https:\/\/nutrident.fr\/es\/sensibilidad-dental\/#%C2%BFComo_prevenir_la_sensibilidad_dental\" title=\"\u00bfC\u00f3mo prevenir la sensibilidad dental?\">\u00bfC\u00f3mo prevenir la sensibilidad dental?<\/a><\/li><\/ul><\/nav><\/div>\n<h2><span class=\"ez-toc-section\" id=\"%C2%BFQue_es_la_sensibilidad_dental\"><\/span>\u00bfQu\u00e9 es la sensibilidad dental?<span class=\"ez-toc-section-end\"><\/span><\/h2>\n\n\n\n<p>La sensibilidad dental es un<strong> dolor que se produce en los dientes ante ciertos est\u00edmulos externos<\/strong>, como los alimentos y bebidas muy fr\u00edas o c\u00e1lidas, dulces o \u00e1cidas.<\/p>\n\n\n\n<p>La sensibilidad dental es conocida tambi\u00e9n como hipersensibilidad dentaria, algo que ya es muy com\u00fan en la sociedad. Alrededor del 57% de la poblaci\u00f3n padece esta afecci\u00f3n que puede llegar a convertirse en toda una tortura si no se trata de la forma adecuada.<\/p>\n\n\n\n<h2><span class=\"ez-toc-section\" id=\"Causas_de_la_sensibilidad_dental\"><\/span>Causas de la sensibilidad dental<span class=\"ez-toc-section-end\"><\/span><\/h2>\n\n\n\n<p>La sensibilidad dental se produce cuando <strong>la dentina<\/strong>, es decir, el tejido que se encuentra debajo del esmalte, <strong>queda expuesta<\/strong> a est\u00edmulos externos como alimentos o bebidas muy fr\u00edas o calientes, causando molestias, en algunos casos, muy severas. Dentro de las causas m\u00e1s comunes para desarrollar sensibilidad dental, encontramos las siguientes:<\/p>\n\n\n\n<h3>Desgaste del esmalte<\/h3>\n\n\n\n<p>El esmalte dental es la capa dura que se encuentra en la superficie exterior de los dientes y su funci\u00f3n principal es protegerlos del deterioro. A medida que envejecemos, esta <strong>capa tiende a desgastarse<\/strong>, dejando expuesta la parte interna de los dientes (dentina), lo que causa la sensibilidad dental. Otros factores pueden contribuir en la <a href=\"https:\/\/nutrident.fr\/es\/erosion-dental\/\" target=\"_blank\" data-type=\"URL\" data-id=\"https:\/\/nutrident.fr\/es\/erosion-dental\/\" rel=\"noreferrer noopener\">erosi\u00f3n del esmalte<\/a>, como el consumo excesivo de alimentos o bebidas muy dulces o \u00e1cidas y ciertos problemas como el <a href=\"https:\/\/nutrident.fr\/es\/bruxismo\/\" target=\"_blank\" data-type=\"URL\" data-id=\"https:\/\/nutrident.fr\/es\/bruxismo\/\" rel=\"noreferrer noopener\">bruxismo<\/a>.<\/p>\n\n\n\n<h3>Retracci\u00f3n de enc\u00edas<\/h3>\n\n\n\n<p>Mantener unas enc\u00edas sanas es fundamental para la buena salud bucal, dado que <a href=\"https:\/\/nutrident.fr\/es\/aflojamiento-de-los-dientes\/\" target=\"_blank\" data-type=\"URL\" data-id=\"https:\/\/nutrident.fr\/es\/aflojamiento-de-los-dientes\/\" rel=\"noreferrer noopener\">la retracci\u00f3n<\/a> de estas es una de las principales causas de la sensibilidad dental. Una <strong>enfermedad en las enc\u00edas<\/strong> a largo plazo como la <a href=\"https:\/\/nutrident.fr\/es\/gingivitis\/\" target=\"_blank\" data-type=\"URL\" data-id=\"https:\/\/nutrident.fr\/es\/gingivitis\/\" rel=\"noreferrer noopener\">gingivitis<\/a> o <a href=\"https:\/\/nutrident.fr\/es\/periodontitis\/\" target=\"_blank\" data-type=\"URL\" data-id=\"https:\/\/nutrident.fr\/es\/periodontitis\/\" rel=\"noreferrer noopener\">periodontitis<\/a>, el envejecimiento de las enc\u00edas o un cepillado muy agresivo, pueden ocasionar retracci\u00f3n de enc\u00edas y por ende sensibilidad dental.<\/p>\n\n\n\n<p>Existen otros factores que tambi\u00e9n pueden causar sensibilidad dental:<\/p>\n\n\n\n<ul><li>Utilizar cepillos de dientes con cerdas muy duras<\/li><li>Limpiezas dentales y los tratamientos odontol\u00f3gicos frecuentes<\/li><li>Los tratamientos de <a href=\"https:\/\/nutrident.fr\/es\/blanqueamiento-profesional\/\" target=\"_blank\" data-type=\"URL\" rel=\"noreferrer noopener\">blanqueamiento dental<\/a> profesionales o caseros. Sin embargo, la sensibilidad en este caso suele ser temporal y una vez concluido el tratamiento desaparece.<\/li><\/ul>\n\n\n\n<h2><span class=\"ez-toc-section\" id=\"Sintomas_de_la_sensibilidad_dental\"><\/span>S\u00edntomas de la sensibilidad dental<span class=\"ez-toc-section-end\"><\/span><\/h2>\n\n\n<div class=\"wp-block-image\">\n<figure class=\"alignright size-large is-resized\"><img src=\"https:\/\/nutrident.fr\/wp-content\/uploads\/2023\/03\/sensibiidad-1024x1024.jpg\" alt=\"\" class=\"wp-image-20807\" width=\"300\" height=\"200\"\/><\/figure><\/div>\n\n\n<p>El s\u00edntoma m\u00e1s com\u00fan de la sensibilidad es ese dolor o <strong>molestia que se manifiesta cuando se ingiere alg\u00fan alimento o bebida muy fr\u00eda o muy caliente<\/strong> y de forma inmediata se puede sentir una especie de corriente o destemple desagradable.<\/p>\n\n\n\n<p>Este s\u00edntoma puede manifestarse como una molestia menor o como un dolor intenso, pero en ambos casos es <strong>de corta duraci\u00f3n<\/strong>, ya que se produce solo cuando los dientes se encuentran en contacto con el est\u00edmulo.<\/p>\n\n\n\n<h2><span class=\"ez-toc-section\" id=\"Tratamientos_contra_la_sensibilidad_dental\"><\/span>Tratamientos contra la sensibilidad dental<span class=\"ez-toc-section-end\"><\/span><\/h2>\n\n\n\n<p>Como en el caso de cualquier otra molestia, dolor o malestar a nivel bucal, es necesario <a href=\"https:\/\/nutrident.fr\/es\/acudir-al-dentista\/\" target=\"_blank\" data-type=\"URL\" data-id=\"https:\/\/nutrident.fr\/es\/acudir-al-dentista\/\" rel=\"noreferrer noopener\">visitar al dentista<\/a> para un diagn\u00f3stico y tratamiento adecuado. En el caso de la sensibilidad dental, con un diagn\u00f3stico inicial se puede conocer <strong>la causa y el tratamiento a seguir<\/strong> para revertir la molestia.<\/p>\n\n\n\n<p>Existen algunas medidas que puedes tomar en casa para reducir la incomodidad producida por la sensibilidad. Por ejemplo, <strong>evitar los alimentos y bebidas a temperaturas extremas<\/strong>, reducir el consumo de <a href=\"https:\/\/nutrident.fr\/es\/bebidas-azucaradas\/\" data-type=\"URL\" data-id=\"https:\/\/nutrident.fr\/es\/bebidas-azucaradas\/\" target=\"_blank\" rel=\"noreferrer noopener\">dulces y \u00e1cidos<\/a>, utilizar una crema dental para la sensibilidad, etc. Ahora bien, el odont\u00f3logo es el indicado para sugerir una adecuada rutina en casa que contrarreste la sensibilidad seg\u00fan sea el caso. Del mismo modo, algunas personas requieren un tratamiento a\u00fan m\u00e1s riguroso para tratar su sensibilidad dental.<\/p>\n\n\n\n<p>En los casos donde la sensibilidad sea causada por bruxismo, el tratamiento incluir\u00e1 una <a href=\"https:\/\/nutrident.fr\/es\/ferulas-dentales-antibruxismo\/\" target=\"_blank\" data-type=\"URL\" data-id=\"https:\/\/nutrident.fr\/es\/ferulas-dentales-antibruxismo\/\" rel=\"noreferrer noopener\">f\u00e9rula para el bruxismo<\/a>.<\/p>\n\n\n\n<figure class=\"wp-block-embed is-type-video is-provider-youtube wp-block-embed-youtube wp-embed-aspect-16-9 wp-has-aspect-ratio\"><div class=\"wp-block-embed__wrapper\">\n<iframe title=\"Sensibilidad Dental: S\u00edntomas, Causas y Tratamientos\" width=\"500\" height=\"281\" src=\"https:\/\/www.youtube.com\/embed\/c9hyI50cC_Q?feature=oembed\" frameborder=\"0\" allow=\"accelerometer; autoplay; clipboard-write; encrypted-media; gyroscope; picture-in-picture; web-share\" allowfullscreen><\/iframe>\n<\/div><\/figure>\n\n\n\n<h2><span class=\"ez-toc-section\" id=\"%C2%BFComo_prevenir_la_sensibilidad_dental\"><\/span>\u00bfC\u00f3mo prevenir la sensibilidad dental?<span class=\"ez-toc-section-end\"><\/span><\/h2>\n\n\n\n<p>Si sufres de sensibilidad dental, hay algunas cosas que puedes hacer para disminuir los episodios de molestias, ya que puedes reducir la exposici\u00f3n de la dentina y de esta manera mejorar los s\u00edntomas.<\/p>\n\n\n\n<p>En primer lugar, puedes realizar algunos cambios en tus <a href=\"https:\/\/nutrident.fr\/es\/7-malos-habitos-que-danan-los-dientes\/\" data-type=\"URL\" data-id=\"https:\/\/nutrident.fr\/es\/7-malos-habitos-que-danan-los-dientes\/\" target=\"_blank\" rel=\"noreferrer noopener\">h\u00e1bitos diarios<\/a>, como por ejemplo utilizar un <strong><a href=\"https:\/\/nutrident.fr\/es\/cepillos-electricos-oral-b\/\" data-type=\"URL\" data-id=\"https:\/\/nutrident.fr\/es\/cepillos-electricos-oral-b\/\" target=\"_blank\" rel=\"noreferrer noopener\">cepillo de dientes<\/a> con cerdas m\u00e1s suaves<\/strong> para evitar la recesi\u00f3n de las enc\u00edas, el desgaste de los tejidos y proteger el esmalte de los dientes.<\/p>\n\n\n\n<p>Por otro lado, las <a href=\"https:\/\/nutrident.fr\/es\/cepillarse-correctamente-los-dientes\/\" target=\"_blank\" data-type=\"URL\" data-id=\"https:\/\/nutrident.fr\/es\/cepillarse-correctamente-los-dientes\/\" rel=\"noreferrer noopener\">rutinas de higiene bucal<\/a> deben ser adecuadas, <strong>el cepillado no debe ser fuerte<\/strong> para no maltratar el esmalte dental ni las enc\u00edas. De igual forma, el uso del hilo dental es ampliamente recomendado.<\/p>\n\n\n\n<p>Asimismo, <strong>evitar el consumo de alimentos muy fr\u00edos o muy calientes,<\/strong> ya que los cambios de temperatura tienden a contraer y expandir la estructura del diente, provocando dolor. Aunado a lo dicho, es de gran importancia acudir a los controles odontol\u00f3gicos, ya que es una parte esencial en la prevenci\u00f3n de la sensibilidad y de cualquier otra afecci\u00f3n bucal.<\/p>\n<div class=\"article-data before-content\"><div class=\"article-data__date\"><div class=\"article-data__date-modified\"><time class=\"published\" datetime=\"2023-06-09T06:50:40+00:00\">This article was originally published on&nbsp;<span class=\"2\">junio 9, 2023<\/span>&nbsp;and was most recently updated on&nbsp;<span>junio 15, 2023<\/span><\/time><br><\/div><\/div><\/div><div class=\"user-info\">    <div class=\"user-info__body\">\r\n      <div class=\"user-info__caption\"><span>Contributors:<\/span><\/div>\r\n\t\t\t        <div class=\"user-info__wrap \">\r\n          <div class=\"user-info__data\">\r\n            <div class=\"user-info__data__info\">\r\n              <div class=\"photo\">\r\n\t\t\t\t\t\t\t\t<img width=\"66\" height=\"61\" src=\"https:\/\/nutrident.fr\/wp-content\/uploads\/2023\/06\/unnamed-66x61.jpg\" class=\"attachment-profileImageAuthor size-profileImageAuthor wp-post-image\" alt=\"Dr Abel Jes\u00fas Pederzoli\" loading=\"lazy\" srcset=\"https:\/\/nutrident.fr\/wp-content\/uploads\/2023\/06\/unnamed-66x61.jpg 66w, https:\/\/nutrident.fr\/wp-content\/uploads\/2023\/06\/unnamed-300x279.jpg 300w, https:\/\/nutrident.fr\/wp-content\/uploads\/2023\/06\/unnamed-1024x952.jpg 1024w, https:\/\/nutrident.fr\/wp-content\/uploads\/2023\/06\/unnamed-768x714.jpg 768w, https:\/\/nutrident.fr\/wp-content\/uploads\/2023\/06\/unnamed-204x190.jpg 204w, https:\/\/nutrident.fr\/wp-content\/uploads\/2023\/06\/unnamed-120x112.jpg 120w, https:\/\/nutrident.fr\/wp-content\/uploads\/2023\/06\/unnamed.jpg 1125w\" sizes=\"(max-width: 66px) 100vw, 66px\" \/>              <\/div>\r\n              <a href=\"https:\/\/nutrident.fr\/es\/author\/dr-abel-jesus-pederzoli\/\" class=\"name\">Dr Abel Jes\u00fas Pederzoli<\/a>\r\n            <\/div>\r\n            <div class=\"user-info__data__social\">\r\n\t\t\t\t\t\t\t\t\t\t\t\t\t\t\t\t\t\t\t\t\t          <a href=\"https:\/\/clinicaleixample.es\/\"\r\n             class=\"soc-item website\">website<\/a>\r\n\t\t\t\t          <a href=\"http:\/\/linkedin.com\/in\/abel-jes%C3%BAs-pederzoli\"\r\n             class=\"soc-item linkedin\">linkedin<\/a>\r\n\t\t\t\t            <\/div>\r\n          <\/div>\r\n          <div class=\"user-info__description\">\r\n\t\t\t\t\t\t\t\t\t\t\t\t\t<p>Con t\u00edtulos obtenidos en la Facultad de Odontolog\u00eda de la Universidad Nacional de La Plata y una participaci\u00f3n activa en congresos y jornadas, el Dr. Pederzoli se mantiene actualizado en las \u00faltimas t\u00e9cnicas y avances en odontolog\u00eda. Actualmente se encuentra desarrollando un proyecto de consultor\u00eda tecnol\u00f3gica aplicada a cl\u00ednicas dentales.<\/p>\n\t\t\t\t\t\t          <\/div>\r\n        <\/div>\r\n\t\t\t\t    <\/div>\r\n\t<\/div><!--copyscapeskip--><div class=\"medical_references\"><div class=\"medical_references__heading\"><span>Fuentes M\u00e9dicas<\/span><\/div><div class=\"medical_references__list\"><p>\u00bb <strong>Mayo Clinic<\/strong>: <a target=\"\" rel=\"\">\u00bfQu\u00e9 provoca la sensibilidad dental y c\u00f3mo puedo tratarla?<\/a> Consultado el 30 de marzo de 2023.<\/p>\n<p><strong>Gaceta Dental<\/strong>: <a target=\"\" rel=\"\">Sensibilidad dental. Causas y tratamiento<\/a>. Consultado el 30 de marzo de 2023.\u00bb<\/p>\n<\/div><\/div><!--\/copyscapeskip-->","protected":false},"excerpt":{"rendered":"<p>Contributor:&nbsp; Dr Abel Jes\u00fas Pederzoli Updated:&nbsp;junio 15, 2023 Si alguna vez has sentido dolor en los dientes al ingerir alg\u00fan alimento o bebida muy fr\u00eda o muy caliente, probablemente sufres de sensibilidad dental. Son muchas las personas que con frecuencias presentan este tipo de molestias en sus dientes o enc\u00edas y las causas pueden ser [&hellip;]<\/p>\n","protected":false},"author":10,"featured_media":21310,"parent":0,"menu_order":0,"comment_status":"closed","ping_status":"closed","template":"","meta":{"inline_featured_image":false},"acf":[],"_links":{"self":[{"href":"https:\/\/nutrident.fr\/es\/wp-json\/wp\/v2\/pages\/21632"}],"collection":[{"href":"https:\/\/nutrident.fr\/es\/wp-json\/wp\/v2\/pages"}],"about":[{"href":"https:\/\/nutrident.fr\/es\/wp-json\/wp\/v2\/types\/page"}],"author":[{"embeddable":true,"href":"https:\/\/nutrident.fr\/es\/wp-json\/wp\/v2\/users\/10"}],"replies":[{"embeddable":true,"href":"https:\/\/nutrident.fr\/es\/wp-json\/wp\/v2\/comments?post=21632"}],"version-history":[{"count":5,"href":"https:\/\/nutrident.fr\/es\/wp-json\/wp\/v2\/pages\/21632\/revisions"}],"predecessor-version":[{"id":21967,"href":"https:\/\/nutrident.fr\/es\/wp-json\/wp\/v2\/pages\/21632\/revisions\/21967"}],"wp:featuredmedia":[{"embeddable":true,"href":"https:\/\/nutrident.fr\/es\/wp-json\/wp\/v2\/media\/21310"}],"wp:attachment":[{"href":"https:\/\/nutrident.fr\/es\/wp-json\/wp\/v2\/media?parent=21632"}],"curies":[{"name":"wp","href":"https:\/\/api.w.org\/{rel}","templated":true}]}}