

{"id":21633,"date":"2023-06-09T06:53:17","date_gmt":"2023-06-09T06:53:17","guid":{"rendered":"https:\/\/nutrident.fr\/?page_id=21633"},"modified":"2023-06-13T10:41:23","modified_gmt":"2023-06-13T10:41:23","slug":"sarro-dental","status":"publish","type":"page","link":"https:\/\/nutrident.fr\/es\/sarro-dental\/","title":{"rendered":"El sarro dental: causas, s\u00edntomas y tratamientos"},"content":{"rendered":"<div class=\"meta\"><div class=\"meta__users\">    <div class=\"meta__users__reviewed\">\r\n      <p class=\"meta__users__caption\">Contributor:&nbsp;<\/p>\r\n      <div class=\"users\">\r\n        <span class=\"users__user\">\r\n          <a href=\"#\">Dr Abel Jes\u00fas Pederzoli<\/a>\r\n        <\/span>\r\n      <\/div>\r\n    <\/div>\r\n\t<\/div><div class=\"meta__date-modified\">Updated:&nbsp;<span>junio 13, 2023<\/span><\/div><\/div>\n<p>El sarro que se acumula en nuestros dientes es un enemigo formidable cuyos efectos nocivos repercuten en nuestra salud dental, as\u00ed como en nuestra sonrisa. Mancha los dientes y proporciona un nido acogedor para las bacterias que luego se propagan por nuestro cuerpo. Por eso es importante combatirla a diario con una buena <a href=\"https:\/\/nutrident.fr\/es\/\">higiene bucal<\/a> y un raspado anual en el dentista.<\/p>\n\n\n\n<p>Antes de seguir adelante, debe saber que un <a href=\"https:\/\/nutrident.fr\/es\/cepillos-de-dientes-electricos\/\">cepillo el\u00e9ctrico de calidad<\/a> le permitir\u00e1 eliminar la placa durante mucho tiempo, siempre que cambie el cabezal regularmente.<\/p>\n\n\n\n<div id=\"ez-toc-container\" class=\"ez-toc-v2_0_33_2 counter-hierarchy ez-toc-counter ez-toc-white ez-toc-container-direction\">\n<div class=\"ez-toc-title-container\">\n<p class=\"ez-toc-title\">Contenus<\/p>\n<span class=\"ez-toc-title-toggle\"><a href=\"#\" class=\"ez-toc-pull-right ez-toc-btn ez-toc-btn-xs ez-toc-btn-default ez-toc-toggle\" style=\"display: none;\"><label for=\"item\" aria-label=\"Tabla de contenidos\"><i class=\"ez-toc-glyphicon ez-toc-icon-toggle\"><\/i><\/label><input type=\"checkbox\" id=\"item\"><\/a><\/span><\/div>\n<nav><ul class='ez-toc-list ez-toc-list-level-1'><li class='ez-toc-page-1 ez-toc-heading-level-2'><a class=\"ez-toc-link ez-toc-heading-1\" href=\"https:\/\/nutrident.fr\/es\/sarro-dental\/#%C2%BFQue_es_el_sarro_dental\" title=\"\u00bfQu\u00e9 es el sarro dental&nbsp;?\">\u00bfQu\u00e9 es el sarro dental&nbsp;?<\/a><\/li><li class='ez-toc-page-1 ez-toc-heading-level-2'><a class=\"ez-toc-link ez-toc-heading-2\" href=\"https:\/\/nutrident.fr\/es\/sarro-dental\/#%C2%BFComo_se_forma_el_sarro\" title=\"\u00bfC\u00f3mo se forma el sarro&nbsp;?\">\u00bfC\u00f3mo se forma el sarro&nbsp;?<\/a><\/li><li class='ez-toc-page-1 ez-toc-heading-level-2'><a class=\"ez-toc-link ez-toc-heading-3\" href=\"https:\/\/nutrident.fr\/es\/sarro-dental\/#%C2%BFQue_ocurre_con_el_sarro_dental_si_no_se_trata\" title=\"\u00bfQu\u00e9 ocurre con el sarro dental si no se trata&nbsp;?\">\u00bfQu\u00e9 ocurre con el sarro dental si no se trata&nbsp;?<\/a><\/li><li class='ez-toc-page-1 ez-toc-heading-level-2'><a class=\"ez-toc-link ez-toc-heading-4\" href=\"https:\/\/nutrident.fr\/es\/sarro-dental\/#%C2%BFCuales_son_las_consecuencias_de_la_formacion_del_sarro_dental\" title=\"\u00bfCu\u00e1les son las consecuencias de la formaci\u00f3n del sarro dental?\">\u00bfCu\u00e1les son las consecuencias de la formaci\u00f3n del sarro dental?<\/a><\/li><\/ul><\/nav><\/div>\n<h2><span class=\"ez-toc-section\" id=\"%C2%BFQue_es_el_sarro_dental\"><\/span>\u00bfQu\u00e9 es el sarro dental&nbsp;?<span class=\"ez-toc-section-end\"><\/span><\/h2>\n\n\n\n<p>Su boca est\u00e1 constantemente ba\u00f1ada en saliva, lo que asegura su buen funcionamiento. Cuando come, los restos de comida se mezclan con la saliva y forman una especie de velo que se deposita en los dientes, conocido como placa. En esta fase, un buen cepillado eliminar\u00e1 f\u00e1cilmente este velo pastoso.<\/p>\n\n\n\n<p>Pero si no se cepilla los dientes despu\u00e9s de cada comida o tentempi\u00e9, este residuo es activado por las prote\u00ednas de la saliva&nbsp;; se solidifica y se calcifica, adhiri\u00e9ndose al diente. Este es el comienzo de la formaci\u00f3n del sarro dental.<\/p>\n\n\n\n<h2><span class=\"ez-toc-section\" id=\"%C2%BFComo_se_forma_el_sarro\"><\/span>\u00bfC\u00f3mo se forma el sarro&nbsp;?<span class=\"ez-toc-section-end\"><\/span><\/h2>\n\n\n\n<p>Lo ideal es cepillarse los dientes despu\u00e9s de cada comida, pero hay otros factores que aumentan la formaci\u00f3n de sarro dental.<\/p>\n\n\n\n<h3>La composici\u00f3n de la saliva<\/h3>\n\n\n\n<p>La composici\u00f3n de la saliva difiere de una persona a otra. Las gl\u00e1ndulas salivales producen m\u00e1s o menos minerales -principalmente calcio y magnesio- que favorecen la formaci\u00f3n de sarro. La gl\u00e1ndula submandibular situada bajo la lengua ba\u00f1a los incisivos con saliva, por lo que es m\u00e1s probable que el sarro se deposite en la parte posterior de estos dientes.<\/p>\n\n\n\n<h3>Cal en el agua<\/h3>\n\n\n\n<p>El nivel de cal en el agua que bebe y utiliza para cocinar depende del lugar en el que viva y de si tiene o no un descalcificador. Si su agua tiene un contenido particularmente alto de cal, puede notar dep\u00f3sitos alrededor de sus grifos o en la taza del inodoro. \u00a1Imag\u00ednese que lo mismo ocurre con sus dientes&nbsp;!<\/p>\n\n\n<div class=\"wp-block-image\">\n<figure class=\"aligncenter\"><img width=\"1000\" height=\"667\" src=\"https:\/\/nutrident.fr\/wp-content\/uploads\/2019\/07\/faucet-interior-kitchen-6256.jpg\" alt=\"el agua que sale del grifo\" class=\"wp-image-913\" srcset=\"https:\/\/nutrident.fr\/wp-content\/uploads\/2019\/07\/faucet-interior-kitchen-6256.jpg 1000w, https:\/\/nutrident.fr\/wp-content\/uploads\/2019\/07\/faucet-interior-kitchen-6256-300x200.jpg 300w, https:\/\/nutrident.fr\/wp-content\/uploads\/2019\/07\/faucet-interior-kitchen-6256-768x512.jpg 768w\" sizes=\"(max-width: 1000px) 100vw, 1000px\" \/><\/figure><\/div>\n\n\n<h3>La composici\u00f3n de su dieta<\/h3>\n\n\n\n<p>Recordamos el gran cl\u00e1sico asesino de dientes&nbsp;: \u00a1el az\u00facar&nbsp;! Pero no es el \u00fanico, los alimentos demasiado \u00e1cidos y ciertas grasas facilitan la formaci\u00f3n de sarro.<\/p>\n\n\n\n<p>Por otro lado, los productos l\u00e1cteos, las verduras como las zanahorias crudas o las manzanas le ayudan a erradicar las bacterias.<\/p>\n\n\n\n<h3>La posici\u00f3n de sus dientes<\/h3>\n\n\n\n<p>La ortodoncia, que le permite conseguir una alineaci\u00f3n perfecta de sus dientes, no s\u00f3lo es est\u00e9tica, sino tambi\u00e9n muy importante para su salud bucal. Los dientes superpuestos o api\u00f1ados son imposibles de limpiar correctamente y el sarro puede depositarse m\u00e1s libremente.<\/p>\n\n\n\n<p>Cualquier problema de mordida o bruxismo -el <a href=\"https:\/\/nutrident.fr\/es\/bruxismo\/\">rechinar de dientes-<\/a> debilita la salud de los dientes, lo que hace que el esmalte se desprenda y ofrezca un mejor agarre al sarro.<\/p>\n\n\n\n<h3>Ortodoncia<\/h3>\n\n\n\n<p><a href=\"https:\/\/nutrident.fr\/es\/ortodoncia\/\" target=\"_blank\" rel=\"noreferrer noopener\">La ortodoncia<\/a> ha progresado enormemente y los adultos tienen ahora acceso a aparatos temporales muy discretos, incluso invisibles,&nbsp;: aparatos dentales en la parte posterior de los dientes o del mismo color que los dientes con un alambre blanco, o un sistema de alineadores transparentes.<\/p>\n\n\n\n<p>La ventaja de la ortodoncia es que enderezar\u00e1 sus dientes y entonces podr\u00e1 cepillarlos mejor. Sin embargo, mientras lleve ortodoncia, tendr\u00e1 que estar m\u00e1s atento, ya que los aparatos y otros dispositivos le impiden temporalmente deshacerse de los restos de comida. Ahora m\u00e1s que nunca, es necesario combinar el cepillo de dientes, el hilo dental y el <a href=\"https:\/\/nutrident.fr\/es\/irrigadores-dentales\/\">chorro de energ\u00eda<\/a>.<\/p>\n\n\n\n<h3>Enfermedades y fen\u00f3menos que afectan al sistema endocrino<\/h3>\n\n\n\n<p>Todos los cambios hormonales influyen en la salud bucal&nbsp;: la pubertad, el <a href=\"https:\/\/nutrident.fr\/es\/dientes-y-embarazo\/\">embarazo<\/a>, la menopausia&#8230; Algunas enfermedades como la diabetes tambi\u00e9n influyen muy negativamente en su sistema endocrino, lo que a su vez afecta al estado de su boca.<\/p>\n\n\n\n<h3>Los medicamentos<\/h3>\n\n\n\n<p>Los tratamientos farmacol\u00f3gicos influyen en todo el organismo. Aunque son eficaces en su tratamiento, tambi\u00e9n pueden debilitar su sistema bucal. Si un m\u00e9dico le prescribe un tratamiento, pregunte si puede tener efectos secundarios en sus dientes. Tendr\u00e1 que ser a\u00fan m\u00e1s cuidadoso con su higiene durante el tratamiento.<\/p>\n\n\n\n<h3>Dientes mal tratados y dentaduras mal dise\u00f1adas<\/h3>\n\n\n\n<p>Cualquier cosa que proporcione una superficie para la formaci\u00f3n de cal es perjudicial. Por ello, es fundamental realizar una revisi\u00f3n una o dos veces al a\u00f1o.<\/p>\n\n\n\n<h3>La gen\u00e9tica y la infancia<\/h3>\n\n\n\n<p>No se trata de juzgar a sus padres, pero algunas personas desafortunadas nacen con una mala dentadura heredada de sus padres. Aunque lo cuide mucho, no podr\u00e1 evitar peque\u00f1os problemas que tendr\u00e1 que vigilar cuidadosamente.<\/p>\n\n\n\n<p>Por otro lado, la dieta del ni\u00f1o, las deficiencias en su alimentaci\u00f3n y el abuso del az\u00facar, especialmente en los dulces y los refrescos, tienen efectos desastrosos en los dientes en desarrollo.<\/p>\n\n\n\n<p>Y, por supuesto, cualquier fatiga o estr\u00e9s influye en su estado general y, por tanto, en sus dientes en particular.<\/p>\n\n\n\n<h2><span class=\"ez-toc-section\" id=\"%C2%BFQue_ocurre_con_el_sarro_dental_si_no_se_trata\"><\/span>\u00bfQu\u00e9 ocurre con el sarro dental si no se trata&nbsp;?<span class=\"ez-toc-section-end\"><\/span><\/h2>\n\n\n\n<p>Si no se cuida los dientes a diario, el sarro dental se instalar\u00e1 permanentemente en los dientes en forma de sarro supragingival y los volver\u00e1 amarillos. \u00a1La primera consecuencia es est\u00e9tica, con <a href=\"https:\/\/nutrident.fr\/es\/mal-aliento\/\">una influencia<\/a> en el aliento que podr\u00eda alejarle de sus amigos&nbsp;!<\/p>\n\n\n\n<p>Si no acude al dentista para que le haga un raspado de los dientes, entrar\u00e1 en un c\u00edrculo vicioso: el sarro dental proporciona una superficie \u00e1spera y porosa que facilita la aparici\u00f3n de m\u00e1s sarro. Por lo tanto, se desarrollar\u00e1 a\u00fan m\u00e1s r\u00e1pidamente. Una soluci\u00f3n intermedia es utilizar un <a href=\"https:\/\/nutrident.fr\/es\/raspado-dental-casero\/\">escalador interno<\/a>.&nbsp;<\/p>\n\n\n\n<p>El sarro dental sigue creciendo como sarro subgingival, lo que significa que se extiende por debajo de la l\u00ednea de las enc\u00edas. Entonces no es visible, pero seguir\u00e1 favoreciendo la proliferaci\u00f3n de bacterias. La placa se impregnar\u00e1 cada vez m\u00e1s con ciertos alimentos como el t\u00e9, el <a href=\"https:\/\/nutrident.fr\/es\/blanqueamiento-profesional\/manchas-cafe\/\" target=\"_blank\" rel=\"noreferrer noopener\">caf\u00e9<\/a>, los alimentos oscuros como la remolacha o la col y, por supuesto, el humo del cigarrillo. El sarro de sus dientes pasar\u00e1 de amarillo a marr\u00f3n.<\/p>\n\n\n\n<figure class=\"wp-block-embed is-type-video is-provider-youtube wp-block-embed-youtube wp-embed-aspect-16-9 wp-has-aspect-ratio\"><div class=\"wp-block-embed__wrapper\">\n<iframe title=\"10 Mani\u00e8res Naturelles de se D\u00e9barrasser de L\u2019accumulation de Tartre\" width=\"500\" height=\"281\" src=\"https:\/\/www.youtube.com\/embed\/oUdNAaQLjME?feature=oembed\" frameborder=\"0\" allow=\"accelerometer; autoplay; clipboard-write; encrypted-media; gyroscope; picture-in-picture; web-share\" allowfullscreen><\/iframe>\n<\/div><\/figure>\n\n\n\n<h2><span class=\"ez-toc-section\" id=\"%C2%BFCuales_son_las_consecuencias_de_la_formacion_del_sarro_dental\"><\/span>\u00bfCu\u00e1les son las consecuencias de la formaci\u00f3n del sarro dental?<span class=\"ez-toc-section-end\"><\/span><\/h2>\n\n\n\n<p>La placa puede eliminarse con un buen cepillado de los dientes. Si deja que se convierta en sarro, no hay nada que pueda hacer en casa para eliminarlo. Est\u00e1 obligado a ir al dentista y a que le hagan un raspado profesional de los dientes.<\/p>\n\n\n\n<p>Mientras que la placa no es peligrosa, la acumulaci\u00f3n de sarro puede convertirse en una preocupaci\u00f3n y luego en algo peligroso y, en casos extremos, mortal. S\u00ed, en el siglo XXI todav\u00eda se puede morir <a href=\"https:\/\/nutrident.fr\/es\/dolor-de-muelas\/\">de dolor de muelas<\/a>.<\/p>\n\n\n\n<h3>Gingivitis<\/h3>\n\n\n\n<p>Si deja que el sarro se extienda del amarillo al marr\u00f3n o al negro, puede imaginar f\u00e1cilmente las consecuencias est\u00e9ticas, pero sobre todo su salud est\u00e1 en peligro. La caries atacar\u00e1 primero <a href=\"https:\/\/nutrident.fr\/es\/gingivitis-y-carencia-de-zinc\/\">sus enc\u00edas<\/a> con la gingivitis. Se vuelven de color rojo oscuro, se hinchan y duelen.<\/p>\n\n\n\n<p>Le doler\u00e1 cuando coma, sentir\u00e1 los efectos del fr\u00edo y del calor con sobrecarga, y es posible que acabe sufriendo un dolor punzante permanente.<\/p>\n\n\n\n<h3>Enfermedad periodontal y abscesos<\/h3>\n\n\n\n<p>Si espera m\u00e1s tiempo, corre el riesgo de desarrollar <a href=\"https:\/\/nutrident.fr\/es\/omega-3\/\">una enfermedad periodontal<\/a> con abscesos en las enc\u00edas. La enfermedad periodontal est\u00e1 causada por la p\u00e9rdida de los tejidos de soporte de sus dientes, enc\u00edas y huesos, y por tanto conlleva el riesgo de perder los propios dientes.<\/p>\n\n\n\n<p>La primera etapa es la periodontitis. Esta enfermedad, extremadamente dolorosa, ataca al diente afloj\u00e1ndolo, lo que simplemente conduce a su p\u00e9rdida. Si no se toma en serio este problema, corre el riesgo de perder sus dientes y entrar en un c\u00edrculo vicioso de tratamientos numerosos, dolorosos y especialmente caros. Sobre todo porque el resultado es siempre el mismo&nbsp;: una vez que los dientes se han ca\u00eddo, es la dentadura postiza, no hay otras soluciones.<\/p>\n\n\n\n<h3>Celulitis dental<\/h3>\n\n\n\n<p>Si, a pesar de todo esto, todav\u00eda no ha acudido al dentista, corre el riesgo de padecer celulitis dental. \u00a1Esto no tiene nada que ver con la piel de naranja en los muslos, as\u00ed que por favor no sea pusil\u00e1nime&nbsp;!<\/p>\n\n\n\n<p>Si se forma un absceso en la base de su diente, se trata de una bolsa de pus, formada en el extremo de la ra\u00edz de su diente, en la mand\u00edbula. Si no se trata, esta infecci\u00f3n, que provoca la inflamaci\u00f3n de las enc\u00edas, puede extenderse a la cara y provocar una celulitis dental.<\/p>\n\n\n\n<p>Esta enfermedad es extremadamente grave, ya que puede propagarse a la velocidad del rayo. En su forma aguda, afecta a toda la cara, la garganta y luego a todo el cuerpo, convirti\u00e9ndose en una septicemia general.<\/p>\n\n\n\n<p>Entonces ya no es el momento de ir al dentista, sino de acudir inmediatamente a urgencias o de pedir ayuda. Si la garganta se ve afectada, se corre el riesgo de asfixia y, si la sepsis se extiende por todo el cuerpo, el resultado puede ser fatal.<\/p>\n\n\n<div class=\"wp-block-image\">\n<figure class=\"aligncenter\"><img width=\"1000\" height=\"679\" src=\"https:\/\/nutrident.fr\/wp-content\/uploads\/2019\/07\/disappointed-elderly-facepalm-23180.jpg\" alt=\"el anciano se sostiene la cara\" class=\"wp-image-914\" srcset=\"https:\/\/nutrident.fr\/wp-content\/uploads\/2019\/07\/disappointed-elderly-facepalm-23180.jpg 1000w, https:\/\/nutrident.fr\/wp-content\/uploads\/2019\/07\/disappointed-elderly-facepalm-23180-300x204.jpg 300w, https:\/\/nutrident.fr\/wp-content\/uploads\/2019\/07\/disappointed-elderly-facepalm-23180-768x521.jpg 768w\" sizes=\"(max-width: 1000px) 100vw, 1000px\" \/><\/figure><\/div>\n\n\n<h3>Enfermedades cardiovasculares<\/h3>\n\n\n\n<p>Los investigadores llevan mucho tiempo intentando establecer una correlaci\u00f3n entre la higiene bucal y las enfermedades cardiovasculares. Hace tiempo que han demostrado la influencia de la salud dental en todo el organismo. Nuestra boca es un sistema que est\u00e1 constantemente ba\u00f1ado por la saliva y los restos de comida que ingerimos. Las bacterias prosperan y proliferan en este l\u00edquido y se unen a todas las que se transmiten por nuestro comportamiento, cada vez que masticamos un bol\u00edgrafo o nos llevamos las manos a la boca.<\/p>\n\n\n\n<p>Parece bastante l\u00f3gico que estas bacterias, que se propagan a trav\u00e9s de la circulaci\u00f3n de nuestros fluidos corporales, sean la causa de las enfermedades cardiovasculares. Los estudios realizados hasta ahora muestran una relaci\u00f3n entre la arteriosclerosis, y por tanto <a href=\"https:\/\/www.inserm.fr\/information-en-sante\/dossiers-information\/accident-vasculaire-cerebral-avc\" target=\"_blank\" rel=\"noopener\">los accidentes cerebrovasculares<\/a>, y estas bacterias.<\/p>\n\n\n\n<p>En cualquier caso, es evidente que las infecciones en la boca s\u00f3lo pueden ser perjudiciales para la salud del coraz\u00f3n. Investigadores taiwaneses han llegado a la conclusi\u00f3n de que la escalada reduce el riesgo de infarto de miocardio en un 24% y de accidente cerebrovascular en un 13%. Su estudio de 2011 sobre 100.000 personas demostr\u00f3 la presencia de bacterias orales en el torrente sangu\u00edneo que participar\u00edan en la formaci\u00f3n de una obstrucci\u00f3n vascular.<\/p>\n\n\n\n<p>Cuide bien su boca y nunca llegar\u00e1 a estos extremos dram\u00e1ticos. La higiene bucal debe ense\u00f1arse a sus hijos desde una edad temprana. Entonces se convierte en un reflejo y en un placer diario, tan agradable es cepillarse los dientes para sentir su superficie lisa bajo la lengua, para tener una sonrisa de estrella y un <a href=\"https:\/\/nutrident.fr\/es\/halitosis\/\">buen aliento<\/a>.<\/p>\n<div class=\"article-data before-content\"><div class=\"article-data__date\"><div class=\"article-data__date-modified\"><time class=\"published\" datetime=\"2023-06-09T06:53:17+00:00\">This article was originally published on&nbsp;<span class=\"2\">junio 9, 2023<\/span>&nbsp;and was most recently updated on&nbsp;<span>junio 13, 2023<\/span><\/time><br><\/div><\/div><\/div><div class=\"user-info\">    <div class=\"user-info__body\">\r\n      <div class=\"user-info__caption\"><span>Contributors:<\/span><\/div>\r\n\t\t\t        <div class=\"user-info__wrap \">\r\n          <div class=\"user-info__data\">\r\n            <div class=\"user-info__data__info\">\r\n              <div class=\"photo\">\r\n\t\t\t\t\t\t\t\t<img width=\"66\" height=\"61\" src=\"https:\/\/nutrident.fr\/wp-content\/uploads\/2023\/06\/unnamed-66x61.jpg\" class=\"attachment-profileImageAuthor size-profileImageAuthor wp-post-image\" alt=\"Dr Abel Jes\u00fas Pederzoli\" loading=\"lazy\" srcset=\"https:\/\/nutrident.fr\/wp-content\/uploads\/2023\/06\/unnamed-66x61.jpg 66w, https:\/\/nutrident.fr\/wp-content\/uploads\/2023\/06\/unnamed-300x279.jpg 300w, https:\/\/nutrident.fr\/wp-content\/uploads\/2023\/06\/unnamed-1024x952.jpg 1024w, https:\/\/nutrident.fr\/wp-content\/uploads\/2023\/06\/unnamed-768x714.jpg 768w, https:\/\/nutrident.fr\/wp-content\/uploads\/2023\/06\/unnamed-204x190.jpg 204w, https:\/\/nutrident.fr\/wp-content\/uploads\/2023\/06\/unnamed-120x112.jpg 120w, https:\/\/nutrident.fr\/wp-content\/uploads\/2023\/06\/unnamed.jpg 1125w\" sizes=\"(max-width: 66px) 100vw, 66px\" \/>              <\/div>\r\n              <a href=\"https:\/\/nutrident.fr\/es\/author\/dr-abel-jesus-pederzoli\/\" class=\"name\">Dr Abel Jes\u00fas Pederzoli<\/a>\r\n            <\/div>\r\n            <div class=\"user-info__data__social\">\r\n\t\t\t\t\t\t\t\t\t\t\t\t\t\t\t\t\t\t\t\t\t          <a href=\"https:\/\/clinicaleixample.es\/\"\r\n             class=\"soc-item website\">website<\/a>\r\n\t\t\t\t          <a href=\"http:\/\/linkedin.com\/in\/abel-jes%C3%BAs-pederzoli\"\r\n             class=\"soc-item linkedin\">linkedin<\/a>\r\n\t\t\t\t            <\/div>\r\n          <\/div>\r\n          <div class=\"user-info__description\">\r\n\t\t\t\t\t\t\t\t\t\t\t\t\t<p>Con t\u00edtulos obtenidos en la Facultad de Odontolog\u00eda de la Universidad Nacional de La Plata y una participaci\u00f3n activa en congresos y jornadas, el Dr. Pederzoli se mantiene actualizado en las \u00faltimas t\u00e9cnicas y avances en odontolog\u00eda. Actualmente se encuentra desarrollando un proyecto de consultor\u00eda tecnol\u00f3gica aplicada a cl\u00ednicas dentales.<\/p>\n\t\t\t\t\t\t          <\/div>\r\n        <\/div>\r\n\t\t\t\t    <\/div>\r\n\t<\/div>","protected":false},"excerpt":{"rendered":"<p>Contributor:&nbsp; Dr Abel Jes\u00fas Pederzoli Updated:&nbsp;junio 13, 2023 El sarro que se acumula en nuestros dientes es un enemigo formidable cuyos efectos nocivos repercuten en nuestra salud dental, as\u00ed como en nuestra sonrisa. Mancha los dientes y proporciona un nido acogedor para las bacterias que luego se propagan por nuestro cuerpo. Por eso es importante [&hellip;]<\/p>\n","protected":false},"author":10,"featured_media":0,"parent":0,"menu_order":0,"comment_status":"closed","ping_status":"closed","template":"","meta":{"inline_featured_image":false},"acf":[],"_links":{"self":[{"href":"https:\/\/nutrident.fr\/es\/wp-json\/wp\/v2\/pages\/21633"}],"collection":[{"href":"https:\/\/nutrident.fr\/es\/wp-json\/wp\/v2\/pages"}],"about":[{"href":"https:\/\/nutrident.fr\/es\/wp-json\/wp\/v2\/types\/page"}],"author":[{"embeddable":true,"href":"https:\/\/nutrident.fr\/es\/wp-json\/wp\/v2\/users\/10"}],"replies":[{"embeddable":true,"href":"https:\/\/nutrident.fr\/es\/wp-json\/wp\/v2\/comments?post=21633"}],"version-history":[{"count":3,"href":"https:\/\/nutrident.fr\/es\/wp-json\/wp\/v2\/pages\/21633\/revisions"}],"predecessor-version":[{"id":21977,"href":"https:\/\/nutrident.fr\/es\/wp-json\/wp\/v2\/pages\/21633\/revisions\/21977"}],"wp:attachment":[{"href":"https:\/\/nutrident.fr\/es\/wp-json\/wp\/v2\/media?parent=21633"}],"curies":[{"name":"wp","href":"https:\/\/api.w.org\/{rel}","templated":true}]}}