

{"id":21634,"date":"2023-06-09T06:53:55","date_gmt":"2023-06-09T06:53:55","guid":{"rendered":"https:\/\/nutrident.fr\/?page_id=21634"},"modified":"2023-06-15T23:03:42","modified_gmt":"2023-06-15T23:03:42","slug":"diente-roto","status":"publish","type":"page","link":"https:\/\/nutrident.fr\/es\/diente-roto\/","title":{"rendered":"\u00bfQu\u00e9 hacer en caso de una fractura dental?"},"content":{"rendered":"<div class=\"meta\"><div class=\"meta__users\">    <div class=\"meta__users__reviewed\">\r\n      <p class=\"meta__users__caption\">Contributor:&nbsp;<\/p>\r\n      <div class=\"users\">\r\n        <span class=\"users__user\">\r\n          <a href=\"#\">Dr Abel Jes\u00fas Pederzoli<\/a>\r\n        <\/span>\r\n      <\/div>\r\n    <\/div>\r\n\t<\/div><div class=\"meta__date-modified\">Updated:&nbsp;<span>junio 15, 2023<\/span><\/div><\/div><div class=\"wp-block-image\">\n<figure class=\"alignright size-full is-resized\"><img src=\"https:\/\/nutrident.fr\/wp-content\/uploads\/2023\/05\/diente-roto.jpg\" alt=\"\" class=\"wp-image-21278\" width=\"250\" height=\"194\" srcset=\"https:\/\/nutrident.fr\/wp-content\/uploads\/2023\/05\/diente-roto.jpg 1000w, https:\/\/nutrident.fr\/wp-content\/uploads\/2023\/05\/diente-roto-300x233.jpg 300w, https:\/\/nutrident.fr\/wp-content\/uploads\/2023\/05\/diente-roto-768x597.jpg 768w, https:\/\/nutrident.fr\/wp-content\/uploads\/2023\/05\/diente-roto-245x190.jpg 245w, https:\/\/nutrident.fr\/wp-content\/uploads\/2023\/05\/diente-roto-66x51.jpg 66w, https:\/\/nutrident.fr\/wp-content\/uploads\/2023\/05\/diente-roto-120x93.jpg 120w\" sizes=\"(max-width: 250px) 100vw, 250px\" \/><figcaption>Broken tooth. Broken upper incisor in a man mouth. Man shows oral cavity to the dentist. Treatment of a broken tooth.<\/figcaption><\/figure><\/div>\n\n\n<p>Un diente roto puede causar mucho dolor y afectar tu capacidad para masticar y hablar adecuadamente. Afortunadamente, es un accidente poco frecuente pero que le puede ocurrir a cualquier persona de cualquier edad. <\/p>\n\n\n\n<p>Si tienes un diente roto, es importante que pidas una <a href=\"https:\/\/nutrident.fr\/es\/dentista-de-urgencias\/\">cita de urgencia con tu dentista<\/a>. Mientras tanto, esto es todo lo que debes saber sobre esta afecci\u00f3n, incluyendo las causas m\u00e1s comunes y las opciones de tratamiento disponibles.<\/p>\n\n\n\n<div id=\"ez-toc-container\" class=\"ez-toc-v2_0_33_2 counter-hierarchy ez-toc-counter ez-toc-white ez-toc-container-direction\">\n<div class=\"ez-toc-title-container\">\n<p class=\"ez-toc-title\">Contenus<\/p>\n<span class=\"ez-toc-title-toggle\"><a href=\"#\" class=\"ez-toc-pull-right ez-toc-btn ez-toc-btn-xs ez-toc-btn-default ez-toc-toggle\" style=\"display: none;\"><label for=\"item\" aria-label=\"Tabla de contenidos\"><i class=\"ez-toc-glyphicon ez-toc-icon-toggle\"><\/i><\/label><input type=\"checkbox\" id=\"item\"><\/a><\/span><\/div>\n<nav><ul class='ez-toc-list ez-toc-list-level-1'><li class='ez-toc-page-1 ez-toc-heading-level-2'><a class=\"ez-toc-link ez-toc-heading-1\" href=\"https:\/\/nutrident.fr\/es\/diente-roto\/#%C2%BFComo_se_rompe_un_diente\" title=\"\u00bfC\u00f3mo se rompe un diente?\">\u00bfC\u00f3mo se rompe un diente?<\/a><\/li><li class='ez-toc-page-1 ez-toc-heading-level-2'><a class=\"ez-toc-link ez-toc-heading-2\" href=\"https:\/\/nutrident.fr\/es\/diente-roto\/#Habitos_y_comportamientos_que_hay_que_evitar\" title=\"H\u00e1bitos y comportamientos que hay que evitar\">H\u00e1bitos y comportamientos que hay que evitar<\/a><\/li><li class='ez-toc-page-1 ez-toc-heading-level-2'><a class=\"ez-toc-link ez-toc-heading-3\" href=\"https:\/\/nutrident.fr\/es\/diente-roto\/#%C2%BFQue_hacer_si_tengo_un_diente_roto\" title=\"\u00bfQu\u00e9 hacer si tengo un diente roto?\">\u00bfQu\u00e9 hacer si tengo un diente roto?<\/a><\/li><li class='ez-toc-page-1 ez-toc-heading-level-2'><a class=\"ez-toc-link ez-toc-heading-4\" href=\"https:\/\/nutrident.fr\/es\/diente-roto\/#%C2%BFComo_se_arregla_un_diente_roto\" title=\"\u00bfC\u00f3mo se arregla un diente roto?\">\u00bfC\u00f3mo se arregla un diente roto?<\/a><\/li><li class='ez-toc-page-1 ez-toc-heading-level-2'><a class=\"ez-toc-link ez-toc-heading-5\" href=\"https:\/\/nutrident.fr\/es\/diente-roto\/#%C2%BFCuanto_tiempo_tarda_la_sustitucion_del_diente_roto\" title=\"\u00bfCu\u00e1nto tiempo tarda la sustituci\u00f3n del diente roto?\">\u00bfCu\u00e1nto tiempo tarda la sustituci\u00f3n del diente roto?<\/a><\/li><li class='ez-toc-page-1 ez-toc-heading-level-2'><a class=\"ez-toc-link ez-toc-heading-6\" href=\"https:\/\/nutrident.fr\/es\/diente-roto\/#Conclusion\" title=\"Conclusi\u00f3n\">Conclusi\u00f3n<\/a><\/li><li class='ez-toc-page-1 ez-toc-heading-level-2'><a class=\"ez-toc-link ez-toc-heading-7\" href=\"https:\/\/nutrident.fr\/es\/diente-roto\/#Diente_roto_Preguntas_frecuentes\" title=\"Diente roto: Preguntas frecuentes \">Diente roto: Preguntas frecuentes <\/a><\/li><\/ul><\/nav><\/div>\n<h2><span class=\"ez-toc-section\" id=\"%C2%BFComo_se_rompe_un_diente\"><\/span>\u00bfC\u00f3mo se rompe un diente?<span class=\"ez-toc-section-end\"><\/span><\/h2>\n\n\n\n<p>Nuestros dientes son incre\u00edblemente resistentes. Despu\u00e9s de que se caen los dientes de leche, s\u00f3lo tenemos un juego para toda la vida y tienen que soportar los golpes y los ataques bacteriol\u00f3gicos durante d\u00e9cadas.<\/p>\n\n\n\n<p>Por desgracia, los dientes se pueden romper por diversas razones, tanto inesperadas como predecibles.<\/p>\n\n\n\n<h3>Fractura imprevisible de dientes<\/h3>\n\n\n<div class=\"wp-block-image\">\n<figure class=\"alignright size-medium\"><img width=\"300\" height=\"121\" src=\"https:\/\/nutrident.fr\/wp-content\/uploads\/2022\/05\/protege-dents-300x121.jpg\" alt=\"protector dental\" class=\"wp-image-10773\" srcset=\"https:\/\/nutrident.fr\/wp-content\/uploads\/2022\/05\/protege-dents-300x121.jpg 300w, https:\/\/nutrident.fr\/wp-content\/uploads\/2022\/05\/protege-dents-254x102.jpg 254w, https:\/\/nutrident.fr\/wp-content\/uploads\/2022\/05\/protege-dents.jpg 744w\" sizes=\"(max-width: 300px) 100vw, 300px\" \/><figcaption>Llevar un protector bucal es esencial si practicas un deporte de combate<\/figcaption><\/figure><\/div>\n\n\n<p>Los <strong>accidentes, las ca\u00eddas o los golpes<\/strong> son algunas de las causas de dientes rotos que no puedes predecir, sea cual sea tu edad. Los deportes de contacto, como el boxeo o las artes marciales, pueden generar traumatismos que deriven en la rotura de un diente, por ello es imprescindible usar un <a href=\"https:\/\/nutrident.fr\/es\/protector-bucal\/\" target=\"_blank\" data-type=\"URL\" data-id=\"https:\/\/nutrident.fr\/es\/protector-bucal\/\" rel=\"noreferrer noopener\">protector bucal<\/a>.<\/p>\n\n\n\n<p>Adem\u00e1s, un diente puede romperse al <strong>morder alimentos demasiado duros<\/strong> o algo s\u00f3lido que se encuentre accidentalmente en ellos, como una piedra en las lentejas. Algunos platos tradicionales, como el rosc\u00f3n de reyes, deben comerse con cuidado para no fracturar alg\u00fan diente.<\/p>\n\n\n\n<h3>Fractura previsible de dientes<\/h3>\n\n\n\n<p>Algunas personas tienen <strong>dientes m\u00e1s fr\u00e1giles<\/strong> que el resto, lo cual puede deberse a los genes que ha heredado de sus padres, a una <a href=\"https:\/\/nutrident.fr\/es\/cepillarse-correctamente-los-dientes\/\" target=\"_blank\" data-type=\"URL\" data-id=\"https:\/\/nutrident.fr\/es\/cepillarse-correctamente-los-dientes\/\" rel=\"noreferrer noopener\">mala higiene dental<\/a> o a la <a href=\"https:\/\/nutrident.fr\/es\/acudir-al-dentista\/\" target=\"_blank\" data-type=\"URL\" data-id=\"https:\/\/nutrident.fr\/es\/acudir-al-dentista\/\" rel=\"noreferrer noopener\">falta de mantenimiento<\/a>. Si permites que las infecciones, <a href=\"https:\/\/nutrident.fr\/es\/caries-y-dieta\/\" target=\"_blank\" data-type=\"URL\" data-id=\"https:\/\/nutrident.fr\/es\/caries-y-dieta\/\" rel=\"noreferrer noopener\">caries<\/a>, <a href=\"https:\/\/nutrident.fr\/es\/absceso-dental\/\" target=\"_blank\" data-type=\"URL\" data-id=\"https:\/\/nutrident.fr\/es\/absceso-dental\/\" rel=\"noreferrer noopener\">abscesos<\/a> y otras patolog\u00edas se desarrollen sin ser tratadas, tus dientes podr\u00edan debilitarse.<\/p>\n\n\n\n<p>Los <strong>dientes desvitalizados<\/strong> pierden su sensibilidad, pero son tan \u00fatiles como el resto, pues evitan que hayan espacios vac\u00edos en la dentadura y te permiten comer con normalidad. Pero tambi\u00e9n son m\u00e1s fr\u00e1giles y pueden romperse m\u00e1s f\u00e1cilmente. Para eliminar los nervios dentales, hay que perforar un agujero en el centro del diente y por tanto sus paredes son menos s\u00f3lidas.<\/p>\n\n\n\n<p>Los tratamientos con <strong>medicamentos<\/strong>, incluidos algunos antibi\u00f3ticos, tienen un efecto perjudicial sobre los dientes contra el que no se puede hacer nada.<\/p>\n\n\n\n<p>Por \u00faltimo, es posible que hayas sufrido <strong>deficiencias nutricionales<\/strong> de ni\u00f1o o que hayas tenido una dieta pobre con <a href=\"https:\/\/nutrident.fr\/es\/son-los-dulces-realmente-malos-para-los-dientes\/\" data-type=\"URL\" data-id=\"https:\/\/nutrident.fr\/es\/son-los-dulces-realmente-malos-para-los-dientes\/\" target=\"_blank\" rel=\"noreferrer noopener\">alto contenido en az\u00facar<\/a> que haya afectado el desarrollo saludable de tus dientes y los hayan debilitado.<\/p>\n\n\n\n<p>Aqu\u00ed tienes un interesante v\u00eddeo sobre los dientes rotos:<\/p>\n\n\n\n<figure class=\"wp-block-embed is-type-video is-provider-youtube wp-block-embed-youtube wp-embed-aspect-16-9 wp-has-aspect-ratio\"><div class=\"wp-block-embed__wrapper\">\n<iframe title=\"DIENTE ROTO | Qu\u00e9 hacer si se nos parte un diente o se nos rompe una muela (adultos y ni\u00f1os)\" width=\"500\" height=\"281\" src=\"https:\/\/www.youtube.com\/embed\/zfrm1xSauIY?feature=oembed\" frameborder=\"0\" allow=\"accelerometer; autoplay; clipboard-write; encrypted-media; gyroscope; picture-in-picture; web-share\" allowfullscreen><\/iframe>\n<\/div><\/figure>\n\n\n\n<h2><span class=\"ez-toc-section\" id=\"Habitos_y_comportamientos_que_hay_que_evitar\"><\/span>H\u00e1bitos y comportamientos que hay que evitar<span class=\"ez-toc-section-end\"><\/span><\/h2>\n\n\n\n<p><strong>Los dientes no son herramientas<\/strong>. O mejor dicho, son herramientas dedicadas a un \u00fanico uso: la alimentaci\u00f3n. Los dientes sirven solo para cortar y masticar los alimentos, y nada m\u00e1s.<\/p>\n\n\n\n<p><strong>Evita abrir empaques, paquetes o botellas con los dientes<\/strong>. No los utilices para rasgar telas o cualquier otro material, ni tampoco como cascanueces. Si lo haces, est\u00e1s aplicando fuerzas en los dientes que no est\u00e1n dise\u00f1ados para soportar, lo cual los debilita y pueden romperse como consecuencia.<\/p>\n\n\n<div class=\"wp-block-image\">\n<figure class=\"alignright size-medium\"><img width=\"300\" height=\"200\" src=\"https:\/\/nutrident.fr\/wp-content\/uploads\/2022\/05\/Depositphotos_474566794_S-300x200.jpg\" alt=\"bruxismo\" class=\"wp-image-10443\" srcset=\"https:\/\/nutrident.fr\/wp-content\/uploads\/2022\/05\/Depositphotos_474566794_S-300x200.jpg 300w, https:\/\/nutrident.fr\/wp-content\/uploads\/2022\/05\/Depositphotos_474566794_S-768x512.jpg 768w, https:\/\/nutrident.fr\/wp-content\/uploads\/2022\/05\/Depositphotos_474566794_S-254x169.jpg 254w, https:\/\/nutrident.fr\/wp-content\/uploads\/2022\/05\/Depositphotos_474566794_S.jpg 1000w\" sizes=\"(max-width: 300px) 100vw, 300px\" \/><figcaption>El bruxismo debilita los dientes<\/figcaption><\/figure><\/div>\n\n\n<p>Otro comportamiento perjudicial es <a href=\"https:\/\/nutrident.fr\/es\/bruxismo\/\">el bruxismo<\/a>. Si<strong> rechinas los dientes<\/strong>, significa que est\u00e1s frotando las superficies de los dientes de ambos maxilares entre s\u00ed, lo cual los desgasta prematuramente y rompe <a href=\"https:\/\/nutrident.fr\/es\/esmalte-dental-tratamiento\/\" target=\"_blank\" data-type=\"URL\" data-id=\"https:\/\/nutrident.fr\/es\/esmalte-dental-tratamiento\/\" rel=\"noreferrer noopener\">el esmalte<\/a>, haci\u00e9ndolos m\u00e1s fr\u00e1giles. <\/p>\n\n\n\n<p>Si este es el caso, debes consultar a tu dentista y llevar una <a href=\"https:\/\/nutrident.fr\/es\/ortodoncia\/removible\/\" target=\"_blank\" rel=\"noreferrer noopener\">f\u00e9rula por la noche<\/a> para proteger tus dientes (y a la persona que duerme a tu lado, ya que el ruido del rechinamiento puede ser insoportable).<\/p>\n\n\n\n<h2><span class=\"ez-toc-section\" id=\"%C2%BFQue_hacer_si_tengo_un_diente_roto\"><\/span>\u00bfQu\u00e9 hacer si tengo un diente roto?<span class=\"ez-toc-section-end\"><\/span><\/h2>\n\n\n\n<p>Si te fracturas un diente, debes <strong>acudir cuanto antes al dentista<\/strong>, ya que \u00e9l es el \u00fanico que puede repararlo. Algunas personas recomiendan guardar el trozo del diente que se ha roto, pero realmente esto no es necesario ya que el dentista utilizar\u00e1 alg\u00fan otro material para <a href=\"https:\/\/nutrident.fr\/es\/rehacer-los-dientes-que-tratamientos-esteticos-elegir\/\" target=\"_blank\" data-type=\"URL\" data-id=\"https:\/\/nutrident.fr\/es\/rehacer-los-dientes-que-tratamientos-esteticos-elegir\/\" rel=\"noreferrer noopener\">reconstruir la pieza dental<\/a> afectada.<\/p>\n\n\n\n<p>No apliques ninguna medicaci\u00f3n, ni comas o bebas nada que no sea agua. <strong>Tampoco apliques presi\u00f3n<\/strong> sobre el diente roto pues podr\u00edas empeorar la situaci\u00f3n.<\/p>\n\n\n<div class=\"wp-block-image\">\n<figure class=\"alignright size-medium\"><img width=\"300\" height=\"200\" src=\"https:\/\/nutrident.fr\/wp-content\/uploads\/2019\/08\/dent-cassee-300x200.jpg\" alt=\"fractura dental\" class=\"wp-image-10776\" srcset=\"https:\/\/nutrident.fr\/wp-content\/uploads\/2019\/08\/dent-cassee-300x200.jpg 300w, https:\/\/nutrident.fr\/wp-content\/uploads\/2019\/08\/dent-cassee-768x512.jpg 768w, https:\/\/nutrident.fr\/wp-content\/uploads\/2019\/08\/dent-cassee-254x169.jpg 254w, https:\/\/nutrident.fr\/wp-content\/uploads\/2019\/08\/dent-cassee.jpg 1000w\" sizes=\"(max-width: 300px) 100vw, 300px\" \/><figcaption>Si te partes un diente, llama inmediatamente a tu dentista<\/figcaption><\/figure><\/div>\n\n\n<h3>\u00bfQu\u00e9 hacer si el diente se cae?<\/h3>\n\n\n\n<p>Si el diente se desprende con su ra\u00edz, el problema es m\u00e1s grave y debes <strong>acudir urgentemente al dentista<\/strong>. Hay pocas posibilidades de que el dentista pueda reimplantarlo, pero hay que hacer todo lo posible por intentarlo. Comprueba que el diente est\u00e1 intacto y, si es as\u00ed, no pierdas ni un segundo.<\/p>\n\n\n\n<p>Empieza aclar\u00e1ndolo con agua tibia, sin frotar para no da\u00f1ar los tejidos. Debes deshacerte de todo el polvo y los restos que se hayan podido acumular al caer al suelo. Si el dentista o una sala de urgencias pueden atenderte en menos de una hora, <strong>es posible que puedas conservar tu diente original<\/strong>.<\/p>\n\n\n\n<h2><span class=\"ez-toc-section\" id=\"%C2%BFComo_se_arregla_un_diente_roto\"><\/span>\u00bfC\u00f3mo se arregla un diente roto?<span class=\"ez-toc-section-end\"><\/span><\/h2>\n\n\n\n<p>El dentista evaluar\u00e1 primero el alcance del da\u00f1o y posiblemente <strong>tomar\u00e1 radiograf\u00edas<\/strong> para comprobar que no hay otros dientes agrietados o da\u00f1ados y que tus huesos maxilares no est\u00e1n afectados.<\/p>\n\n\n\n<p>Tras evaluar el estado y la vitalidad del diente, son posibles tres escenarios:<\/p>\n\n\n\n<h3>La fractura es superficial<\/h3>\n\n\n\n<p>Si la fractura es superficial y has podido recuperar la pieza dental, <strong>el dentista la pegar\u00e1<\/strong> con un pegamento espec\u00edfico o con una resina que rellenar\u00e1 la falta de material en caso de que el impacto haya provocado astillas.<\/p>\n\n\n\n<h3>La fractura ha alcanzado la pulpa del diente<\/h3>\n\n\n\n<p>La pulpa del diente es una parte vital. Si est\u00e1 afectada, habr\u00e1 que <strong>desvitalizar el diente<\/strong> y reconstruirlo, ya sea con resina o con una <a href=\"https:\/\/nutrident.fr\/es\/coronas-dentales\/\" target=\"_blank\" data-type=\"URL\" data-id=\"https:\/\/nutrident.fr\/es\/coronas-dentales\/\" rel=\"noreferrer noopener\">corona<\/a>. El trozo de diente roto ayudar\u00e1 al dentista a hacer un molde que le permita fabricar una pr\u00f3tesis ya adaptada a tu dentadura y que no interfiera con la mordida.<\/p>\n\n\n\n<h3>La fractura ha afectado a la ra\u00edz<\/h3>\n\n\n\n<p>En el peor de los casos, la ra\u00edz del diente se ve afectada y tendr\u00e1n que <a href=\"https:\/\/nutrident.fr\/es\/extraccion-de-dientes\/\" target=\"_blank\" data-type=\"URL\" data-id=\"https:\/\/nutrident.fr\/es\/extraccion-de-dientes\/\" rel=\"noreferrer noopener\">extraerlo<\/a>. En este caso, es muy importante <strong>sustituir el diente que falta<\/strong>, aunque no sea visible (molar o premolar).<\/p>\n\n\n\n<p>Cuando te falta un diente, todo el maxilar cambia para rellenar el hueco, lo que tambi\u00e9n implica problemas de masticaci\u00f3n y repercusiones en el sistema digestivo, e incluso problemas de habla. El diente faltante puede sustituirse con un <a href=\"https:\/\/nutrident.fr\/es\/implantes-dentales\/\" target=\"_blank\" data-type=\"URL\" data-id=\"https:\/\/nutrident.fr\/es\/implantes-dentales\/\" rel=\"noreferrer noopener\">implante<\/a> o un <a href=\"https:\/\/nutrident.fr\/es\/puente-dental\/\" target=\"_blank\" data-type=\"URL\" data-id=\"https:\/\/nutrident.fr\/es\/puente-dental\/\" rel=\"noreferrer noopener\">puente<\/a>.<\/p>\n\n\n\n<h2><span class=\"ez-toc-section\" id=\"%C2%BFCuanto_tiempo_tarda_la_sustitucion_del_diente_roto\"><\/span>\u00bfCu\u00e1nto tiempo tarda la sustituci\u00f3n del diente roto?<span class=\"ez-toc-section-end\"><\/span><\/h2>\n\n\n\n<p>Reemplazar un diente roto puede llevar alg\u00fan tiempo, en algunos casos <strong>hasta seis meses<\/strong>, sobre todo en el caso de los implantes dentales, ya que es necesario esperar a que los tejidos orales y el hueso <a href=\"https:\/\/nutrident.fr\/es\/que-debe-saber-sobre-el-postoperatorio-de-los-implantes-dentales\/\" target=\"_blank\" data-type=\"URL\" data-id=\"https:\/\/nutrident.fr\/es\/que-debe-saber-sobre-el-postoperatorio-de-los-implantes-dentales\/\" rel=\"noreferrer noopener\">sanen por completo<\/a>.<\/p>\n\n\n<div class=\"wp-block-image\">\n<figure class=\"alignright size-medium\"><img width=\"300\" height=\"200\" src=\"https:\/\/nutrident.fr\/wp-content\/uploads\/2020\/04\/iStock-1182396024-300x200.jpg\" alt=\"corona\" class=\"wp-image-7650\" srcset=\"https:\/\/nutrident.fr\/wp-content\/uploads\/2020\/04\/iStock-1182396024-300x200.jpg 300w, https:\/\/nutrident.fr\/wp-content\/uploads\/2020\/04\/iStock-1182396024-1024x683.jpg 1024w, https:\/\/nutrident.fr\/wp-content\/uploads\/2020\/04\/iStock-1182396024-768x512.jpg 768w, https:\/\/nutrident.fr\/wp-content\/uploads\/2020\/04\/iStock-1182396024-1080x720.jpg 1080w, https:\/\/nutrident.fr\/wp-content\/uploads\/2020\/04\/iStock-1182396024-980x653.jpg 980w, https:\/\/nutrident.fr\/wp-content\/uploads\/2020\/04\/iStock-1182396024-480x320.jpg 480w, https:\/\/nutrident.fr\/wp-content\/uploads\/2020\/04\/iStock-1182396024.jpg 1254w\" sizes=\"(max-width: 300px) 100vw, 300px\" \/><figcaption>Para sustituir su diente, el dentista mandar\u00e1 a hacer una corona dental a medida<\/figcaption><\/figure><\/div>\n\n\n<p>Si has perdido un incisivo o un canino, dentista mandar\u00e1 a fabricar un <strong>diente de resina temporal<\/strong> del mismo color que tu dentadura, lo que te permitir\u00e1 vivir con bastante normalidad mientras esperas.<\/p>\n\n\n\n<p>Si se trata de un diente menos visible, premolar o molar, no tienes que sustituirlo con una pr\u00f3tesis provisional. Pasar\u00e1n unas semanas hasta que puedas comer con normalidad y las enc\u00edas dejen de estar sensibles.<\/p>\n\n\n\n<h2><span class=\"ez-toc-section\" id=\"Conclusion\"><\/span>Conclusi\u00f3n<span class=\"ez-toc-section-end\"><\/span><\/h2>\n\n\n\n<p>Recuerda que es esencial acudir al dentista en caso de un diente roto. En primer lugar, este se asegurar\u00e1 de que no tengas m\u00e1s da\u00f1os (si la mand\u00edbula est\u00e1 agrietada, las consecuencias pueden ser graves) y har\u00e1 todo lo posible por conservar tus dientes originales. <\/p>\n\n\n\n<p>Si no se trata un diente roto, tendr\u00e1s una grieta que har\u00e1 felices a las bacterias y pronto se desarrollar\u00e1n infecciones que podr\u00edan causar patolog\u00edas muy graves.<\/p>\n\n\n\n<h2><span class=\"ez-toc-section\" id=\"Diente_roto_Preguntas_frecuentes\"><\/span>Diente roto: Preguntas frecuentes <span class=\"ez-toc-section-end\"><\/span><\/h2>\n\n\n<div id=\"rank-math-faq\" class=\"rank-math-block\">\n<div class=\"rank-math-list \">\n<div id=\"faq-question-1657866281353\" class=\"rank-math-list-item\">\n<h3 class=\"rank-math-question \">\u00bfQu\u00e9 tan grave es un diente roto?<\/h3>\n<div class=\"rank-math-answer \">\n\n<p>Una fractura dental es una condici\u00f3n bastante grave que puede producir dolor, problemas de masticaci\u00f3n y que tambi\u00e9n puede afectar tu apariencia. En los casos m\u00e1s severos, se pueden producir infecciones que podr\u00edan comprometer tu salud oral y general. Si se te rompe un diente, pide una cita de urgencia con un dentista r\u00e1pidamente para evitar complicaciones.<\/p>\n\n<\/div>\n<\/div>\n<div id=\"faq-question-1679000009003\" class=\"rank-math-list-item\">\n<h3 class=\"rank-math-question \">\u00bfCu\u00e1nto cuesta arreglar un diente roto?<\/h3>\n<div class=\"rank-math-answer \">\n\n<p>Si la fractura es leve, la reconstrucci\u00f3n puede costar entre 50 y 100 euros. Pero si el traumatismo es profundo, es posible que sea necesaria una extracci\u00f3n dental y un posterior reemplazo con un puente o un implante, tratamientos que tienen un coste de entre 400 y 1000 euros.<\/p>\n\n<\/div>\n<\/div>\n<\/div>\n<\/div><div class=\"article-data before-content\"><div class=\"article-data__date\"><div class=\"article-data__date-modified\"><time class=\"published\" datetime=\"2023-06-09T06:53:55+00:00\">This article was originally published on&nbsp;<span class=\"2\">junio 9, 2023<\/span>&nbsp;and was most recently updated on&nbsp;<span>junio 15, 2023<\/span><\/time><br><\/div><\/div><\/div><div class=\"user-info\">    <div class=\"user-info__body\">\r\n      <div class=\"user-info__caption\"><span>Contributors:<\/span><\/div>\r\n\t\t\t        <div class=\"user-info__wrap \">\r\n          <div class=\"user-info__data\">\r\n            <div class=\"user-info__data__info\">\r\n              <div class=\"photo\">\r\n\t\t\t\t\t\t\t\t<img width=\"66\" height=\"61\" src=\"https:\/\/nutrident.fr\/wp-content\/uploads\/2023\/06\/unnamed-66x61.jpg\" class=\"attachment-profileImageAuthor size-profileImageAuthor wp-post-image\" alt=\"Dr Abel Jes\u00fas Pederzoli\" loading=\"lazy\" srcset=\"https:\/\/nutrident.fr\/wp-content\/uploads\/2023\/06\/unnamed-66x61.jpg 66w, https:\/\/nutrident.fr\/wp-content\/uploads\/2023\/06\/unnamed-300x279.jpg 300w, https:\/\/nutrident.fr\/wp-content\/uploads\/2023\/06\/unnamed-1024x952.jpg 1024w, https:\/\/nutrident.fr\/wp-content\/uploads\/2023\/06\/unnamed-768x714.jpg 768w, https:\/\/nutrident.fr\/wp-content\/uploads\/2023\/06\/unnamed-204x190.jpg 204w, https:\/\/nutrident.fr\/wp-content\/uploads\/2023\/06\/unnamed-120x112.jpg 120w, https:\/\/nutrident.fr\/wp-content\/uploads\/2023\/06\/unnamed.jpg 1125w\" sizes=\"(max-width: 66px) 100vw, 66px\" \/>              <\/div>\r\n              <a href=\"https:\/\/nutrident.fr\/es\/author\/dr-abel-jesus-pederzoli\/\" class=\"name\">Dr Abel Jes\u00fas Pederzoli<\/a>\r\n            <\/div>\r\n            <div class=\"user-info__data__social\">\r\n\t\t\t\t\t\t\t\t\t\t\t\t\t\t\t\t\t\t\t\t\t          <a href=\"https:\/\/clinicaleixample.es\/\"\r\n             class=\"soc-item website\">website<\/a>\r\n\t\t\t\t          <a href=\"http:\/\/linkedin.com\/in\/abel-jes%C3%BAs-pederzoli\"\r\n             class=\"soc-item linkedin\">linkedin<\/a>\r\n\t\t\t\t            <\/div>\r\n          <\/div>\r\n          <div class=\"user-info__description\">\r\n\t\t\t\t\t\t\t\t\t\t\t\t\t<p>Con t\u00edtulos obtenidos en la Facultad de Odontolog\u00eda de la Universidad Nacional de La Plata y una participaci\u00f3n activa en congresos y jornadas, el Dr. Pederzoli se mantiene actualizado en las \u00faltimas t\u00e9cnicas y avances en odontolog\u00eda. Actualmente se encuentra desarrollando un proyecto de consultor\u00eda tecnol\u00f3gica aplicada a cl\u00ednicas dentales.<\/p>\n\t\t\t\t\t\t          <\/div>\r\n        <\/div>\r\n\t\t\t\t    <\/div>\r\n\t<\/div><!--copyscapeskip--><div class=\"medical_references\"><div class=\"medical_references__heading\"><span>Fuentes M\u00e9dicas<\/span><\/div><div class=\"medical_references__list\"><p><strong>Scielo:<\/strong> <a target=\"\" rel=\"\">Tratamiento de las lesiones dentales traum\u00e1ticas. revisi\u00f3n bibliogr\u00e1fica actualizada<\/a>. Consultado el 16 de marzo de 2023.<\/p>\n<p><strong>Elsevier:<\/strong> <a target=\"\" rel=\"\">Reinserci\u00f3n ra\u00edz-corona en una fractura dental subgingival grave: Evaluaci\u00f3n periodontal a los 15 meses<\/a>. Consultado el 16 de marzo de 2023.<\/p>\n<\/div><\/div><!--\/copyscapeskip-->","protected":false},"excerpt":{"rendered":"<p>Contributor:&nbsp; Dr Abel Jes\u00fas Pederzoli Updated:&nbsp;junio 15, 2023 Un diente roto puede causar mucho dolor y afectar tu capacidad para masticar y hablar adecuadamente. Afortunadamente, es un accidente poco frecuente pero que le puede ocurrir a cualquier persona de cualquier edad. Si tienes un diente roto, es importante que pidas una cita de urgencia con [&hellip;]<\/p>\n","protected":false},"author":10,"featured_media":21278,"parent":0,"menu_order":0,"comment_status":"closed","ping_status":"closed","template":"","meta":{"inline_featured_image":false},"acf":[],"_links":{"self":[{"href":"https:\/\/nutrident.fr\/es\/wp-json\/wp\/v2\/pages\/21634"}],"collection":[{"href":"https:\/\/nutrident.fr\/es\/wp-json\/wp\/v2\/pages"}],"about":[{"href":"https:\/\/nutrident.fr\/es\/wp-json\/wp\/v2\/types\/page"}],"author":[{"embeddable":true,"href":"https:\/\/nutrident.fr\/es\/wp-json\/wp\/v2\/users\/10"}],"replies":[{"embeddable":true,"href":"https:\/\/nutrident.fr\/es\/wp-json\/wp\/v2\/comments?post=21634"}],"version-history":[{"count":5,"href":"https:\/\/nutrident.fr\/es\/wp-json\/wp\/v2\/pages\/21634\/revisions"}],"predecessor-version":[{"id":22045,"href":"https:\/\/nutrident.fr\/es\/wp-json\/wp\/v2\/pages\/21634\/revisions\/22045"}],"wp:featuredmedia":[{"embeddable":true,"href":"https:\/\/nutrident.fr\/es\/wp-json\/wp\/v2\/media\/21278"}],"wp:attachment":[{"href":"https:\/\/nutrident.fr\/es\/wp-json\/wp\/v2\/media?parent=21634"}],"curies":[{"name":"wp","href":"https:\/\/api.w.org\/{rel}","templated":true}]}}