

{"id":21635,"date":"2023-06-09T06:54:35","date_gmt":"2023-06-09T06:54:35","guid":{"rendered":"https:\/\/nutrident.fr\/?page_id=21635"},"modified":"2023-06-13T11:12:04","modified_gmt":"2023-06-13T11:12:04","slug":"gingivitis","status":"publish","type":"page","link":"https:\/\/nutrident.fr\/es\/gingivitis\/","title":{"rendered":"Gingivitis: causas, s\u00edntomas y tratamientos para prevenir el sangrado de enc\u00edas"},"content":{"rendered":"<div class=\"meta\"><div class=\"meta__users\">    <div class=\"meta__users__reviewed\">\r\n      <p class=\"meta__users__caption\">Contributor:&nbsp;<\/p>\r\n      <div class=\"users\">\r\n        <span class=\"users__user\">\r\n          <a href=\"#\">Dr Abel Jes\u00fas Pederzoli<\/a>\r\n        <\/span>\r\n      <\/div>\r\n    <\/div>\r\n\t<\/div><div class=\"meta__date-modified\">Updated:&nbsp;<span>junio 13, 2023<\/span><\/div><\/div><div class=\"wp-block-image\">\n<figure class=\"alignright size-large is-resized\"><img src=\"https:\/\/nutrident.fr\/wp-content\/uploads\/2023\/02\/sangrado-de-encias-1024x682.jpg\" alt=\"\" class=\"wp-image-20208\" width=\"300\" height=\"200\" srcset=\"https:\/\/nutrident.fr\/wp-content\/uploads\/2023\/02\/sangrado-de-encias-1024x682.jpg 1024w, https:\/\/nutrident.fr\/wp-content\/uploads\/2023\/02\/sangrado-de-encias-300x200.jpg 300w, https:\/\/nutrident.fr\/wp-content\/uploads\/2023\/02\/sangrado-de-encias-768x512.jpg 768w, https:\/\/nutrident.fr\/wp-content\/uploads\/2023\/02\/sangrado-de-encias-1536x1024.jpg 1536w, https:\/\/nutrident.fr\/wp-content\/uploads\/2023\/02\/sangrado-de-encias-254x169.jpg 254w, https:\/\/nutrident.fr\/wp-content\/uploads\/2023\/02\/sangrado-de-encias.jpg 2000w\" sizes=\"(max-width: 300px) 100vw, 300px\" \/><\/figure><\/div>\n\n\n<p>Si sufres de sangrado de enc\u00edas, es crucial prestar atenci\u00f3n a esta afecci\u00f3n y tomar medidas preventivas para evitar consecuencias irreparables en tu salud bucal. La gingivitis, o inflamaci\u00f3n de las enc\u00edas, es una de las enfermedades que pueden afectar significativamente tus dientes si no se le presta la atenci\u00f3n adecuada y, a largo plazo, puede traer consecuencias irreparables.<\/p>\n\n\n\n<p>Recuerda que tu salud oral es tan importante como la del resto de tu cuerpo. En este art\u00edculo, descubrir\u00e1s qu\u00e9 es la gingivitis, sus s\u00edntomas y tratamientos para combatirla y mantener tu salud bucal en \u00f3ptimas condiciones. <\/p>\n\n\n\n<div id=\"ez-toc-container\" class=\"ez-toc-v2_0_33_2 counter-hierarchy ez-toc-counter ez-toc-white ez-toc-container-direction\">\n<div class=\"ez-toc-title-container\">\n<p class=\"ez-toc-title\">Contenus<\/p>\n<span class=\"ez-toc-title-toggle\"><a href=\"#\" class=\"ez-toc-pull-right ez-toc-btn ez-toc-btn-xs ez-toc-btn-default ez-toc-toggle\" style=\"display: none;\"><label for=\"item\" aria-label=\"Tabla de contenidos\"><i class=\"ez-toc-glyphicon ez-toc-icon-toggle\"><\/i><\/label><input type=\"checkbox\" id=\"item\"><\/a><\/span><\/div>\n<nav><ul class='ez-toc-list ez-toc-list-level-1'><li class='ez-toc-page-1 ez-toc-heading-level-2'><a class=\"ez-toc-link ez-toc-heading-1\" href=\"https:\/\/nutrident.fr\/es\/gingivitis\/#%C2%BFQue_es_la_Gingivitis\" title=\"\u00bfQu\u00e9 es la Gingivitis?\">\u00bfQu\u00e9 es la Gingivitis?<\/a><\/li><li class='ez-toc-page-1 ez-toc-heading-level-2'><a class=\"ez-toc-link ez-toc-heading-2\" href=\"https:\/\/nutrident.fr\/es\/gingivitis\/#Causas_de_la_gingivitis\" title=\"Causas de la gingivitis\">Causas de la gingivitis<\/a><\/li><li class='ez-toc-page-1 ez-toc-heading-level-2'><a class=\"ez-toc-link ez-toc-heading-3\" href=\"https:\/\/nutrident.fr\/es\/gingivitis\/#Factores_de_riesgo\" title=\"Factores de riesgo\">Factores de riesgo<\/a><\/li><li class='ez-toc-page-1 ez-toc-heading-level-2'><a class=\"ez-toc-link ez-toc-heading-4\" href=\"https:\/\/nutrident.fr\/es\/gingivitis\/#%C2%BFEs_contagiosa_la_gingivitis\" title=\"\u00bfEs contagiosa la gingivitis?\">\u00bfEs contagiosa la gingivitis?<\/a><\/li><li class='ez-toc-page-1 ez-toc-heading-level-2'><a class=\"ez-toc-link ez-toc-heading-5\" href=\"https:\/\/nutrident.fr\/es\/gingivitis\/#Sintomas_de_la_gingivitis\" title=\"S\u00edntomas de la gingivitis\">S\u00edntomas de la gingivitis<\/a><\/li><li class='ez-toc-page-1 ez-toc-heading-level-2'><a class=\"ez-toc-link ez-toc-heading-6\" href=\"https:\/\/nutrident.fr\/es\/gingivitis\/#%C2%BFQue_debes_hacer_en_el_caso_de_que_te_sangren_las_encias\" title=\"\u00bfQu\u00e9 debes hacer en el caso de que te sangren las enc\u00edas?\">\u00bfQu\u00e9 debes hacer en el caso de que te sangren las enc\u00edas?<\/a><\/li><li class='ez-toc-page-1 ez-toc-heading-level-2'><a class=\"ez-toc-link ez-toc-heading-7\" href=\"https:\/\/nutrident.fr\/es\/gingivitis\/#Medidas_para_prevenir_la_gingivitis\" title=\"Medidas para prevenir la gingivitis\">Medidas para prevenir la gingivitis<\/a><\/li><li class='ez-toc-page-1 ez-toc-heading-level-2'><a class=\"ez-toc-link ez-toc-heading-8\" href=\"https:\/\/nutrident.fr\/es\/gingivitis\/#Preguntas_frecuentes\" title=\"Preguntas frecuentes\">Preguntas frecuentes<\/a><\/li><\/ul><\/nav><\/div>\n<h2><span class=\"ez-toc-section\" id=\"%C2%BFQue_es_la_Gingivitis\"><\/span>\u00bfQu\u00e9 es la Gingivitis?<span class=\"ez-toc-section-end\"><\/span><\/h2>\n\n\n\n<p>La gingivitis o <a href=\"https:\/\/nutrident.fr\/es\/inflamacion-de-encias\/\" target=\"_blank\" data-type=\"URL\" data-id=\"https:\/\/nutrident.fr\/es\/inflamacion-de-encias\/\" rel=\"noreferrer noopener\">inflamaci\u00f3n de las enc\u00edas<\/a> es la fase inicial de la <a href=\"https:\/\/nutrident.fr\/es\/periodontitis\/\" target=\"_blank\" data-type=\"URL\" data-id=\"https:\/\/nutrident.fr\/es\/periodontitis\/\" rel=\"noreferrer noopener\">enfermedad periodontal<\/a>, pero es una de las enfermedades bucales m\u00e1s f\u00e1ciles de tratar. <strong>La causa principal de esta afecci\u00f3n es la placa<\/strong>, es decir, esa capa de bacterias blanca, fina y pegajosa que suele formarse constantemente en los dientes y en las enc\u00edas.<\/p>\n\n\n\n<p>Si la placa no se elimina a trav\u00e9s de una buena <a href=\"https:\/\/nutrident.fr\/es\/como-lavarse-los-dientes\/\">t\u00e9cnica del cepillado<\/a> y el uso frecuente de hilo dental, se generan toxinas que producen irritaci\u00f3n en el tejido gingival, lo cual trae consigo una gingivitis. Esto, a su vez, causa irritaci\u00f3n, enrojecimiento e inflamaci\u00f3n de las enc\u00edas.<\/p>\n\n\n\n<p>Es importante resaltar que la gingivitis debe tratarse r\u00e1pidamente para minimizar los da\u00f1os. Si no se trata adecuadamente, puede traer como consecuencia una enfermedad de las enc\u00edas mucho m\u00e1s grave, como por ejemplo, la <strong>periodontitis<\/strong> e incluso la <strong>p\u00e9rdida de dientes<\/strong>. De all\u00ed la importancia de la higiene bucal, dado que la causa m\u00e1s frecuente de esta condici\u00f3n es una mala higiene oral.<\/p>\n\n\n\n<p>Los buenos h\u00e1bitos de higiene bucal son de suma importancia para prevenir las diferentes enfermedades dentales. Cepillarse los dientes de dos a tres veces al d\u00eda, as\u00ed como utilizar hilo dental a diario y realizar controles dentales frecuentemente, son procedimientos que pueden evitar o revertir la gingivitis o cualquier otra enfermedad bucal.<\/p>\n\n\n\n<h2><span class=\"ez-toc-section\" id=\"Causas_de_la_gingivitis\"><\/span>Causas de la gingivitis<span class=\"ez-toc-section-end\"><\/span><\/h2>\n\n\n<div class=\"wp-block-image\">\n<figure class=\"alignright\"><img width=\"300\" height=\"200\" src=\"https:\/\/nutrident.fr\/wp-content\/uploads\/2021\/01\/iStock-940926002-300x200.jpg\" alt=\"el sangrado de encias\" class=\"wp-image-8248\" srcset=\"https:\/\/nutrident.fr\/wp-content\/uploads\/2021\/01\/iStock-940926002-300x200.jpg 300w, https:\/\/nutrident.fr\/wp-content\/uploads\/2021\/01\/iStock-940926002-1024x683.jpg 1024w, https:\/\/nutrident.fr\/wp-content\/uploads\/2021\/01\/iStock-940926002-768x512.jpg 768w, https:\/\/nutrident.fr\/wp-content\/uploads\/2021\/01\/iStock-940926002-1080x720.jpg 1080w, https:\/\/nutrident.fr\/wp-content\/uploads\/2021\/01\/iStock-940926002-980x653.jpg 980w, https:\/\/nutrident.fr\/wp-content\/uploads\/2021\/01\/iStock-940926002-480x320.jpg 480w, https:\/\/nutrident.fr\/wp-content\/uploads\/2021\/01\/iStock-940926002.jpg 1254w\" sizes=\"(max-width: 300px) 100vw, 300px\" \/><\/figure><\/div>\n\n\n<p>La gingivitis se desarrolla principalmente debido a una higiene bucal deficiente que contribuye a la formaci\u00f3n de placa dental. La placa dental es un material pegajoso compuesto por <strong>bacterias, mocos y residuos de alimentos<\/strong> que se acumulan en los dientes y causan la inflamaci\u00f3n del tejido de las enc\u00edas que los rodean.<\/p>\n\n\n\n<p>Si la placa no se elimina con el paso del tiempo se convertir\u00e1 en un dep\u00f3sito denominado <a href=\"https:\/\/nutrident.fr\/es\/limpieza-dental\/\" target=\"_blank\" data-type=\"URL\" data-id=\"https:\/\/nutrident.fr\/es\/limpieza-dental\/\" rel=\"noreferrer noopener\">sarro dental<\/a> o c\u00e1lculo dental que se queda atrapado entre los dientes. Ambos factores <strong>irritan e inflaman las enc\u00edas<\/strong> debido a la presencia de bacterias y toxinas que producen inflamaci\u00f3n y una mayor sensibilidad.<\/p>\n\n\n\n<p>Adem\u00e1s de los factores ya mencionados, existen otras causas que tambi\u00e9n pueden acelerar la aparici\u00f3n de la gingivitis, como lo son:<\/p>\n\n\n\n<ul><li>Algunas infecciones y enfermedades en todo el cuerpo<\/li><li>Diabetes no controlada<\/li><li><a href=\"https:\/\/nutrident.fr\/es\/tabaco\/\" target=\"_blank\" data-type=\"URL\" data-id=\"https:\/\/nutrident.fr\/es\/tabaco\/\" rel=\"noreferrer noopener\">Tabaquismo<\/a><\/li><li>Cambios hormonales (embarazo)<\/li><li>Algunos medicamentos pueden causar sensibilidad en los dientes<\/li><\/ul>\n\n\n\n<h2><span class=\"ez-toc-section\" id=\"Factores_de_riesgo\"><\/span>Factores de riesgo<span class=\"ez-toc-section-end\"><\/span><\/h2>\n\n\n\n<p>Algunas personas son mucho m\u00e1s susceptibles a padecer gingivitis. Dentro de ella se encuentran:<\/p>\n\n\n\n<ul><li>Mujeres con cambios hormonales debido a la <strong>ingesta de p\u00edldoras anticonceptivas<\/strong> o en <strong>etapa de <a href=\"https:\/\/nutrident.fr\/es\/menopausia-salud-dental\/\" target=\"_blank\" data-type=\"URL\" data-id=\"https:\/\/nutrident.fr\/es\/menopausia-salud-dental\/\" rel=\"noreferrer noopener\">menopausia<\/a><\/strong>. Los cambios hormonales en las mujeres con frecuencia hacen que las enc\u00edas sean mucho m\u00e1s sensibles y vulnerables a sufrir enfermedades dentales<\/li><li>Mujeres con cambios hormonales a causa del<strong> embarazo<\/strong>. Los cambios hormonales son muy frecuentes en las mujeres, sobre todo en el <a href=\"https:\/\/nutrident.fr\/es\/dientes-y-embarazo\/\" target=\"_blank\" data-type=\"URL\" data-id=\"https:\/\/nutrident.fr\/es\/dientes-y-embarazo\/\" rel=\"noreferrer noopener\">lapso de embarazo<\/a>, por ello, el sangrado en las enc\u00edas, la gingivitis hipertr\u00f3fica localizada, son afecciones recurrentes en las mujeres en estado.<\/li><li><strong>Personas fumadoras<\/strong>. La mitad de las personas que padecen enfermedades dentales como la gingivitis son fumadores activos.<\/li><li><strong>Personas que padecen diabetes no controlada<\/strong>. Es de suma importancias que las personas que padecen <a href=\"https:\/\/nutrident.fr\/es\/diabetes-y-dientes\/\" target=\"_blank\" data-type=\"URL\" data-id=\"https:\/\/nutrident.fr\/es\/diabetes-y-dientes\/\" rel=\"noreferrer noopener\">diabetes<\/a> sean mucho m\u00e1s cautelosas y mantengan un constante control odontol\u00f3gico, ya que debido a la diabetes son m\u00e1s fr\u00e1giles ante los ataques bacterianos e infecciosos.<\/li><\/ul>\n\n\n\n<p>Existen otros factores de riesgo que tambi\u00e9n pueden ser causantes de enfermedades periodontales, por ejemplo:<\/p>\n\n\n<div class=\"wp-block-image\">\n<figure class=\"alignright size-large is-resized\"><img src=\"https:\/\/nutrident.fr\/wp-content\/uploads\/2023\/02\/gingivitis-1024x572.jpg\" alt=\"\" class=\"wp-image-20211\" width=\"300\" height=\"200\"\/><\/figure><\/div>\n\n\n<ul><li>Los <strong>rellenos dentales<\/strong> pueden causar afecciones dentales, as\u00ed como las restauraciones dentales que no est\u00e1n bien ajustadas o los dientes torcidos que son dif\u00edciles de limpiar<\/li><li>La higiene bucal deficiente en pacientes con <strong>ortodoncia<\/strong><\/li><li>Las <strong>enfermedades que afectan el sistema inmunitario<\/strong>, como la leucemia, el VIH\/sida o el tratamiento oncol\u00f3gico<\/li><\/ul>\n\n\n\n<h2><span class=\"ez-toc-section\" id=\"%C2%BFEs_contagiosa_la_gingivitis\"><\/span>\u00bfEs contagiosa la gingivitis?<span class=\"ez-toc-section-end\"><\/span><\/h2>\n\n\n\n<p>La gingivitis es una afecci\u00f3n dental producida por bacterias, por ende, las personas que son m\u00e1s propensas a contagiarse son las que padecen alguna de las condiciones antes mencionadas u otra <strong>enfermedad que disminuya la inmunidad<\/strong> de la persona, ya que son m\u00e1s vulnerables al paso de bacterias a trav\u00e9s del contacto con la saliva.<\/p>\n\n\n\n<p>Ahora bien, la gingivitis <strong>s\u00ed se puede propagar a trav\u00e9s del contacto<\/strong>, al besar a una persona que la padezca o al compartir art\u00edculos de higiene que hayan estado en contacto con la persona afectada.<\/p>\n\n\n\n<h2><span class=\"ez-toc-section\" id=\"Sintomas_de_la_gingivitis\"><\/span>S\u00edntomas de la gingivitis<span class=\"ez-toc-section-end\"><\/span><\/h2>\n\n\n\n<p>Cuando las enc\u00edas est\u00e1n saludables son de un color rosa p\u00e1lido, son firmes y se encuentran bien sujetas alrededor de los dientes. Por ello, identificar los s\u00edntomas de una enfermedad gingival es algo sencillo. Los signos y s\u00edntomas de la gingivitis incluyen:<\/p>\n\n\n\n<ul><li>Enc\u00edas inflamadas<\/li><li>Enc\u00edas de color rojo oscuro o viol\u00e1ceo<\/li><li>Sangrado de las enc\u00edas durante el cepillado, el uso del hilo dental o durante las comidas<\/li><li><a href=\"https:\/\/nutrident.fr\/es\/halitosis\/\" target=\"_blank\" data-type=\"URL\" data-id=\"https:\/\/nutrident.fr\/es\/halitosis\/\" rel=\"noreferrer noopener\">Mal aliento<\/a><\/li><li><a href=\"https:\/\/nutrident.fr\/es\/aflojamiento-de-los-dientes\/\" target=\"_blank\" data-type=\"URL\" data-id=\"https:\/\/nutrident.fr\/es\/aflojamiento-de-los-dientes\/\" rel=\"noreferrer noopener\">Enc\u00edas retra\u00eddas<\/a>, es decir, cuando las enc\u00edas tienden a separarse del diente, dejando ver la ra\u00edz<\/li><li>Enc\u00edas sensibles al fr\u00edo o al calor<\/li><li>Mal sabor en la boca<\/li><\/ul>\n\n\n\n<p>La gingivitis <strong>no produce ning\u00fan tipo de dolor<\/strong> hasta llegar a un estado sumamente avanzado. Esto ocasiona que su diagn\u00f3stico sea m\u00e1s tard\u00edo, pues no se cuenta con s\u00edntomas tan urgentes.<\/p>\n\n\n\n<p>Asimismo, el avance de la enfermedad periodontal puede traer consigo nuevos s\u00edntomas o afecciones mucho m\u00e1s delicadas, como por ejemplo la <strong>p\u00e9rdida de una de las piezas dentales<\/strong> o la <strong>presencia de pus<\/strong> en el espacio interdental y la enc\u00eda, lo cual significa que existe un absceso o una infecci\u00f3n.<\/p>\n\n\n\n<h2><span class=\"ez-toc-section\" id=\"%C2%BFQue_debes_hacer_en_el_caso_de_que_te_sangren_las_encias\"><\/span>\u00bfQu\u00e9 debes hacer en el caso de que te sangren las enc\u00edas?<span class=\"ez-toc-section-end\"><\/span><\/h2>\n\n\n<div class=\"wp-block-image\">\n<figure class=\"alignright size-large is-resized\"><img src=\"https:\/\/nutrident.fr\/wp-content\/uploads\/2023\/02\/inflamacion-de-encias-1024x682.jpg\" alt=\"\" class=\"wp-image-20214\" width=\"300\" height=\"200\" srcset=\"https:\/\/nutrident.fr\/wp-content\/uploads\/2023\/02\/inflamacion-de-encias-1024x682.jpg 1024w, https:\/\/nutrident.fr\/wp-content\/uploads\/2023\/02\/inflamacion-de-encias-300x200.jpg 300w, https:\/\/nutrident.fr\/wp-content\/uploads\/2023\/02\/inflamacion-de-encias-768x512.jpg 768w, https:\/\/nutrident.fr\/wp-content\/uploads\/2023\/02\/inflamacion-de-encias-1536x1024.jpg 1536w, https:\/\/nutrident.fr\/wp-content\/uploads\/2023\/02\/inflamacion-de-encias-254x169.jpg 254w, https:\/\/nutrident.fr\/wp-content\/uploads\/2023\/02\/inflamacion-de-encias.jpg 2000w\" sizes=\"(max-width: 300px) 100vw, 300px\" \/><\/figure><\/div>\n\n\n<p>Lo m\u00e1s recomendables es <strong>acudir al dentista<\/strong> al notar que te sangran las enc\u00edas, pues es \u00e9l quien puede realizar una adecuada revisi\u00f3n para saber la causa del sangrado. En ocasiones creemos que si nos sangran las enc\u00edas es simplemente por tener una mala t\u00e9cnica del cepillado o porque nos cepillamos muy fuerte.<\/p>\n\n\n\n<p>Sin embargo, no tenemos la certeza de que esto sea as\u00ed. Por ello, lo m\u00e1s conveniente es realizar visitas peri\u00f3dicas al dentista, dado que podemos estar padeciendo de gingivitis. La prevenci\u00f3n y el tratamiento a tiempo son los aspectos que marcan la diferencia y evitan consecuencias mayores.<\/p>\n\n\n\n<h2><span class=\"ez-toc-section\" id=\"Medidas_para_prevenir_la_gingivitis\"><\/span>Medidas para prevenir la gingivitis<span class=\"ez-toc-section-end\"><\/span><\/h2>\n\n\n\n<p>Existen diversa herramientas o m\u00e9todos para evitar la gingivitis y cualquier otra afecci\u00f3n dental. Mantener una <strong>adecuada higiene bucal<\/strong> es la base para conservar una buena salud oral. Adem\u00e1s, poner en pr\u00e1ctica ciertas medidas contribuye a este proceso. Por ejemplo:<\/p>\n\n\n\n<ul><li>Cepillarse frecuentemente los dientes por los menos despu\u00e9s de cada comida o <strong>dos veces al d\u00eda<\/strong>, durante dos o tres minutos como m\u00ednimo<\/li><li>Usar una pasta dental adecuada<\/li><li>Usar de forma <strong>frecuente el hilo dental<\/strong>, al menos una vez al d\u00eda<\/li><li>Hacer uso de enjuague bucal<\/li><li>Utilizar un <strong>irrigador dental<\/strong> para limpiar los lugares m\u00e1s dif\u00edciles<\/li><li>Cambiar frecuentemente el cepillo dental<\/li><li>Mantener una higiene bucal adecuada si eres un paciente con ortodoncia<\/li><li>Evitar fumar<\/li><li>Realizar visitas peri\u00f3dicas al dentista<\/li><\/ul>\n\n\n\n<p>Aprender a cepillarse los dientes correctamente es fundamental, pues este es el punto de partida para evitar no solo la gingivitis, sino cualquier otra afecci\u00f3n dental. Tambi\u00e9n es necesario usar correctamente el hilo dental para mantener una salud bucal \u00f3ptima.<\/p>\n\n\n\n<figure class=\"wp-block-embed is-type-video is-provider-youtube wp-block-embed-youtube wp-embed-aspect-16-9 wp-has-aspect-ratio\"><div class=\"wp-block-embed__wrapper\">\n<iframe title=\"\u00bfPor qu\u00e9 sangran las enc\u00edas? Tratamiento de la gingivitis.\" width=\"500\" height=\"281\" src=\"https:\/\/www.youtube.com\/embed\/ietko4yi0JY?feature=oembed\" frameborder=\"0\" allow=\"accelerometer; autoplay; clipboard-write; encrypted-media; gyroscope; picture-in-picture; web-share\" allowfullscreen><\/iframe>\n<\/div><\/figure>\n\n\n\n<h2><span class=\"ez-toc-section\" id=\"Preguntas_frecuentes\"><\/span>Preguntas frecuentes<span class=\"ez-toc-section-end\"><\/span><\/h2>\n\n\n<div id=\"rank-math-faq\" class=\"rank-math-block\">\n<div class=\"rank-math-list \">\n<div id=\"faq-question-1686292939937\" class=\"rank-math-list-item\">\n<h3 class=\"rank-math-question \">\u00bfC\u00f3mo puedo eliminar la gingivitis?<\/h3>\n<div class=\"rank-math-answer \">\n\n<p>Lo principal es asistir al dentista, pues a trav\u00e9s de una adecuada revisi\u00f3n el especialista proceder\u00e1 a realizar una limpieza dental que eliminar\u00e1 la placa dental o el sarro, que son los causantes de la gingivitis.<\/p>\n\n<\/div>\n<\/div>\n<div id=\"faq-question-1686292944802\" class=\"rank-math-list-item\">\n<h3 class=\"rank-math-question \">\u00bfC\u00f3mo prevenir la gingivitis?<\/h3>\n<div class=\"rank-math-answer \">\n\n<p>Los malos h\u00e1bitos y una higiene bucal deficiente son algunas de las principales causas de la gingivitis. Mejorar los h\u00e1bitos de higiene es la mejor manera de prevenir cualquier enfermedad periodontal: cepillarse correctamente los dientes (dos o tres veces al d\u00eda), el uso frecuente del hilo dental y, sobre todo, visitar peri\u00f3dicamente al dentista.<\/p>\n\n<\/div>\n<\/div>\n<\/div>\n<\/div><div class=\"article-data before-content\"><div class=\"article-data__date\"><div class=\"article-data__date-modified\"><time class=\"published\" datetime=\"2023-06-09T06:54:35+00:00\">This article was originally published on&nbsp;<span class=\"2\">junio 9, 2023<\/span>&nbsp;and was most recently updated on&nbsp;<span>junio 13, 2023<\/span><\/time><br><\/div><\/div><\/div><div class=\"user-info\">    <div class=\"user-info__body\">\r\n      <div class=\"user-info__caption\"><span>Contributors:<\/span><\/div>\r\n\t\t\t        <div class=\"user-info__wrap \">\r\n          <div class=\"user-info__data\">\r\n            <div class=\"user-info__data__info\">\r\n              <div class=\"photo\">\r\n\t\t\t\t\t\t\t\t<img width=\"66\" height=\"61\" src=\"https:\/\/nutrident.fr\/wp-content\/uploads\/2023\/06\/unnamed-66x61.jpg\" class=\"attachment-profileImageAuthor size-profileImageAuthor wp-post-image\" alt=\"Dr Abel Jes\u00fas Pederzoli\" loading=\"lazy\" srcset=\"https:\/\/nutrident.fr\/wp-content\/uploads\/2023\/06\/unnamed-66x61.jpg 66w, https:\/\/nutrident.fr\/wp-content\/uploads\/2023\/06\/unnamed-300x279.jpg 300w, https:\/\/nutrident.fr\/wp-content\/uploads\/2023\/06\/unnamed-1024x952.jpg 1024w, https:\/\/nutrident.fr\/wp-content\/uploads\/2023\/06\/unnamed-768x714.jpg 768w, https:\/\/nutrident.fr\/wp-content\/uploads\/2023\/06\/unnamed-204x190.jpg 204w, https:\/\/nutrident.fr\/wp-content\/uploads\/2023\/06\/unnamed-120x112.jpg 120w, https:\/\/nutrident.fr\/wp-content\/uploads\/2023\/06\/unnamed.jpg 1125w\" sizes=\"(max-width: 66px) 100vw, 66px\" \/>              <\/div>\r\n              <a href=\"https:\/\/nutrident.fr\/es\/author\/dr-abel-jesus-pederzoli\/\" class=\"name\">Dr Abel Jes\u00fas Pederzoli<\/a>\r\n            <\/div>\r\n            <div class=\"user-info__data__social\">\r\n\t\t\t\t\t\t\t\t\t\t\t\t\t\t\t\t\t\t\t\t\t          <a href=\"https:\/\/clinicaleixample.es\/\"\r\n             class=\"soc-item website\">website<\/a>\r\n\t\t\t\t          <a href=\"http:\/\/linkedin.com\/in\/abel-jes%C3%BAs-pederzoli\"\r\n             class=\"soc-item linkedin\">linkedin<\/a>\r\n\t\t\t\t            <\/div>\r\n          <\/div>\r\n          <div class=\"user-info__description\">\r\n\t\t\t\t\t\t\t\t\t\t\t\t\t<p>Con t\u00edtulos obtenidos en la Facultad de Odontolog\u00eda de la Universidad Nacional de La Plata y una participaci\u00f3n activa en congresos y jornadas, el Dr. Pederzoli se mantiene actualizado en las \u00faltimas t\u00e9cnicas y avances en odontolog\u00eda. Actualmente se encuentra desarrollando un proyecto de consultor\u00eda tecnol\u00f3gica aplicada a cl\u00ednicas dentales.<\/p>\n\t\t\t\t\t\t          <\/div>\r\n        <\/div>\r\n\t\t\t\t    <\/div>\r\n\t<\/div><!--copyscapeskip--><div class=\"medical_references\"><div class=\"medical_references__heading\"><span>Fuentes M\u00e9dicas<\/span><\/div><div class=\"medical_references__list\"><p><strong>Mayo Clinic<\/strong>: <a target=\"\" rel=\"\">Gingivitis<\/a>. Consultado el 23 de febrero de 2023.<\/p>\n<p><strong>Medical News Today<\/strong>: <a target=\"\" rel=\"\">Causes and Treatment of Gingivitis<\/a>. Consultado el 23 de febrero de 2023.<\/p>\n<\/div><\/div><!--\/copyscapeskip-->","protected":false},"excerpt":{"rendered":"<p>Contributor:&nbsp; Dr Abel Jes\u00fas Pederzoli Updated:&nbsp;junio 13, 2023 Si sufres de sangrado de enc\u00edas, es crucial prestar atenci\u00f3n a esta afecci\u00f3n y tomar medidas preventivas para evitar consecuencias irreparables en tu salud bucal. La gingivitis, o inflamaci\u00f3n de las enc\u00edas, es una de las enfermedades que pueden afectar significativamente tus dientes si no se le [&hellip;]<\/p>\n","protected":false},"author":10,"featured_media":8237,"parent":0,"menu_order":0,"comment_status":"closed","ping_status":"closed","template":"","meta":{"inline_featured_image":false},"acf":[],"_links":{"self":[{"href":"https:\/\/nutrident.fr\/es\/wp-json\/wp\/v2\/pages\/21635"}],"collection":[{"href":"https:\/\/nutrident.fr\/es\/wp-json\/wp\/v2\/pages"}],"about":[{"href":"https:\/\/nutrident.fr\/es\/wp-json\/wp\/v2\/types\/page"}],"author":[{"embeddable":true,"href":"https:\/\/nutrident.fr\/es\/wp-json\/wp\/v2\/users\/10"}],"replies":[{"embeddable":true,"href":"https:\/\/nutrident.fr\/es\/wp-json\/wp\/v2\/comments?post=21635"}],"version-history":[{"count":5,"href":"https:\/\/nutrident.fr\/es\/wp-json\/wp\/v2\/pages\/21635\/revisions"}],"predecessor-version":[{"id":22058,"href":"https:\/\/nutrident.fr\/es\/wp-json\/wp\/v2\/pages\/21635\/revisions\/22058"}],"wp:featuredmedia":[{"embeddable":true,"href":"https:\/\/nutrident.fr\/es\/wp-json\/wp\/v2\/media\/8237"}],"wp:attachment":[{"href":"https:\/\/nutrident.fr\/es\/wp-json\/wp\/v2\/media?parent=21635"}],"curies":[{"name":"wp","href":"https:\/\/api.w.org\/{rel}","templated":true}]}}