

{"id":7894,"date":"2020-12-30T14:32:22","date_gmt":"2020-12-30T14:32:22","guid":{"rendered":"https:\/\/nutrident.fr\/?page_id=7894"},"modified":"2023-06-15T21:13:29","modified_gmt":"2023-06-15T21:13:29","slug":"contacto","status":"publish","type":"page","link":"https:\/\/nutrident.fr\/es\/contacto\/","title":{"rendered":"P\u00f3ngase en contacto con nosotros con sus preguntas y comentarios"},"content":{"rendered":"<div class=\"meta\"><div class=\"meta__users\"><\/div><div class=\"meta__date-modified\">Updated:&nbsp;<span>junio 15, 2023<\/span><\/div><\/div>\n<p>Cada vez son m\u00e1s los que nos siguen en <a href=\"https:\/\/nutrident.fr\/es\/\">nutrident.com<\/a> y les agradecemos su apoyo.<\/p>\n\n\n\n<p>Queremos proporcionarle la mejor informaci\u00f3n posible para que pueda encontrar la soluci\u00f3n m\u00e1s adecuada.<\/p>\n\n\n\n<p>Nuestro sitio es de car\u00e1cter informativo y no sustituye la consulta con un profesional de la salud.<\/p>\n\n\n\n<h4><strong>Lectores<\/strong><\/h4>\n\n\n<div class=\"wp-block-image\">\n<figure class=\"alignleft\"><img width=\"300\" height=\"200\" src=\"https:\/\/nutrident.fr\/wp-content\/uploads\/2021\/01\/markus-winkler-afW1hht0NSs-unsplash-300x200.jpg\" alt=\"\" class=\"wp-image-7991\" srcset=\"https:\/\/nutrident.fr\/wp-content\/uploads\/2021\/01\/markus-winkler-afW1hht0NSs-unsplash-300x200.jpg 300w, https:\/\/nutrident.fr\/wp-content\/uploads\/2021\/01\/markus-winkler-afW1hht0NSs-unsplash-480x320.jpg 480w, https:\/\/nutrident.fr\/wp-content\/uploads\/2021\/01\/markus-winkler-afW1hht0NSs-unsplash.jpg 750w\" sizes=\"(max-width: 300px) 100vw, 300px\" \/><\/figure><\/div>\n\n\n<p>Si tiene alguna pregunta o quiere compartir su experiencia o hacer una recomendaci\u00f3n, p\u00f3ngase en contacto con nosotros en <a href=\"mailto:admin@nutrident.fr\">info@nutrident.fr<\/a><\/p>\n\n\n\n<h4>&nbsp;<\/h4>\n\n\n\n<h4><strong>Socios<\/strong><\/h4>\n\n\n<div class=\"wp-block-image\">\n<figure class=\"alignleft\"><img width=\"150\" height=\"150\" src=\"https:\/\/nutrident.fr\/wp-content\/uploads\/2021\/01\/claudio-schwarz-purzlbaum-k39RGHmLoV8-unsplash-150x150.jpg\" alt=\"Asociaci\u00f3n nutrident.co.uk\" class=\"wp-image-7994\"\/><\/figure><\/div>\n\n\n<p>Si dirige una cl\u00ednica dental, o si desea establecer una asociaci\u00f3n porque su producto o servicio podr\u00eda beneficiar a nuestros lectores, p\u00f3ngase en contacto con nosotros en <a href=\"mailto:info@nutrident.fr\">info@nutrident.fr<\/a><\/p>\n\n\n\n<p>Estaremos encantados de probar su producto o servicio.<\/p>\n\n\n\n<h4><strong>\u00a1Disfrute de la lectura en Nutrident.es!<\/strong><\/h4>\n<div class=\"article-data before-content\"><div class=\"article-data__date\"><div class=\"article-data__date-modified\"><time class=\"published\" datetime=\"2020-12-30T14:32:22+00:00\">This article was originally published on&nbsp;<span class=\"2\">diciembre 30, 2020<\/span>&nbsp;and was most recently updated on&nbsp;<span>junio 15, 2023<\/span><\/time><br><\/div><\/div><\/div><div class=\"user-info\"><\/div>","protected":false},"excerpt":{"rendered":"<p>Updated:&nbsp;junio 15, 2023 Cada vez son m\u00e1s los que nos siguen en nutrident.com y les agradecemos su apoyo. Queremos proporcionarle la mejor informaci\u00f3n posible para que pueda encontrar la soluci\u00f3n m\u00e1s adecuada. Nuestro sitio es de car\u00e1cter informativo y no sustituye la consulta con un profesional de la salud. Lectores Si tiene alguna pregunta o [&hellip;]<\/p>\n","protected":false},"author":2,"featured_media":0,"parent":0,"menu_order":0,"comment_status":"closed","ping_status":"closed","template":"","meta":{"inline_featured_image":false},"acf":[],"_links":{"self":[{"href":"https:\/\/nutrident.fr\/es\/wp-json\/wp\/v2\/pages\/7894"}],"collection":[{"href":"https:\/\/nutrident.fr\/es\/wp-json\/wp\/v2\/pages"}],"about":[{"href":"https:\/\/nutrident.fr\/es\/wp-json\/wp\/v2\/types\/page"}],"author":[{"embeddable":true,"href":"https:\/\/nutrident.fr\/es\/wp-json\/wp\/v2\/users\/2"}],"replies":[{"embeddable":true,"href":"https:\/\/nutrident.fr\/es\/wp-json\/wp\/v2\/comments?post=7894"}],"version-history":[{"count":4,"href":"https:\/\/nutrident.fr\/es\/wp-json\/wp\/v2\/pages\/7894\/revisions"}],"predecessor-version":[{"id":22148,"href":"https:\/\/nutrident.fr\/es\/wp-json\/wp\/v2\/pages\/7894\/revisions\/22148"}],"wp:attachment":[{"href":"https:\/\/nutrident.fr\/es\/wp-json\/wp\/v2\/media?parent=7894"}],"curies":[{"name":"wp","href":"https:\/\/api.w.org\/{rel}","templated":true}]}}